{"id":26537,"date":"2025-06-26T12:59:41","date_gmt":"2025-06-26T10:59:41","guid":{"rendered":"https:\/\/9staedte.de\/9las-ciudades-en-lenguaje-sencillo\/"},"modified":"2025-06-26T12:59:41","modified_gmt":"2025-06-26T10:59:41","slug":"9las-ciudades-en-lenguaje-sencillo","status":"publish","type":"page","link":"https:\/\/9staedte.de\/es\/9las-ciudades-en-lenguaje-sencillo\/","title":{"rendered":"9Las ciudades en lenguaje sencillo"},"content":{"rendered":"\n<h2 class=\"wp-block-heading\">\u00bfQu\u00e9 es \u00ab9 ciudades de Baja Sajonia\u00bb?<\/h2>\n\n<h3 class=\"wp-block-heading\">9 ciudades + 2 socios<\/h3>\n\n<p>Se trata de nueve ciudades de Baja Sajonia: Braunschweig, Celle, Gotinga, Goslar, Hameln, Hannover, Hildesheim, Wolfenb\u00fcttel, m\u00e1s la Autostadt de Wolfsburgo y el aeropuerto de Hannover.<\/p>\n\n<h3 class=\"wp-block-heading\">Desde 1984<\/h3>\n\n<p>Las ciudades llevan colaborando desde 1984. Quieren atraer a m\u00e1s visitantes extranjeros a sus ciudades. <\/p>\n\n<div style=\"height:16px\" aria-hidden=\"true\" class=\"wp-block-spacer\"><\/div>\n\n<h2 class=\"wp-block-heading\">\u00bfPor qu\u00e9 trabajan juntos?<\/h2>\n\n<h3 class=\"wp-block-heading\">M\u00e1s concienciaci\u00f3n<\/h3>\n\n<p>Las 9 ciudades de Baja Sajonia son m\u00e1s conocidas juntas que solas. As\u00ed que juntas pueden ser m\u00e1s conocidas y atraer a m\u00e1s visitantes. <\/p>\n\n<h3 class=\"wp-block-heading\">Promover el turismo<\/h3>\n\n<p>El objetivo es: m\u00e1s pernoctaciones y m\u00e1s visitantes. Te anuncias en Europa, por ejemplo en Escandinavia o en Holanda. <\/p>\n\n<div style=\"height:16px\" aria-hidden=\"true\" class=\"wp-block-spacer\"><\/div>\n\n<h2 class=\"wp-block-heading\">\u00bfQu\u00e9 ofrecen?<\/h2>\n\n<h3 class=\"wp-block-heading\">Aspectos culturales destacados<\/h3>\n\n<p>Cada lugar tiene algo especial:<\/p>\n\n<ul class=\"wp-block-list\">\n<li>Edificios hist\u00f3ricos<\/li>\n\n\n\n<li>Casas con entramado de madera, castillos, jardines<\/li>\n\n\n\n<li>Monumentos, plazas, iglesias, por ejemplo, lugares declarados Patrimonio de la Humanidad por la UNESCO en Goslar y Hildesheim<\/li>\n<\/ul>\n\n<h3 class=\"wp-block-heading\">eventos<\/h3>\n\n<p>Hay mercados navide\u00f1os, conciertos, festivales, ferias y fiestas de la ciudad.<\/p>\n\n<h3 class=\"wp-block-heading\">Visitas guiadas<\/h3>\n\n<p>Visitas guiadas por la ciudad y recorridos tur\u00edsticos, recorridos en bicicleta, recorridos en canoa. Tambi\u00e9n para grupos, conferencias y audiencias de diversos formatos. <\/p>\n\n<h3 class=\"wp-block-heading\">Para todos los viajeros<\/h3>\n\n<p>Tanto si se trata de un breve recorrido por la ciudad, como de un viaje en familia, para amantes de la cultura o de la naturaleza, todos los grupos encontrar\u00e1n ofertas adecuadas.<\/p>\n\n<div style=\"height:16px\" aria-hidden=\"true\" class=\"wp-block-spacer\"><\/div>\n\n<h2 class=\"wp-block-heading\">\u00bfPor qu\u00e9 es bueno para los visitantes?<\/h2>\n\n<h3 class=\"wp-block-heading\">Descubre muchos lugares<\/h3>\n\n<p>Puedes visitar una ciudad en un d\u00eda, o descubrir muchos lugares.<\/p>\n\n<h3 class=\"wp-block-heading\">Distancias cortas<\/h3>\n\n<p>Las ciudades est\u00e1n cerca unas de otras. Puedes viajar r\u00e1pidamente de una ciudad a otra. <\/p>\n\n<h3 class=\"wp-block-heading\">Diversidad en un espacio reducido<\/h3>\n\n<p>Varias ciudades juntas ofrecen m\u00e1s cultura, historia y experiencias, sin tener que viajar muy lejos.<\/p>\n\n<div style=\"height:16px\" aria-hidden=\"true\" class=\"wp-block-spacer\"><\/div>\n\n<h2 class=\"wp-block-heading\">\u00bfQui\u00e9n hace eso?<\/h2>\n\n<h3 class=\"wp-block-heading\">Organizador<\/h3>\n\n<p>Lo organizan \u00abHannover Marketing und Tourismus GmbH\u00bb y los responsables de turismo de las dem\u00e1s ciudades.<\/p>\n\n<h3 class=\"wp-block-heading\">Socio<\/h3>\n\n<p>Adem\u00e1s de las ciudades, la Autostadt de Wolfsburgo y el aeropuerto de Hannover son socios importantes. Ayudan con el marketing y los desplazamientos al evento. <\/p>\n\n<div style=\"height:16px\" aria-hidden=\"true\" class=\"wp-block-spacer\"><\/div>\n\n<h2 class=\"wp-block-heading\">Resumido en un lenguaje sencillo<\/h2>\n\n<ul class=\"wp-block-list\">\n<li>Nueve ciudades de Baja Sajonia llevan muchos a\u00f1os promocionando conjuntamente el turismo.<\/li>\n\n\n\n<li>Muestran la historia, la cultura, la naturaleza y los acontecimientos en un solo sitio web.<\/li>\n\n\n\n<li>Los visitantes encontrar\u00e1n consejos sobre excursiones, pernoctaciones, viajes en grupo y mercados navide\u00f1os.<\/li>\n\n\n\n<li>Trabajando juntas, las ciudades ahorran dinero y llegan a m\u00e1s hu\u00e9spedes, tambi\u00e9n de Europa.<\/li>\n\n\n\n<li>La regi\u00f3n est\u00e1 bien comunicada. Si visitas una ciudad, puedes visitar f\u00e1cilmente otra. <\/li>\n<\/ul>\n","protected":false},"excerpt":{"rendered":"<p>\u00bfQu\u00e9 es \u00ab9 ciudades de Baja Sajonia\u00bb? 9 ciudades + 2 socios Se trata de nueve ciudades de Baja Sajonia: Braunschweig, Celle, Gotinga, Goslar, Hameln, Hannover, Hildesheim, Wolfenb\u00fcttel, m\u00e1s la Autostadt de Wolfsburgo y el aeropuerto de Hannover. Desde 1984 Las ciudades llevan colaborando desde 1984. Quieren atraer a m\u00e1s visitantes extranjeros a sus ciudades. [&hellip;]<\/p>\n","protected":false},"author":11,"featured_media":0,"parent":0,"menu_order":0,"comment_status":"closed","ping_status":"closed","template":"","meta":{"_acf_changed":false,"footnotes":""},"categories":[],"tags":[],"ncap_cities_tax":[],"class_list":["post-26537","page","type-page","status-publish","hentry"],"acf":[],"yoast_head":"<!-- This site is optimized with the Yoast SEO plugin v27.4 - https:\/\/yoast.com\/product\/yoast-seo-wordpress\/ -->\n<title>9Las ciudades en lenguaje sencillo - 9 St\u00e4dte in Niedersachsen<\/title>\n<meta name=\"robots\" content=\"index, follow, max-snippet:-1, max-image-preview:large, max-video-preview:-1\" \/>\n<link rel=\"canonical\" href=\"https:\/\/9staedte.de\/es\/9las-ciudades-en-lenguaje-sencillo\/\" \/>\n<meta property=\"og:locale\" content=\"es_ES\" \/>\n<meta property=\"og:type\" content=\"article\" \/>\n<meta property=\"og:title\" content=\"9Las ciudades en lenguaje sencillo - 9 St\u00e4dte in Niedersachsen\" \/>\n<meta property=\"og:description\" content=\"\u00bfQu\u00e9 es \u00ab9 ciudades de Baja Sajonia\u00bb? 9 ciudades + 2 socios Se trata de nueve ciudades de Baja Sajonia: Braunschweig, Celle, Gotinga, Goslar, Hameln, Hannover, Hildesheim, Wolfenb\u00fcttel, m\u00e1s la Autostadt de Wolfsburgo y el aeropuerto de Hannover. Desde 1984 Las ciudades llevan colaborando desde 1984. Quieren atraer a m\u00e1s visitantes extranjeros a sus ciudades. [&hellip;]\" \/>\n<meta property=\"og:url\" content=\"https:\/\/9staedte.de\/es\/9las-ciudades-en-lenguaje-sencillo\/\" \/>\n<meta property=\"og:site_name\" content=\"9 St\u00e4dte in Niedersachsen\" \/>\n<meta name=\"twitter:card\" content=\"summary_large_image\" \/>\n<meta name=\"twitter:label1\" content=\"Tiempo de lectura\" \/>\n\t<meta name=\"twitter:data1\" content=\"2 minutos\" \/>\n<script type=\"application\/ld+json\" class=\"yoast-schema-graph\">{\"@context\":\"https:\\\/\\\/schema.org\",\"@graph\":[{\"@type\":\"WebPage\",\"@id\":\"https:\\\/\\\/9staedte.de\\\/es\\\/9las-ciudades-en-lenguaje-sencillo\\\/\",\"url\":\"https:\\\/\\\/9staedte.de\\\/es\\\/9las-ciudades-en-lenguaje-sencillo\\\/\",\"name\":\"9Las ciudades en lenguaje sencillo - 9 St\u00e4dte in Niedersachsen\",\"isPartOf\":{\"@id\":\"https:\\\/\\\/9staedte.de\\\/es\\\/#website\"},\"datePublished\":\"2025-06-26T10:59:41+00:00\",\"breadcrumb\":{\"@id\":\"https:\\\/\\\/9staedte.de\\\/es\\\/9las-ciudades-en-lenguaje-sencillo\\\/#breadcrumb\"},\"inLanguage\":\"es\",\"potentialAction\":[{\"@type\":\"ReadAction\",\"target\":[\"https:\\\/\\\/9staedte.de\\\/es\\\/9las-ciudades-en-lenguaje-sencillo\\\/\"]}]},{\"@type\":\"BreadcrumbList\",\"@id\":\"https:\\\/\\\/9staedte.de\\\/es\\\/9las-ciudades-en-lenguaje-sencillo\\\/#breadcrumb\",\"itemListElement\":[{\"@type\":\"ListItem\",\"position\":1,\"name\":\"Startseite\",\"item\":\"https:\\\/\\\/9staedte.de\\\/es\\\/\"},{\"@type\":\"ListItem\",\"position\":2,\"name\":\"9Las ciudades en lenguaje sencillo\"}]},{\"@type\":\"WebSite\",\"@id\":\"https:\\\/\\\/9staedte.de\\\/es\\\/#website\",\"url\":\"https:\\\/\\\/9staedte.de\\\/es\\\/\",\"name\":\"9 St\u00e4dte in Niedersachsen\",\"description\":\"\",\"publisher\":{\"@id\":\"https:\\\/\\\/9staedte.de\\\/es\\\/#organization\"},\"potentialAction\":[{\"@type\":\"SearchAction\",\"target\":{\"@type\":\"EntryPoint\",\"urlTemplate\":\"https:\\\/\\\/9staedte.de\\\/es\\\/?s={search_term_string}\"},\"query-input\":{\"@type\":\"PropertyValueSpecification\",\"valueRequired\":true,\"valueName\":\"search_term_string\"}}],\"inLanguage\":\"es\"},{\"@type\":\"Organization\",\"@id\":\"https:\\\/\\\/9staedte.de\\\/es\\\/#organization\",\"name\":\"9 St\u00e4dte in Niedersachsen\",\"url\":\"https:\\\/\\\/9staedte.de\\\/es\\\/\",\"logo\":{\"@type\":\"ImageObject\",\"inLanguage\":\"es\",\"@id\":\"https:\\\/\\\/9staedte.de\\\/es\\\/#\\\/schema\\\/logo\\\/image\\\/\",\"url\":\"https:\\\/\\\/9staedte.de\\\/wp-content\\\/uploads\\\/2025\\\/01\\\/9-neg-deutsch-2-1.png\",\"contentUrl\":\"https:\\\/\\\/9staedte.de\\\/wp-content\\\/uploads\\\/2025\\\/01\\\/9-neg-deutsch-2-1.png\",\"width\":190,\"height\":114,\"caption\":\"9 St\u00e4dte in Niedersachsen\"},\"image\":{\"@id\":\"https:\\\/\\\/9staedte.de\\\/es\\\/#\\\/schema\\\/logo\\\/image\\\/\"}}]}<\/script>\n<!-- \/ Yoast SEO plugin. -->","yoast_head_json":{"title":"9Las ciudades en lenguaje sencillo - 9 St\u00e4dte in Niedersachsen","robots":{"index":"index","follow":"follow","max-snippet":"max-snippet:-1","max-image-preview":"max-image-preview:large","max-video-preview":"max-video-preview:-1"},"canonical":"https:\/\/9staedte.de\/es\/9las-ciudades-en-lenguaje-sencillo\/","og_locale":"es_ES","og_type":"article","og_title":"9Las ciudades en lenguaje sencillo - 9 St\u00e4dte in Niedersachsen","og_description":"\u00bfQu\u00e9 es \u00ab9 ciudades de Baja Sajonia\u00bb? 9 ciudades + 2 socios Se trata de nueve ciudades de Baja Sajonia: Braunschweig, Celle, Gotinga, Goslar, Hameln, Hannover, Hildesheim, Wolfenb\u00fcttel, m\u00e1s la Autostadt de Wolfsburgo y el aeropuerto de Hannover. Desde 1984 Las ciudades llevan colaborando desde 1984. Quieren atraer a m\u00e1s visitantes extranjeros a sus ciudades. [&hellip;]","og_url":"https:\/\/9staedte.de\/es\/9las-ciudades-en-lenguaje-sencillo\/","og_site_name":"9 St\u00e4dte in Niedersachsen","twitter_card":"summary_large_image","twitter_misc":{"Tiempo de lectura":"2 minutos"},"schema":{"@context":"https:\/\/schema.org","@graph":[{"@type":"WebPage","@id":"https:\/\/9staedte.de\/es\/9las-ciudades-en-lenguaje-sencillo\/","url":"https:\/\/9staedte.de\/es\/9las-ciudades-en-lenguaje-sencillo\/","name":"9Las ciudades en lenguaje sencillo - 9 St\u00e4dte in Niedersachsen","isPartOf":{"@id":"https:\/\/9staedte.de\/es\/#website"},"datePublished":"2025-06-26T10:59:41+00:00","breadcrumb":{"@id":"https:\/\/9staedte.de\/es\/9las-ciudades-en-lenguaje-sencillo\/#breadcrumb"},"inLanguage":"es","potentialAction":[{"@type":"ReadAction","target":["https:\/\/9staedte.de\/es\/9las-ciudades-en-lenguaje-sencillo\/"]}]},{"@type":"BreadcrumbList","@id":"https:\/\/9staedte.de\/es\/9las-ciudades-en-lenguaje-sencillo\/#breadcrumb","itemListElement":[{"@type":"ListItem","position":1,"name":"Startseite","item":"https:\/\/9staedte.de\/es\/"},{"@type":"ListItem","position":2,"name":"9Las ciudades en lenguaje sencillo"}]},{"@type":"WebSite","@id":"https:\/\/9staedte.de\/es\/#website","url":"https:\/\/9staedte.de\/es\/","name":"9 St\u00e4dte in Niedersachsen","description":"","publisher":{"@id":"https:\/\/9staedte.de\/es\/#organization"},"potentialAction":[{"@type":"SearchAction","target":{"@type":"EntryPoint","urlTemplate":"https:\/\/9staedte.de\/es\/?s={search_term_string}"},"query-input":{"@type":"PropertyValueSpecification","valueRequired":true,"valueName":"search_term_string"}}],"inLanguage":"es"},{"@type":"Organization","@id":"https:\/\/9staedte.de\/es\/#organization","name":"9 St\u00e4dte in Niedersachsen","url":"https:\/\/9staedte.de\/es\/","logo":{"@type":"ImageObject","inLanguage":"es","@id":"https:\/\/9staedte.de\/es\/#\/schema\/logo\/image\/","url":"https:\/\/9staedte.de\/wp-content\/uploads\/2025\/01\/9-neg-deutsch-2-1.png","contentUrl":"https:\/\/9staedte.de\/wp-content\/uploads\/2025\/01\/9-neg-deutsch-2-1.png","width":190,"height":114,"caption":"9 St\u00e4dte in Niedersachsen"},"image":{"@id":"https:\/\/9staedte.de\/es\/#\/schema\/logo\/image\/"}}]}},"_links":{"self":[{"href":"https:\/\/9staedte.de\/es\/wp-json\/wp\/v2\/pages\/26537","targetHints":{"allow":["GET"]}}],"collection":[{"href":"https:\/\/9staedte.de\/es\/wp-json\/wp\/v2\/pages"}],"about":[{"href":"https:\/\/9staedte.de\/es\/wp-json\/wp\/v2\/types\/page"}],"author":[{"embeddable":true,"href":"https:\/\/9staedte.de\/es\/wp-json\/wp\/v2\/users\/11"}],"replies":[{"embeddable":true,"href":"https:\/\/9staedte.de\/es\/wp-json\/wp\/v2\/comments?post=26537"}],"version-history":[{"count":1,"href":"https:\/\/9staedte.de\/es\/wp-json\/wp\/v2\/pages\/26537\/revisions"}],"predecessor-version":[{"id":26538,"href":"https:\/\/9staedte.de\/es\/wp-json\/wp\/v2\/pages\/26537\/revisions\/26538"}],"wp:attachment":[{"href":"https:\/\/9staedte.de\/es\/wp-json\/wp\/v2\/media?parent=26537"}],"wp:term":[{"taxonomy":"category","embeddable":true,"href":"https:\/\/9staedte.de\/es\/wp-json\/wp\/v2\/categories?post=26537"},{"taxonomy":"post_tag","embeddable":true,"href":"https:\/\/9staedte.de\/es\/wp-json\/wp\/v2\/tags?post=26537"},{"taxonomy":"ncap_cities_tax","embeddable":true,"href":"https:\/\/9staedte.de\/es\/wp-json\/wp\/v2\/ncap_cities_tax?post=26537"}],"curies":[{"name":"wp","href":"https:\/\/api.w.org\/{rel}","templated":true}]}}