{"id":25218,"date":"2025-04-10T08:59:35","date_gmt":"2025-04-10T06:59:35","guid":{"rendered":"https:\/\/9staedte.de\/unterwegs-durch-die-9-staedte\/"},"modified":"2025-04-10T09:40:44","modified_gmt":"2025-04-10T07:40:44","slug":"unterwegs-durch-die-9-staedte","status":"publish","type":"page","link":"https:\/\/9staedte.de\/es\/unterwegs-durch-die-9-staedte\/","title":{"rendered":"Viajar por las 9 ciudades"},"content":{"rendered":"\n<div class=\"wp-block-columns is-layout-flex wp-container-core-columns-is-layout-9d6595d7 wp-block-columns-is-layout-flex\">\n<div class=\"wp-block-column is-layout-flow wp-block-column-is-layout-flow\">\n<h2 class=\"wp-block-heading has-text-color has-link-color wp-elements-fd6281db6d56f4a011ce368cc6263621\" style=\"color:#003770\">De ciudad en ciudad en bicicleta<\/h2>\n\n\n\n<div class=\"wp-block-group\"><div class=\"wp-block-group__inner-container is-layout-constrained wp-block-group-is-layout-constrained\">\n<p class=\"has-text-color has-link-color wp-elements-bfdab913226c6edd69bd2c2d5e0e8506\" style=\"color:#003770\">Ya sea en un gran recorrido circular o en etapas regionales, \u00a1descubre las <strong>9 ciudades <\/strong>y la Autostadt a tu propio ritmo y gusto! Te esperan monumentos hist\u00f3ricos, encantadores cascos antiguos y delicias culinarias. Muy recomendable: Un desv\u00edo hacia el mundo de la movilidad en la Autostadt <strong>de Wolfsburgo<\/strong>. Haz clic aqu\u00ed para ver nuestra <a href=\"https:\/\/www.komoot.com\/de-de\/collection\/3202001\/auf-zwei-raedern-9-staedte-%2B-2-in-niedersachsen\">Colecci\u00f3n de Bicicletas Komoot<\/a>.   <\/p>\n<\/div><\/div>\n<\/div>\n\n\n\n<div class=\"wp-block-column is-layout-flow wp-block-column-is-layout-flow\">\n<figure class=\"wp-block-image size-full\"><a href=\"https:\/\/www.komoot.com\/de-de\/collection\/3202001\/auf-zwei-raedern-9-staedte-%2B-2-in-niedersachsen\"><img loading=\"lazy\" decoding=\"async\" width=\"663\" height=\"444\" src=\"https:\/\/9staedte.de\/wp-content\/smush-webp\/2025\/03\/9Staedte_Fahrradtour_Collection_Ausschnitt.png.webp\" alt=\"\" class=\"wp-image-24981\" srcset=\"https:\/\/9staedte.de\/wp-content\/smush-webp\/2025\/03\/9Staedte_Fahrradtour_Collection_Ausschnitt.png.webp 663w, https:\/\/9staedte.de\/wp-content\/smush-webp\/2025\/03\/9Staedte_Fahrradtour_Collection_Ausschnitt-300x201.png.webp 300w\" sizes=\"auto, (max-width: 663px) 100vw, 663px\" \/><\/a><\/figure>\n<\/div>\n<\/div>\n\n<h2 class=\"wp-block-heading\">Ciclismo en las 9 ciudades<\/h2>\n    <div class=\"nr-bike-tours-grid\">\n                    <a href=\"https:\/\/9staedte.de\/es\/radtouren\/hannover\/\"\n               class=\"nr-bike-tour\"\n               style=\"background-image:url('https:\/\/9staedte.de\/wp-content\/smush-webp\/2025\/03\/Maschpark-Hannover-c-HMTG-Lars-Gerhardts.jpg.webp');\"\n            >\n                <span class=\"name\">\n                    Hannover                <\/span>\n            <\/a>\n                    <a href=\"https:\/\/9staedte.de\/es\/radtouren\/hameln\/\"\n               class=\"nr-bike-tour\"\n               style=\"background-image:url('https:\/\/9staedte.de\/wp-content\/smush-webp\/2025\/03\/Hameln-Weser-E-Bike-Tour-c-Hameln-Marketing-und-Tourismus-GmbH.jpg.webp');\"\n            >\n                <span class=\"name\">\n                    Hameln                <\/span>\n            <\/a>\n                    <a href=\"https:\/\/9staedte.de\/es\/radtouren\/goslar\/\"\n               class=\"nr-bike-tour\"\n               style=\"background-image:url('https:\/\/9staedte.de\/wp-content\/smush-webp\/2025\/03\/Fahrradtour-durch-die-Goslarer-Altstadt_GOSLAR-marketing-gmbh_Fotograf-diedrehen.jpg.webp');\"\n            >\n                <span class=\"name\">\n                    Goslar                <\/span>\n            <\/a>\n                    <a href=\"https:\/\/9staedte.de\/es\/radtouren\/goettingen\/\"\n               class=\"nr-bike-tour\"\n               style=\"background-image:url('https:\/\/9staedte.de\/wp-content\/smush-webp\/2025\/03\/Goettingen-Johannisstrasse-c-Lars-Gerhardts.jpg.webp');\"\n            >\n                <span class=\"name\">\n                    Goettingen                <\/span>\n            <\/a>\n                    <a href=\"https:\/\/9staedte.de\/es\/radtouren\/celle\/\"\n               class=\"nr-bike-tour\"\n               style=\"background-image:url('https:\/\/9staedte.de\/wp-content\/smush-webp\/2025\/03\/2404_tm_celle_radfahren_Altstadt_Poststrasse-scaled.jpg.webp');\"\n            >\n                <span class=\"name\">\n                    Celle                <\/span>\n            <\/a>\n                    <a href=\"https:\/\/9staedte.de\/es\/radtouren\/braunschweig\/\"\n               class=\"nr-bike-tour\"\n               style=\"background-image:url('https:\/\/9staedte.de\/wp-content\/smush-webp\/2025\/03\/Braunschweig-Radfahrmotiv_2_BSM_Christian_Bierwagen-scaled.jpg.webp');\"\n            >\n                <span class=\"name\">\n                    Braunschweig                <\/span>\n            <\/a>\n                    <a href=\"https:\/\/9staedte.de\/es\/radtouren\/hildesheim\/\"\n               class=\"nr-bike-tour\"\n               style=\"background-image:url('https:\/\/9staedte.de\/wp-content\/smush-webp\/2025\/03\/St-Michaelis-Dagmar-Schwelle.jpg.webp');\"\n            >\n                <span class=\"name\">\n                    Hildesheim                <\/span>\n            <\/a>\n                    <a href=\"https:\/\/9staedte.de\/es\/radtouren\/einbeck\/\"\n               class=\"nr-bike-tour\"\n               style=\"background-image:url('https:\/\/9staedte.de\/wp-content\/smush-webp\/2025\/03\/Einbeck-TangoBruecke-bei-Tag-CC0.jpg.webp');\"\n            >\n                <span class=\"name\">\n                    Einbeck                <\/span>\n            <\/a>\n                    <a href=\"https:\/\/9staedte.de\/es\/radtouren\/wolfenbuettel\/\"\n               class=\"nr-bike-tour\"\n               style=\"background-image:url('https:\/\/9staedte.de\/wp-content\/smush-webp\/2025\/03\/Radfahren-Residenzschloss-Wolfenbuettel-Fotograf-Christian-Bierwagen-Rechte-Lessingstadt-Wolfenbuettel-scaled.jpg.webp');\"\n            >\n                <span class=\"name\">\n                    Wolfenbuettel                <\/span>\n            <\/a>\n            <\/div>\n    \n\n\n<div class=\"banner-wrapper is-info-card\">\n    <h2 class=\"headline\">\n        De ciudad a ciudad en tren    <\/h2>\n    <div class=\"banner-inner\">\n\t\t            <div class=\"img-container\">\n                <div class=\"img-wrapper\">\n                    <img decoding=\"async\" src=\"https:\/\/9staedte.de\/wp-content\/smush-webp\/2025\/04\/DB_Juergen-Hoerstel.jpg.webp\" alt=\"c) DB J\u00fcrgen H\u00f6rstel\"\/>\n\t\t\t\t\t                        <div class=\"thumbnail-label\">\n                            <span>c) DB J\u00fcrgen H\u00f6rstel<\/span>\n                        <\/div>\n\t\t\t\t\t                <\/div>\n            <\/div>\n\t\t\t\t            <div class=\"text-container\">\n                <div class=\"content\">\n\t\t\t\t\t<h3>Viaja f\u00e1cilmente con el Billete de Baja Sajonia<\/h3>\n<p>Explora las 9 ciudades y la Autostadt con hasta cinco personas. El Niedersachsenticket es un billete de un d\u00eda para trenes regionales, autobuses y tranv\u00edas de Baja Sajonia y es ideal para excursiones y viajes de ida y vuelta por las 9 ciudades. Se puede utilizar a partir de las 9 de la ma\u00f1ana entre semana y durante todo el d\u00eda los fines de semana. Disponible en internet, en las m\u00e1quinas expendedoras de billetes o en los centros de viajes DB.   <\/p>\n<p><a href=\"https:\/\/niedersachsenticket.de\/?https%3A%2F%2Fniedersachsenticket_de%2F%3Futm_source=Google&amp;utm_medium=Search&amp;utm_campaign=Google%20Ads%20Traffic&amp;mtm_campaign=Google%20Ads%20Traffic&amp;mtm_source=Google&amp;mtm_medium=Search&amp;gad_source=1&amp;gclid=CjwKCAiA5eC9BhAuEiwA3CKwQtRGEo0rwPLn3WlB1KjFrYOnb6bolHyeZTaHX5bVAYvEngZYTjEBeBoCoDQQAvD_BwE\">Para m\u00e1s informaci\u00f3n<\/a><\/p>\n                <\/div>\n            <\/div>\n\t\t    <\/div>\n<\/div>\n\n\n\n<div class=\"banner-wrapper is-info-card\">\n    <h2 class=\"headline\">\n        Viajar en autocaravana    <\/h2>\n    <div class=\"banner-inner\">\n\t\t            <div class=\"img-container\">\n                <div class=\"img-wrapper\">\n                    <img decoding=\"async\" src=\"https:\/\/9staedte.de\/wp-content\/smush-webp\/2024\/06\/Einbeck-Wohnmobilstellplatz-\u00a9-Stadtwerke-Einbeck-1.jpg.webp\" alt=\"Einbeck-Wohnmobilstellplatz-\u00a9-Stadtwerke-Einbeck-1\"\/>\n\t\t\t\t\t                        <div class=\"thumbnail-label\">\n                            <span>Einbeck-Wohnmobilstellplatz-\u00a9-Stadtwerke-Einbeck-1<\/span>\n                        <\/div>\n\t\t\t\t\t                <\/div>\n            <\/div>\n\t\t\t\t            <div class=\"text-container\">\n                <div class=\"content\">\n\t\t\t\t\t<h3 data-start=\"105\" data-end=\"162\">En autocaravana por las 9 ciudades de Baja Sajonia<\/h3>\n<p class=\"\" data-start=\"164\" data-end=\"947\">Viajar en autocaravana por las 9 ciudades de Baja Sajonia es toda una experiencia para los amantes de la cultura y las ciudades. Gracias a sus bien desarrolladas pistas, modernas infraestructuras y cortas distancias, las ciudades se pueden explorar perfectamente a tu propio ritmo. Hermosos cascos antiguos, lugares de inter\u00e9s culinario, museos apasionantes y acogedoras zonas peatonales te esperan por el camino: ideal para un recorrido flexible y c\u00f3modo en autocaravana.  <\/p>\n<p data-start=\"164\" data-end=\"947\"><a href=\"https:\/\/9staedte.de\/es\/mit-dem-wohnmobil-in-die-9-staedte\/\">M\u00e1s informaci\u00f3n<\/a><\/p>\n                <\/div>\n            <\/div>\n\t\t    <\/div>\n<\/div>\n\n\n<p><\/p>\n","protected":false},"excerpt":{"rendered":"<p>De ciudad en ciudad en bicicleta Ya sea en un gran recorrido circular o en etapas regionales, \u00a1descubre las 9 ciudades y la Autostadt a tu propio ritmo y gusto! Te esperan monumentos hist\u00f3ricos, encantadores cascos antiguos y delicias culinarias. Muy recomendable: Un desv\u00edo hacia el mundo de la movilidad en la Autostadt de Wolfsburgo. [&hellip;]<\/p>\n","protected":false},"author":10,"featured_media":24968,"parent":0,"menu_order":0,"comment_status":"closed","ping_status":"closed","template":"","meta":{"_acf_changed":false,"footnotes":""},"categories":[],"tags":[],"ncap_cities_tax":[],"class_list":["post-25218","page","type-page","status-publish","has-post-thumbnail","hentry"],"acf":[],"yoast_head":"<!-- This site is optimized with the Yoast SEO plugin v26.8 - https:\/\/yoast.com\/product\/yoast-seo-wordpress\/ -->\n<title>Viajar por las 9 ciudades - 9 St\u00e4dte in Niedersachsen<\/title>\n<meta name=\"robots\" content=\"index, follow, max-snippet:-1, max-image-preview:large, max-video-preview:-1\" \/>\n<link rel=\"canonical\" href=\"https:\/\/9staedte.de\/es\/unterwegs-durch-die-9-staedte\/\" \/>\n<meta property=\"og:locale\" content=\"es_ES\" \/>\n<meta property=\"og:type\" content=\"article\" \/>\n<meta property=\"og:title\" content=\"Viajar por las 9 ciudades - 9 St\u00e4dte in Niedersachsen\" \/>\n<meta property=\"og:description\" content=\"De ciudad en ciudad en bicicleta Ya sea en un gran recorrido circular o en etapas regionales, \u00a1descubre las 9 ciudades y la Autostadt a tu propio ritmo y gusto! Te esperan monumentos hist\u00f3ricos, encantadores cascos antiguos y delicias culinarias. Muy recomendable: Un desv\u00edo hacia el mundo de la movilidad en la Autostadt de Wolfsburgo. [&hellip;]\" \/>\n<meta property=\"og:url\" content=\"https:\/\/9staedte.de\/es\/unterwegs-durch-die-9-staedte\/\" \/>\n<meta property=\"og:site_name\" content=\"9 St\u00e4dte in Niedersachsen\" \/>\n<meta property=\"article:modified_time\" content=\"2025-04-10T07:40:44+00:00\" \/>\n<meta property=\"og:image\" content=\"https:\/\/9staedte.de\/wp-content\/uploads\/2025\/03\/Radfahren-in-Hannover_Lars-Gerhardts-75-scaled.jpg\" \/>\n\t<meta property=\"og:image:width\" content=\"1200\" \/>\n\t<meta property=\"og:image:height\" content=\"870\" \/>\n\t<meta property=\"og:image:type\" content=\"image\/jpeg\" \/>\n<meta name=\"twitter:card\" content=\"summary_large_image\" \/>\n<meta name=\"twitter:label1\" content=\"Tiempo de lectura\" \/>\n\t<meta name=\"twitter:data1\" content=\"1 minuto\" \/>\n<script type=\"application\/ld+json\" class=\"yoast-schema-graph\">{\"@context\":\"https:\/\/schema.org\",\"@graph\":[{\"@type\":\"WebPage\",\"@id\":\"https:\/\/9staedte.de\/es\/unterwegs-durch-die-9-staedte\/\",\"url\":\"https:\/\/9staedte.de\/es\/unterwegs-durch-die-9-staedte\/\",\"name\":\"Viajar por las 9 ciudades - 9 St\u00e4dte in Niedersachsen\",\"isPartOf\":{\"@id\":\"https:\/\/9staedte.de\/es\/#website\"},\"primaryImageOfPage\":{\"@id\":\"https:\/\/9staedte.de\/es\/unterwegs-durch-die-9-staedte\/#primaryimage\"},\"image\":{\"@id\":\"https:\/\/9staedte.de\/es\/unterwegs-durch-die-9-staedte\/#primaryimage\"},\"thumbnailUrl\":\"https:\/\/9staedte.de\/wp-content\/uploads\/2025\/03\/Radfahren-in-Hannover_Lars-Gerhardts-75-scaled.jpg\",\"datePublished\":\"2025-04-10T06:59:35+00:00\",\"dateModified\":\"2025-04-10T07:40:44+00:00\",\"breadcrumb\":{\"@id\":\"https:\/\/9staedte.de\/es\/unterwegs-durch-die-9-staedte\/#breadcrumb\"},\"inLanguage\":\"es\",\"potentialAction\":[{\"@type\":\"ReadAction\",\"target\":[\"https:\/\/9staedte.de\/es\/unterwegs-durch-die-9-staedte\/\"]}]},{\"@type\":\"ImageObject\",\"inLanguage\":\"es\",\"@id\":\"https:\/\/9staedte.de\/es\/unterwegs-durch-die-9-staedte\/#primaryimage\",\"url\":\"https:\/\/9staedte.de\/wp-content\/uploads\/2025\/03\/Radfahren-in-Hannover_Lars-Gerhardts-75-scaled.jpg\",\"contentUrl\":\"https:\/\/9staedte.de\/wp-content\/uploads\/2025\/03\/Radfahren-in-Hannover_Lars-Gerhardts-75-scaled.jpg\",\"width\":1200,\"height\":870,\"caption\":\"Radfahren in Hannover_Lars Gerhardts (75)\"},{\"@type\":\"BreadcrumbList\",\"@id\":\"https:\/\/9staedte.de\/es\/unterwegs-durch-die-9-staedte\/#breadcrumb\",\"itemListElement\":[{\"@type\":\"ListItem\",\"position\":1,\"name\":\"Startseite\",\"item\":\"https:\/\/9staedte.de\/es\/\"},{\"@type\":\"ListItem\",\"position\":2,\"name\":\"Viajar por las 9 ciudades\"}]},{\"@type\":\"WebSite\",\"@id\":\"https:\/\/9staedte.de\/es\/#website\",\"url\":\"https:\/\/9staedte.de\/es\/\",\"name\":\"9 St\u00e4dte in Niedersachsen\",\"description\":\"\",\"publisher\":{\"@id\":\"https:\/\/9staedte.de\/es\/#organization\"},\"potentialAction\":[{\"@type\":\"SearchAction\",\"target\":{\"@type\":\"EntryPoint\",\"urlTemplate\":\"https:\/\/9staedte.de\/es\/?s={search_term_string}\"},\"query-input\":{\"@type\":\"PropertyValueSpecification\",\"valueRequired\":true,\"valueName\":\"search_term_string\"}}],\"inLanguage\":\"es\"},{\"@type\":\"Organization\",\"@id\":\"https:\/\/9staedte.de\/es\/#organization\",\"name\":\"9 St\u00e4dte in Niedersachsen\",\"url\":\"https:\/\/9staedte.de\/es\/\",\"logo\":{\"@type\":\"ImageObject\",\"inLanguage\":\"es\",\"@id\":\"https:\/\/9staedte.de\/es\/#\/schema\/logo\/image\/\",\"url\":\"https:\/\/9staedte.de\/wp-content\/uploads\/2025\/01\/9-neg-deutsch-2-1.png\",\"contentUrl\":\"https:\/\/9staedte.de\/wp-content\/uploads\/2025\/01\/9-neg-deutsch-2-1.png\",\"width\":190,\"height\":114,\"caption\":\"9 St\u00e4dte in Niedersachsen\"},\"image\":{\"@id\":\"https:\/\/9staedte.de\/es\/#\/schema\/logo\/image\/\"}}]}<\/script>\n<!-- \/ Yoast SEO plugin. -->","yoast_head_json":{"title":"Viajar por las 9 ciudades - 9 St\u00e4dte in Niedersachsen","robots":{"index":"index","follow":"follow","max-snippet":"max-snippet:-1","max-image-preview":"max-image-preview:large","max-video-preview":"max-video-preview:-1"},"canonical":"https:\/\/9staedte.de\/es\/unterwegs-durch-die-9-staedte\/","og_locale":"es_ES","og_type":"article","og_title":"Viajar por las 9 ciudades - 9 St\u00e4dte in Niedersachsen","og_description":"De ciudad en ciudad en bicicleta Ya sea en un gran recorrido circular o en etapas regionales, \u00a1descubre las 9 ciudades y la Autostadt a tu propio ritmo y gusto! Te esperan monumentos hist\u00f3ricos, encantadores cascos antiguos y delicias culinarias. Muy recomendable: Un desv\u00edo hacia el mundo de la movilidad en la Autostadt de Wolfsburgo. [&hellip;]","og_url":"https:\/\/9staedte.de\/es\/unterwegs-durch-die-9-staedte\/","og_site_name":"9 St\u00e4dte in Niedersachsen","article_modified_time":"2025-04-10T07:40:44+00:00","og_image":[{"width":1200,"height":870,"url":"https:\/\/9staedte.de\/wp-content\/uploads\/2025\/03\/Radfahren-in-Hannover_Lars-Gerhardts-75-scaled.jpg","type":"image\/jpeg"}],"twitter_card":"summary_large_image","twitter_misc":{"Tiempo de lectura":"1 minuto"},"schema":{"@context":"https:\/\/schema.org","@graph":[{"@type":"WebPage","@id":"https:\/\/9staedte.de\/es\/unterwegs-durch-die-9-staedte\/","url":"https:\/\/9staedte.de\/es\/unterwegs-durch-die-9-staedte\/","name":"Viajar por las 9 ciudades - 9 St\u00e4dte in Niedersachsen","isPartOf":{"@id":"https:\/\/9staedte.de\/es\/#website"},"primaryImageOfPage":{"@id":"https:\/\/9staedte.de\/es\/unterwegs-durch-die-9-staedte\/#primaryimage"},"image":{"@id":"https:\/\/9staedte.de\/es\/unterwegs-durch-die-9-staedte\/#primaryimage"},"thumbnailUrl":"https:\/\/9staedte.de\/wp-content\/uploads\/2025\/03\/Radfahren-in-Hannover_Lars-Gerhardts-75-scaled.jpg","datePublished":"2025-04-10T06:59:35+00:00","dateModified":"2025-04-10T07:40:44+00:00","breadcrumb":{"@id":"https:\/\/9staedte.de\/es\/unterwegs-durch-die-9-staedte\/#breadcrumb"},"inLanguage":"es","potentialAction":[{"@type":"ReadAction","target":["https:\/\/9staedte.de\/es\/unterwegs-durch-die-9-staedte\/"]}]},{"@type":"ImageObject","inLanguage":"es","@id":"https:\/\/9staedte.de\/es\/unterwegs-durch-die-9-staedte\/#primaryimage","url":"https:\/\/9staedte.de\/wp-content\/uploads\/2025\/03\/Radfahren-in-Hannover_Lars-Gerhardts-75-scaled.jpg","contentUrl":"https:\/\/9staedte.de\/wp-content\/uploads\/2025\/03\/Radfahren-in-Hannover_Lars-Gerhardts-75-scaled.jpg","width":1200,"height":870,"caption":"Radfahren in Hannover_Lars Gerhardts (75)"},{"@type":"BreadcrumbList","@id":"https:\/\/9staedte.de\/es\/unterwegs-durch-die-9-staedte\/#breadcrumb","itemListElement":[{"@type":"ListItem","position":1,"name":"Startseite","item":"https:\/\/9staedte.de\/es\/"},{"@type":"ListItem","position":2,"name":"Viajar por las 9 ciudades"}]},{"@type":"WebSite","@id":"https:\/\/9staedte.de\/es\/#website","url":"https:\/\/9staedte.de\/es\/","name":"9 St\u00e4dte in Niedersachsen","description":"","publisher":{"@id":"https:\/\/9staedte.de\/es\/#organization"},"potentialAction":[{"@type":"SearchAction","target":{"@type":"EntryPoint","urlTemplate":"https:\/\/9staedte.de\/es\/?s={search_term_string}"},"query-input":{"@type":"PropertyValueSpecification","valueRequired":true,"valueName":"search_term_string"}}],"inLanguage":"es"},{"@type":"Organization","@id":"https:\/\/9staedte.de\/es\/#organization","name":"9 St\u00e4dte in Niedersachsen","url":"https:\/\/9staedte.de\/es\/","logo":{"@type":"ImageObject","inLanguage":"es","@id":"https:\/\/9staedte.de\/es\/#\/schema\/logo\/image\/","url":"https:\/\/9staedte.de\/wp-content\/uploads\/2025\/01\/9-neg-deutsch-2-1.png","contentUrl":"https:\/\/9staedte.de\/wp-content\/uploads\/2025\/01\/9-neg-deutsch-2-1.png","width":190,"height":114,"caption":"9 St\u00e4dte in Niedersachsen"},"image":{"@id":"https:\/\/9staedte.de\/es\/#\/schema\/logo\/image\/"}}]}},"_links":{"self":[{"href":"https:\/\/9staedte.de\/es\/wp-json\/wp\/v2\/pages\/25218","targetHints":{"allow":["GET"]}}],"collection":[{"href":"https:\/\/9staedte.de\/es\/wp-json\/wp\/v2\/pages"}],"about":[{"href":"https:\/\/9staedte.de\/es\/wp-json\/wp\/v2\/types\/page"}],"author":[{"embeddable":true,"href":"https:\/\/9staedte.de\/es\/wp-json\/wp\/v2\/users\/10"}],"replies":[{"embeddable":true,"href":"https:\/\/9staedte.de\/es\/wp-json\/wp\/v2\/comments?post=25218"}],"version-history":[{"count":2,"href":"https:\/\/9staedte.de\/es\/wp-json\/wp\/v2\/pages\/25218\/revisions"}],"predecessor-version":[{"id":25231,"href":"https:\/\/9staedte.de\/es\/wp-json\/wp\/v2\/pages\/25218\/revisions\/25231"}],"wp:featuredmedia":[{"embeddable":true,"href":"https:\/\/9staedte.de\/es\/wp-json\/wp\/v2\/media\/24968"}],"wp:attachment":[{"href":"https:\/\/9staedte.de\/es\/wp-json\/wp\/v2\/media?parent=25218"}],"wp:term":[{"taxonomy":"category","embeddable":true,"href":"https:\/\/9staedte.de\/es\/wp-json\/wp\/v2\/categories?post=25218"},{"taxonomy":"post_tag","embeddable":true,"href":"https:\/\/9staedte.de\/es\/wp-json\/wp\/v2\/tags?post=25218"},{"taxonomy":"ncap_cities_tax","embeddable":true,"href":"https:\/\/9staedte.de\/es\/wp-json\/wp\/v2\/ncap_cities_tax?post=25218"}],"curies":[{"name":"wp","href":"https:\/\/api.w.org\/{rel}","templated":true}]}}