{"id":23046,"date":"2024-07-08T13:13:57","date_gmt":"2024-07-08T11:13:57","guid":{"rendered":"https:\/\/9staedte.de\/wohnmobilstellplatz-celle\/"},"modified":"2025-05-08T15:14:17","modified_gmt":"2025-05-08T13:14:17","slug":"wohnmobilstellplatz-celle","status":"publish","type":"page","link":"https:\/\/9staedte.de\/es\/celle-encantadora-ciudad-residencial\/wohnmobilstellplatz-celle\/","title":{"rendered":"Camping para caravanas Celle"},"content":{"rendered":"\n<h2 class=\"wp-block-heading\">Con la autocaravana a Celle<\/h2>\n\n<p>El pintoresco casco antiguo y el acogedor Badeland dif\u00edcilmente podr\u00edan estar m\u00e1s cerca: La ciudad de Celle ha dado en la diana con la ubicaci\u00f3n del aparcamiento. El atractivo dise\u00f1o y el c\u00f3modo mobiliario hacen latir m\u00e1s r\u00e1pido el coraz\u00f3n de los campistas.<\/p>\n\n<p><strong>APARCAMIENTO Y ALREDEDORES<\/strong><\/p>\n\n<p>Moderno puerto de autocaravanas para 45 casas m\u00f3viles justo al lado de Celle Badeland, a s\u00f3lo 5 \u00f3 10 minutos a pie del casco antiguo con m\u00e1s de 500 casas de entramado de madera, el castillo y la zona peatonal. Ubicaci\u00f3n tranquila, lejos de las carreteras principales. Protegido del ruido de la calle por un campo de minigolf en la parte delantera, limita con un campo de deportes, prados abiertos y el peque\u00f1o r\u00edo Fuhse en la parte lateral y trasera. Calzadas anchas y bien asfaltadas, parcelas casi llanas pavimentadas con adoquines de c\u00e9sped, en su mayor\u00eda de 5 x 10 metros, con una franja verde delante. 8 parcelas m\u00e1s grandes tambi\u00e9n aptas para liners.<\/p>\n\n<p>Perros: bienvenidos, pero te rogamos que los lleves con correa. Temporada: Abierto todo el a\u00f1o.<\/p>\n\n<p><strong>EQUIPAMIENTO Y SERVICIO<\/strong><\/p>\n\n<p>Facturaci\u00f3n en una terminal multiling\u00fce. Informaci\u00f3n tur\u00edstica y servicio de panecillos en la nueva oficina de lanzamientos, en un ala lateral del bloque sanitario (abierta de 8 a 13 h y de 15 a 18 h). Edificio de servicios para discapacitados con aseos, duchas, lavadora, secadora y lavavajillas. Hay conexiones de electricidad en las 45 parcelas, as\u00ed como un \u00e1rea de servicio independiente con columna de agua dulce, vaciado de cofres y entrada en el suelo para aguas grises. Zona de barbacoa, eliminaci\u00f3n de residuos disponible, Wi-Fi gratuito disponible. Intercambio de botellas de gas, webcam y bolet\u00edn informativo a trav\u00e9s de la p\u00e1gina de inicio del campo, posibilidad de reservas.<\/p>\n\n<div class=\"wp-block-media-text is-stacked-on-mobile\"><figure class=\"wp-block-media-text__media\"><img loading=\"lazy\" decoding=\"async\" width=\"1020\" height=\"560\" src=\"https:\/\/9staedte.de\/wp-content\/smush-webp\/2023\/02\/Celle-Huths-kaffee-c-Celle-Tourismus-und-Marketing-GmbH.jpg.webp\" alt=\"Celle-Huths-kaffee c) Celle Tourismus und Marketing GmbH\" class=\"wp-image-3584 size-full\" srcset=\"https:\/\/9staedte.de\/wp-content\/smush-webp\/2023\/02\/Celle-Huths-kaffee-c-Celle-Tourismus-und-Marketing-GmbH.jpg.webp 1020w, https:\/\/9staedte.de\/wp-content\/smush-webp\/2023\/02\/Celle-Huths-kaffee-c-Celle-Tourismus-und-Marketing-GmbH-300x165.jpg.webp 300w, https:\/\/9staedte.de\/wp-content\/smush-webp\/2023\/02\/Celle-Huths-kaffee-c-Celle-Tourismus-und-Marketing-GmbH-768x422.jpg.webp 768w\" sizes=\"auto, (max-width: 1020px) 100vw, 1020px\" \/><\/figure><div class=\"wp-block-media-text__content\">\n<p><strong>9 consejos para autocaravanistas en Celle<\/strong><\/p>\n\n\n\n<ul class=\"wp-block-list\">\n<li>Visita p\u00fablica de la ciudad<\/li>\n\n\n\n<li>Residencia Palacio de Celle \/ Residencia Museo<\/li>\n\n\n\n<li>Gu\u00eda TimeRide<\/li>\n\n\n\n<li>Museo Bomann\/Museo de Arte<\/li>\n\n\n\n<li>Casa Hoppener \/ Casa Stechinelli \/ Am Heiligen Kreuz<\/li>\n\n\n\n<li>Stechbahn y Kalandgasse<\/li>\n\n\n\n<li>Iglesia de Santa Mar\u00eda \/ Subida a la torre<\/li>\n\n\n\n<li>Teatro del Palacio Barroco de Celle<\/li>\n\n\n\n<li>Museo Haesler<\/li>\n<\/ul>\n<\/div><\/div>\n\n<p><strong>HONORARIOS Y GASTOS ACCESORIOS<\/strong><\/p>\n\n<p>15 euros por m\u00f3vil y 24 horas incl. de todas las personas y W-Lan. Electricidad: 0,70 euros por kWh, agua dulce: 1 euro\/80 litros.<\/p>\n\n<p>Pago sin efectivo en el terminal de facturaci\u00f3n con tarjeta EC o de cr\u00e9dito. Panecillos en met\u00e1lico del equipo de lanzamiento.<\/p>\n\n<p>INFORMACI\u00d3N E INTERNET<\/p>\n\n<p>Camping para caravanas Am Badeland<br\/>Calle 77er 36<br\/>29221 Celle<br\/>T: 0 51 41\/ 9 51 93 88<br\/>E: <a href=\"mailto:info@womo-celle.de\">info@womo-celle.de<\/a><br\/><a href=\"http:\/\/www.momo-celle.de\">www.womo-celle.de<\/a><\/p>\n\n <div class=\"brlbs-cmpnt-container brlbs-cmpnt-content-blocker brlbs-cmpnt-with-individual-styles\" data-borlabs-cookie-content-blocker-id=\"google-maps\" data-borlabs-cookie-content=\"PGlmcmFtZSBzcmM9Imh0dHBzOi8vd3d3Lmdvb2dsZS5jb20vbWFwcy9kL2VtYmVkP21pZD0xYXpwWWxZQWxINVNTVHlGXy14UDdTZFpNb1pPdWpWayZlaGJjPTJFMzEyRiIgd2lkdGg9IjY0MCIgaGVpZ2h0PSI0ODAiPjwvaWZyYW1lPg==\"><div class=\"brlbs-cmpnt-cb-preset-b brlbs-cmpnt-cb-google-maps\"> <div class=\"brlbs-cmpnt-cb-thumbnail\" style=\"background-image: url('https:\/\/9staedte.de\/wp-content\/uploads\/borlabs-cookie\/1\/brlbs-cb-google-maps-main.png')\"><\/div> <div class=\"brlbs-cmpnt-cb-main\"> <div class=\"brlbs-cmpnt-cb-content\"> <p class=\"brlbs-cmpnt-cb-description\">Est\u00e1s viendo un contenido de marcador de posici\u00f3n de <strong>Google Maps<\/strong>. Para acceder al contenido real, haz clic en el siguiente bot\u00f3n. Ten en cuenta que al hacerlo compartir\u00e1s datos con terceros proveedores.<\/p> <a class=\"brlbs-cmpnt-cb-provider-toggle\" href=\"#\" data-borlabs-cookie-show-provider-information role=\"button\">M\u00e1s informaci\u00f3n<\/a> <\/div> <div class=\"brlbs-cmpnt-cb-buttons\"> <a class=\"brlbs-cmpnt-cb-btn\" href=\"#\" data-borlabs-cookie-unblock role=\"button\">Desbloquear contenido<\/a> <a class=\"brlbs-cmpnt-cb-btn\" href=\"#\" data-borlabs-cookie-accept-service role=\"button\" style=\"display: inherit\">Aceptar el servicio requerido y desbloquear el contenido<\/a> <\/div> <\/div> <\/div><\/div>\n","protected":false},"excerpt":{"rendered":"<p>Con la autocaravana a Celle El pintoresco casco antiguo y el acogedor Badeland dif\u00edcilmente podr\u00edan estar m\u00e1s cerca: La ciudad de Celle ha dado en la diana con la ubicaci\u00f3n del aparcamiento. El atractivo dise\u00f1o y el c\u00f3modo mobiliario hacen latir m\u00e1s r\u00e1pido el coraz\u00f3n de los campistas. APARCAMIENTO Y ALREDEDORES Moderno puerto de autocaravanas [&hellip;]<\/p>\n","protected":false},"author":6,"featured_media":23032,"parent":18083,"menu_order":0,"comment_status":"closed","ping_status":"closed","template":"pagetemplates\/template-stadtthema.php","meta":{"_acf_changed":false,"footnotes":""},"categories":[],"tags":[],"ncap_cities_tax":[431,1403],"class_list":["post-23046","page","type-page","status-publish","has-post-thumbnail","hentry","ncap_cities_tax-celle-es","ncap_cities_tax-reisemobilstellplatze-celle-es"],"acf":[],"yoast_head":"<!-- This site is optimized with the Yoast SEO plugin v27.4 - https:\/\/yoast.com\/product\/yoast-seo-wordpress\/ -->\n<title>Camping para caravanas Celle - 9 St\u00e4dte in Niedersachsen<\/title>\n<meta name=\"description\" content=\"Camping para caravanas Celle. Informaci\u00f3n para tu viaje en autocaravana a la encantadora residencia y ciudad de entramado de madera de Celle.\" \/>\n<meta name=\"robots\" content=\"index, follow, max-snippet:-1, max-image-preview:large, max-video-preview:-1\" \/>\n<link rel=\"canonical\" href=\"https:\/\/9staedte.de\/es\/celle-encantadora-ciudad-residencial\/wohnmobilstellplatz-celle\/\" \/>\n<meta property=\"og:locale\" content=\"es_ES\" \/>\n<meta property=\"og:type\" content=\"article\" \/>\n<meta property=\"og:title\" content=\"Camping para caravanas Celle - 9 St\u00e4dte in Niedersachsen\" \/>\n<meta property=\"og:description\" content=\"Camping para caravanas Celle. Informaci\u00f3n para tu viaje en autocaravana a la encantadora residencia y ciudad de entramado de madera de Celle.\" \/>\n<meta property=\"og:url\" content=\"https:\/\/9staedte.de\/es\/celle-encantadora-ciudad-residencial\/wohnmobilstellplatz-celle\/\" \/>\n<meta property=\"og:site_name\" content=\"9 St\u00e4dte in Niedersachsen\" \/>\n<meta property=\"article:modified_time\" content=\"2025-05-08T13:14:17+00:00\" \/>\n<meta property=\"og:image\" content=\"https:\/\/9staedte.de\/wp-content\/uploads\/2024\/07\/Wohnmobilstellplatz-Celle-Luftbild-c-Celle-Tourismus.jpg\" \/>\n\t<meta property=\"og:image:width\" content=\"1020\" \/>\n\t<meta property=\"og:image:height\" content=\"560\" \/>\n\t<meta property=\"og:image:type\" content=\"image\/jpeg\" \/>\n<meta name=\"twitter:card\" content=\"summary_large_image\" \/>\n<meta name=\"twitter:label1\" content=\"Tiempo de lectura\" \/>\n\t<meta name=\"twitter:data1\" content=\"3 minutos\" \/>\n<script type=\"application\/ld+json\" class=\"yoast-schema-graph\">{\"@context\":\"https:\\\/\\\/schema.org\",\"@graph\":[{\"@type\":\"WebPage\",\"@id\":\"https:\\\/\\\/9staedte.de\\\/es\\\/celle-encantadora-ciudad-residencial\\\/wohnmobilstellplatz-celle\\\/\",\"url\":\"https:\\\/\\\/9staedte.de\\\/es\\\/celle-encantadora-ciudad-residencial\\\/wohnmobilstellplatz-celle\\\/\",\"name\":\"Camping para caravanas Celle - 9 St\u00e4dte in Niedersachsen\",\"isPartOf\":{\"@id\":\"https:\\\/\\\/9staedte.de\\\/es\\\/#website\"},\"primaryImageOfPage\":{\"@id\":\"https:\\\/\\\/9staedte.de\\\/es\\\/celle-encantadora-ciudad-residencial\\\/wohnmobilstellplatz-celle\\\/#primaryimage\"},\"image\":{\"@id\":\"https:\\\/\\\/9staedte.de\\\/es\\\/celle-encantadora-ciudad-residencial\\\/wohnmobilstellplatz-celle\\\/#primaryimage\"},\"thumbnailUrl\":\"https:\\\/\\\/9staedte.de\\\/wp-content\\\/uploads\\\/2024\\\/07\\\/Wohnmobilstellplatz-Celle-Luftbild-c-Celle-Tourismus.jpg\",\"datePublished\":\"2024-07-08T11:13:57+00:00\",\"dateModified\":\"2025-05-08T13:14:17+00:00\",\"description\":\"Camping para caravanas Celle. Informaci\u00f3n para tu viaje en autocaravana a la encantadora residencia y ciudad de entramado de madera de Celle.\",\"breadcrumb\":{\"@id\":\"https:\\\/\\\/9staedte.de\\\/es\\\/celle-encantadora-ciudad-residencial\\\/wohnmobilstellplatz-celle\\\/#breadcrumb\"},\"inLanguage\":\"es\",\"potentialAction\":[{\"@type\":\"ReadAction\",\"target\":[\"https:\\\/\\\/9staedte.de\\\/es\\\/celle-encantadora-ciudad-residencial\\\/wohnmobilstellplatz-celle\\\/\"]}]},{\"@type\":\"ImageObject\",\"inLanguage\":\"es\",\"@id\":\"https:\\\/\\\/9staedte.de\\\/es\\\/celle-encantadora-ciudad-residencial\\\/wohnmobilstellplatz-celle\\\/#primaryimage\",\"url\":\"https:\\\/\\\/9staedte.de\\\/wp-content\\\/uploads\\\/2024\\\/07\\\/Wohnmobilstellplatz-Celle-Luftbild-c-Celle-Tourismus.jpg\",\"contentUrl\":\"https:\\\/\\\/9staedte.de\\\/wp-content\\\/uploads\\\/2024\\\/07\\\/Wohnmobilstellplatz-Celle-Luftbild-c-Celle-Tourismus.jpg\",\"width\":1020,\"height\":560,\"caption\":\"Wohnmobilstellplatz Celle Luftbild c) Celle Tourismus\"},{\"@type\":\"BreadcrumbList\",\"@id\":\"https:\\\/\\\/9staedte.de\\\/es\\\/celle-encantadora-ciudad-residencial\\\/wohnmobilstellplatz-celle\\\/#breadcrumb\",\"itemListElement\":[{\"@type\":\"ListItem\",\"position\":1,\"name\":\"Startseite\",\"item\":\"https:\\\/\\\/9staedte.de\\\/es\\\/\"},{\"@type\":\"ListItem\",\"position\":2,\"name\":\"Celle &#8211; Encantadora ciudad residencial\",\"item\":\"https:\\\/\\\/9staedte.de\\\/es\\\/celle-encantadora-ciudad-residencial\\\/\"},{\"@type\":\"ListItem\",\"position\":3,\"name\":\"Camping para caravanas Celle\"}]},{\"@type\":\"WebSite\",\"@id\":\"https:\\\/\\\/9staedte.de\\\/es\\\/#website\",\"url\":\"https:\\\/\\\/9staedte.de\\\/es\\\/\",\"name\":\"9 St\u00e4dte in Niedersachsen\",\"description\":\"\",\"publisher\":{\"@id\":\"https:\\\/\\\/9staedte.de\\\/es\\\/#organization\"},\"potentialAction\":[{\"@type\":\"SearchAction\",\"target\":{\"@type\":\"EntryPoint\",\"urlTemplate\":\"https:\\\/\\\/9staedte.de\\\/es\\\/?s={search_term_string}\"},\"query-input\":{\"@type\":\"PropertyValueSpecification\",\"valueRequired\":true,\"valueName\":\"search_term_string\"}}],\"inLanguage\":\"es\"},{\"@type\":\"Organization\",\"@id\":\"https:\\\/\\\/9staedte.de\\\/es\\\/#organization\",\"name\":\"9 St\u00e4dte in Niedersachsen\",\"url\":\"https:\\\/\\\/9staedte.de\\\/es\\\/\",\"logo\":{\"@type\":\"ImageObject\",\"inLanguage\":\"es\",\"@id\":\"https:\\\/\\\/9staedte.de\\\/es\\\/#\\\/schema\\\/logo\\\/image\\\/\",\"url\":\"https:\\\/\\\/9staedte.de\\\/wp-content\\\/uploads\\\/2025\\\/01\\\/9-neg-deutsch-2-1.png\",\"contentUrl\":\"https:\\\/\\\/9staedte.de\\\/wp-content\\\/uploads\\\/2025\\\/01\\\/9-neg-deutsch-2-1.png\",\"width\":190,\"height\":114,\"caption\":\"9 St\u00e4dte in Niedersachsen\"},\"image\":{\"@id\":\"https:\\\/\\\/9staedte.de\\\/es\\\/#\\\/schema\\\/logo\\\/image\\\/\"}}]}<\/script>\n<!-- \/ Yoast SEO plugin. -->","yoast_head_json":{"title":"Camping para caravanas Celle - 9 St\u00e4dte in Niedersachsen","description":"Camping para caravanas Celle. Informaci\u00f3n para tu viaje en autocaravana a la encantadora residencia y ciudad de entramado de madera de Celle.","robots":{"index":"index","follow":"follow","max-snippet":"max-snippet:-1","max-image-preview":"max-image-preview:large","max-video-preview":"max-video-preview:-1"},"canonical":"https:\/\/9staedte.de\/es\/celle-encantadora-ciudad-residencial\/wohnmobilstellplatz-celle\/","og_locale":"es_ES","og_type":"article","og_title":"Camping para caravanas Celle - 9 St\u00e4dte in Niedersachsen","og_description":"Camping para caravanas Celle. Informaci\u00f3n para tu viaje en autocaravana a la encantadora residencia y ciudad de entramado de madera de Celle.","og_url":"https:\/\/9staedte.de\/es\/celle-encantadora-ciudad-residencial\/wohnmobilstellplatz-celle\/","og_site_name":"9 St\u00e4dte in Niedersachsen","article_modified_time":"2025-05-08T13:14:17+00:00","og_image":[{"width":1020,"height":560,"url":"https:\/\/9staedte.de\/wp-content\/uploads\/2024\/07\/Wohnmobilstellplatz-Celle-Luftbild-c-Celle-Tourismus.jpg","type":"image\/jpeg"}],"twitter_card":"summary_large_image","twitter_misc":{"Tiempo de lectura":"3 minutos"},"schema":{"@context":"https:\/\/schema.org","@graph":[{"@type":"WebPage","@id":"https:\/\/9staedte.de\/es\/celle-encantadora-ciudad-residencial\/wohnmobilstellplatz-celle\/","url":"https:\/\/9staedte.de\/es\/celle-encantadora-ciudad-residencial\/wohnmobilstellplatz-celle\/","name":"Camping para caravanas Celle - 9 St\u00e4dte in Niedersachsen","isPartOf":{"@id":"https:\/\/9staedte.de\/es\/#website"},"primaryImageOfPage":{"@id":"https:\/\/9staedte.de\/es\/celle-encantadora-ciudad-residencial\/wohnmobilstellplatz-celle\/#primaryimage"},"image":{"@id":"https:\/\/9staedte.de\/es\/celle-encantadora-ciudad-residencial\/wohnmobilstellplatz-celle\/#primaryimage"},"thumbnailUrl":"https:\/\/9staedte.de\/wp-content\/uploads\/2024\/07\/Wohnmobilstellplatz-Celle-Luftbild-c-Celle-Tourismus.jpg","datePublished":"2024-07-08T11:13:57+00:00","dateModified":"2025-05-08T13:14:17+00:00","description":"Camping para caravanas Celle. Informaci\u00f3n para tu viaje en autocaravana a la encantadora residencia y ciudad de entramado de madera de Celle.","breadcrumb":{"@id":"https:\/\/9staedte.de\/es\/celle-encantadora-ciudad-residencial\/wohnmobilstellplatz-celle\/#breadcrumb"},"inLanguage":"es","potentialAction":[{"@type":"ReadAction","target":["https:\/\/9staedte.de\/es\/celle-encantadora-ciudad-residencial\/wohnmobilstellplatz-celle\/"]}]},{"@type":"ImageObject","inLanguage":"es","@id":"https:\/\/9staedte.de\/es\/celle-encantadora-ciudad-residencial\/wohnmobilstellplatz-celle\/#primaryimage","url":"https:\/\/9staedte.de\/wp-content\/uploads\/2024\/07\/Wohnmobilstellplatz-Celle-Luftbild-c-Celle-Tourismus.jpg","contentUrl":"https:\/\/9staedte.de\/wp-content\/uploads\/2024\/07\/Wohnmobilstellplatz-Celle-Luftbild-c-Celle-Tourismus.jpg","width":1020,"height":560,"caption":"Wohnmobilstellplatz Celle Luftbild c) Celle Tourismus"},{"@type":"BreadcrumbList","@id":"https:\/\/9staedte.de\/es\/celle-encantadora-ciudad-residencial\/wohnmobilstellplatz-celle\/#breadcrumb","itemListElement":[{"@type":"ListItem","position":1,"name":"Startseite","item":"https:\/\/9staedte.de\/es\/"},{"@type":"ListItem","position":2,"name":"Celle &#8211; Encantadora ciudad residencial","item":"https:\/\/9staedte.de\/es\/celle-encantadora-ciudad-residencial\/"},{"@type":"ListItem","position":3,"name":"Camping para caravanas Celle"}]},{"@type":"WebSite","@id":"https:\/\/9staedte.de\/es\/#website","url":"https:\/\/9staedte.de\/es\/","name":"9 St\u00e4dte in Niedersachsen","description":"","publisher":{"@id":"https:\/\/9staedte.de\/es\/#organization"},"potentialAction":[{"@type":"SearchAction","target":{"@type":"EntryPoint","urlTemplate":"https:\/\/9staedte.de\/es\/?s={search_term_string}"},"query-input":{"@type":"PropertyValueSpecification","valueRequired":true,"valueName":"search_term_string"}}],"inLanguage":"es"},{"@type":"Organization","@id":"https:\/\/9staedte.de\/es\/#organization","name":"9 St\u00e4dte in Niedersachsen","url":"https:\/\/9staedte.de\/es\/","logo":{"@type":"ImageObject","inLanguage":"es","@id":"https:\/\/9staedte.de\/es\/#\/schema\/logo\/image\/","url":"https:\/\/9staedte.de\/wp-content\/uploads\/2025\/01\/9-neg-deutsch-2-1.png","contentUrl":"https:\/\/9staedte.de\/wp-content\/uploads\/2025\/01\/9-neg-deutsch-2-1.png","width":190,"height":114,"caption":"9 St\u00e4dte in Niedersachsen"},"image":{"@id":"https:\/\/9staedte.de\/es\/#\/schema\/logo\/image\/"}}]}},"_links":{"self":[{"href":"https:\/\/9staedte.de\/es\/wp-json\/wp\/v2\/pages\/23046","targetHints":{"allow":["GET"]}}],"collection":[{"href":"https:\/\/9staedte.de\/es\/wp-json\/wp\/v2\/pages"}],"about":[{"href":"https:\/\/9staedte.de\/es\/wp-json\/wp\/v2\/types\/page"}],"author":[{"embeddable":true,"href":"https:\/\/9staedte.de\/es\/wp-json\/wp\/v2\/users\/6"}],"replies":[{"embeddable":true,"href":"https:\/\/9staedte.de\/es\/wp-json\/wp\/v2\/comments?post=23046"}],"version-history":[{"count":3,"href":"https:\/\/9staedte.de\/es\/wp-json\/wp\/v2\/pages\/23046\/revisions"}],"predecessor-version":[{"id":25424,"href":"https:\/\/9staedte.de\/es\/wp-json\/wp\/v2\/pages\/23046\/revisions\/25424"}],"up":[{"embeddable":true,"href":"https:\/\/9staedte.de\/es\/wp-json\/wp\/v2\/pages\/18083"}],"wp:featuredmedia":[{"embeddable":true,"href":"https:\/\/9staedte.de\/es\/wp-json\/wp\/v2\/media\/23032"}],"wp:attachment":[{"href":"https:\/\/9staedte.de\/es\/wp-json\/wp\/v2\/media?parent=23046"}],"wp:term":[{"taxonomy":"category","embeddable":true,"href":"https:\/\/9staedte.de\/es\/wp-json\/wp\/v2\/categories?post=23046"},{"taxonomy":"post_tag","embeddable":true,"href":"https:\/\/9staedte.de\/es\/wp-json\/wp\/v2\/tags?post=23046"},{"taxonomy":"ncap_cities_tax","embeddable":true,"href":"https:\/\/9staedte.de\/es\/wp-json\/wp\/v2\/ncap_cities_tax?post=23046"}],"curies":[{"name":"wp","href":"https:\/\/api.w.org\/{rel}","templated":true}]}}