{"id":22982,"date":"2024-07-04T11:03:50","date_gmt":"2024-07-04T09:03:50","guid":{"rendered":"https:\/\/9staedte.de\/wohnmobilstellplaetze-in-braunschweig-2\/"},"modified":"2024-07-04T11:29:36","modified_gmt":"2024-07-04T09:29:36","slug":"wohnmobilstellplaetze-in-braunschweig-2","status":"publish","type":"page","link":"https:\/\/9staedte.de\/es\/braunschweig-la-ciudad-del-leon\/wohnmobilstellplaetze-in-braunschweig-2\/","title":{"rendered":"Parcelas para autocaravanas en Braunschweig"},"content":{"rendered":"\n<h2 class=\"wp-block-heading\">Con la autocaravana a Braunschweig<\/h2>\n\n<p>Descubre la Ciudad de los Leones de forma espont\u00e1nea, cerca de la naturaleza y m\u00f3vil: Las parcelas para autocaravanas cercanas al centro de la ciudad te invitan a disfrutar de una estancia variada en Braunschweig. Con sus cortas distancias a los lugares de inter\u00e9s, instituciones culturales como el Museo Herzog Anton Ulrich, una amplia oferta de eventos, actividades recreativas cerca del centro de la ciudad en el campo y sus casi 1000 a\u00f1os de historia, la Ciudad de Le\u00f3n es el destino ideal para un viaje urbano con autocaravana. Braunschweig Stadtmarketing GmbH estar\u00e1 encantada de ayudarte a planificar tu visita. Puedes obtener m\u00e1s informaci\u00f3n sobre Braunschweig como destino tur\u00edstico <a href=\"http:\/\/www.braunschweig.de\/tourismus\">en Internet<\/a> o en la Oficina de Turismo, Kleine Burg 14.<\/p>\n\n<figure class=\"wp-block-image size-full is-resized\"><img loading=\"lazy\" decoding=\"async\" width=\"1019\" height=\"561\" src=\"https:\/\/9staedte.de\/wp-content\/smush-webp\/2024\/07\/Braunschweig-Paddeln-auf-der-Oker-c-Braunschweig-Stadtmarketing-Daniel-Moeller.jpg.webp\" alt=\"\" class=\"wp-image-22966\" style=\"width:314px;height:auto\" srcset=\"https:\/\/9staedte.de\/wp-content\/smush-webp\/2024\/07\/Braunschweig-Paddeln-auf-der-Oker-c-Braunschweig-Stadtmarketing-Daniel-Moeller.jpg.webp 1019w, https:\/\/9staedte.de\/wp-content\/smush-webp\/2024\/07\/Braunschweig-Paddeln-auf-der-Oker-c-Braunschweig-Stadtmarketing-Daniel-Moeller-300x165.jpg.webp 300w, https:\/\/9staedte.de\/wp-content\/smush-webp\/2024\/07\/Braunschweig-Paddeln-auf-der-Oker-c-Braunschweig-Stadtmarketing-Daniel-Moeller-768x423.jpg.webp 768w\" sizes=\"auto, (max-width: 1019px) 100vw, 1019px\" \/><\/figure>\n\n<h3 class=\"wp-block-heading\"><strong>Consejos para autocaravanistas en Braunschweig<\/strong><\/h3>\n\n<ol class=\"wp-block-list\">\n<li>Desde representaciones de \u00f3pera junto al Le\u00f3n de Braunschweig hasta conciertos al aire libre y acontecimientos deportivos internacionales de primer orden, siempre hay algo que hacer en Braunschweig. Planifica uno de los numerosos actos en tus vacaciones. Puedes encontrar un resumen y m\u00e1s informaci\u00f3n en el <a href=\"https:\/\/www.braunschweig.de\/kultur\/veranstaltungen\/index.php\">calendario de actos<\/a>.<\/li>\n\n\n\n<li>Vive la cultura en Braunschweig: explora exposiciones de primera clase y arte contempor\u00e1neo en m\u00e1s de diez museos y numerosas galer\u00edas, o disfruta del teatro, la \u00f3pera y la opereta, la danza o los conciertos sinf\u00f3nicos en el Teatro Estatal o en uno de los escenarios m\u00e1s peque\u00f1os.<\/li>\n\n\n\n<li>Puedes obtener informaci\u00f3n entretenida sobre la Ciudad del Le\u00f3n y su variada historia, desde los g\u00fcelfos hasta la Liga Hanse\u00e1tica, en una visita guiada por la ciudad, ya sea a la manera tradicional, en bicicleta o acompa\u00f1ado por el vigilante nocturno de Braunschweig.<\/li>\n\n\n\n<li>Explora la ciudad por tu cuenta: varios <a href=\"https:\/\/www.braunschweig.de\/tourismus\/rundgaenge\/index.php\">recorridos<\/a> te llevan por los parques de Braunschweig, por la hist\u00f3rica v\u00eda de circunvalaci\u00f3n o por el centro de la ciudad. La aplicaci\u00f3n \u00abDescubre Braunschweig\u00bb te proporciona informaci\u00f3n sobre lugares de inter\u00e9s, parques infantiles y establecimientos de restauraci\u00f3n mientras est\u00e1s fuera de casa. Por cierto: tambi\u00e9n puedes descubrir arte por tu cuenta en Braunschweig de forma gratuita y a todas horas en espacios p\u00fablicos. Del 15 de junio al 6 de octubre, el Lichtparcours 2024 te invita a dar un paseo nocturno por el Okerumflut. En el centro de la ciudad, encontrar\u00e1s una gran variedad de obras, desde arte callejero hasta la Casa Feliz Rizzi, con su colorida fachada de arte pop.<\/li>\n\n\n\n<li>Pasea por callejuelas medievales, curiosea por boutiques con encanto, tiendas gestionadas por sus propietarios y cadenas de tiendas internacionales, y luego disfruta del sol con un helado o un caf\u00e9: El centro de Braunschweig combina el estilo de las grandes ciudades con las distancias cortas. M\u00e1s de 700 tiendas de m\u00e1s de 50 sectores te invitan a pasear y los numerosos caf\u00e9s, bares y restaurantes son ideales para disfrutar de una agradable escapada en cualquier \u00e9poca del a\u00f1o.<\/li>\n\n\n\n<li>El r\u00edo Oker rodea el centro de Braunschweig como un anillo. Disfruta de la vista de impresionantes villas y extensos parques desde el agua en un viaje guiado en balsa o explora el r\u00edo por tu cuenta en canoa, barca a pedales o tabla de paddle surf. Puedes conseguir el equipo adecuado en varias estaciones de alquiler.<\/li>\n\n\n\n<li>Braunschweig a vista de p\u00e1jaro: puedes disfrutar de una impresionante vista sobre los tejados de la ciudad desde la torre del ayuntamiento, la torre de la iglesia de San Andr\u00e9s o la plataforma para visitantes Quadriga del castillo de Braunschweig.<\/li>\n\n\n\n<li>Haz una excursi\u00f3n en bicicleta, por ejemplo por la pista de circunvalaci\u00f3n. La ruta circular, de unos 22,5 kil\u00f3metros de longitud, discurre por v\u00edas ferroviarias hist\u00f3ricas y por el anillo de v\u00edas a\u00fan en uso que rodea la ciudad, y se ha convertido en un popular sendero de ocio. Lugares de inter\u00e9s hist\u00f3rico, una amplia gama de actividades de ocio y servicios de restauraci\u00f3n te esperan a lo largo del camino. Los contenedores de acero a lo largo del recorrido ofrecen informaci\u00f3n sobre la historia industrial de Braunschweig.<\/li>\n\n\n\n<li>Descubre el <a href=\"https:\/\/www.braunschweig.de\/tourismus\/ueber-braunschweig\/rausinsgruene.php\">lado verde de Braunschweig<\/a>. Los amplios parques que rodean el centro de la ciudad te invitan a hacer picnic, pasear y jugar al disc golf. Para dar largos paseos, te recomendamos que visites el distrito de Riddagshausen, con la iglesia monasterial de Santa Mariae, las pintorescas casas con entramado de madera y la reserva natural vecina.<\/li>\n<\/ol>\n\n<p><strong>Parcelas para autocaravanas<\/strong><\/p>\n\n<ul class=\"wp-block-list\">\n<li><a href=\"https:\/\/www.kennel-bad.de\/camping.html\"><\/a><a href=\"https:\/\/www.kennel-bad.de\/camping.html\">Establo Kennelbad<\/a><\/li>\n\n\n\n<li><a href=\"https:\/\/www.braunschweig.de\/vv\/produkte\/VII\/20\/20_2\/reisemobilstellplatz.php\"><\/a><a href=\"https:\/\/www.braunschweig.de\/vv\/produkte\/VII\/20\/20_2\/reisemobilstellplatz.php\">Aparcamiento en la calle Theodor-Heuss-Stra\u00dfe<\/a><\/li>\n\n\n\n<li><a href=\"https:\/\/www.stadtbad-bs.de\/baeder\/wasserwelt\/wasserwelt-reisemobilstellplatz\"><\/a><a href=\"https:\/\/www.stadtbad-bs.de\/baeder\/wasserwelt\/wasserwelt-reisemobilstellplatz\">Parcela en el Wasserwelt<\/a><\/li>\n<\/ul>\n\n <div class=\"brlbs-cmpnt-container brlbs-cmpnt-content-blocker brlbs-cmpnt-with-individual-styles\" data-borlabs-cookie-content-blocker-id=\"google-maps\" data-borlabs-cookie-content=\"PGlmcmFtZSBzcmM9Imh0dHBzOi8vd3d3Lmdvb2dsZS5jb20vbWFwcy9kL2VtYmVkP21pZD0xSFpKSzJ2SHo2RnJjUzhIMGVmN3BQZ3hQaXkwb2VZNCZlaGJjPTJFMzEyRiIgd2lkdGg9IjY0MCIgaGVpZ2h0PSI0ODAiPjwvaWZyYW1lPg==\"><div class=\"brlbs-cmpnt-cb-preset-b brlbs-cmpnt-cb-google-maps\"> <div class=\"brlbs-cmpnt-cb-thumbnail\" style=\"background-image: url('https:\/\/9staedte.de\/wp-content\/uploads\/borlabs-cookie\/1\/brlbs-cb-google-maps-main.png')\"><\/div> <div class=\"brlbs-cmpnt-cb-main\"> <div class=\"brlbs-cmpnt-cb-content\"> <p class=\"brlbs-cmpnt-cb-description\">Est\u00e1s viendo un contenido de marcador de posici\u00f3n de <strong>Google Maps<\/strong>. Para acceder al contenido real, haz clic en el siguiente bot\u00f3n. Ten en cuenta que al hacerlo compartir\u00e1s datos con terceros proveedores.<\/p> <a class=\"brlbs-cmpnt-cb-provider-toggle\" href=\"#\" data-borlabs-cookie-show-provider-information role=\"button\">M\u00e1s informaci\u00f3n<\/a> <\/div> <div class=\"brlbs-cmpnt-cb-buttons\"> <a class=\"brlbs-cmpnt-cb-btn\" href=\"#\" data-borlabs-cookie-unblock role=\"button\">Desbloquear contenido<\/a> <a class=\"brlbs-cmpnt-cb-btn\" href=\"#\" data-borlabs-cookie-accept-service role=\"button\" style=\"display: inherit\">Aceptar el servicio requerido y desbloquear el contenido<\/a> <\/div> <\/div> <\/div><\/div>\n","protected":false},"excerpt":{"rendered":"<p>Con la autocaravana a Braunschweig Descubre la Ciudad de los Leones de forma espont\u00e1nea, cerca de la naturaleza y m\u00f3vil: Las parcelas para autocaravanas cercanas al centro de la ciudad te invitan a disfrutar de una estancia variada en Braunschweig. Con sus cortas distancias a los lugares de inter\u00e9s, instituciones culturales como el Museo Herzog [&hellip;]<\/p>\n","protected":false},"author":6,"featured_media":22960,"parent":17645,"menu_order":0,"comment_status":"closed","ping_status":"closed","template":"pagetemplates\/template-stadtthema.php","meta":{"_acf_changed":false,"footnotes":""},"categories":[],"tags":[],"ncap_cities_tax":[422,1396],"class_list":["post-22982","page","type-page","status-publish","has-post-thumbnail","hentry","ncap_cities_tax-braunschweig-es","ncap_cities_tax-reisemobilstellplatze-braunschweig-es"],"acf":[],"yoast_head":"<!-- This site is optimized with the Yoast SEO plugin v27.4 - https:\/\/yoast.com\/product\/yoast-seo-wordpress\/ -->\n<title>Parcelas para autocaravanas en Braunschweig - 9 St\u00e4dte in Niedersachsen<\/title>\n<meta name=\"robots\" content=\"index, follow, max-snippet:-1, max-image-preview:large, max-video-preview:-1\" \/>\n<link rel=\"canonical\" href=\"https:\/\/9staedte.de\/es\/braunschweig-la-ciudad-del-leon\/wohnmobilstellplaetze-in-braunschweig-2\/\" \/>\n<meta property=\"og:locale\" content=\"es_ES\" \/>\n<meta property=\"og:type\" content=\"article\" \/>\n<meta property=\"og:title\" content=\"Parcelas para autocaravanas en Braunschweig - 9 St\u00e4dte in Niedersachsen\" \/>\n<meta property=\"og:description\" content=\"Con la autocaravana a Braunschweig Descubre la Ciudad de los Leones de forma espont\u00e1nea, cerca de la naturaleza y m\u00f3vil: Las parcelas para autocaravanas cercanas al centro de la ciudad te invitan a disfrutar de una estancia variada en Braunschweig. Con sus cortas distancias a los lugares de inter\u00e9s, instituciones culturales como el Museo Herzog [&hellip;]\" \/>\n<meta property=\"og:url\" content=\"https:\/\/9staedte.de\/es\/braunschweig-la-ciudad-del-leon\/wohnmobilstellplaetze-in-braunschweig-2\/\" \/>\n<meta property=\"og:site_name\" content=\"9 St\u00e4dte in Niedersachsen\" \/>\n<meta property=\"article:modified_time\" content=\"2024-07-04T09:29:36+00:00\" \/>\n<meta property=\"og:image\" content=\"https:\/\/9staedte.de\/wp-content\/uploads\/2024\/07\/Braunschweig-Magniviertel-c-Braunschweig-Stadtmarketing-Christian-Bierwagen.jpg\" \/>\n\t<meta property=\"og:image:width\" content=\"1018\" \/>\n\t<meta property=\"og:image:height\" content=\"560\" \/>\n\t<meta property=\"og:image:type\" content=\"image\/jpeg\" \/>\n<meta name=\"twitter:card\" content=\"summary_large_image\" \/>\n<meta name=\"twitter:label1\" content=\"Tiempo de lectura\" \/>\n\t<meta name=\"twitter:data1\" content=\"4 minutos\" \/>\n<script type=\"application\/ld+json\" class=\"yoast-schema-graph\">{\"@context\":\"https:\\\/\\\/schema.org\",\"@graph\":[{\"@type\":\"WebPage\",\"@id\":\"https:\\\/\\\/9staedte.de\\\/es\\\/braunschweig-la-ciudad-del-leon\\\/wohnmobilstellplaetze-in-braunschweig-2\\\/\",\"url\":\"https:\\\/\\\/9staedte.de\\\/es\\\/braunschweig-la-ciudad-del-leon\\\/wohnmobilstellplaetze-in-braunschweig-2\\\/\",\"name\":\"Parcelas para autocaravanas en Braunschweig - 9 St\u00e4dte in Niedersachsen\",\"isPartOf\":{\"@id\":\"https:\\\/\\\/9staedte.de\\\/es\\\/#website\"},\"primaryImageOfPage\":{\"@id\":\"https:\\\/\\\/9staedte.de\\\/es\\\/braunschweig-la-ciudad-del-leon\\\/wohnmobilstellplaetze-in-braunschweig-2\\\/#primaryimage\"},\"image\":{\"@id\":\"https:\\\/\\\/9staedte.de\\\/es\\\/braunschweig-la-ciudad-del-leon\\\/wohnmobilstellplaetze-in-braunschweig-2\\\/#primaryimage\"},\"thumbnailUrl\":\"https:\\\/\\\/9staedte.de\\\/wp-content\\\/uploads\\\/2024\\\/07\\\/Braunschweig-Magniviertel-c-Braunschweig-Stadtmarketing-Christian-Bierwagen.jpg\",\"datePublished\":\"2024-07-04T09:03:50+00:00\",\"dateModified\":\"2024-07-04T09:29:36+00:00\",\"breadcrumb\":{\"@id\":\"https:\\\/\\\/9staedte.de\\\/es\\\/braunschweig-la-ciudad-del-leon\\\/wohnmobilstellplaetze-in-braunschweig-2\\\/#breadcrumb\"},\"inLanguage\":\"es\",\"potentialAction\":[{\"@type\":\"ReadAction\",\"target\":[\"https:\\\/\\\/9staedte.de\\\/es\\\/braunschweig-la-ciudad-del-leon\\\/wohnmobilstellplaetze-in-braunschweig-2\\\/\"]}]},{\"@type\":\"ImageObject\",\"inLanguage\":\"es\",\"@id\":\"https:\\\/\\\/9staedte.de\\\/es\\\/braunschweig-la-ciudad-del-leon\\\/wohnmobilstellplaetze-in-braunschweig-2\\\/#primaryimage\",\"url\":\"https:\\\/\\\/9staedte.de\\\/wp-content\\\/uploads\\\/2024\\\/07\\\/Braunschweig-Magniviertel-c-Braunschweig-Stadtmarketing-Christian-Bierwagen.jpg\",\"contentUrl\":\"https:\\\/\\\/9staedte.de\\\/wp-content\\\/uploads\\\/2024\\\/07\\\/Braunschweig-Magniviertel-c-Braunschweig-Stadtmarketing-Christian-Bierwagen.jpg\",\"width\":1018,\"height\":560,\"caption\":\"Braunschweig Magniviertel c) Braunschweig Stadtmarketing Christian Bierwagen\"},{\"@type\":\"BreadcrumbList\",\"@id\":\"https:\\\/\\\/9staedte.de\\\/es\\\/braunschweig-la-ciudad-del-leon\\\/wohnmobilstellplaetze-in-braunschweig-2\\\/#breadcrumb\",\"itemListElement\":[{\"@type\":\"ListItem\",\"position\":1,\"name\":\"Startseite\",\"item\":\"https:\\\/\\\/9staedte.de\\\/es\\\/\"},{\"@type\":\"ListItem\",\"position\":2,\"name\":\"Parcelas para autocaravanas en Braunschweig\"}]},{\"@type\":\"WebSite\",\"@id\":\"https:\\\/\\\/9staedte.de\\\/es\\\/#website\",\"url\":\"https:\\\/\\\/9staedte.de\\\/es\\\/\",\"name\":\"9 St\u00e4dte in Niedersachsen\",\"description\":\"\",\"publisher\":{\"@id\":\"https:\\\/\\\/9staedte.de\\\/es\\\/#organization\"},\"potentialAction\":[{\"@type\":\"SearchAction\",\"target\":{\"@type\":\"EntryPoint\",\"urlTemplate\":\"https:\\\/\\\/9staedte.de\\\/es\\\/?s={search_term_string}\"},\"query-input\":{\"@type\":\"PropertyValueSpecification\",\"valueRequired\":true,\"valueName\":\"search_term_string\"}}],\"inLanguage\":\"es\"},{\"@type\":\"Organization\",\"@id\":\"https:\\\/\\\/9staedte.de\\\/es\\\/#organization\",\"name\":\"9 St\u00e4dte in Niedersachsen\",\"url\":\"https:\\\/\\\/9staedte.de\\\/es\\\/\",\"logo\":{\"@type\":\"ImageObject\",\"inLanguage\":\"es\",\"@id\":\"https:\\\/\\\/9staedte.de\\\/es\\\/#\\\/schema\\\/logo\\\/image\\\/\",\"url\":\"https:\\\/\\\/9staedte.de\\\/wp-content\\\/uploads\\\/2025\\\/01\\\/9-neg-deutsch-2-1.png\",\"contentUrl\":\"https:\\\/\\\/9staedte.de\\\/wp-content\\\/uploads\\\/2025\\\/01\\\/9-neg-deutsch-2-1.png\",\"width\":190,\"height\":114,\"caption\":\"9 St\u00e4dte in Niedersachsen\"},\"image\":{\"@id\":\"https:\\\/\\\/9staedte.de\\\/es\\\/#\\\/schema\\\/logo\\\/image\\\/\"}}]}<\/script>\n<!-- \/ Yoast SEO plugin. -->","yoast_head_json":{"title":"Parcelas para autocaravanas en Braunschweig - 9 St\u00e4dte in Niedersachsen","robots":{"index":"index","follow":"follow","max-snippet":"max-snippet:-1","max-image-preview":"max-image-preview:large","max-video-preview":"max-video-preview:-1"},"canonical":"https:\/\/9staedte.de\/es\/braunschweig-la-ciudad-del-leon\/wohnmobilstellplaetze-in-braunschweig-2\/","og_locale":"es_ES","og_type":"article","og_title":"Parcelas para autocaravanas en Braunschweig - 9 St\u00e4dte in Niedersachsen","og_description":"Con la autocaravana a Braunschweig Descubre la Ciudad de los Leones de forma espont\u00e1nea, cerca de la naturaleza y m\u00f3vil: Las parcelas para autocaravanas cercanas al centro de la ciudad te invitan a disfrutar de una estancia variada en Braunschweig. Con sus cortas distancias a los lugares de inter\u00e9s, instituciones culturales como el Museo Herzog [&hellip;]","og_url":"https:\/\/9staedte.de\/es\/braunschweig-la-ciudad-del-leon\/wohnmobilstellplaetze-in-braunschweig-2\/","og_site_name":"9 St\u00e4dte in Niedersachsen","article_modified_time":"2024-07-04T09:29:36+00:00","og_image":[{"width":1018,"height":560,"url":"https:\/\/9staedte.de\/wp-content\/uploads\/2024\/07\/Braunschweig-Magniviertel-c-Braunschweig-Stadtmarketing-Christian-Bierwagen.jpg","type":"image\/jpeg"}],"twitter_card":"summary_large_image","twitter_misc":{"Tiempo de lectura":"4 minutos"},"schema":{"@context":"https:\/\/schema.org","@graph":[{"@type":"WebPage","@id":"https:\/\/9staedte.de\/es\/braunschweig-la-ciudad-del-leon\/wohnmobilstellplaetze-in-braunschweig-2\/","url":"https:\/\/9staedte.de\/es\/braunschweig-la-ciudad-del-leon\/wohnmobilstellplaetze-in-braunschweig-2\/","name":"Parcelas para autocaravanas en Braunschweig - 9 St\u00e4dte in Niedersachsen","isPartOf":{"@id":"https:\/\/9staedte.de\/es\/#website"},"primaryImageOfPage":{"@id":"https:\/\/9staedte.de\/es\/braunschweig-la-ciudad-del-leon\/wohnmobilstellplaetze-in-braunschweig-2\/#primaryimage"},"image":{"@id":"https:\/\/9staedte.de\/es\/braunschweig-la-ciudad-del-leon\/wohnmobilstellplaetze-in-braunschweig-2\/#primaryimage"},"thumbnailUrl":"https:\/\/9staedte.de\/wp-content\/uploads\/2024\/07\/Braunschweig-Magniviertel-c-Braunschweig-Stadtmarketing-Christian-Bierwagen.jpg","datePublished":"2024-07-04T09:03:50+00:00","dateModified":"2024-07-04T09:29:36+00:00","breadcrumb":{"@id":"https:\/\/9staedte.de\/es\/braunschweig-la-ciudad-del-leon\/wohnmobilstellplaetze-in-braunschweig-2\/#breadcrumb"},"inLanguage":"es","potentialAction":[{"@type":"ReadAction","target":["https:\/\/9staedte.de\/es\/braunschweig-la-ciudad-del-leon\/wohnmobilstellplaetze-in-braunschweig-2\/"]}]},{"@type":"ImageObject","inLanguage":"es","@id":"https:\/\/9staedte.de\/es\/braunschweig-la-ciudad-del-leon\/wohnmobilstellplaetze-in-braunschweig-2\/#primaryimage","url":"https:\/\/9staedte.de\/wp-content\/uploads\/2024\/07\/Braunschweig-Magniviertel-c-Braunschweig-Stadtmarketing-Christian-Bierwagen.jpg","contentUrl":"https:\/\/9staedte.de\/wp-content\/uploads\/2024\/07\/Braunschweig-Magniviertel-c-Braunschweig-Stadtmarketing-Christian-Bierwagen.jpg","width":1018,"height":560,"caption":"Braunschweig Magniviertel c) Braunschweig Stadtmarketing Christian Bierwagen"},{"@type":"BreadcrumbList","@id":"https:\/\/9staedte.de\/es\/braunschweig-la-ciudad-del-leon\/wohnmobilstellplaetze-in-braunschweig-2\/#breadcrumb","itemListElement":[{"@type":"ListItem","position":1,"name":"Startseite","item":"https:\/\/9staedte.de\/es\/"},{"@type":"ListItem","position":2,"name":"Parcelas para autocaravanas en Braunschweig"}]},{"@type":"WebSite","@id":"https:\/\/9staedte.de\/es\/#website","url":"https:\/\/9staedte.de\/es\/","name":"9 St\u00e4dte in Niedersachsen","description":"","publisher":{"@id":"https:\/\/9staedte.de\/es\/#organization"},"potentialAction":[{"@type":"SearchAction","target":{"@type":"EntryPoint","urlTemplate":"https:\/\/9staedte.de\/es\/?s={search_term_string}"},"query-input":{"@type":"PropertyValueSpecification","valueRequired":true,"valueName":"search_term_string"}}],"inLanguage":"es"},{"@type":"Organization","@id":"https:\/\/9staedte.de\/es\/#organization","name":"9 St\u00e4dte in Niedersachsen","url":"https:\/\/9staedte.de\/es\/","logo":{"@type":"ImageObject","inLanguage":"es","@id":"https:\/\/9staedte.de\/es\/#\/schema\/logo\/image\/","url":"https:\/\/9staedte.de\/wp-content\/uploads\/2025\/01\/9-neg-deutsch-2-1.png","contentUrl":"https:\/\/9staedte.de\/wp-content\/uploads\/2025\/01\/9-neg-deutsch-2-1.png","width":190,"height":114,"caption":"9 St\u00e4dte in Niedersachsen"},"image":{"@id":"https:\/\/9staedte.de\/es\/#\/schema\/logo\/image\/"}}]}},"_links":{"self":[{"href":"https:\/\/9staedte.de\/es\/wp-json\/wp\/v2\/pages\/22982","targetHints":{"allow":["GET"]}}],"collection":[{"href":"https:\/\/9staedte.de\/es\/wp-json\/wp\/v2\/pages"}],"about":[{"href":"https:\/\/9staedte.de\/es\/wp-json\/wp\/v2\/types\/page"}],"author":[{"embeddable":true,"href":"https:\/\/9staedte.de\/es\/wp-json\/wp\/v2\/users\/6"}],"replies":[{"embeddable":true,"href":"https:\/\/9staedte.de\/es\/wp-json\/wp\/v2\/comments?post=22982"}],"version-history":[{"count":2,"href":"https:\/\/9staedte.de\/es\/wp-json\/wp\/v2\/pages\/22982\/revisions"}],"predecessor-version":[{"id":22995,"href":"https:\/\/9staedte.de\/es\/wp-json\/wp\/v2\/pages\/22982\/revisions\/22995"}],"up":[{"embeddable":true,"href":"https:\/\/9staedte.de\/es\/wp-json\/wp\/v2\/pages\/17645"}],"wp:featuredmedia":[{"embeddable":true,"href":"https:\/\/9staedte.de\/es\/wp-json\/wp\/v2\/media\/22960"}],"wp:attachment":[{"href":"https:\/\/9staedte.de\/es\/wp-json\/wp\/v2\/media?parent=22982"}],"wp:term":[{"taxonomy":"category","embeddable":true,"href":"https:\/\/9staedte.de\/es\/wp-json\/wp\/v2\/categories?post=22982"},{"taxonomy":"post_tag","embeddable":true,"href":"https:\/\/9staedte.de\/es\/wp-json\/wp\/v2\/tags?post=22982"},{"taxonomy":"ncap_cities_tax","embeddable":true,"href":"https:\/\/9staedte.de\/es\/wp-json\/wp\/v2\/ncap_cities_tax?post=22982"}],"curies":[{"name":"wp","href":"https:\/\/api.w.org\/{rel}","templated":true}]}}