{"id":22694,"date":"2024-06-14T13:27:25","date_gmt":"2024-06-14T11:27:25","guid":{"rendered":"https:\/\/9staedte.de\/mit-dem-wohnmobil-nach-hildesheim\/"},"modified":"2024-06-14T13:31:19","modified_gmt":"2024-06-14T11:31:19","slug":"mit-dem-wohnmobil-nach-hildesheim","status":"publish","type":"page","link":"https:\/\/9staedte.de\/es\/hildesheim-ciudad-patrimonio-de-la-humanidad-de-la-unesco\/mit-dem-wohnmobil-nach-hildesheim\/","title":{"rendered":"Con la autocaravana a Hildesheim"},"content":{"rendered":"\n<h2 class=\"wp-block-heading\">Explora la ciudad Patrimonio de la Humanidad de la UNESCO<\/h2>\n\n<p>El aparcamiento est\u00e1 magn\u00edficamente situado en la orilla oriental del lago Hohnsensee de Hildesheim, con buenas conexiones con la autopista a trav\u00e9s de la B1 y la B6. Puedes alojarte gratuitamente hasta dos noches en el campo, junto al agua. El centro hist\u00f3rico de la ciudad est\u00e1 a tiro de piedra. Puedes iniciar una excursi\u00f3n en bicicleta por el pintoresco r\u00edo Innerste directamente desde el campo o tomar bebidas refrescantes con los pies en la arena, bajo las palmeras, en la cercana piscina al aire libre JoWiese.<\/p>\n\n<p>Un poco m\u00e1s lejos del centro de Hildesheim, pero muy cerca de la autopista A7, est\u00e1 el sencillo aparcamiento del Berliner Kreisel, muy adecuado para una breve parada gracias a su proximidad a restaurantes y a una parada de autob\u00fas de la l\u00ednea 5, que lleva al centro de la ciudad.<\/p>\n\n<figure class=\"wp-block-image size-full\"><img loading=\"lazy\" decoding=\"async\" width=\"1020\" height=\"561\" src=\"https:\/\/9staedte.de\/wp-content\/smush-webp\/2024\/06\/Wohnmobilstellplatz-Hohnsensee-CC0.jpg.webp\" alt=\"Camping para caravanas Hohnsensee CC0\" class=\"wp-image-22680\" srcset=\"https:\/\/9staedte.de\/wp-content\/smush-webp\/2024\/06\/Wohnmobilstellplatz-Hohnsensee-CC0.jpg.webp 1020w, https:\/\/9staedte.de\/wp-content\/smush-webp\/2024\/06\/Wohnmobilstellplatz-Hohnsensee-CC0-300x165.jpg.webp 300w, https:\/\/9staedte.de\/wp-content\/smush-webp\/2024\/06\/Wohnmobilstellplatz-Hohnsensee-CC0-768x422.jpg.webp 768w\" sizes=\"auto, (max-width: 1020px) 100vw, 1020px\" \/><figcaption class=\"wp-element-caption\">Camping para caravanas Hohnsensee CC0<\/figcaption><\/figure>\n\n<p><a href=\"https:\/\/www.hildesheim-tourismus.de\/anreise\/wohnmobil\">M\u00e1s informaci\u00f3n sobre autocaravanas y camping en Hildesheim:<\/a><\/p>\n\n <div class=\"brlbs-cmpnt-container brlbs-cmpnt-content-blocker brlbs-cmpnt-with-individual-styles\" data-borlabs-cookie-content-blocker-id=\"google-maps\" data-borlabs-cookie-content=\"PGlmcmFtZSBzcmM9Imh0dHBzOi8vd3d3Lmdvb2dsZS5jb20vbWFwcy9kL2VtYmVkP21pZD0xeTFiZmtOeWw4WnhyZzJJd3hlQU1nZjBjM1pRbDhLRSZlaGJjPTJFMzEyRiIgd2lkdGg9IjY0MCIgaGVpZ2h0PSI0ODAiPjwvaWZyYW1lPg==\"><div class=\"brlbs-cmpnt-cb-preset-b brlbs-cmpnt-cb-google-maps\"> <div class=\"brlbs-cmpnt-cb-thumbnail\" style=\"background-image: url('https:\/\/9staedte.de\/wp-content\/uploads\/borlabs-cookie\/1\/brlbs-cb-google-maps-main.png')\"><\/div> <div class=\"brlbs-cmpnt-cb-main\"> <div class=\"brlbs-cmpnt-cb-content\"> <p class=\"brlbs-cmpnt-cb-description\">Est\u00e1s viendo un contenido de marcador de posici\u00f3n de <strong>Google Maps<\/strong>. Para acceder al contenido real, haz clic en el siguiente bot\u00f3n. Ten en cuenta que al hacerlo compartir\u00e1s datos con terceros proveedores.<\/p> <a class=\"brlbs-cmpnt-cb-provider-toggle\" href=\"#\" data-borlabs-cookie-show-provider-information role=\"button\">M\u00e1s informaci\u00f3n<\/a> <\/div> <div class=\"brlbs-cmpnt-cb-buttons\"> <a class=\"brlbs-cmpnt-cb-btn\" href=\"#\" data-borlabs-cookie-unblock role=\"button\">Desbloquear contenido<\/a> <a class=\"brlbs-cmpnt-cb-btn\" href=\"#\" data-borlabs-cookie-accept-service role=\"button\" style=\"display: inherit\">Aceptar el servicio requerido y desbloquear el contenido<\/a> <\/div> <\/div> <\/div><\/div>\n\n<h2 class=\"wp-block-heading\">9 consejos para autocaravanistas en Hildesheim<\/h2>\n\n<figure class=\"wp-block-table\"><table><tbody><tr><td>1. una excursi\u00f3n en bicicleta por el Innerste hasta la <a href=\"https:\/\/www.facebook.com\/p\/Hofcaf%C3%A9-Dom%C3%A4ne-Marienburg-100063732454567\/?locale=de_DE\">cafeter\u00eda de la granja Dom\u00e4ne Marienburg<\/a> <br\/>2. combina tu viaje en autocaravana con un <a href=\"https:\/\/www.hildesheim-tourismus.de\/veranstaltungen\">acontecimiento destacado<\/a> de Hildesheim: de la fiesta del vino a la hora del jazz, de la fiesta del lago en Hohnsen a la magia del pavimento  <br\/>3. Explora el centro de Hildesheim: \u00a1no te puedes perder un caf\u00e9 en la hist\u00f3rica plaza del mercado, la vista panor\u00e1mica desde la torre de la iglesia de San Andr\u00e9s y las iglesias de la Catedral de Santa Mar\u00eda y San Miguel, declaradas Patrimonio de la Humanidad por la UNESCO!<br\/>4. descubre los museos de Hildesheim: el <a href=\"https:\/\/www.hildesheim-tourismus.de\/poi\/dommuseum-hildesheim\">Dommseum<\/a>, incluido el tesoro de la catedral, y la segunda mayor colecci\u00f3n egiptol\u00f3gica de Alemania en el <a href=\"https:\/\/www.hildesheim-tourismus.de\/poi\/roemer-und-pelizaeus-museum\">Museo Roemer y Pelizaeus<\/a> <br\/>5. explora las ciudades de la regi\u00f3n desde tu autocaravana: por ejemplo, la <a href=\"https:\/\/www.hildesheim-tourismus.de\/ausflugsziele-in-der-region\/kurort-bad-salzdetfurth\">ciudad balneario de Bad Salzdetfurth<\/a> o el <a href=\"https:\/\/www.hildesheim-tourismus.de\/poi\/kloster-und-klosterpark-lamspringe\">Monasterio y Parque del Monasterio de Lamspringe<\/a> <br\/>6. una excursi\u00f3n a la <a href=\"https:\/\/www.hildesheim-tourismus.de\/poi\/unesco-welterbe-fagus-werk\">F\u00e1brica de Fagus<\/a> de Alfeld, <a href=\"https:\/\/www.hildesheim-tourismus.de\/poi\/unesco-welterbe-fagus-werk\">Patrimonio Mundial de la<\/a> UNESCO  <br\/>7. una excursi\u00f3n a Holle al <a href=\"https:\/\/www.hildesheim-tourismus.de\/poi\/kunstmuseum-schloss-derneburg\">Museo de Arte del Castillo de Derneburg<\/a>, seguida de una breve caminata por el Sendero Cultural de Laves y caf\u00e9 y tarta en la Casa del Vidrio de Holle  <br\/>8. chapotea y t\u00fambate al sol en la playa y la piscina al aire libre <a href=\"https:\/\/jo-wiese.de\/\">de JoWiese<\/a> &#8211; marav\u00edllate con los m\u00e1s de 300 animales de la cercana reserva de caza, que ocupa unos 60.000 m\u00b2  <br\/>9. deja que los perros corran sin correa: los perros pueden ir sin correa durante todo el a\u00f1o en el <a href=\"https:\/\/www.stadt-hildesheim.de\/portal\/seiten\/hundefreilaufflaechen-900000562-33610.html\">estanque desbordante<\/a> de Hohnsensee, situado cerca del campo, y pueden correr en la zona verde.<\/td><\/tr><\/tbody><\/table><\/figure>\n","protected":false},"excerpt":{"rendered":"<p>Explora la ciudad Patrimonio de la Humanidad de la UNESCO El aparcamiento est\u00e1 magn\u00edficamente situado en la orilla oriental del lago Hohnsensee de Hildesheim, con buenas conexiones con la autopista a trav\u00e9s de la B1 y la B6. Puedes alojarte gratuitamente hasta dos noches en el campo, junto al agua. El centro hist\u00f3rico de la [&hellip;]<\/p>\n","protected":false},"author":6,"featured_media":22678,"parent":17958,"menu_order":0,"comment_status":"closed","ping_status":"closed","template":"","meta":{"_acf_changed":false,"footnotes":""},"categories":[],"tags":[],"ncap_cities_tax":[466,1438],"class_list":["post-22694","page","type-page","status-publish","has-post-thumbnail","hentry","ncap_cities_tax-hildesheim-es","ncap_cities_tax-reisemobilstellplatze-hildesheim-es"],"acf":[],"yoast_head":"<!-- This site is optimized with the Yoast SEO plugin v26.8 - https:\/\/yoast.com\/product\/yoast-seo-wordpress\/ -->\n<title>Con la autocaravana a Hildesheim - 9 St\u00e4dte in Niedersachsen<\/title>\n<meta name=\"robots\" content=\"index, follow, max-snippet:-1, max-image-preview:large, max-video-preview:-1\" \/>\n<link rel=\"canonical\" href=\"https:\/\/9staedte.de\/es\/hildesheim-ciudad-patrimonio-de-la-humanidad-de-la-unesco\/mit-dem-wohnmobil-nach-hildesheim\/\" \/>\n<meta property=\"og:locale\" content=\"es_ES\" \/>\n<meta property=\"og:type\" content=\"article\" \/>\n<meta property=\"og:title\" content=\"Con la autocaravana a Hildesheim - 9 St\u00e4dte in Niedersachsen\" \/>\n<meta property=\"og:description\" content=\"Explora la ciudad Patrimonio de la Humanidad de la UNESCO El aparcamiento est\u00e1 magn\u00edficamente situado en la orilla oriental del lago Hohnsensee de Hildesheim, con buenas conexiones con la autopista a trav\u00e9s de la B1 y la B6. Puedes alojarte gratuitamente hasta dos noches en el campo, junto al agua. El centro hist\u00f3rico de la [&hellip;]\" \/>\n<meta property=\"og:url\" content=\"https:\/\/9staedte.de\/es\/hildesheim-ciudad-patrimonio-de-la-humanidad-de-la-unesco\/mit-dem-wohnmobil-nach-hildesheim\/\" \/>\n<meta property=\"og:site_name\" content=\"9 St\u00e4dte in Niedersachsen\" \/>\n<meta property=\"article:modified_time\" content=\"2024-06-14T11:31:19+00:00\" \/>\n<meta property=\"og:image\" content=\"https:\/\/9staedte.de\/wp-content\/uploads\/2024\/06\/Hildesheim-Mariendom_Foto-Max-Wiesenbach-CC-BY-min.jpg\" \/>\n\t<meta property=\"og:image:width\" content=\"1019\" \/>\n\t<meta property=\"og:image:height\" content=\"559\" \/>\n\t<meta property=\"og:image:type\" content=\"image\/jpeg\" \/>\n<meta name=\"twitter:card\" content=\"summary_large_image\" \/>\n<meta name=\"twitter:label1\" content=\"Tiempo de lectura\" \/>\n\t<meta name=\"twitter:data1\" content=\"3 minutos\" \/>\n<script type=\"application\/ld+json\" class=\"yoast-schema-graph\">{\"@context\":\"https:\/\/schema.org\",\"@graph\":[{\"@type\":\"WebPage\",\"@id\":\"https:\/\/9staedte.de\/es\/hildesheim-ciudad-patrimonio-de-la-humanidad-de-la-unesco\/mit-dem-wohnmobil-nach-hildesheim\/\",\"url\":\"https:\/\/9staedte.de\/es\/hildesheim-ciudad-patrimonio-de-la-humanidad-de-la-unesco\/mit-dem-wohnmobil-nach-hildesheim\/\",\"name\":\"Con la autocaravana a Hildesheim - 9 St\u00e4dte in Niedersachsen\",\"isPartOf\":{\"@id\":\"https:\/\/9staedte.de\/es\/#website\"},\"primaryImageOfPage\":{\"@id\":\"https:\/\/9staedte.de\/es\/hildesheim-ciudad-patrimonio-de-la-humanidad-de-la-unesco\/mit-dem-wohnmobil-nach-hildesheim\/#primaryimage\"},\"image\":{\"@id\":\"https:\/\/9staedte.de\/es\/hildesheim-ciudad-patrimonio-de-la-humanidad-de-la-unesco\/mit-dem-wohnmobil-nach-hildesheim\/#primaryimage\"},\"thumbnailUrl\":\"https:\/\/9staedte.de\/wp-content\/uploads\/2024\/06\/Hildesheim-Mariendom_Foto-Max-Wiesenbach-CC-BY-min.jpg\",\"datePublished\":\"2024-06-14T11:27:25+00:00\",\"dateModified\":\"2024-06-14T11:31:19+00:00\",\"breadcrumb\":{\"@id\":\"https:\/\/9staedte.de\/es\/hildesheim-ciudad-patrimonio-de-la-humanidad-de-la-unesco\/mit-dem-wohnmobil-nach-hildesheim\/#breadcrumb\"},\"inLanguage\":\"es\",\"potentialAction\":[{\"@type\":\"ReadAction\",\"target\":[\"https:\/\/9staedte.de\/es\/hildesheim-ciudad-patrimonio-de-la-humanidad-de-la-unesco\/mit-dem-wohnmobil-nach-hildesheim\/\"]}]},{\"@type\":\"ImageObject\",\"inLanguage\":\"es\",\"@id\":\"https:\/\/9staedte.de\/es\/hildesheim-ciudad-patrimonio-de-la-humanidad-de-la-unesco\/mit-dem-wohnmobil-nach-hildesheim\/#primaryimage\",\"url\":\"https:\/\/9staedte.de\/wp-content\/uploads\/2024\/06\/Hildesheim-Mariendom_Foto-Max-Wiesenbach-CC-BY-min.jpg\",\"contentUrl\":\"https:\/\/9staedte.de\/wp-content\/uploads\/2024\/06\/Hildesheim-Mariendom_Foto-Max-Wiesenbach-CC-BY-min.jpg\",\"width\":1019,\"height\":559,\"caption\":\"Hildesheim Mariendom_Foto Max Wiesenbach (CC-BY)-min\"},{\"@type\":\"BreadcrumbList\",\"@id\":\"https:\/\/9staedte.de\/es\/hildesheim-ciudad-patrimonio-de-la-humanidad-de-la-unesco\/mit-dem-wohnmobil-nach-hildesheim\/#breadcrumb\",\"itemListElement\":[{\"@type\":\"ListItem\",\"position\":1,\"name\":\"Startseite\",\"item\":\"https:\/\/9staedte.de\/es\/\"},{\"@type\":\"ListItem\",\"position\":2,\"name\":\"Con la autocaravana a Hildesheim\"}]},{\"@type\":\"WebSite\",\"@id\":\"https:\/\/9staedte.de\/es\/#website\",\"url\":\"https:\/\/9staedte.de\/es\/\",\"name\":\"9 St\u00e4dte in Niedersachsen\",\"description\":\"\",\"publisher\":{\"@id\":\"https:\/\/9staedte.de\/es\/#organization\"},\"potentialAction\":[{\"@type\":\"SearchAction\",\"target\":{\"@type\":\"EntryPoint\",\"urlTemplate\":\"https:\/\/9staedte.de\/es\/?s={search_term_string}\"},\"query-input\":{\"@type\":\"PropertyValueSpecification\",\"valueRequired\":true,\"valueName\":\"search_term_string\"}}],\"inLanguage\":\"es\"},{\"@type\":\"Organization\",\"@id\":\"https:\/\/9staedte.de\/es\/#organization\",\"name\":\"9 St\u00e4dte in Niedersachsen\",\"url\":\"https:\/\/9staedte.de\/es\/\",\"logo\":{\"@type\":\"ImageObject\",\"inLanguage\":\"es\",\"@id\":\"https:\/\/9staedte.de\/es\/#\/schema\/logo\/image\/\",\"url\":\"https:\/\/9staedte.de\/wp-content\/uploads\/2025\/01\/9-neg-deutsch-2-1.png\",\"contentUrl\":\"https:\/\/9staedte.de\/wp-content\/uploads\/2025\/01\/9-neg-deutsch-2-1.png\",\"width\":190,\"height\":114,\"caption\":\"9 St\u00e4dte in Niedersachsen\"},\"image\":{\"@id\":\"https:\/\/9staedte.de\/es\/#\/schema\/logo\/image\/\"}}]}<\/script>\n<!-- \/ Yoast SEO plugin. -->","yoast_head_json":{"title":"Con la autocaravana a Hildesheim - 9 St\u00e4dte in Niedersachsen","robots":{"index":"index","follow":"follow","max-snippet":"max-snippet:-1","max-image-preview":"max-image-preview:large","max-video-preview":"max-video-preview:-1"},"canonical":"https:\/\/9staedte.de\/es\/hildesheim-ciudad-patrimonio-de-la-humanidad-de-la-unesco\/mit-dem-wohnmobil-nach-hildesheim\/","og_locale":"es_ES","og_type":"article","og_title":"Con la autocaravana a Hildesheim - 9 St\u00e4dte in Niedersachsen","og_description":"Explora la ciudad Patrimonio de la Humanidad de la UNESCO El aparcamiento est\u00e1 magn\u00edficamente situado en la orilla oriental del lago Hohnsensee de Hildesheim, con buenas conexiones con la autopista a trav\u00e9s de la B1 y la B6. Puedes alojarte gratuitamente hasta dos noches en el campo, junto al agua. El centro hist\u00f3rico de la [&hellip;]","og_url":"https:\/\/9staedte.de\/es\/hildesheim-ciudad-patrimonio-de-la-humanidad-de-la-unesco\/mit-dem-wohnmobil-nach-hildesheim\/","og_site_name":"9 St\u00e4dte in Niedersachsen","article_modified_time":"2024-06-14T11:31:19+00:00","og_image":[{"width":1019,"height":559,"url":"https:\/\/9staedte.de\/wp-content\/uploads\/2024\/06\/Hildesheim-Mariendom_Foto-Max-Wiesenbach-CC-BY-min.jpg","type":"image\/jpeg"}],"twitter_card":"summary_large_image","twitter_misc":{"Tiempo de lectura":"3 minutos"},"schema":{"@context":"https:\/\/schema.org","@graph":[{"@type":"WebPage","@id":"https:\/\/9staedte.de\/es\/hildesheim-ciudad-patrimonio-de-la-humanidad-de-la-unesco\/mit-dem-wohnmobil-nach-hildesheim\/","url":"https:\/\/9staedte.de\/es\/hildesheim-ciudad-patrimonio-de-la-humanidad-de-la-unesco\/mit-dem-wohnmobil-nach-hildesheim\/","name":"Con la autocaravana a Hildesheim - 9 St\u00e4dte in Niedersachsen","isPartOf":{"@id":"https:\/\/9staedte.de\/es\/#website"},"primaryImageOfPage":{"@id":"https:\/\/9staedte.de\/es\/hildesheim-ciudad-patrimonio-de-la-humanidad-de-la-unesco\/mit-dem-wohnmobil-nach-hildesheim\/#primaryimage"},"image":{"@id":"https:\/\/9staedte.de\/es\/hildesheim-ciudad-patrimonio-de-la-humanidad-de-la-unesco\/mit-dem-wohnmobil-nach-hildesheim\/#primaryimage"},"thumbnailUrl":"https:\/\/9staedte.de\/wp-content\/uploads\/2024\/06\/Hildesheim-Mariendom_Foto-Max-Wiesenbach-CC-BY-min.jpg","datePublished":"2024-06-14T11:27:25+00:00","dateModified":"2024-06-14T11:31:19+00:00","breadcrumb":{"@id":"https:\/\/9staedte.de\/es\/hildesheim-ciudad-patrimonio-de-la-humanidad-de-la-unesco\/mit-dem-wohnmobil-nach-hildesheim\/#breadcrumb"},"inLanguage":"es","potentialAction":[{"@type":"ReadAction","target":["https:\/\/9staedte.de\/es\/hildesheim-ciudad-patrimonio-de-la-humanidad-de-la-unesco\/mit-dem-wohnmobil-nach-hildesheim\/"]}]},{"@type":"ImageObject","inLanguage":"es","@id":"https:\/\/9staedte.de\/es\/hildesheim-ciudad-patrimonio-de-la-humanidad-de-la-unesco\/mit-dem-wohnmobil-nach-hildesheim\/#primaryimage","url":"https:\/\/9staedte.de\/wp-content\/uploads\/2024\/06\/Hildesheim-Mariendom_Foto-Max-Wiesenbach-CC-BY-min.jpg","contentUrl":"https:\/\/9staedte.de\/wp-content\/uploads\/2024\/06\/Hildesheim-Mariendom_Foto-Max-Wiesenbach-CC-BY-min.jpg","width":1019,"height":559,"caption":"Hildesheim Mariendom_Foto Max Wiesenbach (CC-BY)-min"},{"@type":"BreadcrumbList","@id":"https:\/\/9staedte.de\/es\/hildesheim-ciudad-patrimonio-de-la-humanidad-de-la-unesco\/mit-dem-wohnmobil-nach-hildesheim\/#breadcrumb","itemListElement":[{"@type":"ListItem","position":1,"name":"Startseite","item":"https:\/\/9staedte.de\/es\/"},{"@type":"ListItem","position":2,"name":"Con la autocaravana a Hildesheim"}]},{"@type":"WebSite","@id":"https:\/\/9staedte.de\/es\/#website","url":"https:\/\/9staedte.de\/es\/","name":"9 St\u00e4dte in Niedersachsen","description":"","publisher":{"@id":"https:\/\/9staedte.de\/es\/#organization"},"potentialAction":[{"@type":"SearchAction","target":{"@type":"EntryPoint","urlTemplate":"https:\/\/9staedte.de\/es\/?s={search_term_string}"},"query-input":{"@type":"PropertyValueSpecification","valueRequired":true,"valueName":"search_term_string"}}],"inLanguage":"es"},{"@type":"Organization","@id":"https:\/\/9staedte.de\/es\/#organization","name":"9 St\u00e4dte in Niedersachsen","url":"https:\/\/9staedte.de\/es\/","logo":{"@type":"ImageObject","inLanguage":"es","@id":"https:\/\/9staedte.de\/es\/#\/schema\/logo\/image\/","url":"https:\/\/9staedte.de\/wp-content\/uploads\/2025\/01\/9-neg-deutsch-2-1.png","contentUrl":"https:\/\/9staedte.de\/wp-content\/uploads\/2025\/01\/9-neg-deutsch-2-1.png","width":190,"height":114,"caption":"9 St\u00e4dte in Niedersachsen"},"image":{"@id":"https:\/\/9staedte.de\/es\/#\/schema\/logo\/image\/"}}]}},"_links":{"self":[{"href":"https:\/\/9staedte.de\/es\/wp-json\/wp\/v2\/pages\/22694","targetHints":{"allow":["GET"]}}],"collection":[{"href":"https:\/\/9staedte.de\/es\/wp-json\/wp\/v2\/pages"}],"about":[{"href":"https:\/\/9staedte.de\/es\/wp-json\/wp\/v2\/types\/page"}],"author":[{"embeddable":true,"href":"https:\/\/9staedte.de\/es\/wp-json\/wp\/v2\/users\/6"}],"replies":[{"embeddable":true,"href":"https:\/\/9staedte.de\/es\/wp-json\/wp\/v2\/comments?post=22694"}],"version-history":[{"count":2,"href":"https:\/\/9staedte.de\/es\/wp-json\/wp\/v2\/pages\/22694\/revisions"}],"predecessor-version":[{"id":22707,"href":"https:\/\/9staedte.de\/es\/wp-json\/wp\/v2\/pages\/22694\/revisions\/22707"}],"up":[{"embeddable":true,"href":"https:\/\/9staedte.de\/es\/wp-json\/wp\/v2\/pages\/17958"}],"wp:featuredmedia":[{"embeddable":true,"href":"https:\/\/9staedte.de\/es\/wp-json\/wp\/v2\/media\/22678"}],"wp:attachment":[{"href":"https:\/\/9staedte.de\/es\/wp-json\/wp\/v2\/media?parent=22694"}],"wp:term":[{"taxonomy":"category","embeddable":true,"href":"https:\/\/9staedte.de\/es\/wp-json\/wp\/v2\/categories?post=22694"},{"taxonomy":"post_tag","embeddable":true,"href":"https:\/\/9staedte.de\/es\/wp-json\/wp\/v2\/tags?post=22694"},{"taxonomy":"ncap_cities_tax","embeddable":true,"href":"https:\/\/9staedte.de\/es\/wp-json\/wp\/v2\/ncap_cities_tax?post=22694"}],"curies":[{"name":"wp","href":"https:\/\/api.w.org\/{rel}","templated":true}]}}