{"id":22614,"date":"2024-06-14T12:12:29","date_gmt":"2024-06-14T10:12:29","guid":{"rendered":"https:\/\/9staedte.de\/mit-dem-wohnmobil-nach-hameln\/"},"modified":"2024-07-04T14:11:31","modified_gmt":"2024-07-04T12:11:31","slug":"mit-dem-wohnmobil-nach-hameln","status":"publish","type":"page","link":"https:\/\/9staedte.de\/es\/hamelin-la-legendaria-ciudad-del-flautista-de-hamelin\/mit-dem-wohnmobil-nach-hameln\/","title":{"rendered":"Con la autocaravana a Hameln"},"content":{"rendered":"\n<h2 class=\"wp-block-heading\">Parcelas con vistas al Weser<\/h2>\n\n<p>Hameln se encuentra a izquierda y derecha del Weser, enclavada en las onduladas colinas del Weserbergland. La ciudad atrae a numerosos visitantes. En primer lugar, por la historia legendaria que se cuenta que tuvo lugar en Hamel\u00edn, pero el casco antiguo tambi\u00e9n atrae a mucha gente.<\/p>\n\n<p>Quienes viajen en autocaravana encontrar\u00e1n parcelas con vistas al Weser a s\u00f3lo 15 minutos a pie del casco antiguo, en el camping \u00abCampingplatz Hameln an der Weser\u00bb.<\/p>\n\n<figure class=\"wp-block-image size-full\"><img loading=\"lazy\" decoding=\"async\" width=\"1019\" height=\"558\" src=\"https:\/\/9staedte.de\/wp-content\/smush-webp\/2024\/06\/Wohnmobile-auf-dem-Campingplatz-Hameln-an-der-Weser-c-HMT.jpg.webp\" alt=\"\" class=\"wp-image-22596\" srcset=\"https:\/\/9staedte.de\/wp-content\/smush-webp\/2024\/06\/Wohnmobile-auf-dem-Campingplatz-Hameln-an-der-Weser-c-HMT.jpg.webp 1019w, https:\/\/9staedte.de\/wp-content\/smush-webp\/2024\/06\/Wohnmobile-auf-dem-Campingplatz-Hameln-an-der-Weser-c-HMT-300x164.jpg.webp 300w, https:\/\/9staedte.de\/wp-content\/smush-webp\/2024\/06\/Wohnmobile-auf-dem-Campingplatz-Hameln-an-der-Weser-c-HMT-768x421.jpg.webp 768w\" sizes=\"auto, (max-width: 1019px) 100vw, 1019px\" \/><\/figure>\n\n<p><a href=\"https:\/\/www.campingplatz-hameln.de\/camping\">Aqu\u00ed encontrar\u00e1s toda la informaci\u00f3n del camping Hameln an der Weser<\/a><\/p>\n\n <div class=\"brlbs-cmpnt-container brlbs-cmpnt-content-blocker brlbs-cmpnt-with-individual-styles\" data-borlabs-cookie-content-blocker-id=\"google-maps\" data-borlabs-cookie-content=\"PGlmcmFtZSBzcmM9Imh0dHBzOi8vd3d3Lmdvb2dsZS5jb20vbWFwcy9kL2VtYmVkP21pZD0xRWtkdV9LczNzSDluSVFfWVl2Y091S1ltN2lIZlNNZyZlaGJjPTJFMzEyRiIgd2lkdGg9IjY0MCIgaGVpZ2h0PSI0ODAiPjwvaWZyYW1lPg==\"><div class=\"brlbs-cmpnt-cb-preset-b brlbs-cmpnt-cb-google-maps\"> <div class=\"brlbs-cmpnt-cb-thumbnail\" style=\"background-image: url('https:\/\/9staedte.de\/wp-content\/uploads\/borlabs-cookie\/1\/brlbs-cb-google-maps-main.png')\"><\/div> <div class=\"brlbs-cmpnt-cb-main\"> <div class=\"brlbs-cmpnt-cb-content\"> <p class=\"brlbs-cmpnt-cb-description\">Est\u00e1s viendo un contenido de marcador de posici\u00f3n de <strong>Google Maps<\/strong>. Para acceder al contenido real, haz clic en el siguiente bot\u00f3n. Ten en cuenta que al hacerlo compartir\u00e1s datos con terceros proveedores.<\/p> <a class=\"brlbs-cmpnt-cb-provider-toggle\" href=\"#\" data-borlabs-cookie-show-provider-information role=\"button\">M\u00e1s informaci\u00f3n<\/a> <\/div> <div class=\"brlbs-cmpnt-cb-buttons\"> <a class=\"brlbs-cmpnt-cb-btn\" href=\"#\" data-borlabs-cookie-unblock role=\"button\">Desbloquear contenido<\/a> <a class=\"brlbs-cmpnt-cb-btn\" href=\"#\" data-borlabs-cookie-accept-service role=\"button\" style=\"display: inherit\">Aceptar el servicio requerido y desbloquear el contenido<\/a> <\/div> <\/div> <\/div><\/div>\n\n<h2 class=\"wp-block-heading\"><strong>9 consejos para autocaravanistas en Hameln:<\/strong><\/h2>\n\n<ul class=\"wp-block-list\">\n<li>Visita a la ciudad con el Flautista de Hamel\u00edn<a href=\"https:\/\/www.hameln.de\/de\/tourismus\/reise-erlebnisse\/erlebnisse\/erlebnisse\">(Experiencias (hameln.de)<\/a>)<\/li>\n\n\n\n<li>Museo Hamelin con el Teatro del Flautista de Hamel\u00edn Mec\u00e1nico<a href=\"http:\/\/www.museumhameln.de\">(www.museumhameln.de)<\/a><\/li>\n\n\n\n<li>Espect\u00e1culo de marionetas del Flautista de Hamel\u00edn en la Casa de Bodas, todos los d\u00edas a las 13:05, 15:35 y 17:35<\/li>\n\n\n\n<li>Obra de teatro al aire libre del Flautista de Hamelin, de mediados de mayo a mediados de septiembre, todos los dom. 12 h, gratuito<\/li>\n\n\n\n<li>RATAS musicales Pied Piper, de finales de mayo a principios de septiembre, todos los mi\u00e9rcoles. 16:30, gratuito<\/li>\n\n\n\n<li>Paseos en barco y excursiones programadas con la flota del Weser<a href=\"http:\/\/www.flotte-weser.de\">(www.flotte-weser.de)<\/a> <\/li>\n\n\n\n<li>Mercado semanal en la plaza del ayuntamiento, todos los mi\u00e9rcoles. y S\u00e1b. de 7:00 a 13:00<\/li>\n\n\n\n<li>Vista de la ciudad de Pied Piper desde la monta\u00f1a local \u00abKl\u00fct\u00bb de Hameln<\/li>\n\n\n\n<li>Recorridos en bicicleta por el carril bici de larga distancia m\u00e1s popular de Alemania, el Carril bici del Weser<\/li>\n<\/ul>\n\n<p><\/p>\n","protected":false},"excerpt":{"rendered":"<p>Parcelas con vistas al Weser Hameln se encuentra a izquierda y derecha del Weser, enclavada en las onduladas colinas del Weserbergland. La ciudad atrae a numerosos visitantes. En primer lugar, por la historia legendaria que se cuenta que tuvo lugar en Hamel\u00edn, pero el casco antiguo tambi\u00e9n atrae a mucha gente. Quienes viajen en autocaravana [&hellip;]<\/p>\n","protected":false},"author":6,"featured_media":22594,"parent":17959,"menu_order":0,"comment_status":"closed","ping_status":"closed","template":"","meta":{"_acf_changed":false,"footnotes":""},"categories":[],"tags":[],"ncap_cities_tax":[451,1424],"class_list":["post-22614","page","type-page","status-publish","has-post-thumbnail","hentry","ncap_cities_tax-hameln-es","ncap_cities_tax-reisemobilstellplatze-hameln-es"],"acf":[],"yoast_head":"<!-- This site is optimized with the Yoast SEO plugin v27.4 - https:\/\/yoast.com\/product\/yoast-seo-wordpress\/ -->\n<title>Con la autocaravana a Hameln - 9 St\u00e4dte in Niedersachsen<\/title>\n<meta name=\"robots\" content=\"index, follow, max-snippet:-1, max-image-preview:large, max-video-preview:-1\" \/>\n<link rel=\"canonical\" href=\"https:\/\/9staedte.de\/es\/hamelin-la-legendaria-ciudad-del-flautista-de-hamelin\/mit-dem-wohnmobil-nach-hameln\/\" \/>\n<meta property=\"og:locale\" content=\"es_ES\" \/>\n<meta property=\"og:type\" content=\"article\" \/>\n<meta property=\"og:title\" content=\"Con la autocaravana a Hameln - 9 St\u00e4dte in Niedersachsen\" \/>\n<meta property=\"og:description\" content=\"Parcelas con vistas al Weser Hameln se encuentra a izquierda y derecha del Weser, enclavada en las onduladas colinas del Weserbergland. La ciudad atrae a numerosos visitantes. En primer lugar, por la historia legendaria que se cuenta que tuvo lugar en Hamel\u00edn, pero el casco antiguo tambi\u00e9n atrae a mucha gente. Quienes viajen en autocaravana [&hellip;]\" \/>\n<meta property=\"og:url\" content=\"https:\/\/9staedte.de\/es\/hamelin-la-legendaria-ciudad-del-flautista-de-hamelin\/mit-dem-wohnmobil-nach-hameln\/\" \/>\n<meta property=\"og:site_name\" content=\"9 St\u00e4dte in Niedersachsen\" \/>\n<meta property=\"article:modified_time\" content=\"2024-07-04T12:11:31+00:00\" \/>\n<meta property=\"og:image\" content=\"https:\/\/9staedte.de\/wp-content\/uploads\/2024\/06\/Altstadt-Hameln-c-Hameln-Marketing-und-Tourismus-GmbH.jpg\" \/>\n\t<meta property=\"og:image:width\" content=\"1018\" \/>\n\t<meta property=\"og:image:height\" content=\"564\" \/>\n\t<meta property=\"og:image:type\" content=\"image\/jpeg\" \/>\n<meta name=\"twitter:card\" content=\"summary_large_image\" \/>\n<meta name=\"twitter:label1\" content=\"Tiempo de lectura\" \/>\n\t<meta name=\"twitter:data1\" content=\"2 minutos\" \/>\n<script type=\"application\/ld+json\" class=\"yoast-schema-graph\">{\"@context\":\"https:\\\/\\\/schema.org\",\"@graph\":[{\"@type\":\"WebPage\",\"@id\":\"https:\\\/\\\/9staedte.de\\\/es\\\/hamelin-la-legendaria-ciudad-del-flautista-de-hamelin\\\/mit-dem-wohnmobil-nach-hameln\\\/\",\"url\":\"https:\\\/\\\/9staedte.de\\\/es\\\/hamelin-la-legendaria-ciudad-del-flautista-de-hamelin\\\/mit-dem-wohnmobil-nach-hameln\\\/\",\"name\":\"Con la autocaravana a Hameln - 9 St\u00e4dte in Niedersachsen\",\"isPartOf\":{\"@id\":\"https:\\\/\\\/9staedte.de\\\/es\\\/#website\"},\"primaryImageOfPage\":{\"@id\":\"https:\\\/\\\/9staedte.de\\\/es\\\/hamelin-la-legendaria-ciudad-del-flautista-de-hamelin\\\/mit-dem-wohnmobil-nach-hameln\\\/#primaryimage\"},\"image\":{\"@id\":\"https:\\\/\\\/9staedte.de\\\/es\\\/hamelin-la-legendaria-ciudad-del-flautista-de-hamelin\\\/mit-dem-wohnmobil-nach-hameln\\\/#primaryimage\"},\"thumbnailUrl\":\"https:\\\/\\\/9staedte.de\\\/wp-content\\\/uploads\\\/2024\\\/06\\\/Altstadt-Hameln-c-Hameln-Marketing-und-Tourismus-GmbH.jpg\",\"datePublished\":\"2024-06-14T10:12:29+00:00\",\"dateModified\":\"2024-07-04T12:11:31+00:00\",\"breadcrumb\":{\"@id\":\"https:\\\/\\\/9staedte.de\\\/es\\\/hamelin-la-legendaria-ciudad-del-flautista-de-hamelin\\\/mit-dem-wohnmobil-nach-hameln\\\/#breadcrumb\"},\"inLanguage\":\"es\",\"potentialAction\":[{\"@type\":\"ReadAction\",\"target\":[\"https:\\\/\\\/9staedte.de\\\/es\\\/hamelin-la-legendaria-ciudad-del-flautista-de-hamelin\\\/mit-dem-wohnmobil-nach-hameln\\\/\"]}]},{\"@type\":\"ImageObject\",\"inLanguage\":\"es\",\"@id\":\"https:\\\/\\\/9staedte.de\\\/es\\\/hamelin-la-legendaria-ciudad-del-flautista-de-hamelin\\\/mit-dem-wohnmobil-nach-hameln\\\/#primaryimage\",\"url\":\"https:\\\/\\\/9staedte.de\\\/wp-content\\\/uploads\\\/2024\\\/06\\\/Altstadt-Hameln-c-Hameln-Marketing-und-Tourismus-GmbH.jpg\",\"contentUrl\":\"https:\\\/\\\/9staedte.de\\\/wp-content\\\/uploads\\\/2024\\\/06\\\/Altstadt-Hameln-c-Hameln-Marketing-und-Tourismus-GmbH.jpg\",\"width\":1018,\"height\":564,\"caption\":\"Altstadt Hameln c) Hameln Marketing und Tourismus GmbH\"},{\"@type\":\"BreadcrumbList\",\"@id\":\"https:\\\/\\\/9staedte.de\\\/es\\\/hamelin-la-legendaria-ciudad-del-flautista-de-hamelin\\\/mit-dem-wohnmobil-nach-hameln\\\/#breadcrumb\",\"itemListElement\":[{\"@type\":\"ListItem\",\"position\":1,\"name\":\"Startseite\",\"item\":\"https:\\\/\\\/9staedte.de\\\/es\\\/\"},{\"@type\":\"ListItem\",\"position\":2,\"name\":\"Con la autocaravana a Hameln\"}]},{\"@type\":\"WebSite\",\"@id\":\"https:\\\/\\\/9staedte.de\\\/es\\\/#website\",\"url\":\"https:\\\/\\\/9staedte.de\\\/es\\\/\",\"name\":\"9 St\u00e4dte in Niedersachsen\",\"description\":\"\",\"publisher\":{\"@id\":\"https:\\\/\\\/9staedte.de\\\/es\\\/#organization\"},\"potentialAction\":[{\"@type\":\"SearchAction\",\"target\":{\"@type\":\"EntryPoint\",\"urlTemplate\":\"https:\\\/\\\/9staedte.de\\\/es\\\/?s={search_term_string}\"},\"query-input\":{\"@type\":\"PropertyValueSpecification\",\"valueRequired\":true,\"valueName\":\"search_term_string\"}}],\"inLanguage\":\"es\"},{\"@type\":\"Organization\",\"@id\":\"https:\\\/\\\/9staedte.de\\\/es\\\/#organization\",\"name\":\"9 St\u00e4dte in Niedersachsen\",\"url\":\"https:\\\/\\\/9staedte.de\\\/es\\\/\",\"logo\":{\"@type\":\"ImageObject\",\"inLanguage\":\"es\",\"@id\":\"https:\\\/\\\/9staedte.de\\\/es\\\/#\\\/schema\\\/logo\\\/image\\\/\",\"url\":\"https:\\\/\\\/9staedte.de\\\/wp-content\\\/uploads\\\/2025\\\/01\\\/9-neg-deutsch-2-1.png\",\"contentUrl\":\"https:\\\/\\\/9staedte.de\\\/wp-content\\\/uploads\\\/2025\\\/01\\\/9-neg-deutsch-2-1.png\",\"width\":190,\"height\":114,\"caption\":\"9 St\u00e4dte in Niedersachsen\"},\"image\":{\"@id\":\"https:\\\/\\\/9staedte.de\\\/es\\\/#\\\/schema\\\/logo\\\/image\\\/\"}}]}<\/script>\n<!-- \/ Yoast SEO plugin. -->","yoast_head_json":{"title":"Con la autocaravana a Hameln - 9 St\u00e4dte in Niedersachsen","robots":{"index":"index","follow":"follow","max-snippet":"max-snippet:-1","max-image-preview":"max-image-preview:large","max-video-preview":"max-video-preview:-1"},"canonical":"https:\/\/9staedte.de\/es\/hamelin-la-legendaria-ciudad-del-flautista-de-hamelin\/mit-dem-wohnmobil-nach-hameln\/","og_locale":"es_ES","og_type":"article","og_title":"Con la autocaravana a Hameln - 9 St\u00e4dte in Niedersachsen","og_description":"Parcelas con vistas al Weser Hameln se encuentra a izquierda y derecha del Weser, enclavada en las onduladas colinas del Weserbergland. La ciudad atrae a numerosos visitantes. En primer lugar, por la historia legendaria que se cuenta que tuvo lugar en Hamel\u00edn, pero el casco antiguo tambi\u00e9n atrae a mucha gente. Quienes viajen en autocaravana [&hellip;]","og_url":"https:\/\/9staedte.de\/es\/hamelin-la-legendaria-ciudad-del-flautista-de-hamelin\/mit-dem-wohnmobil-nach-hameln\/","og_site_name":"9 St\u00e4dte in Niedersachsen","article_modified_time":"2024-07-04T12:11:31+00:00","og_image":[{"width":1018,"height":564,"url":"https:\/\/9staedte.de\/wp-content\/uploads\/2024\/06\/Altstadt-Hameln-c-Hameln-Marketing-und-Tourismus-GmbH.jpg","type":"image\/jpeg"}],"twitter_card":"summary_large_image","twitter_misc":{"Tiempo de lectura":"2 minutos"},"schema":{"@context":"https:\/\/schema.org","@graph":[{"@type":"WebPage","@id":"https:\/\/9staedte.de\/es\/hamelin-la-legendaria-ciudad-del-flautista-de-hamelin\/mit-dem-wohnmobil-nach-hameln\/","url":"https:\/\/9staedte.de\/es\/hamelin-la-legendaria-ciudad-del-flautista-de-hamelin\/mit-dem-wohnmobil-nach-hameln\/","name":"Con la autocaravana a Hameln - 9 St\u00e4dte in Niedersachsen","isPartOf":{"@id":"https:\/\/9staedte.de\/es\/#website"},"primaryImageOfPage":{"@id":"https:\/\/9staedte.de\/es\/hamelin-la-legendaria-ciudad-del-flautista-de-hamelin\/mit-dem-wohnmobil-nach-hameln\/#primaryimage"},"image":{"@id":"https:\/\/9staedte.de\/es\/hamelin-la-legendaria-ciudad-del-flautista-de-hamelin\/mit-dem-wohnmobil-nach-hameln\/#primaryimage"},"thumbnailUrl":"https:\/\/9staedte.de\/wp-content\/uploads\/2024\/06\/Altstadt-Hameln-c-Hameln-Marketing-und-Tourismus-GmbH.jpg","datePublished":"2024-06-14T10:12:29+00:00","dateModified":"2024-07-04T12:11:31+00:00","breadcrumb":{"@id":"https:\/\/9staedte.de\/es\/hamelin-la-legendaria-ciudad-del-flautista-de-hamelin\/mit-dem-wohnmobil-nach-hameln\/#breadcrumb"},"inLanguage":"es","potentialAction":[{"@type":"ReadAction","target":["https:\/\/9staedte.de\/es\/hamelin-la-legendaria-ciudad-del-flautista-de-hamelin\/mit-dem-wohnmobil-nach-hameln\/"]}]},{"@type":"ImageObject","inLanguage":"es","@id":"https:\/\/9staedte.de\/es\/hamelin-la-legendaria-ciudad-del-flautista-de-hamelin\/mit-dem-wohnmobil-nach-hameln\/#primaryimage","url":"https:\/\/9staedte.de\/wp-content\/uploads\/2024\/06\/Altstadt-Hameln-c-Hameln-Marketing-und-Tourismus-GmbH.jpg","contentUrl":"https:\/\/9staedte.de\/wp-content\/uploads\/2024\/06\/Altstadt-Hameln-c-Hameln-Marketing-und-Tourismus-GmbH.jpg","width":1018,"height":564,"caption":"Altstadt Hameln c) Hameln Marketing und Tourismus GmbH"},{"@type":"BreadcrumbList","@id":"https:\/\/9staedte.de\/es\/hamelin-la-legendaria-ciudad-del-flautista-de-hamelin\/mit-dem-wohnmobil-nach-hameln\/#breadcrumb","itemListElement":[{"@type":"ListItem","position":1,"name":"Startseite","item":"https:\/\/9staedte.de\/es\/"},{"@type":"ListItem","position":2,"name":"Con la autocaravana a Hameln"}]},{"@type":"WebSite","@id":"https:\/\/9staedte.de\/es\/#website","url":"https:\/\/9staedte.de\/es\/","name":"9 St\u00e4dte in Niedersachsen","description":"","publisher":{"@id":"https:\/\/9staedte.de\/es\/#organization"},"potentialAction":[{"@type":"SearchAction","target":{"@type":"EntryPoint","urlTemplate":"https:\/\/9staedte.de\/es\/?s={search_term_string}"},"query-input":{"@type":"PropertyValueSpecification","valueRequired":true,"valueName":"search_term_string"}}],"inLanguage":"es"},{"@type":"Organization","@id":"https:\/\/9staedte.de\/es\/#organization","name":"9 St\u00e4dte in Niedersachsen","url":"https:\/\/9staedte.de\/es\/","logo":{"@type":"ImageObject","inLanguage":"es","@id":"https:\/\/9staedte.de\/es\/#\/schema\/logo\/image\/","url":"https:\/\/9staedte.de\/wp-content\/uploads\/2025\/01\/9-neg-deutsch-2-1.png","contentUrl":"https:\/\/9staedte.de\/wp-content\/uploads\/2025\/01\/9-neg-deutsch-2-1.png","width":190,"height":114,"caption":"9 St\u00e4dte in Niedersachsen"},"image":{"@id":"https:\/\/9staedte.de\/es\/#\/schema\/logo\/image\/"}}]}},"_links":{"self":[{"href":"https:\/\/9staedte.de\/es\/wp-json\/wp\/v2\/pages\/22614","targetHints":{"allow":["GET"]}}],"collection":[{"href":"https:\/\/9staedte.de\/es\/wp-json\/wp\/v2\/pages"}],"about":[{"href":"https:\/\/9staedte.de\/es\/wp-json\/wp\/v2\/types\/page"}],"author":[{"embeddable":true,"href":"https:\/\/9staedte.de\/es\/wp-json\/wp\/v2\/users\/6"}],"replies":[{"embeddable":true,"href":"https:\/\/9staedte.de\/es\/wp-json\/wp\/v2\/comments?post=22614"}],"version-history":[{"count":4,"href":"https:\/\/9staedte.de\/es\/wp-json\/wp\/v2\/pages\/22614\/revisions"}],"predecessor-version":[{"id":22629,"href":"https:\/\/9staedte.de\/es\/wp-json\/wp\/v2\/pages\/22614\/revisions\/22629"}],"up":[{"embeddable":true,"href":"https:\/\/9staedte.de\/es\/wp-json\/wp\/v2\/pages\/17959"}],"wp:featuredmedia":[{"embeddable":true,"href":"https:\/\/9staedte.de\/es\/wp-json\/wp\/v2\/media\/22594"}],"wp:attachment":[{"href":"https:\/\/9staedte.de\/es\/wp-json\/wp\/v2\/media?parent=22614"}],"wp:term":[{"taxonomy":"category","embeddable":true,"href":"https:\/\/9staedte.de\/es\/wp-json\/wp\/v2\/categories?post=22614"},{"taxonomy":"post_tag","embeddable":true,"href":"https:\/\/9staedte.de\/es\/wp-json\/wp\/v2\/tags?post=22614"},{"taxonomy":"ncap_cities_tax","embeddable":true,"href":"https:\/\/9staedte.de\/es\/wp-json\/wp\/v2\/ncap_cities_tax?post=22614"}],"curies":[{"name":"wp","href":"https:\/\/api.w.org\/{rel}","templated":true}]}}