{"id":22581,"date":"2024-06-14T11:18:46","date_gmt":"2024-06-14T09:18:46","guid":{"rendered":"https:\/\/9staedte.de\/con-la-autocaravana-a-gotinga\/"},"modified":"2025-05-15T17:07:37","modified_gmt":"2025-05-15T15:07:37","slug":"con-la-autocaravana-a-gotinga","status":"publish","type":"page","link":"https:\/\/9staedte.de\/es\/gottingen-ciudad-creadora-de-conocimiento\/con-la-autocaravana-a-gotinga\/","title":{"rendered":"Con la autocaravana a Gotinga"},"content":{"rendered":"\n<p><strong>Puerto de autocaravanas de G\u00f6ttingen: \u00abTop place\u00bb cerca del centro de la ciudad<\/strong><\/p>\n\n<p>El puerto de autocaravanas de Gotinga es un ejemplo de \u00e9xito de c\u00f3mo combinar los intereses de los autocaravanistas con las condiciones de una gran ciudad atractiva para los turistas.<\/p>\n\n<p>El camping para autocaravanas Eiswiese, vallado e iluminado por todos lados, est\u00e1 en una ubicaci\u00f3n excelente: Situado en un cintur\u00f3n verde cerca del lago Kiessee, bordeando directamente el r\u00edo Leine, en un lugar muy tranquilo y, sin embargo, cerca del centro hist\u00f3rico de G\u00f6ttingen. Est\u00e1 a s\u00f3lo 10 minutos a pie del casco antiguo, donde el ayuntamiento medieval, las iglesias, las casas con entramado de madera, los pubs, los caf\u00e9s callejeros y muchas tiendas te invitan a pasear y visitar. Y por \u00faltimo, pero no por ello menos importante, es imprescindible visitar a la G\u00e4nseliesel, la \u00abchica m\u00e1s besada del mundo\u00bb que te saluda desde la fuente del mercado.<\/p>\n\n<p>El total de 28 plazas de aparcamiento llanas y pavimentadas est\u00e1n generosamente parceladas, con una anchura de 5,50 m y una longitud de 10 a 12 m en todas ellas, y por supuesto se dispone de instalaciones de suministro y eliminaci\u00f3n de residuos respetuosas con el medio ambiente. El para\u00edso balneario de Eiswiese, con su enorme zona de sauna, y la piscina al aire libre de Brauweg est\u00e1n justo al lado de la plaza, mientras que el Parque Deportivo de G\u00f6ttingen y el lago Kiessee, con alquiler de barcas, pesca y deportes acu\u00e1ticos, ofrecen numerosas actividades de ocio en los alrededores. Las tiendas, supermercados, farmacias, bancos y cajas de ahorros est\u00e1n a una distancia m\u00e1xima a pie. Radio de 1 km.<\/p>\n\n<figure class=\"wp-block-image size-full\"><img loading=\"lazy\" decoding=\"async\" width=\"1020\" height=\"560\" src=\"https:\/\/9staedte.de\/wp-content\/smush-webp\/2024\/06\/Goettingen-Reisemobilhafen-c-Goettingen-Tourismus.jpg.webp\" alt=\"Goettingen-puerto-m&#xF3;vil-c-Goettingen-turismo\" class=\"wp-image-22560\" srcset=\"https:\/\/9staedte.de\/wp-content\/smush-webp\/2024\/06\/Goettingen-Reisemobilhafen-c-Goettingen-Tourismus.jpg.webp 1020w, https:\/\/9staedte.de\/wp-content\/smush-webp\/2024\/06\/Goettingen-Reisemobilhafen-c-Goettingen-Tourismus-300x165.jpg.webp 300w, https:\/\/9staedte.de\/wp-content\/smush-webp\/2024\/06\/Goettingen-Reisemobilhafen-c-Goettingen-Tourismus-768x422.jpg.webp 768w\" sizes=\"auto, (max-width: 1020px) 100vw, 1020px\" \/><figcaption class=\"wp-element-caption\">Goettingen-puerto-m\u00f3vil-c-Goettingen-turismo<\/figcaption><\/figure>\n\n<p>Contacto:<br\/>G\u00f6ttinger Sport- und Freizeit GmbH<br\/>Viento 60<br\/>37073 G\u00f6ttingen<br\/>Tel. +49 (0) 551 \/ 50709-0<br\/>Fax +49 (0) 5 51 \/ 50709-161<br\/>Correo electr\u00f3nico: <a href=\"mailto:info@goesf.de\">info@goesf.de<\/a><br\/>Internet: <a href=\"http:\/\/www.goesf.de\/\" target=\"_blank\" rel=\"noreferrer noopener\">www.goesf.de<\/a><\/p>\n\n <div class=\"brlbs-cmpnt-container brlbs-cmpnt-content-blocker brlbs-cmpnt-with-individual-styles\" data-borlabs-cookie-content-blocker-id=\"google-maps\" data-borlabs-cookie-content=\"PGlmcmFtZSBzcmM9Imh0dHBzOi8vd3d3Lmdvb2dsZS5jb20vbWFwcy9kL2VtYmVkP21pZD0xWnlKcEkxU1pzQXZCTUtzc29GdG1zeDNVM3BlQmtNNCZlaGJjPTJFMzEyRiIgd2lkdGg9IjY0MCIgaGVpZ2h0PSI0ODAiPjwvaWZyYW1lPg==\"><div class=\"brlbs-cmpnt-cb-preset-b brlbs-cmpnt-cb-google-maps\"> <div class=\"brlbs-cmpnt-cb-thumbnail\" style=\"background-image: url('https:\/\/9staedte.de\/wp-content\/uploads\/borlabs-cookie\/1\/brlbs-cb-google-maps-main.png')\"><\/div> <div class=\"brlbs-cmpnt-cb-main\"> <div class=\"brlbs-cmpnt-cb-content\"> <p class=\"brlbs-cmpnt-cb-description\">Est\u00e1s viendo un contenido de marcador de posici\u00f3n de <strong>Google Maps<\/strong>. Para acceder al contenido real, haz clic en el siguiente bot\u00f3n. Ten en cuenta que al hacerlo compartir\u00e1s datos con terceros proveedores.<\/p> <a class=\"brlbs-cmpnt-cb-provider-toggle\" href=\"#\" data-borlabs-cookie-show-provider-information role=\"button\">M\u00e1s informaci\u00f3n<\/a> <\/div> <div class=\"brlbs-cmpnt-cb-buttons\"> <a class=\"brlbs-cmpnt-cb-btn\" href=\"#\" data-borlabs-cookie-unblock role=\"button\">Desbloquear contenido<\/a> <a class=\"brlbs-cmpnt-cb-btn\" href=\"#\" data-borlabs-cookie-accept-service role=\"button\" style=\"display: inherit\">Aceptar el servicio requerido y desbloquear el contenido<\/a> <\/div> <\/div> <\/div><\/div>\n\n<p><strong>9 consejos para tu viaje en autocaravana a Gotinga:<\/strong><\/p>\n\n<ol class=\"wp-block-list\" start=\"1\">\n<li>Disfruta de un ba\u00f1o relajante en el para\u00edso balneario de Eiswiese<\/li>\n\n\n\n<li>Pasea por el lago de grava cercano<\/li>\n\n\n\n<li>Ve una pel\u00edcula en el cine al aire libre de Brauweg en agosto<\/li>\n\n\n\n<li>Da un paseo en bici por el carril bici Leine-Heide<\/li>\n\n\n\n<li>T\u00f3mate un descanso en el Caf\u00e9 Kredo y disfruta de la vista del lago<\/li>\n\n\n\n<li>Alquila un pedalo en el lago Kiessee<\/li>\n\n\n\n<li>Explora el cercano casco antiguo de Gotinga<\/li>\n\n\n\n<li>Descubre el Antiguo Jard\u00edn Bot\u00e1nico del Stadtwall<\/li>\n\n\n\n<li>Disfruta de la animada escena cultural  <\/li>\n<\/ol>\n","protected":false},"excerpt":{"rendered":"<p>Puerto de autocaravanas de G\u00f6ttingen: \u00abTop place\u00bb cerca del centro de la ciudad El puerto de autocaravanas de Gotinga es un ejemplo de \u00e9xito de c\u00f3mo combinar los intereses de los autocaravanistas con las condiciones de una gran ciudad atractiva para los turistas. El camping para autocaravanas Eiswiese, vallado e iluminado por todos lados, est\u00e1 [&hellip;]<\/p>\n","protected":false},"author":6,"featured_media":17353,"parent":18032,"menu_order":0,"comment_status":"closed","ping_status":"closed","template":"","meta":{"_acf_changed":false,"footnotes":""},"categories":[],"tags":[],"ncap_cities_tax":[437,1409],"class_list":["post-22581","page","type-page","status-publish","has-post-thumbnail","hentry","ncap_cities_tax-goettingen-es","ncap_cities_tax-reisemobilstellplatze-goettingen-es"],"acf":[],"yoast_head":"<!-- This site is optimized with the Yoast SEO plugin v26.8 - https:\/\/yoast.com\/product\/yoast-seo-wordpress\/ -->\n<title>Con la autocaravana a Gotinga - 9 St\u00e4dte in Niedersachsen<\/title>\n<meta name=\"robots\" content=\"index, follow, max-snippet:-1, max-image-preview:large, max-video-preview:-1\" \/>\n<link rel=\"canonical\" href=\"https:\/\/9staedte.de\/es\/gottingen-ciudad-creadora-de-conocimiento\/con-la-autocaravana-a-gotinga\/\" \/>\n<meta property=\"og:locale\" content=\"es_ES\" \/>\n<meta property=\"og:type\" content=\"article\" \/>\n<meta property=\"og:title\" content=\"Con la autocaravana a Gotinga - 9 St\u00e4dte in Niedersachsen\" \/>\n<meta property=\"og:description\" content=\"Puerto de autocaravanas de G\u00f6ttingen: \u00abTop place\u00bb cerca del centro de la ciudad El puerto de autocaravanas de Gotinga es un ejemplo de \u00e9xito de c\u00f3mo combinar los intereses de los autocaravanistas con las condiciones de una gran ciudad atractiva para los turistas. El camping para autocaravanas Eiswiese, vallado e iluminado por todos lados, est\u00e1 [&hellip;]\" \/>\n<meta property=\"og:url\" content=\"https:\/\/9staedte.de\/es\/gottingen-ciudad-creadora-de-conocimiento\/con-la-autocaravana-a-gotinga\/\" \/>\n<meta property=\"og:site_name\" content=\"9 St\u00e4dte in Niedersachsen\" \/>\n<meta property=\"article:modified_time\" content=\"2025-05-15T15:07:37+00:00\" \/>\n<meta property=\"og:image\" content=\"https:\/\/9staedte.de\/wp-content\/uploads\/2023\/02\/Goettingen_Johanniskirche-c-Goettingen-Tourismus-Lars-Gerhardts.jpg\" \/>\n\t<meta property=\"og:image:width\" content=\"1020\" \/>\n\t<meta property=\"og:image:height\" content=\"559\" \/>\n\t<meta property=\"og:image:type\" content=\"image\/jpeg\" \/>\n<meta name=\"twitter:card\" content=\"summary_large_image\" \/>\n<meta name=\"twitter:label1\" content=\"Tiempo de lectura\" \/>\n\t<meta name=\"twitter:data1\" content=\"3 minutos\" \/>\n<script type=\"application\/ld+json\" class=\"yoast-schema-graph\">{\"@context\":\"https:\/\/schema.org\",\"@graph\":[{\"@type\":\"WebPage\",\"@id\":\"https:\/\/9staedte.de\/es\/gottingen-ciudad-creadora-de-conocimiento\/con-la-autocaravana-a-gotinga\/\",\"url\":\"https:\/\/9staedte.de\/es\/gottingen-ciudad-creadora-de-conocimiento\/con-la-autocaravana-a-gotinga\/\",\"name\":\"Con la autocaravana a Gotinga - 9 St\u00e4dte in Niedersachsen\",\"isPartOf\":{\"@id\":\"https:\/\/9staedte.de\/es\/#website\"},\"primaryImageOfPage\":{\"@id\":\"https:\/\/9staedte.de\/es\/gottingen-ciudad-creadora-de-conocimiento\/con-la-autocaravana-a-gotinga\/#primaryimage\"},\"image\":{\"@id\":\"https:\/\/9staedte.de\/es\/gottingen-ciudad-creadora-de-conocimiento\/con-la-autocaravana-a-gotinga\/#primaryimage\"},\"thumbnailUrl\":\"https:\/\/9staedte.de\/wp-content\/uploads\/2023\/02\/Goettingen_Johanniskirche-c-Goettingen-Tourismus-Lars-Gerhardts.jpg\",\"datePublished\":\"2024-06-14T09:18:46+00:00\",\"dateModified\":\"2025-05-15T15:07:37+00:00\",\"breadcrumb\":{\"@id\":\"https:\/\/9staedte.de\/es\/gottingen-ciudad-creadora-de-conocimiento\/con-la-autocaravana-a-gotinga\/#breadcrumb\"},\"inLanguage\":\"es\",\"potentialAction\":[{\"@type\":\"ReadAction\",\"target\":[\"https:\/\/9staedte.de\/es\/gottingen-ciudad-creadora-de-conocimiento\/con-la-autocaravana-a-gotinga\/\"]}]},{\"@type\":\"ImageObject\",\"inLanguage\":\"es\",\"@id\":\"https:\/\/9staedte.de\/es\/gottingen-ciudad-creadora-de-conocimiento\/con-la-autocaravana-a-gotinga\/#primaryimage\",\"url\":\"https:\/\/9staedte.de\/wp-content\/uploads\/2023\/02\/Goettingen_Johanniskirche-c-Goettingen-Tourismus-Lars-Gerhardts.jpg\",\"contentUrl\":\"https:\/\/9staedte.de\/wp-content\/uploads\/2023\/02\/Goettingen_Johanniskirche-c-Goettingen-Tourismus-Lars-Gerhardts.jpg\",\"width\":1020,\"height\":559,\"caption\":\"Goettingen Johanniskirche c) G\u00f6ttingen Marketing GmbH Lars Gerhardts\"},{\"@type\":\"BreadcrumbList\",\"@id\":\"https:\/\/9staedte.de\/es\/gottingen-ciudad-creadora-de-conocimiento\/con-la-autocaravana-a-gotinga\/#breadcrumb\",\"itemListElement\":[{\"@type\":\"ListItem\",\"position\":1,\"name\":\"Startseite\",\"item\":\"https:\/\/9staedte.de\/es\/\"},{\"@type\":\"ListItem\",\"position\":2,\"name\":\"G\u00f6ttingen &#8211; Ciudad creadora de conocimiento\",\"item\":\"https:\/\/9staedte.de\/es\/gottingen-ciudad-creadora-de-conocimiento\/\"},{\"@type\":\"ListItem\",\"position\":3,\"name\":\"Con la autocaravana a Gotinga\"}]},{\"@type\":\"WebSite\",\"@id\":\"https:\/\/9staedte.de\/es\/#website\",\"url\":\"https:\/\/9staedte.de\/es\/\",\"name\":\"9 St\u00e4dte in Niedersachsen\",\"description\":\"\",\"publisher\":{\"@id\":\"https:\/\/9staedte.de\/es\/#organization\"},\"potentialAction\":[{\"@type\":\"SearchAction\",\"target\":{\"@type\":\"EntryPoint\",\"urlTemplate\":\"https:\/\/9staedte.de\/es\/?s={search_term_string}\"},\"query-input\":{\"@type\":\"PropertyValueSpecification\",\"valueRequired\":true,\"valueName\":\"search_term_string\"}}],\"inLanguage\":\"es\"},{\"@type\":\"Organization\",\"@id\":\"https:\/\/9staedte.de\/es\/#organization\",\"name\":\"9 St\u00e4dte in Niedersachsen\",\"url\":\"https:\/\/9staedte.de\/es\/\",\"logo\":{\"@type\":\"ImageObject\",\"inLanguage\":\"es\",\"@id\":\"https:\/\/9staedte.de\/es\/#\/schema\/logo\/image\/\",\"url\":\"https:\/\/9staedte.de\/wp-content\/uploads\/2025\/01\/9-neg-deutsch-2-1.png\",\"contentUrl\":\"https:\/\/9staedte.de\/wp-content\/uploads\/2025\/01\/9-neg-deutsch-2-1.png\",\"width\":190,\"height\":114,\"caption\":\"9 St\u00e4dte in Niedersachsen\"},\"image\":{\"@id\":\"https:\/\/9staedte.de\/es\/#\/schema\/logo\/image\/\"}}]}<\/script>\n<!-- \/ Yoast SEO plugin. -->","yoast_head_json":{"title":"Con la autocaravana a Gotinga - 9 St\u00e4dte in Niedersachsen","robots":{"index":"index","follow":"follow","max-snippet":"max-snippet:-1","max-image-preview":"max-image-preview:large","max-video-preview":"max-video-preview:-1"},"canonical":"https:\/\/9staedte.de\/es\/gottingen-ciudad-creadora-de-conocimiento\/con-la-autocaravana-a-gotinga\/","og_locale":"es_ES","og_type":"article","og_title":"Con la autocaravana a Gotinga - 9 St\u00e4dte in Niedersachsen","og_description":"Puerto de autocaravanas de G\u00f6ttingen: \u00abTop place\u00bb cerca del centro de la ciudad El puerto de autocaravanas de Gotinga es un ejemplo de \u00e9xito de c\u00f3mo combinar los intereses de los autocaravanistas con las condiciones de una gran ciudad atractiva para los turistas. El camping para autocaravanas Eiswiese, vallado e iluminado por todos lados, est\u00e1 [&hellip;]","og_url":"https:\/\/9staedte.de\/es\/gottingen-ciudad-creadora-de-conocimiento\/con-la-autocaravana-a-gotinga\/","og_site_name":"9 St\u00e4dte in Niedersachsen","article_modified_time":"2025-05-15T15:07:37+00:00","og_image":[{"width":1020,"height":559,"url":"https:\/\/9staedte.de\/wp-content\/uploads\/2023\/02\/Goettingen_Johanniskirche-c-Goettingen-Tourismus-Lars-Gerhardts.jpg","type":"image\/jpeg"}],"twitter_card":"summary_large_image","twitter_misc":{"Tiempo de lectura":"3 minutos"},"schema":{"@context":"https:\/\/schema.org","@graph":[{"@type":"WebPage","@id":"https:\/\/9staedte.de\/es\/gottingen-ciudad-creadora-de-conocimiento\/con-la-autocaravana-a-gotinga\/","url":"https:\/\/9staedte.de\/es\/gottingen-ciudad-creadora-de-conocimiento\/con-la-autocaravana-a-gotinga\/","name":"Con la autocaravana a Gotinga - 9 St\u00e4dte in Niedersachsen","isPartOf":{"@id":"https:\/\/9staedte.de\/es\/#website"},"primaryImageOfPage":{"@id":"https:\/\/9staedte.de\/es\/gottingen-ciudad-creadora-de-conocimiento\/con-la-autocaravana-a-gotinga\/#primaryimage"},"image":{"@id":"https:\/\/9staedte.de\/es\/gottingen-ciudad-creadora-de-conocimiento\/con-la-autocaravana-a-gotinga\/#primaryimage"},"thumbnailUrl":"https:\/\/9staedte.de\/wp-content\/uploads\/2023\/02\/Goettingen_Johanniskirche-c-Goettingen-Tourismus-Lars-Gerhardts.jpg","datePublished":"2024-06-14T09:18:46+00:00","dateModified":"2025-05-15T15:07:37+00:00","breadcrumb":{"@id":"https:\/\/9staedte.de\/es\/gottingen-ciudad-creadora-de-conocimiento\/con-la-autocaravana-a-gotinga\/#breadcrumb"},"inLanguage":"es","potentialAction":[{"@type":"ReadAction","target":["https:\/\/9staedte.de\/es\/gottingen-ciudad-creadora-de-conocimiento\/con-la-autocaravana-a-gotinga\/"]}]},{"@type":"ImageObject","inLanguage":"es","@id":"https:\/\/9staedte.de\/es\/gottingen-ciudad-creadora-de-conocimiento\/con-la-autocaravana-a-gotinga\/#primaryimage","url":"https:\/\/9staedte.de\/wp-content\/uploads\/2023\/02\/Goettingen_Johanniskirche-c-Goettingen-Tourismus-Lars-Gerhardts.jpg","contentUrl":"https:\/\/9staedte.de\/wp-content\/uploads\/2023\/02\/Goettingen_Johanniskirche-c-Goettingen-Tourismus-Lars-Gerhardts.jpg","width":1020,"height":559,"caption":"Goettingen Johanniskirche c) G\u00f6ttingen Marketing GmbH Lars Gerhardts"},{"@type":"BreadcrumbList","@id":"https:\/\/9staedte.de\/es\/gottingen-ciudad-creadora-de-conocimiento\/con-la-autocaravana-a-gotinga\/#breadcrumb","itemListElement":[{"@type":"ListItem","position":1,"name":"Startseite","item":"https:\/\/9staedte.de\/es\/"},{"@type":"ListItem","position":2,"name":"G\u00f6ttingen &#8211; Ciudad creadora de conocimiento","item":"https:\/\/9staedte.de\/es\/gottingen-ciudad-creadora-de-conocimiento\/"},{"@type":"ListItem","position":3,"name":"Con la autocaravana a Gotinga"}]},{"@type":"WebSite","@id":"https:\/\/9staedte.de\/es\/#website","url":"https:\/\/9staedte.de\/es\/","name":"9 St\u00e4dte in Niedersachsen","description":"","publisher":{"@id":"https:\/\/9staedte.de\/es\/#organization"},"potentialAction":[{"@type":"SearchAction","target":{"@type":"EntryPoint","urlTemplate":"https:\/\/9staedte.de\/es\/?s={search_term_string}"},"query-input":{"@type":"PropertyValueSpecification","valueRequired":true,"valueName":"search_term_string"}}],"inLanguage":"es"},{"@type":"Organization","@id":"https:\/\/9staedte.de\/es\/#organization","name":"9 St\u00e4dte in Niedersachsen","url":"https:\/\/9staedte.de\/es\/","logo":{"@type":"ImageObject","inLanguage":"es","@id":"https:\/\/9staedte.de\/es\/#\/schema\/logo\/image\/","url":"https:\/\/9staedte.de\/wp-content\/uploads\/2025\/01\/9-neg-deutsch-2-1.png","contentUrl":"https:\/\/9staedte.de\/wp-content\/uploads\/2025\/01\/9-neg-deutsch-2-1.png","width":190,"height":114,"caption":"9 St\u00e4dte in Niedersachsen"},"image":{"@id":"https:\/\/9staedte.de\/es\/#\/schema\/logo\/image\/"}}]}},"_links":{"self":[{"href":"https:\/\/9staedte.de\/es\/wp-json\/wp\/v2\/pages\/22581","targetHints":{"allow":["GET"]}}],"collection":[{"href":"https:\/\/9staedte.de\/es\/wp-json\/wp\/v2\/pages"}],"about":[{"href":"https:\/\/9staedte.de\/es\/wp-json\/wp\/v2\/types\/page"}],"author":[{"embeddable":true,"href":"https:\/\/9staedte.de\/es\/wp-json\/wp\/v2\/users\/6"}],"replies":[{"embeddable":true,"href":"https:\/\/9staedte.de\/es\/wp-json\/wp\/v2\/comments?post=22581"}],"version-history":[{"count":2,"href":"https:\/\/9staedte.de\/es\/wp-json\/wp\/v2\/pages\/22581\/revisions"}],"predecessor-version":[{"id":25900,"href":"https:\/\/9staedte.de\/es\/wp-json\/wp\/v2\/pages\/22581\/revisions\/25900"}],"up":[{"embeddable":true,"href":"https:\/\/9staedte.de\/es\/wp-json\/wp\/v2\/pages\/18032"}],"wp:featuredmedia":[{"embeddable":true,"href":"https:\/\/9staedte.de\/es\/wp-json\/wp\/v2\/media\/17353"}],"wp:attachment":[{"href":"https:\/\/9staedte.de\/es\/wp-json\/wp\/v2\/media?parent=22581"}],"wp:term":[{"taxonomy":"category","embeddable":true,"href":"https:\/\/9staedte.de\/es\/wp-json\/wp\/v2\/categories?post=22581"},{"taxonomy":"post_tag","embeddable":true,"href":"https:\/\/9staedte.de\/es\/wp-json\/wp\/v2\/tags?post=22581"},{"taxonomy":"ncap_cities_tax","embeddable":true,"href":"https:\/\/9staedte.de\/es\/wp-json\/wp\/v2\/ncap_cities_tax?post=22581"}],"curies":[{"name":"wp","href":"https:\/\/api.w.org\/{rel}","templated":true}]}}