{"id":22553,"date":"2024-06-13T17:02:48","date_gmt":"2024-06-13T15:02:48","guid":{"rendered":"https:\/\/9staedte.de\/con-la-autocaravana-a-goslar\/"},"modified":"2024-07-04T14:59:35","modified_gmt":"2024-07-04T12:59:35","slug":"con-la-autocaravana-a-goslar","status":"publish","type":"page","link":"https:\/\/9staedte.de\/es\/con-la-autocaravana-a-goslar\/","title":{"rendered":"Con la autocaravana a Goslar"},"content":{"rendered":"\n<h2 class=\"wp-block-heading\">Vacaciones en autocaravana en Goslar<\/h2>\n\n<p>Disfruta de la libertad y sigue teniendo tu propia casa contigo en vacaciones: Los viajeros en autocaravana tienen esta ventaja en cualquier lugar y carretera. Goslar es el destino vacacional perfecto para un viaje con autocaravana, ya que las cortas distancias, la proximidad de la ciudad a la naturaleza y la amplia oferta cultural permiten disfrutar de unas vacaciones en estado puro. Los autocaravanistas pueden dejarse hechizar por el paisaje del Harz y disfrutar a su manera de la inolvidable belleza del casco antiguo. \u00a1Bienvenido a unas vacaciones en autocaravana en Goslar!<\/p>\n\n<figure class=\"wp-block-image size-full\"><img loading=\"lazy\" decoding=\"async\" width=\"1019\" height=\"560\" src=\"https:\/\/9staedte.de\/wp-content\/smush-webp\/2024\/06\/Fachwerkgasse_GOSLAR_arketing_gmbh_Fotograf_Stefan_Schiefer.jpg.webp\" alt=\"Fachwerkgasse_GOSLAR marketing gmbh_Fot&#xF3;grafo_Stefan_Schiefer\" class=\"wp-image-22531\" srcset=\"https:\/\/9staedte.de\/wp-content\/smush-webp\/2024\/06\/Fachwerkgasse_GOSLAR_arketing_gmbh_Fotograf_Stefan_Schiefer.jpg.webp 1019w, https:\/\/9staedte.de\/wp-content\/smush-webp\/2024\/06\/Fachwerkgasse_GOSLAR_arketing_gmbh_Fotograf_Stefan_Schiefer-300x165.jpg.webp 300w, https:\/\/9staedte.de\/wp-content\/smush-webp\/2024\/06\/Fachwerkgasse_GOSLAR_arketing_gmbh_Fotograf_Stefan_Schiefer-768x422.jpg.webp 768w\" sizes=\"auto, (max-width: 1019px) 100vw, 1019px\" \/><figcaption class=\"wp-element-caption\">Fachwerkgasse GOSLAR marketing gmbh_Fot\u00f3grafo_Stefan_Schiefer<\/figcaption><\/figure>\n\n <div class=\"brlbs-cmpnt-container brlbs-cmpnt-content-blocker brlbs-cmpnt-with-individual-styles\" data-borlabs-cookie-content-blocker-id=\"google-maps\" data-borlabs-cookie-content=\"PGlmcmFtZSBzcmM9Imh0dHBzOi8vd3d3Lmdvb2dsZS5jb20vbWFwcy9kL2VtYmVkP21pZD0xb2Y3X2p0RkdzcDZ0V2hNckFxdVJEcFVzdkRKVGtvMCZlaGJjPTJFMzEyRiIgd2lkdGg9IjY0MCIgaGVpZ2h0PSI0ODAiPjwvaWZyYW1lPg==\"><div class=\"brlbs-cmpnt-cb-preset-b brlbs-cmpnt-cb-google-maps\"> <div class=\"brlbs-cmpnt-cb-thumbnail\" style=\"background-image: url('https:\/\/9staedte.de\/wp-content\/uploads\/borlabs-cookie\/1\/brlbs-cb-google-maps-main.png')\"><\/div> <div class=\"brlbs-cmpnt-cb-main\"> <div class=\"brlbs-cmpnt-cb-content\"> <p class=\"brlbs-cmpnt-cb-description\">Est\u00e1s viendo un contenido de marcador de posici\u00f3n de <strong>Google Maps<\/strong>. Para acceder al contenido real, haz clic en el siguiente bot\u00f3n. Ten en cuenta que al hacerlo compartir\u00e1s datos con terceros proveedores.<\/p> <a class=\"brlbs-cmpnt-cb-provider-toggle\" href=\"#\" data-borlabs-cookie-show-provider-information role=\"button\">M\u00e1s informaci\u00f3n<\/a> <\/div> <div class=\"brlbs-cmpnt-cb-buttons\"> <a class=\"brlbs-cmpnt-cb-btn\" href=\"#\" data-borlabs-cookie-unblock role=\"button\">Desbloquear contenido<\/a> <a class=\"brlbs-cmpnt-cb-btn\" href=\"#\" data-borlabs-cookie-accept-service role=\"button\" style=\"display: inherit\">Aceptar el servicio requerido y desbloquear el contenido<\/a> <\/div> <\/div> <\/div><\/div>\n\n<p><strong>9 consejos para viajeros en autocaravana<\/strong><\/p>\n\n<ol class=\"wp-block-list\">\n<li>Visita la ciudad de Goslar, declarada Patrimonio de la Humanidad por la UNESCO, y explora su impresionante casco antiguo, con sus casas de entramado de madera y lugares de inter\u00e9s hist\u00f3rico, como el castillo del mismo nombre. dando un paseo en el Bimmelbahn (telef\u00e9rico)<\/li>\n\n\n\n<li>Disfruta de una vista impresionante desde la torre de la iglesia del mercado<\/li>\n\n\n\n<li>Vive una de las visitas guiadas diarias por el casco antiguo de Goslar<\/li>\n\n\n\n<li>Visita la mina de Rammelsberg y sum\u00e9rgete en la historia de la miner\u00eda de la regi\u00f3n. en una visita guiada por encima o por debajo de la tierra.<\/li>\n\n\n\n<li>En el Museo de Goslar y el Museo de las Figuras de Hojalata podr\u00e1s conocer hechos apasionantes e interesantes sobre los 1100 a\u00f1os de historia de la ciudad de Goslar<\/li>\n\n\n\n<li>Descubre el Palacio Imperial, parte de la Ciudad Vieja y Patrimonio de la Humanidad de la UNESCO<\/li>\n\n\n\n<li>Recorre diferentes estilos y \u00e9pocas arquitect\u00f3nicas a trav\u00e9s del hist\u00f3rico Ayuntamiento con visitas guiadas diarias, durante las cuales tambi\u00e9n podr\u00e1s experimentar la nueva exposici\u00f3n multimedia en la Sala del Homenaje<\/li>\n\n\n\n<li>Hay muchos caf\u00e9s y restaurantes en el casco antiguo, donde encontrar\u00e1s una amplia selecci\u00f3n que va desde la cocina vegana\/vegetariana hasta los abundantes platos t\u00edpicos del Harz, para todos los gustos.<\/li>\n\n\n\n<li>Los aparcamientos para autocaravanas est\u00e1n muy c\u00e9ntricos y se encuentran en Osterfeld o en el aparcamiento \u00abF\u00fcllekuhle\u00bb en Bertha-von-Suttner-Stra\u00dfe, desde donde se puede llegar a pie al casco antiguo<\/li>\n<\/ol>\n\n<ul class=\"wp-block-list\">\n<li><a href=\"https:\/\/www.camping-harz.com\/\">https:\/\/www.camping-harz.com\/<\/a>   <\/li>\n\n\n\n<li><a href=\"https:\/\/www.harz-camp-goslar.de\/\">https:\/\/www.harz-camp-goslar.de\/<\/a><\/li>\n\n\n\n<li><a href=\"https:\/\/www.meingoslar.de\/planen-und-buchen\/camping\">https:\/\/www.meingoslar.de\/planen-und-buchen\/camping<\/a><\/li>\n\n\n\n<li>Parque de caravanas F\u00fcllekuhle en Goslar<\/li>\n<\/ul>\n\n<p><\/p>\n\n<p><\/p>\n","protected":false},"excerpt":{"rendered":"<p>Vacaciones en autocaravana en Goslar Disfruta de la libertad y sigue teniendo tu propia casa contigo en vacaciones: Los viajeros en autocaravana tienen esta ventaja en cualquier lugar y carretera. Goslar es el destino vacacional perfecto para un viaje con autocaravana, ya que las cortas distancias, la proximidad de la ciudad a la naturaleza y [&hellip;]<\/p>\n","protected":false},"author":6,"featured_media":0,"parent":0,"menu_order":0,"comment_status":"closed","ping_status":"closed","template":"","meta":{"_acf_changed":false,"footnotes":""},"categories":[],"tags":[],"ncap_cities_tax":[443,1418],"class_list":["post-22553","page","type-page","status-publish","hentry","ncap_cities_tax-goslar-es","ncap_cities_tax-reisemobilstellplatze-goslar-es"],"acf":[],"yoast_head":"<!-- This site is optimized with the Yoast SEO plugin v26.8 - https:\/\/yoast.com\/product\/yoast-seo-wordpress\/ -->\n<title>Con la autocaravana a Goslar - 9 St\u00e4dte in Niedersachsen<\/title>\n<meta name=\"robots\" content=\"index, follow, max-snippet:-1, max-image-preview:large, max-video-preview:-1\" \/>\n<link rel=\"canonical\" href=\"https:\/\/9staedte.de\/es\/con-la-autocaravana-a-goslar\/\" \/>\n<meta property=\"og:locale\" content=\"es_ES\" \/>\n<meta property=\"og:type\" content=\"article\" \/>\n<meta property=\"og:title\" content=\"Con la autocaravana a Goslar - 9 St\u00e4dte in Niedersachsen\" \/>\n<meta property=\"og:description\" content=\"Vacaciones en autocaravana en Goslar Disfruta de la libertad y sigue teniendo tu propia casa contigo en vacaciones: Los viajeros en autocaravana tienen esta ventaja en cualquier lugar y carretera. Goslar es el destino vacacional perfecto para un viaje con autocaravana, ya que las cortas distancias, la proximidad de la ciudad a la naturaleza y [&hellip;]\" \/>\n<meta property=\"og:url\" content=\"https:\/\/9staedte.de\/es\/con-la-autocaravana-a-goslar\/\" \/>\n<meta property=\"og:site_name\" content=\"9 St\u00e4dte in Niedersachsen\" \/>\n<meta property=\"article:modified_time\" content=\"2024-07-04T12:59:35+00:00\" \/>\n<meta property=\"og:image\" content=\"https:\/\/9staedte.de\/wp-content\/uploads\/2024\/06\/Fachwerkgasse_GOSLAR_arketing_gmbh_Fotograf_Stefan_Schiefer.jpg\" \/>\n<meta name=\"twitter:card\" content=\"summary_large_image\" \/>\n<meta name=\"twitter:label1\" content=\"Tiempo de lectura\" \/>\n\t<meta name=\"twitter:data1\" content=\"2 minutos\" \/>\n<script type=\"application\/ld+json\" class=\"yoast-schema-graph\">{\"@context\":\"https:\/\/schema.org\",\"@graph\":[{\"@type\":\"WebPage\",\"@id\":\"https:\/\/9staedte.de\/es\/con-la-autocaravana-a-goslar\/\",\"url\":\"https:\/\/9staedte.de\/es\/con-la-autocaravana-a-goslar\/\",\"name\":\"Con la autocaravana a Goslar - 9 St\u00e4dte in Niedersachsen\",\"isPartOf\":{\"@id\":\"https:\/\/9staedte.de\/es\/#website\"},\"primaryImageOfPage\":{\"@id\":\"https:\/\/9staedte.de\/es\/con-la-autocaravana-a-goslar\/#primaryimage\"},\"image\":{\"@id\":\"https:\/\/9staedte.de\/es\/con-la-autocaravana-a-goslar\/#primaryimage\"},\"thumbnailUrl\":\"https:\/\/9staedte.de\/wp-content\/uploads\/2024\/06\/Fachwerkgasse_GOSLAR_arketing_gmbh_Fotograf_Stefan_Schiefer.jpg\",\"datePublished\":\"2024-06-13T15:02:48+00:00\",\"dateModified\":\"2024-07-04T12:59:35+00:00\",\"breadcrumb\":{\"@id\":\"https:\/\/9staedte.de\/es\/con-la-autocaravana-a-goslar\/#breadcrumb\"},\"inLanguage\":\"es\",\"potentialAction\":[{\"@type\":\"ReadAction\",\"target\":[\"https:\/\/9staedte.de\/es\/con-la-autocaravana-a-goslar\/\"]}]},{\"@type\":\"ImageObject\",\"inLanguage\":\"es\",\"@id\":\"https:\/\/9staedte.de\/es\/con-la-autocaravana-a-goslar\/#primaryimage\",\"url\":\"https:\/\/9staedte.de\/wp-content\/uploads\/2024\/06\/Fachwerkgasse_GOSLAR_arketing_gmbh_Fotograf_Stefan_Schiefer.jpg\",\"contentUrl\":\"https:\/\/9staedte.de\/wp-content\/uploads\/2024\/06\/Fachwerkgasse_GOSLAR_arketing_gmbh_Fotograf_Stefan_Schiefer.jpg\"},{\"@type\":\"BreadcrumbList\",\"@id\":\"https:\/\/9staedte.de\/es\/con-la-autocaravana-a-goslar\/#breadcrumb\",\"itemListElement\":[{\"@type\":\"ListItem\",\"position\":1,\"name\":\"Startseite\",\"item\":\"https:\/\/9staedte.de\/es\/\"},{\"@type\":\"ListItem\",\"position\":2,\"name\":\"Con la autocaravana a Goslar\"}]},{\"@type\":\"WebSite\",\"@id\":\"https:\/\/9staedte.de\/es\/#website\",\"url\":\"https:\/\/9staedte.de\/es\/\",\"name\":\"9 St\u00e4dte in Niedersachsen\",\"description\":\"\",\"publisher\":{\"@id\":\"https:\/\/9staedte.de\/es\/#organization\"},\"potentialAction\":[{\"@type\":\"SearchAction\",\"target\":{\"@type\":\"EntryPoint\",\"urlTemplate\":\"https:\/\/9staedte.de\/es\/?s={search_term_string}\"},\"query-input\":{\"@type\":\"PropertyValueSpecification\",\"valueRequired\":true,\"valueName\":\"search_term_string\"}}],\"inLanguage\":\"es\"},{\"@type\":\"Organization\",\"@id\":\"https:\/\/9staedte.de\/es\/#organization\",\"name\":\"9 St\u00e4dte in Niedersachsen\",\"url\":\"https:\/\/9staedte.de\/es\/\",\"logo\":{\"@type\":\"ImageObject\",\"inLanguage\":\"es\",\"@id\":\"https:\/\/9staedte.de\/es\/#\/schema\/logo\/image\/\",\"url\":\"https:\/\/9staedte.de\/wp-content\/uploads\/2025\/01\/9-neg-deutsch-2-1.png\",\"contentUrl\":\"https:\/\/9staedte.de\/wp-content\/uploads\/2025\/01\/9-neg-deutsch-2-1.png\",\"width\":190,\"height\":114,\"caption\":\"9 St\u00e4dte in Niedersachsen\"},\"image\":{\"@id\":\"https:\/\/9staedte.de\/es\/#\/schema\/logo\/image\/\"}}]}<\/script>\n<!-- \/ Yoast SEO plugin. -->","yoast_head_json":{"title":"Con la autocaravana a Goslar - 9 St\u00e4dte in Niedersachsen","robots":{"index":"index","follow":"follow","max-snippet":"max-snippet:-1","max-image-preview":"max-image-preview:large","max-video-preview":"max-video-preview:-1"},"canonical":"https:\/\/9staedte.de\/es\/con-la-autocaravana-a-goslar\/","og_locale":"es_ES","og_type":"article","og_title":"Con la autocaravana a Goslar - 9 St\u00e4dte in Niedersachsen","og_description":"Vacaciones en autocaravana en Goslar Disfruta de la libertad y sigue teniendo tu propia casa contigo en vacaciones: Los viajeros en autocaravana tienen esta ventaja en cualquier lugar y carretera. Goslar es el destino vacacional perfecto para un viaje con autocaravana, ya que las cortas distancias, la proximidad de la ciudad a la naturaleza y [&hellip;]","og_url":"https:\/\/9staedte.de\/es\/con-la-autocaravana-a-goslar\/","og_site_name":"9 St\u00e4dte in Niedersachsen","article_modified_time":"2024-07-04T12:59:35+00:00","og_image":[{"url":"https:\/\/9staedte.de\/wp-content\/uploads\/2024\/06\/Fachwerkgasse_GOSLAR_arketing_gmbh_Fotograf_Stefan_Schiefer.jpg","type":"","width":"","height":""}],"twitter_card":"summary_large_image","twitter_misc":{"Tiempo de lectura":"2 minutos"},"schema":{"@context":"https:\/\/schema.org","@graph":[{"@type":"WebPage","@id":"https:\/\/9staedte.de\/es\/con-la-autocaravana-a-goslar\/","url":"https:\/\/9staedte.de\/es\/con-la-autocaravana-a-goslar\/","name":"Con la autocaravana a Goslar - 9 St\u00e4dte in Niedersachsen","isPartOf":{"@id":"https:\/\/9staedte.de\/es\/#website"},"primaryImageOfPage":{"@id":"https:\/\/9staedte.de\/es\/con-la-autocaravana-a-goslar\/#primaryimage"},"image":{"@id":"https:\/\/9staedte.de\/es\/con-la-autocaravana-a-goslar\/#primaryimage"},"thumbnailUrl":"https:\/\/9staedte.de\/wp-content\/uploads\/2024\/06\/Fachwerkgasse_GOSLAR_arketing_gmbh_Fotograf_Stefan_Schiefer.jpg","datePublished":"2024-06-13T15:02:48+00:00","dateModified":"2024-07-04T12:59:35+00:00","breadcrumb":{"@id":"https:\/\/9staedte.de\/es\/con-la-autocaravana-a-goslar\/#breadcrumb"},"inLanguage":"es","potentialAction":[{"@type":"ReadAction","target":["https:\/\/9staedte.de\/es\/con-la-autocaravana-a-goslar\/"]}]},{"@type":"ImageObject","inLanguage":"es","@id":"https:\/\/9staedte.de\/es\/con-la-autocaravana-a-goslar\/#primaryimage","url":"https:\/\/9staedte.de\/wp-content\/uploads\/2024\/06\/Fachwerkgasse_GOSLAR_arketing_gmbh_Fotograf_Stefan_Schiefer.jpg","contentUrl":"https:\/\/9staedte.de\/wp-content\/uploads\/2024\/06\/Fachwerkgasse_GOSLAR_arketing_gmbh_Fotograf_Stefan_Schiefer.jpg"},{"@type":"BreadcrumbList","@id":"https:\/\/9staedte.de\/es\/con-la-autocaravana-a-goslar\/#breadcrumb","itemListElement":[{"@type":"ListItem","position":1,"name":"Startseite","item":"https:\/\/9staedte.de\/es\/"},{"@type":"ListItem","position":2,"name":"Con la autocaravana a Goslar"}]},{"@type":"WebSite","@id":"https:\/\/9staedte.de\/es\/#website","url":"https:\/\/9staedte.de\/es\/","name":"9 St\u00e4dte in Niedersachsen","description":"","publisher":{"@id":"https:\/\/9staedte.de\/es\/#organization"},"potentialAction":[{"@type":"SearchAction","target":{"@type":"EntryPoint","urlTemplate":"https:\/\/9staedte.de\/es\/?s={search_term_string}"},"query-input":{"@type":"PropertyValueSpecification","valueRequired":true,"valueName":"search_term_string"}}],"inLanguage":"es"},{"@type":"Organization","@id":"https:\/\/9staedte.de\/es\/#organization","name":"9 St\u00e4dte in Niedersachsen","url":"https:\/\/9staedte.de\/es\/","logo":{"@type":"ImageObject","inLanguage":"es","@id":"https:\/\/9staedte.de\/es\/#\/schema\/logo\/image\/","url":"https:\/\/9staedte.de\/wp-content\/uploads\/2025\/01\/9-neg-deutsch-2-1.png","contentUrl":"https:\/\/9staedte.de\/wp-content\/uploads\/2025\/01\/9-neg-deutsch-2-1.png","width":190,"height":114,"caption":"9 St\u00e4dte in Niedersachsen"},"image":{"@id":"https:\/\/9staedte.de\/es\/#\/schema\/logo\/image\/"}}]}},"_links":{"self":[{"href":"https:\/\/9staedte.de\/es\/wp-json\/wp\/v2\/pages\/22553","targetHints":{"allow":["GET"]}}],"collection":[{"href":"https:\/\/9staedte.de\/es\/wp-json\/wp\/v2\/pages"}],"about":[{"href":"https:\/\/9staedte.de\/es\/wp-json\/wp\/v2\/types\/page"}],"author":[{"embeddable":true,"href":"https:\/\/9staedte.de\/es\/wp-json\/wp\/v2\/users\/6"}],"replies":[{"embeddable":true,"href":"https:\/\/9staedte.de\/es\/wp-json\/wp\/v2\/comments?post=22553"}],"version-history":[{"count":4,"href":"https:\/\/9staedte.de\/es\/wp-json\/wp\/v2\/pages\/22553\/revisions"}],"predecessor-version":[{"id":23007,"href":"https:\/\/9staedte.de\/es\/wp-json\/wp\/v2\/pages\/22553\/revisions\/23007"}],"wp:attachment":[{"href":"https:\/\/9staedte.de\/es\/wp-json\/wp\/v2\/media?parent=22553"}],"wp:term":[{"taxonomy":"category","embeddable":true,"href":"https:\/\/9staedte.de\/es\/wp-json\/wp\/v2\/categories?post=22553"},{"taxonomy":"post_tag","embeddable":true,"href":"https:\/\/9staedte.de\/es\/wp-json\/wp\/v2\/tags?post=22553"},{"taxonomy":"ncap_cities_tax","embeddable":true,"href":"https:\/\/9staedte.de\/es\/wp-json\/wp\/v2\/ncap_cities_tax?post=22553"}],"curies":[{"name":"wp","href":"https:\/\/api.w.org\/{rel}","templated":true}]}}