{"id":22492,"date":"2024-06-13T16:13:10","date_gmt":"2024-06-13T14:13:10","guid":{"rendered":"https:\/\/9staedte.de\/mit-dem-reisemobil-nach-einbeck\/"},"modified":"2024-06-13T16:27:23","modified_gmt":"2024-06-13T14:27:23","slug":"mit-dem-reisemobil-nach-einbeck","status":"publish","type":"page","link":"https:\/\/9staedte.de\/es\/einbeck-coches-clasicos-casas-con-entramado-de-madera-cerveza\/mit-dem-reisemobil-nach-einbeck\/","title":{"rendered":"Con la autocaravana a Einbeck"},"content":{"rendered":"\n<h2 class=\"wp-block-heading\">Einbeck, una joya en el centro de Alemania<\/h2>\n\n\n\n<p>Einbeck, una aut\u00e9ntica joya en el centro de Alemania, es conocida por sus impresionantes casas con entramado de madera, la famosa cerveza Einbeck y la mayor colecci\u00f3n de coches antiguos de Europa: la PS.SPEICHER. Con una superficie de m\u00e1s de 231 kil\u00f3metros cuadrados, Einbeck es la ciudad m\u00e1s grande del sur de Baja Sajonia, rodeada de pintorescas cadenas monta\u00f1osas bajas, el Weserbergland, el Harz y el Solling.<\/p>\n\n\n\n<p>Ofrece a los autocaravanistas 30 amplias parcelas situadas en el centro, junto a la piscina cubierta\/al aire libre, cerca del casco antiguo y del bosque de la ciudad, el Hube, para un descanso y una relajaci\u00f3n ideales. Einbeck es, por tanto, un destino perfecto para los veraneantes que aprecian la cultura y la naturaleza a partes iguales.<\/p>\n\n\n\n<figure class=\"wp-block-image size-full\"><img loading=\"lazy\" decoding=\"async\" width=\"1020\" height=\"560\" src=\"https:\/\/9staedte.de\/wp-content\/smush-webp\/2024\/06\/Einbeck-Wohnmobilstellplatz-\u00a9-Stadtwerke-Einbeck-1.jpg.webp\" alt=\"\" class=\"wp-image-22478\" srcset=\"https:\/\/9staedte.de\/wp-content\/smush-webp\/2024\/06\/Einbeck-Wohnmobilstellplatz-\u00a9-Stadtwerke-Einbeck-1.jpg.webp 1020w, https:\/\/9staedte.de\/wp-content\/smush-webp\/2024\/06\/Einbeck-Wohnmobilstellplatz-\u00a9-Stadtwerke-Einbeck-1-300x165.jpg.webp 300w, https:\/\/9staedte.de\/wp-content\/smush-webp\/2024\/06\/Einbeck-Wohnmobilstellplatz-\u00a9-Stadtwerke-Einbeck-1-768x422.jpg.webp 768w\" sizes=\"auto, (max-width: 1020px) 100vw, 1020px\" \/><\/figure>\n\n\n\n <div class=\"brlbs-cmpnt-container brlbs-cmpnt-content-blocker brlbs-cmpnt-with-individual-styles\" data-borlabs-cookie-content-blocker-id=\"google-maps\" data-borlabs-cookie-content=\"PGlmcmFtZSBzcmM9Imh0dHBzOi8vd3d3Lmdvb2dsZS5jb20vbWFwcy9kL2VtYmVkP21pZD0xc0xIWmFfZnlITnE4ZWVmME5zOV9UWU1GZkxCNmpRSSZlaGJjPTJFMzEyRiIgd2lkdGg9IjY0MCIgaGVpZ2h0PSI0ODAiPjwvaWZyYW1lPg==\"><div class=\"brlbs-cmpnt-cb-preset-b brlbs-cmpnt-cb-google-maps\"> <div class=\"brlbs-cmpnt-cb-thumbnail\" style=\"background-image: url('https:\/\/9staedte.de\/wp-content\/uploads\/borlabs-cookie\/1\/brlbs-cb-google-maps-main.png')\"><\/div> <div class=\"brlbs-cmpnt-cb-main\"> <div class=\"brlbs-cmpnt-cb-content\"> <p class=\"brlbs-cmpnt-cb-description\">Est\u00e1s viendo un contenido de marcador de posici\u00f3n de <strong>Google Maps<\/strong>. Para acceder al contenido real, haz clic en el siguiente bot\u00f3n. Ten en cuenta que al hacerlo compartir\u00e1s datos con terceros proveedores.<\/p> <a class=\"brlbs-cmpnt-cb-provider-toggle\" href=\"#\" data-borlabs-cookie-show-provider-information role=\"button\">M\u00e1s informaci\u00f3n<\/a> <\/div> <div class=\"brlbs-cmpnt-cb-buttons\"> <a class=\"brlbs-cmpnt-cb-btn\" href=\"#\" data-borlabs-cookie-unblock role=\"button\">Desbloquear contenido<\/a> <a class=\"brlbs-cmpnt-cb-btn\" href=\"#\" data-borlabs-cookie-accept-service role=\"button\" style=\"display: inherit\">Aceptar el servicio requerido y desbloquear el contenido<\/a> <\/div> <\/div> <\/div><\/div>\n\n\n\n<p><a href=\"https:\/\/www.einbeck-tourismus.de\/wohnmobilstellplatz\">M\u00e1s informaci\u00f3n sobre el camping de autocaravanas de Einbeck:<\/a><\/p>\n\n\n\n<p><strong>9 consejos:<\/strong><br>1. explora la Ruta de la Cerveza Einbeck por tu cuenta y prueba la cerveza Einbeck o reserva una visita guiada a la f\u00e1brica de cerveza<br>2. t\u00f3mate un caf\u00e9 en la plaza del mercado.<br>3. ver el barril de cerveza m\u00e1s antiguo de Alemania en el StadtMuseum.<br>4. Participa en una visita guiada p\u00fablica por la ciudad.<br>5. visita el PS.SPEICHER y pisa el acelerador en el Porsche-Sumulator.<br>6. degustaci\u00f3n de mostaza Einbecker<br>7. Descubre lugares \u00fanicos de arte callejero en casas, paredes o autobuses y hazte una foto de recuerdo delante de ellos.<br>8. compra algo hecho a mano en letra azul.<br>9. sube a la torre de la Marktkirche, respira el aire de la monta\u00f1a y disfruta de las vistas.<\/p>\n","protected":false},"excerpt":{"rendered":"<p>Einbeck, una joya en el centro de Alemania Einbeck, una aut\u00e9ntica joya en el centro de Alemania, es conocida por sus impresionantes casas con entramado de madera, la famosa cerveza Einbeck y la mayor colecci\u00f3n de coches antiguos de Europa: la PS.SPEICHER. Con una superficie de m\u00e1s de 231 kil\u00f3metros cuadrados, Einbeck es la ciudad [&hellip;]<\/p>\n","protected":false},"author":6,"featured_media":22476,"parent":17927,"menu_order":0,"comment_status":"closed","ping_status":"closed","template":"","meta":{"_acf_changed":false,"footnotes":""},"categories":[],"tags":[],"ncap_cities_tax":[480,1452],"class_list":["post-22492","page","type-page","status-publish","has-post-thumbnail","hentry","ncap_cities_tax-einbeck-es","ncap_cities_tax-reisemobilstellplatze-einbeck-es"],"acf":[],"yoast_head":"<!-- This site is optimized with the Yoast SEO plugin v26.8 - https:\/\/yoast.com\/product\/yoast-seo-wordpress\/ -->\n<title>Con la autocaravana a Einbeck - 9 St\u00e4dte in Niedersachsen<\/title>\n<meta name=\"robots\" content=\"index, follow, max-snippet:-1, max-image-preview:large, max-video-preview:-1\" \/>\n<link rel=\"canonical\" href=\"https:\/\/9staedte.de\/es\/einbeck-coches-clasicos-casas-con-entramado-de-madera-cerveza\/mit-dem-reisemobil-nach-einbeck\/\" \/>\n<meta property=\"og:locale\" content=\"es_ES\" \/>\n<meta property=\"og:type\" content=\"article\" \/>\n<meta property=\"og:title\" content=\"Con la autocaravana a Einbeck - 9 St\u00e4dte in Niedersachsen\" \/>\n<meta property=\"og:description\" content=\"Einbeck, una joya en el centro de Alemania Einbeck, una aut\u00e9ntica joya en el centro de Alemania, es conocida por sus impresionantes casas con entramado de madera, la famosa cerveza Einbeck y la mayor colecci\u00f3n de coches antiguos de Europa: la PS.SPEICHER. Con una superficie de m\u00e1s de 231 kil\u00f3metros cuadrados, Einbeck es la ciudad [&hellip;]\" \/>\n<meta property=\"og:url\" content=\"https:\/\/9staedte.de\/es\/einbeck-coches-clasicos-casas-con-entramado-de-madera-cerveza\/mit-dem-reisemobil-nach-einbeck\/\" \/>\n<meta property=\"og:site_name\" content=\"9 St\u00e4dte in Niedersachsen\" \/>\n<meta property=\"article:modified_time\" content=\"2024-06-13T14:27:23+00:00\" \/>\n<meta property=\"og:image\" content=\"https:\/\/9staedte.de\/wp-content\/uploads\/2024\/06\/Einbeck-Parkanlage-\u00a9Max-Wiesenbach-1.jpg\" \/>\n\t<meta property=\"og:image:width\" content=\"1020\" \/>\n\t<meta property=\"og:image:height\" content=\"560\" \/>\n\t<meta property=\"og:image:type\" content=\"image\/jpeg\" \/>\n<meta name=\"twitter:card\" content=\"summary_large_image\" \/>\n<meta name=\"twitter:label1\" content=\"Tiempo de lectura\" \/>\n\t<meta name=\"twitter:data1\" content=\"2 minutos\" \/>\n<script type=\"application\/ld+json\" class=\"yoast-schema-graph\">{\"@context\":\"https:\/\/schema.org\",\"@graph\":[{\"@type\":\"WebPage\",\"@id\":\"https:\/\/9staedte.de\/es\/einbeck-coches-clasicos-casas-con-entramado-de-madera-cerveza\/mit-dem-reisemobil-nach-einbeck\/\",\"url\":\"https:\/\/9staedte.de\/es\/einbeck-coches-clasicos-casas-con-entramado-de-madera-cerveza\/mit-dem-reisemobil-nach-einbeck\/\",\"name\":\"Con la autocaravana a Einbeck - 9 St\u00e4dte in Niedersachsen\",\"isPartOf\":{\"@id\":\"https:\/\/9staedte.de\/es\/#website\"},\"primaryImageOfPage\":{\"@id\":\"https:\/\/9staedte.de\/es\/einbeck-coches-clasicos-casas-con-entramado-de-madera-cerveza\/mit-dem-reisemobil-nach-einbeck\/#primaryimage\"},\"image\":{\"@id\":\"https:\/\/9staedte.de\/es\/einbeck-coches-clasicos-casas-con-entramado-de-madera-cerveza\/mit-dem-reisemobil-nach-einbeck\/#primaryimage\"},\"thumbnailUrl\":\"https:\/\/9staedte.de\/wp-content\/uploads\/2024\/06\/Einbeck-Parkanlage-\u00a9Max-Wiesenbach-1.jpg\",\"datePublished\":\"2024-06-13T14:13:10+00:00\",\"dateModified\":\"2024-06-13T14:27:23+00:00\",\"breadcrumb\":{\"@id\":\"https:\/\/9staedte.de\/es\/einbeck-coches-clasicos-casas-con-entramado-de-madera-cerveza\/mit-dem-reisemobil-nach-einbeck\/#breadcrumb\"},\"inLanguage\":\"es\",\"potentialAction\":[{\"@type\":\"ReadAction\",\"target\":[\"https:\/\/9staedte.de\/es\/einbeck-coches-clasicos-casas-con-entramado-de-madera-cerveza\/mit-dem-reisemobil-nach-einbeck\/\"]}]},{\"@type\":\"ImageObject\",\"inLanguage\":\"es\",\"@id\":\"https:\/\/9staedte.de\/es\/einbeck-coches-clasicos-casas-con-entramado-de-madera-cerveza\/mit-dem-reisemobil-nach-einbeck\/#primaryimage\",\"url\":\"https:\/\/9staedte.de\/wp-content\/uploads\/2024\/06\/Einbeck-Parkanlage-\u00a9Max-Wiesenbach-1.jpg\",\"contentUrl\":\"https:\/\/9staedte.de\/wp-content\/uploads\/2024\/06\/Einbeck-Parkanlage-\u00a9Max-Wiesenbach-1.jpg\",\"width\":1020,\"height\":560,\"caption\":\"Einbeck Parkanlage \u00a9Max Wiesenbach\"},{\"@type\":\"BreadcrumbList\",\"@id\":\"https:\/\/9staedte.de\/es\/einbeck-coches-clasicos-casas-con-entramado-de-madera-cerveza\/mit-dem-reisemobil-nach-einbeck\/#breadcrumb\",\"itemListElement\":[{\"@type\":\"ListItem\",\"position\":1,\"name\":\"Startseite\",\"item\":\"https:\/\/9staedte.de\/es\/\"},{\"@type\":\"ListItem\",\"position\":2,\"name\":\"Con la autocaravana a Einbeck\"}]},{\"@type\":\"WebSite\",\"@id\":\"https:\/\/9staedte.de\/es\/#website\",\"url\":\"https:\/\/9staedte.de\/es\/\",\"name\":\"9 St\u00e4dte in Niedersachsen\",\"description\":\"\",\"publisher\":{\"@id\":\"https:\/\/9staedte.de\/es\/#organization\"},\"potentialAction\":[{\"@type\":\"SearchAction\",\"target\":{\"@type\":\"EntryPoint\",\"urlTemplate\":\"https:\/\/9staedte.de\/es\/?s={search_term_string}\"},\"query-input\":{\"@type\":\"PropertyValueSpecification\",\"valueRequired\":true,\"valueName\":\"search_term_string\"}}],\"inLanguage\":\"es\"},{\"@type\":\"Organization\",\"@id\":\"https:\/\/9staedte.de\/es\/#organization\",\"name\":\"9 St\u00e4dte in Niedersachsen\",\"url\":\"https:\/\/9staedte.de\/es\/\",\"logo\":{\"@type\":\"ImageObject\",\"inLanguage\":\"es\",\"@id\":\"https:\/\/9staedte.de\/es\/#\/schema\/logo\/image\/\",\"url\":\"https:\/\/9staedte.de\/wp-content\/uploads\/2025\/01\/9-neg-deutsch-2-1.png\",\"contentUrl\":\"https:\/\/9staedte.de\/wp-content\/uploads\/2025\/01\/9-neg-deutsch-2-1.png\",\"width\":190,\"height\":114,\"caption\":\"9 St\u00e4dte in Niedersachsen\"},\"image\":{\"@id\":\"https:\/\/9staedte.de\/es\/#\/schema\/logo\/image\/\"}}]}<\/script>\n<!-- \/ Yoast SEO plugin. -->","yoast_head_json":{"title":"Con la autocaravana a Einbeck - 9 St\u00e4dte in Niedersachsen","robots":{"index":"index","follow":"follow","max-snippet":"max-snippet:-1","max-image-preview":"max-image-preview:large","max-video-preview":"max-video-preview:-1"},"canonical":"https:\/\/9staedte.de\/es\/einbeck-coches-clasicos-casas-con-entramado-de-madera-cerveza\/mit-dem-reisemobil-nach-einbeck\/","og_locale":"es_ES","og_type":"article","og_title":"Con la autocaravana a Einbeck - 9 St\u00e4dte in Niedersachsen","og_description":"Einbeck, una joya en el centro de Alemania Einbeck, una aut\u00e9ntica joya en el centro de Alemania, es conocida por sus impresionantes casas con entramado de madera, la famosa cerveza Einbeck y la mayor colecci\u00f3n de coches antiguos de Europa: la PS.SPEICHER. Con una superficie de m\u00e1s de 231 kil\u00f3metros cuadrados, Einbeck es la ciudad [&hellip;]","og_url":"https:\/\/9staedte.de\/es\/einbeck-coches-clasicos-casas-con-entramado-de-madera-cerveza\/mit-dem-reisemobil-nach-einbeck\/","og_site_name":"9 St\u00e4dte in Niedersachsen","article_modified_time":"2024-06-13T14:27:23+00:00","og_image":[{"width":1020,"height":560,"url":"https:\/\/9staedte.de\/wp-content\/uploads\/2024\/06\/Einbeck-Parkanlage-\u00a9Max-Wiesenbach-1.jpg","type":"image\/jpeg"}],"twitter_card":"summary_large_image","twitter_misc":{"Tiempo de lectura":"2 minutos"},"schema":{"@context":"https:\/\/schema.org","@graph":[{"@type":"WebPage","@id":"https:\/\/9staedte.de\/es\/einbeck-coches-clasicos-casas-con-entramado-de-madera-cerveza\/mit-dem-reisemobil-nach-einbeck\/","url":"https:\/\/9staedte.de\/es\/einbeck-coches-clasicos-casas-con-entramado-de-madera-cerveza\/mit-dem-reisemobil-nach-einbeck\/","name":"Con la autocaravana a Einbeck - 9 St\u00e4dte in Niedersachsen","isPartOf":{"@id":"https:\/\/9staedte.de\/es\/#website"},"primaryImageOfPage":{"@id":"https:\/\/9staedte.de\/es\/einbeck-coches-clasicos-casas-con-entramado-de-madera-cerveza\/mit-dem-reisemobil-nach-einbeck\/#primaryimage"},"image":{"@id":"https:\/\/9staedte.de\/es\/einbeck-coches-clasicos-casas-con-entramado-de-madera-cerveza\/mit-dem-reisemobil-nach-einbeck\/#primaryimage"},"thumbnailUrl":"https:\/\/9staedte.de\/wp-content\/uploads\/2024\/06\/Einbeck-Parkanlage-\u00a9Max-Wiesenbach-1.jpg","datePublished":"2024-06-13T14:13:10+00:00","dateModified":"2024-06-13T14:27:23+00:00","breadcrumb":{"@id":"https:\/\/9staedte.de\/es\/einbeck-coches-clasicos-casas-con-entramado-de-madera-cerveza\/mit-dem-reisemobil-nach-einbeck\/#breadcrumb"},"inLanguage":"es","potentialAction":[{"@type":"ReadAction","target":["https:\/\/9staedte.de\/es\/einbeck-coches-clasicos-casas-con-entramado-de-madera-cerveza\/mit-dem-reisemobil-nach-einbeck\/"]}]},{"@type":"ImageObject","inLanguage":"es","@id":"https:\/\/9staedte.de\/es\/einbeck-coches-clasicos-casas-con-entramado-de-madera-cerveza\/mit-dem-reisemobil-nach-einbeck\/#primaryimage","url":"https:\/\/9staedte.de\/wp-content\/uploads\/2024\/06\/Einbeck-Parkanlage-\u00a9Max-Wiesenbach-1.jpg","contentUrl":"https:\/\/9staedte.de\/wp-content\/uploads\/2024\/06\/Einbeck-Parkanlage-\u00a9Max-Wiesenbach-1.jpg","width":1020,"height":560,"caption":"Einbeck Parkanlage \u00a9Max Wiesenbach"},{"@type":"BreadcrumbList","@id":"https:\/\/9staedte.de\/es\/einbeck-coches-clasicos-casas-con-entramado-de-madera-cerveza\/mit-dem-reisemobil-nach-einbeck\/#breadcrumb","itemListElement":[{"@type":"ListItem","position":1,"name":"Startseite","item":"https:\/\/9staedte.de\/es\/"},{"@type":"ListItem","position":2,"name":"Con la autocaravana a Einbeck"}]},{"@type":"WebSite","@id":"https:\/\/9staedte.de\/es\/#website","url":"https:\/\/9staedte.de\/es\/","name":"9 St\u00e4dte in Niedersachsen","description":"","publisher":{"@id":"https:\/\/9staedte.de\/es\/#organization"},"potentialAction":[{"@type":"SearchAction","target":{"@type":"EntryPoint","urlTemplate":"https:\/\/9staedte.de\/es\/?s={search_term_string}"},"query-input":{"@type":"PropertyValueSpecification","valueRequired":true,"valueName":"search_term_string"}}],"inLanguage":"es"},{"@type":"Organization","@id":"https:\/\/9staedte.de\/es\/#organization","name":"9 St\u00e4dte in Niedersachsen","url":"https:\/\/9staedte.de\/es\/","logo":{"@type":"ImageObject","inLanguage":"es","@id":"https:\/\/9staedte.de\/es\/#\/schema\/logo\/image\/","url":"https:\/\/9staedte.de\/wp-content\/uploads\/2025\/01\/9-neg-deutsch-2-1.png","contentUrl":"https:\/\/9staedte.de\/wp-content\/uploads\/2025\/01\/9-neg-deutsch-2-1.png","width":190,"height":114,"caption":"9 St\u00e4dte in Niedersachsen"},"image":{"@id":"https:\/\/9staedte.de\/es\/#\/schema\/logo\/image\/"}}]}},"_links":{"self":[{"href":"https:\/\/9staedte.de\/es\/wp-json\/wp\/v2\/pages\/22492","targetHints":{"allow":["GET"]}}],"collection":[{"href":"https:\/\/9staedte.de\/es\/wp-json\/wp\/v2\/pages"}],"about":[{"href":"https:\/\/9staedte.de\/es\/wp-json\/wp\/v2\/types\/page"}],"author":[{"embeddable":true,"href":"https:\/\/9staedte.de\/es\/wp-json\/wp\/v2\/users\/6"}],"replies":[{"embeddable":true,"href":"https:\/\/9staedte.de\/es\/wp-json\/wp\/v2\/comments?post=22492"}],"version-history":[{"count":5,"href":"https:\/\/9staedte.de\/es\/wp-json\/wp\/v2\/pages\/22492\/revisions"}],"predecessor-version":[{"id":22528,"href":"https:\/\/9staedte.de\/es\/wp-json\/wp\/v2\/pages\/22492\/revisions\/22528"}],"up":[{"embeddable":true,"href":"https:\/\/9staedte.de\/es\/wp-json\/wp\/v2\/pages\/17927"}],"wp:featuredmedia":[{"embeddable":true,"href":"https:\/\/9staedte.de\/es\/wp-json\/wp\/v2\/media\/22476"}],"wp:attachment":[{"href":"https:\/\/9staedte.de\/es\/wp-json\/wp\/v2\/media?parent=22492"}],"wp:term":[{"taxonomy":"category","embeddable":true,"href":"https:\/\/9staedte.de\/es\/wp-json\/wp\/v2\/categories?post=22492"},{"taxonomy":"post_tag","embeddable":true,"href":"https:\/\/9staedte.de\/es\/wp-json\/wp\/v2\/tags?post=22492"},{"taxonomy":"ncap_cities_tax","embeddable":true,"href":"https:\/\/9staedte.de\/es\/wp-json\/wp\/v2\/ncap_cities_tax?post=22492"}],"curies":[{"name":"wp","href":"https:\/\/api.w.org\/{rel}","templated":true}]}}