{"id":18083,"date":"2023-11-02T09:53:12","date_gmt":"2023-11-02T08:53:12","guid":{"rendered":"https:\/\/9staedte.de\/celle-encantadora-ciudad-residencial\/"},"modified":"2025-05-08T14:53:31","modified_gmt":"2025-05-08T12:53:31","slug":"celle-encantadora-ciudad-residencial","status":"publish","type":"page","link":"https:\/\/9staedte.de\/es\/celle-encantadora-ciudad-residencial\/","title":{"rendered":"Celle &#8211; Encantadora ciudad residencial"},"content":{"rendered":"\n<h2 class=\"wp-block-heading\">Encantadora ciudad residencial con el mayor conjunto de entramados de madera de Europa<\/h2>\n\n\n\n<p>Desde casas con entramado de madera hasta la Bauhaus, pasando por el Palacio de Guelph, el museo de arte abierto las 24 horas y las especialidades regionales para ir de compras sin prisas: Celle es sin\u00f3nimo de diversidad. Aqu\u00ed, tradici\u00f3n y modernidad se combinan armoniosamente. A\u00fan hoy se pueden seguir los pasos de los duques en Celle. Adem\u00e1s del palacio, con su museo residencial, su teatro barroco y su capilla, los jardines y parques invitan a pasear. Los amigos de la Nueva Construcci\u00f3n pueden encontrar testigos de piedra del arquitecto Otto Haesler por todas partes en el paisaje urbano. Y, por supuesto, tampoco falta el disfrute. Celle, la puerta de entrada a las landas de Luneburgo, siempre merece una visita.<\/p>\n\n\n\n<h4 class=\"wp-block-heading\"><strong>Sostenibilidad por convicci\u00f3n<\/strong><\/h4>\n\n\n\n<p>Celle es la primera ciudad sostenible del norte de Alemania y est\u00e1 certificada desde 2017. Muchos hoteles, comercios, la Uni\u00f3n de Congresos o el Celle Badeland se han comprometido a conservar el medio ambiente y los recursos. Y cada vez hay m\u00e1s. Muchas empresas dirigidas por sus propietarios no s\u00f3lo prestan atenci\u00f3n a la sostenibilidad, sino que la viven por convicci\u00f3n.<\/p>\n\n\n\n<p>Pase la noche en uno de los rom\u00e1nticos hoteles o utilice la central de autocaravanas.<\/p>\n\n\n\n<p><a href=\"http:\/\/www.celle.de\/tourismus\" target=\"_blank\" rel=\"noreferrer noopener\">www.celle.de\/tourismus<\/a><\/p>\n\n\n\n\n<div class=\"banner-wrapper\">\n  <div class=\"banner-inner \">\n      <div class=\"img-container\">\n      <div class=\"img-wrapper\">\n        <img decoding=\"async\" src=\"https:\/\/9staedte.de\/wp-content\/smush-webp\/2024\/02\/Celler-Schloss-mit-Gruppe-CC0.jpg.webp\" alt=\"La imagen muestra el castillo de Celle. El castillo es grande y blanco. Tiene muchas ventanas y torres. Hay algunas personas frente al castillo. El cielo est\u00e1 azul. Es un d\u00eda bonito.\" \/>\n                  <div class=\"thumbnail-label\">\n            <span>Celler Schloss mit Gruppe CC0<\/span>\n          <\/div>\n              <\/div>\n    <\/div>\n        <div class=\"text-container\">\n      <div class=\"content\">\n        <p><strong>Consejos especiales<\/strong><\/p>\n<ul>\n<li>Visitar los museos de Celle<\/li>\n<li>Suba a la torre de la iglesia municipal de Celle<\/li>\n<li>Visita hist\u00f3rica de la ciudad con el vigilante nocturno de Celle<\/li>\n<li>Visita con disfraces al castillo de Celle<\/li>\n<li>El carill\u00f3n de Celle en el casco antiguo<\/li>\n<li>Ir de compras por el casco antiguo, con numerosas tiendas regentadas por sus propietarios<\/li>\n<li>Asistir a una representaci\u00f3n en el Teatro del Castillo de Celle<\/li>\n<li>Mercado de Navidad en el casco antiguo<\/li>\n<li>Arquitectura Bauhaus en Celle<\/li>\n<\/ul>\n      <\/div>\n    <\/div>\n    <\/div>\n<\/div>\n\n\n\n\n<div style=\"height:30px\" aria-hidden=\"true\" class=\"wp-block-spacer\"><\/div>\n\n\n\n<div class=\"wp-block-columns is-layout-flex wp-container-core-columns-is-layout-9d6595d7 wp-block-columns-is-layout-flex\">\n<div class=\"wp-block-column is-layout-flow wp-block-column-is-layout-flow\" style=\"flex-basis:66.66%\">\n <div class=\"brlbs-cmpnt-container brlbs-cmpnt-content-blocker brlbs-cmpnt-with-individual-styles\" data-borlabs-cookie-content-blocker-id=\"google-maps\" data-borlabs-cookie-content=\"PGlmcmFtZSBzcmM9Imh0dHBzOi8vd3d3Lmdvb2dsZS5jb20vbWFwcy9kL2VtYmVkP21pZD0xX29WLTVuYjBISGN6WVZOeHVxcTNFV243ZEF1a1YzdyZhbXA7ZWhiYz0yRTMxMkYiIHdpZHRoPSIxMDAlIiBoZWlnaHQ9IjQ1MCI+PC9pZnJhbWU+\"><div class=\"brlbs-cmpnt-cb-preset-b brlbs-cmpnt-cb-google-maps\"> <div class=\"brlbs-cmpnt-cb-thumbnail\" style=\"background-image: url('https:\/\/9staedte.de\/wp-content\/uploads\/borlabs-cookie\/1\/brlbs-cb-google-maps-main.png')\"><\/div> <div class=\"brlbs-cmpnt-cb-main\"> <div class=\"brlbs-cmpnt-cb-content\"> <p class=\"brlbs-cmpnt-cb-description\">Est\u00e1s viendo un contenido de marcador de posici\u00f3n de <strong>Google Maps<\/strong>. Para acceder al contenido real, haz clic en el siguiente bot\u00f3n. Ten en cuenta que al hacerlo compartir\u00e1s datos con terceros proveedores.<\/p> <a class=\"brlbs-cmpnt-cb-provider-toggle\" href=\"#\" data-borlabs-cookie-show-provider-information role=\"button\">M\u00e1s informaci\u00f3n<\/a> <\/div> <div class=\"brlbs-cmpnt-cb-buttons\"> <a class=\"brlbs-cmpnt-cb-btn\" href=\"#\" data-borlabs-cookie-unblock role=\"button\">Desbloquear contenido<\/a> <a class=\"brlbs-cmpnt-cb-btn\" href=\"#\" data-borlabs-cookie-accept-service role=\"button\" style=\"display: inherit\">Aceptar el servicio requerido y desbloquear el contenido<\/a> <\/div> <\/div> <\/div><\/div>\n<\/div>\n\n\n\n<div class=\"wp-block-column map-legend is-layout-flow wp-block-column-is-layout-flow\">\n<p><strong>Lugares de inter\u00e9s<\/strong><\/p>\n\n\n\n<ul class=\"map-legend main-legend wp-block-list\">\n<li>Residencia palacio con capilla palaciega  <\/li>\n\n\n\n<li>Iglesia de la ciudad con cripta principesca<\/li>\n\n\n\n<li>Kalandgasse  <\/li>\n\n\n\n<li>Antiguo Ayuntamiento <\/li>\n\n\n\n<li>Casa Hoppener  <\/li>\n\n\n\n<li>Linternas parlantes Light Art Project  <\/li>\n\n\n\n<li>Gran plano con la Casa Stechinell  <\/li>\n\n\n\n<li>Jard\u00edn franc\u00e9s  <\/li>\n\n\n\n<li>Asentamiento \u00abJard\u00edn Italiano\u00bb (construido en 1924, arquitecto Otto Haesler)<\/li>\n<\/ul>\n<\/div>\n<\/div>\n\n\n\n<div style=\"height:60px\" aria-hidden=\"true\" class=\"wp-block-spacer\"><\/div>\n\n\n\n<div class=\"content-grid\">\n\n\n  \n  <div class=\"grid\">\n                        \n                    \n          <div class=\"featured-themen-single\">\n            <div class=\"featured-themen-single-inner\" style=\"background-image: url('https:\/\/9staedte.de\/wp-content\/smush-webp\/2023\/01\/Rundgang-durch-Celle-c-Stadt-Celle.jpg.webp')\">\n              \n              <a href=\"https:\/\/9staedte.de\/es\/celle-encantadora-ciudad-residencial\/visitas-guiadas-en-celle\/\">\n                <span>Visitas guiadas en Celle<\/span>\n              <\/a>\n            <\/div>\n          <\/div>\n    \n          \n                  \n                    \n          <div class=\"featured-themen-single\">\n            <div class=\"featured-themen-single-inner\" style=\"background-image: url('https:\/\/9staedte.de\/wp-content\/smush-webp\/2023\/02\/celle-franzoeischer-garten-fruehling-c-Stadt-Celle.jpg.webp')\">\n              \n              <a href=\"https:\/\/9staedte.de\/es\/celle-encantadora-ciudad-residencial\/experiencias-en-la-naturaleza-y-sostenibilidad-en-celle\/\">\n                <span>Experiencias en la naturaleza y sostenibilidad en Celle<\/span>\n              <\/a>\n            <\/div>\n          <\/div>\n    \n          \n                  \n                    \n          <div class=\"featured-themen-single\">\n            <div class=\"featured-themen-single-inner\" style=\"background-image: url('https:\/\/9staedte.de\/wp-content\/smush-webp\/2023\/02\/Shopping-in-Celle-c-Celle-Tourimsus-4.jpg.webp')\">\n              \n              <a href=\"https:\/\/9staedte.de\/es\/celle-encantadora-ciudad-residencial\/ir-de-compras-y-salir-por-celle\/\">\n                <span>Ir de compras y salir por Celle<\/span>\n              <\/a>\n            <\/div>\n          <\/div>\n    \n          \n                  \n                    \n          <div class=\"featured-themen-single\">\n            <div class=\"featured-themen-single-inner\" style=\"background-image: url('https:\/\/9staedte.de\/wp-content\/smush-webp\/2022\/03\/RS57_celle_schloss_luftbild.jpg.webp')\">\n              \n              <a href=\"https:\/\/9staedte.de\/es\/celle-encantadora-ciudad-residencial\/impresiones-desde-celle\/\">\n                <span>Impresiones desde Celle<\/span>\n              <\/a>\n            <\/div>\n          <\/div>\n    \n          \n                          \n        <\/div>\n<\/div>","protected":false},"excerpt":{"rendered":"<p>Encantadora ciudad residencial con el mayor conjunto de entramados de madera de Europa Desde casas con entramado de madera hasta la Bauhaus, pasando por el Palacio de Guelph, el museo de arte abierto las 24 horas y las especialidades regionales para ir de compras sin prisas: Celle es sin\u00f3nimo de diversidad. Aqu\u00ed, tradici\u00f3n y modernidad [&hellip;]<\/p>\n","protected":false},"author":1,"featured_media":20938,"parent":0,"menu_order":0,"comment_status":"closed","ping_status":"closed","template":"pagetemplates\/template-stadtseite.php","meta":{"_acf_changed":false,"footnotes":""},"categories":[],"tags":[],"ncap_cities_tax":[431],"class_list":["post-18083","page","type-page","status-publish","has-post-thumbnail","hentry","ncap_cities_tax-celle-es"],"acf":[],"yoast_head":"<!-- This site is optimized with the Yoast SEO plugin v26.8 - https:\/\/yoast.com\/product\/yoast-seo-wordpress\/ -->\n<title>Celle - Encantadora ciudad residencial - 9 St\u00e4dte in Niedersachsen<\/title>\n<meta name=\"description\" content=\"Cellle - encantadora ciudad residencial: casas con entramado de madera, Bauhaus y Castillo de Guelph y un museo de arte \u00fanico abierto 24 horas al d\u00eda\" \/>\n<meta name=\"robots\" content=\"index, follow, max-snippet:-1, max-image-preview:large, max-video-preview:-1\" \/>\n<link rel=\"canonical\" href=\"https:\/\/9staedte.de\/es\/celle-encantadora-ciudad-residencial\/\" \/>\n<meta property=\"og:locale\" content=\"es_ES\" \/>\n<meta property=\"og:type\" content=\"article\" \/>\n<meta property=\"og:title\" content=\"Celle - Encantadora ciudad residencial - 9 St\u00e4dte in Niedersachsen\" \/>\n<meta property=\"og:description\" content=\"Cellle - encantadora ciudad residencial: casas con entramado de madera, Bauhaus y Castillo de Guelph y un museo de arte \u00fanico abierto 24 horas al d\u00eda\" \/>\n<meta property=\"og:url\" content=\"https:\/\/9staedte.de\/es\/celle-encantadora-ciudad-residencial\/\" \/>\n<meta property=\"og:site_name\" content=\"9 St\u00e4dte in Niedersachsen\" \/>\n<meta property=\"article:modified_time\" content=\"2025-05-08T12:53:31+00:00\" \/>\n<meta property=\"og:image\" content=\"https:\/\/9staedte.de\/wp-content\/uploads\/2024\/02\/Hauptmotiv-celle-sonnenuntergang-ccbysa-vdb-220323-6.jpg\" \/>\n\t<meta property=\"og:image:width\" content=\"1020\" \/>\n\t<meta property=\"og:image:height\" content=\"574\" \/>\n\t<meta property=\"og:image:type\" content=\"image\/jpeg\" \/>\n<meta name=\"twitter:card\" content=\"summary_large_image\" \/>\n<meta name=\"twitter:label1\" content=\"Tiempo de lectura\" \/>\n\t<meta name=\"twitter:data1\" content=\"2 minutos\" \/>\n<script type=\"application\/ld+json\" class=\"yoast-schema-graph\">{\"@context\":\"https:\/\/schema.org\",\"@graph\":[{\"@type\":\"WebPage\",\"@id\":\"https:\/\/9staedte.de\/es\/celle-encantadora-ciudad-residencial\/\",\"url\":\"https:\/\/9staedte.de\/es\/celle-encantadora-ciudad-residencial\/\",\"name\":\"Celle - Encantadora ciudad residencial - 9 St\u00e4dte in Niedersachsen\",\"isPartOf\":{\"@id\":\"https:\/\/9staedte.de\/es\/#website\"},\"primaryImageOfPage\":{\"@id\":\"https:\/\/9staedte.de\/es\/celle-encantadora-ciudad-residencial\/#primaryimage\"},\"image\":{\"@id\":\"https:\/\/9staedte.de\/es\/celle-encantadora-ciudad-residencial\/#primaryimage\"},\"thumbnailUrl\":\"https:\/\/9staedte.de\/wp-content\/uploads\/2024\/02\/Hauptmotiv-celle-sonnenuntergang-ccbysa-vdb-220323-6.jpg\",\"datePublished\":\"2023-11-02T08:53:12+00:00\",\"dateModified\":\"2025-05-08T12:53:31+00:00\",\"description\":\"Cellle - encantadora ciudad residencial: casas con entramado de madera, Bauhaus y Castillo de Guelph y un museo de arte \u00fanico abierto 24 horas al d\u00eda\",\"breadcrumb\":{\"@id\":\"https:\/\/9staedte.de\/es\/celle-encantadora-ciudad-residencial\/#breadcrumb\"},\"inLanguage\":\"es\",\"potentialAction\":[{\"@type\":\"ReadAction\",\"target\":[\"https:\/\/9staedte.de\/es\/celle-encantadora-ciudad-residencial\/\"]}]},{\"@type\":\"ImageObject\",\"inLanguage\":\"es\",\"@id\":\"https:\/\/9staedte.de\/es\/celle-encantadora-ciudad-residencial\/#primaryimage\",\"url\":\"https:\/\/9staedte.de\/wp-content\/uploads\/2024\/02\/Hauptmotiv-celle-sonnenuntergang-ccbysa-vdb-220323-6.jpg\",\"contentUrl\":\"https:\/\/9staedte.de\/wp-content\/uploads\/2024\/02\/Hauptmotiv-celle-sonnenuntergang-ccbysa-vdb-220323-6.jpg\",\"width\":1020,\"height\":574,\"caption\":\"Celle Fachwerk Sonnenuntergang ccbysa-vdb\"},{\"@type\":\"BreadcrumbList\",\"@id\":\"https:\/\/9staedte.de\/es\/celle-encantadora-ciudad-residencial\/#breadcrumb\",\"itemListElement\":[{\"@type\":\"ListItem\",\"position\":1,\"name\":\"Startseite\",\"item\":\"https:\/\/9staedte.de\/es\/\"},{\"@type\":\"ListItem\",\"position\":2,\"name\":\"Celle &#8211; Encantadora ciudad residencial\"}]},{\"@type\":\"WebSite\",\"@id\":\"https:\/\/9staedte.de\/es\/#website\",\"url\":\"https:\/\/9staedte.de\/es\/\",\"name\":\"9 St\u00e4dte in Niedersachsen\",\"description\":\"\",\"publisher\":{\"@id\":\"https:\/\/9staedte.de\/es\/#organization\"},\"potentialAction\":[{\"@type\":\"SearchAction\",\"target\":{\"@type\":\"EntryPoint\",\"urlTemplate\":\"https:\/\/9staedte.de\/es\/?s={search_term_string}\"},\"query-input\":{\"@type\":\"PropertyValueSpecification\",\"valueRequired\":true,\"valueName\":\"search_term_string\"}}],\"inLanguage\":\"es\"},{\"@type\":\"Organization\",\"@id\":\"https:\/\/9staedte.de\/es\/#organization\",\"name\":\"9 St\u00e4dte in Niedersachsen\",\"url\":\"https:\/\/9staedte.de\/es\/\",\"logo\":{\"@type\":\"ImageObject\",\"inLanguage\":\"es\",\"@id\":\"https:\/\/9staedte.de\/es\/#\/schema\/logo\/image\/\",\"url\":\"https:\/\/9staedte.de\/wp-content\/uploads\/2025\/01\/9-neg-deutsch-2-1.png\",\"contentUrl\":\"https:\/\/9staedte.de\/wp-content\/uploads\/2025\/01\/9-neg-deutsch-2-1.png\",\"width\":190,\"height\":114,\"caption\":\"9 St\u00e4dte in Niedersachsen\"},\"image\":{\"@id\":\"https:\/\/9staedte.de\/es\/#\/schema\/logo\/image\/\"}}]}<\/script>\n<!-- \/ Yoast SEO plugin. -->","yoast_head_json":{"title":"Celle - Encantadora ciudad residencial - 9 St\u00e4dte in Niedersachsen","description":"Cellle - encantadora ciudad residencial: casas con entramado de madera, Bauhaus y Castillo de Guelph y un museo de arte \u00fanico abierto 24 horas al d\u00eda","robots":{"index":"index","follow":"follow","max-snippet":"max-snippet:-1","max-image-preview":"max-image-preview:large","max-video-preview":"max-video-preview:-1"},"canonical":"https:\/\/9staedte.de\/es\/celle-encantadora-ciudad-residencial\/","og_locale":"es_ES","og_type":"article","og_title":"Celle - Encantadora ciudad residencial - 9 St\u00e4dte in Niedersachsen","og_description":"Cellle - encantadora ciudad residencial: casas con entramado de madera, Bauhaus y Castillo de Guelph y un museo de arte \u00fanico abierto 24 horas al d\u00eda","og_url":"https:\/\/9staedte.de\/es\/celle-encantadora-ciudad-residencial\/","og_site_name":"9 St\u00e4dte in Niedersachsen","article_modified_time":"2025-05-08T12:53:31+00:00","og_image":[{"width":1020,"height":574,"url":"https:\/\/9staedte.de\/wp-content\/uploads\/2024\/02\/Hauptmotiv-celle-sonnenuntergang-ccbysa-vdb-220323-6.jpg","type":"image\/jpeg"}],"twitter_card":"summary_large_image","twitter_misc":{"Tiempo de lectura":"2 minutos"},"schema":{"@context":"https:\/\/schema.org","@graph":[{"@type":"WebPage","@id":"https:\/\/9staedte.de\/es\/celle-encantadora-ciudad-residencial\/","url":"https:\/\/9staedte.de\/es\/celle-encantadora-ciudad-residencial\/","name":"Celle - Encantadora ciudad residencial - 9 St\u00e4dte in Niedersachsen","isPartOf":{"@id":"https:\/\/9staedte.de\/es\/#website"},"primaryImageOfPage":{"@id":"https:\/\/9staedte.de\/es\/celle-encantadora-ciudad-residencial\/#primaryimage"},"image":{"@id":"https:\/\/9staedte.de\/es\/celle-encantadora-ciudad-residencial\/#primaryimage"},"thumbnailUrl":"https:\/\/9staedte.de\/wp-content\/uploads\/2024\/02\/Hauptmotiv-celle-sonnenuntergang-ccbysa-vdb-220323-6.jpg","datePublished":"2023-11-02T08:53:12+00:00","dateModified":"2025-05-08T12:53:31+00:00","description":"Cellle - encantadora ciudad residencial: casas con entramado de madera, Bauhaus y Castillo de Guelph y un museo de arte \u00fanico abierto 24 horas al d\u00eda","breadcrumb":{"@id":"https:\/\/9staedte.de\/es\/celle-encantadora-ciudad-residencial\/#breadcrumb"},"inLanguage":"es","potentialAction":[{"@type":"ReadAction","target":["https:\/\/9staedte.de\/es\/celle-encantadora-ciudad-residencial\/"]}]},{"@type":"ImageObject","inLanguage":"es","@id":"https:\/\/9staedte.de\/es\/celle-encantadora-ciudad-residencial\/#primaryimage","url":"https:\/\/9staedte.de\/wp-content\/uploads\/2024\/02\/Hauptmotiv-celle-sonnenuntergang-ccbysa-vdb-220323-6.jpg","contentUrl":"https:\/\/9staedte.de\/wp-content\/uploads\/2024\/02\/Hauptmotiv-celle-sonnenuntergang-ccbysa-vdb-220323-6.jpg","width":1020,"height":574,"caption":"Celle Fachwerk Sonnenuntergang ccbysa-vdb"},{"@type":"BreadcrumbList","@id":"https:\/\/9staedte.de\/es\/celle-encantadora-ciudad-residencial\/#breadcrumb","itemListElement":[{"@type":"ListItem","position":1,"name":"Startseite","item":"https:\/\/9staedte.de\/es\/"},{"@type":"ListItem","position":2,"name":"Celle &#8211; Encantadora ciudad residencial"}]},{"@type":"WebSite","@id":"https:\/\/9staedte.de\/es\/#website","url":"https:\/\/9staedte.de\/es\/","name":"9 St\u00e4dte in Niedersachsen","description":"","publisher":{"@id":"https:\/\/9staedte.de\/es\/#organization"},"potentialAction":[{"@type":"SearchAction","target":{"@type":"EntryPoint","urlTemplate":"https:\/\/9staedte.de\/es\/?s={search_term_string}"},"query-input":{"@type":"PropertyValueSpecification","valueRequired":true,"valueName":"search_term_string"}}],"inLanguage":"es"},{"@type":"Organization","@id":"https:\/\/9staedte.de\/es\/#organization","name":"9 St\u00e4dte in Niedersachsen","url":"https:\/\/9staedte.de\/es\/","logo":{"@type":"ImageObject","inLanguage":"es","@id":"https:\/\/9staedte.de\/es\/#\/schema\/logo\/image\/","url":"https:\/\/9staedte.de\/wp-content\/uploads\/2025\/01\/9-neg-deutsch-2-1.png","contentUrl":"https:\/\/9staedte.de\/wp-content\/uploads\/2025\/01\/9-neg-deutsch-2-1.png","width":190,"height":114,"caption":"9 St\u00e4dte in Niedersachsen"},"image":{"@id":"https:\/\/9staedte.de\/es\/#\/schema\/logo\/image\/"}}]}},"_links":{"self":[{"href":"https:\/\/9staedte.de\/es\/wp-json\/wp\/v2\/pages\/18083","targetHints":{"allow":["GET"]}}],"collection":[{"href":"https:\/\/9staedte.de\/es\/wp-json\/wp\/v2\/pages"}],"about":[{"href":"https:\/\/9staedte.de\/es\/wp-json\/wp\/v2\/types\/page"}],"author":[{"embeddable":true,"href":"https:\/\/9staedte.de\/es\/wp-json\/wp\/v2\/users\/1"}],"replies":[{"embeddable":true,"href":"https:\/\/9staedte.de\/es\/wp-json\/wp\/v2\/comments?post=18083"}],"version-history":[{"count":6,"href":"https:\/\/9staedte.de\/es\/wp-json\/wp\/v2\/pages\/18083\/revisions"}],"predecessor-version":[{"id":25390,"href":"https:\/\/9staedte.de\/es\/wp-json\/wp\/v2\/pages\/18083\/revisions\/25390"}],"wp:featuredmedia":[{"embeddable":true,"href":"https:\/\/9staedte.de\/es\/wp-json\/wp\/v2\/media\/20938"}],"wp:attachment":[{"href":"https:\/\/9staedte.de\/es\/wp-json\/wp\/v2\/media?parent=18083"}],"wp:term":[{"taxonomy":"category","embeddable":true,"href":"https:\/\/9staedte.de\/es\/wp-json\/wp\/v2\/categories?post=18083"},{"taxonomy":"post_tag","embeddable":true,"href":"https:\/\/9staedte.de\/es\/wp-json\/wp\/v2\/tags?post=18083"},{"taxonomy":"ncap_cities_tax","embeddable":true,"href":"https:\/\/9staedte.de\/es\/wp-json\/wp\/v2\/ncap_cities_tax?post=18083"}],"curies":[{"name":"wp","href":"https:\/\/api.w.org\/{rel}","templated":true}]}}