{"id":18054,"date":"2023-11-02T09:52:55","date_gmt":"2023-11-02T08:52:55","guid":{"rendered":"https:\/\/9staedte.de\/hannover-capital-de-baja-sajonia\/"},"modified":"2024-04-15T12:27:13","modified_gmt":"2024-04-15T10:27:13","slug":"hannover-capital-de-baja-sajonia","status":"publish","type":"page","link":"https:\/\/9staedte.de\/es\/hannover-capital-de-baja-sajonia\/","title":{"rendered":"Hannover &#8211; Capital de Baja Sajonia"},"content":{"rendered":"\n<h2 class=\"wp-block-heading\">Vivible y amable<\/h2>\n\n\n\n<p>Aut\u00e9ntica, genuina, relajada: Hannover ofrece la mezcla ideal para los visitantes. El centro de la ciudad impresiona por su aire metropolitano, en el casco antiguo se puede pasear por callejuelas medievales o relajarse a orillas del Leine. Experimente el arte de la jardiner\u00eda a la perfecci\u00f3n en los Jardines Herrenh\u00e4user. Viaje alrededor del mundo a trav\u00e9s de mundos tem\u00e1ticos \u00fanicos en el Adventure Zoo. Los distintos barrios de la ciudad son animados y encantadores. Acontecimientos destacados como el Concurso Internacional de Fuegos Artificiales, el Festival de Maschsee, el mayor concurso de tiro del mundo o los mercados navide\u00f1os.<br>atraen cada a\u00f1o a innumerables visitantes a Hannover.<\/p>\n\n\n\n<p>Por autopista, ICE o avi\u00f3n: la c\u00e9ntrica ubicaci\u00f3n es una de las muchas ventajas de Hannover.<\/p>\n\n\n\n<p><a href=\"http:\/\/www.visit-hannover.com\/\" target=\"_blank\" rel=\"noreferrer noopener\">www.visit-hannover.com<\/a><\/p>\n\n\n\n\n<div class=\"banner-wrapper\">\n  <div class=\"banner-inner \">\n      <div class=\"img-container\">\n      <div class=\"img-wrapper\">\n        <img decoding=\"async\" src=\"https:\/\/9staedte.de\/wp-content\/smush-webp\/2023\/04\/Hannover-Herrenhaeuser-Gaerten-im-Herbst-c-Lars-Gerhardts.jpg.webp\" alt=\"La imagen muestra los jardines Herrenhausen en Hannover durante el oto\u00f1o. Los jardines son grandes y est\u00e1n bien dise\u00f1ados. En el centro hay una fuente. Al fondo se encuentra un gran edificio blanco \u2013 es el Palacio de Herrenhausen. Los \u00e1rboles tienen colores oto\u00f1ales. El cielo es colorido al amanecer o al atardecer.\" \/>\n                  <div class=\"thumbnail-label\">\n            <span>Hannover Herrenh\u00e4user G\u00e4rten im Herbst c) Lars Gerhardts<\/span>\n          <\/div>\n              <\/div>\n    <\/div>\n        <div class=\"text-container\">\n      <div class=\"content\">\n        <h3><strong>Sugerencias especiales<\/strong><\/h3>\n<ul>\n<li>Jardines de Herrenhausen con el Museo del Palacio de Herrenhausen y la Gruta de Niki de Saint Phalle<\/li>\n<li>Vista desde la c\u00fapula del Ayuntamiento Nuevo<\/li>\n<li>Visita guiada en autob\u00fas panor\u00e1mico de dos pisos<\/li>\n<li>El \u00abHilo Rojo\u00bb hacia los monumentos<\/li>\n<li>Maschsee &#8211; ambiente mar\u00edtimo en medio de la ciudad<\/li>\n<li>Leinewelle y gastronom\u00eda a orillas del Leine en el centro hist\u00f3rico de la ciudad<\/li>\n<li>El paisaje muse\u00edstico de Hannover<\/li>\n<li>Espect\u00e1culos de primera clase en el GOP Variet\u00e9<\/li>\n<li>Salir por el barrio de moda de Linden<\/li>\n<\/ul>\n      <\/div>\n    <\/div>\n    <\/div>\n<\/div>\n\n\n\n\n<div style=\"height:30px\" aria-hidden=\"true\" class=\"wp-block-spacer\"><\/div>\n\n\n\n<div class=\"wp-block-columns is-layout-flex wp-container-core-columns-is-layout-9d6595d7 wp-block-columns-is-layout-flex\">\n<div class=\"wp-block-column is-layout-flow wp-block-column-is-layout-flow\" style=\"flex-basis:66.66%\">\n <div class=\"brlbs-cmpnt-container brlbs-cmpnt-content-blocker brlbs-cmpnt-with-individual-styles\" data-borlabs-cookie-content-blocker-id=\"google-maps\" data-borlabs-cookie-content=\"PGlmcmFtZSBzcmM9Imh0dHBzOi8vd3d3Lmdvb2dsZS5jb20vbWFwcy9kL2VtYmVkP21pZD0xNDdQdzVueTFvQXRyTjZoZ1F0dmRRZmFKaXNNbjNndyZhbXA7ZWhiYz0yRTMxMkYiIHdpZHRoPSIxMDAlIiBoZWlnaHQ9IjQ1MCI+PC9pZnJhbWU+\"><div class=\"brlbs-cmpnt-cb-preset-b brlbs-cmpnt-cb-google-maps\"> <div class=\"brlbs-cmpnt-cb-thumbnail\" style=\"background-image: url('https:\/\/9staedte.de\/wp-content\/uploads\/borlabs-cookie\/1\/brlbs-cb-google-maps-main.png')\"><\/div> <div class=\"brlbs-cmpnt-cb-main\"> <div class=\"brlbs-cmpnt-cb-content\"> <p class=\"brlbs-cmpnt-cb-description\">Est\u00e1s viendo un contenido de marcador de posici\u00f3n de <strong>Google Maps<\/strong>. Para acceder al contenido real, haz clic en el siguiente bot\u00f3n. Ten en cuenta que al hacerlo compartir\u00e1s datos con terceros proveedores.<\/p> <a class=\"brlbs-cmpnt-cb-provider-toggle\" href=\"#\" data-borlabs-cookie-show-provider-information role=\"button\">M\u00e1s informaci\u00f3n<\/a> <\/div> <div class=\"brlbs-cmpnt-cb-buttons\"> <a class=\"brlbs-cmpnt-cb-btn\" href=\"#\" data-borlabs-cookie-unblock role=\"button\">Desbloquear contenido<\/a> <a class=\"brlbs-cmpnt-cb-btn\" href=\"#\" data-borlabs-cookie-accept-service role=\"button\" style=\"display: inherit\">Aceptar el servicio requerido y desbloquear el contenido<\/a> <\/div> <\/div> <\/div><\/div>\n<\/div>\n\n\n\n<div class=\"wp-block-column map-legend is-layout-flow wp-block-column-is-layout-flow\">\n<p><strong>Lugares de inter\u00e9s:<\/strong><\/p>\n\n\n\n<ul class=\"map-legend main-legend wp-block-list\">\n<li>Nuevo Ayuntamiento  <\/li>\n\n\n\n<li>Leineschloss \/ Parlamento de Baja Sajonia  <\/li>\n\n\n\n<li>Nanas de Niki de Saint Phalle  <\/li>\n\n\n\n<li>Casco antiguo  <\/li>\n\n\n\n<li>Antiguo Ayuntamiento e Iglesia del Mercado  <\/li>\n\n\n\n<li>Lugar de encuentro Kr\u00f6pcke  <\/li>\n\n\n\n<li>\u00d3pera  <\/li>\n\n\n\n<li>Aegidienkirche, monumento a las v\u00edctimas de las guerras  <\/li>\n\n\n\n<li>Maschsee<\/li>\n<\/ul>\n<\/div>\n<\/div>\n\n\n\n<div style=\"height:60px\" aria-hidden=\"true\" class=\"wp-block-spacer map-legend\"><\/div>\n\n\n\n<div class=\"content-grid\">\n\n\n  \n  <div class=\"grid\">\n                        \n                    \n          <div class=\"featured-themen-single\">\n            <div class=\"featured-themen-single-inner\" style=\"background-image: url('https:\/\/9staedte.de\/wp-content\/smush-webp\/2023\/02\/Stadtrundfahrt-c-HMTG-Christian-Wyrwa.jpg.webp')\">\n              \n              <a href=\"https:\/\/9staedte.de\/es\/hannover-capital-de-baja-sajonia\/visitas-guiadas-por-hannover\/\">\n                <span>Visitas guiadas por Hannover<\/span>\n              <\/a>\n            <\/div>\n          <\/div>\n    \n          \n                  \n                    \n          <div class=\"featured-themen-single\">\n            <div class=\"featured-themen-single-inner\" style=\"background-image: url('https:\/\/9staedte.de\/wp-content\/smush-webp\/2023\/02\/Hannover-Hauptbahnhof-c-HMTG-Stefan-Knaak.jpg.webp')\">\n              \n              <a href=\"https:\/\/9staedte.de\/es\/hannover-capital-de-baja-sajonia\/alojamiento-en-hannover\/\">\n                <span>Alojamiento en Hannover<\/span>\n              <\/a>\n            <\/div>\n          <\/div>\n    \n          \n                  \n                    \n          <div class=\"featured-themen-single\">\n            <div class=\"featured-themen-single-inner\" style=\"background-image: url('https:\/\/9staedte.de\/wp-content\/smush-webp\/2023\/02\/Internationaler-Feuerwerkswettbewerb-c-Hannover-Marketing-und-Tourismus-GmbH-_-Lars-Gerhardts.jpg.webp')\">\n              \n              <a href=\"https:\/\/9staedte.de\/es\/hannover-capital-de-baja-sajonia\/eventos-en-hannover\/\">\n                <span>Eventos en Hannover<\/span>\n              <\/a>\n            <\/div>\n          <\/div>\n    \n          \n                  \n                    \n          <div class=\"featured-themen-single\">\n            <div class=\"featured-themen-single-inner\" style=\"background-image: url('https:\/\/9staedte.de\/wp-content\/smush-webp\/2023\/02\/Herrenhaeuser-Gaertem-c-HMTG-Lars-Gerhardts.jpg.webp')\">\n              \n              <a href=\"https:\/\/9staedte.de\/es\/hannover-capital-de-baja-sajonia\/palacios-y-jardines-de-hannover\/\">\n                <span>Palacios y jardines de Hannover<\/span>\n              <\/a>\n            <\/div>\n          <\/div>\n    \n          \n                  \n                    \n          <div class=\"featured-themen-single\">\n            <div class=\"featured-themen-single-inner\" style=\"background-image: url('https:\/\/9staedte.de\/wp-content\/smush-webp\/2023\/02\/Museum-August-Kestner-Museum-August-Kestner-8.jpg.webp')\">\n              \n              <a href=\"https:\/\/9staedte.de\/es\/hannover-capital-de-baja-sajonia\/museos-y-exposiciones-hannover\/\">\n                <span>Museos y exposiciones Hannover<\/span>\n              <\/a>\n            <\/div>\n          <\/div>\n    \n          \n                  \n                    \n          <div class=\"featured-themen-single\">\n            <div class=\"featured-themen-single-inner\" style=\"background-image: url('https:\/\/9staedte.de\/wp-content\/smush-webp\/2022\/02\/Hannover-Herrenhaeuser-Gaerten-c-HMTG-Lars-Gerhardts.jpg.webp')\">\n              \n              <a href=\"https:\/\/9staedte.de\/es\/hannover-capital-de-baja-sajonia\/impresiones-desde-hannover\/\">\n                <span>Impresiones desde Hannover<\/span>\n              <\/a>\n            <\/div>\n          <\/div>\n    \n          \n                          \n        <\/div>\n<\/div>","protected":false},"excerpt":{"rendered":"<p>Vivible y amable Aut\u00e9ntica, genuina, relajada: Hannover ofrece la mezcla ideal para los visitantes. El centro de la ciudad impresiona por su aire metropolitano, en el casco antiguo se puede pasear por callejuelas medievales o relajarse a orillas del Leine. Experimente el arte de la jardiner\u00eda a la perfecci\u00f3n en los Jardines Herrenh\u00e4user. Viaje alrededor [&hellip;]<\/p>\n","protected":false},"author":1,"featured_media":19474,"parent":0,"menu_order":0,"comment_status":"closed","ping_status":"closed","template":"pagetemplates\/template-stadtseite.php","meta":{"_acf_changed":false,"footnotes":""},"categories":[],"tags":[],"ncap_cities_tax":[459],"class_list":["post-18054","page","type-page","status-publish","has-post-thumbnail","hentry","ncap_cities_tax-hannover-es"],"acf":[],"yoast_head":"<!-- This site is optimized with the Yoast SEO plugin v27.4 - https:\/\/yoast.com\/product\/yoast-seo-wordpress\/ -->\n<title>Hannover - Capital de Baja Sajonia - 9 St\u00e4dte in Niedersachsen<\/title>\n<meta name=\"description\" content=\"El centro de Hannover impresiona con su aire metropolitano, el casco antiguo con sus callejuelas hist\u00f3ricas. Los Jardines de Herrenh\u00e4user ofrecen arte jardinero a la perfecci\u00f3n.\" \/>\n<meta name=\"robots\" content=\"index, follow, max-snippet:-1, max-image-preview:large, max-video-preview:-1\" \/>\n<link rel=\"canonical\" href=\"https:\/\/9staedte.de\/es\/hannover-capital-de-baja-sajonia\/\" \/>\n<meta property=\"og:locale\" content=\"es_ES\" \/>\n<meta property=\"og:type\" content=\"article\" \/>\n<meta property=\"og:title\" content=\"Hannover - Capital de Baja Sajonia - 9 St\u00e4dte in Niedersachsen\" \/>\n<meta property=\"og:description\" content=\"El centro de Hannover impresiona con su aire metropolitano, el casco antiguo con sus callejuelas hist\u00f3ricas. Los Jardines de Herrenh\u00e4user ofrecen arte jardinero a la perfecci\u00f3n.\" \/>\n<meta property=\"og:url\" content=\"https:\/\/9staedte.de\/es\/hannover-capital-de-baja-sajonia\/\" \/>\n<meta property=\"og:site_name\" content=\"9 St\u00e4dte in Niedersachsen\" \/>\n<meta property=\"article:modified_time\" content=\"2024-04-15T10:27:13+00:00\" \/>\n<meta property=\"og:image\" content=\"https:\/\/9staedte.de\/wp-content\/uploads\/2023\/07\/Hannover-Neues-Rathaus-Luftbild-c-HMTG-Lars-Gerhardts.jpg\" \/>\n\t<meta property=\"og:image:width\" content=\"2500\" \/>\n\t<meta property=\"og:image:height\" content=\"1498\" \/>\n\t<meta property=\"og:image:type\" content=\"image\/jpeg\" \/>\n<meta name=\"twitter:card\" content=\"summary_large_image\" \/>\n<meta name=\"twitter:label1\" content=\"Tiempo de lectura\" \/>\n\t<meta name=\"twitter:data1\" content=\"2 minutos\" \/>\n<script type=\"application\/ld+json\" class=\"yoast-schema-graph\">{\"@context\":\"https:\\\/\\\/schema.org\",\"@graph\":[{\"@type\":\"WebPage\",\"@id\":\"https:\\\/\\\/9staedte.de\\\/es\\\/hannover-capital-de-baja-sajonia\\\/\",\"url\":\"https:\\\/\\\/9staedte.de\\\/es\\\/hannover-capital-de-baja-sajonia\\\/\",\"name\":\"Hannover - Capital de Baja Sajonia - 9 St\u00e4dte in Niedersachsen\",\"isPartOf\":{\"@id\":\"https:\\\/\\\/9staedte.de\\\/es\\\/#website\"},\"primaryImageOfPage\":{\"@id\":\"https:\\\/\\\/9staedte.de\\\/es\\\/hannover-capital-de-baja-sajonia\\\/#primaryimage\"},\"image\":{\"@id\":\"https:\\\/\\\/9staedte.de\\\/es\\\/hannover-capital-de-baja-sajonia\\\/#primaryimage\"},\"thumbnailUrl\":\"https:\\\/\\\/9staedte.de\\\/wp-content\\\/uploads\\\/2023\\\/07\\\/Hannover-Abendstimmung-vor-der-Oper-c-HMTG-Hans-Zaglitsch.jpg\",\"datePublished\":\"2023-11-02T08:52:55+00:00\",\"dateModified\":\"2024-04-15T10:27:13+00:00\",\"description\":\"El centro de Hannover impresiona con su aire metropolitano, el casco antiguo con sus callejuelas hist\u00f3ricas. Los Jardines de Herrenh\u00e4user ofrecen arte jardinero a la perfecci\u00f3n.\",\"breadcrumb\":{\"@id\":\"https:\\\/\\\/9staedte.de\\\/es\\\/hannover-capital-de-baja-sajonia\\\/#breadcrumb\"},\"inLanguage\":\"es\",\"potentialAction\":[{\"@type\":\"ReadAction\",\"target\":[\"https:\\\/\\\/9staedte.de\\\/es\\\/hannover-capital-de-baja-sajonia\\\/\"]}]},{\"@type\":\"ImageObject\",\"inLanguage\":\"es\",\"@id\":\"https:\\\/\\\/9staedte.de\\\/es\\\/hannover-capital-de-baja-sajonia\\\/#primaryimage\",\"url\":\"https:\\\/\\\/9staedte.de\\\/wp-content\\\/uploads\\\/2023\\\/07\\\/Hannover-Abendstimmung-vor-der-Oper-c-HMTG-Hans-Zaglitsch.jpg\",\"contentUrl\":\"https:\\\/\\\/9staedte.de\\\/wp-content\\\/uploads\\\/2023\\\/07\\\/Hannover-Abendstimmung-vor-der-Oper-c-HMTG-Hans-Zaglitsch.jpg\",\"width\":2500,\"height\":1696,\"caption\":\"Hannover Abendstimmung vor der Oper c) HMTG Hans Zaglitsch\"},{\"@type\":\"BreadcrumbList\",\"@id\":\"https:\\\/\\\/9staedte.de\\\/es\\\/hannover-capital-de-baja-sajonia\\\/#breadcrumb\",\"itemListElement\":[{\"@type\":\"ListItem\",\"position\":1,\"name\":\"Startseite\",\"item\":\"https:\\\/\\\/9staedte.de\\\/es\\\/\"},{\"@type\":\"ListItem\",\"position\":2,\"name\":\"Hannover &#8211; Capital de Baja Sajonia\"}]},{\"@type\":\"WebSite\",\"@id\":\"https:\\\/\\\/9staedte.de\\\/es\\\/#website\",\"url\":\"https:\\\/\\\/9staedte.de\\\/es\\\/\",\"name\":\"9 St\u00e4dte in Niedersachsen\",\"description\":\"\",\"publisher\":{\"@id\":\"https:\\\/\\\/9staedte.de\\\/es\\\/#organization\"},\"potentialAction\":[{\"@type\":\"SearchAction\",\"target\":{\"@type\":\"EntryPoint\",\"urlTemplate\":\"https:\\\/\\\/9staedte.de\\\/es\\\/?s={search_term_string}\"},\"query-input\":{\"@type\":\"PropertyValueSpecification\",\"valueRequired\":true,\"valueName\":\"search_term_string\"}}],\"inLanguage\":\"es\"},{\"@type\":\"Organization\",\"@id\":\"https:\\\/\\\/9staedte.de\\\/es\\\/#organization\",\"name\":\"9 St\u00e4dte in Niedersachsen\",\"url\":\"https:\\\/\\\/9staedte.de\\\/es\\\/\",\"logo\":{\"@type\":\"ImageObject\",\"inLanguage\":\"es\",\"@id\":\"https:\\\/\\\/9staedte.de\\\/es\\\/#\\\/schema\\\/logo\\\/image\\\/\",\"url\":\"https:\\\/\\\/9staedte.de\\\/wp-content\\\/uploads\\\/2025\\\/01\\\/9-neg-deutsch-2-1.png\",\"contentUrl\":\"https:\\\/\\\/9staedte.de\\\/wp-content\\\/uploads\\\/2025\\\/01\\\/9-neg-deutsch-2-1.png\",\"width\":190,\"height\":114,\"caption\":\"9 St\u00e4dte in Niedersachsen\"},\"image\":{\"@id\":\"https:\\\/\\\/9staedte.de\\\/es\\\/#\\\/schema\\\/logo\\\/image\\\/\"}}]}<\/script>\n<!-- \/ Yoast SEO plugin. -->","yoast_head_json":{"title":"Hannover - Capital de Baja Sajonia - 9 St\u00e4dte in Niedersachsen","description":"El centro de Hannover impresiona con su aire metropolitano, el casco antiguo con sus callejuelas hist\u00f3ricas. Los Jardines de Herrenh\u00e4user ofrecen arte jardinero a la perfecci\u00f3n.","robots":{"index":"index","follow":"follow","max-snippet":"max-snippet:-1","max-image-preview":"max-image-preview:large","max-video-preview":"max-video-preview:-1"},"canonical":"https:\/\/9staedte.de\/es\/hannover-capital-de-baja-sajonia\/","og_locale":"es_ES","og_type":"article","og_title":"Hannover - Capital de Baja Sajonia - 9 St\u00e4dte in Niedersachsen","og_description":"El centro de Hannover impresiona con su aire metropolitano, el casco antiguo con sus callejuelas hist\u00f3ricas. Los Jardines de Herrenh\u00e4user ofrecen arte jardinero a la perfecci\u00f3n.","og_url":"https:\/\/9staedte.de\/es\/hannover-capital-de-baja-sajonia\/","og_site_name":"9 St\u00e4dte in Niedersachsen","article_modified_time":"2024-04-15T10:27:13+00:00","og_image":[{"width":2500,"height":1498,"url":"https:\/\/9staedte.de\/wp-content\/uploads\/2023\/07\/Hannover-Neues-Rathaus-Luftbild-c-HMTG-Lars-Gerhardts.jpg","type":"image\/jpeg"}],"twitter_card":"summary_large_image","twitter_misc":{"Tiempo de lectura":"2 minutos"},"schema":{"@context":"https:\/\/schema.org","@graph":[{"@type":"WebPage","@id":"https:\/\/9staedte.de\/es\/hannover-capital-de-baja-sajonia\/","url":"https:\/\/9staedte.de\/es\/hannover-capital-de-baja-sajonia\/","name":"Hannover - Capital de Baja Sajonia - 9 St\u00e4dte in Niedersachsen","isPartOf":{"@id":"https:\/\/9staedte.de\/es\/#website"},"primaryImageOfPage":{"@id":"https:\/\/9staedte.de\/es\/hannover-capital-de-baja-sajonia\/#primaryimage"},"image":{"@id":"https:\/\/9staedte.de\/es\/hannover-capital-de-baja-sajonia\/#primaryimage"},"thumbnailUrl":"https:\/\/9staedte.de\/wp-content\/uploads\/2023\/07\/Hannover-Abendstimmung-vor-der-Oper-c-HMTG-Hans-Zaglitsch.jpg","datePublished":"2023-11-02T08:52:55+00:00","dateModified":"2024-04-15T10:27:13+00:00","description":"El centro de Hannover impresiona con su aire metropolitano, el casco antiguo con sus callejuelas hist\u00f3ricas. Los Jardines de Herrenh\u00e4user ofrecen arte jardinero a la perfecci\u00f3n.","breadcrumb":{"@id":"https:\/\/9staedte.de\/es\/hannover-capital-de-baja-sajonia\/#breadcrumb"},"inLanguage":"es","potentialAction":[{"@type":"ReadAction","target":["https:\/\/9staedte.de\/es\/hannover-capital-de-baja-sajonia\/"]}]},{"@type":"ImageObject","inLanguage":"es","@id":"https:\/\/9staedte.de\/es\/hannover-capital-de-baja-sajonia\/#primaryimage","url":"https:\/\/9staedte.de\/wp-content\/uploads\/2023\/07\/Hannover-Abendstimmung-vor-der-Oper-c-HMTG-Hans-Zaglitsch.jpg","contentUrl":"https:\/\/9staedte.de\/wp-content\/uploads\/2023\/07\/Hannover-Abendstimmung-vor-der-Oper-c-HMTG-Hans-Zaglitsch.jpg","width":2500,"height":1696,"caption":"Hannover Abendstimmung vor der Oper c) HMTG Hans Zaglitsch"},{"@type":"BreadcrumbList","@id":"https:\/\/9staedte.de\/es\/hannover-capital-de-baja-sajonia\/#breadcrumb","itemListElement":[{"@type":"ListItem","position":1,"name":"Startseite","item":"https:\/\/9staedte.de\/es\/"},{"@type":"ListItem","position":2,"name":"Hannover &#8211; Capital de Baja Sajonia"}]},{"@type":"WebSite","@id":"https:\/\/9staedte.de\/es\/#website","url":"https:\/\/9staedte.de\/es\/","name":"9 St\u00e4dte in Niedersachsen","description":"","publisher":{"@id":"https:\/\/9staedte.de\/es\/#organization"},"potentialAction":[{"@type":"SearchAction","target":{"@type":"EntryPoint","urlTemplate":"https:\/\/9staedte.de\/es\/?s={search_term_string}"},"query-input":{"@type":"PropertyValueSpecification","valueRequired":true,"valueName":"search_term_string"}}],"inLanguage":"es"},{"@type":"Organization","@id":"https:\/\/9staedte.de\/es\/#organization","name":"9 St\u00e4dte in Niedersachsen","url":"https:\/\/9staedte.de\/es\/","logo":{"@type":"ImageObject","inLanguage":"es","@id":"https:\/\/9staedte.de\/es\/#\/schema\/logo\/image\/","url":"https:\/\/9staedte.de\/wp-content\/uploads\/2025\/01\/9-neg-deutsch-2-1.png","contentUrl":"https:\/\/9staedte.de\/wp-content\/uploads\/2025\/01\/9-neg-deutsch-2-1.png","width":190,"height":114,"caption":"9 St\u00e4dte in Niedersachsen"},"image":{"@id":"https:\/\/9staedte.de\/es\/#\/schema\/logo\/image\/"}}]}},"_links":{"self":[{"href":"https:\/\/9staedte.de\/es\/wp-json\/wp\/v2\/pages\/18054","targetHints":{"allow":["GET"]}}],"collection":[{"href":"https:\/\/9staedte.de\/es\/wp-json\/wp\/v2\/pages"}],"about":[{"href":"https:\/\/9staedte.de\/es\/wp-json\/wp\/v2\/types\/page"}],"author":[{"embeddable":true,"href":"https:\/\/9staedte.de\/es\/wp-json\/wp\/v2\/users\/1"}],"replies":[{"embeddable":true,"href":"https:\/\/9staedte.de\/es\/wp-json\/wp\/v2\/comments?post=18054"}],"version-history":[{"count":7,"href":"https:\/\/9staedte.de\/es\/wp-json\/wp\/v2\/pages\/18054\/revisions"}],"predecessor-version":[{"id":22023,"href":"https:\/\/9staedte.de\/es\/wp-json\/wp\/v2\/pages\/18054\/revisions\/22023"}],"wp:featuredmedia":[{"embeddable":true,"href":"https:\/\/9staedte.de\/es\/wp-json\/wp\/v2\/media\/19474"}],"wp:attachment":[{"href":"https:\/\/9staedte.de\/es\/wp-json\/wp\/v2\/media?parent=18054"}],"wp:term":[{"taxonomy":"category","embeddable":true,"href":"https:\/\/9staedte.de\/es\/wp-json\/wp\/v2\/categories?post=18054"},{"taxonomy":"post_tag","embeddable":true,"href":"https:\/\/9staedte.de\/es\/wp-json\/wp\/v2\/tags?post=18054"},{"taxonomy":"ncap_cities_tax","embeddable":true,"href":"https:\/\/9staedte.de\/es\/wp-json\/wp\/v2\/ncap_cities_tax?post=18054"}],"curies":[{"name":"wp","href":"https:\/\/api.w.org\/{rel}","templated":true}]}}