{"id":18032,"date":"2023-11-02T09:52:53","date_gmt":"2023-11-02T08:52:53","guid":{"rendered":"https:\/\/9staedte.de\/gottingen-ciudad-creadora-de-conocimiento\/"},"modified":"2025-05-15T12:47:30","modified_gmt":"2025-05-15T10:47:30","slug":"gottingen-ciudad-creadora-de-conocimiento","status":"publish","type":"page","link":"https:\/\/9staedte.de\/es\/gottingen-ciudad-creadora-de-conocimiento\/","title":{"rendered":"G\u00f6ttingen &#8211; Ciudad creadora de conocimiento"},"content":{"rendered":"\n<h2 class=\"wp-block-heading\">Ciudad universitaria rica en tradiciones<\/h2>\n\n\n\n<p>Los viajeros aprecian el ambiente cosmopolita de la animada ciudad, donde los estudiantes y los hu\u00e9spedes internacionales dominan la escena callejera. La combinaci\u00f3n de tradici\u00f3n y modernidad no s\u00f3lo se encuentra en la famosa Universidad Georg August, sino en todas partes de Gotinga. El casco antiguo combina con encanto los recuerdos de la ciudad mercantil medieval y el estilo de una moderna metr\u00f3polis comercial. Las animadas calles laterales invitan a ir de compras, los acogedores restaurantes y los pintorescos pubs estudiantiles invitan a quedarse. La oferta cultural es excepcional. Teatros, orquestas, museos y exposiciones atraen a muchos visitantes.<\/p>\n\n\n\n<p><a href=\"http:\/\/www.goettingen-tourismus.de\/\">www.goettingen-tourismus.de<\/a><\/p>\n\n\n\n\n<div class=\"banner-wrapper\">\n  <div class=\"banner-inner \">\n      <div class=\"img-container\">\n      <div class=\"img-wrapper\">\n        <img decoding=\"async\" src=\"https:\/\/9staedte.de\/wp-content\/smush-webp\/2023\/02\/Goettingen-Gaenseliesel-c-Lars-Gerhardts.jpg.webp\" alt=\"G\u00f6ttingen G\u00e4nseliesel c) G\u00f6ttingen Marketing GmbH Lars Gerhardts\" \/>\n                  <div class=\"thumbnail-label\">\n            <span>G\u00f6ttingen G\u00e4nseliesel c) Lars Gerhardts<\/span>\n          <\/div>\n              <\/div>\n    <\/div>\n        <div class=\"text-container\">\n      <div class=\"content\">\n        <p><strong>Consejos especiales<\/strong><\/p>\n<p>&#8211; Visita guiada por la ciudad<br \/>\n&#8211; De compras por el casco antiguo<br \/>\n&#8211; Visita guiada a la universidad tradicional<br \/>\n&#8211; Paseo por las murallas<br \/>\n&#8211; Visita al cementerio de la ciudad (tumbas de premios Nobel)<br \/>\n&#8211; Visita a las salinas de Luisenhall<br \/>\n&#8211; Caminata a la torre Bismarck<br \/>\n&#8211; Relajaci\u00f3n en el para\u00edso balneario de Eiswiese<br \/>\n&#8211; Festival Internacional de H\u00e4ndel<\/p>\n      <\/div>\n    <\/div>\n    <\/div>\n<\/div>\n\n\n\n\n<div style=\"height:30px\" aria-hidden=\"true\" class=\"wp-block-spacer\"><\/div>\n\n\n\n<div class=\"wp-block-columns is-layout-flex wp-container-core-columns-is-layout-9d6595d7 wp-block-columns-is-layout-flex\">\n<div class=\"wp-block-column is-layout-flow wp-block-column-is-layout-flow\" style=\"flex-basis:66.66%\">\n <div class=\"brlbs-cmpnt-container brlbs-cmpnt-content-blocker brlbs-cmpnt-with-individual-styles\" data-borlabs-cookie-content-blocker-id=\"google-maps\" data-borlabs-cookie-content=\"PGlmcmFtZSBzcmM9Imh0dHBzOi8vd3d3Lmdvb2dsZS5jb20vbWFwcy9kL2VtYmVkP21pZD0xcnFxUDl2dWdUcHVPdExseUUxWFlHc0VpaklYam91WSZhbXA7ZWhiYz0yRTMxMkYiIHdpZHRoPSIxMDAlIiBoZWlnaHQ9IjQ1MCI+PC9pZnJhbWU+\"><div class=\"brlbs-cmpnt-cb-preset-b brlbs-cmpnt-cb-google-maps\"> <div class=\"brlbs-cmpnt-cb-thumbnail\" style=\"background-image: url('https:\/\/9staedte.de\/wp-content\/uploads\/borlabs-cookie\/1\/brlbs-cb-google-maps-main.png')\"><\/div> <div class=\"brlbs-cmpnt-cb-main\"> <div class=\"brlbs-cmpnt-cb-content\"> <p class=\"brlbs-cmpnt-cb-description\">Est\u00e1s viendo un contenido de marcador de posici\u00f3n de <strong>Google Maps<\/strong>. Para acceder al contenido real, haz clic en el siguiente bot\u00f3n. Ten en cuenta que al hacerlo compartir\u00e1s datos con terceros proveedores.<\/p> <a class=\"brlbs-cmpnt-cb-provider-toggle\" href=\"#\" data-borlabs-cookie-show-provider-information role=\"button\">M\u00e1s informaci\u00f3n<\/a> <\/div> <div class=\"brlbs-cmpnt-cb-buttons\"> <a class=\"brlbs-cmpnt-cb-btn\" href=\"#\" data-borlabs-cookie-unblock role=\"button\">Desbloquear contenido<\/a> <a class=\"brlbs-cmpnt-cb-btn\" href=\"#\" data-borlabs-cookie-accept-service role=\"button\" style=\"display: inherit\">Aceptar el servicio requerido y desbloquear el contenido<\/a> <\/div> <\/div> <\/div><\/div>\n<\/div>\n\n\n\n<div class=\"wp-block-column is-layout-flow wp-block-column-is-layout-flow\" style=\"flex-basis:33.33%\">\n<p><strong>Lugares de inter\u00e9s:<\/strong><\/p>\n\n\n\n<ul class=\"wp-block-list map-legend main-legend\">\n<li>Museo del Conocimiento \u00abForum Wissen  <\/li>\n\n\n\n<li>San Juan  <\/li>\n\n\n\n<li>Antiguo Ayuntamiento <\/li>\n\n\n\n<li>Fuente G\u00e4nseliesel<\/li>\n\n\n\n<li>Junkernsch\u00e4nke  <\/li>\n\n\n\n<li>San Jacobo  <\/li>\n\n\n\n<li>Paraninfo de la Universidad  <\/li>\n\n\n\n<li>Teatro Alem\u00e1n  <\/li>\n\n\n\n<li>Antiguo Jard\u00edn Bot\u00e1nico<\/li>\n<\/ul>\n<\/div>\n<\/div>\n\n\n\n<div style=\"height:60px\" aria-hidden=\"true\" class=\"wp-block-spacer\"><\/div>\n\n\n\n<div class=\"content-grid\">\n\n\n  \n  <div class=\"grid\">\n                        \n                    \n          <div class=\"featured-themen-single\">\n            <div class=\"featured-themen-single-inner\" style=\"background-image: url('https:\/\/9staedte.de\/wp-content\/smush-webp\/2023\/02\/Goettingen-Paulinerstrasse-c-Lars-Gerhardts.jpg.webp')\">\n              \n              <a href=\"https:\/\/9staedte.de\/es\/gottingen-ciudad-creadora-de-conocimiento\/visitas-por-la-ciudad-de-gotinga\/\">\n                <span>Visitas por la ciudad de Gotinga<\/span>\n              <\/a>\n            <\/div>\n          <\/div>\n    \n          \n                  \n                    \n          <div class=\"featured-themen-single\">\n            <div class=\"featured-themen-single-inner\" style=\"background-image: url('https:\/\/9staedte.de\/wp-content\/uploads\/2023\/02\/Goettingen_Alter_Bot._GartencChristoph_Mischke.jpg')\">\n              \n              <a href=\"https:\/\/9staedte.de\/es\/gottingen-ciudad-creadora-de-conocimiento\/goettingen-descubrir-de-forma-sostenible\/\">\n                <span>G\u00f6ttingen &#8211; descubrir de forma sostenible<\/span>\n              <\/a>\n            <\/div>\n          <\/div>\n    \n          \n                  \n                    \n          <div class=\"featured-themen-single\">\n            <div class=\"featured-themen-single-inner\" style=\"background-image: url('https:\/\/9staedte.de\/wp-content\/smush-webp\/2023\/02\/Goettingen-Weihnachtsmarkt-c-Christoph-Mischke.jpg.webp')\">\n              \n              <a href=\"https:\/\/9staedte.de\/es\/gottingen-ciudad-creadora-de-conocimiento\/mercado-de-navidad-en-gotinga\/\">\n                <span>Mercado de Navidad en Gotinga<\/span>\n              <\/a>\n            <\/div>\n          <\/div>\n    \n          \n                  \n                    \n          <div class=\"featured-themen-single\">\n            <div class=\"featured-themen-single-inner\" style=\"background-image: url('https:\/\/9staedte.de\/wp-content\/smush-webp\/2023\/02\/Ausgehen-in-Goettingen-c-Goettingen-Tourismus-Lars-Gerhardts.jpg.webp')\">\n              \n              <a href=\"https:\/\/9staedte.de\/es\/gottingen-ciudad-creadora-de-conocimiento\/ir-de-compras-y-salir-por-goettingen\/\">\n                <span>Ir de compras y salir por G\u00f6ttingen<\/span>\n              <\/a>\n            <\/div>\n          <\/div>\n    \n          \n                  \n                    \n          <div class=\"featured-themen-single\">\n            <div class=\"featured-themen-single-inner\" style=\"background-image: url('https:\/\/9staedte.de\/wp-content\/smush-webp\/2022\/03\/Goettingen-Impressionen-Altes_Rathaus_Abendstimmung.jpg.webp')\">\n              \n              <a href=\"https:\/\/9staedte.de\/es\/gottingen-ciudad-creadora-de-conocimiento\/impresiones-desde-gotinga\/\">\n                <span>Impresiones desde Gotinga<\/span>\n              <\/a>\n            <\/div>\n          <\/div>\n    \n          \n                          \n        <\/div>\n<\/div>","protected":false},"excerpt":{"rendered":"<p>Ciudad universitaria rica en tradiciones Los viajeros aprecian el ambiente cosmopolita de la animada ciudad, donde los estudiantes y los hu\u00e9spedes internacionales dominan la escena callejera. La combinaci\u00f3n de tradici\u00f3n y modernidad no s\u00f3lo se encuentra en la famosa Universidad Georg August, sino en todas partes de Gotinga. El casco antiguo combina con encanto los [&hellip;]<\/p>\n","protected":false},"author":1,"featured_media":19402,"parent":0,"menu_order":0,"comment_status":"closed","ping_status":"closed","template":"pagetemplates\/template-stadtseite.php","meta":{"_acf_changed":false,"footnotes":""},"categories":[],"tags":[],"ncap_cities_tax":[437],"class_list":["post-18032","page","type-page","status-publish","has-post-thumbnail","hentry","ncap_cities_tax-goettingen-es"],"acf":[],"yoast_head":"<!-- This site is optimized with the Yoast SEO plugin v26.8 - https:\/\/yoast.com\/product\/yoast-seo-wordpress\/ -->\n<title>G\u00f6ttingen - Ciudad creadora de conocimiento - 9 St\u00e4dte in Niedersachsen<\/title>\n<meta name=\"description\" content=\"La combinaci\u00f3n de tradici\u00f3n y modernidad no s\u00f3lo se encuentra en la famosa Universidad Georg August, sino en todas partes de Gotinga.\" \/>\n<meta name=\"robots\" content=\"index, follow, max-snippet:-1, max-image-preview:large, max-video-preview:-1\" \/>\n<link rel=\"canonical\" href=\"https:\/\/9staedte.de\/es\/gottingen-ciudad-creadora-de-conocimiento\/\" \/>\n<meta property=\"og:locale\" content=\"es_ES\" \/>\n<meta property=\"og:type\" content=\"article\" \/>\n<meta property=\"og:title\" content=\"G\u00f6ttingen - Ciudad creadora de conocimiento - 9 St\u00e4dte in Niedersachsen\" \/>\n<meta property=\"og:description\" content=\"La combinaci\u00f3n de tradici\u00f3n y modernidad no s\u00f3lo se encuentra en la famosa Universidad Georg August, sino en todas partes de Gotinga.\" \/>\n<meta property=\"og:url\" content=\"https:\/\/9staedte.de\/es\/gottingen-ciudad-creadora-de-conocimiento\/\" \/>\n<meta property=\"og:site_name\" content=\"9 St\u00e4dte in Niedersachsen\" \/>\n<meta property=\"article:modified_time\" content=\"2025-05-15T10:47:30+00:00\" \/>\n<meta property=\"og:image\" content=\"https:\/\/9staedte.de\/wp-content\/uploads\/2023\/06\/Goettingen-Gaenseliesel-c-Lars-Gerhardts.jpg\" \/>\n\t<meta property=\"og:image:width\" content=\"1020\" \/>\n\t<meta property=\"og:image:height\" content=\"560\" \/>\n\t<meta property=\"og:image:type\" content=\"image\/jpeg\" \/>\n<meta name=\"twitter:card\" content=\"summary_large_image\" \/>\n<meta name=\"twitter:label1\" content=\"Tiempo de lectura\" \/>\n\t<meta name=\"twitter:data1\" content=\"1 minuto\" \/>\n<script type=\"application\/ld+json\" class=\"yoast-schema-graph\">{\"@context\":\"https:\/\/schema.org\",\"@graph\":[{\"@type\":\"WebPage\",\"@id\":\"https:\/\/9staedte.de\/es\/gottingen-ciudad-creadora-de-conocimiento\/\",\"url\":\"https:\/\/9staedte.de\/es\/gottingen-ciudad-creadora-de-conocimiento\/\",\"name\":\"G\u00f6ttingen - Ciudad creadora de conocimiento - 9 St\u00e4dte in Niedersachsen\",\"isPartOf\":{\"@id\":\"https:\/\/9staedte.de\/es\/#website\"},\"primaryImageOfPage\":{\"@id\":\"https:\/\/9staedte.de\/es\/gottingen-ciudad-creadora-de-conocimiento\/#primaryimage\"},\"image\":{\"@id\":\"https:\/\/9staedte.de\/es\/gottingen-ciudad-creadora-de-conocimiento\/#primaryimage\"},\"thumbnailUrl\":\"https:\/\/9staedte.de\/wp-content\/uploads\/2023\/07\/Altes-Rathaus-Goettingen-Abendstimmung-c-Goettingen-Tourismus-und-Marketing-e.V.jpg\",\"datePublished\":\"2023-11-02T08:52:53+00:00\",\"dateModified\":\"2025-05-15T10:47:30+00:00\",\"description\":\"La combinaci\u00f3n de tradici\u00f3n y modernidad no s\u00f3lo se encuentra en la famosa Universidad Georg August, sino en todas partes de Gotinga.\",\"breadcrumb\":{\"@id\":\"https:\/\/9staedte.de\/es\/gottingen-ciudad-creadora-de-conocimiento\/#breadcrumb\"},\"inLanguage\":\"es\",\"potentialAction\":[{\"@type\":\"ReadAction\",\"target\":[\"https:\/\/9staedte.de\/es\/gottingen-ciudad-creadora-de-conocimiento\/\"]}]},{\"@type\":\"ImageObject\",\"inLanguage\":\"es\",\"@id\":\"https:\/\/9staedte.de\/es\/gottingen-ciudad-creadora-de-conocimiento\/#primaryimage\",\"url\":\"https:\/\/9staedte.de\/wp-content\/uploads\/2023\/07\/Altes-Rathaus-Goettingen-Abendstimmung-c-Goettingen-Tourismus-und-Marketing-e.V.jpg\",\"contentUrl\":\"https:\/\/9staedte.de\/wp-content\/uploads\/2023\/07\/Altes-Rathaus-Goettingen-Abendstimmung-c-Goettingen-Tourismus-und-Marketing-e.V.jpg\",\"width\":2500,\"height\":1623,\"caption\":\"Altes Rathaus G\u00f6ttingen - Abendstimmung c) G\u00f6ttingen Tourismus und Marketing e.V.\"},{\"@type\":\"BreadcrumbList\",\"@id\":\"https:\/\/9staedte.de\/es\/gottingen-ciudad-creadora-de-conocimiento\/#breadcrumb\",\"itemListElement\":[{\"@type\":\"ListItem\",\"position\":1,\"name\":\"Startseite\",\"item\":\"https:\/\/9staedte.de\/es\/\"},{\"@type\":\"ListItem\",\"position\":2,\"name\":\"G\u00f6ttingen &#8211; Ciudad creadora de conocimiento\"}]},{\"@type\":\"WebSite\",\"@id\":\"https:\/\/9staedte.de\/es\/#website\",\"url\":\"https:\/\/9staedte.de\/es\/\",\"name\":\"9 St\u00e4dte in Niedersachsen\",\"description\":\"\",\"publisher\":{\"@id\":\"https:\/\/9staedte.de\/es\/#organization\"},\"potentialAction\":[{\"@type\":\"SearchAction\",\"target\":{\"@type\":\"EntryPoint\",\"urlTemplate\":\"https:\/\/9staedte.de\/es\/?s={search_term_string}\"},\"query-input\":{\"@type\":\"PropertyValueSpecification\",\"valueRequired\":true,\"valueName\":\"search_term_string\"}}],\"inLanguage\":\"es\"},{\"@type\":\"Organization\",\"@id\":\"https:\/\/9staedte.de\/es\/#organization\",\"name\":\"9 St\u00e4dte in Niedersachsen\",\"url\":\"https:\/\/9staedte.de\/es\/\",\"logo\":{\"@type\":\"ImageObject\",\"inLanguage\":\"es\",\"@id\":\"https:\/\/9staedte.de\/es\/#\/schema\/logo\/image\/\",\"url\":\"https:\/\/9staedte.de\/wp-content\/uploads\/2025\/01\/9-neg-deutsch-2-1.png\",\"contentUrl\":\"https:\/\/9staedte.de\/wp-content\/uploads\/2025\/01\/9-neg-deutsch-2-1.png\",\"width\":190,\"height\":114,\"caption\":\"9 St\u00e4dte in Niedersachsen\"},\"image\":{\"@id\":\"https:\/\/9staedte.de\/es\/#\/schema\/logo\/image\/\"}}]}<\/script>\n<!-- \/ Yoast SEO plugin. -->","yoast_head_json":{"title":"G\u00f6ttingen - Ciudad creadora de conocimiento - 9 St\u00e4dte in Niedersachsen","description":"La combinaci\u00f3n de tradici\u00f3n y modernidad no s\u00f3lo se encuentra en la famosa Universidad Georg August, sino en todas partes de Gotinga.","robots":{"index":"index","follow":"follow","max-snippet":"max-snippet:-1","max-image-preview":"max-image-preview:large","max-video-preview":"max-video-preview:-1"},"canonical":"https:\/\/9staedte.de\/es\/gottingen-ciudad-creadora-de-conocimiento\/","og_locale":"es_ES","og_type":"article","og_title":"G\u00f6ttingen - Ciudad creadora de conocimiento - 9 St\u00e4dte in Niedersachsen","og_description":"La combinaci\u00f3n de tradici\u00f3n y modernidad no s\u00f3lo se encuentra en la famosa Universidad Georg August, sino en todas partes de Gotinga.","og_url":"https:\/\/9staedte.de\/es\/gottingen-ciudad-creadora-de-conocimiento\/","og_site_name":"9 St\u00e4dte in Niedersachsen","article_modified_time":"2025-05-15T10:47:30+00:00","og_image":[{"width":1020,"height":560,"url":"https:\/\/9staedte.de\/wp-content\/uploads\/2023\/06\/Goettingen-Gaenseliesel-c-Lars-Gerhardts.jpg","type":"image\/jpeg"}],"twitter_card":"summary_large_image","twitter_misc":{"Tiempo de lectura":"1 minuto"},"schema":{"@context":"https:\/\/schema.org","@graph":[{"@type":"WebPage","@id":"https:\/\/9staedte.de\/es\/gottingen-ciudad-creadora-de-conocimiento\/","url":"https:\/\/9staedte.de\/es\/gottingen-ciudad-creadora-de-conocimiento\/","name":"G\u00f6ttingen - Ciudad creadora de conocimiento - 9 St\u00e4dte in Niedersachsen","isPartOf":{"@id":"https:\/\/9staedte.de\/es\/#website"},"primaryImageOfPage":{"@id":"https:\/\/9staedte.de\/es\/gottingen-ciudad-creadora-de-conocimiento\/#primaryimage"},"image":{"@id":"https:\/\/9staedte.de\/es\/gottingen-ciudad-creadora-de-conocimiento\/#primaryimage"},"thumbnailUrl":"https:\/\/9staedte.de\/wp-content\/uploads\/2023\/07\/Altes-Rathaus-Goettingen-Abendstimmung-c-Goettingen-Tourismus-und-Marketing-e.V.jpg","datePublished":"2023-11-02T08:52:53+00:00","dateModified":"2025-05-15T10:47:30+00:00","description":"La combinaci\u00f3n de tradici\u00f3n y modernidad no s\u00f3lo se encuentra en la famosa Universidad Georg August, sino en todas partes de Gotinga.","breadcrumb":{"@id":"https:\/\/9staedte.de\/es\/gottingen-ciudad-creadora-de-conocimiento\/#breadcrumb"},"inLanguage":"es","potentialAction":[{"@type":"ReadAction","target":["https:\/\/9staedte.de\/es\/gottingen-ciudad-creadora-de-conocimiento\/"]}]},{"@type":"ImageObject","inLanguage":"es","@id":"https:\/\/9staedte.de\/es\/gottingen-ciudad-creadora-de-conocimiento\/#primaryimage","url":"https:\/\/9staedte.de\/wp-content\/uploads\/2023\/07\/Altes-Rathaus-Goettingen-Abendstimmung-c-Goettingen-Tourismus-und-Marketing-e.V.jpg","contentUrl":"https:\/\/9staedte.de\/wp-content\/uploads\/2023\/07\/Altes-Rathaus-Goettingen-Abendstimmung-c-Goettingen-Tourismus-und-Marketing-e.V.jpg","width":2500,"height":1623,"caption":"Altes Rathaus G\u00f6ttingen - Abendstimmung c) G\u00f6ttingen Tourismus und Marketing e.V."},{"@type":"BreadcrumbList","@id":"https:\/\/9staedte.de\/es\/gottingen-ciudad-creadora-de-conocimiento\/#breadcrumb","itemListElement":[{"@type":"ListItem","position":1,"name":"Startseite","item":"https:\/\/9staedte.de\/es\/"},{"@type":"ListItem","position":2,"name":"G\u00f6ttingen &#8211; Ciudad creadora de conocimiento"}]},{"@type":"WebSite","@id":"https:\/\/9staedte.de\/es\/#website","url":"https:\/\/9staedte.de\/es\/","name":"9 St\u00e4dte in Niedersachsen","description":"","publisher":{"@id":"https:\/\/9staedte.de\/es\/#organization"},"potentialAction":[{"@type":"SearchAction","target":{"@type":"EntryPoint","urlTemplate":"https:\/\/9staedte.de\/es\/?s={search_term_string}"},"query-input":{"@type":"PropertyValueSpecification","valueRequired":true,"valueName":"search_term_string"}}],"inLanguage":"es"},{"@type":"Organization","@id":"https:\/\/9staedte.de\/es\/#organization","name":"9 St\u00e4dte in Niedersachsen","url":"https:\/\/9staedte.de\/es\/","logo":{"@type":"ImageObject","inLanguage":"es","@id":"https:\/\/9staedte.de\/es\/#\/schema\/logo\/image\/","url":"https:\/\/9staedte.de\/wp-content\/uploads\/2025\/01\/9-neg-deutsch-2-1.png","contentUrl":"https:\/\/9staedte.de\/wp-content\/uploads\/2025\/01\/9-neg-deutsch-2-1.png","width":190,"height":114,"caption":"9 St\u00e4dte in Niedersachsen"},"image":{"@id":"https:\/\/9staedte.de\/es\/#\/schema\/logo\/image\/"}}]}},"_links":{"self":[{"href":"https:\/\/9staedte.de\/es\/wp-json\/wp\/v2\/pages\/18032","targetHints":{"allow":["GET"]}}],"collection":[{"href":"https:\/\/9staedte.de\/es\/wp-json\/wp\/v2\/pages"}],"about":[{"href":"https:\/\/9staedte.de\/es\/wp-json\/wp\/v2\/types\/page"}],"author":[{"embeddable":true,"href":"https:\/\/9staedte.de\/es\/wp-json\/wp\/v2\/users\/1"}],"replies":[{"embeddable":true,"href":"https:\/\/9staedte.de\/es\/wp-json\/wp\/v2\/comments?post=18032"}],"version-history":[{"count":6,"href":"https:\/\/9staedte.de\/es\/wp-json\/wp\/v2\/pages\/18032\/revisions"}],"predecessor-version":[{"id":25791,"href":"https:\/\/9staedte.de\/es\/wp-json\/wp\/v2\/pages\/18032\/revisions\/25791"}],"wp:featuredmedia":[{"embeddable":true,"href":"https:\/\/9staedte.de\/es\/wp-json\/wp\/v2\/media\/19402"}],"wp:attachment":[{"href":"https:\/\/9staedte.de\/es\/wp-json\/wp\/v2\/media?parent=18032"}],"wp:term":[{"taxonomy":"category","embeddable":true,"href":"https:\/\/9staedte.de\/es\/wp-json\/wp\/v2\/categories?post=18032"},{"taxonomy":"post_tag","embeddable":true,"href":"https:\/\/9staedte.de\/es\/wp-json\/wp\/v2\/tags?post=18032"},{"taxonomy":"ncap_cities_tax","embeddable":true,"href":"https:\/\/9staedte.de\/es\/wp-json\/wp\/v2\/ncap_cities_tax?post=18032"}],"curies":[{"name":"wp","href":"https:\/\/api.w.org\/{rel}","templated":true}]}}