{"id":17997,"date":"2023-11-02T09:52:51","date_gmt":"2023-11-02T08:52:51","guid":{"rendered":"https:\/\/9staedte.de\/goslar-patrimonio-de-la-humanidad-en-los-montes-harz\/"},"modified":"2024-05-08T11:04:38","modified_gmt":"2024-05-08T09:04:38","slug":"goslar-patrimonio-de-la-humanidad-en-los-montes-harz","status":"publish","type":"page","link":"https:\/\/9staedte.de\/es\/goslar-patrimonio-de-la-humanidad-en-los-montes-harz\/","title":{"rendered":"Goslar &#8211; Patrimonio de la Humanidad en los montes Harz"},"content":{"rendered":"\n<h2 class=\"wp-block-heading\">Ciudad imperial de Goslar, en los montes Harz<\/h2>\n\n\n\n<p>Goslar cuenta ya con 1.100 a\u00f1os de historia e invita a sus visitantes a un viaje en el tiempo a trav\u00e9s de las callejuelas del casco antiguo, que desde 1992, junto con la mina de mineral de Rammelsberg<br>es Patrimonio Mundial de la UNESCO. M\u00e1s de 1.500 casas con entramado de madera, el ayuntamiento hist\u00f3rico con el Centro de Informaci\u00f3n del Patrimonio Mundial y una animada escena de caf\u00e9s y restaurantes invitan a pasear y entretenerse. Con las monta\u00f1as del Harz justo a la puerta, los amantes de la naturaleza y el senderismo tambi\u00e9n sacar\u00e1n provecho de su dinero. En invierno, el mercado navide\u00f1o y el bosque de Navidad, con un tel\u00f3n de fondo hist\u00f3rico, son una atracci\u00f3n absoluta y crean un ambiente festivo cada a\u00f1o.<\/p>\n\n\n\n<p><a href=\"https:\/\/www.meingoslar.de\/\">www.meingoslar.de<\/a><\/p>\n\n\n\n\n<div class=\"banner-wrapper\">\n  <div class=\"banner-inner \">\n      <div class=\"img-container\">\n      <div class=\"img-wrapper\">\n        <img decoding=\"async\" src=\"https:\/\/9staedte.de\/wp-content\/smush-webp\/2023\/02\/Schuhhof-Haeuserfassade_GOSLAR-marketing-gmbh_Fotograf-Stefan-Schiefer.jpg.webp\" alt=\"La imagen muestra el Schuhhof en la ciudad de Goslar. Muchas casas de entramado de madera est\u00e1n una al lado de la otra. Las casas son coloridas y decoradas con detalle. Delante de las casas, la gente se sienta en una cafeter\u00eda. Beben algo y disfrutan del sol. Es un d\u00eda soleado y el ambiente es tranquilo.\" \/>\n                  <div class=\"thumbnail-label\">\n            <span>Schuhhof H\u00e4userfassade_GOSLAR marketing gmbh_Fotograf Stefan Schiefer<\/span>\n          <\/div>\n              <\/div>\n    <\/div>\n        <div class=\"text-container\">\n      <div class=\"content\">\n        <p><strong>Consejos especiales:<\/strong><\/p>\n<ul>\n<li>Descubra el ayuntamiento hist\u00f3rico en visitas guiadas especiales<\/li>\n<li>Desde las alturas: disfrute de las vistas desde la torre de la iglesia Marktkirche<\/li>\n<li>Conozca las historias de brujas, vigilantes nocturnos, verdugos y dem\u00e1s en las visitas de disfraces<\/li>\n<li>Deguste las especialidades de la destiler\u00eda del monasterio de W\u00f6ltingerode en la \u00abVisita al Gran Monasterio\u00bb.<\/li>\n<li>Escuche Goslar: Explore la ciudad con la audiogu\u00eda<\/li>\n<li>Disfrute de una exposici\u00f3n interactiva gratuita en el Centro de Informaci\u00f3n del Patrimonio Mundial, situado en el ayuntamiento hist\u00f3rico<\/li>\n<li>Estanque de Herzberg: nadar y relajarse en el Patrimonio de la Humanidad<\/li>\n<\/ul>\n      <\/div>\n    <\/div>\n    <\/div>\n<\/div>\n\n\n\n\n<div style=\"height:30px\" aria-hidden=\"true\" class=\"wp-block-spacer\"><\/div>\n\n\n\n<div class=\"wp-block-columns is-layout-flex wp-container-core-columns-is-layout-9d6595d7 wp-block-columns-is-layout-flex\">\n<div class=\"wp-block-column is-layout-flow wp-block-column-is-layout-flow\" style=\"flex-basis:66.66%\">\n <div class=\"brlbs-cmpnt-container brlbs-cmpnt-content-blocker brlbs-cmpnt-with-individual-styles\" data-borlabs-cookie-content-blocker-id=\"google-maps\" data-borlabs-cookie-content=\"PGlmcmFtZSBzcmM9Imh0dHBzOi8vd3d3Lmdvb2dsZS5jb20vbWFwcy9kL2VtYmVkP21pZD0xN012TmwzeVo3Q2kya1UtSGw0MVQzRXJjQm1RVzhsVSZhbXA7ZWhiYz0yRTMxMkYiIHdpZHRoPSIxMDAlIiBoZWlnaHQ9IjQ1MCI+PC9pZnJhbWU+\"><div class=\"brlbs-cmpnt-cb-preset-b brlbs-cmpnt-cb-google-maps\"> <div class=\"brlbs-cmpnt-cb-thumbnail\" style=\"background-image: url('https:\/\/9staedte.de\/wp-content\/uploads\/borlabs-cookie\/1\/brlbs-cb-google-maps-main.png')\"><\/div> <div class=\"brlbs-cmpnt-cb-main\"> <div class=\"brlbs-cmpnt-cb-content\"> <p class=\"brlbs-cmpnt-cb-description\">Est\u00e1s viendo un contenido de marcador de posici\u00f3n de <strong>Google Maps<\/strong>. Para acceder al contenido real, haz clic en el siguiente bot\u00f3n. Ten en cuenta que al hacerlo compartir\u00e1s datos con terceros proveedores.<\/p> <a class=\"brlbs-cmpnt-cb-provider-toggle\" href=\"#\" data-borlabs-cookie-show-provider-information role=\"button\">M\u00e1s informaci\u00f3n<\/a> <\/div> <div class=\"brlbs-cmpnt-cb-buttons\"> <a class=\"brlbs-cmpnt-cb-btn\" href=\"#\" data-borlabs-cookie-unblock role=\"button\">Desbloquear contenido<\/a> <a class=\"brlbs-cmpnt-cb-btn\" href=\"#\" data-borlabs-cookie-accept-service role=\"button\" style=\"display: inherit\">Aceptar el servicio requerido y desbloquear el contenido<\/a> <\/div> <\/div> <\/div><\/div>\n<\/div>\n\n\n\n<div class=\"wp-block-column is-layout-flow wp-block-column-is-layout-flow\" style=\"flex-basis:33.33%\">\n<p><strong>Lugares de inter\u00e9s:<\/strong><\/p>\n\n\n\n<ul class=\"map-legend main-legend wp-block-list\">\n<li>Museo de Arte Moderno M\u00f6nchehaus  <\/li>\n\n\n\n<li>Plaza del Mercado (con Iglesia del Mercado, Ayuntamiento y Glockenspiel)  <\/li>\n\n\n\n<li>Casa de Santa Ana  <\/li>\n\n\n\n<li>Museo Medieval en el Zwinger  <\/li>\n\n\n\n<li>Terrapl\u00e9n de los museos con el Museo de Goslar y el Museo de Figuras de Peltre<\/li>\n\n\n\n<li>Artesanos en la Gran Santa Cruz  <\/li>\n\n\n\n<li>Palacio Imperial con la Capilla de San Ulrico  <\/li>\n\n\n\n<li>Rammelsberg, Patrimonio Mundial de la UNESCO (Museo y mina para visitantes)<\/li>\n\n\n\n<li>Iglesia de madera en el distrito de Hahnenklee<\/li>\n<\/ul>\n<\/div>\n<\/div>\n\n\n\n<div style=\"height:60px\" aria-hidden=\"true\" class=\"wp-block-spacer\"><\/div>\n\n\n\n<div class=\"content-grid\">\n\n\n  \n  <div class=\"grid\">\n                        \n                    \n          <div class=\"featured-themen-single\">\n            <div class=\"featured-themen-single-inner\" style=\"background-image: url('https:\/\/9staedte.de\/wp-content\/smush-webp\/2023\/02\/04-Stadtfuehrung-Altstadt-Fotograf-Stefan-Schiefer-Quelle-GOSLAR-marketing-gmbh.jpg.webp')\">\n              \n              <a href=\"https:\/\/9staedte.de\/es\/goslar-patrimonio-de-la-humanidad-en-los-montes-harz\/visitas-guiadas-en-goslar\/\">\n                <span>Visitas guiadas en Goslar<\/span>\n              <\/a>\n            <\/div>\n          <\/div>\n    \n          \n                  \n                    \n          <div class=\"featured-themen-single\">\n            <div class=\"featured-themen-single-inner\" style=\"background-image: url('https:\/\/9staedte.de\/wp-content\/smush-webp\/2023\/02\/Goslar-Abendstimmung_GOSLAR-marketing-gmbh_MichaelAbid-1.jpg.webp')\">\n              \n              <a href=\"https:\/\/9staedte.de\/es\/goslar-patrimonio-de-la-humanidad-en-los-montes-harz\/alojamiento-en-goslar\/\">\n                <span>Alojamiento en Goslar<\/span>\n              <\/a>\n            <\/div>\n          <\/div>\n    \n          \n                  \n                    \n          <div class=\"featured-themen-single\">\n            <div class=\"featured-themen-single-inner\" style=\"background-image: url('https:\/\/9staedte.de\/wp-content\/smush-webp\/2025\/02\/Goslar-Christmas-Market-Blue-hour-c-GOSLAR-marketing-Michael-Abid.jpg.webp')\">\n              \n              <a href=\"https:\/\/9staedte.de\/es\/goslar-patrimonio-de-la-humanidad-en-los-montes-harz\/mercado-de-navidad-en-goslar\/\">\n                <span>Mercado de Navidad en Goslar<\/span>\n              <\/a>\n            <\/div>\n          <\/div>\n    \n          \n                  \n                    \n          <div class=\"featured-themen-single\">\n            <div class=\"featured-themen-single-inner\" style=\"background-image: url('https:\/\/9staedte.de\/wp-content\/smush-webp\/2023\/02\/Konzert-Neuwerksgarten_GOSLAR-marketing-gmbh_Fotograf-Stefan-Schiefer-1.jpg.webp')\">\n              \n              <a href=\"https:\/\/9staedte.de\/es\/goslar-patrimonio-de-la-humanidad-en-los-montes-harz\/eventos-en-goslar\/\">\n                <span>Eventos en Goslar<\/span>\n              <\/a>\n            <\/div>\n          <\/div>\n    \n          \n                  \n                    \n          <div class=\"featured-themen-single\">\n            <div class=\"featured-themen-single-inner\" style=\"background-image: url('https:\/\/9staedte.de\/wp-content\/smush-webp\/2022\/03\/Museum-Goslar-c-GOSLAR-marketing-gmbh-Stefan-Schiefer-1.jpg.webp')\">\n              \n              <a href=\"https:\/\/9staedte.de\/es\/goslar-patrimonio-de-la-humanidad-en-los-montes-harz\/museos-y-exposiciones-en-goslar\/\">\n                <span>Museos y exposiciones en Goslar<\/span>\n              <\/a>\n            <\/div>\n          <\/div>\n    \n          \n                          \n        <\/div>\n<\/div>","protected":false},"excerpt":{"rendered":"<p>Ciudad imperial de Goslar, en los montes Harz Goslar cuenta ya con 1.100 a\u00f1os de historia e invita a sus visitantes a un viaje en el tiempo a trav\u00e9s de las callejuelas del casco antiguo, que desde 1992, junto con la mina de mineral de Rammelsberges Patrimonio Mundial de la UNESCO. M\u00e1s de 1.500 casas [&hellip;]<\/p>\n","protected":false},"author":1,"featured_media":19432,"parent":0,"menu_order":0,"comment_status":"closed","ping_status":"closed","template":"pagetemplates\/template-stadtseite.php","meta":{"_acf_changed":false,"footnotes":""},"categories":[],"tags":[],"ncap_cities_tax":[443],"class_list":["post-17997","page","type-page","status-publish","has-post-thumbnail","hentry","ncap_cities_tax-goslar-es"],"acf":[],"yoast_head":"<!-- This site is optimized with the Yoast SEO plugin v26.8 - https:\/\/yoast.com\/product\/yoast-seo-wordpress\/ -->\n<title>Goslar - Patrimonio de la Humanidad en los montes Harz - 9 St\u00e4dte in Niedersachsen<\/title>\n<meta name=\"description\" content=\"Goslar cuenta con m\u00e1s de 1.100 a\u00f1os de historia e invita a sus visitantes a un viaje en el tiempo por las callejuelas del casco antiguo.\" \/>\n<meta name=\"robots\" content=\"index, follow, max-snippet:-1, max-image-preview:large, max-video-preview:-1\" \/>\n<link rel=\"canonical\" href=\"https:\/\/9staedte.de\/es\/goslar-patrimonio-de-la-humanidad-en-los-montes-harz\/\" \/>\n<meta property=\"og:locale\" content=\"es_ES\" \/>\n<meta property=\"og:type\" content=\"article\" \/>\n<meta property=\"og:title\" content=\"Goslar - Patrimonio de la Humanidad en los montes Harz - 9 St\u00e4dte in Niedersachsen\" \/>\n<meta property=\"og:description\" content=\"Goslar cuenta con m\u00e1s de 1.100 a\u00f1os de historia e invita a sus visitantes a un viaje en el tiempo por las callejuelas del casco antiguo.\" \/>\n<meta property=\"og:url\" content=\"https:\/\/9staedte.de\/es\/goslar-patrimonio-de-la-humanidad-en-los-montes-harz\/\" \/>\n<meta property=\"og:site_name\" content=\"9 St\u00e4dte in Niedersachsen\" \/>\n<meta property=\"article:modified_time\" content=\"2024-05-08T09:04:38+00:00\" \/>\n<meta property=\"og:image\" content=\"https:\/\/9staedte.de\/wp-content\/uploads\/2023\/02\/Blick-ueber-Goslar_GOSLAR-marketing-gmbh_filmpunktton.jpg\" \/>\n\t<meta property=\"og:image:width\" content=\"1020\" \/>\n\t<meta property=\"og:image:height\" content=\"560\" \/>\n\t<meta property=\"og:image:type\" content=\"image\/jpeg\" \/>\n<meta name=\"twitter:card\" content=\"summary_large_image\" \/>\n<meta name=\"twitter:label1\" content=\"Tiempo de lectura\" \/>\n\t<meta name=\"twitter:data1\" content=\"2 minutos\" \/>\n<script type=\"application\/ld+json\" class=\"yoast-schema-graph\">{\"@context\":\"https:\/\/schema.org\",\"@graph\":[{\"@type\":\"WebPage\",\"@id\":\"https:\/\/9staedte.de\/es\/goslar-patrimonio-de-la-humanidad-en-los-montes-harz\/\",\"url\":\"https:\/\/9staedte.de\/es\/goslar-patrimonio-de-la-humanidad-en-los-montes-harz\/\",\"name\":\"Goslar - Patrimonio de la Humanidad en los montes Harz - 9 St\u00e4dte in Niedersachsen\",\"isPartOf\":{\"@id\":\"https:\/\/9staedte.de\/es\/#website\"},\"primaryImageOfPage\":{\"@id\":\"https:\/\/9staedte.de\/es\/goslar-patrimonio-de-la-humanidad-en-los-montes-harz\/#primaryimage\"},\"image\":{\"@id\":\"https:\/\/9staedte.de\/es\/goslar-patrimonio-de-la-humanidad-en-los-montes-harz\/#primaryimage\"},\"thumbnailUrl\":\"https:\/\/9staedte.de\/wp-content\/uploads\/2023\/07\/Blick-ueber-Goslar_GOSLAR-marketing-gmbh_filmpunktton.jpg\",\"datePublished\":\"2023-11-02T08:52:51+00:00\",\"dateModified\":\"2024-05-08T09:04:38+00:00\",\"description\":\"Goslar cuenta con m\u00e1s de 1.100 a\u00f1os de historia e invita a sus visitantes a un viaje en el tiempo por las callejuelas del casco antiguo.\",\"breadcrumb\":{\"@id\":\"https:\/\/9staedte.de\/es\/goslar-patrimonio-de-la-humanidad-en-los-montes-harz\/#breadcrumb\"},\"inLanguage\":\"es\",\"potentialAction\":[{\"@type\":\"ReadAction\",\"target\":[\"https:\/\/9staedte.de\/es\/goslar-patrimonio-de-la-humanidad-en-los-montes-harz\/\"]}]},{\"@type\":\"ImageObject\",\"inLanguage\":\"es\",\"@id\":\"https:\/\/9staedte.de\/es\/goslar-patrimonio-de-la-humanidad-en-los-montes-harz\/#primaryimage\",\"url\":\"https:\/\/9staedte.de\/wp-content\/uploads\/2023\/07\/Blick-ueber-Goslar_GOSLAR-marketing-gmbh_filmpunktton.jpg\",\"contentUrl\":\"https:\/\/9staedte.de\/wp-content\/uploads\/2023\/07\/Blick-ueber-Goslar_GOSLAR-marketing-gmbh_filmpunktton.jpg\",\"width\":2500,\"height\":1662,\"caption\":\"Blick \u00fcber Goslar c)GOSLAR marketing gmbh filmpunktton\"},{\"@type\":\"BreadcrumbList\",\"@id\":\"https:\/\/9staedte.de\/es\/goslar-patrimonio-de-la-humanidad-en-los-montes-harz\/#breadcrumb\",\"itemListElement\":[{\"@type\":\"ListItem\",\"position\":1,\"name\":\"Startseite\",\"item\":\"https:\/\/9staedte.de\/es\/\"},{\"@type\":\"ListItem\",\"position\":2,\"name\":\"Goslar &#8211; Patrimonio de la Humanidad en los montes Harz\"}]},{\"@type\":\"WebSite\",\"@id\":\"https:\/\/9staedte.de\/es\/#website\",\"url\":\"https:\/\/9staedte.de\/es\/\",\"name\":\"9 St\u00e4dte in Niedersachsen\",\"description\":\"\",\"publisher\":{\"@id\":\"https:\/\/9staedte.de\/es\/#organization\"},\"potentialAction\":[{\"@type\":\"SearchAction\",\"target\":{\"@type\":\"EntryPoint\",\"urlTemplate\":\"https:\/\/9staedte.de\/es\/?s={search_term_string}\"},\"query-input\":{\"@type\":\"PropertyValueSpecification\",\"valueRequired\":true,\"valueName\":\"search_term_string\"}}],\"inLanguage\":\"es\"},{\"@type\":\"Organization\",\"@id\":\"https:\/\/9staedte.de\/es\/#organization\",\"name\":\"9 St\u00e4dte in Niedersachsen\",\"url\":\"https:\/\/9staedte.de\/es\/\",\"logo\":{\"@type\":\"ImageObject\",\"inLanguage\":\"es\",\"@id\":\"https:\/\/9staedte.de\/es\/#\/schema\/logo\/image\/\",\"url\":\"https:\/\/9staedte.de\/wp-content\/uploads\/2025\/01\/9-neg-deutsch-2-1.png\",\"contentUrl\":\"https:\/\/9staedte.de\/wp-content\/uploads\/2025\/01\/9-neg-deutsch-2-1.png\",\"width\":190,\"height\":114,\"caption\":\"9 St\u00e4dte in Niedersachsen\"},\"image\":{\"@id\":\"https:\/\/9staedte.de\/es\/#\/schema\/logo\/image\/\"}}]}<\/script>\n<!-- \/ Yoast SEO plugin. -->","yoast_head_json":{"title":"Goslar - Patrimonio de la Humanidad en los montes Harz - 9 St\u00e4dte in Niedersachsen","description":"Goslar cuenta con m\u00e1s de 1.100 a\u00f1os de historia e invita a sus visitantes a un viaje en el tiempo por las callejuelas del casco antiguo.","robots":{"index":"index","follow":"follow","max-snippet":"max-snippet:-1","max-image-preview":"max-image-preview:large","max-video-preview":"max-video-preview:-1"},"canonical":"https:\/\/9staedte.de\/es\/goslar-patrimonio-de-la-humanidad-en-los-montes-harz\/","og_locale":"es_ES","og_type":"article","og_title":"Goslar - Patrimonio de la Humanidad en los montes Harz - 9 St\u00e4dte in Niedersachsen","og_description":"Goslar cuenta con m\u00e1s de 1.100 a\u00f1os de historia e invita a sus visitantes a un viaje en el tiempo por las callejuelas del casco antiguo.","og_url":"https:\/\/9staedte.de\/es\/goslar-patrimonio-de-la-humanidad-en-los-montes-harz\/","og_site_name":"9 St\u00e4dte in Niedersachsen","article_modified_time":"2024-05-08T09:04:38+00:00","og_image":[{"width":1020,"height":560,"url":"https:\/\/9staedte.de\/wp-content\/uploads\/2023\/02\/Blick-ueber-Goslar_GOSLAR-marketing-gmbh_filmpunktton.jpg","type":"image\/jpeg"}],"twitter_card":"summary_large_image","twitter_misc":{"Tiempo de lectura":"2 minutos"},"schema":{"@context":"https:\/\/schema.org","@graph":[{"@type":"WebPage","@id":"https:\/\/9staedte.de\/es\/goslar-patrimonio-de-la-humanidad-en-los-montes-harz\/","url":"https:\/\/9staedte.de\/es\/goslar-patrimonio-de-la-humanidad-en-los-montes-harz\/","name":"Goslar - Patrimonio de la Humanidad en los montes Harz - 9 St\u00e4dte in Niedersachsen","isPartOf":{"@id":"https:\/\/9staedte.de\/es\/#website"},"primaryImageOfPage":{"@id":"https:\/\/9staedte.de\/es\/goslar-patrimonio-de-la-humanidad-en-los-montes-harz\/#primaryimage"},"image":{"@id":"https:\/\/9staedte.de\/es\/goslar-patrimonio-de-la-humanidad-en-los-montes-harz\/#primaryimage"},"thumbnailUrl":"https:\/\/9staedte.de\/wp-content\/uploads\/2023\/07\/Blick-ueber-Goslar_GOSLAR-marketing-gmbh_filmpunktton.jpg","datePublished":"2023-11-02T08:52:51+00:00","dateModified":"2024-05-08T09:04:38+00:00","description":"Goslar cuenta con m\u00e1s de 1.100 a\u00f1os de historia e invita a sus visitantes a un viaje en el tiempo por las callejuelas del casco antiguo.","breadcrumb":{"@id":"https:\/\/9staedte.de\/es\/goslar-patrimonio-de-la-humanidad-en-los-montes-harz\/#breadcrumb"},"inLanguage":"es","potentialAction":[{"@type":"ReadAction","target":["https:\/\/9staedte.de\/es\/goslar-patrimonio-de-la-humanidad-en-los-montes-harz\/"]}]},{"@type":"ImageObject","inLanguage":"es","@id":"https:\/\/9staedte.de\/es\/goslar-patrimonio-de-la-humanidad-en-los-montes-harz\/#primaryimage","url":"https:\/\/9staedte.de\/wp-content\/uploads\/2023\/07\/Blick-ueber-Goslar_GOSLAR-marketing-gmbh_filmpunktton.jpg","contentUrl":"https:\/\/9staedte.de\/wp-content\/uploads\/2023\/07\/Blick-ueber-Goslar_GOSLAR-marketing-gmbh_filmpunktton.jpg","width":2500,"height":1662,"caption":"Blick \u00fcber Goslar c)GOSLAR marketing gmbh filmpunktton"},{"@type":"BreadcrumbList","@id":"https:\/\/9staedte.de\/es\/goslar-patrimonio-de-la-humanidad-en-los-montes-harz\/#breadcrumb","itemListElement":[{"@type":"ListItem","position":1,"name":"Startseite","item":"https:\/\/9staedte.de\/es\/"},{"@type":"ListItem","position":2,"name":"Goslar &#8211; Patrimonio de la Humanidad en los montes Harz"}]},{"@type":"WebSite","@id":"https:\/\/9staedte.de\/es\/#website","url":"https:\/\/9staedte.de\/es\/","name":"9 St\u00e4dte in Niedersachsen","description":"","publisher":{"@id":"https:\/\/9staedte.de\/es\/#organization"},"potentialAction":[{"@type":"SearchAction","target":{"@type":"EntryPoint","urlTemplate":"https:\/\/9staedte.de\/es\/?s={search_term_string}"},"query-input":{"@type":"PropertyValueSpecification","valueRequired":true,"valueName":"search_term_string"}}],"inLanguage":"es"},{"@type":"Organization","@id":"https:\/\/9staedte.de\/es\/#organization","name":"9 St\u00e4dte in Niedersachsen","url":"https:\/\/9staedte.de\/es\/","logo":{"@type":"ImageObject","inLanguage":"es","@id":"https:\/\/9staedte.de\/es\/#\/schema\/logo\/image\/","url":"https:\/\/9staedte.de\/wp-content\/uploads\/2025\/01\/9-neg-deutsch-2-1.png","contentUrl":"https:\/\/9staedte.de\/wp-content\/uploads\/2025\/01\/9-neg-deutsch-2-1.png","width":190,"height":114,"caption":"9 St\u00e4dte in Niedersachsen"},"image":{"@id":"https:\/\/9staedte.de\/es\/#\/schema\/logo\/image\/"}}]}},"_links":{"self":[{"href":"https:\/\/9staedte.de\/es\/wp-json\/wp\/v2\/pages\/17997","targetHints":{"allow":["GET"]}}],"collection":[{"href":"https:\/\/9staedte.de\/es\/wp-json\/wp\/v2\/pages"}],"about":[{"href":"https:\/\/9staedte.de\/es\/wp-json\/wp\/v2\/types\/page"}],"author":[{"embeddable":true,"href":"https:\/\/9staedte.de\/es\/wp-json\/wp\/v2\/users\/1"}],"replies":[{"embeddable":true,"href":"https:\/\/9staedte.de\/es\/wp-json\/wp\/v2\/comments?post=17997"}],"version-history":[{"count":4,"href":"https:\/\/9staedte.de\/es\/wp-json\/wp\/v2\/pages\/17997\/revisions"}],"predecessor-version":[{"id":22226,"href":"https:\/\/9staedte.de\/es\/wp-json\/wp\/v2\/pages\/17997\/revisions\/22226"}],"wp:featuredmedia":[{"embeddable":true,"href":"https:\/\/9staedte.de\/es\/wp-json\/wp\/v2\/media\/19432"}],"wp:attachment":[{"href":"https:\/\/9staedte.de\/es\/wp-json\/wp\/v2\/media?parent=17997"}],"wp:term":[{"taxonomy":"category","embeddable":true,"href":"https:\/\/9staedte.de\/es\/wp-json\/wp\/v2\/categories?post=17997"},{"taxonomy":"post_tag","embeddable":true,"href":"https:\/\/9staedte.de\/es\/wp-json\/wp\/v2\/tags?post=17997"},{"taxonomy":"ncap_cities_tax","embeddable":true,"href":"https:\/\/9staedte.de\/es\/wp-json\/wp\/v2\/ncap_cities_tax?post=17997"}],"curies":[{"name":"wp","href":"https:\/\/api.w.org\/{rel}","templated":true}]}}