{"id":17959,"date":"2023-11-02T09:52:49","date_gmt":"2023-11-02T08:52:49","guid":{"rendered":"https:\/\/9staedte.de\/hamelin-la-legendaria-ciudad-del-flautista-de-hamelin\/"},"modified":"2024-03-25T16:43:17","modified_gmt":"2024-03-25T15:43:17","slug":"hamelin-la-legendaria-ciudad-del-flautista-de-hamelin","status":"publish","type":"page","link":"https:\/\/9staedte.de\/es\/hamelin-la-legendaria-ciudad-del-flautista-de-hamelin\/","title":{"rendered":"Hamelin &#8211; La legendaria ciudad del flautista de Hamelin"},"content":{"rendered":"\n<h2 class=\"wp-block-heading\">En el centro de Weserbergland<\/h2>\n\n\n\n<p>A izquierda y derecha del Weser, entre las colinas del Weserbergland, se encuentra Hamelin. Directamente en la ruta alemana de los cuentos de hadas, aqu\u00ed se encuentra un tipo oscuro: el Flautista de Hamel\u00edn. Disfrute de ella y de su magia, pero tambi\u00e9n del incomparable casco antiguo de Hameln, con sus imponentes edificios de arenisca y entramado de madera que datan del siglo XVIII. Hamelin hace honor a su imagen cultural mundial en el paisaje urbano y en numerosos actos y ofertas. Y a finales de a\u00f1o, el mercado navide\u00f1o y el MusicalWinter hacen se\u00f1as. El hermoso Weserbergland ofrece la impresionante<br>Tel\u00f3n de fondo para muchas actividades en el agua y en tierra.<\/p>\n\n\n\n<p><a href=\"http:\/\/www.hameln.de\/\">www.hameln.de<\/a><\/p>\n\n\n\n\n<div class=\"banner-wrapper\">\n  <div class=\"banner-inner \">\n      <div class=\"img-container\">\n      <div class=\"img-wrapper\">\n        <img decoding=\"async\" src=\"https:\/\/9staedte.de\/wp-content\/smush-webp\/2023\/01\/Hameln-Flotte-Weser-c-HMT-1.jpg.webp\" alt=\"La imagen muestra a dos personas junto al r\u00edo Weser en Hameln. Est\u00e1n tomando una selfie con un tel\u00e9fono m\u00f3vil. En el fondo pasa un gran barco blanco de excursi\u00f3n. En el barco se lee la palabra \u201cHameln\u201d. Hace sol y el clima es agradable. El ambiente es alegre.\" \/>\n                  <div class=\"thumbnail-label\">\n            <span>Hameln Flotte Weser c) HMT<\/span>\n          <\/div>\n              <\/div>\n    <\/div>\n        <div class=\"text-container\">\n      <div class=\"content\">\n        <p><strong>ugerencias especiales:<\/strong><\/p>\n<ul>\n<li>Obra de teatro al aire libre del Flautista de Hamel\u00edn y musical \u00abRATS\u00bb del Flautista de Hamel\u00edn, ambos gratuitos para los visitantes, al aire libre en el centro del casco antiguo.<\/li>\n<li>Visitas guiadas, tambi\u00e9n con el Flautista de Hamel\u00edn<\/li>\n<li>Mercado de Navidad<\/li>\n<li>MusicalWinter Hamelin<\/li>\n<li>Espect\u00e1culo de marionetas del Flautista de Hamel\u00edn en la Casa de Bodas<\/li>\n<li>Museo de Hamel\u00edn con teatro mec\u00e1nico del Flautista de Hamel\u00edn<\/li>\n<li>Paseo en barco por el Weser<\/li>\n<li>Carril bici de largo recorrido por el Weser<\/li>\n<\/ul>\n      <\/div>\n    <\/div>\n    <\/div>\n<\/div>\n\n\n\n\n<div style=\"height:30px\" aria-hidden=\"true\" class=\"wp-block-spacer\"><\/div>\n\n\n\n<div class=\"wp-block-columns is-layout-flex wp-container-core-columns-is-layout-9d6595d7 wp-block-columns-is-layout-flex\">\n<div class=\"wp-block-column is-layout-flow wp-block-column-is-layout-flow\" style=\"flex-basis:66.66%\">\n <div class=\"brlbs-cmpnt-container brlbs-cmpnt-content-blocker brlbs-cmpnt-with-individual-styles\" data-borlabs-cookie-content-blocker-id=\"google-maps\" data-borlabs-cookie-content=\"PGlmcmFtZSBzcmM9Imh0dHBzOi8vd3d3Lmdvb2dsZS5jb20vbWFwcy9kL2VtYmVkP21pZD0xbTBINGV1ejdYTGo4ZU1pb0ZobVFhWmRsWGxwLUV6TSZhbXA7ZWhiYz0yRTMxMkYiIHdpZHRoPSIxMDAlIiBoZWlnaHQ9IjQ1MCI+PC9pZnJhbWU+\"><div class=\"brlbs-cmpnt-cb-preset-b brlbs-cmpnt-cb-google-maps\"> <div class=\"brlbs-cmpnt-cb-thumbnail\" style=\"background-image: url('https:\/\/9staedte.de\/wp-content\/uploads\/borlabs-cookie\/1\/brlbs-cb-google-maps-main.png')\"><\/div> <div class=\"brlbs-cmpnt-cb-main\"> <div class=\"brlbs-cmpnt-cb-content\"> <p class=\"brlbs-cmpnt-cb-description\">Est\u00e1s viendo un contenido de marcador de posici\u00f3n de <strong>Google Maps<\/strong>. Para acceder al contenido real, haz clic en el siguiente bot\u00f3n. Ten en cuenta que al hacerlo compartir\u00e1s datos con terceros proveedores.<\/p> <a class=\"brlbs-cmpnt-cb-provider-toggle\" href=\"#\" data-borlabs-cookie-show-provider-information role=\"button\">M\u00e1s informaci\u00f3n<\/a> <\/div> <div class=\"brlbs-cmpnt-cb-buttons\"> <a class=\"brlbs-cmpnt-cb-btn\" href=\"#\" data-borlabs-cookie-unblock role=\"button\">Desbloquear contenido<\/a> <a class=\"brlbs-cmpnt-cb-btn\" href=\"#\" data-borlabs-cookie-accept-service role=\"button\" style=\"display: inherit\">Aceptar el servicio requerido y desbloquear el contenido<\/a> <\/div> <\/div> <\/div><\/div>\n<\/div>\n\n\n\n<div class=\"wp-block-column is-layout-flow wp-block-column-is-layout-flow\" style=\"flex-basis:33.33%\">\n<p><strong>Lugares de inter\u00e9s:<\/strong><\/p>\n\n\n\n<ul class=\"map-legend main-legend wp-block-list\">\n<li>Centro y Teatro Weserbergland  <\/li>\n\n\n\n<li>Informaci\u00f3n tur\u00edstica<\/li>\n\n\n\n<li>Casa Pied Piper  <\/li>\n\n\n\n<li>Museo Leist- und Stiftsherrenhaus<\/li>\n\n\n\n<li>Casa de bodas  <\/li>\n\n\n\n<li>Catedral de San Bonifacio<\/li>\n\n\n\n<li>Sala Pied Piper<\/li>\n\n\n\n<li>Embarcadero  <\/li>\n\n\n\n<li>La monta\u00f1a local de Hamelin \u00abKl\u00fct<\/li>\n<\/ul>\n<\/div>\n<\/div>\n\n\n\n<div style=\"height:60px\" aria-hidden=\"true\" class=\"wp-block-spacer\"><\/div>\n\n\n\n<div class=\"content-grid\">\n\n\n  \n  <div class=\"grid\">\n                        \n                    \n          <div class=\"featured-themen-single\">\n            <div class=\"featured-themen-single-inner\" style=\"background-image: url('https:\/\/9staedte.de\/wp-content\/smush-webp\/2023\/07\/Hameln-Stadtfuehrung-c-Hameln-Marketing-und-Tourismus-GmbH.jpg.webp')\">\n              \n              <a href=\"https:\/\/9staedte.de\/es\/hamelin-la-legendaria-ciudad-del-flautista-de-hamelin\/visitas-de-la-ciudad-de-hamelin\/\">\n                <span>Visitas de la ciudad de Hamel\u00edn<\/span>\n              <\/a>\n            <\/div>\n          <\/div>\n    \n          \n                  \n                    \n          <div class=\"featured-themen-single\">\n            <div class=\"featured-themen-single-inner\" style=\"background-image: url('https:\/\/9staedte.de\/wp-content\/smush-webp\/2023\/02\/Hameln-Christmas-Market-n-c-Hameln-Marketing-und-Tourismus-GmbH-1.jpg.webp')\">\n              \n              <a href=\"https:\/\/9staedte.de\/es\/hamelin-la-legendaria-ciudad-del-flautista-de-hamelin\/mercado-de-navidad-en-hamelin\/\">\n                <span>Mercado de Navidad en Hamel\u00edn<\/span>\n              <\/a>\n            <\/div>\n          <\/div>\n    \n          \n                  \n                    \n          <div class=\"featured-themen-single\">\n            <div class=\"featured-themen-single-inner\" style=\"background-image: url('https:\/\/9staedte.de\/wp-content\/smush-webp\/2023\/01\/Hameln-Osterstrasse-c-HMT-1.jpg.webp')\">\n              \n              <a href=\"https:\/\/9staedte.de\/es\/hamelin-la-legendaria-ciudad-del-flautista-de-hamelin\/alojamiento-en-hamelin\/\">\n                <span>Alojamiento en Hamelin<\/span>\n              <\/a>\n            <\/div>\n          <\/div>\n    \n          \n                  \n                    \n          <div class=\"featured-themen-single\">\n            <div class=\"featured-themen-single-inner\" style=\"background-image: url('https:\/\/9staedte.de\/wp-content\/smush-webp\/2023\/01\/Rattenfaenger-vor-dem-Museum-Hameln-c-HMT.jpg.webp')\">\n              \n              <a href=\"https:\/\/9staedte.de\/es\/hamelin-la-legendaria-ciudad-del-flautista-de-hamelin\/museos-y-exposiciones-en-hamelin\/\">\n                <span>Museos y exposiciones en Hamelin<\/span>\n              <\/a>\n            <\/div>\n          <\/div>\n    \n          \n                  \n                    \n          <div class=\"featured-themen-single\">\n            <div class=\"featured-themen-single-inner\" style=\"background-image: url('https:\/\/9staedte.de\/wp-content\/smush-webp\/2023\/07\/Hameln-town-model-c-Hameln-Tourismus-und-Marketing-GmbH-Sabrina-Stoeckli.jpg.webp')\">\n              \n              <a href=\"https:\/\/9staedte.de\/es\/hamelin-la-legendaria-ciudad-del-flautista-de-hamelin\/impresiones-desde-hamelin\/\">\n                <span>Impresiones desde Hamel\u00edn<\/span>\n              <\/a>\n            <\/div>\n          <\/div>\n    \n          \n                          \n        <\/div>\n<\/div>","protected":false},"excerpt":{"rendered":"<p>En el centro de Weserbergland A izquierda y derecha del Weser, entre las colinas del Weserbergland, se encuentra Hamelin. Directamente en la ruta alemana de los cuentos de hadas, aqu\u00ed se encuentra un tipo oscuro: el Flautista de Hamel\u00edn. Disfrute de ella y de su magia, pero tambi\u00e9n del incomparable casco antiguo de Hameln, con [&hellip;]<\/p>\n","protected":false},"author":1,"featured_media":19459,"parent":0,"menu_order":0,"comment_status":"closed","ping_status":"closed","template":"pagetemplates\/template-stadtseite.php","meta":{"_acf_changed":false,"footnotes":""},"categories":[],"tags":[],"ncap_cities_tax":[451],"class_list":["post-17959","page","type-page","status-publish","has-post-thumbnail","hentry","ncap_cities_tax-hameln-es"],"acf":[],"yoast_head":"<!-- This site is optimized with the Yoast SEO plugin v26.8 - https:\/\/yoast.com\/product\/yoast-seo-wordpress\/ -->\n<title>Hamelin - La legendaria ciudad del flautista de Hamelin - 9 St\u00e4dte in Niedersachsen<\/title>\n<meta name=\"description\" content=\"Hamelin, la legendaria ciudad del Flautista de Hamelin, se encuentra en Weserbergland. El casco antiguo impresiona con edificios de estilo renacentista del Weser.\" \/>\n<meta name=\"robots\" content=\"index, follow, max-snippet:-1, max-image-preview:large, max-video-preview:-1\" \/>\n<link rel=\"canonical\" href=\"https:\/\/9staedte.de\/es\/hamelin-la-legendaria-ciudad-del-flautista-de-hamelin\/\" \/>\n<meta property=\"og:locale\" content=\"es_ES\" \/>\n<meta property=\"og:type\" content=\"article\" \/>\n<meta property=\"og:title\" content=\"Hamelin - La legendaria ciudad del flautista de Hamelin - 9 St\u00e4dte in Niedersachsen\" \/>\n<meta property=\"og:description\" content=\"Hamelin, la legendaria ciudad del Flautista de Hamelin, se encuentra en Weserbergland. El casco antiguo impresiona con edificios de estilo renacentista del Weser.\" \/>\n<meta property=\"og:url\" content=\"https:\/\/9staedte.de\/es\/hamelin-la-legendaria-ciudad-del-flautista-de-hamelin\/\" \/>\n<meta property=\"og:site_name\" content=\"9 St\u00e4dte in Niedersachsen\" \/>\n<meta property=\"article:modified_time\" content=\"2024-03-25T15:43:17+00:00\" \/>\n<meta property=\"og:image\" content=\"https:\/\/9staedte.de\/wp-content\/uploads\/2024\/03\/Rattenfaenger-Fuehrung-c-Hameln-Marketing-und-Tourismus-GmbhG.jpg\" \/>\n\t<meta property=\"og:image:width\" content=\"1020\" \/>\n\t<meta property=\"og:image:height\" content=\"551\" \/>\n\t<meta property=\"og:image:type\" content=\"image\/jpeg\" \/>\n<meta name=\"twitter:card\" content=\"summary_large_image\" \/>\n<meta name=\"twitter:label1\" content=\"Tiempo de lectura\" \/>\n\t<meta name=\"twitter:data1\" content=\"2 minutos\" \/>\n<script type=\"application\/ld+json\" class=\"yoast-schema-graph\">{\"@context\":\"https:\/\/schema.org\",\"@graph\":[{\"@type\":\"WebPage\",\"@id\":\"https:\/\/9staedte.de\/es\/hamelin-la-legendaria-ciudad-del-flautista-de-hamelin\/\",\"url\":\"https:\/\/9staedte.de\/es\/hamelin-la-legendaria-ciudad-del-flautista-de-hamelin\/\",\"name\":\"Hamelin - La legendaria ciudad del flautista de Hamelin - 9 St\u00e4dte in Niedersachsen\",\"isPartOf\":{\"@id\":\"https:\/\/9staedte.de\/es\/#website\"},\"primaryImageOfPage\":{\"@id\":\"https:\/\/9staedte.de\/es\/hamelin-la-legendaria-ciudad-del-flautista-de-hamelin\/#primaryimage\"},\"image\":{\"@id\":\"https:\/\/9staedte.de\/es\/hamelin-la-legendaria-ciudad-del-flautista-de-hamelin\/#primaryimage\"},\"thumbnailUrl\":\"https:\/\/9staedte.de\/wp-content\/uploads\/2023\/07\/Rattenfaenger-Fuehrung-c-Hameln-Marketing-und-Tourismus-GmbhG-scaled.jpg\",\"datePublished\":\"2023-11-02T08:52:49+00:00\",\"dateModified\":\"2024-03-25T15:43:17+00:00\",\"description\":\"Hamelin, la legendaria ciudad del Flautista de Hamelin, se encuentra en Weserbergland. El casco antiguo impresiona con edificios de estilo renacentista del Weser.\",\"breadcrumb\":{\"@id\":\"https:\/\/9staedte.de\/es\/hamelin-la-legendaria-ciudad-del-flautista-de-hamelin\/#breadcrumb\"},\"inLanguage\":\"es\",\"potentialAction\":[{\"@type\":\"ReadAction\",\"target\":[\"https:\/\/9staedte.de\/es\/hamelin-la-legendaria-ciudad-del-flautista-de-hamelin\/\"]}]},{\"@type\":\"ImageObject\",\"inLanguage\":\"es\",\"@id\":\"https:\/\/9staedte.de\/es\/hamelin-la-legendaria-ciudad-del-flautista-de-hamelin\/#primaryimage\",\"url\":\"https:\/\/9staedte.de\/wp-content\/uploads\/2023\/07\/Rattenfaenger-Fuehrung-c-Hameln-Marketing-und-Tourismus-GmbhG-scaled.jpg\",\"contentUrl\":\"https:\/\/9staedte.de\/wp-content\/uploads\/2023\/07\/Rattenfaenger-Fuehrung-c-Hameln-Marketing-und-Tourismus-GmbhG-scaled.jpg\",\"width\":2560,\"height\":1385,\"caption\":\"Rattenf\u00e4nger-F\u00fchrung c) Hameln Marketing und Tourismus GmbH\"},{\"@type\":\"BreadcrumbList\",\"@id\":\"https:\/\/9staedte.de\/es\/hamelin-la-legendaria-ciudad-del-flautista-de-hamelin\/#breadcrumb\",\"itemListElement\":[{\"@type\":\"ListItem\",\"position\":1,\"name\":\"Startseite\",\"item\":\"https:\/\/9staedte.de\/es\/\"},{\"@type\":\"ListItem\",\"position\":2,\"name\":\"Hamelin &#8211; La legendaria ciudad del flautista de Hamelin\"}]},{\"@type\":\"WebSite\",\"@id\":\"https:\/\/9staedte.de\/es\/#website\",\"url\":\"https:\/\/9staedte.de\/es\/\",\"name\":\"9 St\u00e4dte in Niedersachsen\",\"description\":\"\",\"publisher\":{\"@id\":\"https:\/\/9staedte.de\/es\/#organization\"},\"potentialAction\":[{\"@type\":\"SearchAction\",\"target\":{\"@type\":\"EntryPoint\",\"urlTemplate\":\"https:\/\/9staedte.de\/es\/?s={search_term_string}\"},\"query-input\":{\"@type\":\"PropertyValueSpecification\",\"valueRequired\":true,\"valueName\":\"search_term_string\"}}],\"inLanguage\":\"es\"},{\"@type\":\"Organization\",\"@id\":\"https:\/\/9staedte.de\/es\/#organization\",\"name\":\"9 St\u00e4dte in Niedersachsen\",\"url\":\"https:\/\/9staedte.de\/es\/\",\"logo\":{\"@type\":\"ImageObject\",\"inLanguage\":\"es\",\"@id\":\"https:\/\/9staedte.de\/es\/#\/schema\/logo\/image\/\",\"url\":\"https:\/\/9staedte.de\/wp-content\/uploads\/2025\/01\/9-neg-deutsch-2-1.png\",\"contentUrl\":\"https:\/\/9staedte.de\/wp-content\/uploads\/2025\/01\/9-neg-deutsch-2-1.png\",\"width\":190,\"height\":114,\"caption\":\"9 St\u00e4dte in Niedersachsen\"},\"image\":{\"@id\":\"https:\/\/9staedte.de\/es\/#\/schema\/logo\/image\/\"}}]}<\/script>\n<!-- \/ Yoast SEO plugin. -->","yoast_head_json":{"title":"Hamelin - La legendaria ciudad del flautista de Hamelin - 9 St\u00e4dte in Niedersachsen","description":"Hamelin, la legendaria ciudad del Flautista de Hamelin, se encuentra en Weserbergland. El casco antiguo impresiona con edificios de estilo renacentista del Weser.","robots":{"index":"index","follow":"follow","max-snippet":"max-snippet:-1","max-image-preview":"max-image-preview:large","max-video-preview":"max-video-preview:-1"},"canonical":"https:\/\/9staedte.de\/es\/hamelin-la-legendaria-ciudad-del-flautista-de-hamelin\/","og_locale":"es_ES","og_type":"article","og_title":"Hamelin - La legendaria ciudad del flautista de Hamelin - 9 St\u00e4dte in Niedersachsen","og_description":"Hamelin, la legendaria ciudad del Flautista de Hamelin, se encuentra en Weserbergland. El casco antiguo impresiona con edificios de estilo renacentista del Weser.","og_url":"https:\/\/9staedte.de\/es\/hamelin-la-legendaria-ciudad-del-flautista-de-hamelin\/","og_site_name":"9 St\u00e4dte in Niedersachsen","article_modified_time":"2024-03-25T15:43:17+00:00","og_image":[{"width":1020,"height":551,"url":"https:\/\/9staedte.de\/wp-content\/uploads\/2024\/03\/Rattenfaenger-Fuehrung-c-Hameln-Marketing-und-Tourismus-GmbhG.jpg","type":"image\/jpeg"}],"twitter_card":"summary_large_image","twitter_misc":{"Tiempo de lectura":"2 minutos"},"schema":{"@context":"https:\/\/schema.org","@graph":[{"@type":"WebPage","@id":"https:\/\/9staedte.de\/es\/hamelin-la-legendaria-ciudad-del-flautista-de-hamelin\/","url":"https:\/\/9staedte.de\/es\/hamelin-la-legendaria-ciudad-del-flautista-de-hamelin\/","name":"Hamelin - La legendaria ciudad del flautista de Hamelin - 9 St\u00e4dte in Niedersachsen","isPartOf":{"@id":"https:\/\/9staedte.de\/es\/#website"},"primaryImageOfPage":{"@id":"https:\/\/9staedte.de\/es\/hamelin-la-legendaria-ciudad-del-flautista-de-hamelin\/#primaryimage"},"image":{"@id":"https:\/\/9staedte.de\/es\/hamelin-la-legendaria-ciudad-del-flautista-de-hamelin\/#primaryimage"},"thumbnailUrl":"https:\/\/9staedte.de\/wp-content\/uploads\/2023\/07\/Rattenfaenger-Fuehrung-c-Hameln-Marketing-und-Tourismus-GmbhG-scaled.jpg","datePublished":"2023-11-02T08:52:49+00:00","dateModified":"2024-03-25T15:43:17+00:00","description":"Hamelin, la legendaria ciudad del Flautista de Hamelin, se encuentra en Weserbergland. El casco antiguo impresiona con edificios de estilo renacentista del Weser.","breadcrumb":{"@id":"https:\/\/9staedte.de\/es\/hamelin-la-legendaria-ciudad-del-flautista-de-hamelin\/#breadcrumb"},"inLanguage":"es","potentialAction":[{"@type":"ReadAction","target":["https:\/\/9staedte.de\/es\/hamelin-la-legendaria-ciudad-del-flautista-de-hamelin\/"]}]},{"@type":"ImageObject","inLanguage":"es","@id":"https:\/\/9staedte.de\/es\/hamelin-la-legendaria-ciudad-del-flautista-de-hamelin\/#primaryimage","url":"https:\/\/9staedte.de\/wp-content\/uploads\/2023\/07\/Rattenfaenger-Fuehrung-c-Hameln-Marketing-und-Tourismus-GmbhG-scaled.jpg","contentUrl":"https:\/\/9staedte.de\/wp-content\/uploads\/2023\/07\/Rattenfaenger-Fuehrung-c-Hameln-Marketing-und-Tourismus-GmbhG-scaled.jpg","width":2560,"height":1385,"caption":"Rattenf\u00e4nger-F\u00fchrung c) Hameln Marketing und Tourismus GmbH"},{"@type":"BreadcrumbList","@id":"https:\/\/9staedte.de\/es\/hamelin-la-legendaria-ciudad-del-flautista-de-hamelin\/#breadcrumb","itemListElement":[{"@type":"ListItem","position":1,"name":"Startseite","item":"https:\/\/9staedte.de\/es\/"},{"@type":"ListItem","position":2,"name":"Hamelin &#8211; La legendaria ciudad del flautista de Hamelin"}]},{"@type":"WebSite","@id":"https:\/\/9staedte.de\/es\/#website","url":"https:\/\/9staedte.de\/es\/","name":"9 St\u00e4dte in Niedersachsen","description":"","publisher":{"@id":"https:\/\/9staedte.de\/es\/#organization"},"potentialAction":[{"@type":"SearchAction","target":{"@type":"EntryPoint","urlTemplate":"https:\/\/9staedte.de\/es\/?s={search_term_string}"},"query-input":{"@type":"PropertyValueSpecification","valueRequired":true,"valueName":"search_term_string"}}],"inLanguage":"es"},{"@type":"Organization","@id":"https:\/\/9staedte.de\/es\/#organization","name":"9 St\u00e4dte in Niedersachsen","url":"https:\/\/9staedte.de\/es\/","logo":{"@type":"ImageObject","inLanguage":"es","@id":"https:\/\/9staedte.de\/es\/#\/schema\/logo\/image\/","url":"https:\/\/9staedte.de\/wp-content\/uploads\/2025\/01\/9-neg-deutsch-2-1.png","contentUrl":"https:\/\/9staedte.de\/wp-content\/uploads\/2025\/01\/9-neg-deutsch-2-1.png","width":190,"height":114,"caption":"9 St\u00e4dte in Niedersachsen"},"image":{"@id":"https:\/\/9staedte.de\/es\/#\/schema\/logo\/image\/"}}]}},"_links":{"self":[{"href":"https:\/\/9staedte.de\/es\/wp-json\/wp\/v2\/pages\/17959","targetHints":{"allow":["GET"]}}],"collection":[{"href":"https:\/\/9staedte.de\/es\/wp-json\/wp\/v2\/pages"}],"about":[{"href":"https:\/\/9staedte.de\/es\/wp-json\/wp\/v2\/types\/page"}],"author":[{"embeddable":true,"href":"https:\/\/9staedte.de\/es\/wp-json\/wp\/v2\/users\/1"}],"replies":[{"embeddable":true,"href":"https:\/\/9staedte.de\/es\/wp-json\/wp\/v2\/comments?post=17959"}],"version-history":[{"count":3,"href":"https:\/\/9staedte.de\/es\/wp-json\/wp\/v2\/pages\/17959\/revisions"}],"predecessor-version":[{"id":21704,"href":"https:\/\/9staedte.de\/es\/wp-json\/wp\/v2\/pages\/17959\/revisions\/21704"}],"wp:featuredmedia":[{"embeddable":true,"href":"https:\/\/9staedte.de\/es\/wp-json\/wp\/v2\/media\/19459"}],"wp:attachment":[{"href":"https:\/\/9staedte.de\/es\/wp-json\/wp\/v2\/media?parent=17959"}],"wp:term":[{"taxonomy":"category","embeddable":true,"href":"https:\/\/9staedte.de\/es\/wp-json\/wp\/v2\/categories?post=17959"},{"taxonomy":"post_tag","embeddable":true,"href":"https:\/\/9staedte.de\/es\/wp-json\/wp\/v2\/tags?post=17959"},{"taxonomy":"ncap_cities_tax","embeddable":true,"href":"https:\/\/9staedte.de\/es\/wp-json\/wp\/v2\/ncap_cities_tax?post=17959"}],"curies":[{"name":"wp","href":"https:\/\/api.w.org\/{rel}","templated":true}]}}