{"id":17958,"date":"2023-11-02T09:52:49","date_gmt":"2023-11-02T08:52:49","guid":{"rendered":"https:\/\/9staedte.de\/hildesheim-ciudad-patrimonio-de-la-humanidad-de-la-unesco\/"},"modified":"2025-05-09T10:04:56","modified_gmt":"2025-05-09T08:04:56","slug":"hildesheim-ciudad-patrimonio-de-la-humanidad-de-la-unesco","status":"publish","type":"page","link":"https:\/\/9staedte.de\/es\/hildesheim-ciudad-patrimonio-de-la-humanidad-de-la-unesco\/","title":{"rendered":"Hildesheim &#8211; Ciudad Patrimonio de la Humanidad de la UNESCO"},"content":{"rendered":"\n<h2 class=\"wp-block-heading\">Ciudad con entramado de madera llena de cultura e historia<\/h2>\n\n\n\n<p>Patrimonio de la Humanidad de la UNESCO e hist\u00f3ricas casas con entramado de madera: los monumentos de Hildesheim muestran la diversidad de la ciudad y le invitan a descubrirla. A pocas calles de la hist\u00f3rica plaza del mercado, merece la pena contemplar la ciudad desde la torre de iglesia m\u00e1s alta de Baja Sajonia. No muy lejos de la catedral de Hildesheim se encuentra el magn\u00edfico barrio de entramado de madera, que invita a pasear por sus viejas callejuelas. A lo largo de todo el a\u00f1o le espera una gran variedad de eventos: en los meses de verano se celebran eventos al aire libre, y en invierno le espera el mercado navide\u00f1o de Hildesheim, decorado con motivos festivos.<\/p>\n\n\n\n\n<div class=\"banner-wrapper\">\n  <div class=\"banner-inner \">\n      <div class=\"img-container\">\n      <div class=\"img-wrapper\">\n        <img decoding=\"async\" src=\"https:\/\/9staedte.de\/wp-content\/smush-webp\/2023\/02\/St-Michaelis-Dagmar-Schwelle.jpg.webp\" alt=\"Una persona va en bicicleta frente a la iglesia de San Miguel en Hildesheim. El sol brilla a trav\u00e9s de los \u00e1rboles y crea una luz c\u00e1lida.\" \/>\n                  <div class=\"thumbnail-label\">\n            <span>St Michaelis Dagmar Schwelle<\/span>\n          <\/div>\n              <\/div>\n    <\/div>\n        <div class=\"text-container\">\n      <div class=\"content\">\n        <p><strong>Consejos especiales:<\/strong><\/p>\n<ul>\n<li>De abril a octubre: visita guiada p\u00fablica diaria \u00abConociendo Hildesheim\u00bb<\/li>\n<li>Conozca la cultura gastron\u00f3mica de Hildesheim con nuestro formato \u00abViaje culinario a trav\u00e9s del tiempo: As\u00ed se come en Hildesheim\u00bb.<\/li>\n<li>Descubrimiento individual de la ciudad en la ruta circular \u00abLa ruta de las rosas de Hildesheim\u00bb<\/li>\n<li>Hildesheim a tus o\u00eddos: Descubre nuestro nuevo programa de radio con tu smartphone en la aplicaci\u00f3n Lauschtour<\/li>\n<\/ul>\n      <\/div>\n    <\/div>\n    <\/div>\n<\/div>\n\n\n\n\n<div style=\"height:30px\" aria-hidden=\"true\" class=\"wp-block-spacer\"><\/div>\n\n\n\n<div class=\"wp-block-columns is-layout-flex wp-container-core-columns-is-layout-9d6595d7 wp-block-columns-is-layout-flex\">\n<div class=\"wp-block-column is-layout-flow wp-block-column-is-layout-flow\" style=\"flex-basis:66.66%\">\n <div class=\"brlbs-cmpnt-container brlbs-cmpnt-content-blocker brlbs-cmpnt-with-individual-styles\" data-borlabs-cookie-content-blocker-id=\"google-maps\" data-borlabs-cookie-content=\"PGlmcmFtZSBzcmM9Imh0dHBzOi8vd3d3Lmdvb2dsZS5jb20vbWFwcy9kL2VtYmVkP21pZD0xMzNFaDlZbWVWVHEtNGpBM3NkMzA0R29kaFJwa0d1OCZhbXA7ZWhiYz0yRTMxMkYiIHdpZHRoPSIxMDAlIiBoZWlnaHQ9IjEwMCUiPjwvaWZyYW1lPg==\"><div class=\"brlbs-cmpnt-cb-preset-b brlbs-cmpnt-cb-google-maps\"> <div class=\"brlbs-cmpnt-cb-thumbnail\" style=\"background-image: url('https:\/\/9staedte.de\/wp-content\/uploads\/borlabs-cookie\/1\/brlbs-cb-google-maps-main.png')\"><\/div> <div class=\"brlbs-cmpnt-cb-main\"> <div class=\"brlbs-cmpnt-cb-content\"> <p class=\"brlbs-cmpnt-cb-description\">Est\u00e1s viendo un contenido de marcador de posici\u00f3n de <strong>Google Maps<\/strong>. Para acceder al contenido real, haz clic en el siguiente bot\u00f3n. Ten en cuenta que al hacerlo compartir\u00e1s datos con terceros proveedores.<\/p> <a class=\"brlbs-cmpnt-cb-provider-toggle\" href=\"#\" data-borlabs-cookie-show-provider-information role=\"button\">M\u00e1s informaci\u00f3n<\/a> <\/div> <div class=\"brlbs-cmpnt-cb-buttons\"> <a class=\"brlbs-cmpnt-cb-btn\" href=\"#\" data-borlabs-cookie-unblock role=\"button\">Desbloquear contenido<\/a> <a class=\"brlbs-cmpnt-cb-btn\" href=\"#\" data-borlabs-cookie-accept-service role=\"button\" style=\"display: inherit\">Aceptar el servicio requerido y desbloquear el contenido<\/a> <\/div> <\/div> <\/div><\/div>\n<\/div>\n\n\n\n<div class=\"wp-block-column is-layout-flow wp-block-column-is-layout-flow\" style=\"flex-basis:33.33%\">\n<p><strong>Lugares de inter\u00e9s:<\/strong><\/p>\n\n\n\n<ul class=\"wp-block-list map-legend main-legend\">\n<li>Plaza del Mercado Hist\u00f3rico y Casa del Bonecutter<\/li>\n\n\n\n<li>Curiosa casa con entramado de madera \u00abpan de az\u00facar vuelto del rev\u00e9s<\/li>\n\n\n\n<li>Torre de iglesia m\u00e1s alta de Baja Sajonia: San Andreas (subida posible)<\/li>\n\n\n\n<li>Casco antiguo con importantes edificios de entramado de madera  <\/li>\n\n\n\n<li>San Godeardo  <\/li>\n\n\n\n<li>Patrimonio Mundial de la UNESCO: Catedral y Museo de la Catedral  <\/li>\n\n\n\n<li>Colecci\u00f3n del Antiguo Egipto en el Roemer- und Pelizaeus-Museum<\/li>\n\n\n\n<li>Magdalenengarten, jard\u00edn barroco del monasterio<\/li>\n\n\n\n<li>Patrimonio mundial de la UNESCO: St. Michaelis<\/li>\n<\/ul>\n<\/div>\n<\/div>\n\n\n\n<div style=\"height:60px\" aria-hidden=\"true\" class=\"wp-block-spacer\"><\/div>\n\n\n\n<div class=\"content-grid\">\n\n\n  \n  <div class=\"grid\">\n                        \n                    \n          <div class=\"featured-themen-single\">\n            <div class=\"featured-themen-single-inner\" style=\"background-image: url('https:\/\/9staedte.de\/wp-content\/smush-webp\/2023\/02\/Citybeach-in-Hildesheim-\u00a9-Hildesheim-Marketing-GmbH-Foto-Dagmar-Schwelle.jpg.webp')\">\n              \n              <a href=\"https:\/\/9staedte.de\/es\/hildesheim-ciudad-patrimonio-de-la-humanidad-de-la-unesco\/eventos-en-hildesheim\/\">\n                <span>Eventos en Hildesheim<\/span>\n              <\/a>\n            <\/div>\n          <\/div>\n    \n          \n                  \n                    \n          <div class=\"featured-themen-single\">\n            <div class=\"featured-themen-single-inner\" style=\"background-image: url('https:\/\/9staedte.de\/wp-content\/smush-webp\/2022\/06\/Stadtfuehrung-\u00a9-Hildesheim-Marketing-GmbH.jpg.webp')\">\n              \n              <a href=\"https:\/\/9staedte.de\/es\/hildesheim-ciudad-patrimonio-de-la-humanidad-de-la-unesco\/visitas-guiadas-en-hildesheim\/\">\n                <span>Visitas guiadas en Hildesheim<\/span>\n              <\/a>\n            <\/div>\n          <\/div>\n    \n          \n                  \n                    \n          <div class=\"featured-themen-single\">\n            <div class=\"featured-themen-single-inner\" style=\"background-image: url('https:\/\/9staedte.de\/wp-content\/smush-webp\/2024\/09\/Weihnachtsmarkt-Hildesheim-c-Hildesheim-Marketing-Foto-Lars-Griebner-CC-BY.jpg.webp')\">\n              \n              <a href=\"https:\/\/9staedte.de\/es\/hildesheim-ciudad-patrimonio-de-la-humanidad-de-la-unesco\/mercado-de-navidad-en-hildesheim\/\">\n                <span>Mercado de Navidad en Hildesheim<\/span>\n              <\/a>\n            <\/div>\n          <\/div>\n    \n          \n                  \n                    \n          <div class=\"featured-themen-single\">\n            <div class=\"featured-themen-single-inner\" style=\"background-image: url('https:\/\/9staedte.de\/wp-content\/smush-webp\/2023\/02\/UNESCO-Welterbe-Dom-Foto-Max-Wiesenbach-CCBY.jpg.webp')\">\n              \n              <a href=\"https:\/\/9staedte.de\/es\/hildesheim-ciudad-patrimonio-de-la-humanidad-de-la-unesco\/museos-y-exposiciones-en-hildesheim\/\">\n                <span>Museos y exposiciones en Hildesheim<\/span>\n              <\/a>\n            <\/div>\n          <\/div>\n    \n          \n                  \n                    \n          <div class=\"featured-themen-single\">\n            <div class=\"featured-themen-single-inner\" style=\"background-image: url('https:\/\/9staedte.de\/wp-content\/smush-webp\/2023\/07\/Hildesheimer-Marktplatz_Foto-Max-Wiesenbach-1-1.jpg.webp')\">\n              \n              <a href=\"https:\/\/9staedte.de\/es\/hildesheim-ciudad-patrimonio-de-la-humanidad-de-la-unesco\/impresiones-desde-hildesheim\/\">\n                <span>Impresiones desde Hildesheim<\/span>\n              <\/a>\n            <\/div>\n          <\/div>\n    \n          \n                          \n        <\/div>\n<\/div>","protected":false},"excerpt":{"rendered":"<p>Ciudad con entramado de madera llena de cultura e historia Patrimonio de la Humanidad de la UNESCO e hist\u00f3ricas casas con entramado de madera: los monumentos de Hildesheim muestran la diversidad de la ciudad y le invitan a descubrirla. A pocas calles de la hist\u00f3rica plaza del mercado, merece la pena contemplar la ciudad desde [&hellip;]<\/p>\n","protected":false},"author":1,"featured_media":17876,"parent":0,"menu_order":0,"comment_status":"closed","ping_status":"closed","template":"pagetemplates\/template-stadtseite.php","meta":{"_acf_changed":false,"footnotes":""},"categories":[],"tags":[],"ncap_cities_tax":[466],"class_list":["post-17958","page","type-page","status-publish","has-post-thumbnail","hentry","ncap_cities_tax-hildesheim-es"],"acf":[],"yoast_head":"<!-- This site is optimized with the Yoast SEO plugin v27.4 - https:\/\/yoast.com\/product\/yoast-seo-wordpress\/ -->\n<title>Hildesheim - Ciudad Patrimonio de la Humanidad de la UNESCO - 9 St\u00e4dte in Niedersachsen<\/title>\n<meta name=\"description\" content=\"Patrimonio de la Humanidad de la UNESCO, tesoros culturales, casas hist\u00f3ricas con entramado de madera: los monumentos de Hildesheim le invitan a descubrirlos.\" \/>\n<meta name=\"robots\" content=\"index, follow, max-snippet:-1, max-image-preview:large, max-video-preview:-1\" \/>\n<link rel=\"canonical\" href=\"https:\/\/9staedte.de\/es\/hildesheim-ciudad-patrimonio-de-la-humanidad-de-la-unesco\/\" \/>\n<meta property=\"og:locale\" content=\"es_ES\" \/>\n<meta property=\"og:type\" content=\"article\" \/>\n<meta property=\"og:title\" content=\"Hildesheim - Ciudad Patrimonio de la Humanidad de la UNESCO - 9 St\u00e4dte in Niedersachsen\" \/>\n<meta property=\"og:description\" content=\"Patrimonio de la Humanidad de la UNESCO, tesoros culturales, casas hist\u00f3ricas con entramado de madera: los monumentos de Hildesheim le invitan a descubrirlos.\" \/>\n<meta property=\"og:url\" content=\"https:\/\/9staedte.de\/es\/hildesheim-ciudad-patrimonio-de-la-humanidad-de-la-unesco\/\" \/>\n<meta property=\"og:site_name\" content=\"9 St\u00e4dte in Niedersachsen\" \/>\n<meta property=\"article:modified_time\" content=\"2025-05-09T08:04:56+00:00\" \/>\n<meta property=\"og:image\" content=\"https:\/\/9staedte.de\/wp-content\/uploads\/2024\/06\/Hildesheim-Mariendom_Foto-Max-Wiesenbach-CC-BY-min.jpg\" \/>\n\t<meta property=\"og:image:width\" content=\"1019\" \/>\n\t<meta property=\"og:image:height\" content=\"559\" \/>\n\t<meta property=\"og:image:type\" content=\"image\/jpeg\" \/>\n<meta name=\"twitter:card\" content=\"summary_large_image\" \/>\n<meta name=\"twitter:label1\" content=\"Tiempo de lectura\" \/>\n\t<meta name=\"twitter:data1\" content=\"2 minutos\" \/>\n<script type=\"application\/ld+json\" class=\"yoast-schema-graph\">{\"@context\":\"https:\\\/\\\/schema.org\",\"@graph\":[{\"@type\":\"WebPage\",\"@id\":\"https:\\\/\\\/9staedte.de\\\/es\\\/hildesheim-ciudad-patrimonio-de-la-humanidad-de-la-unesco\\\/\",\"url\":\"https:\\\/\\\/9staedte.de\\\/es\\\/hildesheim-ciudad-patrimonio-de-la-humanidad-de-la-unesco\\\/\",\"name\":\"Hildesheim - Ciudad Patrimonio de la Humanidad de la UNESCO - 9 St\u00e4dte in Niedersachsen\",\"isPartOf\":{\"@id\":\"https:\\\/\\\/9staedte.de\\\/es\\\/#website\"},\"primaryImageOfPage\":{\"@id\":\"https:\\\/\\\/9staedte.de\\\/es\\\/hildesheim-ciudad-patrimonio-de-la-humanidad-de-la-unesco\\\/#primaryimage\"},\"image\":{\"@id\":\"https:\\\/\\\/9staedte.de\\\/es\\\/hildesheim-ciudad-patrimonio-de-la-humanidad-de-la-unesco\\\/#primaryimage\"},\"thumbnailUrl\":\"https:\\\/\\\/9staedte.de\\\/wp-content\\\/uploads\\\/2023\\\/07\\\/Hildesheim-Historic-Marketplace-with-Knochenhaueramtshaus-\u00a9-Hildesheim-Marketing-GmbH-Foto-Dagmar-Schwelle-1.jpg\",\"datePublished\":\"2023-11-02T08:52:49+00:00\",\"dateModified\":\"2025-05-09T08:04:56+00:00\",\"description\":\"Patrimonio de la Humanidad de la UNESCO, tesoros culturales, casas hist\u00f3ricas con entramado de madera: los monumentos de Hildesheim le invitan a descubrirlos.\",\"breadcrumb\":{\"@id\":\"https:\\\/\\\/9staedte.de\\\/es\\\/hildesheim-ciudad-patrimonio-de-la-humanidad-de-la-unesco\\\/#breadcrumb\"},\"inLanguage\":\"es\",\"potentialAction\":[{\"@type\":\"ReadAction\",\"target\":[\"https:\\\/\\\/9staedte.de\\\/es\\\/hildesheim-ciudad-patrimonio-de-la-humanidad-de-la-unesco\\\/\"]}]},{\"@type\":\"ImageObject\",\"inLanguage\":\"es\",\"@id\":\"https:\\\/\\\/9staedte.de\\\/es\\\/hildesheim-ciudad-patrimonio-de-la-humanidad-de-la-unesco\\\/#primaryimage\",\"url\":\"https:\\\/\\\/9staedte.de\\\/wp-content\\\/uploads\\\/2023\\\/07\\\/Hildesheim-Historic-Marketplace-with-Knochenhaueramtshaus-\u00a9-Hildesheim-Marketing-GmbH-Foto-Dagmar-Schwelle-1.jpg\",\"contentUrl\":\"https:\\\/\\\/9staedte.de\\\/wp-content\\\/uploads\\\/2023\\\/07\\\/Hildesheim-Historic-Marketplace-with-Knochenhaueramtshaus-\u00a9-Hildesheim-Marketing-GmbH-Foto-Dagmar-Schwelle-1.jpg\",\"width\":1020,\"height\":561,\"caption\":\"Hildesheim Historic Marketplace with Knochenhaueramtshaus \u00a9 Hildesheim Marketing GmbH, Foto Dagmar Schwelle\"},{\"@type\":\"BreadcrumbList\",\"@id\":\"https:\\\/\\\/9staedte.de\\\/es\\\/hildesheim-ciudad-patrimonio-de-la-humanidad-de-la-unesco\\\/#breadcrumb\",\"itemListElement\":[{\"@type\":\"ListItem\",\"position\":1,\"name\":\"Startseite\",\"item\":\"https:\\\/\\\/9staedte.de\\\/es\\\/\"},{\"@type\":\"ListItem\",\"position\":2,\"name\":\"Hildesheim &#8211; Ciudad Patrimonio de la Humanidad de la UNESCO\"}]},{\"@type\":\"WebSite\",\"@id\":\"https:\\\/\\\/9staedte.de\\\/es\\\/#website\",\"url\":\"https:\\\/\\\/9staedte.de\\\/es\\\/\",\"name\":\"9 St\u00e4dte in Niedersachsen\",\"description\":\"\",\"publisher\":{\"@id\":\"https:\\\/\\\/9staedte.de\\\/es\\\/#organization\"},\"potentialAction\":[{\"@type\":\"SearchAction\",\"target\":{\"@type\":\"EntryPoint\",\"urlTemplate\":\"https:\\\/\\\/9staedte.de\\\/es\\\/?s={search_term_string}\"},\"query-input\":{\"@type\":\"PropertyValueSpecification\",\"valueRequired\":true,\"valueName\":\"search_term_string\"}}],\"inLanguage\":\"es\"},{\"@type\":\"Organization\",\"@id\":\"https:\\\/\\\/9staedte.de\\\/es\\\/#organization\",\"name\":\"9 St\u00e4dte in Niedersachsen\",\"url\":\"https:\\\/\\\/9staedte.de\\\/es\\\/\",\"logo\":{\"@type\":\"ImageObject\",\"inLanguage\":\"es\",\"@id\":\"https:\\\/\\\/9staedte.de\\\/es\\\/#\\\/schema\\\/logo\\\/image\\\/\",\"url\":\"https:\\\/\\\/9staedte.de\\\/wp-content\\\/uploads\\\/2025\\\/01\\\/9-neg-deutsch-2-1.png\",\"contentUrl\":\"https:\\\/\\\/9staedte.de\\\/wp-content\\\/uploads\\\/2025\\\/01\\\/9-neg-deutsch-2-1.png\",\"width\":190,\"height\":114,\"caption\":\"9 St\u00e4dte in Niedersachsen\"},\"image\":{\"@id\":\"https:\\\/\\\/9staedte.de\\\/es\\\/#\\\/schema\\\/logo\\\/image\\\/\"}}]}<\/script>\n<!-- \/ Yoast SEO plugin. -->","yoast_head_json":{"title":"Hildesheim - Ciudad Patrimonio de la Humanidad de la UNESCO - 9 St\u00e4dte in Niedersachsen","description":"Patrimonio de la Humanidad de la UNESCO, tesoros culturales, casas hist\u00f3ricas con entramado de madera: los monumentos de Hildesheim le invitan a descubrirlos.","robots":{"index":"index","follow":"follow","max-snippet":"max-snippet:-1","max-image-preview":"max-image-preview:large","max-video-preview":"max-video-preview:-1"},"canonical":"https:\/\/9staedte.de\/es\/hildesheim-ciudad-patrimonio-de-la-humanidad-de-la-unesco\/","og_locale":"es_ES","og_type":"article","og_title":"Hildesheim - Ciudad Patrimonio de la Humanidad de la UNESCO - 9 St\u00e4dte in Niedersachsen","og_description":"Patrimonio de la Humanidad de la UNESCO, tesoros culturales, casas hist\u00f3ricas con entramado de madera: los monumentos de Hildesheim le invitan a descubrirlos.","og_url":"https:\/\/9staedte.de\/es\/hildesheim-ciudad-patrimonio-de-la-humanidad-de-la-unesco\/","og_site_name":"9 St\u00e4dte in Niedersachsen","article_modified_time":"2025-05-09T08:04:56+00:00","og_image":[{"width":1019,"height":559,"url":"https:\/\/9staedte.de\/wp-content\/uploads\/2024\/06\/Hildesheim-Mariendom_Foto-Max-Wiesenbach-CC-BY-min.jpg","type":"image\/jpeg"}],"twitter_card":"summary_large_image","twitter_misc":{"Tiempo de lectura":"2 minutos"},"schema":{"@context":"https:\/\/schema.org","@graph":[{"@type":"WebPage","@id":"https:\/\/9staedte.de\/es\/hildesheim-ciudad-patrimonio-de-la-humanidad-de-la-unesco\/","url":"https:\/\/9staedte.de\/es\/hildesheim-ciudad-patrimonio-de-la-humanidad-de-la-unesco\/","name":"Hildesheim - Ciudad Patrimonio de la Humanidad de la UNESCO - 9 St\u00e4dte in Niedersachsen","isPartOf":{"@id":"https:\/\/9staedte.de\/es\/#website"},"primaryImageOfPage":{"@id":"https:\/\/9staedte.de\/es\/hildesheim-ciudad-patrimonio-de-la-humanidad-de-la-unesco\/#primaryimage"},"image":{"@id":"https:\/\/9staedte.de\/es\/hildesheim-ciudad-patrimonio-de-la-humanidad-de-la-unesco\/#primaryimage"},"thumbnailUrl":"https:\/\/9staedte.de\/wp-content\/uploads\/2023\/07\/Hildesheim-Historic-Marketplace-with-Knochenhaueramtshaus-\u00a9-Hildesheim-Marketing-GmbH-Foto-Dagmar-Schwelle-1.jpg","datePublished":"2023-11-02T08:52:49+00:00","dateModified":"2025-05-09T08:04:56+00:00","description":"Patrimonio de la Humanidad de la UNESCO, tesoros culturales, casas hist\u00f3ricas con entramado de madera: los monumentos de Hildesheim le invitan a descubrirlos.","breadcrumb":{"@id":"https:\/\/9staedte.de\/es\/hildesheim-ciudad-patrimonio-de-la-humanidad-de-la-unesco\/#breadcrumb"},"inLanguage":"es","potentialAction":[{"@type":"ReadAction","target":["https:\/\/9staedte.de\/es\/hildesheim-ciudad-patrimonio-de-la-humanidad-de-la-unesco\/"]}]},{"@type":"ImageObject","inLanguage":"es","@id":"https:\/\/9staedte.de\/es\/hildesheim-ciudad-patrimonio-de-la-humanidad-de-la-unesco\/#primaryimage","url":"https:\/\/9staedte.de\/wp-content\/uploads\/2023\/07\/Hildesheim-Historic-Marketplace-with-Knochenhaueramtshaus-\u00a9-Hildesheim-Marketing-GmbH-Foto-Dagmar-Schwelle-1.jpg","contentUrl":"https:\/\/9staedte.de\/wp-content\/uploads\/2023\/07\/Hildesheim-Historic-Marketplace-with-Knochenhaueramtshaus-\u00a9-Hildesheim-Marketing-GmbH-Foto-Dagmar-Schwelle-1.jpg","width":1020,"height":561,"caption":"Hildesheim Historic Marketplace with Knochenhaueramtshaus \u00a9 Hildesheim Marketing GmbH, Foto Dagmar Schwelle"},{"@type":"BreadcrumbList","@id":"https:\/\/9staedte.de\/es\/hildesheim-ciudad-patrimonio-de-la-humanidad-de-la-unesco\/#breadcrumb","itemListElement":[{"@type":"ListItem","position":1,"name":"Startseite","item":"https:\/\/9staedte.de\/es\/"},{"@type":"ListItem","position":2,"name":"Hildesheim &#8211; Ciudad Patrimonio de la Humanidad de la UNESCO"}]},{"@type":"WebSite","@id":"https:\/\/9staedte.de\/es\/#website","url":"https:\/\/9staedte.de\/es\/","name":"9 St\u00e4dte in Niedersachsen","description":"","publisher":{"@id":"https:\/\/9staedte.de\/es\/#organization"},"potentialAction":[{"@type":"SearchAction","target":{"@type":"EntryPoint","urlTemplate":"https:\/\/9staedte.de\/es\/?s={search_term_string}"},"query-input":{"@type":"PropertyValueSpecification","valueRequired":true,"valueName":"search_term_string"}}],"inLanguage":"es"},{"@type":"Organization","@id":"https:\/\/9staedte.de\/es\/#organization","name":"9 St\u00e4dte in Niedersachsen","url":"https:\/\/9staedte.de\/es\/","logo":{"@type":"ImageObject","inLanguage":"es","@id":"https:\/\/9staedte.de\/es\/#\/schema\/logo\/image\/","url":"https:\/\/9staedte.de\/wp-content\/uploads\/2025\/01\/9-neg-deutsch-2-1.png","contentUrl":"https:\/\/9staedte.de\/wp-content\/uploads\/2025\/01\/9-neg-deutsch-2-1.png","width":190,"height":114,"caption":"9 St\u00e4dte in Niedersachsen"},"image":{"@id":"https:\/\/9staedte.de\/es\/#\/schema\/logo\/image\/"}}]}},"_links":{"self":[{"href":"https:\/\/9staedte.de\/es\/wp-json\/wp\/v2\/pages\/17958","targetHints":{"allow":["GET"]}}],"collection":[{"href":"https:\/\/9staedte.de\/es\/wp-json\/wp\/v2\/pages"}],"about":[{"href":"https:\/\/9staedte.de\/es\/wp-json\/wp\/v2\/types\/page"}],"author":[{"embeddable":true,"href":"https:\/\/9staedte.de\/es\/wp-json\/wp\/v2\/users\/1"}],"replies":[{"embeddable":true,"href":"https:\/\/9staedte.de\/es\/wp-json\/wp\/v2\/comments?post=17958"}],"version-history":[{"count":3,"href":"https:\/\/9staedte.de\/es\/wp-json\/wp\/v2\/pages\/17958\/revisions"}],"predecessor-version":[{"id":25541,"href":"https:\/\/9staedte.de\/es\/wp-json\/wp\/v2\/pages\/17958\/revisions\/25541"}],"wp:featuredmedia":[{"embeddable":true,"href":"https:\/\/9staedte.de\/es\/wp-json\/wp\/v2\/media\/17876"}],"wp:attachment":[{"href":"https:\/\/9staedte.de\/es\/wp-json\/wp\/v2\/media?parent=17958"}],"wp:term":[{"taxonomy":"category","embeddable":true,"href":"https:\/\/9staedte.de\/es\/wp-json\/wp\/v2\/categories?post=17958"},{"taxonomy":"post_tag","embeddable":true,"href":"https:\/\/9staedte.de\/es\/wp-json\/wp\/v2\/tags?post=17958"},{"taxonomy":"ncap_cities_tax","embeddable":true,"href":"https:\/\/9staedte.de\/es\/wp-json\/wp\/v2\/ncap_cities_tax?post=17958"}],"curies":[{"name":"wp","href":"https:\/\/api.w.org\/{rel}","templated":true}]}}