{"id":17956,"date":"2023-11-02T09:52:48","date_gmt":"2023-11-02T08:52:48","guid":{"rendered":"https:\/\/9staedte.de\/autostadt-en-wolfsburgo\/"},"modified":"2023-11-02T09:52:48","modified_gmt":"2023-11-02T08:52:48","slug":"autostadt-en-wolfsburgo","status":"publish","type":"page","link":"https:\/\/9staedte.de\/es\/autostadt-en-wolfsburgo\/","title":{"rendered":"Autostadt en Wolfsburgo"},"content":{"rendered":"\n<h2 class=\"wp-block-heading\">Un viaje al mundo de la movilidad<\/h2>\n\n\n\n<p>Viaje en el tiempo desde la historia hasta el futuro de la movilidad, un gran mundo familiar y extraordinarias exposiciones: En el Autostadt de Wolfsburgo, una experiencia sigue a la siguiente. Adem\u00e1s del museo del autom\u00f3vil ZeitHaus, el parque tem\u00e1tico del autom\u00f3vil ofrece exposiciones interactivas, oportunidades educativas para todos los grupos de edad, un variado programa cultural y de eventos, as\u00ed como un variado concepto culinario en m\u00e1s de 28 hect\u00e1reas de paisaje de parque y laguna. En el centro del parque, las marcas del Grupo Volkswagen se presentan en sus propios pabellones.<\/p>\n\n\n\n<p><a href=\"http:\/\/www.autostadt.de\">www.autostadt.de<\/a><\/p>\n\n\n\n\n<div class=\"banner-wrapper\">\n  <div class=\"banner-inner \">\n      <div class=\"img-container\">\n      <div class=\"img-wrapper\">\n        <img decoding=\"async\" src=\"https:\/\/9staedte.de\/wp-content\/smush-webp\/2023\/07\/Autostadt-Uebersicht-c-Autostadt-GmbH-Klaus-Bossemeyer-1-scaled.jpg.webp\" alt=\"La imagen muestra la Autostadt en Wolfsburg por la noche. Al frente hay un gran lago. Edificios modernos est\u00e1n junto al agua. Todo est\u00e1 iluminado. Se ven caminos, \u00e1rboles y luces. La luna brilla en el cielo. El ambiente es tranquilo y bonito.\" \/>\n                  <div class=\"thumbnail-label\">\n            <span>Autostadt \u00dcbersicht c) Autostadt GmbH Klaus Bossemeyer<\/span>\n          <\/div>\n              <\/div>\n    <\/div>\n        <div class=\"text-container\">\n      <div class=\"content\">\n        <p><strong>9 besondere Tipps<\/strong><\/p>\n<ul>\n<li>Automobilmuseum ZeitHaus mit historischen Meilensteinen von mehr als 60 Herstellern<\/li>\n<li>Wahrzeichen der Autostadt und schnellstes automatisches Parksystem der Welt: die gl\u00e4sernen Autot\u00fcrme<\/li>\n<li>F\u00fchrungen in 13 verschiedenen Sprachen (nach Verf\u00fcgbarkeit)<\/li>\n<li>kostenlose Probefahrten mit Elektrofahrzeugen des Volkswagen Konzerns<\/li>\n<li>Fahrspa\u00df pur auf dem Gel\u00e4ndeParcours, bei Fahrtrainings oder am professionellen Renn-Simulator<\/li>\n<li>Familienangebote zum Staunen, Spielen, Entspannen und Entdecken<\/li>\n<li>Bildungsprogramm rund um die Themen Digitalisierung, Mobilit\u00e4t und Nachhaltigkeit<\/li>\n<li>kulinarische Vielfalt mit Leckereien aus hauseigenen Manufakturen in verschiedenen Restaurants und Caf\u00e9s<\/li>\n<li>einzigartige saisonale Inszenierungen<\/li>\n<\/ul>\n      <\/div>\n    <\/div>\n    <\/div>\n<\/div>\n\n\n\n\n<h3 class=\"wp-block-heading\">Verano en Autostadt<\/h3>\n\n\n\n<p>Este verano, las numerosas ofertas del Autostadt de Wolfsburgo volver\u00e1n a garantizar la sensaci\u00f3n de estar de vacaciones en el Canal Mittelland. Adem\u00e1s de bebidas refrescantes en el club de playa Cool Summer Island y una gran variedad de delicias veraniegas en los restaurantes y caf\u00e9s, le espera mucha acci\u00f3n para toda la familia, por ejemplo en ins\u00f3litas instalaciones de escalada o en un tobog\u00e1n gigante. Por supuesto, tampoco se descuida la movilidad: zarpe en un barco el\u00e9ctrico, viaje al futuro de la movilidad en exposiciones interactivas o viva la experiencia de la movilidad el\u00e9ctrica en una prueba de conducci\u00f3n.  <\/p>\n\n\n\n<h3 class=\"wp-block-heading\">Invierno en Autostadt<\/h3>\n\n\n\n<p>Cuando los d\u00edas se acortan, comienza para muchos la mejor \u00e9poca del a\u00f1o, y en el mundo invernal de la Autostadt se puede disfrutar de verdad de este tiempo: con parques decorados festivamente, una enorme pista de patinaje sobre hielo, un abundante mercado de invierno y mucho m\u00e1s. Experimente la acci\u00f3n en la nieve y sobre el hielo o pase momentos contemplativos con amigos o familiares bajo el suave resplandor de las luces y el aroma de la canela, el clavo y las naranjas.<\/p>\n\n\n\n<div style=\"height:30px\" aria-hidden=\"true\" class=\"wp-block-spacer\"><\/div>\n\n\n\n<div class=\"content-grid\">\n\n\n  \n  <div class=\"grid\">\n                        \n                    \n          <div class=\"featured-themen-single\">\n            <div class=\"featured-themen-single-inner\" style=\"background-image: url('https:\/\/9staedte.de\/wp-content\/smush-webp\/2022\/03\/Autostadt-Uebersicht-c-Autostadt-GmbH-Klaus-Bosselmann-scaled.jpg.webp')\">\n              \n              <a href=\"https:\/\/9staedte.de\/es\/reserve-su-evento-en-el-autostadt\/\">\n                <span>Reserve su evento en el Autostadt<\/span>\n              <\/a>\n            <\/div>\n          <\/div>\n    \n          \n                  \n                    \n          <div class=\"featured-themen-single\">\n            <div class=\"featured-themen-single-inner\" style=\"background-image: url('https:\/\/9staedte.de\/wp-content\/smush-webp\/2023\/01\/Autostadt-Uebersicht-c-Autostadt-GmbH-Nils-Hendrick-Mueller.jpg.webp')\">\n              \n              <a href=\"https:\/\/9staedte.de\/es\/autostadt-en-wolfsburgo\/impresiones-desde-autostadt\/\">\n                <span>Impresiones desde Autostadt<\/span>\n              <\/a>\n            <\/div>\n          <\/div>\n    \n          \n                  \n                    \n          <div class=\"featured-themen-single\">\n            <div class=\"featured-themen-single-inner\" style=\"background-image: url('https:\/\/9staedte.de\/wp-content\/smush-webp\/2023\/01\/Zeit-Haus-c-Autostadt-GmbH-Nele-Martensen.jpg.webp')\">\n              \n              <a href=\"https:\/\/9staedte.de\/es\/autostadt-en-wolfsburgo\/museos-y-exposiciones-en-autostadt\/\">\n                <span>Museos y exposiciones en Autostadt<\/span>\n              <\/a>\n            <\/div>\n          <\/div>\n    \n          \n                          \n        <\/div>\n<\/div>\n\n\n<div class=\"wp-block-group\"><div class=\"wp-block-group__inner-container is-layout-constrained wp-block-group-is-layout-constrained\">\n<div style=\"height:32px\" aria-hidden=\"true\" class=\"wp-block-spacer\"><\/div>\n\n\n\n<h2 class=\"wp-block-heading\"><strong>Autostadt en Wolfsburgo<\/strong><\/h2>\n\n\n\n <div class=\"brlbs-cmpnt-container brlbs-cmpnt-content-blocker brlbs-cmpnt-with-individual-styles\" data-borlabs-cookie-content-blocker-id=\"google-maps\" data-borlabs-cookie-content=\"PGlmcmFtZSBzcmM9Imh0dHBzOi8vd3d3Lmdvb2dsZS5jb20vbWFwcy9lbWJlZD9wYj0hMW0xOCExbTEyITFtMyExZDI0MzIuNTY1NjUwODU2MTM4NyEyZDEwLjc5MTYzMDM3NzMyNTQ1NCEzZDUyLjQzMjY2NzM3MjAzODUzITJtMyExZjAhMmYwITNmMCEzbTIhMWkxMDI0ITJpNzY4ITRmMTMuMSEzbTMhMW0yITFzMHg0N2FmOTNiN2I4OWJmYWNmJTNBMHg0ZGNkZjA3ZjRkMjM3ZmY4ITJzQXV0b3N0YWR0ITVlMCEzbTIhMXNkZSEyc2RlITR2MTY5MjE3NTAyMDMwNCE1bTIhMXNkZSEyc2RlIiB3aWR0aD0iNjAwIiBoZWlnaHQ9IjQ1MCIgc3R5bGU9ImJvcmRlcjowOyIgYWxsb3dmdWxsc2NyZWVuPSIiIGxvYWRpbmc9ImxhenkiIHJlZmVycmVycG9saWN5PSJuby1yZWZlcnJlci13aGVuLWRvd25ncmFkZSI+PC9pZnJhbWU+\"><div class=\"brlbs-cmpnt-cb-preset-b brlbs-cmpnt-cb-google-maps\"> <div class=\"brlbs-cmpnt-cb-thumbnail\" style=\"background-image: url('https:\/\/9staedte.de\/wp-content\/uploads\/borlabs-cookie\/1\/brlbs-cb-google-maps-main.png')\"><\/div> <div class=\"brlbs-cmpnt-cb-main\"> <div class=\"brlbs-cmpnt-cb-content\"> <p class=\"brlbs-cmpnt-cb-description\">Est\u00e1s viendo un contenido de marcador de posici\u00f3n de <strong>Google Maps<\/strong>. Para acceder al contenido real, haz clic en el siguiente bot\u00f3n. Ten en cuenta que al hacerlo compartir\u00e1s datos con terceros proveedores.<\/p> <a class=\"brlbs-cmpnt-cb-provider-toggle\" href=\"#\" data-borlabs-cookie-show-provider-information role=\"button\">M\u00e1s informaci\u00f3n<\/a> <\/div> <div class=\"brlbs-cmpnt-cb-buttons\"> <a class=\"brlbs-cmpnt-cb-btn\" href=\"#\" data-borlabs-cookie-unblock role=\"button\">Desbloquear contenido<\/a> <a class=\"brlbs-cmpnt-cb-btn\" href=\"#\" data-borlabs-cookie-accept-service role=\"button\" style=\"display: inherit\">Aceptar el servicio requerido y desbloquear el contenido<\/a> <\/div> <\/div> <\/div><\/div>\n\n\n\n<div style=\"height:34px\" aria-hidden=\"true\" class=\"wp-block-spacer\"><\/div>\n<\/div><\/div>\n","protected":false},"excerpt":{"rendered":"<p>Un viaje al mundo de la movilidad Viaje en el tiempo desde la historia hasta el futuro de la movilidad, un gran mundo familiar y extraordinarias exposiciones: En el Autostadt de Wolfsburgo, una experiencia sigue a la siguiente. Adem\u00e1s del museo del autom\u00f3vil ZeitHaus, el parque tem\u00e1tico del autom\u00f3vil ofrece exposiciones interactivas, oportunidades educativas para [&hellip;]<\/p>\n","protected":false},"author":1,"featured_media":16700,"parent":0,"menu_order":0,"comment_status":"closed","ping_status":"closed","template":"pagetemplates\/template-stadtseite.php","meta":{"_acf_changed":false,"footnotes":""},"categories":[],"tags":[],"ncap_cities_tax":[487],"class_list":["post-17956","page","type-page","status-publish","has-post-thumbnail","hentry","ncap_cities_tax-autostadt-es"],"acf":[],"yoast_head":"<!-- This site is optimized with the Yoast SEO plugin v26.8 - https:\/\/yoast.com\/product\/yoast-seo-wordpress\/ -->\n<title>Autostadt en Wolfsburgo - 9 St\u00e4dte in Niedersachsen<\/title>\n<meta name=\"description\" content=\"La Autostadt de Wolfsburgo: un viaje en el tiempo desde la historia hasta el futuro de la movilidad, un gran mundo familiar y extraordinarias exposiciones.\" \/>\n<meta name=\"robots\" content=\"index, follow, max-snippet:-1, max-image-preview:large, max-video-preview:-1\" \/>\n<link rel=\"canonical\" href=\"https:\/\/9staedte.de\/es\/autostadt-en-wolfsburgo\/\" \/>\n<meta property=\"og:locale\" content=\"es_ES\" \/>\n<meta property=\"og:type\" content=\"article\" \/>\n<meta property=\"og:title\" content=\"Autostadt en Wolfsburgo - 9 St\u00e4dte in Niedersachsen\" \/>\n<meta property=\"og:description\" content=\"La Autostadt de Wolfsburgo: un viaje en el tiempo desde la historia hasta el futuro de la movilidad, un gran mundo familiar y extraordinarias exposiciones.\" \/>\n<meta property=\"og:url\" content=\"https:\/\/9staedte.de\/es\/autostadt-en-wolfsburgo\/\" \/>\n<meta property=\"og:site_name\" content=\"9 St\u00e4dte in Niedersachsen\" \/>\n<meta property=\"og:image\" content=\"https:\/\/9staedte.de\/wp-content\/uploads\/2023\/01\/Autostadt-Uebersicht-c-Autostadt-GmbH-Nils-Hendrick-Mueller.jpg\" \/>\n\t<meta property=\"og:image:width\" content=\"1020\" \/>\n\t<meta property=\"og:image:height\" content=\"560\" \/>\n\t<meta property=\"og:image:type\" content=\"image\/jpeg\" \/>\n<meta name=\"twitter:card\" content=\"summary_large_image\" \/>\n<meta name=\"twitter:label1\" content=\"Tiempo de lectura\" \/>\n\t<meta name=\"twitter:data1\" content=\"2 minutos\" \/>\n<script type=\"application\/ld+json\" class=\"yoast-schema-graph\">{\"@context\":\"https:\/\/schema.org\",\"@graph\":[{\"@type\":\"WebPage\",\"@id\":\"https:\/\/9staedte.de\/es\/autostadt-en-wolfsburgo\/\",\"url\":\"https:\/\/9staedte.de\/es\/autostadt-en-wolfsburgo\/\",\"name\":\"Autostadt en Wolfsburgo - 9 St\u00e4dte in Niedersachsen\",\"isPartOf\":{\"@id\":\"https:\/\/9staedte.de\/es\/#website\"},\"primaryImageOfPage\":{\"@id\":\"https:\/\/9staedte.de\/es\/autostadt-en-wolfsburgo\/#primaryimage\"},\"image\":{\"@id\":\"https:\/\/9staedte.de\/es\/autostadt-en-wolfsburgo\/#primaryimage\"},\"thumbnailUrl\":\"https:\/\/9staedte.de\/wp-content\/uploads\/2022\/03\/Autostadt-Uebersicht-c-Autostadt-GmbH-Klaus-Bosselmann-scaled.jpg\",\"datePublished\":\"2023-11-02T08:52:48+00:00\",\"description\":\"La Autostadt de Wolfsburgo: un viaje en el tiempo desde la historia hasta el futuro de la movilidad, un gran mundo familiar y extraordinarias exposiciones.\",\"breadcrumb\":{\"@id\":\"https:\/\/9staedte.de\/es\/autostadt-en-wolfsburgo\/#breadcrumb\"},\"inLanguage\":\"es\",\"potentialAction\":[{\"@type\":\"ReadAction\",\"target\":[\"https:\/\/9staedte.de\/es\/autostadt-en-wolfsburgo\/\"]}]},{\"@type\":\"ImageObject\",\"inLanguage\":\"es\",\"@id\":\"https:\/\/9staedte.de\/es\/autostadt-en-wolfsburgo\/#primaryimage\",\"url\":\"https:\/\/9staedte.de\/wp-content\/uploads\/2022\/03\/Autostadt-Uebersicht-c-Autostadt-GmbH-Klaus-Bosselmann-scaled.jpg\",\"contentUrl\":\"https:\/\/9staedte.de\/wp-content\/uploads\/2022\/03\/Autostadt-Uebersicht-c-Autostadt-GmbH-Klaus-Bosselmann-scaled.jpg\",\"width\":2560,\"height\":1920,\"caption\":\"Autostadt \u00dcbersicht bei Nacht c) Autostadt GmbH _ Klauss Bossemeyer\"},{\"@type\":\"BreadcrumbList\",\"@id\":\"https:\/\/9staedte.de\/es\/autostadt-en-wolfsburgo\/#breadcrumb\",\"itemListElement\":[{\"@type\":\"ListItem\",\"position\":1,\"name\":\"Startseite\",\"item\":\"https:\/\/9staedte.de\/es\/\"},{\"@type\":\"ListItem\",\"position\":2,\"name\":\"Autostadt en Wolfsburgo\"}]},{\"@type\":\"WebSite\",\"@id\":\"https:\/\/9staedte.de\/es\/#website\",\"url\":\"https:\/\/9staedte.de\/es\/\",\"name\":\"9 St\u00e4dte in Niedersachsen\",\"description\":\"\",\"publisher\":{\"@id\":\"https:\/\/9staedte.de\/es\/#organization\"},\"potentialAction\":[{\"@type\":\"SearchAction\",\"target\":{\"@type\":\"EntryPoint\",\"urlTemplate\":\"https:\/\/9staedte.de\/es\/?s={search_term_string}\"},\"query-input\":{\"@type\":\"PropertyValueSpecification\",\"valueRequired\":true,\"valueName\":\"search_term_string\"}}],\"inLanguage\":\"es\"},{\"@type\":\"Organization\",\"@id\":\"https:\/\/9staedte.de\/es\/#organization\",\"name\":\"9 St\u00e4dte in Niedersachsen\",\"url\":\"https:\/\/9staedte.de\/es\/\",\"logo\":{\"@type\":\"ImageObject\",\"inLanguage\":\"es\",\"@id\":\"https:\/\/9staedte.de\/es\/#\/schema\/logo\/image\/\",\"url\":\"https:\/\/9staedte.de\/wp-content\/uploads\/2025\/01\/9-neg-deutsch-2-1.png\",\"contentUrl\":\"https:\/\/9staedte.de\/wp-content\/uploads\/2025\/01\/9-neg-deutsch-2-1.png\",\"width\":190,\"height\":114,\"caption\":\"9 St\u00e4dte in Niedersachsen\"},\"image\":{\"@id\":\"https:\/\/9staedte.de\/es\/#\/schema\/logo\/image\/\"}}]}<\/script>\n<!-- \/ Yoast SEO plugin. -->","yoast_head_json":{"title":"Autostadt en Wolfsburgo - 9 St\u00e4dte in Niedersachsen","description":"La Autostadt de Wolfsburgo: un viaje en el tiempo desde la historia hasta el futuro de la movilidad, un gran mundo familiar y extraordinarias exposiciones.","robots":{"index":"index","follow":"follow","max-snippet":"max-snippet:-1","max-image-preview":"max-image-preview:large","max-video-preview":"max-video-preview:-1"},"canonical":"https:\/\/9staedte.de\/es\/autostadt-en-wolfsburgo\/","og_locale":"es_ES","og_type":"article","og_title":"Autostadt en Wolfsburgo - 9 St\u00e4dte in Niedersachsen","og_description":"La Autostadt de Wolfsburgo: un viaje en el tiempo desde la historia hasta el futuro de la movilidad, un gran mundo familiar y extraordinarias exposiciones.","og_url":"https:\/\/9staedte.de\/es\/autostadt-en-wolfsburgo\/","og_site_name":"9 St\u00e4dte in Niedersachsen","og_image":[{"width":1020,"height":560,"url":"https:\/\/9staedte.de\/wp-content\/uploads\/2023\/01\/Autostadt-Uebersicht-c-Autostadt-GmbH-Nils-Hendrick-Mueller.jpg","type":"image\/jpeg"}],"twitter_card":"summary_large_image","twitter_misc":{"Tiempo de lectura":"2 minutos"},"schema":{"@context":"https:\/\/schema.org","@graph":[{"@type":"WebPage","@id":"https:\/\/9staedte.de\/es\/autostadt-en-wolfsburgo\/","url":"https:\/\/9staedte.de\/es\/autostadt-en-wolfsburgo\/","name":"Autostadt en Wolfsburgo - 9 St\u00e4dte in Niedersachsen","isPartOf":{"@id":"https:\/\/9staedte.de\/es\/#website"},"primaryImageOfPage":{"@id":"https:\/\/9staedte.de\/es\/autostadt-en-wolfsburgo\/#primaryimage"},"image":{"@id":"https:\/\/9staedte.de\/es\/autostadt-en-wolfsburgo\/#primaryimage"},"thumbnailUrl":"https:\/\/9staedte.de\/wp-content\/uploads\/2022\/03\/Autostadt-Uebersicht-c-Autostadt-GmbH-Klaus-Bosselmann-scaled.jpg","datePublished":"2023-11-02T08:52:48+00:00","description":"La Autostadt de Wolfsburgo: un viaje en el tiempo desde la historia hasta el futuro de la movilidad, un gran mundo familiar y extraordinarias exposiciones.","breadcrumb":{"@id":"https:\/\/9staedte.de\/es\/autostadt-en-wolfsburgo\/#breadcrumb"},"inLanguage":"es","potentialAction":[{"@type":"ReadAction","target":["https:\/\/9staedte.de\/es\/autostadt-en-wolfsburgo\/"]}]},{"@type":"ImageObject","inLanguage":"es","@id":"https:\/\/9staedte.de\/es\/autostadt-en-wolfsburgo\/#primaryimage","url":"https:\/\/9staedte.de\/wp-content\/uploads\/2022\/03\/Autostadt-Uebersicht-c-Autostadt-GmbH-Klaus-Bosselmann-scaled.jpg","contentUrl":"https:\/\/9staedte.de\/wp-content\/uploads\/2022\/03\/Autostadt-Uebersicht-c-Autostadt-GmbH-Klaus-Bosselmann-scaled.jpg","width":2560,"height":1920,"caption":"Autostadt \u00dcbersicht bei Nacht c) Autostadt GmbH _ Klauss Bossemeyer"},{"@type":"BreadcrumbList","@id":"https:\/\/9staedte.de\/es\/autostadt-en-wolfsburgo\/#breadcrumb","itemListElement":[{"@type":"ListItem","position":1,"name":"Startseite","item":"https:\/\/9staedte.de\/es\/"},{"@type":"ListItem","position":2,"name":"Autostadt en Wolfsburgo"}]},{"@type":"WebSite","@id":"https:\/\/9staedte.de\/es\/#website","url":"https:\/\/9staedte.de\/es\/","name":"9 St\u00e4dte in Niedersachsen","description":"","publisher":{"@id":"https:\/\/9staedte.de\/es\/#organization"},"potentialAction":[{"@type":"SearchAction","target":{"@type":"EntryPoint","urlTemplate":"https:\/\/9staedte.de\/es\/?s={search_term_string}"},"query-input":{"@type":"PropertyValueSpecification","valueRequired":true,"valueName":"search_term_string"}}],"inLanguage":"es"},{"@type":"Organization","@id":"https:\/\/9staedte.de\/es\/#organization","name":"9 St\u00e4dte in Niedersachsen","url":"https:\/\/9staedte.de\/es\/","logo":{"@type":"ImageObject","inLanguage":"es","@id":"https:\/\/9staedte.de\/es\/#\/schema\/logo\/image\/","url":"https:\/\/9staedte.de\/wp-content\/uploads\/2025\/01\/9-neg-deutsch-2-1.png","contentUrl":"https:\/\/9staedte.de\/wp-content\/uploads\/2025\/01\/9-neg-deutsch-2-1.png","width":190,"height":114,"caption":"9 St\u00e4dte in Niedersachsen"},"image":{"@id":"https:\/\/9staedte.de\/es\/#\/schema\/logo\/image\/"}}]}},"_links":{"self":[{"href":"https:\/\/9staedte.de\/es\/wp-json\/wp\/v2\/pages\/17956","targetHints":{"allow":["GET"]}}],"collection":[{"href":"https:\/\/9staedte.de\/es\/wp-json\/wp\/v2\/pages"}],"about":[{"href":"https:\/\/9staedte.de\/es\/wp-json\/wp\/v2\/types\/page"}],"author":[{"embeddable":true,"href":"https:\/\/9staedte.de\/es\/wp-json\/wp\/v2\/users\/1"}],"replies":[{"embeddable":true,"href":"https:\/\/9staedte.de\/es\/wp-json\/wp\/v2\/comments?post=17956"}],"version-history":[{"count":0,"href":"https:\/\/9staedte.de\/es\/wp-json\/wp\/v2\/pages\/17956\/revisions"}],"wp:featuredmedia":[{"embeddable":true,"href":"https:\/\/9staedte.de\/es\/wp-json\/wp\/v2\/media\/16700"}],"wp:attachment":[{"href":"https:\/\/9staedte.de\/es\/wp-json\/wp\/v2\/media?parent=17956"}],"wp:term":[{"taxonomy":"category","embeddable":true,"href":"https:\/\/9staedte.de\/es\/wp-json\/wp\/v2\/categories?post=17956"},{"taxonomy":"post_tag","embeddable":true,"href":"https:\/\/9staedte.de\/es\/wp-json\/wp\/v2\/tags?post=17956"},{"taxonomy":"ncap_cities_tax","embeddable":true,"href":"https:\/\/9staedte.de\/es\/wp-json\/wp\/v2\/ncap_cities_tax?post=17956"}],"curies":[{"name":"wp","href":"https:\/\/api.w.org\/{rel}","templated":true}]}}