{"id":17927,"date":"2023-11-02T09:52:47","date_gmt":"2023-11-02T08:52:47","guid":{"rendered":"https:\/\/9staedte.de\/einbeck-coches-clasicos-casas-con-entramado-de-madera-cerveza\/"},"modified":"2025-05-21T14:14:21","modified_gmt":"2025-05-21T12:14:21","slug":"einbeck-coches-clasicos-casas-con-entramado-de-madera-cerveza","status":"publish","type":"page","link":"https:\/\/9staedte.de\/es\/einbeck-coches-clasicos-casas-con-entramado-de-madera-cerveza\/","title":{"rendered":"Einbeck: coches cl\u00e1sicos, casas con entramado de madera, cerveza"},"content":{"rendered":"\n<h2 class=\"wp-block-heading\">Una joya en medio de Alemania<\/h2>\n\n\n\n<p>Justo en el centro: as\u00ed se podr\u00eda resumir con un vistazo al mapa de Alemania. Einbeck est\u00e1 id\u00edlicamente enclavada en ondulantes colinas en el coraz\u00f3n del campo, entre Weserbergland, Harz y Solling. Con m\u00e1s de 231 kil\u00f3metros cuadrados, Einbeck es la ciudad m\u00e1s grande del sur de Baja Sajonia. \u00a1Hay todo tipo de cosas que descubrir, maravillarse y experimentar aqu\u00ed&nbsp;! La antigua ciudad hanse\u00e1tica alberga numerosas casas hist\u00f3ricas de entramado de madera espl\u00e9ndidamente decoradas, la deliciosa cerveza Einbecker y la mayor colecci\u00f3n de coches cl\u00e1sicos de Europa en el PS.SPEICHER y sus colecciones, que albergan m\u00e1s de 2.500 piezas expuestas. Con los planos de Einbeck, existe incluso un patrimonio cultural inmaterial de la UNESCO en pleno casco antiguo.<\/p>\n\n\n\n<p>\u00a1\u00bfVacaciones en Einbeck?! Merece la pena.<\/p>\n\n\n\n<p><a href=\"https:\/\/www.einbeck-tourismus.de\/\">Para m\u00e1s informaci\u00f3n:<\/a><\/p>\n\n\n\n\n<div class=\"banner-wrapper\">\n  <div class=\"banner-inner \">\n      <div class=\"img-container\">\n      <div class=\"img-wrapper\">\n        <img decoding=\"async\" src=\"https:\/\/9staedte.de\/wp-content\/smush-webp\/2023\/02\/Einbeck-Beer-in-a-barrel-\u00a9Daniel-Li-Photography.jpg.webp\" alt=\"La imagen muestra a dos personas en el Brodhaus de Einbeck. Est\u00e1n sentadas en un rinc\u00f3n que parece un gran barril de cerveza. Brindan con vasos de cerveza. Las paredes son de madera y piedra. Todo parece acogedor y r\u00fastico. El ambiente es amigable y relajado.\" \/>\n                  <div class=\"thumbnail-label\">\n            <span>Einbeck Beer in a barrel, \u00a9Daniel Li Photography<\/span>\n          <\/div>\n              <\/div>\n    <\/div>\n        <div class=\"text-container\">\n      <div class=\"content\">\n        <p><strong>Consejos especiales:<\/strong><\/p>\n<p>&#8211; La mayor galer\u00eda de arte callejero al aire libre del sur de Baja Sajonia, en el centro hist\u00f3rico de la ciudad<br \/>\n&#8211; Experiencia de impresi\u00f3n tradicional en los planos de Einbeck<br \/>\n&#8211; Tras la pista de la tradici\u00f3n cervecera en la Ruta de la Cerveza de Einbeck<br \/>\n&#8211; Visita a la manufactura gourmet de Einbeck<br \/>\n&#8211; Excursi\u00f3n nocturna \u00abCerveza clara, sombras oscuras\u00bb con subida a la torre de la iglesia<br \/>\n&#8211; Excursi\u00f3n al castillo de Heldenburg en Einbeck-Salzderhelden<\/p>\n      <\/div>\n    <\/div>\n    <\/div>\n<\/div>\n\n\n\n\n<div style=\"height:30px\" aria-hidden=\"true\" class=\"wp-block-spacer\"><\/div>\n\n\n\n<div class=\"wp-block-columns is-layout-flex wp-container-core-columns-is-layout-9d6595d7 wp-block-columns-is-layout-flex\">\n<div class=\"wp-block-column is-layout-flow wp-block-column-is-layout-flow\" style=\"flex-basis:66.66%\">\n <div class=\"brlbs-cmpnt-container brlbs-cmpnt-content-blocker brlbs-cmpnt-with-individual-styles\" data-borlabs-cookie-content-blocker-id=\"google-maps\" data-borlabs-cookie-content=\"PGlmcmFtZSBzcmM9Imh0dHBzOi8vd3d3Lmdvb2dsZS5jb20vbWFwcy9kL2VtYmVkP21pZD0xZ2k3Y1ZTdlRRbUQwNExLMktGcjB6QXAyMi1IQ3R5YyZhbXA7ZWhiYz0yRTMxMkYiIHdpZHRoPSIxMDAlIiBoZWlnaHQ9IjQ1MCI+PC9pZnJhbWU+\"><div class=\"brlbs-cmpnt-cb-preset-b brlbs-cmpnt-cb-google-maps\"> <div class=\"brlbs-cmpnt-cb-thumbnail\" style=\"background-image: url('https:\/\/9staedte.de\/wp-content\/uploads\/borlabs-cookie\/1\/brlbs-cb-google-maps-main.png')\"><\/div> <div class=\"brlbs-cmpnt-cb-main\"> <div class=\"brlbs-cmpnt-cb-content\"> <p class=\"brlbs-cmpnt-cb-description\">Est\u00e1s viendo un contenido de marcador de posici\u00f3n de <strong>Google Maps<\/strong>. Para acceder al contenido real, haz clic en el siguiente bot\u00f3n. Ten en cuenta que al hacerlo compartir\u00e1s datos con terceros proveedores.<\/p> <a class=\"brlbs-cmpnt-cb-provider-toggle\" href=\"#\" data-borlabs-cookie-show-provider-information role=\"button\">M\u00e1s informaci\u00f3n<\/a> <\/div> <div class=\"brlbs-cmpnt-cb-buttons\"> <a class=\"brlbs-cmpnt-cb-btn\" href=\"#\" data-borlabs-cookie-unblock role=\"button\">Desbloquear contenido<\/a> <a class=\"brlbs-cmpnt-cb-btn\" href=\"#\" data-borlabs-cookie-accept-service role=\"button\" style=\"display: inherit\">Aceptar el servicio requerido y desbloquear el contenido<\/a> <\/div> <\/div> <\/div><\/div>\n<\/div>\n\n\n\n<div class=\"wp-block-column is-layout-flow wp-block-column-is-layout-flow\" style=\"flex-basis:33.33%\">\n<p><strong>Lugares de inter\u00e9s:<\/strong><\/p>\n\n\n\n<ul class=\"wp-block-list map-legend main-legend\">\n<li>Fuente de Till Eulenspiegel<\/li>\n\n\n\n<li>Antiguo Ayuntamiento <\/li>\n\n\n\n<li>Iglesia del Mercado de San Jacobi<\/li>\n\n\n\n<li>Casa Eicke  <\/li>\n\n\n\n<li>Cervecer\u00eda Einbecker<\/li>\n\n\n\n<li>PS.memoria  <\/li>\n\n\n\n<li>Calle Tiedexer<\/li>\n\n\n\n<li>Iglesia de San Alejandro<\/li>\n\n\n\n<li>Plano<\/li>\n<\/ul>\n<\/div>\n<\/div>\n\n\n\n<div style=\"height:60px\" aria-hidden=\"true\" class=\"wp-block-spacer\"><\/div>\n\n\n\n<div class=\"content-grid\">\n\n\n  \n  <div class=\"grid\">\n                        \n                    \n          <div class=\"featured-themen-single\">\n            <div class=\"featured-themen-single-inner\" style=\"background-image: url('https:\/\/9staedte.de\/wp-content\/smush-webp\/2023\/05\/Bierchen-vor-dem-Brodhaus-Einbeck-\u00a9Daniel-Li-Photography.jpg.webp')\">\n              \n              <a href=\"https:\/\/9staedte.de\/es\/einbeck-coches-clasicos-casas-con-entramado-de-madera-cerveza\/paquetes-en-einbeck\/\">\n                <span>Paquetes en Einbeck<\/span>\n              <\/a>\n            <\/div>\n          <\/div>\n    \n          \n                  \n                    \n          <div class=\"featured-themen-single\">\n            <div class=\"featured-themen-single-inner\" style=\"background-image: url('https:\/\/9staedte.de\/wp-content\/smush-webp\/2023\/05\/Fuehrung-durch-die-Stadt-\u00a9Daniel-Li-Photography.jpg.webp')\">\n              \n              <a href=\"https:\/\/9staedte.de\/es\/einbeck-coches-clasicos-casas-con-entramado-de-madera-cerveza\/visitas-urbanas-en-einbeck\/\">\n                <span>Visitas urbanas en Einbeck<\/span>\n              <\/a>\n            <\/div>\n          <\/div>\n    \n          \n                  \n                    \n          <div class=\"featured-themen-single\">\n            <div class=\"featured-themen-single-inner\" style=\"background-image: url('https:\/\/9staedte.de\/wp-content\/smush-webp\/2023\/07\/Einbecker-Blaudruck-\u00a9mehle-hundertmark-Fotografie-scaled.jpg.webp')\">\n              \n              <a href=\"https:\/\/9staedte.de\/es\/einbeck-coches-clasicos-casas-con-entramado-de-madera-cerveza\/ir-de-compras-y-salir-por-einbeck\/\">\n                <span>Ir de compras y salir por Einbeck<\/span>\n              <\/a>\n            <\/div>\n          <\/div>\n    \n          \n                  \n                    \n          <div class=\"featured-themen-single\">\n            <div class=\"featured-themen-single-inner\" style=\"background-image: url('https:\/\/9staedte.de\/wp-content\/smush-webp\/2023\/02\/Einbeck-PS.Speicher-Aussenansicht-cc0.jpg.webp')\">\n              \n              <a href=\"https:\/\/9staedte.de\/es\/einbeck-coches-clasicos-casas-con-entramado-de-madera-cerveza\/museos-y-exposiciones-en-einbeck\/\">\n                <span>Museos y exposiciones en Einbeck<\/span>\n              <\/a>\n            <\/div>\n          <\/div>\n    \n          \n                  \n                    \n          <div class=\"featured-themen-single\">\n            <div class=\"featured-themen-single-inner\" style=\"background-image: url('https:\/\/9staedte.de\/wp-content\/smush-webp\/2023\/07\/Einbeck-Eickesches-Haus-\u00a9Daniel-Li-Photography.jpg.webp')\">\n              \n              <a href=\"https:\/\/9staedte.de\/es\/einbeck-coches-clasicos-casas-con-entramado-de-madera-cerveza\/impresiones-desde-einbeck\/\">\n                <span>Impresiones desde Einbeck<\/span>\n              <\/a>\n            <\/div>\n          <\/div>\n    \n          \n                          \n        <\/div>\n<\/div>","protected":false},"excerpt":{"rendered":"<p>Una joya en medio de Alemania Justo en el centro: as\u00ed se podr\u00eda resumir con un vistazo al mapa de Alemania. Einbeck est\u00e1 id\u00edlicamente enclavada en ondulantes colinas en el coraz\u00f3n del campo, entre Weserbergland, Harz y Solling. Con m\u00e1s de 231 kil\u00f3metros cuadrados, Einbeck es la ciudad m\u00e1s grande del sur de Baja Sajonia. [&hellip;]<\/p>\n","protected":false},"author":1,"featured_media":17730,"parent":0,"menu_order":0,"comment_status":"closed","ping_status":"closed","template":"pagetemplates\/template-stadtseite.php","meta":{"_acf_changed":false,"footnotes":""},"categories":[],"tags":[],"ncap_cities_tax":[480],"class_list":["post-17927","page","type-page","status-publish","has-post-thumbnail","hentry","ncap_cities_tax-einbeck-es"],"acf":[],"yoast_head":"<!-- This site is optimized with the Yoast SEO plugin v27.4 - https:\/\/yoast.com\/product\/yoast-seo-wordpress\/ -->\n<title>Einbeck: coches cl\u00e1sicos, casas con entramado de madera, cerveza - 9 St\u00e4dte in Niedersachsen<\/title>\n<meta name=\"description\" content=\"Einbeck alberga numerosas casas de entramado de madera espl\u00e9ndidamente decoradas, la deliciosa cerveza Einbeck y la mayor colecci\u00f3n de coches cl\u00e1sicos de Europa en el PS.SPEICHER.\" \/>\n<meta name=\"robots\" content=\"index, follow, max-snippet:-1, max-image-preview:large, max-video-preview:-1\" \/>\n<link rel=\"canonical\" href=\"https:\/\/9staedte.de\/es\/einbeck-coches-clasicos-casas-con-entramado-de-madera-cerveza\/\" \/>\n<meta property=\"og:locale\" content=\"es_ES\" \/>\n<meta property=\"og:type\" content=\"article\" \/>\n<meta property=\"og:title\" content=\"Einbeck: coches cl\u00e1sicos, casas con entramado de madera, cerveza - 9 St\u00e4dte in Niedersachsen\" \/>\n<meta property=\"og:description\" content=\"Einbeck alberga numerosas casas de entramado de madera espl\u00e9ndidamente decoradas, la deliciosa cerveza Einbeck y la mayor colecci\u00f3n de coches cl\u00e1sicos de Europa en el PS.SPEICHER.\" \/>\n<meta property=\"og:url\" content=\"https:\/\/9staedte.de\/es\/einbeck-coches-clasicos-casas-con-entramado-de-madera-cerveza\/\" \/>\n<meta property=\"og:site_name\" content=\"9 St\u00e4dte in Niedersachsen\" \/>\n<meta property=\"article:modified_time\" content=\"2025-05-21T12:14:21+00:00\" \/>\n<meta property=\"og:image\" content=\"https:\/\/9staedte.de\/wp-content\/uploads\/2023\/06\/Einbeck-Eickesches-Haus-2-c-Daniel-Li-Photography.jpg\" \/>\n\t<meta property=\"og:image:width\" content=\"1020\" \/>\n\t<meta property=\"og:image:height\" content=\"561\" \/>\n\t<meta property=\"og:image:type\" content=\"image\/jpeg\" \/>\n<meta name=\"twitter:card\" content=\"summary_large_image\" \/>\n<meta name=\"twitter:label1\" content=\"Tiempo de lectura\" \/>\n\t<meta name=\"twitter:data1\" content=\"2 minutos\" \/>\n<script type=\"application\/ld+json\" class=\"yoast-schema-graph\">{\"@context\":\"https:\\\/\\\/schema.org\",\"@graph\":[{\"@type\":\"WebPage\",\"@id\":\"https:\\\/\\\/9staedte.de\\\/es\\\/einbeck-coches-clasicos-casas-con-entramado-de-madera-cerveza\\\/\",\"url\":\"https:\\\/\\\/9staedte.de\\\/es\\\/einbeck-coches-clasicos-casas-con-entramado-de-madera-cerveza\\\/\",\"name\":\"Einbeck: coches cl\u00e1sicos, casas con entramado de madera, cerveza - 9 St\u00e4dte in Niedersachsen\",\"isPartOf\":{\"@id\":\"https:\\\/\\\/9staedte.de\\\/es\\\/#website\"},\"primaryImageOfPage\":{\"@id\":\"https:\\\/\\\/9staedte.de\\\/es\\\/einbeck-coches-clasicos-casas-con-entramado-de-madera-cerveza\\\/#primaryimage\"},\"image\":{\"@id\":\"https:\\\/\\\/9staedte.de\\\/es\\\/einbeck-coches-clasicos-casas-con-entramado-de-madera-cerveza\\\/#primaryimage\"},\"thumbnailUrl\":\"https:\\\/\\\/9staedte.de\\\/wp-content\\\/uploads\\\/2023\\\/02\\\/Einbeck-PS.Speicher-Aussenansicht-cc0.jpg\",\"datePublished\":\"2023-11-02T08:52:47+00:00\",\"dateModified\":\"2025-05-21T12:14:21+00:00\",\"description\":\"Einbeck alberga numerosas casas de entramado de madera espl\u00e9ndidamente decoradas, la deliciosa cerveza Einbeck y la mayor colecci\u00f3n de coches cl\u00e1sicos de Europa en el PS.SPEICHER.\",\"breadcrumb\":{\"@id\":\"https:\\\/\\\/9staedte.de\\\/es\\\/einbeck-coches-clasicos-casas-con-entramado-de-madera-cerveza\\\/#breadcrumb\"},\"inLanguage\":\"es\",\"potentialAction\":[{\"@type\":\"ReadAction\",\"target\":[\"https:\\\/\\\/9staedte.de\\\/es\\\/einbeck-coches-clasicos-casas-con-entramado-de-madera-cerveza\\\/\"]}]},{\"@type\":\"ImageObject\",\"inLanguage\":\"es\",\"@id\":\"https:\\\/\\\/9staedte.de\\\/es\\\/einbeck-coches-clasicos-casas-con-entramado-de-madera-cerveza\\\/#primaryimage\",\"url\":\"https:\\\/\\\/9staedte.de\\\/wp-content\\\/uploads\\\/2023\\\/02\\\/Einbeck-PS.Speicher-Aussenansicht-cc0.jpg\",\"contentUrl\":\"https:\\\/\\\/9staedte.de\\\/wp-content\\\/uploads\\\/2023\\\/02\\\/Einbeck-PS.Speicher-Aussenansicht-cc0.jpg\",\"width\":1020,\"height\":560,\"caption\":\"Einbeck PS.Speicher Au\u00dfenansicht cc0\"},{\"@type\":\"BreadcrumbList\",\"@id\":\"https:\\\/\\\/9staedte.de\\\/es\\\/einbeck-coches-clasicos-casas-con-entramado-de-madera-cerveza\\\/#breadcrumb\",\"itemListElement\":[{\"@type\":\"ListItem\",\"position\":1,\"name\":\"Startseite\",\"item\":\"https:\\\/\\\/9staedte.de\\\/es\\\/\"},{\"@type\":\"ListItem\",\"position\":2,\"name\":\"Einbeck: coches cl\u00e1sicos, casas con entramado de madera, cerveza\"}]},{\"@type\":\"WebSite\",\"@id\":\"https:\\\/\\\/9staedte.de\\\/es\\\/#website\",\"url\":\"https:\\\/\\\/9staedte.de\\\/es\\\/\",\"name\":\"9 St\u00e4dte in Niedersachsen\",\"description\":\"\",\"publisher\":{\"@id\":\"https:\\\/\\\/9staedte.de\\\/es\\\/#organization\"},\"potentialAction\":[{\"@type\":\"SearchAction\",\"target\":{\"@type\":\"EntryPoint\",\"urlTemplate\":\"https:\\\/\\\/9staedte.de\\\/es\\\/?s={search_term_string}\"},\"query-input\":{\"@type\":\"PropertyValueSpecification\",\"valueRequired\":true,\"valueName\":\"search_term_string\"}}],\"inLanguage\":\"es\"},{\"@type\":\"Organization\",\"@id\":\"https:\\\/\\\/9staedte.de\\\/es\\\/#organization\",\"name\":\"9 St\u00e4dte in Niedersachsen\",\"url\":\"https:\\\/\\\/9staedte.de\\\/es\\\/\",\"logo\":{\"@type\":\"ImageObject\",\"inLanguage\":\"es\",\"@id\":\"https:\\\/\\\/9staedte.de\\\/es\\\/#\\\/schema\\\/logo\\\/image\\\/\",\"url\":\"https:\\\/\\\/9staedte.de\\\/wp-content\\\/uploads\\\/2025\\\/01\\\/9-neg-deutsch-2-1.png\",\"contentUrl\":\"https:\\\/\\\/9staedte.de\\\/wp-content\\\/uploads\\\/2025\\\/01\\\/9-neg-deutsch-2-1.png\",\"width\":190,\"height\":114,\"caption\":\"9 St\u00e4dte in Niedersachsen\"},\"image\":{\"@id\":\"https:\\\/\\\/9staedte.de\\\/es\\\/#\\\/schema\\\/logo\\\/image\\\/\"}}]}<\/script>\n<!-- \/ Yoast SEO plugin. -->","yoast_head_json":{"title":"Einbeck: coches cl\u00e1sicos, casas con entramado de madera, cerveza - 9 St\u00e4dte in Niedersachsen","description":"Einbeck alberga numerosas casas de entramado de madera espl\u00e9ndidamente decoradas, la deliciosa cerveza Einbeck y la mayor colecci\u00f3n de coches cl\u00e1sicos de Europa en el PS.SPEICHER.","robots":{"index":"index","follow":"follow","max-snippet":"max-snippet:-1","max-image-preview":"max-image-preview:large","max-video-preview":"max-video-preview:-1"},"canonical":"https:\/\/9staedte.de\/es\/einbeck-coches-clasicos-casas-con-entramado-de-madera-cerveza\/","og_locale":"es_ES","og_type":"article","og_title":"Einbeck: coches cl\u00e1sicos, casas con entramado de madera, cerveza - 9 St\u00e4dte in Niedersachsen","og_description":"Einbeck alberga numerosas casas de entramado de madera espl\u00e9ndidamente decoradas, la deliciosa cerveza Einbeck y la mayor colecci\u00f3n de coches cl\u00e1sicos de Europa en el PS.SPEICHER.","og_url":"https:\/\/9staedte.de\/es\/einbeck-coches-clasicos-casas-con-entramado-de-madera-cerveza\/","og_site_name":"9 St\u00e4dte in Niedersachsen","article_modified_time":"2025-05-21T12:14:21+00:00","og_image":[{"width":1020,"height":561,"url":"https:\/\/9staedte.de\/wp-content\/uploads\/2023\/06\/Einbeck-Eickesches-Haus-2-c-Daniel-Li-Photography.jpg","type":"image\/jpeg"}],"twitter_card":"summary_large_image","twitter_misc":{"Tiempo de lectura":"2 minutos"},"schema":{"@context":"https:\/\/schema.org","@graph":[{"@type":"WebPage","@id":"https:\/\/9staedte.de\/es\/einbeck-coches-clasicos-casas-con-entramado-de-madera-cerveza\/","url":"https:\/\/9staedte.de\/es\/einbeck-coches-clasicos-casas-con-entramado-de-madera-cerveza\/","name":"Einbeck: coches cl\u00e1sicos, casas con entramado de madera, cerveza - 9 St\u00e4dte in Niedersachsen","isPartOf":{"@id":"https:\/\/9staedte.de\/es\/#website"},"primaryImageOfPage":{"@id":"https:\/\/9staedte.de\/es\/einbeck-coches-clasicos-casas-con-entramado-de-madera-cerveza\/#primaryimage"},"image":{"@id":"https:\/\/9staedte.de\/es\/einbeck-coches-clasicos-casas-con-entramado-de-madera-cerveza\/#primaryimage"},"thumbnailUrl":"https:\/\/9staedte.de\/wp-content\/uploads\/2023\/02\/Einbeck-PS.Speicher-Aussenansicht-cc0.jpg","datePublished":"2023-11-02T08:52:47+00:00","dateModified":"2025-05-21T12:14:21+00:00","description":"Einbeck alberga numerosas casas de entramado de madera espl\u00e9ndidamente decoradas, la deliciosa cerveza Einbeck y la mayor colecci\u00f3n de coches cl\u00e1sicos de Europa en el PS.SPEICHER.","breadcrumb":{"@id":"https:\/\/9staedte.de\/es\/einbeck-coches-clasicos-casas-con-entramado-de-madera-cerveza\/#breadcrumb"},"inLanguage":"es","potentialAction":[{"@type":"ReadAction","target":["https:\/\/9staedte.de\/es\/einbeck-coches-clasicos-casas-con-entramado-de-madera-cerveza\/"]}]},{"@type":"ImageObject","inLanguage":"es","@id":"https:\/\/9staedte.de\/es\/einbeck-coches-clasicos-casas-con-entramado-de-madera-cerveza\/#primaryimage","url":"https:\/\/9staedte.de\/wp-content\/uploads\/2023\/02\/Einbeck-PS.Speicher-Aussenansicht-cc0.jpg","contentUrl":"https:\/\/9staedte.de\/wp-content\/uploads\/2023\/02\/Einbeck-PS.Speicher-Aussenansicht-cc0.jpg","width":1020,"height":560,"caption":"Einbeck PS.Speicher Au\u00dfenansicht cc0"},{"@type":"BreadcrumbList","@id":"https:\/\/9staedte.de\/es\/einbeck-coches-clasicos-casas-con-entramado-de-madera-cerveza\/#breadcrumb","itemListElement":[{"@type":"ListItem","position":1,"name":"Startseite","item":"https:\/\/9staedte.de\/es\/"},{"@type":"ListItem","position":2,"name":"Einbeck: coches cl\u00e1sicos, casas con entramado de madera, cerveza"}]},{"@type":"WebSite","@id":"https:\/\/9staedte.de\/es\/#website","url":"https:\/\/9staedte.de\/es\/","name":"9 St\u00e4dte in Niedersachsen","description":"","publisher":{"@id":"https:\/\/9staedte.de\/es\/#organization"},"potentialAction":[{"@type":"SearchAction","target":{"@type":"EntryPoint","urlTemplate":"https:\/\/9staedte.de\/es\/?s={search_term_string}"},"query-input":{"@type":"PropertyValueSpecification","valueRequired":true,"valueName":"search_term_string"}}],"inLanguage":"es"},{"@type":"Organization","@id":"https:\/\/9staedte.de\/es\/#organization","name":"9 St\u00e4dte in Niedersachsen","url":"https:\/\/9staedte.de\/es\/","logo":{"@type":"ImageObject","inLanguage":"es","@id":"https:\/\/9staedte.de\/es\/#\/schema\/logo\/image\/","url":"https:\/\/9staedte.de\/wp-content\/uploads\/2025\/01\/9-neg-deutsch-2-1.png","contentUrl":"https:\/\/9staedte.de\/wp-content\/uploads\/2025\/01\/9-neg-deutsch-2-1.png","width":190,"height":114,"caption":"9 St\u00e4dte in Niedersachsen"},"image":{"@id":"https:\/\/9staedte.de\/es\/#\/schema\/logo\/image\/"}}]}},"_links":{"self":[{"href":"https:\/\/9staedte.de\/es\/wp-json\/wp\/v2\/pages\/17927","targetHints":{"allow":["GET"]}}],"collection":[{"href":"https:\/\/9staedte.de\/es\/wp-json\/wp\/v2\/pages"}],"about":[{"href":"https:\/\/9staedte.de\/es\/wp-json\/wp\/v2\/types\/page"}],"author":[{"embeddable":true,"href":"https:\/\/9staedte.de\/es\/wp-json\/wp\/v2\/users\/1"}],"replies":[{"embeddable":true,"href":"https:\/\/9staedte.de\/es\/wp-json\/wp\/v2\/comments?post=17927"}],"version-history":[{"count":4,"href":"https:\/\/9staedte.de\/es\/wp-json\/wp\/v2\/pages\/17927\/revisions"}],"predecessor-version":[{"id":26268,"href":"https:\/\/9staedte.de\/es\/wp-json\/wp\/v2\/pages\/17927\/revisions\/26268"}],"wp:featuredmedia":[{"embeddable":true,"href":"https:\/\/9staedte.de\/es\/wp-json\/wp\/v2\/media\/17730"}],"wp:attachment":[{"href":"https:\/\/9staedte.de\/es\/wp-json\/wp\/v2\/media?parent=17927"}],"wp:term":[{"taxonomy":"category","embeddable":true,"href":"https:\/\/9staedte.de\/es\/wp-json\/wp\/v2\/categories?post=17927"},{"taxonomy":"post_tag","embeddable":true,"href":"https:\/\/9staedte.de\/es\/wp-json\/wp\/v2\/tags?post=17927"},{"taxonomy":"ncap_cities_tax","embeddable":true,"href":"https:\/\/9staedte.de\/es\/wp-json\/wp\/v2\/ncap_cities_tax?post=17927"}],"curies":[{"name":"wp","href":"https:\/\/api.w.org\/{rel}","templated":true}]}}