{"id":17911,"date":"2023-11-02T09:52:03","date_gmt":"2023-11-02T08:52:03","guid":{"rendered":"https:\/\/9staedte.de\/aeropuerto-de-hannover-puerta-de-entrada-a-las-9-ciudades\/"},"modified":"2023-11-02T09:52:03","modified_gmt":"2023-11-02T08:52:03","slug":"aeropuerto-de-hannover-puerta-de-entrada-a-las-9-ciudades","status":"publish","type":"page","link":"https:\/\/9staedte.de\/es\/aeropuerto-de-hannover-puerta-de-entrada-a-las-9-ciudades\/","title":{"rendered":"Aeropuerto de Hannover: puerta de entrada a las 9 ciudades"},"content":{"rendered":"\n<h2 class=\"wp-block-heading\">Aeropuerto de Hannover &#8211; socio de las 9 ciudades de Baja Sajonia<\/h2>\n\n\n\n<p>El aeropuerto de Hannover es el aeropuerto central del norte de Alemania y la puerta de entrada a las \u00ab9 ciudades de Baja Sajonia\u00bb.<\/p>\n\n\n\n<p>El aeropuerto de Hannover es literalmente la primera direcci\u00f3n para muchos visitantes de las 9 ciudades de Baja Sajonia. Con su propia conexi\u00f3n a los importantes ejes principales de tr\u00e1fico A2 y A7, el aeropuerto de Hannover es el punto de partida \u00f3ptimo para seguir viaje. La l\u00ednea de S-Bahn S5 \u00abHannover Airport Line\u00bb tambi\u00e9n le lleva directamente desde la Terminal C a la estaci\u00f3n central de ferrocarril de la capital del estado, Hannover, y por tanto a las amplias conexiones ferroviarias. Las 9 ciudades son f\u00e1cilmente accesibles en tren desde el aeropuerto en 30 a 110 minutos.<\/p>\n\n\n\n<p><a href=\"http:\/\/www.hannover-airport.de\/\" target=\"_blank\" rel=\"noreferrer noopener\">hannover-airport.de<\/a><\/p>\n\n\n\n\n<div class=\"banner-wrapper\">\n  <div class=\"banner-inner \">\n      <div class=\"img-container\">\n      <div class=\"img-wrapper\">\n        <img decoding=\"async\" src=\"https:\/\/9staedte.de\/wp-content\/smush-webp\/2023\/08\/131014_mkp_haj_989.jpg.webp\" alt=\"\" \/>\n                  <div class=\"thumbnail-label\">\n            <span>Reisendes P\u00e4rchen im Wartebereich c) Hannover Airport Kruzszewski<\/span>\n          <\/div>\n              <\/div>\n    <\/div>\n        <div class=\"text-container\">\n      <div class=\"content\">\n        <p><strong>Besondere Tipps<\/strong><\/p>\n<ul>\n<li>Nur 150 Meter vom Eingang bis zum Boarding \u2013 Einfach fliegen<\/li>\n<li>Direkter S-Bahn-Anschluss von Terminal C zum Hauptbahnhof<\/li>\n<li>Flughafenf\u00fchrungen<\/li>\n<li>Diverse Veranstaltungsm\u00f6glichkeiten \u2013 z.B. Tagungen inklusive Flughafenflair!<\/li>\n<li>Erlebniswelt mit Dauerausstellung \u201eWelt der Luftfahrt\u201c, Kid\u2018s Airport, Flugsimulatoren und 360\u00b0-Aussichtsterrasse mit Blick aus Vorfeld<\/li>\n<li>Action, Fitness und Entspannung mit VR-Xperiences<\/li>\n<li>Fliegen wie ein Vogel \u2013 mit dem VR-Simulator Birdly<\/li>\n<\/ul>\n      <\/div>\n    <\/div>\n    <\/div>\n<\/div>\n\n\n\n\n<h2 class=\"wp-block-heading\"><strong>Aeropuerto de Hannover (HAJ)<\/strong><\/h2>\n\n\n\n <div class=\"brlbs-cmpnt-container brlbs-cmpnt-content-blocker brlbs-cmpnt-with-individual-styles\" data-borlabs-cookie-content-blocker-id=\"google-maps\" data-borlabs-cookie-content=\"PGlmcmFtZSBzcmM9Imh0dHBzOi8vd3d3Lmdvb2dsZS5jb20vbWFwcy9lbWJlZD9wYj0hMW0xOCExbTEyITFtMyExZDI0MzEuMDAyMzM1OTAzNzI5NSEyZDkuNjk1NTMzNDcwMDg4MDU1ITNkNTIuNDYwOTg1MTMzMDUxOTM1ITJtMyExZjAhMmYwITNmMCEzbTIhMWkxMDI0ITJpNzY4ITRmMTMuMSEzbTMhMW0yITFzMHg0N2IwNzIxNzUwOTA1NmIxJTNBMHhlNDQzNGI4NDRjNzNkMGU1ITJzRmx1Z2hhZmVuJTIwSGFubm92ZXIlMjAoSEFKKSE1ZTAhM20yITFzZGUhMnNkZSE0djE2OTIxNzQ2MDE1MzQhNW0yITFzZGUhMnNkZSIgd2lkdGg9IjYwMCIgaGVpZ2h0PSI0NTAiIHN0eWxlPSJib3JkZXI6MDsiIGFsbG93ZnVsbHNjcmVlbj0iIiBsb2FkaW5nPSJsYXp5IiByZWZlcnJlcnBvbGljeT0ibm8tcmVmZXJyZXItd2hlbi1kb3duZ3JhZGUiPjwvaWZyYW1lPg==\"><div class=\"brlbs-cmpnt-cb-preset-b brlbs-cmpnt-cb-google-maps\"> <div class=\"brlbs-cmpnt-cb-thumbnail\" style=\"background-image: url('https:\/\/9staedte.de\/wp-content\/uploads\/borlabs-cookie\/1\/brlbs-cb-google-maps-main.png')\"><\/div> <div class=\"brlbs-cmpnt-cb-main\"> <div class=\"brlbs-cmpnt-cb-content\"> <p class=\"brlbs-cmpnt-cb-description\">Est\u00e1s viendo un contenido de marcador de posici\u00f3n de <strong>Google Maps<\/strong>. Para acceder al contenido real, haz clic en el siguiente bot\u00f3n. Ten en cuenta que al hacerlo compartir\u00e1s datos con terceros proveedores.<\/p> <a class=\"brlbs-cmpnt-cb-provider-toggle\" href=\"#\" data-borlabs-cookie-show-provider-information role=\"button\">M\u00e1s informaci\u00f3n<\/a> <\/div> <div class=\"brlbs-cmpnt-cb-buttons\"> <a class=\"brlbs-cmpnt-cb-btn\" href=\"#\" data-borlabs-cookie-unblock role=\"button\">Desbloquear contenido<\/a> <a class=\"brlbs-cmpnt-cb-btn\" href=\"#\" data-borlabs-cookie-accept-service role=\"button\" style=\"display: inherit\">Aceptar el servicio requerido y desbloquear el contenido<\/a> <\/div> <\/div> <\/div><\/div>\n\n\n\n<div style=\"height:38px\" aria-hidden=\"true\" class=\"wp-block-spacer\"><\/div>\n","protected":false},"excerpt":{"rendered":"<p>Aeropuerto de Hannover &#8211; socio de las 9 ciudades de Baja Sajonia El aeropuerto de Hannover es el aeropuerto central del norte de Alemania y la puerta de entrada a las \u00ab9 ciudades de Baja Sajonia\u00bb. El aeropuerto de Hannover es literalmente la primera direcci\u00f3n para muchos visitantes de las 9 ciudades de Baja Sajonia. [&hellip;]<\/p>\n","protected":false},"author":1,"featured_media":17914,"parent":0,"menu_order":0,"comment_status":"closed","ping_status":"closed","template":"","meta":{"_acf_changed":false,"footnotes":""},"categories":[],"tags":[],"ncap_cities_tax":[],"class_list":["post-17911","page","type-page","status-publish","has-post-thumbnail","hentry"],"acf":[],"yoast_head":"<!-- This site is optimized with the Yoast SEO plugin v26.8 - https:\/\/yoast.com\/product\/yoast-seo-wordpress\/ -->\n<title>Aeropuerto de Hannover: puerta de entrada a las 9 ciudades - 9 St\u00e4dte in Niedersachsen<\/title>\n<meta name=\"description\" content=\"Aeropuerto de Hannover: gracias a su proximidad a las autopistas A7 y A2 y a la conexi\u00f3n con el S-Bahn (tren de cercan\u00edas), el aeropuerto es el punto de partida ideal para seguir viaje. a las 9 ciudades\" \/>\n<meta name=\"robots\" content=\"index, follow, max-snippet:-1, max-image-preview:large, max-video-preview:-1\" \/>\n<link rel=\"canonical\" href=\"https:\/\/9staedte.de\/es\/aeropuerto-de-hannover-puerta-de-entrada-a-las-9-ciudades\/\" \/>\n<meta property=\"og:locale\" content=\"es_ES\" \/>\n<meta property=\"og:type\" content=\"article\" \/>\n<meta property=\"og:title\" content=\"Aeropuerto de Hannover: puerta de entrada a las 9 ciudades - 9 St\u00e4dte in Niedersachsen\" \/>\n<meta property=\"og:description\" content=\"Aeropuerto de Hannover: gracias a su proximidad a las autopistas A7 y A2 y a la conexi\u00f3n con el S-Bahn (tren de cercan\u00edas), el aeropuerto es el punto de partida ideal para seguir viaje. a las 9 ciudades\" \/>\n<meta property=\"og:url\" content=\"https:\/\/9staedte.de\/es\/aeropuerto-de-hannover-puerta-de-entrada-a-las-9-ciudades\/\" \/>\n<meta property=\"og:site_name\" content=\"9 St\u00e4dte in Niedersachsen\" \/>\n<meta property=\"og:image\" content=\"https:\/\/9staedte.de\/wp-content\/uploads\/2023\/08\/Hannover-Airport-c-Michael-Thomas.jpg\" \/>\n\t<meta property=\"og:image:width\" content=\"1020\" \/>\n\t<meta property=\"og:image:height\" content=\"560\" \/>\n\t<meta property=\"og:image:type\" content=\"image\/jpeg\" \/>\n<meta name=\"twitter:card\" content=\"summary_large_image\" \/>\n<meta name=\"twitter:label1\" content=\"Tiempo de lectura\" \/>\n\t<meta name=\"twitter:data1\" content=\"1 minuto\" \/>\n<script type=\"application\/ld+json\" class=\"yoast-schema-graph\">{\"@context\":\"https:\/\/schema.org\",\"@graph\":[{\"@type\":\"WebPage\",\"@id\":\"https:\/\/9staedte.de\/es\/aeropuerto-de-hannover-puerta-de-entrada-a-las-9-ciudades\/\",\"url\":\"https:\/\/9staedte.de\/es\/aeropuerto-de-hannover-puerta-de-entrada-a-las-9-ciudades\/\",\"name\":\"Aeropuerto de Hannover: puerta de entrada a las 9 ciudades - 9 St\u00e4dte in Niedersachsen\",\"isPartOf\":{\"@id\":\"https:\/\/9staedte.de\/es\/#website\"},\"primaryImageOfPage\":{\"@id\":\"https:\/\/9staedte.de\/es\/aeropuerto-de-hannover-puerta-de-entrada-a-las-9-ciudades\/#primaryimage\"},\"image\":{\"@id\":\"https:\/\/9staedte.de\/es\/aeropuerto-de-hannover-puerta-de-entrada-a-las-9-ciudades\/#primaryimage\"},\"thumbnailUrl\":\"https:\/\/9staedte.de\/wp-content\/uploads\/2023\/08\/Hannover-Airport-c-Michael-Thomas.jpg\",\"datePublished\":\"2023-11-02T08:52:03+00:00\",\"description\":\"Aeropuerto de Hannover: gracias a su proximidad a las autopistas A7 y A2 y a la conexi\u00f3n con el S-Bahn (tren de cercan\u00edas), el aeropuerto es el punto de partida ideal para seguir viaje. a las 9 ciudades\",\"breadcrumb\":{\"@id\":\"https:\/\/9staedte.de\/es\/aeropuerto-de-hannover-puerta-de-entrada-a-las-9-ciudades\/#breadcrumb\"},\"inLanguage\":\"es\",\"potentialAction\":[{\"@type\":\"ReadAction\",\"target\":[\"https:\/\/9staedte.de\/es\/aeropuerto-de-hannover-puerta-de-entrada-a-las-9-ciudades\/\"]}]},{\"@type\":\"ImageObject\",\"inLanguage\":\"es\",\"@id\":\"https:\/\/9staedte.de\/es\/aeropuerto-de-hannover-puerta-de-entrada-a-las-9-ciudades\/#primaryimage\",\"url\":\"https:\/\/9staedte.de\/wp-content\/uploads\/2023\/08\/Hannover-Airport-c-Michael-Thomas.jpg\",\"contentUrl\":\"https:\/\/9staedte.de\/wp-content\/uploads\/2023\/08\/Hannover-Airport-c-Michael-Thomas.jpg\",\"width\":1020,\"height\":560,\"caption\":\"Hannover Airport Luftbild Foto: Michael Thomas\"},{\"@type\":\"BreadcrumbList\",\"@id\":\"https:\/\/9staedte.de\/es\/aeropuerto-de-hannover-puerta-de-entrada-a-las-9-ciudades\/#breadcrumb\",\"itemListElement\":[{\"@type\":\"ListItem\",\"position\":1,\"name\":\"Startseite\",\"item\":\"https:\/\/9staedte.de\/es\/\"},{\"@type\":\"ListItem\",\"position\":2,\"name\":\"Aeropuerto de Hannover: puerta de entrada a las 9 ciudades\"}]},{\"@type\":\"WebSite\",\"@id\":\"https:\/\/9staedte.de\/es\/#website\",\"url\":\"https:\/\/9staedte.de\/es\/\",\"name\":\"9 St\u00e4dte in Niedersachsen\",\"description\":\"\",\"publisher\":{\"@id\":\"https:\/\/9staedte.de\/es\/#organization\"},\"potentialAction\":[{\"@type\":\"SearchAction\",\"target\":{\"@type\":\"EntryPoint\",\"urlTemplate\":\"https:\/\/9staedte.de\/es\/?s={search_term_string}\"},\"query-input\":{\"@type\":\"PropertyValueSpecification\",\"valueRequired\":true,\"valueName\":\"search_term_string\"}}],\"inLanguage\":\"es\"},{\"@type\":\"Organization\",\"@id\":\"https:\/\/9staedte.de\/es\/#organization\",\"name\":\"9 St\u00e4dte in Niedersachsen\",\"url\":\"https:\/\/9staedte.de\/es\/\",\"logo\":{\"@type\":\"ImageObject\",\"inLanguage\":\"es\",\"@id\":\"https:\/\/9staedte.de\/es\/#\/schema\/logo\/image\/\",\"url\":\"https:\/\/9staedte.de\/wp-content\/uploads\/2025\/01\/9-neg-deutsch-2-1.png\",\"contentUrl\":\"https:\/\/9staedte.de\/wp-content\/uploads\/2025\/01\/9-neg-deutsch-2-1.png\",\"width\":190,\"height\":114,\"caption\":\"9 St\u00e4dte in Niedersachsen\"},\"image\":{\"@id\":\"https:\/\/9staedte.de\/es\/#\/schema\/logo\/image\/\"}}]}<\/script>\n<!-- \/ Yoast SEO plugin. -->","yoast_head_json":{"title":"Aeropuerto de Hannover: puerta de entrada a las 9 ciudades - 9 St\u00e4dte in Niedersachsen","description":"Aeropuerto de Hannover: gracias a su proximidad a las autopistas A7 y A2 y a la conexi\u00f3n con el S-Bahn (tren de cercan\u00edas), el aeropuerto es el punto de partida ideal para seguir viaje. a las 9 ciudades","robots":{"index":"index","follow":"follow","max-snippet":"max-snippet:-1","max-image-preview":"max-image-preview:large","max-video-preview":"max-video-preview:-1"},"canonical":"https:\/\/9staedte.de\/es\/aeropuerto-de-hannover-puerta-de-entrada-a-las-9-ciudades\/","og_locale":"es_ES","og_type":"article","og_title":"Aeropuerto de Hannover: puerta de entrada a las 9 ciudades - 9 St\u00e4dte in Niedersachsen","og_description":"Aeropuerto de Hannover: gracias a su proximidad a las autopistas A7 y A2 y a la conexi\u00f3n con el S-Bahn (tren de cercan\u00edas), el aeropuerto es el punto de partida ideal para seguir viaje. a las 9 ciudades","og_url":"https:\/\/9staedte.de\/es\/aeropuerto-de-hannover-puerta-de-entrada-a-las-9-ciudades\/","og_site_name":"9 St\u00e4dte in Niedersachsen","og_image":[{"width":1020,"height":560,"url":"https:\/\/9staedte.de\/wp-content\/uploads\/2023\/08\/Hannover-Airport-c-Michael-Thomas.jpg","type":"image\/jpeg"}],"twitter_card":"summary_large_image","twitter_misc":{"Tiempo de lectura":"1 minuto"},"schema":{"@context":"https:\/\/schema.org","@graph":[{"@type":"WebPage","@id":"https:\/\/9staedte.de\/es\/aeropuerto-de-hannover-puerta-de-entrada-a-las-9-ciudades\/","url":"https:\/\/9staedte.de\/es\/aeropuerto-de-hannover-puerta-de-entrada-a-las-9-ciudades\/","name":"Aeropuerto de Hannover: puerta de entrada a las 9 ciudades - 9 St\u00e4dte in Niedersachsen","isPartOf":{"@id":"https:\/\/9staedte.de\/es\/#website"},"primaryImageOfPage":{"@id":"https:\/\/9staedte.de\/es\/aeropuerto-de-hannover-puerta-de-entrada-a-las-9-ciudades\/#primaryimage"},"image":{"@id":"https:\/\/9staedte.de\/es\/aeropuerto-de-hannover-puerta-de-entrada-a-las-9-ciudades\/#primaryimage"},"thumbnailUrl":"https:\/\/9staedte.de\/wp-content\/uploads\/2023\/08\/Hannover-Airport-c-Michael-Thomas.jpg","datePublished":"2023-11-02T08:52:03+00:00","description":"Aeropuerto de Hannover: gracias a su proximidad a las autopistas A7 y A2 y a la conexi\u00f3n con el S-Bahn (tren de cercan\u00edas), el aeropuerto es el punto de partida ideal para seguir viaje. a las 9 ciudades","breadcrumb":{"@id":"https:\/\/9staedte.de\/es\/aeropuerto-de-hannover-puerta-de-entrada-a-las-9-ciudades\/#breadcrumb"},"inLanguage":"es","potentialAction":[{"@type":"ReadAction","target":["https:\/\/9staedte.de\/es\/aeropuerto-de-hannover-puerta-de-entrada-a-las-9-ciudades\/"]}]},{"@type":"ImageObject","inLanguage":"es","@id":"https:\/\/9staedte.de\/es\/aeropuerto-de-hannover-puerta-de-entrada-a-las-9-ciudades\/#primaryimage","url":"https:\/\/9staedte.de\/wp-content\/uploads\/2023\/08\/Hannover-Airport-c-Michael-Thomas.jpg","contentUrl":"https:\/\/9staedte.de\/wp-content\/uploads\/2023\/08\/Hannover-Airport-c-Michael-Thomas.jpg","width":1020,"height":560,"caption":"Hannover Airport Luftbild Foto: Michael Thomas"},{"@type":"BreadcrumbList","@id":"https:\/\/9staedte.de\/es\/aeropuerto-de-hannover-puerta-de-entrada-a-las-9-ciudades\/#breadcrumb","itemListElement":[{"@type":"ListItem","position":1,"name":"Startseite","item":"https:\/\/9staedte.de\/es\/"},{"@type":"ListItem","position":2,"name":"Aeropuerto de Hannover: puerta de entrada a las 9 ciudades"}]},{"@type":"WebSite","@id":"https:\/\/9staedte.de\/es\/#website","url":"https:\/\/9staedte.de\/es\/","name":"9 St\u00e4dte in Niedersachsen","description":"","publisher":{"@id":"https:\/\/9staedte.de\/es\/#organization"},"potentialAction":[{"@type":"SearchAction","target":{"@type":"EntryPoint","urlTemplate":"https:\/\/9staedte.de\/es\/?s={search_term_string}"},"query-input":{"@type":"PropertyValueSpecification","valueRequired":true,"valueName":"search_term_string"}}],"inLanguage":"es"},{"@type":"Organization","@id":"https:\/\/9staedte.de\/es\/#organization","name":"9 St\u00e4dte in Niedersachsen","url":"https:\/\/9staedte.de\/es\/","logo":{"@type":"ImageObject","inLanguage":"es","@id":"https:\/\/9staedte.de\/es\/#\/schema\/logo\/image\/","url":"https:\/\/9staedte.de\/wp-content\/uploads\/2025\/01\/9-neg-deutsch-2-1.png","contentUrl":"https:\/\/9staedte.de\/wp-content\/uploads\/2025\/01\/9-neg-deutsch-2-1.png","width":190,"height":114,"caption":"9 St\u00e4dte in Niedersachsen"},"image":{"@id":"https:\/\/9staedte.de\/es\/#\/schema\/logo\/image\/"}}]}},"_links":{"self":[{"href":"https:\/\/9staedte.de\/es\/wp-json\/wp\/v2\/pages\/17911","targetHints":{"allow":["GET"]}}],"collection":[{"href":"https:\/\/9staedte.de\/es\/wp-json\/wp\/v2\/pages"}],"about":[{"href":"https:\/\/9staedte.de\/es\/wp-json\/wp\/v2\/types\/page"}],"author":[{"embeddable":true,"href":"https:\/\/9staedte.de\/es\/wp-json\/wp\/v2\/users\/1"}],"replies":[{"embeddable":true,"href":"https:\/\/9staedte.de\/es\/wp-json\/wp\/v2\/comments?post=17911"}],"version-history":[{"count":0,"href":"https:\/\/9staedte.de\/es\/wp-json\/wp\/v2\/pages\/17911\/revisions"}],"wp:featuredmedia":[{"embeddable":true,"href":"https:\/\/9staedte.de\/es\/wp-json\/wp\/v2\/media\/17914"}],"wp:attachment":[{"href":"https:\/\/9staedte.de\/es\/wp-json\/wp\/v2\/media?parent=17911"}],"wp:term":[{"taxonomy":"category","embeddable":true,"href":"https:\/\/9staedte.de\/es\/wp-json\/wp\/v2\/categories?post=17911"},{"taxonomy":"post_tag","embeddable":true,"href":"https:\/\/9staedte.de\/es\/wp-json\/wp\/v2\/tags?post=17911"},{"taxonomy":"ncap_cities_tax","embeddable":true,"href":"https:\/\/9staedte.de\/es\/wp-json\/wp\/v2\/ncap_cities_tax?post=17911"}],"curies":[{"name":"wp","href":"https:\/\/api.w.org\/{rel}","templated":true}]}}