{"id":17889,"date":"2023-11-02T09:51:32","date_gmt":"2023-11-02T08:51:32","guid":{"rendered":"https:\/\/9staedte.de\/mercados-navidenos-en-las-9-ciudades\/"},"modified":"2025-11-13T14:45:53","modified_gmt":"2025-11-13T13:45:53","slug":"mercados-navidenos-en-las-9-ciudades","status":"publish","type":"page","link":"https:\/\/9staedte.de\/es\/mercados-navidenos-en-las-9-ciudades\/","title":{"rendered":"Mercados navide\u00f1os en las 9 ciudades de Baja Sajonia"},"content":{"rendered":"\n<h2 class=\"wp-block-heading\">Donde los mercados navide\u00f1os encantan&#8230;<\/h2>\n\n<p><strong>Esp\u00edritu navide\u00f1o tradicional en una de las regiones de mercados navide\u00f1os m\u00e1s bellas de Alemania<\/strong><\/p>\n\n<p>Los mercadillos navide\u00f1os de las 9 ciudades de Baja Sajonia brillan ante un tel\u00f3n de fondo hist\u00f3rico: plazas decoradas festivamente, ofertas tradicionales y el ambiente de las compras navide\u00f1as hacen que cada visita sea especial. La Autostadt tambi\u00e9n brilla como un para\u00edso invernal.   <br\/>Gracias a las cortas distancias, las ciudades pueden descubrirse maravillosamente en un viaje de ida y vuelta prenavide\u00f1o.<br\/><\/p>\n\n<p><\/p>\n","protected":false},"excerpt":{"rendered":"<p>Donde los mercados navide\u00f1os encantan&#8230; Esp\u00edritu navide\u00f1o tradicional en una de las regiones de mercados navide\u00f1os m\u00e1s bellas de Alemania Los mercadillos navide\u00f1os de las 9 ciudades de Baja Sajonia brillan ante un tel\u00f3n de fondo hist\u00f3rico: plazas decoradas festivamente, ofertas tradicionales y el ambiente de las compras navide\u00f1as hacen que cada visita sea especial. [&hellip;]<\/p>\n","protected":false},"author":1,"featured_media":26988,"parent":0,"menu_order":0,"comment_status":"closed","ping_status":"closed","template":"pagetemplates\/template-thema.php","meta":{"_acf_changed":false,"footnotes":""},"categories":[],"tags":[],"ncap_cities_tax":[],"class_list":["post-17889","page","type-page","status-publish","has-post-thumbnail","hentry"],"acf":[],"yoast_head":"<!-- This site is optimized with the Yoast SEO plugin v27.4 - https:\/\/yoast.com\/product\/yoast-seo-wordpress\/ -->\n<title>Mercados navide\u00f1os en las 9 ciudades de Baja Sajonia - 9 St\u00e4dte in Niedersachsen<\/title>\n<meta name=\"description\" content=\"Los mercadillos navide\u00f1os m\u00e1s bonitos de Baja Sajonia brillan ante encantadores telones de fondo hist\u00f3ricos en las 9 ciudades de\" \/>\n<meta name=\"robots\" content=\"index, follow, max-snippet:-1, max-image-preview:large, max-video-preview:-1\" \/>\n<link rel=\"canonical\" href=\"https:\/\/9staedte.de\/es\/mercados-navidenos-en-las-9-ciudades\/\" \/>\n<meta property=\"og:locale\" content=\"es_ES\" \/>\n<meta property=\"og:type\" content=\"article\" \/>\n<meta property=\"og:title\" content=\"Mercados navide\u00f1os en las 9 ciudades de Baja Sajonia - 9 St\u00e4dte in Niedersachsen\" \/>\n<meta property=\"og:description\" content=\"Los mercadillos navide\u00f1os m\u00e1s bonitos de Baja Sajonia brillan ante encantadores telones de fondo hist\u00f3ricos en las 9 ciudades de\" \/>\n<meta property=\"og:url\" content=\"https:\/\/9staedte.de\/es\/mercados-navidenos-en-las-9-ciudades\/\" \/>\n<meta property=\"og:site_name\" content=\"9 St\u00e4dte in Niedersachsen\" \/>\n<meta property=\"article:modified_time\" content=\"2025-11-13T13:45:53+00:00\" \/>\n<meta property=\"og:image\" content=\"https:\/\/9staedte.de\/wp-content\/uploads\/2025\/09\/Goslar_Weihnachtswald_GOSLAR_marketing_gmbh_Michael_Abid.jpg\" \/>\n\t<meta property=\"og:image:width\" content=\"1020\" \/>\n\t<meta property=\"og:image:height\" content=\"560\" \/>\n\t<meta property=\"og:image:type\" content=\"image\/jpeg\" \/>\n<meta name=\"twitter:card\" content=\"summary_large_image\" \/>\n<meta name=\"twitter:label1\" content=\"Tiempo de lectura\" \/>\n\t<meta name=\"twitter:data1\" content=\"1 minuto\" \/>\n<script type=\"application\/ld+json\" class=\"yoast-schema-graph\">{\"@context\":\"https:\\\/\\\/schema.org\",\"@graph\":[{\"@type\":\"WebPage\",\"@id\":\"https:\\\/\\\/9staedte.de\\\/es\\\/mercados-navidenos-en-las-9-ciudades\\\/\",\"url\":\"https:\\\/\\\/9staedte.de\\\/es\\\/mercados-navidenos-en-las-9-ciudades\\\/\",\"name\":\"Mercados navide\u00f1os en las 9 ciudades de Baja Sajonia - 9 St\u00e4dte in Niedersachsen\",\"isPartOf\":{\"@id\":\"https:\\\/\\\/9staedte.de\\\/es\\\/#website\"},\"primaryImageOfPage\":{\"@id\":\"https:\\\/\\\/9staedte.de\\\/es\\\/mercados-navidenos-en-las-9-ciudades\\\/#primaryimage\"},\"image\":{\"@id\":\"https:\\\/\\\/9staedte.de\\\/es\\\/mercados-navidenos-en-las-9-ciudades\\\/#primaryimage\"},\"thumbnailUrl\":\"https:\\\/\\\/9staedte.de\\\/wp-content\\\/uploads\\\/2025\\\/09\\\/Goslar_Weihnachtswald_GOSLAR_marketing_gmbh_Michael_Abid.jpg\",\"datePublished\":\"2023-11-02T08:51:32+00:00\",\"dateModified\":\"2025-11-13T13:45:53+00:00\",\"description\":\"Los mercadillos navide\u00f1os m\u00e1s bonitos de Baja Sajonia brillan ante encantadores telones de fondo hist\u00f3ricos en las 9 ciudades de\",\"breadcrumb\":{\"@id\":\"https:\\\/\\\/9staedte.de\\\/es\\\/mercados-navidenos-en-las-9-ciudades\\\/#breadcrumb\"},\"inLanguage\":\"es\",\"potentialAction\":[{\"@type\":\"ReadAction\",\"target\":[\"https:\\\/\\\/9staedte.de\\\/es\\\/mercados-navidenos-en-las-9-ciudades\\\/\"]}]},{\"@type\":\"ImageObject\",\"inLanguage\":\"es\",\"@id\":\"https:\\\/\\\/9staedte.de\\\/es\\\/mercados-navidenos-en-las-9-ciudades\\\/#primaryimage\",\"url\":\"https:\\\/\\\/9staedte.de\\\/wp-content\\\/uploads\\\/2025\\\/09\\\/Goslar_Weihnachtswald_GOSLAR_marketing_gmbh_Michael_Abid.jpg\",\"contentUrl\":\"https:\\\/\\\/9staedte.de\\\/wp-content\\\/uploads\\\/2025\\\/09\\\/Goslar_Weihnachtswald_GOSLAR_marketing_gmbh_Michael_Abid.jpg\",\"width\":1020,\"height\":560,\"caption\":\"Goslar Weihnachtswald c) GOSLAR marketing gmbh Michael_Abid\"},{\"@type\":\"BreadcrumbList\",\"@id\":\"https:\\\/\\\/9staedte.de\\\/es\\\/mercados-navidenos-en-las-9-ciudades\\\/#breadcrumb\",\"itemListElement\":[{\"@type\":\"ListItem\",\"position\":1,\"name\":\"Startseite\",\"item\":\"https:\\\/\\\/9staedte.de\\\/es\\\/\"},{\"@type\":\"ListItem\",\"position\":2,\"name\":\"Mercados navide\u00f1os en las 9 ciudades de Baja Sajonia\"}]},{\"@type\":\"WebSite\",\"@id\":\"https:\\\/\\\/9staedte.de\\\/es\\\/#website\",\"url\":\"https:\\\/\\\/9staedte.de\\\/es\\\/\",\"name\":\"9 St\u00e4dte in Niedersachsen\",\"description\":\"\",\"publisher\":{\"@id\":\"https:\\\/\\\/9staedte.de\\\/es\\\/#organization\"},\"potentialAction\":[{\"@type\":\"SearchAction\",\"target\":{\"@type\":\"EntryPoint\",\"urlTemplate\":\"https:\\\/\\\/9staedte.de\\\/es\\\/?s={search_term_string}\"},\"query-input\":{\"@type\":\"PropertyValueSpecification\",\"valueRequired\":true,\"valueName\":\"search_term_string\"}}],\"inLanguage\":\"es\"},{\"@type\":\"Organization\",\"@id\":\"https:\\\/\\\/9staedte.de\\\/es\\\/#organization\",\"name\":\"9 St\u00e4dte in Niedersachsen\",\"url\":\"https:\\\/\\\/9staedte.de\\\/es\\\/\",\"logo\":{\"@type\":\"ImageObject\",\"inLanguage\":\"es\",\"@id\":\"https:\\\/\\\/9staedte.de\\\/es\\\/#\\\/schema\\\/logo\\\/image\\\/\",\"url\":\"https:\\\/\\\/9staedte.de\\\/wp-content\\\/uploads\\\/2025\\\/01\\\/9-neg-deutsch-2-1.png\",\"contentUrl\":\"https:\\\/\\\/9staedte.de\\\/wp-content\\\/uploads\\\/2025\\\/01\\\/9-neg-deutsch-2-1.png\",\"width\":190,\"height\":114,\"caption\":\"9 St\u00e4dte in Niedersachsen\"},\"image\":{\"@id\":\"https:\\\/\\\/9staedte.de\\\/es\\\/#\\\/schema\\\/logo\\\/image\\\/\"}}]}<\/script>\n<!-- \/ Yoast SEO plugin. -->","yoast_head_json":{"title":"Mercados navide\u00f1os en las 9 ciudades de Baja Sajonia - 9 St\u00e4dte in Niedersachsen","description":"Los mercadillos navide\u00f1os m\u00e1s bonitos de Baja Sajonia brillan ante encantadores telones de fondo hist\u00f3ricos en las 9 ciudades de","robots":{"index":"index","follow":"follow","max-snippet":"max-snippet:-1","max-image-preview":"max-image-preview:large","max-video-preview":"max-video-preview:-1"},"canonical":"https:\/\/9staedte.de\/es\/mercados-navidenos-en-las-9-ciudades\/","og_locale":"es_ES","og_type":"article","og_title":"Mercados navide\u00f1os en las 9 ciudades de Baja Sajonia - 9 St\u00e4dte in Niedersachsen","og_description":"Los mercadillos navide\u00f1os m\u00e1s bonitos de Baja Sajonia brillan ante encantadores telones de fondo hist\u00f3ricos en las 9 ciudades de","og_url":"https:\/\/9staedte.de\/es\/mercados-navidenos-en-las-9-ciudades\/","og_site_name":"9 St\u00e4dte in Niedersachsen","article_modified_time":"2025-11-13T13:45:53+00:00","og_image":[{"width":1020,"height":560,"url":"https:\/\/9staedte.de\/wp-content\/uploads\/2025\/09\/Goslar_Weihnachtswald_GOSLAR_marketing_gmbh_Michael_Abid.jpg","type":"image\/jpeg"}],"twitter_card":"summary_large_image","twitter_misc":{"Tiempo de lectura":"1 minuto"},"schema":{"@context":"https:\/\/schema.org","@graph":[{"@type":"WebPage","@id":"https:\/\/9staedte.de\/es\/mercados-navidenos-en-las-9-ciudades\/","url":"https:\/\/9staedte.de\/es\/mercados-navidenos-en-las-9-ciudades\/","name":"Mercados navide\u00f1os en las 9 ciudades de Baja Sajonia - 9 St\u00e4dte in Niedersachsen","isPartOf":{"@id":"https:\/\/9staedte.de\/es\/#website"},"primaryImageOfPage":{"@id":"https:\/\/9staedte.de\/es\/mercados-navidenos-en-las-9-ciudades\/#primaryimage"},"image":{"@id":"https:\/\/9staedte.de\/es\/mercados-navidenos-en-las-9-ciudades\/#primaryimage"},"thumbnailUrl":"https:\/\/9staedte.de\/wp-content\/uploads\/2025\/09\/Goslar_Weihnachtswald_GOSLAR_marketing_gmbh_Michael_Abid.jpg","datePublished":"2023-11-02T08:51:32+00:00","dateModified":"2025-11-13T13:45:53+00:00","description":"Los mercadillos navide\u00f1os m\u00e1s bonitos de Baja Sajonia brillan ante encantadores telones de fondo hist\u00f3ricos en las 9 ciudades de","breadcrumb":{"@id":"https:\/\/9staedte.de\/es\/mercados-navidenos-en-las-9-ciudades\/#breadcrumb"},"inLanguage":"es","potentialAction":[{"@type":"ReadAction","target":["https:\/\/9staedte.de\/es\/mercados-navidenos-en-las-9-ciudades\/"]}]},{"@type":"ImageObject","inLanguage":"es","@id":"https:\/\/9staedte.de\/es\/mercados-navidenos-en-las-9-ciudades\/#primaryimage","url":"https:\/\/9staedte.de\/wp-content\/uploads\/2025\/09\/Goslar_Weihnachtswald_GOSLAR_marketing_gmbh_Michael_Abid.jpg","contentUrl":"https:\/\/9staedte.de\/wp-content\/uploads\/2025\/09\/Goslar_Weihnachtswald_GOSLAR_marketing_gmbh_Michael_Abid.jpg","width":1020,"height":560,"caption":"Goslar Weihnachtswald c) GOSLAR marketing gmbh Michael_Abid"},{"@type":"BreadcrumbList","@id":"https:\/\/9staedte.de\/es\/mercados-navidenos-en-las-9-ciudades\/#breadcrumb","itemListElement":[{"@type":"ListItem","position":1,"name":"Startseite","item":"https:\/\/9staedte.de\/es\/"},{"@type":"ListItem","position":2,"name":"Mercados navide\u00f1os en las 9 ciudades de Baja Sajonia"}]},{"@type":"WebSite","@id":"https:\/\/9staedte.de\/es\/#website","url":"https:\/\/9staedte.de\/es\/","name":"9 St\u00e4dte in Niedersachsen","description":"","publisher":{"@id":"https:\/\/9staedte.de\/es\/#organization"},"potentialAction":[{"@type":"SearchAction","target":{"@type":"EntryPoint","urlTemplate":"https:\/\/9staedte.de\/es\/?s={search_term_string}"},"query-input":{"@type":"PropertyValueSpecification","valueRequired":true,"valueName":"search_term_string"}}],"inLanguage":"es"},{"@type":"Organization","@id":"https:\/\/9staedte.de\/es\/#organization","name":"9 St\u00e4dte in Niedersachsen","url":"https:\/\/9staedte.de\/es\/","logo":{"@type":"ImageObject","inLanguage":"es","@id":"https:\/\/9staedte.de\/es\/#\/schema\/logo\/image\/","url":"https:\/\/9staedte.de\/wp-content\/uploads\/2025\/01\/9-neg-deutsch-2-1.png","contentUrl":"https:\/\/9staedte.de\/wp-content\/uploads\/2025\/01\/9-neg-deutsch-2-1.png","width":190,"height":114,"caption":"9 St\u00e4dte in Niedersachsen"},"image":{"@id":"https:\/\/9staedte.de\/es\/#\/schema\/logo\/image\/"}}]}},"_links":{"self":[{"href":"https:\/\/9staedte.de\/es\/wp-json\/wp\/v2\/pages\/17889","targetHints":{"allow":["GET"]}}],"collection":[{"href":"https:\/\/9staedte.de\/es\/wp-json\/wp\/v2\/pages"}],"about":[{"href":"https:\/\/9staedte.de\/es\/wp-json\/wp\/v2\/types\/page"}],"author":[{"embeddable":true,"href":"https:\/\/9staedte.de\/es\/wp-json\/wp\/v2\/users\/1"}],"replies":[{"embeddable":true,"href":"https:\/\/9staedte.de\/es\/wp-json\/wp\/v2\/comments?post=17889"}],"version-history":[{"count":6,"href":"https:\/\/9staedte.de\/es\/wp-json\/wp\/v2\/pages\/17889\/revisions"}],"predecessor-version":[{"id":27511,"href":"https:\/\/9staedte.de\/es\/wp-json\/wp\/v2\/pages\/17889\/revisions\/27511"}],"wp:featuredmedia":[{"embeddable":true,"href":"https:\/\/9staedte.de\/es\/wp-json\/wp\/v2\/media\/26988"}],"wp:attachment":[{"href":"https:\/\/9staedte.de\/es\/wp-json\/wp\/v2\/media?parent=17889"}],"wp:term":[{"taxonomy":"category","embeddable":true,"href":"https:\/\/9staedte.de\/es\/wp-json\/wp\/v2\/categories?post=17889"},{"taxonomy":"post_tag","embeddable":true,"href":"https:\/\/9staedte.de\/es\/wp-json\/wp\/v2\/tags?post=17889"},{"taxonomy":"ncap_cities_tax","embeddable":true,"href":"https:\/\/9staedte.de\/es\/wp-json\/wp\/v2\/ncap_cities_tax?post=17889"}],"curies":[{"name":"wp","href":"https:\/\/api.w.org\/{rel}","templated":true}]}}