{"id":17783,"date":"2023-11-02T09:50:32","date_gmt":"2023-11-02T08:50:32","guid":{"rendered":"https:\/\/9staedte.de\/museos-y-exposiciones-en-gotinga\/"},"modified":"2023-11-02T17:43:31","modified_gmt":"2023-11-02T16:43:31","slug":"museos-y-exposiciones-en-gotinga","status":"publish","type":"page","link":"https:\/\/9staedte.de\/es\/gottingen-ciudad-creadora-de-conocimiento\/museos-y-exposiciones-en-gotinga\/","title":{"rendered":"Museos y exposiciones en Gotinga"},"content":{"rendered":"\r\n\r\n    <div class=\"filter-posts\">\r\n            <div  id=\"filterContent\">\r\n                                                        \n<div class=\"contentKachel filtr-item\" data-category=\"goettingen-es\">\n    <a href=\"https:\/\/9staedte.de\/es\/foro-conocimiento\/\">\n        <div class=\"contentKachel-inner\">\n                            <div class=\"contentKachel-thumbnail\">\n                    <img loading=\"lazy\" decoding=\"async\" width=\"300\" height=\"164\" src=\"https:\/\/9staedte.de\/wp-content\/smush-webp\/2023\/02\/Forum-Wissen-Luftaufnahme-c-Forum-Wissen-300x164.jpg.webp\" class=\"objectfitcover withfilters wp-post-image\" alt=\"\" srcset=\"https:\/\/9staedte.de\/wp-content\/smush-webp\/2023\/02\/Forum-Wissen-Luftaufnahme-c-Forum-Wissen-300x164.jpg.webp 300w, https:\/\/9staedte.de\/wp-content\/smush-webp\/2023\/02\/Forum-Wissen-Luftaufnahme-c-Forum-Wissen-768x421.jpg.webp 768w, https:\/\/9staedte.de\/wp-content\/smush-webp\/2023\/02\/Forum-Wissen-Luftaufnahme-c-Forum-Wissen.jpg.webp 1020w\" sizes=\"auto, (max-width: 300px) 100vw, 300px\" \/>                    <img loading=\"lazy\" decoding=\"async\" width=\"300\" height=\"164\" src=\"https:\/\/9staedte.de\/wp-content\/smush-webp\/2023\/02\/Forum-Wissen-Luftaufnahme-c-Forum-Wissen-300x164.jpg.webp\" class=\"objectfitcontain wp-post-image\" alt=\"\" srcset=\"https:\/\/9staedte.de\/wp-content\/smush-webp\/2023\/02\/Forum-Wissen-Luftaufnahme-c-Forum-Wissen-300x164.jpg.webp 300w, https:\/\/9staedte.de\/wp-content\/smush-webp\/2023\/02\/Forum-Wissen-Luftaufnahme-c-Forum-Wissen-768x421.jpg.webp 768w, https:\/\/9staedte.de\/wp-content\/smush-webp\/2023\/02\/Forum-Wissen-Luftaufnahme-c-Forum-Wissen.jpg.webp 1020w\" sizes=\"auto, (max-width: 300px) 100vw, 300px\" \/>                        <div class=\"thumbnail-label\">\n    <span>Forum Wissen Luftaufnahme c) Forum Wissen<\/span>\n    <\/div>\n                <\/div>\n                        <div class=\"contentKachel-content\">\n                                    <div class=\"city-tag bg-goettingen\">\n                        G\u00f6ttingen                    <\/div>\n                \n                <div class=\"title\">\n\n                    Foro Conocimiento                    \n                <\/div>\n\n                            <\/div>\n\n        <\/div>\n    <\/a>\n<\/div>                                                        \n<div class=\"contentKachel filtr-item\" data-category=\"goettingen-es\">\n    <a href=\"https:\/\/9staedte.de\/es\/kunsthaus-gottingen\/\">\n        <div class=\"contentKachel-inner\">\n                            <div class=\"contentKachel-thumbnail\">\n                    <img loading=\"lazy\" decoding=\"async\" width=\"300\" height=\"165\" src=\"https:\/\/9staedte.de\/wp-content\/smush-webp\/2023\/02\/Kunsthaus_Goettingen_Innenansicht-300x165.jpg.webp\" class=\"objectfitcover withfilters wp-post-image\" alt=\"Kunsthaus G\u00f6ttingen Innenansicht c) Kunsthaus G\u00f6ttingen\" srcset=\"https:\/\/9staedte.de\/wp-content\/smush-webp\/2023\/02\/Kunsthaus_Goettingen_Innenansicht-300x165.jpg.webp 300w, https:\/\/9staedte.de\/wp-content\/smush-webp\/2023\/02\/Kunsthaus_Goettingen_Innenansicht-768x422.jpg.webp 768w, https:\/\/9staedte.de\/wp-content\/smush-webp\/2023\/02\/Kunsthaus_Goettingen_Innenansicht.jpg.webp 1020w\" sizes=\"auto, (max-width: 300px) 100vw, 300px\" \/>                    <img loading=\"lazy\" decoding=\"async\" width=\"300\" height=\"165\" src=\"https:\/\/9staedte.de\/wp-content\/smush-webp\/2023\/02\/Kunsthaus_Goettingen_Innenansicht-300x165.jpg.webp\" class=\"objectfitcontain wp-post-image\" alt=\"Kunsthaus G\u00f6ttingen Innenansicht c) Kunsthaus G\u00f6ttingen\" srcset=\"https:\/\/9staedte.de\/wp-content\/smush-webp\/2023\/02\/Kunsthaus_Goettingen_Innenansicht-300x165.jpg.webp 300w, https:\/\/9staedte.de\/wp-content\/smush-webp\/2023\/02\/Kunsthaus_Goettingen_Innenansicht-768x422.jpg.webp 768w, https:\/\/9staedte.de\/wp-content\/smush-webp\/2023\/02\/Kunsthaus_Goettingen_Innenansicht.jpg.webp 1020w\" sizes=\"auto, (max-width: 300px) 100vw, 300px\" \/>                        <div class=\"thumbnail-label\">\n    <span>Kunsthaus_G\u00f6ttingen_Innenansicht<\/span>\n    <\/div>\n                <\/div>\n                        <div class=\"contentKachel-content\">\n                                    <div class=\"city-tag bg-goettingen\">\n                        G\u00f6ttingen                    <\/div>\n                \n                <div class=\"title\">\n\n                    Kunsthaus G\u00f6ttingen                    \n                <\/div>\n\n                            <\/div>\n\n        <\/div>\n    <\/a>\n<\/div>                                                        \n<div class=\"contentKachel filtr-item\" data-category=\"goettingen-es\">\n    <a href=\"https:\/\/9staedte.de\/es\/exposiciones-que-cambian-regularmente-en-el-museo-de-la-ciudad-de-goettingen\/\">\n        <div class=\"contentKachel-inner\">\n                            <div class=\"contentKachel-thumbnail\">\n                    <img loading=\"lazy\" decoding=\"async\" width=\"300\" height=\"165\" src=\"https:\/\/9staedte.de\/wp-content\/smush-webp\/2022\/03\/Staedtisches-Museum-Goettingen-c-Goettingen-Marketing-Christoph-Mischke-300x165.jpg.webp\" class=\"objectfitcover withfilters wp-post-image\" alt=\"La imagen muestra el Museo Municipal de Gotinga. Es una casa con entramado de madera y un tejado rojo. El cielo est\u00e1 azul con nubes blancas.\" srcset=\"https:\/\/9staedte.de\/wp-content\/smush-webp\/2022\/03\/Staedtisches-Museum-Goettingen-c-Goettingen-Marketing-Christoph-Mischke-300x165.jpg.webp 300w, https:\/\/9staedte.de\/wp-content\/smush-webp\/2022\/03\/Staedtisches-Museum-Goettingen-c-Goettingen-Marketing-Christoph-Mischke-768x422.jpg.webp 768w, https:\/\/9staedte.de\/wp-content\/smush-webp\/2022\/03\/Staedtisches-Museum-Goettingen-c-Goettingen-Marketing-Christoph-Mischke.jpg.webp 1020w\" sizes=\"auto, (max-width: 300px) 100vw, 300px\" \/>                    <img loading=\"lazy\" decoding=\"async\" width=\"300\" height=\"165\" src=\"https:\/\/9staedte.de\/wp-content\/smush-webp\/2022\/03\/Staedtisches-Museum-Goettingen-c-Goettingen-Marketing-Christoph-Mischke-300x165.jpg.webp\" class=\"objectfitcontain wp-post-image\" alt=\"La imagen muestra el Museo Municipal de Gotinga. Es una casa con entramado de madera y un tejado rojo. El cielo est\u00e1 azul con nubes blancas.\" srcset=\"https:\/\/9staedte.de\/wp-content\/smush-webp\/2022\/03\/Staedtisches-Museum-Goettingen-c-Goettingen-Marketing-Christoph-Mischke-300x165.jpg.webp 300w, https:\/\/9staedte.de\/wp-content\/smush-webp\/2022\/03\/Staedtisches-Museum-Goettingen-c-Goettingen-Marketing-Christoph-Mischke-768x422.jpg.webp 768w, https:\/\/9staedte.de\/wp-content\/smush-webp\/2022\/03\/Staedtisches-Museum-Goettingen-c-Goettingen-Marketing-Christoph-Mischke.jpg.webp 1020w\" sizes=\"auto, (max-width: 300px) 100vw, 300px\" \/>                        <div class=\"thumbnail-label\">\n    <span>St\u00e4dtisches Museum G\u00f6ttingen c) G\u00f6ttingen Marketing Christoph Mischke<\/span>\n    <\/div>\n                <\/div>\n                        <div class=\"contentKachel-content\">\n                                    <div class=\"city-tag bg-goettingen\">\n                        G\u00f6ttingen                    <\/div>\n                \n                <div class=\"title\">\n\n                    Exposiciones que cambian regularmente en el Museo de la Ciudad de G\u00f6ttingen                    \n                <\/div>\n\n                            <\/div>\n\n        <\/div>\n    <\/a>\n<\/div>                                            <\/div>\r\n    <\/div>\r\n\n\n\n<div style=\"height:40px\" aria-hidden=\"true\" class=\"wp-block-spacer\"><\/div>\n\n\n\n<div class=\"wp-block-columns is-layout-flex wp-container-core-columns-is-layout-9d6595d7 wp-block-columns-is-layout-flex\">\n<div class=\"wp-block-column is-layout-flow wp-block-column-is-layout-flow\" style=\"flex-basis:66.66%\">\n <div class=\"brlbs-cmpnt-container brlbs-cmpnt-content-blocker brlbs-cmpnt-with-individual-styles\" data-borlabs-cookie-content-blocker-id=\"google-maps\" data-borlabs-cookie-content=\"PGlmcmFtZSBzcmM9Imh0dHBzOi8vd3d3Lmdvb2dsZS5jb20vbWFwcy9kL2VtYmVkP21pZD0xdTh6VmdDMHVNeEVUcjJ4aTNnXzhPSzRpYU5PVE1HayZhbXA7ZWhiYz0yRTMxMkYiIHdpZHRoPSI2NDAiIGhlaWdodD0iNDgwIj48L2lmcmFtZT4=\"><div class=\"brlbs-cmpnt-cb-preset-b brlbs-cmpnt-cb-google-maps\"> <div class=\"brlbs-cmpnt-cb-thumbnail\" style=\"background-image: url('https:\/\/9staedte.de\/wp-content\/uploads\/borlabs-cookie\/1\/brlbs-cb-google-maps-main.png')\"><\/div> <div class=\"brlbs-cmpnt-cb-main\"> <div class=\"brlbs-cmpnt-cb-content\"> <p class=\"brlbs-cmpnt-cb-description\">Est\u00e1s viendo un contenido de marcador de posici\u00f3n de <strong>Google Maps<\/strong>. Para acceder al contenido real, haz clic en el siguiente bot\u00f3n. Ten en cuenta que al hacerlo compartir\u00e1s datos con terceros proveedores.<\/p> <a class=\"brlbs-cmpnt-cb-provider-toggle\" href=\"#\" data-borlabs-cookie-show-provider-information role=\"button\">M\u00e1s informaci\u00f3n<\/a> <\/div> <div class=\"brlbs-cmpnt-cb-buttons\"> <a class=\"brlbs-cmpnt-cb-btn\" href=\"#\" data-borlabs-cookie-unblock role=\"button\">Desbloquear contenido<\/a> <a class=\"brlbs-cmpnt-cb-btn\" href=\"#\" data-borlabs-cookie-accept-service role=\"button\" style=\"display: inherit\">Aceptar el servicio requerido y desbloquear el contenido<\/a> <\/div> <\/div> <\/div><\/div>\n<\/div>\n\n\n\n<div class=\"wp-block-column is-layout-flow wp-block-column-is-layout-flow\" style=\"flex-basis:33.33%\">\n<h4 class=\"wp-block-heading\"><strong>Museos de Gotinga<\/strong><\/h4>\n\n\n\n<ul class=\"map-legend main-legend wp-block-list\">\n<li>Foro Conocimiento<\/li>\n\n\n\n<li>Kunsthaus G\u00f6ttingen<\/li>\n\n\n\n<li>Museo Municipal de Gotinga<\/li>\n<\/ul>\n<\/div>\n<\/div>\n","protected":false},"excerpt":{"rendered":"<p>Est\u00e1s viendo un contenido de marcador de posici\u00f3n de Google Maps. Para acceder al contenido real, haz clic en el siguiente bot\u00f3n. Ten en cuenta que al hacerlo compartir\u00e1s datos con terceros proveedores. M\u00e1s informaci\u00f3n Desbloquear contenido Aceptar el servicio requerido y desbloquear el contenido Museos de Gotinga<\/p>\n","protected":false},"author":1,"featured_media":17792,"parent":18032,"menu_order":0,"comment_status":"closed","ping_status":"closed","template":"pagetemplates\/template-stadtthema.php","meta":{"_acf_changed":false,"footnotes":""},"categories":[],"tags":[],"ncap_cities_tax":[437,647],"class_list":["post-17783","page","type-page","status-publish","has-post-thumbnail","hentry","ncap_cities_tax-goettingen-es","ncap_cities_tax-museen-goettingen-es"],"acf":[],"yoast_head":"<!-- This site is optimized with the Yoast SEO plugin v26.8 - https:\/\/yoast.com\/product\/yoast-seo-wordpress\/ -->\n<title>Museos y exposiciones en Gotinga - 9 St\u00e4dte in Niedersachsen<\/title>\n<meta name=\"robots\" content=\"index, follow, max-snippet:-1, max-image-preview:large, max-video-preview:-1\" \/>\n<link rel=\"canonical\" href=\"https:\/\/9staedte.de\/es\/gottingen-ciudad-creadora-de-conocimiento\/museos-y-exposiciones-en-gotinga\/\" \/>\n<meta property=\"og:locale\" content=\"es_ES\" \/>\n<meta property=\"og:type\" content=\"article\" \/>\n<meta property=\"og:title\" content=\"Museos y exposiciones en Gotinga - 9 St\u00e4dte in Niedersachsen\" \/>\n<meta property=\"og:description\" content=\"Est\u00e1s viendo un contenido de marcador de posici\u00f3n de Google Maps. Para acceder al contenido real, haz clic en el siguiente bot\u00f3n. Ten en cuenta que al hacerlo compartir\u00e1s datos con terceros proveedores. M\u00e1s informaci\u00f3n Desbloquear contenido Aceptar el servicio requerido y desbloquear el contenido Museos de Gotinga\" \/>\n<meta property=\"og:url\" content=\"https:\/\/9staedte.de\/es\/gottingen-ciudad-creadora-de-conocimiento\/museos-y-exposiciones-en-gotinga\/\" \/>\n<meta property=\"og:site_name\" content=\"9 St\u00e4dte in Niedersachsen\" \/>\n<meta property=\"article:modified_time\" content=\"2023-11-02T16:43:31+00:00\" \/>\n<meta property=\"og:image\" content=\"https:\/\/9staedte.de\/wp-content\/uploads\/2023\/06\/Kunsthaus-Goettingen-c-Kunsthaus-Goettingen.jpg\" \/>\n\t<meta property=\"og:image:width\" content=\"1019\" \/>\n\t<meta property=\"og:image:height\" content=\"559\" \/>\n\t<meta property=\"og:image:type\" content=\"image\/jpeg\" \/>\n<meta name=\"twitter:card\" content=\"summary_large_image\" \/>\n<meta name=\"twitter:label1\" content=\"Tiempo de lectura\" \/>\n\t<meta name=\"twitter:data1\" content=\"1 minuto\" \/>\n<script type=\"application\/ld+json\" class=\"yoast-schema-graph\">{\"@context\":\"https:\/\/schema.org\",\"@graph\":[{\"@type\":\"WebPage\",\"@id\":\"https:\/\/9staedte.de\/es\/gottingen-ciudad-creadora-de-conocimiento\/museos-y-exposiciones-en-gotinga\/\",\"url\":\"https:\/\/9staedte.de\/es\/gottingen-ciudad-creadora-de-conocimiento\/museos-y-exposiciones-en-gotinga\/\",\"name\":\"Museos y exposiciones en Gotinga - 9 St\u00e4dte in Niedersachsen\",\"isPartOf\":{\"@id\":\"https:\/\/9staedte.de\/es\/#website\"},\"primaryImageOfPage\":{\"@id\":\"https:\/\/9staedte.de\/es\/gottingen-ciudad-creadora-de-conocimiento\/museos-y-exposiciones-en-gotinga\/#primaryimage\"},\"image\":{\"@id\":\"https:\/\/9staedte.de\/es\/gottingen-ciudad-creadora-de-conocimiento\/museos-y-exposiciones-en-gotinga\/#primaryimage\"},\"thumbnailUrl\":\"https:\/\/9staedte.de\/wp-content\/uploads\/2023\/06\/Kunsthaus-Goettingen-c-Kunsthaus-Goettingen.jpg\",\"datePublished\":\"2023-11-02T08:50:32+00:00\",\"dateModified\":\"2023-11-02T16:43:31+00:00\",\"breadcrumb\":{\"@id\":\"https:\/\/9staedte.de\/es\/gottingen-ciudad-creadora-de-conocimiento\/museos-y-exposiciones-en-gotinga\/#breadcrumb\"},\"inLanguage\":\"es\",\"potentialAction\":[{\"@type\":\"ReadAction\",\"target\":[\"https:\/\/9staedte.de\/es\/gottingen-ciudad-creadora-de-conocimiento\/museos-y-exposiciones-en-gotinga\/\"]}]},{\"@type\":\"ImageObject\",\"inLanguage\":\"es\",\"@id\":\"https:\/\/9staedte.de\/es\/gottingen-ciudad-creadora-de-conocimiento\/museos-y-exposiciones-en-gotinga\/#primaryimage\",\"url\":\"https:\/\/9staedte.de\/wp-content\/uploads\/2023\/06\/Kunsthaus-Goettingen-c-Kunsthaus-Goettingen.jpg\",\"contentUrl\":\"https:\/\/9staedte.de\/wp-content\/uploads\/2023\/06\/Kunsthaus-Goettingen-c-Kunsthaus-Goettingen.jpg\",\"width\":1019,\"height\":559,\"caption\":\"Kunsthaus G\u00f6ttingen c) Kunsthaus G\u00f6ttingen\"},{\"@type\":\"BreadcrumbList\",\"@id\":\"https:\/\/9staedte.de\/es\/gottingen-ciudad-creadora-de-conocimiento\/museos-y-exposiciones-en-gotinga\/#breadcrumb\",\"itemListElement\":[{\"@type\":\"ListItem\",\"position\":1,\"name\":\"Startseite\",\"item\":\"https:\/\/9staedte.de\/es\/\"},{\"@type\":\"ListItem\",\"position\":2,\"name\":\"G\u00f6ttingen &#8211; Ciudad creadora de conocimiento\",\"item\":\"https:\/\/9staedte.de\/es\/gottingen-ciudad-creadora-de-conocimiento\/\"},{\"@type\":\"ListItem\",\"position\":3,\"name\":\"Museos y exposiciones en Gotinga\"}]},{\"@type\":\"WebSite\",\"@id\":\"https:\/\/9staedte.de\/es\/#website\",\"url\":\"https:\/\/9staedte.de\/es\/\",\"name\":\"9 St\u00e4dte in Niedersachsen\",\"description\":\"\",\"publisher\":{\"@id\":\"https:\/\/9staedte.de\/es\/#organization\"},\"potentialAction\":[{\"@type\":\"SearchAction\",\"target\":{\"@type\":\"EntryPoint\",\"urlTemplate\":\"https:\/\/9staedte.de\/es\/?s={search_term_string}\"},\"query-input\":{\"@type\":\"PropertyValueSpecification\",\"valueRequired\":true,\"valueName\":\"search_term_string\"}}],\"inLanguage\":\"es\"},{\"@type\":\"Organization\",\"@id\":\"https:\/\/9staedte.de\/es\/#organization\",\"name\":\"9 St\u00e4dte in Niedersachsen\",\"url\":\"https:\/\/9staedte.de\/es\/\",\"logo\":{\"@type\":\"ImageObject\",\"inLanguage\":\"es\",\"@id\":\"https:\/\/9staedte.de\/es\/#\/schema\/logo\/image\/\",\"url\":\"https:\/\/9staedte.de\/wp-content\/uploads\/2025\/01\/9-neg-deutsch-2-1.png\",\"contentUrl\":\"https:\/\/9staedte.de\/wp-content\/uploads\/2025\/01\/9-neg-deutsch-2-1.png\",\"width\":190,\"height\":114,\"caption\":\"9 St\u00e4dte in Niedersachsen\"},\"image\":{\"@id\":\"https:\/\/9staedte.de\/es\/#\/schema\/logo\/image\/\"}}]}<\/script>\n<!-- \/ Yoast SEO plugin. -->","yoast_head_json":{"title":"Museos y exposiciones en Gotinga - 9 St\u00e4dte in Niedersachsen","robots":{"index":"index","follow":"follow","max-snippet":"max-snippet:-1","max-image-preview":"max-image-preview:large","max-video-preview":"max-video-preview:-1"},"canonical":"https:\/\/9staedte.de\/es\/gottingen-ciudad-creadora-de-conocimiento\/museos-y-exposiciones-en-gotinga\/","og_locale":"es_ES","og_type":"article","og_title":"Museos y exposiciones en Gotinga - 9 St\u00e4dte in Niedersachsen","og_description":"Est\u00e1s viendo un contenido de marcador de posici\u00f3n de Google Maps. Para acceder al contenido real, haz clic en el siguiente bot\u00f3n. Ten en cuenta que al hacerlo compartir\u00e1s datos con terceros proveedores. M\u00e1s informaci\u00f3n Desbloquear contenido Aceptar el servicio requerido y desbloquear el contenido Museos de Gotinga","og_url":"https:\/\/9staedte.de\/es\/gottingen-ciudad-creadora-de-conocimiento\/museos-y-exposiciones-en-gotinga\/","og_site_name":"9 St\u00e4dte in Niedersachsen","article_modified_time":"2023-11-02T16:43:31+00:00","og_image":[{"width":1019,"height":559,"url":"https:\/\/9staedte.de\/wp-content\/uploads\/2023\/06\/Kunsthaus-Goettingen-c-Kunsthaus-Goettingen.jpg","type":"image\/jpeg"}],"twitter_card":"summary_large_image","twitter_misc":{"Tiempo de lectura":"1 minuto"},"schema":{"@context":"https:\/\/schema.org","@graph":[{"@type":"WebPage","@id":"https:\/\/9staedte.de\/es\/gottingen-ciudad-creadora-de-conocimiento\/museos-y-exposiciones-en-gotinga\/","url":"https:\/\/9staedte.de\/es\/gottingen-ciudad-creadora-de-conocimiento\/museos-y-exposiciones-en-gotinga\/","name":"Museos y exposiciones en Gotinga - 9 St\u00e4dte in Niedersachsen","isPartOf":{"@id":"https:\/\/9staedte.de\/es\/#website"},"primaryImageOfPage":{"@id":"https:\/\/9staedte.de\/es\/gottingen-ciudad-creadora-de-conocimiento\/museos-y-exposiciones-en-gotinga\/#primaryimage"},"image":{"@id":"https:\/\/9staedte.de\/es\/gottingen-ciudad-creadora-de-conocimiento\/museos-y-exposiciones-en-gotinga\/#primaryimage"},"thumbnailUrl":"https:\/\/9staedte.de\/wp-content\/uploads\/2023\/06\/Kunsthaus-Goettingen-c-Kunsthaus-Goettingen.jpg","datePublished":"2023-11-02T08:50:32+00:00","dateModified":"2023-11-02T16:43:31+00:00","breadcrumb":{"@id":"https:\/\/9staedte.de\/es\/gottingen-ciudad-creadora-de-conocimiento\/museos-y-exposiciones-en-gotinga\/#breadcrumb"},"inLanguage":"es","potentialAction":[{"@type":"ReadAction","target":["https:\/\/9staedte.de\/es\/gottingen-ciudad-creadora-de-conocimiento\/museos-y-exposiciones-en-gotinga\/"]}]},{"@type":"ImageObject","inLanguage":"es","@id":"https:\/\/9staedte.de\/es\/gottingen-ciudad-creadora-de-conocimiento\/museos-y-exposiciones-en-gotinga\/#primaryimage","url":"https:\/\/9staedte.de\/wp-content\/uploads\/2023\/06\/Kunsthaus-Goettingen-c-Kunsthaus-Goettingen.jpg","contentUrl":"https:\/\/9staedte.de\/wp-content\/uploads\/2023\/06\/Kunsthaus-Goettingen-c-Kunsthaus-Goettingen.jpg","width":1019,"height":559,"caption":"Kunsthaus G\u00f6ttingen c) Kunsthaus G\u00f6ttingen"},{"@type":"BreadcrumbList","@id":"https:\/\/9staedte.de\/es\/gottingen-ciudad-creadora-de-conocimiento\/museos-y-exposiciones-en-gotinga\/#breadcrumb","itemListElement":[{"@type":"ListItem","position":1,"name":"Startseite","item":"https:\/\/9staedte.de\/es\/"},{"@type":"ListItem","position":2,"name":"G\u00f6ttingen &#8211; Ciudad creadora de conocimiento","item":"https:\/\/9staedte.de\/es\/gottingen-ciudad-creadora-de-conocimiento\/"},{"@type":"ListItem","position":3,"name":"Museos y exposiciones en Gotinga"}]},{"@type":"WebSite","@id":"https:\/\/9staedte.de\/es\/#website","url":"https:\/\/9staedte.de\/es\/","name":"9 St\u00e4dte in Niedersachsen","description":"","publisher":{"@id":"https:\/\/9staedte.de\/es\/#organization"},"potentialAction":[{"@type":"SearchAction","target":{"@type":"EntryPoint","urlTemplate":"https:\/\/9staedte.de\/es\/?s={search_term_string}"},"query-input":{"@type":"PropertyValueSpecification","valueRequired":true,"valueName":"search_term_string"}}],"inLanguage":"es"},{"@type":"Organization","@id":"https:\/\/9staedte.de\/es\/#organization","name":"9 St\u00e4dte in Niedersachsen","url":"https:\/\/9staedte.de\/es\/","logo":{"@type":"ImageObject","inLanguage":"es","@id":"https:\/\/9staedte.de\/es\/#\/schema\/logo\/image\/","url":"https:\/\/9staedte.de\/wp-content\/uploads\/2025\/01\/9-neg-deutsch-2-1.png","contentUrl":"https:\/\/9staedte.de\/wp-content\/uploads\/2025\/01\/9-neg-deutsch-2-1.png","width":190,"height":114,"caption":"9 St\u00e4dte in Niedersachsen"},"image":{"@id":"https:\/\/9staedte.de\/es\/#\/schema\/logo\/image\/"}}]}},"_links":{"self":[{"href":"https:\/\/9staedte.de\/es\/wp-json\/wp\/v2\/pages\/17783","targetHints":{"allow":["GET"]}}],"collection":[{"href":"https:\/\/9staedte.de\/es\/wp-json\/wp\/v2\/pages"}],"about":[{"href":"https:\/\/9staedte.de\/es\/wp-json\/wp\/v2\/types\/page"}],"author":[{"embeddable":true,"href":"https:\/\/9staedte.de\/es\/wp-json\/wp\/v2\/users\/1"}],"replies":[{"embeddable":true,"href":"https:\/\/9staedte.de\/es\/wp-json\/wp\/v2\/comments?post=17783"}],"version-history":[{"count":1,"href":"https:\/\/9staedte.de\/es\/wp-json\/wp\/v2\/pages\/17783\/revisions"}],"predecessor-version":[{"id":19810,"href":"https:\/\/9staedte.de\/es\/wp-json\/wp\/v2\/pages\/17783\/revisions\/19810"}],"up":[{"embeddable":true,"href":"https:\/\/9staedte.de\/es\/wp-json\/wp\/v2\/pages\/18032"}],"wp:featuredmedia":[{"embeddable":true,"href":"https:\/\/9staedte.de\/es\/wp-json\/wp\/v2\/media\/17792"}],"wp:attachment":[{"href":"https:\/\/9staedte.de\/es\/wp-json\/wp\/v2\/media?parent=17783"}],"wp:term":[{"taxonomy":"category","embeddable":true,"href":"https:\/\/9staedte.de\/es\/wp-json\/wp\/v2\/categories?post=17783"},{"taxonomy":"post_tag","embeddable":true,"href":"https:\/\/9staedte.de\/es\/wp-json\/wp\/v2\/tags?post=17783"},{"taxonomy":"ncap_cities_tax","embeddable":true,"href":"https:\/\/9staedte.de\/es\/wp-json\/wp\/v2\/ncap_cities_tax?post=17783"}],"curies":[{"name":"wp","href":"https:\/\/api.w.org\/{rel}","templated":true}]}}