{"id":17781,"date":"2023-11-02T09:50:32","date_gmt":"2023-11-02T08:50:32","guid":{"rendered":"https:\/\/9staedte.de\/museos-y-exposiciones-en-autostadt\/"},"modified":"2023-11-02T09:50:32","modified_gmt":"2023-11-02T08:50:32","slug":"museos-y-exposiciones-en-autostadt","status":"publish","type":"page","link":"https:\/\/9staedte.de\/es\/autostadt-en-wolfsburgo\/museos-y-exposiciones-en-autostadt\/","title":{"rendered":"Museos y exposiciones en Autostadt"},"content":{"rendered":"\n<h2 class=\"wp-block-heading\">Hito automovil\u00edstico en la Casa del Tiempo<\/h2>\n\n\n\n<p>Una de las atracciones m\u00e1s populares de la Autostadt es la ZeitHaus. El museo del autom\u00f3vil multimarca presenta modelos de m\u00e1s de 60 fabricantes diferentes. Descubra joyas de m\u00e1s de 130 a\u00f1os de historia del autom\u00f3vil y rememore los Bulli, Beetle y compa\u00f1\u00eda.<\/p>\n\n\n\n<p>Adem\u00e1s del museo del autom\u00f3vil ZeitHaus, el parque tem\u00e1tico del autom\u00f3vil ofrece exposiciones interactivas y oportunidades educativas para todas las edades.<br><br><a href=\"http:\/\/www.autostadt.de\" target=\"_blank\" rel=\"noreferrer noopener\">www.autostadt.de<\/a><\/p>\n\n\n\n <div class=\"brlbs-cmpnt-container brlbs-cmpnt-content-blocker brlbs-cmpnt-with-individual-styles\" data-borlabs-cookie-content-blocker-id=\"google-maps\" data-borlabs-cookie-content=\"PGlmcmFtZSBzcmM9Imh0dHBzOi8vd3d3Lmdvb2dsZS5jb20vbWFwcy9lbWJlZD9wYj0hMW0xOCExbTEyITFtMyExZDI0MzIuNjEyNzM4MDE2MjMxNiEyZDEwLjc4ODI3NzQ3NzMyNTQzITNkNTIuNDMxODE0MjcyMDM4MjMhMm0zITFmMCEyZjAhM2YwITNtMiExaTEwMjQhMmk3NjghNGYxMy4xITNtMyExbTIhMXMweDQ3YWY5M2I2ZGRiODA3YzklM0EweDRkMGIzZWVjMTZlNzExYmUhMnNWVyUyMFplaXRIYXVzJTIwTXVzZXVtITVlMCEzbTIhMXNkZSEyc2RlITR2MTY5MjE3NDQyMzk4NSE1bTIhMXNkZSEyc2RlIiB3aWR0aD0iNjAwIiBoZWlnaHQ9IjQ1MCIgc3R5bGU9ImJvcmRlcjowOyIgYWxsb3dmdWxsc2NyZWVuPSIiIGxvYWRpbmc9ImxhenkiIHJlZmVycmVycG9saWN5PSJuby1yZWZlcnJlci13aGVuLWRvd25ncmFkZSI+PC9pZnJhbWU+\"><div class=\"brlbs-cmpnt-cb-preset-b brlbs-cmpnt-cb-google-maps\"> <div class=\"brlbs-cmpnt-cb-thumbnail\" style=\"background-image: url('https:\/\/9staedte.de\/wp-content\/uploads\/borlabs-cookie\/1\/brlbs-cb-google-maps-main.png')\"><\/div> <div class=\"brlbs-cmpnt-cb-main\"> <div class=\"brlbs-cmpnt-cb-content\"> <p class=\"brlbs-cmpnt-cb-description\">Est\u00e1s viendo un contenido de marcador de posici\u00f3n de <strong>Google Maps<\/strong>. Para acceder al contenido real, haz clic en el siguiente bot\u00f3n. Ten en cuenta que al hacerlo compartir\u00e1s datos con terceros proveedores.<\/p> <a class=\"brlbs-cmpnt-cb-provider-toggle\" href=\"#\" data-borlabs-cookie-show-provider-information role=\"button\">M\u00e1s informaci\u00f3n<\/a> <\/div> <div class=\"brlbs-cmpnt-cb-buttons\"> <a class=\"brlbs-cmpnt-cb-btn\" href=\"#\" data-borlabs-cookie-unblock role=\"button\">Desbloquear contenido<\/a> <a class=\"brlbs-cmpnt-cb-btn\" href=\"#\" data-borlabs-cookie-accept-service role=\"button\" style=\"display: inherit\">Aceptar el servicio requerido y desbloquear el contenido<\/a> <\/div> <\/div> <\/div><\/div>\n","protected":false},"excerpt":{"rendered":"<p>Hito automovil\u00edstico en la Casa del Tiempo Una de las atracciones m\u00e1s populares de la Autostadt es la ZeitHaus. El museo del autom\u00f3vil multimarca presenta modelos de m\u00e1s de 60 fabricantes diferentes. Descubra joyas de m\u00e1s de 130 a\u00f1os de historia del autom\u00f3vil y rememore los Bulli, Beetle y compa\u00f1\u00eda. Adem\u00e1s del museo del autom\u00f3vil [&hellip;]<\/p>\n","protected":false},"author":1,"featured_media":17784,"parent":17956,"menu_order":0,"comment_status":"closed","ping_status":"closed","template":"","meta":{"_acf_changed":false,"footnotes":""},"categories":[],"tags":[],"ncap_cities_tax":[487,697],"class_list":["post-17781","page","type-page","status-publish","has-post-thumbnail","hentry","ncap_cities_tax-autostadt-es","ncap_cities_tax-museen-autostadt-es"],"acf":[],"yoast_head":"<!-- This site is optimized with the Yoast SEO plugin v27.4 - https:\/\/yoast.com\/product\/yoast-seo-wordpress\/ -->\n<title>Museos y exposiciones en Autostadt - 9 St\u00e4dte in Niedersachsen<\/title>\n<meta name=\"robots\" content=\"index, follow, max-snippet:-1, max-image-preview:large, max-video-preview:-1\" \/>\n<link rel=\"canonical\" href=\"https:\/\/9staedte.de\/es\/autostadt-en-wolfsburgo\/museos-y-exposiciones-en-autostadt\/\" \/>\n<meta property=\"og:locale\" content=\"es_ES\" \/>\n<meta property=\"og:type\" content=\"article\" \/>\n<meta property=\"og:title\" content=\"Museos y exposiciones en Autostadt - 9 St\u00e4dte in Niedersachsen\" \/>\n<meta property=\"og:description\" content=\"Hito automovil\u00edstico en la Casa del Tiempo Una de las atracciones m\u00e1s populares de la Autostadt es la ZeitHaus. El museo del autom\u00f3vil multimarca presenta modelos de m\u00e1s de 60 fabricantes diferentes. Descubra joyas de m\u00e1s de 130 a\u00f1os de historia del autom\u00f3vil y rememore los Bulli, Beetle y compa\u00f1\u00eda. Adem\u00e1s del museo del autom\u00f3vil [&hellip;]\" \/>\n<meta property=\"og:url\" content=\"https:\/\/9staedte.de\/es\/autostadt-en-wolfsburgo\/museos-y-exposiciones-en-autostadt\/\" \/>\n<meta property=\"og:site_name\" content=\"9 St\u00e4dte in Niedersachsen\" \/>\n<meta property=\"og:image\" content=\"https:\/\/9staedte.de\/wp-content\/uploads\/2023\/01\/Zeit-Haus-c-Autostadt-GmbH-Nele-Martensen.jpg\" \/>\n\t<meta property=\"og:image:width\" content=\"1020\" \/>\n\t<meta property=\"og:image:height\" content=\"560\" \/>\n\t<meta property=\"og:image:type\" content=\"image\/jpeg\" \/>\n<meta name=\"twitter:card\" content=\"summary_large_image\" \/>\n<script type=\"application\/ld+json\" class=\"yoast-schema-graph\">{\"@context\":\"https:\\\/\\\/schema.org\",\"@graph\":[{\"@type\":\"WebPage\",\"@id\":\"https:\\\/\\\/9staedte.de\\\/es\\\/autostadt-en-wolfsburgo\\\/museos-y-exposiciones-en-autostadt\\\/\",\"url\":\"https:\\\/\\\/9staedte.de\\\/es\\\/autostadt-en-wolfsburgo\\\/museos-y-exposiciones-en-autostadt\\\/\",\"name\":\"Museos y exposiciones en Autostadt - 9 St\u00e4dte in Niedersachsen\",\"isPartOf\":{\"@id\":\"https:\\\/\\\/9staedte.de\\\/es\\\/#website\"},\"primaryImageOfPage\":{\"@id\":\"https:\\\/\\\/9staedte.de\\\/es\\\/autostadt-en-wolfsburgo\\\/museos-y-exposiciones-en-autostadt\\\/#primaryimage\"},\"image\":{\"@id\":\"https:\\\/\\\/9staedte.de\\\/es\\\/autostadt-en-wolfsburgo\\\/museos-y-exposiciones-en-autostadt\\\/#primaryimage\"},\"thumbnailUrl\":\"https:\\\/\\\/9staedte.de\\\/wp-content\\\/uploads\\\/2023\\\/01\\\/Zeit-Haus-c-Autostadt-GmbH-Nele-Martensen.jpg\",\"datePublished\":\"2023-11-02T08:50:32+00:00\",\"breadcrumb\":{\"@id\":\"https:\\\/\\\/9staedte.de\\\/es\\\/autostadt-en-wolfsburgo\\\/museos-y-exposiciones-en-autostadt\\\/#breadcrumb\"},\"inLanguage\":\"es\",\"potentialAction\":[{\"@type\":\"ReadAction\",\"target\":[\"https:\\\/\\\/9staedte.de\\\/es\\\/autostadt-en-wolfsburgo\\\/museos-y-exposiciones-en-autostadt\\\/\"]}]},{\"@type\":\"ImageObject\",\"inLanguage\":\"es\",\"@id\":\"https:\\\/\\\/9staedte.de\\\/es\\\/autostadt-en-wolfsburgo\\\/museos-y-exposiciones-en-autostadt\\\/#primaryimage\",\"url\":\"https:\\\/\\\/9staedte.de\\\/wp-content\\\/uploads\\\/2023\\\/01\\\/Zeit-Haus-c-Autostadt-GmbH-Nele-Martensen.jpg\",\"contentUrl\":\"https:\\\/\\\/9staedte.de\\\/wp-content\\\/uploads\\\/2023\\\/01\\\/Zeit-Haus-c-Autostadt-GmbH-Nele-Martensen.jpg\",\"width\":1020,\"height\":560,\"caption\":\"Zeit Haus c) Autostadt GmbH Nele Martensen\"},{\"@type\":\"BreadcrumbList\",\"@id\":\"https:\\\/\\\/9staedte.de\\\/es\\\/autostadt-en-wolfsburgo\\\/museos-y-exposiciones-en-autostadt\\\/#breadcrumb\",\"itemListElement\":[{\"@type\":\"ListItem\",\"position\":1,\"name\":\"Startseite\",\"item\":\"https:\\\/\\\/9staedte.de\\\/es\\\/\"},{\"@type\":\"ListItem\",\"position\":2,\"name\":\"Museos y exposiciones en Autostadt\"}]},{\"@type\":\"WebSite\",\"@id\":\"https:\\\/\\\/9staedte.de\\\/es\\\/#website\",\"url\":\"https:\\\/\\\/9staedte.de\\\/es\\\/\",\"name\":\"9 St\u00e4dte in Niedersachsen\",\"description\":\"\",\"publisher\":{\"@id\":\"https:\\\/\\\/9staedte.de\\\/es\\\/#organization\"},\"potentialAction\":[{\"@type\":\"SearchAction\",\"target\":{\"@type\":\"EntryPoint\",\"urlTemplate\":\"https:\\\/\\\/9staedte.de\\\/es\\\/?s={search_term_string}\"},\"query-input\":{\"@type\":\"PropertyValueSpecification\",\"valueRequired\":true,\"valueName\":\"search_term_string\"}}],\"inLanguage\":\"es\"},{\"@type\":\"Organization\",\"@id\":\"https:\\\/\\\/9staedte.de\\\/es\\\/#organization\",\"name\":\"9 St\u00e4dte in Niedersachsen\",\"url\":\"https:\\\/\\\/9staedte.de\\\/es\\\/\",\"logo\":{\"@type\":\"ImageObject\",\"inLanguage\":\"es\",\"@id\":\"https:\\\/\\\/9staedte.de\\\/es\\\/#\\\/schema\\\/logo\\\/image\\\/\",\"url\":\"https:\\\/\\\/9staedte.de\\\/wp-content\\\/uploads\\\/2025\\\/01\\\/9-neg-deutsch-2-1.png\",\"contentUrl\":\"https:\\\/\\\/9staedte.de\\\/wp-content\\\/uploads\\\/2025\\\/01\\\/9-neg-deutsch-2-1.png\",\"width\":190,\"height\":114,\"caption\":\"9 St\u00e4dte in Niedersachsen\"},\"image\":{\"@id\":\"https:\\\/\\\/9staedte.de\\\/es\\\/#\\\/schema\\\/logo\\\/image\\\/\"}}]}<\/script>\n<!-- \/ Yoast SEO plugin. -->","yoast_head_json":{"title":"Museos y exposiciones en Autostadt - 9 St\u00e4dte in Niedersachsen","robots":{"index":"index","follow":"follow","max-snippet":"max-snippet:-1","max-image-preview":"max-image-preview:large","max-video-preview":"max-video-preview:-1"},"canonical":"https:\/\/9staedte.de\/es\/autostadt-en-wolfsburgo\/museos-y-exposiciones-en-autostadt\/","og_locale":"es_ES","og_type":"article","og_title":"Museos y exposiciones en Autostadt - 9 St\u00e4dte in Niedersachsen","og_description":"Hito automovil\u00edstico en la Casa del Tiempo Una de las atracciones m\u00e1s populares de la Autostadt es la ZeitHaus. El museo del autom\u00f3vil multimarca presenta modelos de m\u00e1s de 60 fabricantes diferentes. Descubra joyas de m\u00e1s de 130 a\u00f1os de historia del autom\u00f3vil y rememore los Bulli, Beetle y compa\u00f1\u00eda. Adem\u00e1s del museo del autom\u00f3vil [&hellip;]","og_url":"https:\/\/9staedte.de\/es\/autostadt-en-wolfsburgo\/museos-y-exposiciones-en-autostadt\/","og_site_name":"9 St\u00e4dte in Niedersachsen","og_image":[{"width":1020,"height":560,"url":"https:\/\/9staedte.de\/wp-content\/uploads\/2023\/01\/Zeit-Haus-c-Autostadt-GmbH-Nele-Martensen.jpg","type":"image\/jpeg"}],"twitter_card":"summary_large_image","schema":{"@context":"https:\/\/schema.org","@graph":[{"@type":"WebPage","@id":"https:\/\/9staedte.de\/es\/autostadt-en-wolfsburgo\/museos-y-exposiciones-en-autostadt\/","url":"https:\/\/9staedte.de\/es\/autostadt-en-wolfsburgo\/museos-y-exposiciones-en-autostadt\/","name":"Museos y exposiciones en Autostadt - 9 St\u00e4dte in Niedersachsen","isPartOf":{"@id":"https:\/\/9staedte.de\/es\/#website"},"primaryImageOfPage":{"@id":"https:\/\/9staedte.de\/es\/autostadt-en-wolfsburgo\/museos-y-exposiciones-en-autostadt\/#primaryimage"},"image":{"@id":"https:\/\/9staedte.de\/es\/autostadt-en-wolfsburgo\/museos-y-exposiciones-en-autostadt\/#primaryimage"},"thumbnailUrl":"https:\/\/9staedte.de\/wp-content\/uploads\/2023\/01\/Zeit-Haus-c-Autostadt-GmbH-Nele-Martensen.jpg","datePublished":"2023-11-02T08:50:32+00:00","breadcrumb":{"@id":"https:\/\/9staedte.de\/es\/autostadt-en-wolfsburgo\/museos-y-exposiciones-en-autostadt\/#breadcrumb"},"inLanguage":"es","potentialAction":[{"@type":"ReadAction","target":["https:\/\/9staedte.de\/es\/autostadt-en-wolfsburgo\/museos-y-exposiciones-en-autostadt\/"]}]},{"@type":"ImageObject","inLanguage":"es","@id":"https:\/\/9staedte.de\/es\/autostadt-en-wolfsburgo\/museos-y-exposiciones-en-autostadt\/#primaryimage","url":"https:\/\/9staedte.de\/wp-content\/uploads\/2023\/01\/Zeit-Haus-c-Autostadt-GmbH-Nele-Martensen.jpg","contentUrl":"https:\/\/9staedte.de\/wp-content\/uploads\/2023\/01\/Zeit-Haus-c-Autostadt-GmbH-Nele-Martensen.jpg","width":1020,"height":560,"caption":"Zeit Haus c) Autostadt GmbH Nele Martensen"},{"@type":"BreadcrumbList","@id":"https:\/\/9staedte.de\/es\/autostadt-en-wolfsburgo\/museos-y-exposiciones-en-autostadt\/#breadcrumb","itemListElement":[{"@type":"ListItem","position":1,"name":"Startseite","item":"https:\/\/9staedte.de\/es\/"},{"@type":"ListItem","position":2,"name":"Museos y exposiciones en Autostadt"}]},{"@type":"WebSite","@id":"https:\/\/9staedte.de\/es\/#website","url":"https:\/\/9staedte.de\/es\/","name":"9 St\u00e4dte in Niedersachsen","description":"","publisher":{"@id":"https:\/\/9staedte.de\/es\/#organization"},"potentialAction":[{"@type":"SearchAction","target":{"@type":"EntryPoint","urlTemplate":"https:\/\/9staedte.de\/es\/?s={search_term_string}"},"query-input":{"@type":"PropertyValueSpecification","valueRequired":true,"valueName":"search_term_string"}}],"inLanguage":"es"},{"@type":"Organization","@id":"https:\/\/9staedte.de\/es\/#organization","name":"9 St\u00e4dte in Niedersachsen","url":"https:\/\/9staedte.de\/es\/","logo":{"@type":"ImageObject","inLanguage":"es","@id":"https:\/\/9staedte.de\/es\/#\/schema\/logo\/image\/","url":"https:\/\/9staedte.de\/wp-content\/uploads\/2025\/01\/9-neg-deutsch-2-1.png","contentUrl":"https:\/\/9staedte.de\/wp-content\/uploads\/2025\/01\/9-neg-deutsch-2-1.png","width":190,"height":114,"caption":"9 St\u00e4dte in Niedersachsen"},"image":{"@id":"https:\/\/9staedte.de\/es\/#\/schema\/logo\/image\/"}}]}},"_links":{"self":[{"href":"https:\/\/9staedte.de\/es\/wp-json\/wp\/v2\/pages\/17781","targetHints":{"allow":["GET"]}}],"collection":[{"href":"https:\/\/9staedte.de\/es\/wp-json\/wp\/v2\/pages"}],"about":[{"href":"https:\/\/9staedte.de\/es\/wp-json\/wp\/v2\/types\/page"}],"author":[{"embeddable":true,"href":"https:\/\/9staedte.de\/es\/wp-json\/wp\/v2\/users\/1"}],"replies":[{"embeddable":true,"href":"https:\/\/9staedte.de\/es\/wp-json\/wp\/v2\/comments?post=17781"}],"version-history":[{"count":0,"href":"https:\/\/9staedte.de\/es\/wp-json\/wp\/v2\/pages\/17781\/revisions"}],"up":[{"embeddable":true,"href":"https:\/\/9staedte.de\/es\/wp-json\/wp\/v2\/pages\/17956"}],"wp:featuredmedia":[{"embeddable":true,"href":"https:\/\/9staedte.de\/es\/wp-json\/wp\/v2\/media\/17784"}],"wp:attachment":[{"href":"https:\/\/9staedte.de\/es\/wp-json\/wp\/v2\/media?parent=17781"}],"wp:term":[{"taxonomy":"category","embeddable":true,"href":"https:\/\/9staedte.de\/es\/wp-json\/wp\/v2\/categories?post=17781"},{"taxonomy":"post_tag","embeddable":true,"href":"https:\/\/9staedte.de\/es\/wp-json\/wp\/v2\/tags?post=17781"},{"taxonomy":"ncap_cities_tax","embeddable":true,"href":"https:\/\/9staedte.de\/es\/wp-json\/wp\/v2\/ncap_cities_tax?post=17781"}],"curies":[{"name":"wp","href":"https:\/\/api.w.org\/{rel}","templated":true}]}}