{"id":17767,"date":"2023-11-02T09:50:31","date_gmt":"2023-11-02T08:50:31","guid":{"rendered":"https:\/\/9staedte.de\/braunschweig-la-ciudad-del-leon\/castillos-y-jardines-en-brunswick\/"},"modified":"2023-11-02T17:20:05","modified_gmt":"2023-11-02T16:20:05","slug":"castillos-y-jardines-en-brunswick","status":"publish","type":"page","link":"https:\/\/9staedte.de\/es\/braunschweig-la-ciudad-del-leon\/castillos-y-jardines-en-brunswick\/","title":{"rendered":"Castillos y jardines en Brunswick"},"content":{"rendered":"\r\n\r\n    <div class=\"filter-posts\">\r\n            <div  id=\"filterContent\">\r\n                                                        \n<div class=\"contentKachel filtr-item\" data-category=\"braunschweig-es\">\n    <a href=\"https:\/\/9staedte.de\/es\/arquitectura-barroca-tardia-en-el-castillo-de-richmond\/\">\n        <div class=\"contentKachel-inner\">\n                            <div class=\"contentKachel-thumbnail\">\n                    <img loading=\"lazy\" decoding=\"async\" width=\"300\" height=\"165\" src=\"https:\/\/9staedte.de\/wp-content\/smush-webp\/2022\/06\/Braunschweig-Richmond-palace-c-Braunschweig-Stadtmarketing-GmbH-300x165.jpg.webp\" class=\"objectfitcover withfilters wp-post-image\" alt=\"La imagen muestra un peque\u00f1o palacio. El palacio es redondo y tiene ventanas grandes. Delante hay muchas flores rojas. Detr\u00e1s del palacio hay \u00e1rboles grandes. El cielo est\u00e1 azul con algunas nubes.\" srcset=\"https:\/\/9staedte.de\/wp-content\/smush-webp\/2022\/06\/Braunschweig-Richmond-palace-c-Braunschweig-Stadtmarketing-GmbH-300x165.jpg.webp 300w, https:\/\/9staedte.de\/wp-content\/smush-webp\/2022\/06\/Braunschweig-Richmond-palace-c-Braunschweig-Stadtmarketing-GmbH-768x422.jpg.webp 768w, https:\/\/9staedte.de\/wp-content\/smush-webp\/2022\/06\/Braunschweig-Richmond-palace-c-Braunschweig-Stadtmarketing-GmbH.jpg.webp 1020w\" sizes=\"auto, (max-width: 300px) 100vw, 300px\" \/>                    <img loading=\"lazy\" decoding=\"async\" width=\"300\" height=\"165\" src=\"https:\/\/9staedte.de\/wp-content\/smush-webp\/2022\/06\/Braunschweig-Richmond-palace-c-Braunschweig-Stadtmarketing-GmbH-300x165.jpg.webp\" class=\"objectfitcontain wp-post-image\" alt=\"La imagen muestra un peque\u00f1o palacio. El palacio es redondo y tiene ventanas grandes. Delante hay muchas flores rojas. Detr\u00e1s del palacio hay \u00e1rboles grandes. El cielo est\u00e1 azul con algunas nubes.\" srcset=\"https:\/\/9staedte.de\/wp-content\/smush-webp\/2022\/06\/Braunschweig-Richmond-palace-c-Braunschweig-Stadtmarketing-GmbH-300x165.jpg.webp 300w, https:\/\/9staedte.de\/wp-content\/smush-webp\/2022\/06\/Braunschweig-Richmond-palace-c-Braunschweig-Stadtmarketing-GmbH-768x422.jpg.webp 768w, https:\/\/9staedte.de\/wp-content\/smush-webp\/2022\/06\/Braunschweig-Richmond-palace-c-Braunschweig-Stadtmarketing-GmbH.jpg.webp 1020w\" sizes=\"auto, (max-width: 300px) 100vw, 300px\" \/>                        <div class=\"thumbnail-label\">\n    <span>Braunschweig Richmond palace c) Braunschweig Stadtmarketing GmbH<\/span>\n    <\/div>\n                <\/div>\n                        <div class=\"contentKachel-content\">\n                                    <div class=\"city-tag bg-braunschweig\">\n                        Braunschweig                    <\/div>\n                \n                <div class=\"title\">\n\n                    Arquitectura barroca tard\u00eda en el castillo de Richmond                    \n                <\/div>\n\n                            <\/div>\n\n        <\/div>\n    <\/a>\n<\/div>                                                        \n<div class=\"contentKachel filtr-item\" data-category=\"braunschweig-es\">\n    <a href=\"https:\/\/9staedte.de\/es\/parques-y-jardines-de-brunswick-en-torno-al-rio-oker\/\">\n        <div class=\"contentKachel-inner\">\n                            <div class=\"contentKachel-thumbnail\">\n                    <img loading=\"lazy\" decoding=\"async\" width=\"300\" height=\"163\" src=\"https:\/\/9staedte.de\/wp-content\/smush-webp\/2023\/02\/Braunschweig_Buergerpark_Oker_Paddeln_Braunschweig-Stadtmarketing-GmbH_Daniel-Moeller-2-300x163.jpg.webp\" class=\"objectfitcover withfilters wp-post-image\" alt=\"DLa imagen muestra a personas remando por el r\u00edo Oker en Braunschweig. Dos canoas navegan por un r\u00edo tranquilo. Las embarcaciones est\u00e1n rodeadas de vegetaci\u00f3n y \u00e1rboles. En el fondo se ve un peque\u00f1o puente. Es un d\u00eda soleado.\" srcset=\"https:\/\/9staedte.de\/wp-content\/smush-webp\/2023\/02\/Braunschweig_Buergerpark_Oker_Paddeln_Braunschweig-Stadtmarketing-GmbH_Daniel-Moeller-2-300x163.jpg.webp 300w, https:\/\/9staedte.de\/wp-content\/smush-webp\/2023\/02\/Braunschweig_Buergerpark_Oker_Paddeln_Braunschweig-Stadtmarketing-GmbH_Daniel-Moeller-2-768x416.jpg.webp 768w, https:\/\/9staedte.de\/wp-content\/smush-webp\/2023\/02\/Braunschweig_Buergerpark_Oker_Paddeln_Braunschweig-Stadtmarketing-GmbH_Daniel-Moeller-2.jpg.webp 1020w\" sizes=\"auto, (max-width: 300px) 100vw, 300px\" \/>                    <img loading=\"lazy\" decoding=\"async\" width=\"300\" height=\"163\" src=\"https:\/\/9staedte.de\/wp-content\/smush-webp\/2023\/02\/Braunschweig_Buergerpark_Oker_Paddeln_Braunschweig-Stadtmarketing-GmbH_Daniel-Moeller-2-300x163.jpg.webp\" class=\"objectfitcontain wp-post-image\" alt=\"DLa imagen muestra a personas remando por el r\u00edo Oker en Braunschweig. Dos canoas navegan por un r\u00edo tranquilo. Las embarcaciones est\u00e1n rodeadas de vegetaci\u00f3n y \u00e1rboles. En el fondo se ve un peque\u00f1o puente. Es un d\u00eda soleado.\" srcset=\"https:\/\/9staedte.de\/wp-content\/smush-webp\/2023\/02\/Braunschweig_Buergerpark_Oker_Paddeln_Braunschweig-Stadtmarketing-GmbH_Daniel-Moeller-2-300x163.jpg.webp 300w, https:\/\/9staedte.de\/wp-content\/smush-webp\/2023\/02\/Braunschweig_Buergerpark_Oker_Paddeln_Braunschweig-Stadtmarketing-GmbH_Daniel-Moeller-2-768x416.jpg.webp 768w, https:\/\/9staedte.de\/wp-content\/smush-webp\/2023\/02\/Braunschweig_Buergerpark_Oker_Paddeln_Braunschweig-Stadtmarketing-GmbH_Daniel-Moeller-2.jpg.webp 1020w\" sizes=\"auto, (max-width: 300px) 100vw, 300px\" \/>                        <div class=\"thumbnail-label\">\n    <span>Braunschweig_B\u00fcrgerpark_Oker_Paddeln_Braunschweig Stadtmarketing GmbH_Daniel M\u00f6ller (2)<\/span>\n    <\/div>\n                <\/div>\n                        <div class=\"contentKachel-content\">\n                                    <div class=\"city-tag bg-braunschweig\">\n                        Braunschweig                    <\/div>\n                \n                <div class=\"title\">\n\n                    Parques y jardines de Brunswick en torno al r\u00edo Oker                    \n                <\/div>\n\n                            <\/div>\n\n        <\/div>\n    <\/a>\n<\/div>                                                        \n<div class=\"contentKachel filtr-item\" data-category=\"braunschweig-es\">\n    <a href=\"https:\/\/9staedte.de\/es\/residencia-palacio-con-cuadriga-y-museo-del-palacio-en-braunschweig\/\">\n        <div class=\"contentKachel-inner\">\n                            <div class=\"contentKachel-thumbnail\">\n                    <img loading=\"lazy\" decoding=\"async\" width=\"300\" height=\"164\" src=\"https:\/\/9staedte.de\/wp-content\/smush-webp\/2022\/03\/Braunschweig-Schloss-c-Braunschweig-Stadtmarketing-Christian-Bierwagen-1-300x164.jpg.webp\" class=\"objectfitcover withfilters wp-post-image\" alt=\"\" srcset=\"https:\/\/9staedte.de\/wp-content\/smush-webp\/2022\/03\/Braunschweig-Schloss-c-Braunschweig-Stadtmarketing-Christian-Bierwagen-1-300x164.jpg.webp 300w, https:\/\/9staedte.de\/wp-content\/smush-webp\/2022\/03\/Braunschweig-Schloss-c-Braunschweig-Stadtmarketing-Christian-Bierwagen-1-768x419.jpg.webp 768w, https:\/\/9staedte.de\/wp-content\/smush-webp\/2022\/03\/Braunschweig-Schloss-c-Braunschweig-Stadtmarketing-Christian-Bierwagen-1.jpg.webp 1020w\" sizes=\"auto, (max-width: 300px) 100vw, 300px\" \/>                    <img loading=\"lazy\" decoding=\"async\" width=\"300\" height=\"164\" src=\"https:\/\/9staedte.de\/wp-content\/smush-webp\/2022\/03\/Braunschweig-Schloss-c-Braunschweig-Stadtmarketing-Christian-Bierwagen-1-300x164.jpg.webp\" class=\"objectfitcontain wp-post-image\" alt=\"\" srcset=\"https:\/\/9staedte.de\/wp-content\/smush-webp\/2022\/03\/Braunschweig-Schloss-c-Braunschweig-Stadtmarketing-Christian-Bierwagen-1-300x164.jpg.webp 300w, https:\/\/9staedte.de\/wp-content\/smush-webp\/2022\/03\/Braunschweig-Schloss-c-Braunschweig-Stadtmarketing-Christian-Bierwagen-1-768x419.jpg.webp 768w, https:\/\/9staedte.de\/wp-content\/smush-webp\/2022\/03\/Braunschweig-Schloss-c-Braunschweig-Stadtmarketing-Christian-Bierwagen-1.jpg.webp 1020w\" sizes=\"auto, (max-width: 300px) 100vw, 300px\" \/>                        <div class=\"thumbnail-label\">\n    <span>Braunschweig Schloss c) Braunschweig Stadtmarketing Christian Bierwagen<\/span>\n    <\/div>\n                <\/div>\n                        <div class=\"contentKachel-content\">\n                                    <div class=\"city-tag bg-braunschweig\">\n                        Braunschweig                    <\/div>\n                \n                <div class=\"title\">\n\n                    Residencia Palacio con Cuadriga y Museo del Palacio en Braunschweig                    \n                <\/div>\n\n                            <\/div>\n\n        <\/div>\n    <\/a>\n<\/div>                                                        \n<div class=\"contentKachel filtr-item\" data-category=\"braunschweig-es\">\n    <a href=\"https:\/\/9staedte.de\/es\/castillo-de-dankwarderode\/\">\n        <div class=\"contentKachel-inner\">\n                            <div class=\"contentKachel-thumbnail\">\n                    <img loading=\"lazy\" decoding=\"async\" width=\"300\" height=\"165\" src=\"https:\/\/9staedte.de\/wp-content\/smush-webp\/2023\/01\/Burgplatz_cc-by-nd-Braunschweig-Stadtmarketing-GmbH-Christian-Bierwagen--300x165.jpg.webp\" class=\"objectfitcover withfilters wp-post-image\" alt=\"La imagen muestra la plaza Burgplatz en Braunschweig. En el centro hay una estatua de le\u00f3n sobre un pedestal alto. A la izquierda hay un edificio antiguo con arcos. A la derecha se ve una gran iglesia con muchas ventanas. En el fondo hay una torre alta con una punta verde. Algunas personas caminan por la plaza. El cielo est\u00e1 claro con algunas nubes. El ambiente es tranquilo y amable.\" srcset=\"https:\/\/9staedte.de\/wp-content\/smush-webp\/2023\/01\/Burgplatz_cc-by-nd-Braunschweig-Stadtmarketing-GmbH-Christian-Bierwagen--300x165.jpg.webp 300w, https:\/\/9staedte.de\/wp-content\/smush-webp\/2023\/01\/Burgplatz_cc-by-nd-Braunschweig-Stadtmarketing-GmbH-Christian-Bierwagen--768x422.jpg.webp 768w, https:\/\/9staedte.de\/wp-content\/smush-webp\/2023\/01\/Burgplatz_cc-by-nd-Braunschweig-Stadtmarketing-GmbH-Christian-Bierwagen-.jpg.webp 1020w\" sizes=\"auto, (max-width: 300px) 100vw, 300px\" \/>                    <img loading=\"lazy\" decoding=\"async\" width=\"300\" height=\"165\" src=\"https:\/\/9staedte.de\/wp-content\/smush-webp\/2023\/01\/Burgplatz_cc-by-nd-Braunschweig-Stadtmarketing-GmbH-Christian-Bierwagen--300x165.jpg.webp\" class=\"objectfitcontain wp-post-image\" alt=\"La imagen muestra la plaza Burgplatz en Braunschweig. En el centro hay una estatua de le\u00f3n sobre un pedestal alto. A la izquierda hay un edificio antiguo con arcos. A la derecha se ve una gran iglesia con muchas ventanas. En el fondo hay una torre alta con una punta verde. Algunas personas caminan por la plaza. El cielo est\u00e1 claro con algunas nubes. El ambiente es tranquilo y amable.\" srcset=\"https:\/\/9staedte.de\/wp-content\/smush-webp\/2023\/01\/Burgplatz_cc-by-nd-Braunschweig-Stadtmarketing-GmbH-Christian-Bierwagen--300x165.jpg.webp 300w, https:\/\/9staedte.de\/wp-content\/smush-webp\/2023\/01\/Burgplatz_cc-by-nd-Braunschweig-Stadtmarketing-GmbH-Christian-Bierwagen--768x422.jpg.webp 768w, https:\/\/9staedte.de\/wp-content\/smush-webp\/2023\/01\/Burgplatz_cc-by-nd-Braunschweig-Stadtmarketing-GmbH-Christian-Bierwagen-.jpg.webp 1020w\" sizes=\"auto, (max-width: 300px) 100vw, 300px\" \/>                        <div class=\"thumbnail-label\">\n    <span>Braunschweig Burgplatz c) Braunschweig Stadtmarketing \/ Christian Bierwagen<\/span>\n    <\/div>\n                <\/div>\n                        <div class=\"contentKachel-content\">\n                                    <div class=\"city-tag bg-braunschweig\">\n                        Braunschweig                    <\/div>\n                \n                <div class=\"title\">\n\n                    Castillo de Dankwarderode                    \n                <\/div>\n\n                            <\/div>\n\n        <\/div>\n    <\/a>\n<\/div>                                            <\/div>\r\n    <\/div>\r\n","protected":false},"excerpt":{"rendered":"","protected":false},"author":1,"featured_media":17775,"parent":17645,"menu_order":0,"comment_status":"closed","ping_status":"closed","template":"pagetemplates\/template-stadtthema.php","meta":{"_acf_changed":false,"footnotes":""},"categories":[],"tags":[],"ncap_cities_tax":[422,704],"class_list":["post-17767","page","type-page","status-publish","has-post-thumbnail","hentry","ncap_cities_tax-braunschweig-es","ncap_cities_tax-schlosser-und-garten-braunschweig-es"],"acf":[],"yoast_head":"<!-- This site is optimized with the Yoast SEO plugin v26.8 - https:\/\/yoast.com\/product\/yoast-seo-wordpress\/ -->\n<title>Castillos y jardines en Brunswick - 9 St\u00e4dte in Niedersachsen<\/title>\n<meta name=\"robots\" content=\"index, follow, max-snippet:-1, max-image-preview:large, max-video-preview:-1\" \/>\n<link rel=\"canonical\" href=\"https:\/\/9staedte.de\/es\/braunschweig-la-ciudad-del-leon\/castillos-y-jardines-en-brunswick\/\" \/>\n<meta property=\"og:locale\" content=\"es_ES\" \/>\n<meta property=\"og:type\" content=\"article\" \/>\n<meta property=\"og:title\" content=\"Castillos y jardines en Brunswick - 9 St\u00e4dte in Niedersachsen\" \/>\n<meta property=\"og:url\" content=\"https:\/\/9staedte.de\/es\/braunschweig-la-ciudad-del-leon\/castillos-y-jardines-en-brunswick\/\" \/>\n<meta property=\"og:site_name\" content=\"9 St\u00e4dte in Niedersachsen\" \/>\n<meta property=\"article:modified_time\" content=\"2023-11-02T16:20:05+00:00\" \/>\n<meta property=\"og:image\" content=\"https:\/\/9staedte.de\/wp-content\/uploads\/2023\/06\/Braunschweig-Residenzschloss-c-BSM-Christian-Bierwagen-1.jpg\" \/>\n\t<meta property=\"og:image:width\" content=\"1019\" \/>\n\t<meta property=\"og:image:height\" content=\"562\" \/>\n\t<meta property=\"og:image:type\" content=\"image\/jpeg\" \/>\n<meta name=\"twitter:card\" content=\"summary_large_image\" \/>\n<script type=\"application\/ld+json\" class=\"yoast-schema-graph\">{\"@context\":\"https:\/\/schema.org\",\"@graph\":[{\"@type\":\"WebPage\",\"@id\":\"https:\/\/9staedte.de\/es\/braunschweig-la-ciudad-del-leon\/castillos-y-jardines-en-brunswick\/\",\"url\":\"https:\/\/9staedte.de\/es\/braunschweig-la-ciudad-del-leon\/castillos-y-jardines-en-brunswick\/\",\"name\":\"Castillos y jardines en Brunswick - 9 St\u00e4dte in Niedersachsen\",\"isPartOf\":{\"@id\":\"https:\/\/9staedte.de\/es\/#website\"},\"primaryImageOfPage\":{\"@id\":\"https:\/\/9staedte.de\/es\/braunschweig-la-ciudad-del-leon\/castillos-y-jardines-en-brunswick\/#primaryimage\"},\"image\":{\"@id\":\"https:\/\/9staedte.de\/es\/braunschweig-la-ciudad-del-leon\/castillos-y-jardines-en-brunswick\/#primaryimage\"},\"thumbnailUrl\":\"https:\/\/9staedte.de\/wp-content\/uploads\/2023\/06\/Braunschweig-Residenzschloss-c-BSM-Christian-Bierwagen-1.jpg\",\"datePublished\":\"2023-11-02T08:50:31+00:00\",\"dateModified\":\"2023-11-02T16:20:05+00:00\",\"breadcrumb\":{\"@id\":\"https:\/\/9staedte.de\/es\/braunschweig-la-ciudad-del-leon\/castillos-y-jardines-en-brunswick\/#breadcrumb\"},\"inLanguage\":\"es\",\"potentialAction\":[{\"@type\":\"ReadAction\",\"target\":[\"https:\/\/9staedte.de\/es\/braunschweig-la-ciudad-del-leon\/castillos-y-jardines-en-brunswick\/\"]}]},{\"@type\":\"ImageObject\",\"inLanguage\":\"es\",\"@id\":\"https:\/\/9staedte.de\/es\/braunschweig-la-ciudad-del-leon\/castillos-y-jardines-en-brunswick\/#primaryimage\",\"url\":\"https:\/\/9staedte.de\/wp-content\/uploads\/2023\/06\/Braunschweig-Residenzschloss-c-BSM-Christian-Bierwagen-1.jpg\",\"contentUrl\":\"https:\/\/9staedte.de\/wp-content\/uploads\/2023\/06\/Braunschweig-Residenzschloss-c-BSM-Christian-Bierwagen-1.jpg\",\"width\":1019,\"height\":562,\"caption\":\"Braunschweig Residenzschloss c) BSM Christian Bierwagen\"},{\"@type\":\"BreadcrumbList\",\"@id\":\"https:\/\/9staedte.de\/es\/braunschweig-la-ciudad-del-leon\/castillos-y-jardines-en-brunswick\/#breadcrumb\",\"itemListElement\":[{\"@type\":\"ListItem\",\"position\":1,\"name\":\"Startseite\",\"item\":\"https:\/\/9staedte.de\/es\/\"},{\"@type\":\"ListItem\",\"position\":2,\"name\":\"Braunschweig &#8211; City of Lions\",\"item\":\"https:\/\/9staedte.de\/es\/braunschweig-la-ciudad-del-leon\/\"},{\"@type\":\"ListItem\",\"position\":3,\"name\":\"Castillos y jardines en Brunswick\"}]},{\"@type\":\"WebSite\",\"@id\":\"https:\/\/9staedte.de\/es\/#website\",\"url\":\"https:\/\/9staedte.de\/es\/\",\"name\":\"9 St\u00e4dte in Niedersachsen\",\"description\":\"\",\"publisher\":{\"@id\":\"https:\/\/9staedte.de\/es\/#organization\"},\"potentialAction\":[{\"@type\":\"SearchAction\",\"target\":{\"@type\":\"EntryPoint\",\"urlTemplate\":\"https:\/\/9staedte.de\/es\/?s={search_term_string}\"},\"query-input\":{\"@type\":\"PropertyValueSpecification\",\"valueRequired\":true,\"valueName\":\"search_term_string\"}}],\"inLanguage\":\"es\"},{\"@type\":\"Organization\",\"@id\":\"https:\/\/9staedte.de\/es\/#organization\",\"name\":\"9 St\u00e4dte in Niedersachsen\",\"url\":\"https:\/\/9staedte.de\/es\/\",\"logo\":{\"@type\":\"ImageObject\",\"inLanguage\":\"es\",\"@id\":\"https:\/\/9staedte.de\/es\/#\/schema\/logo\/image\/\",\"url\":\"https:\/\/9staedte.de\/wp-content\/uploads\/2025\/01\/9-neg-deutsch-2-1.png\",\"contentUrl\":\"https:\/\/9staedte.de\/wp-content\/uploads\/2025\/01\/9-neg-deutsch-2-1.png\",\"width\":190,\"height\":114,\"caption\":\"9 St\u00e4dte in Niedersachsen\"},\"image\":{\"@id\":\"https:\/\/9staedte.de\/es\/#\/schema\/logo\/image\/\"}}]}<\/script>\n<!-- \/ Yoast SEO plugin. -->","yoast_head_json":{"title":"Castillos y jardines en Brunswick - 9 St\u00e4dte in Niedersachsen","robots":{"index":"index","follow":"follow","max-snippet":"max-snippet:-1","max-image-preview":"max-image-preview:large","max-video-preview":"max-video-preview:-1"},"canonical":"https:\/\/9staedte.de\/es\/braunschweig-la-ciudad-del-leon\/castillos-y-jardines-en-brunswick\/","og_locale":"es_ES","og_type":"article","og_title":"Castillos y jardines en Brunswick - 9 St\u00e4dte in Niedersachsen","og_url":"https:\/\/9staedte.de\/es\/braunschweig-la-ciudad-del-leon\/castillos-y-jardines-en-brunswick\/","og_site_name":"9 St\u00e4dte in Niedersachsen","article_modified_time":"2023-11-02T16:20:05+00:00","og_image":[{"width":1019,"height":562,"url":"https:\/\/9staedte.de\/wp-content\/uploads\/2023\/06\/Braunschweig-Residenzschloss-c-BSM-Christian-Bierwagen-1.jpg","type":"image\/jpeg"}],"twitter_card":"summary_large_image","schema":{"@context":"https:\/\/schema.org","@graph":[{"@type":"WebPage","@id":"https:\/\/9staedte.de\/es\/braunschweig-la-ciudad-del-leon\/castillos-y-jardines-en-brunswick\/","url":"https:\/\/9staedte.de\/es\/braunschweig-la-ciudad-del-leon\/castillos-y-jardines-en-brunswick\/","name":"Castillos y jardines en Brunswick - 9 St\u00e4dte in Niedersachsen","isPartOf":{"@id":"https:\/\/9staedte.de\/es\/#website"},"primaryImageOfPage":{"@id":"https:\/\/9staedte.de\/es\/braunschweig-la-ciudad-del-leon\/castillos-y-jardines-en-brunswick\/#primaryimage"},"image":{"@id":"https:\/\/9staedte.de\/es\/braunschweig-la-ciudad-del-leon\/castillos-y-jardines-en-brunswick\/#primaryimage"},"thumbnailUrl":"https:\/\/9staedte.de\/wp-content\/uploads\/2023\/06\/Braunschweig-Residenzschloss-c-BSM-Christian-Bierwagen-1.jpg","datePublished":"2023-11-02T08:50:31+00:00","dateModified":"2023-11-02T16:20:05+00:00","breadcrumb":{"@id":"https:\/\/9staedte.de\/es\/braunschweig-la-ciudad-del-leon\/castillos-y-jardines-en-brunswick\/#breadcrumb"},"inLanguage":"es","potentialAction":[{"@type":"ReadAction","target":["https:\/\/9staedte.de\/es\/braunschweig-la-ciudad-del-leon\/castillos-y-jardines-en-brunswick\/"]}]},{"@type":"ImageObject","inLanguage":"es","@id":"https:\/\/9staedte.de\/es\/braunschweig-la-ciudad-del-leon\/castillos-y-jardines-en-brunswick\/#primaryimage","url":"https:\/\/9staedte.de\/wp-content\/uploads\/2023\/06\/Braunschweig-Residenzschloss-c-BSM-Christian-Bierwagen-1.jpg","contentUrl":"https:\/\/9staedte.de\/wp-content\/uploads\/2023\/06\/Braunschweig-Residenzschloss-c-BSM-Christian-Bierwagen-1.jpg","width":1019,"height":562,"caption":"Braunschweig Residenzschloss c) BSM Christian Bierwagen"},{"@type":"BreadcrumbList","@id":"https:\/\/9staedte.de\/es\/braunschweig-la-ciudad-del-leon\/castillos-y-jardines-en-brunswick\/#breadcrumb","itemListElement":[{"@type":"ListItem","position":1,"name":"Startseite","item":"https:\/\/9staedte.de\/es\/"},{"@type":"ListItem","position":2,"name":"Braunschweig &#8211; City of Lions","item":"https:\/\/9staedte.de\/es\/braunschweig-la-ciudad-del-leon\/"},{"@type":"ListItem","position":3,"name":"Castillos y jardines en Brunswick"}]},{"@type":"WebSite","@id":"https:\/\/9staedte.de\/es\/#website","url":"https:\/\/9staedte.de\/es\/","name":"9 St\u00e4dte in Niedersachsen","description":"","publisher":{"@id":"https:\/\/9staedte.de\/es\/#organization"},"potentialAction":[{"@type":"SearchAction","target":{"@type":"EntryPoint","urlTemplate":"https:\/\/9staedte.de\/es\/?s={search_term_string}"},"query-input":{"@type":"PropertyValueSpecification","valueRequired":true,"valueName":"search_term_string"}}],"inLanguage":"es"},{"@type":"Organization","@id":"https:\/\/9staedte.de\/es\/#organization","name":"9 St\u00e4dte in Niedersachsen","url":"https:\/\/9staedte.de\/es\/","logo":{"@type":"ImageObject","inLanguage":"es","@id":"https:\/\/9staedte.de\/es\/#\/schema\/logo\/image\/","url":"https:\/\/9staedte.de\/wp-content\/uploads\/2025\/01\/9-neg-deutsch-2-1.png","contentUrl":"https:\/\/9staedte.de\/wp-content\/uploads\/2025\/01\/9-neg-deutsch-2-1.png","width":190,"height":114,"caption":"9 St\u00e4dte in Niedersachsen"},"image":{"@id":"https:\/\/9staedte.de\/es\/#\/schema\/logo\/image\/"}}]}},"_links":{"self":[{"href":"https:\/\/9staedte.de\/es\/wp-json\/wp\/v2\/pages\/17767","targetHints":{"allow":["GET"]}}],"collection":[{"href":"https:\/\/9staedte.de\/es\/wp-json\/wp\/v2\/pages"}],"about":[{"href":"https:\/\/9staedte.de\/es\/wp-json\/wp\/v2\/types\/page"}],"author":[{"embeddable":true,"href":"https:\/\/9staedte.de\/es\/wp-json\/wp\/v2\/users\/1"}],"replies":[{"embeddable":true,"href":"https:\/\/9staedte.de\/es\/wp-json\/wp\/v2\/comments?post=17767"}],"version-history":[{"count":1,"href":"https:\/\/9staedte.de\/es\/wp-json\/wp\/v2\/pages\/17767\/revisions"}],"predecessor-version":[{"id":19717,"href":"https:\/\/9staedte.de\/es\/wp-json\/wp\/v2\/pages\/17767\/revisions\/19717"}],"up":[{"embeddable":true,"href":"https:\/\/9staedte.de\/es\/wp-json\/wp\/v2\/pages\/17645"}],"wp:featuredmedia":[{"embeddable":true,"href":"https:\/\/9staedte.de\/es\/wp-json\/wp\/v2\/media\/17775"}],"wp:attachment":[{"href":"https:\/\/9staedte.de\/es\/wp-json\/wp\/v2\/media?parent=17767"}],"wp:term":[{"taxonomy":"category","embeddable":true,"href":"https:\/\/9staedte.de\/es\/wp-json\/wp\/v2\/categories?post=17767"},{"taxonomy":"post_tag","embeddable":true,"href":"https:\/\/9staedte.de\/es\/wp-json\/wp\/v2\/tags?post=17767"},{"taxonomy":"ncap_cities_tax","embeddable":true,"href":"https:\/\/9staedte.de\/es\/wp-json\/wp\/v2\/ncap_cities_tax?post=17767"}],"curies":[{"name":"wp","href":"https:\/\/api.w.org\/{rel}","templated":true}]}}