{"id":17750,"date":"2023-11-02T09:50:30","date_gmt":"2023-11-02T08:50:30","guid":{"rendered":"https:\/\/9staedte.de\/museos-y-exposiciones-en-hildesheim\/"},"modified":"2025-10-16T13:01:24","modified_gmt":"2025-10-16T11:01:24","slug":"museos-y-exposiciones-en-hildesheim","status":"publish","type":"page","link":"https:\/\/9staedte.de\/es\/hildesheim-ciudad-patrimonio-de-la-humanidad-de-la-unesco\/museos-y-exposiciones-en-hildesheim\/","title":{"rendered":"Museos y exposiciones en Hildesheim"},"content":{"rendered":"\r\n\r\n    <div class=\"filter-posts\">\r\n            <div  id=\"filterContent\">\r\n                                                        \n<div class=\"contentKachel filtr-item\" data-category=\"hildesheim-es\">\n    <a href=\"https:\/\/9staedte.de\/es\/museo-de-la-catedral-de-hildesheim\/\">\n        <div class=\"contentKachel-inner\">\n                            <div class=\"contentKachel-thumbnail\">\n                    <img loading=\"lazy\" decoding=\"async\" width=\"300\" height=\"223\" src=\"https:\/\/9staedte.de\/wp-content\/smush-webp\/2022\/03\/Dommuseum_monheim_Gobelinraum-1024x7611-1-300x223.jpg.webp\" class=\"objectfitcover withfilters wp-post-image\" alt=\"La imagen muestra una sala del museo de la catedral en Hildesheim. Delante hay una estatua dorada de Mar\u00eda con el ni\u00f1o Jes\u00fas. La estatua brilla y est\u00e1 sentada en un trono. Al fondo hay grandes tapices de colores. Muestran escenas antiguas con personas y edificios. La sala se llama: sala de los tapices. Todo parece antiguo y valioso.\" srcset=\"https:\/\/9staedte.de\/wp-content\/smush-webp\/2022\/03\/Dommuseum_monheim_Gobelinraum-1024x7611-1-300x223.jpg.webp 300w, https:\/\/9staedte.de\/wp-content\/smush-webp\/2022\/03\/Dommuseum_monheim_Gobelinraum-1024x7611-1-768x571.jpg.webp 768w, https:\/\/9staedte.de\/wp-content\/smush-webp\/2022\/03\/Dommuseum_monheim_Gobelinraum-1024x7611-1.jpg.webp 1024w\" sizes=\"auto, (max-width: 300px) 100vw, 300px\" \/>                    <img loading=\"lazy\" decoding=\"async\" width=\"300\" height=\"223\" src=\"https:\/\/9staedte.de\/wp-content\/smush-webp\/2022\/03\/Dommuseum_monheim_Gobelinraum-1024x7611-1-300x223.jpg.webp\" class=\"objectfitcontain wp-post-image\" alt=\"La imagen muestra una sala del museo de la catedral en Hildesheim. Delante hay una estatua dorada de Mar\u00eda con el ni\u00f1o Jes\u00fas. La estatua brilla y est\u00e1 sentada en un trono. Al fondo hay grandes tapices de colores. Muestran escenas antiguas con personas y edificios. La sala se llama: sala de los tapices. Todo parece antiguo y valioso.\" srcset=\"https:\/\/9staedte.de\/wp-content\/smush-webp\/2022\/03\/Dommuseum_monheim_Gobelinraum-1024x7611-1-300x223.jpg.webp 300w, https:\/\/9staedte.de\/wp-content\/smush-webp\/2022\/03\/Dommuseum_monheim_Gobelinraum-1024x7611-1-768x571.jpg.webp 768w, https:\/\/9staedte.de\/wp-content\/smush-webp\/2022\/03\/Dommuseum_monheim_Gobelinraum-1024x7611-1.jpg.webp 1024w\" sizes=\"auto, (max-width: 300px) 100vw, 300px\" \/>                        <div class=\"thumbnail-label\">\n    <span>Dommuseum Hildesheim Gobelinraum; Florian Monheim<\/span>\n    <\/div>\n                <\/div>\n                        <div class=\"contentKachel-content\">\n                                    <div class=\"city-tag bg-hildesheim\">\n                        Hildesheim                    <\/div>\n                \n                <div class=\"title\">\n\n                    Museo de la Catedral de Hildesheim                    \n                <\/div>\n\n                            <\/div>\n\n        <\/div>\n    <\/a>\n<\/div>                                                        \n<div class=\"contentKachel filtr-item\" data-category=\"hildesheim-es\">\n    <a href=\"https:\/\/9staedte.de\/es\/museo-roemer-y-pelizaeus-de-hildesheim\/\">\n        <div class=\"contentKachel-inner\">\n                            <div class=\"contentKachel-thumbnail\">\n                    <img loading=\"lazy\" decoding=\"async\" width=\"300\" height=\"169\" src=\"https:\/\/9staedte.de\/wp-content\/smush-webp\/2022\/03\/Aegyptenausstellung_RPM_c-Romer-und-Pelizaeus-Museum-300x169.jpg.webp\" class=\"objectfitcover withfilters wp-post-image\" alt=\"La imagen muestra un museo con piedras antiguas. A la izquierda hay piedras con figuras egipcias. En el centro hay un sarc\u00f3fago antiguo con cara. A la derecha hay m\u00e1s piedras. Las paredes tienen luz naranja. El museo se llama: Museo Roemer y Pelizaeus en Hildesheim.\" srcset=\"https:\/\/9staedte.de\/wp-content\/smush-webp\/2022\/03\/Aegyptenausstellung_RPM_c-Romer-und-Pelizaeus-Museum-300x169.jpg.webp 300w, https:\/\/9staedte.de\/wp-content\/smush-webp\/2022\/03\/Aegyptenausstellung_RPM_c-Romer-und-Pelizaeus-Museum-768x431.jpg.webp 768w, https:\/\/9staedte.de\/wp-content\/smush-webp\/2022\/03\/Aegyptenausstellung_RPM_c-Romer-und-Pelizaeus-Museum.jpg.webp 1020w\" sizes=\"auto, (max-width: 300px) 100vw, 300px\" \/>                    <img loading=\"lazy\" decoding=\"async\" width=\"300\" height=\"169\" src=\"https:\/\/9staedte.de\/wp-content\/smush-webp\/2022\/03\/Aegyptenausstellung_RPM_c-Romer-und-Pelizaeus-Museum-300x169.jpg.webp\" class=\"objectfitcontain wp-post-image\" alt=\"La imagen muestra un museo con piedras antiguas. A la izquierda hay piedras con figuras egipcias. En el centro hay un sarc\u00f3fago antiguo con cara. A la derecha hay m\u00e1s piedras. Las paredes tienen luz naranja. El museo se llama: Museo Roemer y Pelizaeus en Hildesheim.\" srcset=\"https:\/\/9staedte.de\/wp-content\/smush-webp\/2022\/03\/Aegyptenausstellung_RPM_c-Romer-und-Pelizaeus-Museum-300x169.jpg.webp 300w, https:\/\/9staedte.de\/wp-content\/smush-webp\/2022\/03\/Aegyptenausstellung_RPM_c-Romer-und-Pelizaeus-Museum-768x431.jpg.webp 768w, https:\/\/9staedte.de\/wp-content\/smush-webp\/2022\/03\/Aegyptenausstellung_RPM_c-Romer-und-Pelizaeus-Museum.jpg.webp 1020w\" sizes=\"auto, (max-width: 300px) 100vw, 300px\" \/>                        <div class=\"thumbnail-label\">\n    <span>\u00c4gyptenausstellung_RPM_(c) Roemer- und Pelizaeus-Museum<\/span>\n    <\/div>\n                <\/div>\n                        <div class=\"contentKachel-content\">\n                                    <div class=\"city-tag bg-hildesheim\">\n                        Hildesheim                    <\/div>\n                \n                <div class=\"title\">\n\n                    Museo Roemer y Pelizaeus de Hildesheim                    \n                <\/div>\n\n                            <\/div>\n\n        <\/div>\n    <\/a>\n<\/div>                                            <\/div>\r\n    <\/div>\r\n\n\n\n<div style=\"height:46px\" aria-hidden=\"true\" class=\"wp-block-spacer\"><\/div>\n\n\n\n<div class=\"wp-block-columns is-layout-flex wp-container-core-columns-is-layout-9d6595d7 wp-block-columns-is-layout-flex\">\n<div class=\"wp-block-column is-layout-flow wp-block-column-is-layout-flow\" style=\"flex-basis:66.66%\">\n <div class=\"brlbs-cmpnt-container brlbs-cmpnt-content-blocker brlbs-cmpnt-with-individual-styles\" data-borlabs-cookie-content-blocker-id=\"google-maps\" data-borlabs-cookie-content=\"PGlmcmFtZSBzcmM9Imh0dHBzOi8vd3d3Lmdvb2dsZS5kZS9tYXBzL2QvZW1iZWQ\/bWlkPTFHU3NvenhPWnFoWDY4UFdxS2huSmFJUUFSSEpyZ19zJmVoYmM9MkUzMTJGIiB3aWR0aD0iNjQwIiBoZWlnaHQ9IjQ4MCI+PC9pZnJhbWU+\"><div class=\"brlbs-cmpnt-cb-preset-b brlbs-cmpnt-cb-google-maps\"> <div class=\"brlbs-cmpnt-cb-thumbnail\" style=\"background-image: url('https:\/\/9staedte.de\/wp-content\/uploads\/borlabs-cookie\/1\/brlbs-cb-google-maps-main.png')\"><\/div> <div class=\"brlbs-cmpnt-cb-main\"> <div class=\"brlbs-cmpnt-cb-content\"> <p class=\"brlbs-cmpnt-cb-description\">Est\u00e1s viendo un contenido de marcador de posici\u00f3n de <strong>Google Maps<\/strong>. Para acceder al contenido real, haz clic en el siguiente bot\u00f3n. Ten en cuenta que al hacerlo compartir\u00e1s datos con terceros proveedores.<\/p> <a class=\"brlbs-cmpnt-cb-provider-toggle\" href=\"#\" data-borlabs-cookie-show-provider-information role=\"button\">M\u00e1s informaci\u00f3n<\/a> <\/div> <div class=\"brlbs-cmpnt-cb-buttons\"> <a class=\"brlbs-cmpnt-cb-btn\" href=\"#\" data-borlabs-cookie-unblock role=\"button\">Desbloquear contenido<\/a> <a class=\"brlbs-cmpnt-cb-btn\" href=\"#\" data-borlabs-cookie-accept-service role=\"button\" style=\"display: inherit\">Aceptar el servicio requerido y desbloquear el contenido<\/a> <\/div> <\/div> <\/div><\/div>\n<\/div>\n\n\n\n<div class=\"wp-block-column is-layout-flow wp-block-column-is-layout-flow\" style=\"flex-basis:33.33%\">\n<h4 class=\"wp-block-heading\"><strong>Museos de Hildesheim<\/strong><\/h4>\n\n\n\n<ul class=\"wp-block-list map-legend main-legend\">\n<li>Museo Roemer y Pelizaeus de Hildesheim<\/li>\n\n\n\n<li>Museo de la Catedral de Hildesheim<\/li>\n<\/ul>\n<\/div>\n<\/div>\n","protected":false},"excerpt":{"rendered":"<p>Est\u00e1s viendo un contenido de marcador de posici\u00f3n de Google Maps. Para acceder al contenido real, haz clic en el siguiente bot\u00f3n. Ten en cuenta que al hacerlo compartir\u00e1s datos con terceros proveedores. M\u00e1s informaci\u00f3n Desbloquear contenido Aceptar el servicio requerido y desbloquear el contenido Museos de Hildesheim<\/p>\n","protected":false},"author":1,"featured_media":17760,"parent":17958,"menu_order":0,"comment_status":"closed","ping_status":"closed","template":"pagetemplates\/template-stadtthema.php","meta":{"_acf_changed":false,"footnotes":""},"categories":[],"tags":[],"ncap_cities_tax":[466,675],"class_list":["post-17750","page","type-page","status-publish","has-post-thumbnail","hentry","ncap_cities_tax-hildesheim-es","ncap_cities_tax-museen-hildesheim-es"],"acf":[],"yoast_head":"<!-- This site is optimized with the Yoast SEO plugin v26.8 - https:\/\/yoast.com\/product\/yoast-seo-wordpress\/ -->\n<title>Museos y exposiciones en Hildesheim - 9 St\u00e4dte in Niedersachsen<\/title>\n<meta name=\"robots\" content=\"index, follow, max-snippet:-1, max-image-preview:large, max-video-preview:-1\" \/>\n<link rel=\"canonical\" href=\"https:\/\/9staedte.de\/es\/hildesheim-ciudad-patrimonio-de-la-humanidad-de-la-unesco\/museos-y-exposiciones-en-hildesheim\/\" \/>\n<meta property=\"og:locale\" content=\"es_ES\" \/>\n<meta property=\"og:type\" content=\"article\" \/>\n<meta property=\"og:title\" content=\"Museos y exposiciones en Hildesheim - 9 St\u00e4dte in Niedersachsen\" \/>\n<meta property=\"og:description\" content=\"Est\u00e1s viendo un contenido de marcador de posici\u00f3n de Google Maps. Para acceder al contenido real, haz clic en el siguiente bot\u00f3n. Ten en cuenta que al hacerlo compartir\u00e1s datos con terceros proveedores. M\u00e1s informaci\u00f3n Desbloquear contenido Aceptar el servicio requerido y desbloquear el contenido Museos de Hildesheim\" \/>\n<meta property=\"og:url\" content=\"https:\/\/9staedte.de\/es\/hildesheim-ciudad-patrimonio-de-la-humanidad-de-la-unesco\/museos-y-exposiciones-en-hildesheim\/\" \/>\n<meta property=\"og:site_name\" content=\"9 St\u00e4dte in Niedersachsen\" \/>\n<meta property=\"article:modified_time\" content=\"2025-10-16T11:01:24+00:00\" \/>\n<meta property=\"og:image\" content=\"https:\/\/9staedte.de\/wp-content\/uploads\/2023\/02\/UNESCO-Welterbe-Dom-Foto-Max-Wiesenbach-CCBY.jpg\" \/>\n\t<meta property=\"og:image:width\" content=\"1020\" \/>\n\t<meta property=\"og:image:height\" content=\"560\" \/>\n\t<meta property=\"og:image:type\" content=\"image\/jpeg\" \/>\n<meta name=\"twitter:card\" content=\"summary_large_image\" \/>\n<meta name=\"twitter:label1\" content=\"Tiempo de lectura\" \/>\n\t<meta name=\"twitter:data1\" content=\"1 minuto\" \/>\n<script type=\"application\/ld+json\" class=\"yoast-schema-graph\">{\"@context\":\"https:\/\/schema.org\",\"@graph\":[{\"@type\":\"WebPage\",\"@id\":\"https:\/\/9staedte.de\/es\/hildesheim-ciudad-patrimonio-de-la-humanidad-de-la-unesco\/museos-y-exposiciones-en-hildesheim\/\",\"url\":\"https:\/\/9staedte.de\/es\/hildesheim-ciudad-patrimonio-de-la-humanidad-de-la-unesco\/museos-y-exposiciones-en-hildesheim\/\",\"name\":\"Museos y exposiciones en Hildesheim - 9 St\u00e4dte in Niedersachsen\",\"isPartOf\":{\"@id\":\"https:\/\/9staedte.de\/es\/#website\"},\"primaryImageOfPage\":{\"@id\":\"https:\/\/9staedte.de\/es\/hildesheim-ciudad-patrimonio-de-la-humanidad-de-la-unesco\/museos-y-exposiciones-en-hildesheim\/#primaryimage\"},\"image\":{\"@id\":\"https:\/\/9staedte.de\/es\/hildesheim-ciudad-patrimonio-de-la-humanidad-de-la-unesco\/museos-y-exposiciones-en-hildesheim\/#primaryimage\"},\"thumbnailUrl\":\"https:\/\/9staedte.de\/wp-content\/uploads\/2023\/02\/UNESCO-Welterbe-Dom-Foto-Max-Wiesenbach-CCBY.jpg\",\"datePublished\":\"2023-11-02T08:50:30+00:00\",\"dateModified\":\"2025-10-16T11:01:24+00:00\",\"breadcrumb\":{\"@id\":\"https:\/\/9staedte.de\/es\/hildesheim-ciudad-patrimonio-de-la-humanidad-de-la-unesco\/museos-y-exposiciones-en-hildesheim\/#breadcrumb\"},\"inLanguage\":\"es\",\"potentialAction\":[{\"@type\":\"ReadAction\",\"target\":[\"https:\/\/9staedte.de\/es\/hildesheim-ciudad-patrimonio-de-la-humanidad-de-la-unesco\/museos-y-exposiciones-en-hildesheim\/\"]}]},{\"@type\":\"ImageObject\",\"inLanguage\":\"es\",\"@id\":\"https:\/\/9staedte.de\/es\/hildesheim-ciudad-patrimonio-de-la-humanidad-de-la-unesco\/museos-y-exposiciones-en-hildesheim\/#primaryimage\",\"url\":\"https:\/\/9staedte.de\/wp-content\/uploads\/2023\/02\/UNESCO-Welterbe-Dom-Foto-Max-Wiesenbach-CCBY.jpg\",\"contentUrl\":\"https:\/\/9staedte.de\/wp-content\/uploads\/2023\/02\/UNESCO-Welterbe-Dom-Foto-Max-Wiesenbach-CCBY.jpg\",\"width\":1020,\"height\":560,\"caption\":\"UNESCO-Welterbe Dom, Foto Max Wiesenbach (CCBY)\"},{\"@type\":\"BreadcrumbList\",\"@id\":\"https:\/\/9staedte.de\/es\/hildesheim-ciudad-patrimonio-de-la-humanidad-de-la-unesco\/museos-y-exposiciones-en-hildesheim\/#breadcrumb\",\"itemListElement\":[{\"@type\":\"ListItem\",\"position\":1,\"name\":\"Startseite\",\"item\":\"https:\/\/9staedte.de\/es\/\"},{\"@type\":\"ListItem\",\"position\":2,\"name\":\"Hildesheim &#8211; Ciudad Patrimonio de la Humanidad de la UNESCO\",\"item\":\"https:\/\/9staedte.de\/es\/hildesheim-ciudad-patrimonio-de-la-humanidad-de-la-unesco\/\"},{\"@type\":\"ListItem\",\"position\":3,\"name\":\"Museos y exposiciones en Hildesheim\"}]},{\"@type\":\"WebSite\",\"@id\":\"https:\/\/9staedte.de\/es\/#website\",\"url\":\"https:\/\/9staedte.de\/es\/\",\"name\":\"9 St\u00e4dte in Niedersachsen\",\"description\":\"\",\"publisher\":{\"@id\":\"https:\/\/9staedte.de\/es\/#organization\"},\"potentialAction\":[{\"@type\":\"SearchAction\",\"target\":{\"@type\":\"EntryPoint\",\"urlTemplate\":\"https:\/\/9staedte.de\/es\/?s={search_term_string}\"},\"query-input\":{\"@type\":\"PropertyValueSpecification\",\"valueRequired\":true,\"valueName\":\"search_term_string\"}}],\"inLanguage\":\"es\"},{\"@type\":\"Organization\",\"@id\":\"https:\/\/9staedte.de\/es\/#organization\",\"name\":\"9 St\u00e4dte in Niedersachsen\",\"url\":\"https:\/\/9staedte.de\/es\/\",\"logo\":{\"@type\":\"ImageObject\",\"inLanguage\":\"es\",\"@id\":\"https:\/\/9staedte.de\/es\/#\/schema\/logo\/image\/\",\"url\":\"https:\/\/9staedte.de\/wp-content\/uploads\/2025\/01\/9-neg-deutsch-2-1.png\",\"contentUrl\":\"https:\/\/9staedte.de\/wp-content\/uploads\/2025\/01\/9-neg-deutsch-2-1.png\",\"width\":190,\"height\":114,\"caption\":\"9 St\u00e4dte in Niedersachsen\"},\"image\":{\"@id\":\"https:\/\/9staedte.de\/es\/#\/schema\/logo\/image\/\"}}]}<\/script>\n<!-- \/ Yoast SEO plugin. -->","yoast_head_json":{"title":"Museos y exposiciones en Hildesheim - 9 St\u00e4dte in Niedersachsen","robots":{"index":"index","follow":"follow","max-snippet":"max-snippet:-1","max-image-preview":"max-image-preview:large","max-video-preview":"max-video-preview:-1"},"canonical":"https:\/\/9staedte.de\/es\/hildesheim-ciudad-patrimonio-de-la-humanidad-de-la-unesco\/museos-y-exposiciones-en-hildesheim\/","og_locale":"es_ES","og_type":"article","og_title":"Museos y exposiciones en Hildesheim - 9 St\u00e4dte in Niedersachsen","og_description":"Est\u00e1s viendo un contenido de marcador de posici\u00f3n de Google Maps. Para acceder al contenido real, haz clic en el siguiente bot\u00f3n. Ten en cuenta que al hacerlo compartir\u00e1s datos con terceros proveedores. M\u00e1s informaci\u00f3n Desbloquear contenido Aceptar el servicio requerido y desbloquear el contenido Museos de Hildesheim","og_url":"https:\/\/9staedte.de\/es\/hildesheim-ciudad-patrimonio-de-la-humanidad-de-la-unesco\/museos-y-exposiciones-en-hildesheim\/","og_site_name":"9 St\u00e4dte in Niedersachsen","article_modified_time":"2025-10-16T11:01:24+00:00","og_image":[{"width":1020,"height":560,"url":"https:\/\/9staedte.de\/wp-content\/uploads\/2023\/02\/UNESCO-Welterbe-Dom-Foto-Max-Wiesenbach-CCBY.jpg","type":"image\/jpeg"}],"twitter_card":"summary_large_image","twitter_misc":{"Tiempo de lectura":"1 minuto"},"schema":{"@context":"https:\/\/schema.org","@graph":[{"@type":"WebPage","@id":"https:\/\/9staedte.de\/es\/hildesheim-ciudad-patrimonio-de-la-humanidad-de-la-unesco\/museos-y-exposiciones-en-hildesheim\/","url":"https:\/\/9staedte.de\/es\/hildesheim-ciudad-patrimonio-de-la-humanidad-de-la-unesco\/museos-y-exposiciones-en-hildesheim\/","name":"Museos y exposiciones en Hildesheim - 9 St\u00e4dte in Niedersachsen","isPartOf":{"@id":"https:\/\/9staedte.de\/es\/#website"},"primaryImageOfPage":{"@id":"https:\/\/9staedte.de\/es\/hildesheim-ciudad-patrimonio-de-la-humanidad-de-la-unesco\/museos-y-exposiciones-en-hildesheim\/#primaryimage"},"image":{"@id":"https:\/\/9staedte.de\/es\/hildesheim-ciudad-patrimonio-de-la-humanidad-de-la-unesco\/museos-y-exposiciones-en-hildesheim\/#primaryimage"},"thumbnailUrl":"https:\/\/9staedte.de\/wp-content\/uploads\/2023\/02\/UNESCO-Welterbe-Dom-Foto-Max-Wiesenbach-CCBY.jpg","datePublished":"2023-11-02T08:50:30+00:00","dateModified":"2025-10-16T11:01:24+00:00","breadcrumb":{"@id":"https:\/\/9staedte.de\/es\/hildesheim-ciudad-patrimonio-de-la-humanidad-de-la-unesco\/museos-y-exposiciones-en-hildesheim\/#breadcrumb"},"inLanguage":"es","potentialAction":[{"@type":"ReadAction","target":["https:\/\/9staedte.de\/es\/hildesheim-ciudad-patrimonio-de-la-humanidad-de-la-unesco\/museos-y-exposiciones-en-hildesheim\/"]}]},{"@type":"ImageObject","inLanguage":"es","@id":"https:\/\/9staedte.de\/es\/hildesheim-ciudad-patrimonio-de-la-humanidad-de-la-unesco\/museos-y-exposiciones-en-hildesheim\/#primaryimage","url":"https:\/\/9staedte.de\/wp-content\/uploads\/2023\/02\/UNESCO-Welterbe-Dom-Foto-Max-Wiesenbach-CCBY.jpg","contentUrl":"https:\/\/9staedte.de\/wp-content\/uploads\/2023\/02\/UNESCO-Welterbe-Dom-Foto-Max-Wiesenbach-CCBY.jpg","width":1020,"height":560,"caption":"UNESCO-Welterbe Dom, Foto Max Wiesenbach (CCBY)"},{"@type":"BreadcrumbList","@id":"https:\/\/9staedte.de\/es\/hildesheim-ciudad-patrimonio-de-la-humanidad-de-la-unesco\/museos-y-exposiciones-en-hildesheim\/#breadcrumb","itemListElement":[{"@type":"ListItem","position":1,"name":"Startseite","item":"https:\/\/9staedte.de\/es\/"},{"@type":"ListItem","position":2,"name":"Hildesheim &#8211; Ciudad Patrimonio de la Humanidad de la UNESCO","item":"https:\/\/9staedte.de\/es\/hildesheim-ciudad-patrimonio-de-la-humanidad-de-la-unesco\/"},{"@type":"ListItem","position":3,"name":"Museos y exposiciones en Hildesheim"}]},{"@type":"WebSite","@id":"https:\/\/9staedte.de\/es\/#website","url":"https:\/\/9staedte.de\/es\/","name":"9 St\u00e4dte in Niedersachsen","description":"","publisher":{"@id":"https:\/\/9staedte.de\/es\/#organization"},"potentialAction":[{"@type":"SearchAction","target":{"@type":"EntryPoint","urlTemplate":"https:\/\/9staedte.de\/es\/?s={search_term_string}"},"query-input":{"@type":"PropertyValueSpecification","valueRequired":true,"valueName":"search_term_string"}}],"inLanguage":"es"},{"@type":"Organization","@id":"https:\/\/9staedte.de\/es\/#organization","name":"9 St\u00e4dte in Niedersachsen","url":"https:\/\/9staedte.de\/es\/","logo":{"@type":"ImageObject","inLanguage":"es","@id":"https:\/\/9staedte.de\/es\/#\/schema\/logo\/image\/","url":"https:\/\/9staedte.de\/wp-content\/uploads\/2025\/01\/9-neg-deutsch-2-1.png","contentUrl":"https:\/\/9staedte.de\/wp-content\/uploads\/2025\/01\/9-neg-deutsch-2-1.png","width":190,"height":114,"caption":"9 St\u00e4dte in Niedersachsen"},"image":{"@id":"https:\/\/9staedte.de\/es\/#\/schema\/logo\/image\/"}}]}},"_links":{"self":[{"href":"https:\/\/9staedte.de\/es\/wp-json\/wp\/v2\/pages\/17750","targetHints":{"allow":["GET"]}}],"collection":[{"href":"https:\/\/9staedte.de\/es\/wp-json\/wp\/v2\/pages"}],"about":[{"href":"https:\/\/9staedte.de\/es\/wp-json\/wp\/v2\/types\/page"}],"author":[{"embeddable":true,"href":"https:\/\/9staedte.de\/es\/wp-json\/wp\/v2\/users\/1"}],"replies":[{"embeddable":true,"href":"https:\/\/9staedte.de\/es\/wp-json\/wp\/v2\/comments?post=17750"}],"version-history":[{"count":4,"href":"https:\/\/9staedte.de\/es\/wp-json\/wp\/v2\/pages\/17750\/revisions"}],"predecessor-version":[{"id":27310,"href":"https:\/\/9staedte.de\/es\/wp-json\/wp\/v2\/pages\/17750\/revisions\/27310"}],"up":[{"embeddable":true,"href":"https:\/\/9staedte.de\/es\/wp-json\/wp\/v2\/pages\/17958"}],"wp:featuredmedia":[{"embeddable":true,"href":"https:\/\/9staedte.de\/es\/wp-json\/wp\/v2\/media\/17760"}],"wp:attachment":[{"href":"https:\/\/9staedte.de\/es\/wp-json\/wp\/v2\/media?parent=17750"}],"wp:term":[{"taxonomy":"category","embeddable":true,"href":"https:\/\/9staedte.de\/es\/wp-json\/wp\/v2\/categories?post=17750"},{"taxonomy":"post_tag","embeddable":true,"href":"https:\/\/9staedte.de\/es\/wp-json\/wp\/v2\/tags?post=17750"},{"taxonomy":"ncap_cities_tax","embeddable":true,"href":"https:\/\/9staedte.de\/es\/wp-json\/wp\/v2\/ncap_cities_tax?post=17750"}],"curies":[{"name":"wp","href":"https:\/\/api.w.org\/{rel}","templated":true}]}}