{"id":17717,"date":"2023-11-02T09:50:16","date_gmt":"2023-11-02T08:50:16","guid":{"rendered":"https:\/\/9staedte.de\/palacios-y-jardines-de-hannover\/"},"modified":"2023-11-02T18:10:38","modified_gmt":"2023-11-02T17:10:38","slug":"palacios-y-jardines-de-hannover","status":"publish","type":"page","link":"https:\/\/9staedte.de\/es\/hannover-capital-de-baja-sajonia\/palacios-y-jardines-de-hannover\/","title":{"rendered":"Palacios y jardines de Hannover"},"content":{"rendered":"\r\n\r\n    <div class=\"filter-posts\">\r\n            <div  id=\"filterContent\">\r\n                                                        \n<div class=\"contentKachel filtr-item\" data-category=\"hannover-es\">\n    <a href=\"https:\/\/9staedte.de\/es\/leineschloss-hannover\/\">\n        <div class=\"contentKachel-inner\">\n                            <div class=\"contentKachel-thumbnail\">\n                    <img loading=\"lazy\" decoding=\"async\" width=\"300\" height=\"166\" src=\"https:\/\/9staedte.de\/wp-content\/smush-webp\/2022\/03\/Hannover-Landtag-Leineschloss-c-HMTG-Hans-Zaglitsch-300x166.jpg.webp\" class=\"objectfitcover withfilters wp-post-image\" alt=\"En la imagen se ve un edificio grande. Es el Palacio Leine en Hannover. Tiene muchas columnas grandes. Parece un palacio o un templo. Por la noche, est\u00e1 iluminado. Detr\u00e1s de las columnas hay grandes ventanas.\" srcset=\"https:\/\/9staedte.de\/wp-content\/smush-webp\/2022\/03\/Hannover-Landtag-Leineschloss-c-HMTG-Hans-Zaglitsch-300x166.jpg.webp 300w, https:\/\/9staedte.de\/wp-content\/smush-webp\/2022\/03\/Hannover-Landtag-Leineschloss-c-HMTG-Hans-Zaglitsch-768x424.jpg.webp 768w, https:\/\/9staedte.de\/wp-content\/smush-webp\/2022\/03\/Hannover-Landtag-Leineschloss-c-HMTG-Hans-Zaglitsch.jpg.webp 1020w\" sizes=\"auto, (max-width: 300px) 100vw, 300px\" \/>                    <img loading=\"lazy\" decoding=\"async\" width=\"300\" height=\"166\" src=\"https:\/\/9staedte.de\/wp-content\/smush-webp\/2022\/03\/Hannover-Landtag-Leineschloss-c-HMTG-Hans-Zaglitsch-300x166.jpg.webp\" class=\"objectfitcontain wp-post-image\" alt=\"En la imagen se ve un edificio grande. Es el Palacio Leine en Hannover. Tiene muchas columnas grandes. Parece un palacio o un templo. Por la noche, est\u00e1 iluminado. Detr\u00e1s de las columnas hay grandes ventanas.\" srcset=\"https:\/\/9staedte.de\/wp-content\/smush-webp\/2022\/03\/Hannover-Landtag-Leineschloss-c-HMTG-Hans-Zaglitsch-300x166.jpg.webp 300w, https:\/\/9staedte.de\/wp-content\/smush-webp\/2022\/03\/Hannover-Landtag-Leineschloss-c-HMTG-Hans-Zaglitsch-768x424.jpg.webp 768w, https:\/\/9staedte.de\/wp-content\/smush-webp\/2022\/03\/Hannover-Landtag-Leineschloss-c-HMTG-Hans-Zaglitsch.jpg.webp 1020w\" sizes=\"auto, (max-width: 300px) 100vw, 300px\" \/>                        <div class=\"thumbnail-label\">\n    <span>Leineschloss Hannover c) HMTG Hans  Zaglitsch<\/span>\n    <\/div>\n                <\/div>\n                        <div class=\"contentKachel-content\">\n                                    <div class=\"city-tag bg-hannover\">\n                        Hannover                    <\/div>\n                \n                <div class=\"title\">\n\n                    Leineschloss Hannover                    \n                <\/div>\n\n                            <\/div>\n\n        <\/div>\n    <\/a>\n<\/div>                                                        \n<div class=\"contentKachel filtr-item\" data-category=\"hannover-es\">\n    <a href=\"https:\/\/9staedte.de\/es\/palacio-de-guelph-hannover\/\">\n        <div class=\"contentKachel-inner\">\n                            <div class=\"contentKachel-thumbnail\">\n                    <img loading=\"lazy\" decoding=\"async\" width=\"300\" height=\"163\" src=\"https:\/\/9staedte.de\/wp-content\/smush-webp\/2022\/03\/Leibniz-Universitaet-Hannover-c-HMTG-Lars-Gerhardts-300x163.jpg.webp\" class=\"objectfitcover withfilters wp-post-image\" alt=\"En la imagen se ve un edificio muy grande. Es el castillo Welf de Hannover. Hoy en d\u00eda est\u00e1 la Universidad Leibniz. El edificio es claro y tiene muchas ventanas y torres. Delante hay una estatua. El cielo es azul con nubes blancas.\" srcset=\"https:\/\/9staedte.de\/wp-content\/smush-webp\/2022\/03\/Leibniz-Universitaet-Hannover-c-HMTG-Lars-Gerhardts-300x163.jpg.webp 300w, https:\/\/9staedte.de\/wp-content\/smush-webp\/2022\/03\/Leibniz-Universitaet-Hannover-c-HMTG-Lars-Gerhardts-768x418.jpg.webp 768w, https:\/\/9staedte.de\/wp-content\/smush-webp\/2022\/03\/Leibniz-Universitaet-Hannover-c-HMTG-Lars-Gerhardts.jpg.webp 1020w\" sizes=\"auto, (max-width: 300px) 100vw, 300px\" \/>                    <img loading=\"lazy\" decoding=\"async\" width=\"300\" height=\"163\" src=\"https:\/\/9staedte.de\/wp-content\/smush-webp\/2022\/03\/Leibniz-Universitaet-Hannover-c-HMTG-Lars-Gerhardts-300x163.jpg.webp\" class=\"objectfitcontain wp-post-image\" alt=\"En la imagen se ve un edificio muy grande. Es el castillo Welf de Hannover. Hoy en d\u00eda est\u00e1 la Universidad Leibniz. El edificio es claro y tiene muchas ventanas y torres. Delante hay una estatua. El cielo es azul con nubes blancas.\" srcset=\"https:\/\/9staedte.de\/wp-content\/smush-webp\/2022\/03\/Leibniz-Universitaet-Hannover-c-HMTG-Lars-Gerhardts-300x163.jpg.webp 300w, https:\/\/9staedte.de\/wp-content\/smush-webp\/2022\/03\/Leibniz-Universitaet-Hannover-c-HMTG-Lars-Gerhardts-768x418.jpg.webp 768w, https:\/\/9staedte.de\/wp-content\/smush-webp\/2022\/03\/Leibniz-Universitaet-Hannover-c-HMTG-Lars-Gerhardts.jpg.webp 1020w\" sizes=\"auto, (max-width: 300px) 100vw, 300px\" \/>                        <div class=\"thumbnail-label\">\n    <span>Leibniz Universit\u00e4t Hannover c) HMTG Lars Gerhardts<\/span>\n    <\/div>\n                <\/div>\n                        <div class=\"contentKachel-content\">\n                                    <div class=\"city-tag bg-hannover\">\n                        Hannover                    <\/div>\n                \n                <div class=\"title\">\n\n                    Palacio de Guelph Hannover                    \n                <\/div>\n\n                            <\/div>\n\n        <\/div>\n    <\/a>\n<\/div>                                                        \n<div class=\"contentKachel filtr-item\" data-category=\"hannover-es\">\n    <a href=\"https:\/\/9staedte.de\/es\/museo-del-palacio-de-herrenhausen\/\">\n        <div class=\"contentKachel-inner\">\n                            <div class=\"contentKachel-thumbnail\">\n                    <img loading=\"lazy\" decoding=\"async\" width=\"300\" height=\"170\" src=\"https:\/\/9staedte.de\/wp-content\/smush-webp\/2022\/03\/Schloss-Herrenhausen-c-HMTG-Hassan-Mahramzadeh-300x170.jpg.webp\" class=\"objectfitcover withfilters wp-post-image\" alt=\"En la imagen se ve un gran palacio. El palacio est\u00e1 en el centro y es de color claro. Delante hay un jard\u00edn con setos en formas bonitas. A los lados hay estatuas. El cielo es azul.\" srcset=\"https:\/\/9staedte.de\/wp-content\/smush-webp\/2022\/03\/Schloss-Herrenhausen-c-HMTG-Hassan-Mahramzadeh-300x170.jpg.webp 300w, https:\/\/9staedte.de\/wp-content\/smush-webp\/2022\/03\/Schloss-Herrenhausen-c-HMTG-Hassan-Mahramzadeh-768x434.jpg.webp 768w, https:\/\/9staedte.de\/wp-content\/smush-webp\/2022\/03\/Schloss-Herrenhausen-c-HMTG-Hassan-Mahramzadeh.jpg.webp 1020w\" sizes=\"auto, (max-width: 300px) 100vw, 300px\" \/>                    <img loading=\"lazy\" decoding=\"async\" width=\"300\" height=\"170\" src=\"https:\/\/9staedte.de\/wp-content\/smush-webp\/2022\/03\/Schloss-Herrenhausen-c-HMTG-Hassan-Mahramzadeh-300x170.jpg.webp\" class=\"objectfitcontain wp-post-image\" alt=\"En la imagen se ve un gran palacio. El palacio est\u00e1 en el centro y es de color claro. Delante hay un jard\u00edn con setos en formas bonitas. A los lados hay estatuas. El cielo es azul.\" srcset=\"https:\/\/9staedte.de\/wp-content\/smush-webp\/2022\/03\/Schloss-Herrenhausen-c-HMTG-Hassan-Mahramzadeh-300x170.jpg.webp 300w, https:\/\/9staedte.de\/wp-content\/smush-webp\/2022\/03\/Schloss-Herrenhausen-c-HMTG-Hassan-Mahramzadeh-768x434.jpg.webp 768w, https:\/\/9staedte.de\/wp-content\/smush-webp\/2022\/03\/Schloss-Herrenhausen-c-HMTG-Hassan-Mahramzadeh.jpg.webp 1020w\" sizes=\"auto, (max-width: 300px) 100vw, 300px\" \/>                        <div class=\"thumbnail-label\">\n    <span>Schloss Herrenhausen c) HMTG Hassan Mahramzadeh<\/span>\n    <\/div>\n                <\/div>\n                        <div class=\"contentKachel-content\">\n                                    <div class=\"city-tag bg-hannover\">\n                        Hannover                    <\/div>\n                \n                <div class=\"title\">\n\n                    Museo del Palacio de Herrenhausen                    \n                <\/div>\n\n                            <\/div>\n\n        <\/div>\n    <\/a>\n<\/div>                                                        \n<div class=\"contentKachel filtr-item\" data-category=\"hannover-es\">\n    <a href=\"https:\/\/9staedte.de\/es\/los-jardines-herrenhaeuser-de-hannover-arte-de-jardin-en-perfeccion\/\">\n        <div class=\"contentKachel-inner\">\n                            <div class=\"contentKachel-thumbnail\">\n                    <img loading=\"lazy\" decoding=\"async\" width=\"300\" height=\"165\" src=\"https:\/\/9staedte.de\/wp-content\/smush-webp\/2023\/02\/Grosser-Garten-Herrenhausen-c-HMTG-Patrick-Graf-300x165.jpg.webp\" class=\"objectfitcover withfilters wp-post-image\" alt=\"En la foto se ve un gran jard\u00edn. Los setos tienen formas bonitas. En el centro hay una fuente grande. La fuente est\u00e1 iluminada. Al fondo hay un edificio claro. El sol se est\u00e1 poniendo.\" srcset=\"https:\/\/9staedte.de\/wp-content\/smush-webp\/2023\/02\/Grosser-Garten-Herrenhausen-c-HMTG-Patrick-Graf-300x165.jpg.webp 300w, https:\/\/9staedte.de\/wp-content\/smush-webp\/2023\/02\/Grosser-Garten-Herrenhausen-c-HMTG-Patrick-Graf-768x422.jpg.webp 768w, https:\/\/9staedte.de\/wp-content\/smush-webp\/2023\/02\/Grosser-Garten-Herrenhausen-c-HMTG-Patrick-Graf.jpg.webp 1020w\" sizes=\"auto, (max-width: 300px) 100vw, 300px\" \/>                    <img loading=\"lazy\" decoding=\"async\" width=\"300\" height=\"165\" src=\"https:\/\/9staedte.de\/wp-content\/smush-webp\/2023\/02\/Grosser-Garten-Herrenhausen-c-HMTG-Patrick-Graf-300x165.jpg.webp\" class=\"objectfitcontain wp-post-image\" alt=\"En la foto se ve un gran jard\u00edn. Los setos tienen formas bonitas. En el centro hay una fuente grande. La fuente est\u00e1 iluminada. Al fondo hay un edificio claro. El sol se est\u00e1 poniendo.\" srcset=\"https:\/\/9staedte.de\/wp-content\/smush-webp\/2023\/02\/Grosser-Garten-Herrenhausen-c-HMTG-Patrick-Graf-300x165.jpg.webp 300w, https:\/\/9staedte.de\/wp-content\/smush-webp\/2023\/02\/Grosser-Garten-Herrenhausen-c-HMTG-Patrick-Graf-768x422.jpg.webp 768w, https:\/\/9staedte.de\/wp-content\/smush-webp\/2023\/02\/Grosser-Garten-Herrenhausen-c-HMTG-Patrick-Graf.jpg.webp 1020w\" sizes=\"auto, (max-width: 300px) 100vw, 300px\" \/>                        <div class=\"thumbnail-label\">\n    <span>Hannover Herrenh\u00e4user G\u00e4rten mit  Illumination c) HMTG Patrick Graf<\/span>\n    <\/div>\n                <\/div>\n                        <div class=\"contentKachel-content\">\n                                    <div class=\"city-tag bg-hannover\">\n                        Hannover                    <\/div>\n                \n                <div class=\"title\">\n\n                    Los jardines Herrenh\u00e4user de Hannover &#8211; Arte de jard\u00edn en perfecci\u00f3n                    \n                <\/div>\n\n                            <\/div>\n\n        <\/div>\n    <\/a>\n<\/div>                                                        \n<div class=\"contentKachel filtr-item\" data-category=\"hannover-es\">\n    <a href=\"https:\/\/9staedte.de\/es\/castillo-de-marienburg-un-sueno-neogotico\/\">\n        <div class=\"contentKachel-inner\">\n                            <div class=\"contentKachel-thumbnail\">\n                    <img loading=\"lazy\" decoding=\"async\" width=\"300\" height=\"163\" src=\"https:\/\/9staedte.de\/wp-content\/smush-webp\/2022\/03\/Schloss-Marienburg-c-HMTG-Michael-Abid-300x163.jpg.webp\" class=\"objectfitcover withfilters wp-post-image\" alt=\"En la imagen se ve un castillo en una colina. Se llama Castillo de Marienburg. Est\u00e1 en medio de un bosque. A la derecha hay un r\u00edo tranquilo. Es por la ma\u00f1ana o por la tarde. El cielo est\u00e1 anaranjado y hay niebla. Es una vista muy bonita.\" srcset=\"https:\/\/9staedte.de\/wp-content\/smush-webp\/2022\/03\/Schloss-Marienburg-c-HMTG-Michael-Abid-300x163.jpg.webp 300w, https:\/\/9staedte.de\/wp-content\/smush-webp\/2022\/03\/Schloss-Marienburg-c-HMTG-Michael-Abid-768x418.jpg.webp 768w, https:\/\/9staedte.de\/wp-content\/smush-webp\/2022\/03\/Schloss-Marienburg-c-HMTG-Michael-Abid.jpg.webp 1019w\" sizes=\"auto, (max-width: 300px) 100vw, 300px\" \/>                    <img loading=\"lazy\" decoding=\"async\" width=\"300\" height=\"163\" src=\"https:\/\/9staedte.de\/wp-content\/smush-webp\/2022\/03\/Schloss-Marienburg-c-HMTG-Michael-Abid-300x163.jpg.webp\" class=\"objectfitcontain wp-post-image\" alt=\"En la imagen se ve un castillo en una colina. Se llama Castillo de Marienburg. Est\u00e1 en medio de un bosque. A la derecha hay un r\u00edo tranquilo. Es por la ma\u00f1ana o por la tarde. El cielo est\u00e1 anaranjado y hay niebla. Es una vista muy bonita.\" srcset=\"https:\/\/9staedte.de\/wp-content\/smush-webp\/2022\/03\/Schloss-Marienburg-c-HMTG-Michael-Abid-300x163.jpg.webp 300w, https:\/\/9staedte.de\/wp-content\/smush-webp\/2022\/03\/Schloss-Marienburg-c-HMTG-Michael-Abid-768x418.jpg.webp 768w, https:\/\/9staedte.de\/wp-content\/smush-webp\/2022\/03\/Schloss-Marienburg-c-HMTG-Michael-Abid.jpg.webp 1019w\" sizes=\"auto, (max-width: 300px) 100vw, 300px\" \/>                        <div class=\"thumbnail-label\">\n    <span>Schloss Marienburg c) HMTG Michael Abid<\/span>\n    <\/div>\n                <\/div>\n                        <div class=\"contentKachel-content\">\n                                    <div class=\"city-tag bg-hannover\">\n                        Hannover                    <\/div>\n                \n                <div class=\"title\">\n\n                    Castillo de Marienburg: un sue\u00f1o neog\u00f3tico                    \n                <\/div>\n\n                            <\/div>\n\n        <\/div>\n    <\/a>\n<\/div>                                            <\/div>\r\n    <\/div>\r\n","protected":false},"excerpt":{"rendered":"","protected":false},"author":1,"featured_media":17718,"parent":18054,"menu_order":0,"comment_status":"closed","ping_status":"closed","template":"pagetemplates\/template-stadtthema.php","meta":{"_acf_changed":false,"footnotes":""},"categories":[],"tags":[],"ncap_cities_tax":[459,739],"class_list":["post-17717","page","type-page","status-publish","has-post-thumbnail","hentry","ncap_cities_tax-hannover-es","ncap_cities_tax-schlosser-und-garten-hannover-es"],"acf":[],"yoast_head":"<!-- This site is optimized with the Yoast SEO plugin v26.8 - https:\/\/yoast.com\/product\/yoast-seo-wordpress\/ -->\n<title>Palacios y jardines de Hannover - 9 St\u00e4dte in Niedersachsen<\/title>\n<meta name=\"robots\" content=\"index, follow, max-snippet:-1, max-image-preview:large, max-video-preview:-1\" \/>\n<link rel=\"canonical\" href=\"https:\/\/9staedte.de\/es\/hannover-capital-de-baja-sajonia\/palacios-y-jardines-de-hannover\/\" \/>\n<meta property=\"og:locale\" content=\"es_ES\" \/>\n<meta property=\"og:type\" content=\"article\" \/>\n<meta property=\"og:title\" content=\"Palacios y jardines de Hannover - 9 St\u00e4dte in Niedersachsen\" \/>\n<meta property=\"og:url\" content=\"https:\/\/9staedte.de\/es\/hannover-capital-de-baja-sajonia\/palacios-y-jardines-de-hannover\/\" \/>\n<meta property=\"og:site_name\" content=\"9 St\u00e4dte in Niedersachsen\" \/>\n<meta property=\"article:modified_time\" content=\"2023-11-02T17:10:38+00:00\" \/>\n<meta property=\"og:image\" content=\"https:\/\/9staedte.de\/wp-content\/uploads\/2023\/02\/Herrenhaeuser-Gaertem-c-HMTG-Lars-Gerhardts.jpg\" \/>\n\t<meta property=\"og:image:width\" content=\"1020\" \/>\n\t<meta property=\"og:image:height\" content=\"560\" \/>\n\t<meta property=\"og:image:type\" content=\"image\/jpeg\" \/>\n<meta name=\"twitter:card\" content=\"summary_large_image\" \/>\n<script type=\"application\/ld+json\" class=\"yoast-schema-graph\">{\"@context\":\"https:\/\/schema.org\",\"@graph\":[{\"@type\":\"WebPage\",\"@id\":\"https:\/\/9staedte.de\/es\/hannover-capital-de-baja-sajonia\/palacios-y-jardines-de-hannover\/\",\"url\":\"https:\/\/9staedte.de\/es\/hannover-capital-de-baja-sajonia\/palacios-y-jardines-de-hannover\/\",\"name\":\"Palacios y jardines de Hannover - 9 St\u00e4dte in Niedersachsen\",\"isPartOf\":{\"@id\":\"https:\/\/9staedte.de\/es\/#website\"},\"primaryImageOfPage\":{\"@id\":\"https:\/\/9staedte.de\/es\/hannover-capital-de-baja-sajonia\/palacios-y-jardines-de-hannover\/#primaryimage\"},\"image\":{\"@id\":\"https:\/\/9staedte.de\/es\/hannover-capital-de-baja-sajonia\/palacios-y-jardines-de-hannover\/#primaryimage\"},\"thumbnailUrl\":\"https:\/\/9staedte.de\/wp-content\/uploads\/2023\/02\/Herrenhaeuser-Gaertem-c-HMTG-Lars-Gerhardts.jpg\",\"datePublished\":\"2023-11-02T08:50:16+00:00\",\"dateModified\":\"2023-11-02T17:10:38+00:00\",\"breadcrumb\":{\"@id\":\"https:\/\/9staedte.de\/es\/hannover-capital-de-baja-sajonia\/palacios-y-jardines-de-hannover\/#breadcrumb\"},\"inLanguage\":\"es\",\"potentialAction\":[{\"@type\":\"ReadAction\",\"target\":[\"https:\/\/9staedte.de\/es\/hannover-capital-de-baja-sajonia\/palacios-y-jardines-de-hannover\/\"]}]},{\"@type\":\"ImageObject\",\"inLanguage\":\"es\",\"@id\":\"https:\/\/9staedte.de\/es\/hannover-capital-de-baja-sajonia\/palacios-y-jardines-de-hannover\/#primaryimage\",\"url\":\"https:\/\/9staedte.de\/wp-content\/uploads\/2023\/02\/Herrenhaeuser-Gaertem-c-HMTG-Lars-Gerhardts.jpg\",\"contentUrl\":\"https:\/\/9staedte.de\/wp-content\/uploads\/2023\/02\/Herrenhaeuser-Gaertem-c-HMTG-Lars-Gerhardts.jpg\",\"width\":1020,\"height\":560,\"caption\":\"Herrenhaeuser Gaertem c) HMTG Lars Gerhardts\"},{\"@type\":\"BreadcrumbList\",\"@id\":\"https:\/\/9staedte.de\/es\/hannover-capital-de-baja-sajonia\/palacios-y-jardines-de-hannover\/#breadcrumb\",\"itemListElement\":[{\"@type\":\"ListItem\",\"position\":1,\"name\":\"Startseite\",\"item\":\"https:\/\/9staedte.de\/es\/\"},{\"@type\":\"ListItem\",\"position\":2,\"name\":\"Hannover &#8211; Capital de Baja Sajonia\",\"item\":\"https:\/\/9staedte.de\/es\/hannover-capital-de-baja-sajonia\/\"},{\"@type\":\"ListItem\",\"position\":3,\"name\":\"Palacios y jardines de Hannover\"}]},{\"@type\":\"WebSite\",\"@id\":\"https:\/\/9staedte.de\/es\/#website\",\"url\":\"https:\/\/9staedte.de\/es\/\",\"name\":\"9 St\u00e4dte in Niedersachsen\",\"description\":\"\",\"publisher\":{\"@id\":\"https:\/\/9staedte.de\/es\/#organization\"},\"potentialAction\":[{\"@type\":\"SearchAction\",\"target\":{\"@type\":\"EntryPoint\",\"urlTemplate\":\"https:\/\/9staedte.de\/es\/?s={search_term_string}\"},\"query-input\":{\"@type\":\"PropertyValueSpecification\",\"valueRequired\":true,\"valueName\":\"search_term_string\"}}],\"inLanguage\":\"es\"},{\"@type\":\"Organization\",\"@id\":\"https:\/\/9staedte.de\/es\/#organization\",\"name\":\"9 St\u00e4dte in Niedersachsen\",\"url\":\"https:\/\/9staedte.de\/es\/\",\"logo\":{\"@type\":\"ImageObject\",\"inLanguage\":\"es\",\"@id\":\"https:\/\/9staedte.de\/es\/#\/schema\/logo\/image\/\",\"url\":\"https:\/\/9staedte.de\/wp-content\/uploads\/2025\/01\/9-neg-deutsch-2-1.png\",\"contentUrl\":\"https:\/\/9staedte.de\/wp-content\/uploads\/2025\/01\/9-neg-deutsch-2-1.png\",\"width\":190,\"height\":114,\"caption\":\"9 St\u00e4dte in Niedersachsen\"},\"image\":{\"@id\":\"https:\/\/9staedte.de\/es\/#\/schema\/logo\/image\/\"}}]}<\/script>\n<!-- \/ Yoast SEO plugin. -->","yoast_head_json":{"title":"Palacios y jardines de Hannover - 9 St\u00e4dte in Niedersachsen","robots":{"index":"index","follow":"follow","max-snippet":"max-snippet:-1","max-image-preview":"max-image-preview:large","max-video-preview":"max-video-preview:-1"},"canonical":"https:\/\/9staedte.de\/es\/hannover-capital-de-baja-sajonia\/palacios-y-jardines-de-hannover\/","og_locale":"es_ES","og_type":"article","og_title":"Palacios y jardines de Hannover - 9 St\u00e4dte in Niedersachsen","og_url":"https:\/\/9staedte.de\/es\/hannover-capital-de-baja-sajonia\/palacios-y-jardines-de-hannover\/","og_site_name":"9 St\u00e4dte in Niedersachsen","article_modified_time":"2023-11-02T17:10:38+00:00","og_image":[{"width":1020,"height":560,"url":"https:\/\/9staedte.de\/wp-content\/uploads\/2023\/02\/Herrenhaeuser-Gaertem-c-HMTG-Lars-Gerhardts.jpg","type":"image\/jpeg"}],"twitter_card":"summary_large_image","schema":{"@context":"https:\/\/schema.org","@graph":[{"@type":"WebPage","@id":"https:\/\/9staedte.de\/es\/hannover-capital-de-baja-sajonia\/palacios-y-jardines-de-hannover\/","url":"https:\/\/9staedte.de\/es\/hannover-capital-de-baja-sajonia\/palacios-y-jardines-de-hannover\/","name":"Palacios y jardines de Hannover - 9 St\u00e4dte in Niedersachsen","isPartOf":{"@id":"https:\/\/9staedte.de\/es\/#website"},"primaryImageOfPage":{"@id":"https:\/\/9staedte.de\/es\/hannover-capital-de-baja-sajonia\/palacios-y-jardines-de-hannover\/#primaryimage"},"image":{"@id":"https:\/\/9staedte.de\/es\/hannover-capital-de-baja-sajonia\/palacios-y-jardines-de-hannover\/#primaryimage"},"thumbnailUrl":"https:\/\/9staedte.de\/wp-content\/uploads\/2023\/02\/Herrenhaeuser-Gaertem-c-HMTG-Lars-Gerhardts.jpg","datePublished":"2023-11-02T08:50:16+00:00","dateModified":"2023-11-02T17:10:38+00:00","breadcrumb":{"@id":"https:\/\/9staedte.de\/es\/hannover-capital-de-baja-sajonia\/palacios-y-jardines-de-hannover\/#breadcrumb"},"inLanguage":"es","potentialAction":[{"@type":"ReadAction","target":["https:\/\/9staedte.de\/es\/hannover-capital-de-baja-sajonia\/palacios-y-jardines-de-hannover\/"]}]},{"@type":"ImageObject","inLanguage":"es","@id":"https:\/\/9staedte.de\/es\/hannover-capital-de-baja-sajonia\/palacios-y-jardines-de-hannover\/#primaryimage","url":"https:\/\/9staedte.de\/wp-content\/uploads\/2023\/02\/Herrenhaeuser-Gaertem-c-HMTG-Lars-Gerhardts.jpg","contentUrl":"https:\/\/9staedte.de\/wp-content\/uploads\/2023\/02\/Herrenhaeuser-Gaertem-c-HMTG-Lars-Gerhardts.jpg","width":1020,"height":560,"caption":"Herrenhaeuser Gaertem c) HMTG Lars Gerhardts"},{"@type":"BreadcrumbList","@id":"https:\/\/9staedte.de\/es\/hannover-capital-de-baja-sajonia\/palacios-y-jardines-de-hannover\/#breadcrumb","itemListElement":[{"@type":"ListItem","position":1,"name":"Startseite","item":"https:\/\/9staedte.de\/es\/"},{"@type":"ListItem","position":2,"name":"Hannover &#8211; Capital de Baja Sajonia","item":"https:\/\/9staedte.de\/es\/hannover-capital-de-baja-sajonia\/"},{"@type":"ListItem","position":3,"name":"Palacios y jardines de Hannover"}]},{"@type":"WebSite","@id":"https:\/\/9staedte.de\/es\/#website","url":"https:\/\/9staedte.de\/es\/","name":"9 St\u00e4dte in Niedersachsen","description":"","publisher":{"@id":"https:\/\/9staedte.de\/es\/#organization"},"potentialAction":[{"@type":"SearchAction","target":{"@type":"EntryPoint","urlTemplate":"https:\/\/9staedte.de\/es\/?s={search_term_string}"},"query-input":{"@type":"PropertyValueSpecification","valueRequired":true,"valueName":"search_term_string"}}],"inLanguage":"es"},{"@type":"Organization","@id":"https:\/\/9staedte.de\/es\/#organization","name":"9 St\u00e4dte in Niedersachsen","url":"https:\/\/9staedte.de\/es\/","logo":{"@type":"ImageObject","inLanguage":"es","@id":"https:\/\/9staedte.de\/es\/#\/schema\/logo\/image\/","url":"https:\/\/9staedte.de\/wp-content\/uploads\/2025\/01\/9-neg-deutsch-2-1.png","contentUrl":"https:\/\/9staedte.de\/wp-content\/uploads\/2025\/01\/9-neg-deutsch-2-1.png","width":190,"height":114,"caption":"9 St\u00e4dte in Niedersachsen"},"image":{"@id":"https:\/\/9staedte.de\/es\/#\/schema\/logo\/image\/"}}]}},"_links":{"self":[{"href":"https:\/\/9staedte.de\/es\/wp-json\/wp\/v2\/pages\/17717","targetHints":{"allow":["GET"]}}],"collection":[{"href":"https:\/\/9staedte.de\/es\/wp-json\/wp\/v2\/pages"}],"about":[{"href":"https:\/\/9staedte.de\/es\/wp-json\/wp\/v2\/types\/page"}],"author":[{"embeddable":true,"href":"https:\/\/9staedte.de\/es\/wp-json\/wp\/v2\/users\/1"}],"replies":[{"embeddable":true,"href":"https:\/\/9staedte.de\/es\/wp-json\/wp\/v2\/comments?post=17717"}],"version-history":[{"count":1,"href":"https:\/\/9staedte.de\/es\/wp-json\/wp\/v2\/pages\/17717\/revisions"}],"predecessor-version":[{"id":19933,"href":"https:\/\/9staedte.de\/es\/wp-json\/wp\/v2\/pages\/17717\/revisions\/19933"}],"up":[{"embeddable":true,"href":"https:\/\/9staedte.de\/es\/wp-json\/wp\/v2\/pages\/18054"}],"wp:featuredmedia":[{"embeddable":true,"href":"https:\/\/9staedte.de\/es\/wp-json\/wp\/v2\/media\/17718"}],"wp:attachment":[{"href":"https:\/\/9staedte.de\/es\/wp-json\/wp\/v2\/media?parent=17717"}],"wp:term":[{"taxonomy":"category","embeddable":true,"href":"https:\/\/9staedte.de\/es\/wp-json\/wp\/v2\/categories?post=17717"},{"taxonomy":"post_tag","embeddable":true,"href":"https:\/\/9staedte.de\/es\/wp-json\/wp\/v2\/tags?post=17717"},{"taxonomy":"ncap_cities_tax","embeddable":true,"href":"https:\/\/9staedte.de\/es\/wp-json\/wp\/v2\/ncap_cities_tax?post=17717"}],"curies":[{"name":"wp","href":"https:\/\/api.w.org\/{rel}","templated":true}]}}