{"id":17687,"date":"2023-11-02T09:49:51","date_gmt":"2023-11-02T08:49:51","guid":{"rendered":"https:\/\/9staedte.de\/ir-de-compras-y-salir-por-goslar\/"},"modified":"2024-05-08T15:47:18","modified_gmt":"2024-05-08T13:47:18","slug":"ir-de-compras-y-salir-por-goslar","status":"publish","type":"page","link":"https:\/\/9staedte.de\/es\/goslar-patrimonio-de-la-humanidad-en-los-montes-harz\/ir-de-compras-y-salir-por-goslar\/","title":{"rendered":"Ir de compras y salir por Goslar"},"content":{"rendered":"\n<h2 class=\"wp-block-heading\">Visita Goslar &#8211; La ciudad de las compras en las monta\u00f1as del Harz<\/h2>\n\n\n\n<p><strong>La ciudad comercial&nbsp;, en las monta\u00f1as de Harz, ofrece todo lo necesario para pasear tranquilamente por el centro de Goslar&nbsp;.&nbsp;<\/strong><\/p>\n\n\n\n<p>Paseando por el hermoso centro de la ciudad de Goslar, podr\u00e1 ir de compras rodeado de una arquitectura \u00fanica. En un kil\u00f3metro cuadrado del casco antiguo hay un centenar de tiendas en un espacio muy reducido. Otros tantos restaurantes pintorescos, acogedores caf\u00e9s y bares de moda le ofrecen todo lo necesario para inspirar el paladar y los sentidos.<\/p>\n\n\n\n\n<div class=\"banner-wrapper\">\n  <div class=\"banner-inner \">\n      <div class=\"img-container\">\n      <div class=\"img-wrapper\">\n        <img decoding=\"async\" src=\"https:\/\/9staedte.de\/wp-content\/smush-webp\/2023\/02\/Schuhhof-Haeuserfassade_GOSLAR-marketing-gmbh_Fotograf-Stefan-Schiefer-1.jpg.webp\" alt=\"La imagen muestra el Schuhhof en la ciudad de Goslar. Muchas casas de entramado de madera est\u00e1n una al lado de la otra. Las casas son coloridas y decoradas con detalle. Delante de las casas, la gente se sienta en una cafeter\u00eda. Beben algo y disfrutan del sol. Es un d\u00eda soleado y el ambiente es tranquilo.\" \/>\n                  <div class=\"thumbnail-label\">\n            <span>Schuhhof H\u00e4userfassade_GOSLAR marketing gmbh_Fotograf Stefan Schiefer<\/span>\n          <\/div>\n              <\/div>\n    <\/div>\n        <div class=\"text-container\">\n      <div class=\"content\">\n        <h3>Tipps rund ums Einkaufen und Ausgehen in Goslar<\/h3>\n<ul>\n<li>Moderne Gesch\u00e4fte in historischer Architektur<\/li>\n<li>H\u00f6chste Gastronomiedichte in Niedersachsen<\/li>\n<li>Hervorragendes Kulturangebot<\/li>\n<li>Wochenm\u00e4rkte<\/li>\n<li>Kunsthandwerkermarkt<\/li>\n<li>Einzigartiger Weihnachtsmarkt &amp; Weihnachtswald<\/li>\n<\/ul>\n      <\/div>\n    <\/div>\n    <\/div>\n<\/div>\n\n","protected":false},"excerpt":{"rendered":"<p>Visita Goslar &#8211; La ciudad de las compras en las monta\u00f1as del Harz La ciudad comercial&nbsp;, en las monta\u00f1as de Harz, ofrece todo lo necesario para pasear tranquilamente por el centro de Goslar&nbsp;.&nbsp; Paseando por el hermoso centro de la ciudad de Goslar, podr\u00e1 ir de compras rodeado de una arquitectura \u00fanica. En un kil\u00f3metro [&hellip;]<\/p>\n","protected":false},"author":1,"featured_media":17691,"parent":17997,"menu_order":0,"comment_status":"closed","ping_status":"closed","template":"pagetemplates\/template-stadtthema.php","meta":{"_acf_changed":false,"footnotes":""},"categories":[],"tags":[],"ncap_cities_tax":[443,779],"class_list":["post-17687","page","type-page","status-publish","has-post-thumbnail","hentry","ncap_cities_tax-goslar-es","ncap_cities_tax-shopping-und-ausgehen-goslar-es"],"acf":[],"yoast_head":"<!-- This site is optimized with the Yoast SEO plugin v27.4 - https:\/\/yoast.com\/product\/yoast-seo-wordpress\/ -->\n<title>Ir de compras y salir por Goslar - 9 St\u00e4dte in Niedersachsen<\/title>\n<meta name=\"robots\" content=\"index, follow, max-snippet:-1, max-image-preview:large, max-video-preview:-1\" \/>\n<link rel=\"canonical\" href=\"https:\/\/9staedte.de\/es\/goslar-patrimonio-de-la-humanidad-en-los-montes-harz\/ir-de-compras-y-salir-por-goslar\/\" \/>\n<meta property=\"og:locale\" content=\"es_ES\" \/>\n<meta property=\"og:type\" content=\"article\" \/>\n<meta property=\"og:title\" content=\"Ir de compras y salir por Goslar - 9 St\u00e4dte in Niedersachsen\" \/>\n<meta property=\"og:description\" content=\"Visita Goslar &#8211; La ciudad de las compras en las monta\u00f1as del Harz La ciudad comercial&nbsp;, en las monta\u00f1as de Harz, ofrece todo lo necesario para pasear tranquilamente por el centro de Goslar&nbsp;.&nbsp; Paseando por el hermoso centro de la ciudad de Goslar, podr\u00e1 ir de compras rodeado de una arquitectura \u00fanica. En un kil\u00f3metro [&hellip;]\" \/>\n<meta property=\"og:url\" content=\"https:\/\/9staedte.de\/es\/goslar-patrimonio-de-la-humanidad-en-los-montes-harz\/ir-de-compras-y-salir-por-goslar\/\" \/>\n<meta property=\"og:site_name\" content=\"9 St\u00e4dte in Niedersachsen\" \/>\n<meta property=\"article:modified_time\" content=\"2024-05-08T13:47:18+00:00\" \/>\n<meta property=\"og:image\" content=\"https:\/\/9staedte.de\/wp-content\/uploads\/2023\/02\/Belebter-Marktplatz_Quelle-GOSLAR-marketing-gmbh_Fotograf-Stefan-Schiefer.jpg\" \/>\n\t<meta property=\"og:image:width\" content=\"1020\" \/>\n\t<meta property=\"og:image:height\" content=\"560\" \/>\n\t<meta property=\"og:image:type\" content=\"image\/jpeg\" \/>\n<meta name=\"twitter:card\" content=\"summary_large_image\" \/>\n<meta name=\"twitter:label1\" content=\"Tiempo de lectura\" \/>\n\t<meta name=\"twitter:data1\" content=\"1 minuto\" \/>\n<script type=\"application\/ld+json\" class=\"yoast-schema-graph\">{\"@context\":\"https:\\\/\\\/schema.org\",\"@graph\":[{\"@type\":\"WebPage\",\"@id\":\"https:\\\/\\\/9staedte.de\\\/es\\\/goslar-patrimonio-de-la-humanidad-en-los-montes-harz\\\/ir-de-compras-y-salir-por-goslar\\\/\",\"url\":\"https:\\\/\\\/9staedte.de\\\/es\\\/goslar-patrimonio-de-la-humanidad-en-los-montes-harz\\\/ir-de-compras-y-salir-por-goslar\\\/\",\"name\":\"Ir de compras y salir por Goslar - 9 St\u00e4dte in Niedersachsen\",\"isPartOf\":{\"@id\":\"https:\\\/\\\/9staedte.de\\\/es\\\/#website\"},\"primaryImageOfPage\":{\"@id\":\"https:\\\/\\\/9staedte.de\\\/es\\\/goslar-patrimonio-de-la-humanidad-en-los-montes-harz\\\/ir-de-compras-y-salir-por-goslar\\\/#primaryimage\"},\"image\":{\"@id\":\"https:\\\/\\\/9staedte.de\\\/es\\\/goslar-patrimonio-de-la-humanidad-en-los-montes-harz\\\/ir-de-compras-y-salir-por-goslar\\\/#primaryimage\"},\"thumbnailUrl\":\"https:\\\/\\\/9staedte.de\\\/wp-content\\\/uploads\\\/2023\\\/02\\\/Belebter-Marktplatz_Quelle-GOSLAR-marketing-gmbh_Fotograf-Stefan-Schiefer.jpg\",\"datePublished\":\"2023-11-02T08:49:51+00:00\",\"dateModified\":\"2024-05-08T13:47:18+00:00\",\"breadcrumb\":{\"@id\":\"https:\\\/\\\/9staedte.de\\\/es\\\/goslar-patrimonio-de-la-humanidad-en-los-montes-harz\\\/ir-de-compras-y-salir-por-goslar\\\/#breadcrumb\"},\"inLanguage\":\"es\",\"potentialAction\":[{\"@type\":\"ReadAction\",\"target\":[\"https:\\\/\\\/9staedte.de\\\/es\\\/goslar-patrimonio-de-la-humanidad-en-los-montes-harz\\\/ir-de-compras-y-salir-por-goslar\\\/\"]}]},{\"@type\":\"ImageObject\",\"inLanguage\":\"es\",\"@id\":\"https:\\\/\\\/9staedte.de\\\/es\\\/goslar-patrimonio-de-la-humanidad-en-los-montes-harz\\\/ir-de-compras-y-salir-por-goslar\\\/#primaryimage\",\"url\":\"https:\\\/\\\/9staedte.de\\\/wp-content\\\/uploads\\\/2023\\\/02\\\/Belebter-Marktplatz_Quelle-GOSLAR-marketing-gmbh_Fotograf-Stefan-Schiefer.jpg\",\"contentUrl\":\"https:\\\/\\\/9staedte.de\\\/wp-content\\\/uploads\\\/2023\\\/02\\\/Belebter-Marktplatz_Quelle-GOSLAR-marketing-gmbh_Fotograf-Stefan-Schiefer.jpg\",\"width\":1020,\"height\":560,\"caption\":\"Belebter Marktplatz_Quelle GOSLAR marketing gmbh_Fotograf Stefan Schiefer\"},{\"@type\":\"BreadcrumbList\",\"@id\":\"https:\\\/\\\/9staedte.de\\\/es\\\/goslar-patrimonio-de-la-humanidad-en-los-montes-harz\\\/ir-de-compras-y-salir-por-goslar\\\/#breadcrumb\",\"itemListElement\":[{\"@type\":\"ListItem\",\"position\":1,\"name\":\"Startseite\",\"item\":\"https:\\\/\\\/9staedte.de\\\/es\\\/\"},{\"@type\":\"ListItem\",\"position\":2,\"name\":\"Goslar &#8211; Patrimonio de la Humanidad en los montes Harz\",\"item\":\"https:\\\/\\\/9staedte.de\\\/es\\\/goslar-patrimonio-de-la-humanidad-en-los-montes-harz\\\/\"},{\"@type\":\"ListItem\",\"position\":3,\"name\":\"Ir de compras y salir por Goslar\"}]},{\"@type\":\"WebSite\",\"@id\":\"https:\\\/\\\/9staedte.de\\\/es\\\/#website\",\"url\":\"https:\\\/\\\/9staedte.de\\\/es\\\/\",\"name\":\"9 St\u00e4dte in Niedersachsen\",\"description\":\"\",\"publisher\":{\"@id\":\"https:\\\/\\\/9staedte.de\\\/es\\\/#organization\"},\"potentialAction\":[{\"@type\":\"SearchAction\",\"target\":{\"@type\":\"EntryPoint\",\"urlTemplate\":\"https:\\\/\\\/9staedte.de\\\/es\\\/?s={search_term_string}\"},\"query-input\":{\"@type\":\"PropertyValueSpecification\",\"valueRequired\":true,\"valueName\":\"search_term_string\"}}],\"inLanguage\":\"es\"},{\"@type\":\"Organization\",\"@id\":\"https:\\\/\\\/9staedte.de\\\/es\\\/#organization\",\"name\":\"9 St\u00e4dte in Niedersachsen\",\"url\":\"https:\\\/\\\/9staedte.de\\\/es\\\/\",\"logo\":{\"@type\":\"ImageObject\",\"inLanguage\":\"es\",\"@id\":\"https:\\\/\\\/9staedte.de\\\/es\\\/#\\\/schema\\\/logo\\\/image\\\/\",\"url\":\"https:\\\/\\\/9staedte.de\\\/wp-content\\\/uploads\\\/2025\\\/01\\\/9-neg-deutsch-2-1.png\",\"contentUrl\":\"https:\\\/\\\/9staedte.de\\\/wp-content\\\/uploads\\\/2025\\\/01\\\/9-neg-deutsch-2-1.png\",\"width\":190,\"height\":114,\"caption\":\"9 St\u00e4dte in Niedersachsen\"},\"image\":{\"@id\":\"https:\\\/\\\/9staedte.de\\\/es\\\/#\\\/schema\\\/logo\\\/image\\\/\"}}]}<\/script>\n<!-- \/ Yoast SEO plugin. -->","yoast_head_json":{"title":"Ir de compras y salir por Goslar - 9 St\u00e4dte in Niedersachsen","robots":{"index":"index","follow":"follow","max-snippet":"max-snippet:-1","max-image-preview":"max-image-preview:large","max-video-preview":"max-video-preview:-1"},"canonical":"https:\/\/9staedte.de\/es\/goslar-patrimonio-de-la-humanidad-en-los-montes-harz\/ir-de-compras-y-salir-por-goslar\/","og_locale":"es_ES","og_type":"article","og_title":"Ir de compras y salir por Goslar - 9 St\u00e4dte in Niedersachsen","og_description":"Visita Goslar &#8211; La ciudad de las compras en las monta\u00f1as del Harz La ciudad comercial&nbsp;, en las monta\u00f1as de Harz, ofrece todo lo necesario para pasear tranquilamente por el centro de Goslar&nbsp;.&nbsp; Paseando por el hermoso centro de la ciudad de Goslar, podr\u00e1 ir de compras rodeado de una arquitectura \u00fanica. En un kil\u00f3metro [&hellip;]","og_url":"https:\/\/9staedte.de\/es\/goslar-patrimonio-de-la-humanidad-en-los-montes-harz\/ir-de-compras-y-salir-por-goslar\/","og_site_name":"9 St\u00e4dte in Niedersachsen","article_modified_time":"2024-05-08T13:47:18+00:00","og_image":[{"width":1020,"height":560,"url":"https:\/\/9staedte.de\/wp-content\/uploads\/2023\/02\/Belebter-Marktplatz_Quelle-GOSLAR-marketing-gmbh_Fotograf-Stefan-Schiefer.jpg","type":"image\/jpeg"}],"twitter_card":"summary_large_image","twitter_misc":{"Tiempo de lectura":"1 minuto"},"schema":{"@context":"https:\/\/schema.org","@graph":[{"@type":"WebPage","@id":"https:\/\/9staedte.de\/es\/goslar-patrimonio-de-la-humanidad-en-los-montes-harz\/ir-de-compras-y-salir-por-goslar\/","url":"https:\/\/9staedte.de\/es\/goslar-patrimonio-de-la-humanidad-en-los-montes-harz\/ir-de-compras-y-salir-por-goslar\/","name":"Ir de compras y salir por Goslar - 9 St\u00e4dte in Niedersachsen","isPartOf":{"@id":"https:\/\/9staedte.de\/es\/#website"},"primaryImageOfPage":{"@id":"https:\/\/9staedte.de\/es\/goslar-patrimonio-de-la-humanidad-en-los-montes-harz\/ir-de-compras-y-salir-por-goslar\/#primaryimage"},"image":{"@id":"https:\/\/9staedte.de\/es\/goslar-patrimonio-de-la-humanidad-en-los-montes-harz\/ir-de-compras-y-salir-por-goslar\/#primaryimage"},"thumbnailUrl":"https:\/\/9staedte.de\/wp-content\/uploads\/2023\/02\/Belebter-Marktplatz_Quelle-GOSLAR-marketing-gmbh_Fotograf-Stefan-Schiefer.jpg","datePublished":"2023-11-02T08:49:51+00:00","dateModified":"2024-05-08T13:47:18+00:00","breadcrumb":{"@id":"https:\/\/9staedte.de\/es\/goslar-patrimonio-de-la-humanidad-en-los-montes-harz\/ir-de-compras-y-salir-por-goslar\/#breadcrumb"},"inLanguage":"es","potentialAction":[{"@type":"ReadAction","target":["https:\/\/9staedte.de\/es\/goslar-patrimonio-de-la-humanidad-en-los-montes-harz\/ir-de-compras-y-salir-por-goslar\/"]}]},{"@type":"ImageObject","inLanguage":"es","@id":"https:\/\/9staedte.de\/es\/goslar-patrimonio-de-la-humanidad-en-los-montes-harz\/ir-de-compras-y-salir-por-goslar\/#primaryimage","url":"https:\/\/9staedte.de\/wp-content\/uploads\/2023\/02\/Belebter-Marktplatz_Quelle-GOSLAR-marketing-gmbh_Fotograf-Stefan-Schiefer.jpg","contentUrl":"https:\/\/9staedte.de\/wp-content\/uploads\/2023\/02\/Belebter-Marktplatz_Quelle-GOSLAR-marketing-gmbh_Fotograf-Stefan-Schiefer.jpg","width":1020,"height":560,"caption":"Belebter Marktplatz_Quelle GOSLAR marketing gmbh_Fotograf Stefan Schiefer"},{"@type":"BreadcrumbList","@id":"https:\/\/9staedte.de\/es\/goslar-patrimonio-de-la-humanidad-en-los-montes-harz\/ir-de-compras-y-salir-por-goslar\/#breadcrumb","itemListElement":[{"@type":"ListItem","position":1,"name":"Startseite","item":"https:\/\/9staedte.de\/es\/"},{"@type":"ListItem","position":2,"name":"Goslar &#8211; Patrimonio de la Humanidad en los montes Harz","item":"https:\/\/9staedte.de\/es\/goslar-patrimonio-de-la-humanidad-en-los-montes-harz\/"},{"@type":"ListItem","position":3,"name":"Ir de compras y salir por Goslar"}]},{"@type":"WebSite","@id":"https:\/\/9staedte.de\/es\/#website","url":"https:\/\/9staedte.de\/es\/","name":"9 St\u00e4dte in Niedersachsen","description":"","publisher":{"@id":"https:\/\/9staedte.de\/es\/#organization"},"potentialAction":[{"@type":"SearchAction","target":{"@type":"EntryPoint","urlTemplate":"https:\/\/9staedte.de\/es\/?s={search_term_string}"},"query-input":{"@type":"PropertyValueSpecification","valueRequired":true,"valueName":"search_term_string"}}],"inLanguage":"es"},{"@type":"Organization","@id":"https:\/\/9staedte.de\/es\/#organization","name":"9 St\u00e4dte in Niedersachsen","url":"https:\/\/9staedte.de\/es\/","logo":{"@type":"ImageObject","inLanguage":"es","@id":"https:\/\/9staedte.de\/es\/#\/schema\/logo\/image\/","url":"https:\/\/9staedte.de\/wp-content\/uploads\/2025\/01\/9-neg-deutsch-2-1.png","contentUrl":"https:\/\/9staedte.de\/wp-content\/uploads\/2025\/01\/9-neg-deutsch-2-1.png","width":190,"height":114,"caption":"9 St\u00e4dte in Niedersachsen"},"image":{"@id":"https:\/\/9staedte.de\/es\/#\/schema\/logo\/image\/"}}]}},"_links":{"self":[{"href":"https:\/\/9staedte.de\/es\/wp-json\/wp\/v2\/pages\/17687","targetHints":{"allow":["GET"]}}],"collection":[{"href":"https:\/\/9staedte.de\/es\/wp-json\/wp\/v2\/pages"}],"about":[{"href":"https:\/\/9staedte.de\/es\/wp-json\/wp\/v2\/types\/page"}],"author":[{"embeddable":true,"href":"https:\/\/9staedte.de\/es\/wp-json\/wp\/v2\/users\/1"}],"replies":[{"embeddable":true,"href":"https:\/\/9staedte.de\/es\/wp-json\/wp\/v2\/comments?post=17687"}],"version-history":[{"count":2,"href":"https:\/\/9staedte.de\/es\/wp-json\/wp\/v2\/pages\/17687\/revisions"}],"predecessor-version":[{"id":22296,"href":"https:\/\/9staedte.de\/es\/wp-json\/wp\/v2\/pages\/17687\/revisions\/22296"}],"up":[{"embeddable":true,"href":"https:\/\/9staedte.de\/es\/wp-json\/wp\/v2\/pages\/17997"}],"wp:featuredmedia":[{"embeddable":true,"href":"https:\/\/9staedte.de\/es\/wp-json\/wp\/v2\/media\/17691"}],"wp:attachment":[{"href":"https:\/\/9staedte.de\/es\/wp-json\/wp\/v2\/media?parent=17687"}],"wp:term":[{"taxonomy":"category","embeddable":true,"href":"https:\/\/9staedte.de\/es\/wp-json\/wp\/v2\/categories?post=17687"},{"taxonomy":"post_tag","embeddable":true,"href":"https:\/\/9staedte.de\/es\/wp-json\/wp\/v2\/tags?post=17687"},{"taxonomy":"ncap_cities_tax","embeddable":true,"href":"https:\/\/9staedte.de\/es\/wp-json\/wp\/v2\/ncap_cities_tax?post=17687"}],"curies":[{"name":"wp","href":"https:\/\/api.w.org\/{rel}","templated":true}]}}