{"id":17662,"date":"2023-11-02T09:49:50","date_gmt":"2023-11-02T08:49:50","guid":{"rendered":"https:\/\/9staedte.de\/ir-de-compras-y-salir-por-celle\/"},"modified":"2025-05-21T14:09:49","modified_gmt":"2025-05-21T12:09:49","slug":"ir-de-compras-y-salir-por-celle","status":"publish","type":"page","link":"https:\/\/9staedte.de\/es\/celle-encantadora-ciudad-residencial\/ir-de-compras-y-salir-por-celle\/","title":{"rendered":"Ir de compras y salir por Celle"},"content":{"rendered":"\n<h1 class=\"wp-block-heading\">Einkaufserlebnis Celle \u2013 traditionell und aktuell Shoppen<\/h1>\n\n\n\n<h3 class=\"wp-block-heading\">Einkaufserlebnis Celle \u2013 Shoppen und Bummeln mit&nbsp;Ambiente<\/h3>\n\n\n\n<p>Gegr\u00fcndet vor \u00fcber 700 Jahren ist Celle heute eine moderne Residenz- und Fachwerkstadt voller Leben, Aktualit\u00e4t und Tradition. Hinter den historischen, bunten Fassaden der \u00fcber 500 Fachwerkh\u00e4user verf\u00fchren individuelle Boutiquen und L\u00e4den zum St\u00f6bern. In kleinen, liebevoll ausgestatteten und dekorierten Gesch\u00e4ften findet ein Jeder sein individuelles \u201eSchn\u00e4ppchen\u201c. Mit Zeit und Mu\u00dfe f\u00fcr die individuelle Beratung und den kleinen Schwatz am Rande wird Einkaufen in Celle zum wirklichen Erlebnis.<\/p>\n\n\n\n\n<div class=\"banner-wrapper\">\n  <div class=\"banner-inner \">\n      <div class=\"img-container\">\n      <div class=\"img-wrapper\">\n        <img decoding=\"async\" src=\"https:\/\/9staedte.de\/wp-content\/smush-webp\/2023\/02\/Celle-Huths-kaffee-c-Celle-Tourismus-und-Marketing-GmbH.jpg.webp\" alt=\"La imagen muestra una antigua casa con entramado de madera en Celle. En la pared cuelga un cartel negro con un escudo dorado. En el cartel dice \u201cHuths Kaffee\u201d. Debajo dice: \u201cFundado en 1851\u201d. Encima del cartel florecen flores rojas en una maceta. La casa tiene ventanas blancas con marcos azules.\" \/>\n                  <div class=\"thumbnail-label\">\n            <span>Celle-Huths-kaffee c) Celle Tourismus und Marketing GmbH<\/span>\n          <\/div>\n              <\/div>\n    <\/div>\n        <div class=\"text-container\">\n      <div class=\"content\">\n        <p><strong>Tipps f\u00fcr Kultur und Delikatessen in der Residenzstadt Celle:\u00a0<\/strong><\/p>\n<p>\u2013 Huths Kaffeer\u00f6sterei und Delikatessen<\/p>\n<p>&#8211;\u00a0 Alter Provisor Ladengesch\u00e4ft<\/p>\n<p>\u2013 Weinstube und Weinkeller Postmeister von Hin\u00fcber<\/p>\n<p>\u2013 Hehlentorstra\u00dfe: Teekanzlei<\/p>\n<p>\u2013 Kneipe Herzog Ernst<\/p>\n<p>\u2013 Kleinkunstb\u00fchne Kunst &amp; B\u00fchne<\/p>\n<p>\u2013 Residenzschloss Celle: Schlosstheater<\/p>\n<p>&#8211;\u00a0 <a href=\"https:\/\/www.celle.de\/Tourismus\/Das-ist-Celle\/Nachhaltiger-Tourismus\/In-Celle-nachhaltig-einkaufen\">In Celle nachhaltig einkaufen:<\/a><\/p>\n      <\/div>\n    <\/div>\n    <\/div>\n<\/div>\n\n","protected":false},"excerpt":{"rendered":"<p>Einkaufserlebnis Celle \u2013 traditionell und aktuell Shoppen Einkaufserlebnis Celle \u2013 Shoppen und Bummeln mit&nbsp;Ambiente Gegr\u00fcndet vor \u00fcber 700 Jahren ist Celle heute eine moderne Residenz- und Fachwerkstadt voller Leben, Aktualit\u00e4t und Tradition. Hinter den historischen, bunten Fassaden der \u00fcber 500 Fachwerkh\u00e4user verf\u00fchren individuelle Boutiquen und L\u00e4den zum St\u00f6bern. In kleinen, liebevoll ausgestatteten und dekorierten Gesch\u00e4ften [&hellip;]<\/p>\n","protected":false},"author":1,"featured_media":17676,"parent":18083,"menu_order":0,"comment_status":"closed","ping_status":"closed","template":"pagetemplates\/template-stadtthema.php","meta":{"_acf_changed":false,"footnotes":""},"categories":[],"tags":[],"ncap_cities_tax":[431,767],"class_list":["post-17662","page","type-page","status-publish","has-post-thumbnail","hentry","ncap_cities_tax-celle-es","ncap_cities_tax-shopping-und-ausgehen-celle-es"],"acf":[],"yoast_head":"<!-- This site is optimized with the Yoast SEO plugin v27.4 - https:\/\/yoast.com\/product\/yoast-seo-wordpress\/ -->\n<title>Ir de compras y salir por Celle - 9 St\u00e4dte in Niedersachsen<\/title>\n<meta name=\"robots\" content=\"index, follow, max-snippet:-1, max-image-preview:large, max-video-preview:-1\" \/>\n<link rel=\"canonical\" href=\"https:\/\/9staedte.de\/es\/celle-encantadora-ciudad-residencial\/ir-de-compras-y-salir-por-celle\/\" \/>\n<meta property=\"og:locale\" content=\"es_ES\" \/>\n<meta property=\"og:type\" content=\"article\" \/>\n<meta property=\"og:title\" content=\"Ir de compras y salir por Celle - 9 St\u00e4dte in Niedersachsen\" \/>\n<meta property=\"og:description\" content=\"Einkaufserlebnis Celle \u2013 traditionell und aktuell Shoppen Einkaufserlebnis Celle \u2013 Shoppen und Bummeln mit&nbsp;Ambiente Gegr\u00fcndet vor \u00fcber 700 Jahren ist Celle heute eine moderne Residenz- und Fachwerkstadt voller Leben, Aktualit\u00e4t und Tradition. Hinter den historischen, bunten Fassaden der \u00fcber 500 Fachwerkh\u00e4user verf\u00fchren individuelle Boutiquen und L\u00e4den zum St\u00f6bern. In kleinen, liebevoll ausgestatteten und dekorierten Gesch\u00e4ften [&hellip;]\" \/>\n<meta property=\"og:url\" content=\"https:\/\/9staedte.de\/es\/celle-encantadora-ciudad-residencial\/ir-de-compras-y-salir-por-celle\/\" \/>\n<meta property=\"og:site_name\" content=\"9 St\u00e4dte in Niedersachsen\" \/>\n<meta property=\"article:modified_time\" content=\"2025-05-21T12:09:49+00:00\" \/>\n<meta property=\"og:image\" content=\"https:\/\/9staedte.de\/wp-content\/uploads\/2023\/02\/Shopping-in-Celle-c-Celle-Tourimsus-4.jpg\" \/>\n\t<meta property=\"og:image:width\" content=\"1020\" \/>\n\t<meta property=\"og:image:height\" content=\"560\" \/>\n\t<meta property=\"og:image:type\" content=\"image\/jpeg\" \/>\n<meta name=\"twitter:card\" content=\"summary_large_image\" \/>\n<meta name=\"twitter:label1\" content=\"Tiempo de lectura\" \/>\n\t<meta name=\"twitter:data1\" content=\"1 minuto\" \/>\n<script type=\"application\/ld+json\" class=\"yoast-schema-graph\">{\"@context\":\"https:\\\/\\\/schema.org\",\"@graph\":[{\"@type\":\"WebPage\",\"@id\":\"https:\\\/\\\/9staedte.de\\\/es\\\/celle-encantadora-ciudad-residencial\\\/ir-de-compras-y-salir-por-celle\\\/\",\"url\":\"https:\\\/\\\/9staedte.de\\\/es\\\/celle-encantadora-ciudad-residencial\\\/ir-de-compras-y-salir-por-celle\\\/\",\"name\":\"Ir de compras y salir por Celle - 9 St\u00e4dte in Niedersachsen\",\"isPartOf\":{\"@id\":\"https:\\\/\\\/9staedte.de\\\/es\\\/#website\"},\"primaryImageOfPage\":{\"@id\":\"https:\\\/\\\/9staedte.de\\\/es\\\/celle-encantadora-ciudad-residencial\\\/ir-de-compras-y-salir-por-celle\\\/#primaryimage\"},\"image\":{\"@id\":\"https:\\\/\\\/9staedte.de\\\/es\\\/celle-encantadora-ciudad-residencial\\\/ir-de-compras-y-salir-por-celle\\\/#primaryimage\"},\"thumbnailUrl\":\"https:\\\/\\\/9staedte.de\\\/wp-content\\\/uploads\\\/2023\\\/02\\\/Shopping-in-Celle-c-Celle-Tourimsus-4.jpg\",\"datePublished\":\"2023-11-02T08:49:50+00:00\",\"dateModified\":\"2025-05-21T12:09:49+00:00\",\"breadcrumb\":{\"@id\":\"https:\\\/\\\/9staedte.de\\\/es\\\/celle-encantadora-ciudad-residencial\\\/ir-de-compras-y-salir-por-celle\\\/#breadcrumb\"},\"inLanguage\":\"es\",\"potentialAction\":[{\"@type\":\"ReadAction\",\"target\":[\"https:\\\/\\\/9staedte.de\\\/es\\\/celle-encantadora-ciudad-residencial\\\/ir-de-compras-y-salir-por-celle\\\/\"]}]},{\"@type\":\"ImageObject\",\"inLanguage\":\"es\",\"@id\":\"https:\\\/\\\/9staedte.de\\\/es\\\/celle-encantadora-ciudad-residencial\\\/ir-de-compras-y-salir-por-celle\\\/#primaryimage\",\"url\":\"https:\\\/\\\/9staedte.de\\\/wp-content\\\/uploads\\\/2023\\\/02\\\/Shopping-in-Celle-c-Celle-Tourimsus-4.jpg\",\"contentUrl\":\"https:\\\/\\\/9staedte.de\\\/wp-content\\\/uploads\\\/2023\\\/02\\\/Shopping-in-Celle-c-Celle-Tourimsus-4.jpg\",\"width\":1020,\"height\":560,\"caption\":\"Shopping in Celle c) Celle Tourismus\"},{\"@type\":\"BreadcrumbList\",\"@id\":\"https:\\\/\\\/9staedte.de\\\/es\\\/celle-encantadora-ciudad-residencial\\\/ir-de-compras-y-salir-por-celle\\\/#breadcrumb\",\"itemListElement\":[{\"@type\":\"ListItem\",\"position\":1,\"name\":\"Startseite\",\"item\":\"https:\\\/\\\/9staedte.de\\\/es\\\/\"},{\"@type\":\"ListItem\",\"position\":2,\"name\":\"Celle &#8211; Encantadora ciudad residencial\",\"item\":\"https:\\\/\\\/9staedte.de\\\/es\\\/celle-encantadora-ciudad-residencial\\\/\"},{\"@type\":\"ListItem\",\"position\":3,\"name\":\"Ir de compras y salir por Celle\"}]},{\"@type\":\"WebSite\",\"@id\":\"https:\\\/\\\/9staedte.de\\\/es\\\/#website\",\"url\":\"https:\\\/\\\/9staedte.de\\\/es\\\/\",\"name\":\"9 St\u00e4dte in Niedersachsen\",\"description\":\"\",\"publisher\":{\"@id\":\"https:\\\/\\\/9staedte.de\\\/es\\\/#organization\"},\"potentialAction\":[{\"@type\":\"SearchAction\",\"target\":{\"@type\":\"EntryPoint\",\"urlTemplate\":\"https:\\\/\\\/9staedte.de\\\/es\\\/?s={search_term_string}\"},\"query-input\":{\"@type\":\"PropertyValueSpecification\",\"valueRequired\":true,\"valueName\":\"search_term_string\"}}],\"inLanguage\":\"es\"},{\"@type\":\"Organization\",\"@id\":\"https:\\\/\\\/9staedte.de\\\/es\\\/#organization\",\"name\":\"9 St\u00e4dte in Niedersachsen\",\"url\":\"https:\\\/\\\/9staedte.de\\\/es\\\/\",\"logo\":{\"@type\":\"ImageObject\",\"inLanguage\":\"es\",\"@id\":\"https:\\\/\\\/9staedte.de\\\/es\\\/#\\\/schema\\\/logo\\\/image\\\/\",\"url\":\"https:\\\/\\\/9staedte.de\\\/wp-content\\\/uploads\\\/2025\\\/01\\\/9-neg-deutsch-2-1.png\",\"contentUrl\":\"https:\\\/\\\/9staedte.de\\\/wp-content\\\/uploads\\\/2025\\\/01\\\/9-neg-deutsch-2-1.png\",\"width\":190,\"height\":114,\"caption\":\"9 St\u00e4dte in Niedersachsen\"},\"image\":{\"@id\":\"https:\\\/\\\/9staedte.de\\\/es\\\/#\\\/schema\\\/logo\\\/image\\\/\"}}]}<\/script>\n<!-- \/ Yoast SEO plugin. -->","yoast_head_json":{"title":"Ir de compras y salir por Celle - 9 St\u00e4dte in Niedersachsen","robots":{"index":"index","follow":"follow","max-snippet":"max-snippet:-1","max-image-preview":"max-image-preview:large","max-video-preview":"max-video-preview:-1"},"canonical":"https:\/\/9staedte.de\/es\/celle-encantadora-ciudad-residencial\/ir-de-compras-y-salir-por-celle\/","og_locale":"es_ES","og_type":"article","og_title":"Ir de compras y salir por Celle - 9 St\u00e4dte in Niedersachsen","og_description":"Einkaufserlebnis Celle \u2013 traditionell und aktuell Shoppen Einkaufserlebnis Celle \u2013 Shoppen und Bummeln mit&nbsp;Ambiente Gegr\u00fcndet vor \u00fcber 700 Jahren ist Celle heute eine moderne Residenz- und Fachwerkstadt voller Leben, Aktualit\u00e4t und Tradition. Hinter den historischen, bunten Fassaden der \u00fcber 500 Fachwerkh\u00e4user verf\u00fchren individuelle Boutiquen und L\u00e4den zum St\u00f6bern. In kleinen, liebevoll ausgestatteten und dekorierten Gesch\u00e4ften [&hellip;]","og_url":"https:\/\/9staedte.de\/es\/celle-encantadora-ciudad-residencial\/ir-de-compras-y-salir-por-celle\/","og_site_name":"9 St\u00e4dte in Niedersachsen","article_modified_time":"2025-05-21T12:09:49+00:00","og_image":[{"width":1020,"height":560,"url":"https:\/\/9staedte.de\/wp-content\/uploads\/2023\/02\/Shopping-in-Celle-c-Celle-Tourimsus-4.jpg","type":"image\/jpeg"}],"twitter_card":"summary_large_image","twitter_misc":{"Tiempo de lectura":"1 minuto"},"schema":{"@context":"https:\/\/schema.org","@graph":[{"@type":"WebPage","@id":"https:\/\/9staedte.de\/es\/celle-encantadora-ciudad-residencial\/ir-de-compras-y-salir-por-celle\/","url":"https:\/\/9staedte.de\/es\/celle-encantadora-ciudad-residencial\/ir-de-compras-y-salir-por-celle\/","name":"Ir de compras y salir por Celle - 9 St\u00e4dte in Niedersachsen","isPartOf":{"@id":"https:\/\/9staedte.de\/es\/#website"},"primaryImageOfPage":{"@id":"https:\/\/9staedte.de\/es\/celle-encantadora-ciudad-residencial\/ir-de-compras-y-salir-por-celle\/#primaryimage"},"image":{"@id":"https:\/\/9staedte.de\/es\/celle-encantadora-ciudad-residencial\/ir-de-compras-y-salir-por-celle\/#primaryimage"},"thumbnailUrl":"https:\/\/9staedte.de\/wp-content\/uploads\/2023\/02\/Shopping-in-Celle-c-Celle-Tourimsus-4.jpg","datePublished":"2023-11-02T08:49:50+00:00","dateModified":"2025-05-21T12:09:49+00:00","breadcrumb":{"@id":"https:\/\/9staedte.de\/es\/celle-encantadora-ciudad-residencial\/ir-de-compras-y-salir-por-celle\/#breadcrumb"},"inLanguage":"es","potentialAction":[{"@type":"ReadAction","target":["https:\/\/9staedte.de\/es\/celle-encantadora-ciudad-residencial\/ir-de-compras-y-salir-por-celle\/"]}]},{"@type":"ImageObject","inLanguage":"es","@id":"https:\/\/9staedte.de\/es\/celle-encantadora-ciudad-residencial\/ir-de-compras-y-salir-por-celle\/#primaryimage","url":"https:\/\/9staedte.de\/wp-content\/uploads\/2023\/02\/Shopping-in-Celle-c-Celle-Tourimsus-4.jpg","contentUrl":"https:\/\/9staedte.de\/wp-content\/uploads\/2023\/02\/Shopping-in-Celle-c-Celle-Tourimsus-4.jpg","width":1020,"height":560,"caption":"Shopping in Celle c) Celle Tourismus"},{"@type":"BreadcrumbList","@id":"https:\/\/9staedte.de\/es\/celle-encantadora-ciudad-residencial\/ir-de-compras-y-salir-por-celle\/#breadcrumb","itemListElement":[{"@type":"ListItem","position":1,"name":"Startseite","item":"https:\/\/9staedte.de\/es\/"},{"@type":"ListItem","position":2,"name":"Celle &#8211; Encantadora ciudad residencial","item":"https:\/\/9staedte.de\/es\/celle-encantadora-ciudad-residencial\/"},{"@type":"ListItem","position":3,"name":"Ir de compras y salir por Celle"}]},{"@type":"WebSite","@id":"https:\/\/9staedte.de\/es\/#website","url":"https:\/\/9staedte.de\/es\/","name":"9 St\u00e4dte in Niedersachsen","description":"","publisher":{"@id":"https:\/\/9staedte.de\/es\/#organization"},"potentialAction":[{"@type":"SearchAction","target":{"@type":"EntryPoint","urlTemplate":"https:\/\/9staedte.de\/es\/?s={search_term_string}"},"query-input":{"@type":"PropertyValueSpecification","valueRequired":true,"valueName":"search_term_string"}}],"inLanguage":"es"},{"@type":"Organization","@id":"https:\/\/9staedte.de\/es\/#organization","name":"9 St\u00e4dte in Niedersachsen","url":"https:\/\/9staedte.de\/es\/","logo":{"@type":"ImageObject","inLanguage":"es","@id":"https:\/\/9staedte.de\/es\/#\/schema\/logo\/image\/","url":"https:\/\/9staedte.de\/wp-content\/uploads\/2025\/01\/9-neg-deutsch-2-1.png","contentUrl":"https:\/\/9staedte.de\/wp-content\/uploads\/2025\/01\/9-neg-deutsch-2-1.png","width":190,"height":114,"caption":"9 St\u00e4dte in Niedersachsen"},"image":{"@id":"https:\/\/9staedte.de\/es\/#\/schema\/logo\/image\/"}}]}},"_links":{"self":[{"href":"https:\/\/9staedte.de\/es\/wp-json\/wp\/v2\/pages\/17662","targetHints":{"allow":["GET"]}}],"collection":[{"href":"https:\/\/9staedte.de\/es\/wp-json\/wp\/v2\/pages"}],"about":[{"href":"https:\/\/9staedte.de\/es\/wp-json\/wp\/v2\/types\/page"}],"author":[{"embeddable":true,"href":"https:\/\/9staedte.de\/es\/wp-json\/wp\/v2\/users\/1"}],"replies":[{"embeddable":true,"href":"https:\/\/9staedte.de\/es\/wp-json\/wp\/v2\/comments?post=17662"}],"version-history":[{"count":3,"href":"https:\/\/9staedte.de\/es\/wp-json\/wp\/v2\/pages\/17662\/revisions"}],"predecessor-version":[{"id":26261,"href":"https:\/\/9staedte.de\/es\/wp-json\/wp\/v2\/pages\/17662\/revisions\/26261"}],"up":[{"embeddable":true,"href":"https:\/\/9staedte.de\/es\/wp-json\/wp\/v2\/pages\/18083"}],"wp:featuredmedia":[{"embeddable":true,"href":"https:\/\/9staedte.de\/es\/wp-json\/wp\/v2\/media\/17676"}],"wp:attachment":[{"href":"https:\/\/9staedte.de\/es\/wp-json\/wp\/v2\/media?parent=17662"}],"wp:term":[{"taxonomy":"category","embeddable":true,"href":"https:\/\/9staedte.de\/es\/wp-json\/wp\/v2\/categories?post=17662"},{"taxonomy":"post_tag","embeddable":true,"href":"https:\/\/9staedte.de\/es\/wp-json\/wp\/v2\/tags?post=17662"},{"taxonomy":"ncap_cities_tax","embeddable":true,"href":"https:\/\/9staedte.de\/es\/wp-json\/wp\/v2\/ncap_cities_tax?post=17662"}],"curies":[{"name":"wp","href":"https:\/\/api.w.org\/{rel}","templated":true}]}}