{"id":17645,"date":"2023-11-02T09:49:49","date_gmt":"2023-11-02T08:49:49","guid":{"rendered":"https:\/\/9staedte.de\/braunschweig-la-ciudad-del-leon\/"},"modified":"2025-07-31T09:40:14","modified_gmt":"2025-07-31T07:40:14","slug":"braunschweig-la-ciudad-del-leon","status":"publish","type":"page","link":"https:\/\/9staedte.de\/es\/braunschweig-la-ciudad-del-leon\/","title":{"rendered":"Braunschweig &#8211; City of Lions"},"content":{"rendered":"\n<h2 class=\"wp-block-heading\">Ciudad vibrante con historia<\/h2>\n\n\n\n<p>Las diversas oportunidades de una gran ciudad, enclavada en una rica historia &#8211; en Braunschweig puede experimentar mucho a poca distancia: Experiencias culturales de primera clase, eventos destacados en cualquier \u00e9poca del a\u00f1o y variadas oportunidades de ocio llenan el paisaje hist\u00f3rico de la ciudad con el estilo de vida de una vibrante metr\u00f3polis. En la plaza Burgplatz a\u00fan se respira el ambiente medieval, m\u00e1s de 4.000 obras de 3.000 a\u00f1os de historia del arte le esperan en el Museo Herzog Anton Ulrich y el polifac\u00e9tico centro de la ciudad invita a ir de compras. Los oasis verdes a lo largo del r\u00edo Oker, en el centro de la ciudad, ofrecen relajaci\u00f3n.<\/p>\n\n\n\n<p><\/p>\n\n\n\n<p><a href=\"http:\/\/www.braunschweig.de\/tourismus\">www.braunschweig.de\/tourismus<\/a><\/p>\n\n\n\n<p><\/p>\n\n\n\n\n<div class=\"banner-wrapper\">\n  <div class=\"banner-inner \">\n      <div class=\"img-container\">\n      <div class=\"img-wrapper\">\n        <img decoding=\"async\" src=\"https:\/\/9staedte.de\/wp-content\/smush-webp\/2023\/02\/Braunschweig-Schloss-c-Braunschweig-Stadtmarketing-Christian-Bierwagen.jpg.webp\" alt=\"La imagen muestra el palacio residencial de Brunswick por la noche. El edificio es grande y est\u00e1 bien iluminado. Delante hay una estatua ecuestre. El cielo es azul con muchas nubes. En la calle pasan coches y sus luces dejan estelas. El ambiente es tranquilo y solemne.\" \/>\n                  <div class=\"thumbnail-label\">\n            <span>Braunschweig Residenschloss c) Braunschweig Stadtmarketing Christian Bierwagen<\/span>\n          <\/div>\n              <\/div>\n    <\/div>\n        <div class=\"text-container\">\n      <div class=\"content\">\n        <p><strong>Consejos especiales:<\/strong><\/p>\n<ul>\n<li>Visite el teatro estatal o uno de los muchos teatros peque\u00f1os<\/li>\n<li>Disfrute de la naturaleza que rodea el Oker dando un paseo<\/li>\n<li>Haga una excursi\u00f3n guiada en balsa o canoa en los meses m\u00e1s c\u00e1lidos<\/li>\n<li>Descubra la ciudad en una visita guiada<\/li>\n<li>Viva de cerca la historia y la cultura en museos de renombre<\/li>\n<li>Pasee por el tradicional mercado navide\u00f1o en un entorno hist\u00f3rico durante la \u00e9poca de Adviento<\/li>\n<\/ul>\n      <\/div>\n    <\/div>\n    <\/div>\n<\/div>\n\n\n\n\n<div style=\"height:30px\" aria-hidden=\"true\" class=\"wp-block-spacer\"><\/div>\n\n\n\n<div class=\"wp-block-columns is-layout-flex wp-container-core-columns-is-layout-9d6595d7 wp-block-columns-is-layout-flex\">\n<div class=\"wp-block-column is-layout-flow wp-block-column-is-layout-flow\" style=\"flex-basis:66.66%\">\n <div class=\"brlbs-cmpnt-container brlbs-cmpnt-content-blocker brlbs-cmpnt-with-individual-styles\" data-borlabs-cookie-content-blocker-id=\"google-maps\" data-borlabs-cookie-content=\"PGlmcmFtZSBzcmM9Imh0dHBzOi8vd3d3Lmdvb2dsZS5jb20vbWFwcy9kL2VtYmVkP21pZD0xVUhGU181Zkw2aUhISy1qbXdmMHhVTkNtQU9XY1lsQSZhbXA7ZWhiYz0yRTMxMkYiIHdpZHRoPSIxMDAlIiBoZWlnaHQ9IjQ1MCI+PC9pZnJhbWU+\"><div class=\"brlbs-cmpnt-cb-preset-b brlbs-cmpnt-cb-google-maps\"> <div class=\"brlbs-cmpnt-cb-thumbnail\" style=\"background-image: url('https:\/\/9staedte.de\/wp-content\/uploads\/borlabs-cookie\/1\/brlbs-cb-google-maps-main.png')\"><\/div> <div class=\"brlbs-cmpnt-cb-main\"> <div class=\"brlbs-cmpnt-cb-content\"> <p class=\"brlbs-cmpnt-cb-description\">Est\u00e1s viendo un contenido de marcador de posici\u00f3n de <strong>Google Maps<\/strong>. Para acceder al contenido real, haz clic en el siguiente bot\u00f3n. Ten en cuenta que al hacerlo compartir\u00e1s datos con terceros proveedores.<\/p> <a class=\"brlbs-cmpnt-cb-provider-toggle\" href=\"#\" data-borlabs-cookie-show-provider-information role=\"button\">M\u00e1s informaci\u00f3n<\/a> <\/div> <div class=\"brlbs-cmpnt-cb-buttons\"> <a class=\"brlbs-cmpnt-cb-btn\" href=\"#\" data-borlabs-cookie-unblock role=\"button\">Desbloquear contenido<\/a> <a class=\"brlbs-cmpnt-cb-btn\" href=\"#\" data-borlabs-cookie-accept-service role=\"button\" style=\"display: inherit\">Aceptar el servicio requerido y desbloquear el contenido<\/a> <\/div> <\/div> <\/div><\/div>\n<\/div>\n\n\n\n<div class=\"wp-block-column is-layout-flow wp-block-column-is-layout-flow\">\n<p><strong>Lugares de inter\u00e9s:<\/strong><\/p>\n\n\n\n<ul class=\"map-legend main-legend wp-block-list\">\n<li>Plaza del Castillo con el Le\u00f3n del Castillo, el Castillo de Dankwarderode y la Catedral de San Blasii  <\/li>\n\n\n\n<li class=\"legend\">Palacio de la Residencia, Cuadriga y Museo del Palacio  <\/li>\n\n\n\n<li>Museo Duque Anton Ulrich <\/li>\n\n\n\n<li>Magniviertel con Museo Municipal &#8211; Haus am L\u00f6wenwall  <\/li>\n\n\n\n<li>Un centro urbano vers\u00e1til con plazas acogedoras  <\/li>\n\n\n\n<li>Mercado de la Ciudad Vieja con Museo Municipal &#8211; Ayuntamiento de la Ciudad Vieja  <\/li>\n\n\n\n<li>Oker y Jard\u00edn Bot\u00e1nico  <\/li>\n\n\n\n<li>Castillo de Richmond con jard\u00edn paisaj\u00edstico ingl\u00e9s  <\/li>\n\n\n\n<li>Paseo por la naturaleza alrededor del monasterio cisterciense de Riddagshausen<\/li>\n<\/ul>\n<\/div>\n<\/div>\n\n\n\n<div style=\"height:60px\" aria-hidden=\"true\" class=\"wp-block-spacer\"><\/div>\n\n\n\n<div class=\"content-grid\">\n\n\n  \n  <div class=\"grid\">\n                        \n                    \n          <div class=\"featured-themen-single\">\n            <div class=\"featured-themen-single-inner\" style=\"background-image: url('https:\/\/9staedte.de\/wp-content\/smush-webp\/2024\/04\/Braunschweig-Stadtspaziergang-\u00a9-Braunschweig-Stadtmarketing-GmbH-Moritz-Kuestner.jpg.webp')\">\n              \n              <a href=\"https:\/\/9staedte.de\/es\/braunschweig-la-ciudad-del-leon\/visitas-guiadas-por-braunschweig\/\">\n                <span>Visitas guiadas por Braunschweig<\/span>\n              <\/a>\n            <\/div>\n          <\/div>\n    \n          \n                  \n                    \n          <div class=\"featured-themen-single\">\n            <div class=\"featured-themen-single-inner\" style=\"background-image: url('https:\/\/9staedte.de\/wp-content\/smush-webp\/2023\/01\/Burgplatz-bei-Nacht-c-Braunschweig-Stadtmarketing-Steffen-und-Bach.jpg.webp')\">\n              \n              <a href=\"https:\/\/9staedte.de\/es\/braunschweig-la-ciudad-del-leon\/alojamiento-en-braunschweig\/\">\n                <span>Alojamiento en Braunschweig<\/span>\n              <\/a>\n            <\/div>\n          <\/div>\n    \n          \n                  \n                    \n          <div class=\"featured-themen-single\">\n            <div class=\"featured-themen-single-inner\" style=\"background-image: url('https:\/\/9staedte.de\/wp-content\/smush-webp\/2023\/10\/Braunschweig-Weihnachtsmarkt-c-Braunschweig-Stadtmarketing-Philipp-Ziebart.jpg.webp')\">\n              \n              <a href=\"https:\/\/9staedte.de\/es\/braunschweig-la-ciudad-del-leon\/mercado-de-navidad-en-braunschweig\/\">\n                <span>Mercado de Navidad en Braunschweig<\/span>\n              <\/a>\n            <\/div>\n          <\/div>\n    \n          \n                  \n                    \n          <div class=\"featured-themen-single\">\n            <div class=\"featured-themen-single-inner\" style=\"background-image: url('https:\/\/9staedte.de\/wp-content\/smush-webp\/2022\/03\/Braunschweig_Landesmuseum-c-Braunschweig-Stadtmarketing-GmbH-Gerald-Grote.jpg.webp')\">\n              \n              <a href=\"https:\/\/9staedte.de\/es\/braunschweig-la-ciudad-del-leon\/museos-y-exposiciones-en-braunschweig\/\">\n                <span>Museos y exposiciones en Braunschweig<\/span>\n              <\/a>\n            <\/div>\n          <\/div>\n    \n          \n                  \n                    \n          <div class=\"featured-themen-single\">\n            <div class=\"featured-themen-single-inner\" style=\"background-image: url('https:\/\/9staedte.de\/wp-content\/smush-webp\/2022\/02\/Braunschweig-Burgplatz-c-Braunschweig-Stadtmarketing-_Steffen-und-Bach.jpg.webp')\">\n              \n              <a href=\"https:\/\/9staedte.de\/es\/braunschweig-la-ciudad-del-leon\/impresiones-desde-braunschweig\/\">\n                <span>Impresiones desde Braunschweig<\/span>\n              <\/a>\n            <\/div>\n          <\/div>\n    \n          \n                          \n        <\/div>\n<\/div>","protected":false},"excerpt":{"rendered":"<p>Ciudad vibrante con historia Las diversas oportunidades de una gran ciudad, enclavada en una rica historia &#8211; en Braunschweig puede experimentar mucho a poca distancia: Experiencias culturales de primera clase, eventos destacados en cualquier \u00e9poca del a\u00f1o y variadas oportunidades de ocio llenan el paisaje hist\u00f3rico de la ciudad con el estilo de vida de [&hellip;]<\/p>\n","protected":false},"author":1,"featured_media":15323,"parent":0,"menu_order":0,"comment_status":"closed","ping_status":"closed","template":"pagetemplates\/template-stadtseite.php","meta":{"_acf_changed":false,"footnotes":""},"categories":[],"tags":[],"ncap_cities_tax":[422],"class_list":["post-17645","page","type-page","status-publish","has-post-thumbnail","hentry","ncap_cities_tax-braunschweig-es"],"acf":[],"yoast_head":"<!-- This site is optimized with the Yoast SEO plugin v27.4 - https:\/\/yoast.com\/product\/yoast-seo-wordpress\/ -->\n<title>Braunschweig - City of Lions - 9 St\u00e4dte in Niedersachsen<\/title>\n<meta name=\"description\" content=\"Braunschweig: una ciudad llena de vida, con historia, experiencias culturales de primera clase y eventos destacados en cada estaci\u00f3n.\" \/>\n<meta name=\"robots\" content=\"index, follow, max-snippet:-1, max-image-preview:large, max-video-preview:-1\" \/>\n<link rel=\"canonical\" href=\"https:\/\/9staedte.de\/es\/braunschweig-la-ciudad-del-leon\/\" \/>\n<meta property=\"og:locale\" content=\"es_ES\" \/>\n<meta property=\"og:type\" content=\"article\" \/>\n<meta property=\"og:title\" content=\"Braunschweig - City of Lions - 9 St\u00e4dte in Niedersachsen\" \/>\n<meta property=\"og:description\" content=\"Braunschweig: una ciudad llena de vida, con historia, experiencias culturales de primera clase y eventos destacados en cada estaci\u00f3n.\" \/>\n<meta property=\"og:url\" content=\"https:\/\/9staedte.de\/es\/braunschweig-la-ciudad-del-leon\/\" \/>\n<meta property=\"og:site_name\" content=\"9 St\u00e4dte in Niedersachsen\" \/>\n<meta property=\"article:modified_time\" content=\"2025-07-31T07:40:14+00:00\" \/>\n<meta property=\"og:image\" content=\"https:\/\/9staedte.de\/wp-content\/uploads\/2023\/07\/3-Braunschweig-Altstadtmarkt-c-BSM-Christian-Bierwagen-1.jpg\" \/>\n\t<meta property=\"og:image:width\" content=\"2500\" \/>\n\t<meta property=\"og:image:height\" content=\"1666\" \/>\n\t<meta property=\"og:image:type\" content=\"image\/jpeg\" \/>\n<meta name=\"twitter:card\" content=\"summary_large_image\" \/>\n<meta name=\"twitter:label1\" content=\"Tiempo de lectura\" \/>\n\t<meta name=\"twitter:data1\" content=\"2 minutos\" \/>\n<script type=\"application\/ld+json\" class=\"yoast-schema-graph\">{\"@context\":\"https:\\\/\\\/schema.org\",\"@graph\":[{\"@type\":\"WebPage\",\"@id\":\"https:\\\/\\\/9staedte.de\\\/es\\\/braunschweig-la-ciudad-del-leon\\\/\",\"url\":\"https:\\\/\\\/9staedte.de\\\/es\\\/braunschweig-la-ciudad-del-leon\\\/\",\"name\":\"Braunschweig - City of Lions - 9 St\u00e4dte in Niedersachsen\",\"isPartOf\":{\"@id\":\"https:\\\/\\\/9staedte.de\\\/es\\\/#website\"},\"primaryImageOfPage\":{\"@id\":\"https:\\\/\\\/9staedte.de\\\/es\\\/braunschweig-la-ciudad-del-leon\\\/#primaryimage\"},\"image\":{\"@id\":\"https:\\\/\\\/9staedte.de\\\/es\\\/braunschweig-la-ciudad-del-leon\\\/#primaryimage\"},\"thumbnailUrl\":\"https:\\\/\\\/9staedte.de\\\/wp-content\\\/uploads\\\/2023\\\/01\\\/Braunschweig-Oldtown-Market-c-Braunschweig-Stadtmarketing-Christian-Bierwagen-1.jpg\",\"datePublished\":\"2023-11-02T08:49:49+00:00\",\"dateModified\":\"2025-07-31T07:40:14+00:00\",\"description\":\"Braunschweig: una ciudad llena de vida, con historia, experiencias culturales de primera clase y eventos destacados en cada estaci\u00f3n.\",\"breadcrumb\":{\"@id\":\"https:\\\/\\\/9staedte.de\\\/es\\\/braunschweig-la-ciudad-del-leon\\\/#breadcrumb\"},\"inLanguage\":\"es\",\"potentialAction\":[{\"@type\":\"ReadAction\",\"target\":[\"https:\\\/\\\/9staedte.de\\\/es\\\/braunschweig-la-ciudad-del-leon\\\/\"]}]},{\"@type\":\"ImageObject\",\"inLanguage\":\"es\",\"@id\":\"https:\\\/\\\/9staedte.de\\\/es\\\/braunschweig-la-ciudad-del-leon\\\/#primaryimage\",\"url\":\"https:\\\/\\\/9staedte.de\\\/wp-content\\\/uploads\\\/2023\\\/01\\\/Braunschweig-Oldtown-Market-c-Braunschweig-Stadtmarketing-Christian-Bierwagen-1.jpg\",\"contentUrl\":\"https:\\\/\\\/9staedte.de\\\/wp-content\\\/uploads\\\/2023\\\/01\\\/Braunschweig-Oldtown-Market-c-Braunschweig-Stadtmarketing-Christian-Bierwagen-1.jpg\",\"width\":1020,\"height\":560,\"caption\":\"Braunschweig Oldtown Market c) Braunschweig Stadtmarketing Christian Bierwagen\"},{\"@type\":\"BreadcrumbList\",\"@id\":\"https:\\\/\\\/9staedte.de\\\/es\\\/braunschweig-la-ciudad-del-leon\\\/#breadcrumb\",\"itemListElement\":[{\"@type\":\"ListItem\",\"position\":1,\"name\":\"Startseite\",\"item\":\"https:\\\/\\\/9staedte.de\\\/es\\\/\"},{\"@type\":\"ListItem\",\"position\":2,\"name\":\"Braunschweig &#8211; City of Lions\"}]},{\"@type\":\"WebSite\",\"@id\":\"https:\\\/\\\/9staedte.de\\\/es\\\/#website\",\"url\":\"https:\\\/\\\/9staedte.de\\\/es\\\/\",\"name\":\"9 St\u00e4dte in Niedersachsen\",\"description\":\"\",\"publisher\":{\"@id\":\"https:\\\/\\\/9staedte.de\\\/es\\\/#organization\"},\"potentialAction\":[{\"@type\":\"SearchAction\",\"target\":{\"@type\":\"EntryPoint\",\"urlTemplate\":\"https:\\\/\\\/9staedte.de\\\/es\\\/?s={search_term_string}\"},\"query-input\":{\"@type\":\"PropertyValueSpecification\",\"valueRequired\":true,\"valueName\":\"search_term_string\"}}],\"inLanguage\":\"es\"},{\"@type\":\"Organization\",\"@id\":\"https:\\\/\\\/9staedte.de\\\/es\\\/#organization\",\"name\":\"9 St\u00e4dte in Niedersachsen\",\"url\":\"https:\\\/\\\/9staedte.de\\\/es\\\/\",\"logo\":{\"@type\":\"ImageObject\",\"inLanguage\":\"es\",\"@id\":\"https:\\\/\\\/9staedte.de\\\/es\\\/#\\\/schema\\\/logo\\\/image\\\/\",\"url\":\"https:\\\/\\\/9staedte.de\\\/wp-content\\\/uploads\\\/2025\\\/01\\\/9-neg-deutsch-2-1.png\",\"contentUrl\":\"https:\\\/\\\/9staedte.de\\\/wp-content\\\/uploads\\\/2025\\\/01\\\/9-neg-deutsch-2-1.png\",\"width\":190,\"height\":114,\"caption\":\"9 St\u00e4dte in Niedersachsen\"},\"image\":{\"@id\":\"https:\\\/\\\/9staedte.de\\\/es\\\/#\\\/schema\\\/logo\\\/image\\\/\"}}]}<\/script>\n<!-- \/ Yoast SEO plugin. -->","yoast_head_json":{"title":"Braunschweig - City of Lions - 9 St\u00e4dte in Niedersachsen","description":"Braunschweig: una ciudad llena de vida, con historia, experiencias culturales de primera clase y eventos destacados en cada estaci\u00f3n.","robots":{"index":"index","follow":"follow","max-snippet":"max-snippet:-1","max-image-preview":"max-image-preview:large","max-video-preview":"max-video-preview:-1"},"canonical":"https:\/\/9staedte.de\/es\/braunschweig-la-ciudad-del-leon\/","og_locale":"es_ES","og_type":"article","og_title":"Braunschweig - City of Lions - 9 St\u00e4dte in Niedersachsen","og_description":"Braunschweig: una ciudad llena de vida, con historia, experiencias culturales de primera clase y eventos destacados en cada estaci\u00f3n.","og_url":"https:\/\/9staedte.de\/es\/braunschweig-la-ciudad-del-leon\/","og_site_name":"9 St\u00e4dte in Niedersachsen","article_modified_time":"2025-07-31T07:40:14+00:00","og_image":[{"width":2500,"height":1666,"url":"https:\/\/9staedte.de\/wp-content\/uploads\/2023\/07\/3-Braunschweig-Altstadtmarkt-c-BSM-Christian-Bierwagen-1.jpg","type":"image\/jpeg"}],"twitter_card":"summary_large_image","twitter_misc":{"Tiempo de lectura":"2 minutos"},"schema":{"@context":"https:\/\/schema.org","@graph":[{"@type":"WebPage","@id":"https:\/\/9staedte.de\/es\/braunschweig-la-ciudad-del-leon\/","url":"https:\/\/9staedte.de\/es\/braunschweig-la-ciudad-del-leon\/","name":"Braunschweig - City of Lions - 9 St\u00e4dte in Niedersachsen","isPartOf":{"@id":"https:\/\/9staedte.de\/es\/#website"},"primaryImageOfPage":{"@id":"https:\/\/9staedte.de\/es\/braunschweig-la-ciudad-del-leon\/#primaryimage"},"image":{"@id":"https:\/\/9staedte.de\/es\/braunschweig-la-ciudad-del-leon\/#primaryimage"},"thumbnailUrl":"https:\/\/9staedte.de\/wp-content\/uploads\/2023\/01\/Braunschweig-Oldtown-Market-c-Braunschweig-Stadtmarketing-Christian-Bierwagen-1.jpg","datePublished":"2023-11-02T08:49:49+00:00","dateModified":"2025-07-31T07:40:14+00:00","description":"Braunschweig: una ciudad llena de vida, con historia, experiencias culturales de primera clase y eventos destacados en cada estaci\u00f3n.","breadcrumb":{"@id":"https:\/\/9staedte.de\/es\/braunschweig-la-ciudad-del-leon\/#breadcrumb"},"inLanguage":"es","potentialAction":[{"@type":"ReadAction","target":["https:\/\/9staedte.de\/es\/braunschweig-la-ciudad-del-leon\/"]}]},{"@type":"ImageObject","inLanguage":"es","@id":"https:\/\/9staedte.de\/es\/braunschweig-la-ciudad-del-leon\/#primaryimage","url":"https:\/\/9staedte.de\/wp-content\/uploads\/2023\/01\/Braunschweig-Oldtown-Market-c-Braunschweig-Stadtmarketing-Christian-Bierwagen-1.jpg","contentUrl":"https:\/\/9staedte.de\/wp-content\/uploads\/2023\/01\/Braunschweig-Oldtown-Market-c-Braunschweig-Stadtmarketing-Christian-Bierwagen-1.jpg","width":1020,"height":560,"caption":"Braunschweig Oldtown Market c) Braunschweig Stadtmarketing Christian Bierwagen"},{"@type":"BreadcrumbList","@id":"https:\/\/9staedte.de\/es\/braunschweig-la-ciudad-del-leon\/#breadcrumb","itemListElement":[{"@type":"ListItem","position":1,"name":"Startseite","item":"https:\/\/9staedte.de\/es\/"},{"@type":"ListItem","position":2,"name":"Braunschweig &#8211; City of Lions"}]},{"@type":"WebSite","@id":"https:\/\/9staedte.de\/es\/#website","url":"https:\/\/9staedte.de\/es\/","name":"9 St\u00e4dte in Niedersachsen","description":"","publisher":{"@id":"https:\/\/9staedte.de\/es\/#organization"},"potentialAction":[{"@type":"SearchAction","target":{"@type":"EntryPoint","urlTemplate":"https:\/\/9staedte.de\/es\/?s={search_term_string}"},"query-input":{"@type":"PropertyValueSpecification","valueRequired":true,"valueName":"search_term_string"}}],"inLanguage":"es"},{"@type":"Organization","@id":"https:\/\/9staedte.de\/es\/#organization","name":"9 St\u00e4dte in Niedersachsen","url":"https:\/\/9staedte.de\/es\/","logo":{"@type":"ImageObject","inLanguage":"es","@id":"https:\/\/9staedte.de\/es\/#\/schema\/logo\/image\/","url":"https:\/\/9staedte.de\/wp-content\/uploads\/2025\/01\/9-neg-deutsch-2-1.png","contentUrl":"https:\/\/9staedte.de\/wp-content\/uploads\/2025\/01\/9-neg-deutsch-2-1.png","width":190,"height":114,"caption":"9 St\u00e4dte in Niedersachsen"},"image":{"@id":"https:\/\/9staedte.de\/es\/#\/schema\/logo\/image\/"}}]}},"_links":{"self":[{"href":"https:\/\/9staedte.de\/es\/wp-json\/wp\/v2\/pages\/17645","targetHints":{"allow":["GET"]}}],"collection":[{"href":"https:\/\/9staedte.de\/es\/wp-json\/wp\/v2\/pages"}],"about":[{"href":"https:\/\/9staedte.de\/es\/wp-json\/wp\/v2\/types\/page"}],"author":[{"embeddable":true,"href":"https:\/\/9staedte.de\/es\/wp-json\/wp\/v2\/users\/1"}],"replies":[{"embeddable":true,"href":"https:\/\/9staedte.de\/es\/wp-json\/wp\/v2\/comments?post=17645"}],"version-history":[{"count":9,"href":"https:\/\/9staedte.de\/es\/wp-json\/wp\/v2\/pages\/17645\/revisions"}],"predecessor-version":[{"id":26764,"href":"https:\/\/9staedte.de\/es\/wp-json\/wp\/v2\/pages\/17645\/revisions\/26764"}],"wp:featuredmedia":[{"embeddable":true,"href":"https:\/\/9staedte.de\/es\/wp-json\/wp\/v2\/media\/15323"}],"wp:attachment":[{"href":"https:\/\/9staedte.de\/es\/wp-json\/wp\/v2\/media?parent=17645"}],"wp:term":[{"taxonomy":"category","embeddable":true,"href":"https:\/\/9staedte.de\/es\/wp-json\/wp\/v2\/categories?post=17645"},{"taxonomy":"post_tag","embeddable":true,"href":"https:\/\/9staedte.de\/es\/wp-json\/wp\/v2\/tags?post=17645"},{"taxonomy":"ncap_cities_tax","embeddable":true,"href":"https:\/\/9staedte.de\/es\/wp-json\/wp\/v2\/ncap_cities_tax?post=17645"}],"curies":[{"name":"wp","href":"https:\/\/api.w.org\/{rel}","templated":true}]}}