{"id":17643,"date":"2023-11-02T09:49:49","date_gmt":"2023-11-02T08:49:49","guid":{"rendered":"https:\/\/9staedte.de\/mercado-de-navidad-en-braunschweig\/"},"modified":"2026-03-23T12:28:44","modified_gmt":"2026-03-23T11:28:44","slug":"mercado-de-navidad-en-braunschweig","status":"publish","type":"page","link":"https:\/\/9staedte.de\/es\/braunschweig-la-ciudad-del-leon\/mercado-de-navidad-en-braunschweig\/","title":{"rendered":"Mercado de Navidad en Braunschweig"},"content":{"rendered":"\n<h2 class=\"wp-block-heading\">Atmosf\u00e9rico mercado navide\u00f1o de Braunschweig<\/h2>\n\n<p><strong>Un mercado navide\u00f1o tradicional con un programa infantil y cultural gratuito, un centro urbano lleno de actividades navide\u00f1as y mucho ambiente: as\u00ed es la magia del Adviento en Braunschweig, la Ciudad de los Leones.<\/strong><\/p>\n\n<p>Desde finales de noviembre hasta finales de diciembre, el mercado navide\u00f1o llena el conjunto hist\u00f3rico que rodea la catedral de San Blasii con la magia de la \u00e9poca festiva. Olv\u00eddate del tiempo mientras paseas por 140 puestos decorados con cari\u00f1o. Podr\u00e1s descubrir ideas de regalos art\u00edsticamente elaborados y saborear comidas y bebidas regionales como el Braunkohl y el vino caliente de Mumme. Escucha conciertos festivos, marav\u00edllate con los ni\u00f1os en obras de teatro o contempla el mar de luces desde una altura de 61 metros. Pasea por el centro de la ciudad festivamente decorado, redescubre el cuento de Navidad en el teatro de invierno y date una vuelta por la pista de hielo.    <\/p>\n\n<p><a href=\"https:\/\/www.braunschweig.de\/weihnachtsmarkt\/index.php\" target=\"_blank\" rel=\"noreferrer noopener\">Para m\u00e1s informaci\u00f3n<\/a><\/p>\n\n\n<div class=\"banner-wrapper\">\n  <div class=\"banner-inner \">\n      <div class=\"img-container\">\n      <div class=\"img-wrapper\">\n        <img decoding=\"async\" src=\"https:\/\/9staedte.de\/wp-content\/smush-webp\/2023\/10\/Braunschweig-Weihnachtsmarkt-2-c-Braunschweig-Stadtmarketing-Philipp-Ziebart.jpg.webp\" alt=\"La imagen muestra el mercado navide\u00f1o en Brunswick. Muchas personas caminan entre los puestos. Hay muchas luces colgadas sobre la plaza. Se ve una iglesia al fondo. El ambiente es festivo y alegre.\" \/>\n                  <div class=\"thumbnail-label\">\n            <span>Braunschweig Weihnachtsmarkt 2 c) Braunschweig Stadtmarketing Philipp Ziebart<\/span>\n          <\/div>\n              <\/div>\n    <\/div>\n        <div class=\"text-container\">\n      <div class=\"content\">\n        <p><strong>9 consejos para tu visita al mercado navide\u00f1o de Braunschweig<\/strong><\/p>\n<p>&#8211; conciertos de Adviento en la Catedral de San Blasii<br \/>\n&#8211; degustaci\u00f3n de Braunschweig Mumme<br \/>\n&#8211; programa infantil gratuito<br \/>\n&#8211; cuna de Navidad con esculturas a tama\u00f1o real<br \/>\n&#8211; paseo de compras por el atractivo centro de la ciudad<br \/>\n&#8211; vista desde la torre del ayuntamiento<br \/>\n&#8211; pista de patinaje sobre hielo en Kohlmarkt<br \/>\n&#8211; visita al Museo Herzog Anton Ulrich<\/p>\n      <\/div>\n    <\/div>\n    <\/div>\n<\/div>\n\n\n<p class=\"h3\"><strong>Mercado de Navidad en Braunschweig<\/strong><\/p>\n\n <div class=\"brlbs-cmpnt-container brlbs-cmpnt-content-blocker brlbs-cmpnt-with-individual-styles\" data-borlabs-cookie-content-blocker-id=\"google-maps\" data-borlabs-cookie-content=\"PGlmcmFtZSBzcmM9Imh0dHBzOi8vd3d3Lmdvb2dsZS5jb20vbWFwcy9lbWJlZD9wYj0hMW0xOCExbTEyITFtMyExZDg4OC42MTM5MTc0NTEzMDc5ITJkMTAuNTI0Mjg1NTQwMDgyMDgxITNkNTIuMjY0NjU3NzgwMzUwNjc0ITJtMyExZjAhMmYwITNmMCEzbTIhMWkxMDI0ITJpNzY4ITRmMTMuMSEzbTMhMW0yITFzMHg0N2FmZjdlNmUxMjI0ODU5JTNBMHg0MjU4MTliMWRhOTgzOTVhITJzV2VpaG5hY2h0c21hcmt0JTIwQnJhdW5zY2h3ZWlnJTIwYW0lMjBEb21wbGF0eiE1ZTAhM20yITFzZGUhMnNkZSE0djE2OTIxODQ3Nzg0NzchNW0yITFzZGUhMnNkZSIgd2lkdGg9IjYwMCIgaGVpZ2h0PSI0NTAiIHN0eWxlPSJib3JkZXI6MDsiIGFsbG93ZnVsbHNjcmVlbj0iIiBsb2FkaW5nPSJsYXp5IiByZWZlcnJlcnBvbGljeT0ibm8tcmVmZXJyZXItd2hlbi1kb3duZ3JhZGUiPjwvaWZyYW1lPg==\"><div class=\"brlbs-cmpnt-cb-preset-b brlbs-cmpnt-cb-google-maps\"> <div class=\"brlbs-cmpnt-cb-thumbnail\" style=\"background-image: url('https:\/\/9staedte.de\/wp-content\/uploads\/borlabs-cookie\/1\/brlbs-cb-google-maps-main.png')\"><\/div> <div class=\"brlbs-cmpnt-cb-main\"> <div class=\"brlbs-cmpnt-cb-content\"> <p class=\"brlbs-cmpnt-cb-description\">Est\u00e1s viendo un contenido de marcador de posici\u00f3n de <strong>Google Maps<\/strong>. Para acceder al contenido real, haz clic en el siguiente bot\u00f3n. Ten en cuenta que al hacerlo compartir\u00e1s datos con terceros proveedores.<\/p> <a class=\"brlbs-cmpnt-cb-provider-toggle\" href=\"#\" data-borlabs-cookie-show-provider-information role=\"button\">M\u00e1s informaci\u00f3n<\/a> <\/div> <div class=\"brlbs-cmpnt-cb-buttons\"> <a class=\"brlbs-cmpnt-cb-btn\" href=\"#\" data-borlabs-cookie-unblock role=\"button\">Desbloquear contenido<\/a> <a class=\"brlbs-cmpnt-cb-btn\" href=\"#\" data-borlabs-cookie-accept-service role=\"button\" style=\"display: inherit\">Aceptar el servicio requerido y desbloquear el contenido<\/a> <\/div> <\/div> <\/div><\/div>\n\n<div style=\"height:35px\" aria-hidden=\"true\" class=\"wp-block-spacer\"><\/div>\n","protected":false},"excerpt":{"rendered":"<p>Atmosf\u00e9rico mercado navide\u00f1o de Braunschweig Un mercado navide\u00f1o tradicional con un programa infantil y cultural gratuito, un centro urbano lleno de actividades navide\u00f1as y mucho ambiente: as\u00ed es la magia del Adviento en Braunschweig, la Ciudad de los Leones. Desde finales de noviembre hasta finales de diciembre, el mercado navide\u00f1o llena el conjunto hist\u00f3rico que [&hellip;]<\/p>\n","protected":false},"author":1,"featured_media":17663,"parent":17645,"menu_order":0,"comment_status":"closed","ping_status":"closed","template":"pagetemplates\/template-stadtthema.php","meta":{"_acf_changed":false,"footnotes":""},"categories":[],"tags":[],"ncap_cities_tax":[422,494],"class_list":["post-17643","page","type-page","status-publish","has-post-thumbnail","hentry","ncap_cities_tax-braunschweig-es","ncap_cities_tax-weihnachtsmarkte-braunschweig-es"],"acf":[],"yoast_head":"<!-- This site is optimized with the Yoast SEO plugin v26.8 - https:\/\/yoast.com\/product\/yoast-seo-wordpress\/ -->\n<title>Mercado de Navidad en Braunschweig - 9 St\u00e4dte in Niedersachsen<\/title>\n<meta name=\"description\" content=\"Mercado navide\u00f1o de Braunschweig: atmosf\u00e9rico resplandor de luces en la hist\u00f3rica plaza Burgplatz, alrededor de la catedral de San Blasii.\" \/>\n<meta name=\"robots\" content=\"index, follow, max-snippet:-1, max-image-preview:large, max-video-preview:-1\" \/>\n<link rel=\"canonical\" href=\"https:\/\/9staedte.de\/es\/braunschweig-la-ciudad-del-leon\/mercado-de-navidad-en-braunschweig\/\" \/>\n<meta property=\"og:locale\" content=\"es_ES\" \/>\n<meta property=\"og:type\" content=\"article\" \/>\n<meta property=\"og:title\" content=\"Mercado de Navidad en Braunschweig - 9 St\u00e4dte in Niedersachsen\" \/>\n<meta property=\"og:description\" content=\"Mercado navide\u00f1o de Braunschweig: atmosf\u00e9rico resplandor de luces en la hist\u00f3rica plaza Burgplatz, alrededor de la catedral de San Blasii.\" \/>\n<meta property=\"og:url\" content=\"https:\/\/9staedte.de\/es\/braunschweig-la-ciudad-del-leon\/mercado-de-navidad-en-braunschweig\/\" \/>\n<meta property=\"og:site_name\" content=\"9 St\u00e4dte in Niedersachsen\" \/>\n<meta property=\"article:modified_time\" content=\"2026-03-23T11:28:44+00:00\" \/>\n<meta property=\"og:image\" content=\"https:\/\/9staedte.de\/wp-content\/uploads\/2023\/10\/Braunschweig-Weihnachtsmarkt-c-Braunschweig-Stadtmarketing-Philipp-Ziebart.jpg\" \/>\n\t<meta property=\"og:image:width\" content=\"1020\" \/>\n\t<meta property=\"og:image:height\" content=\"560\" \/>\n\t<meta property=\"og:image:type\" content=\"image\/jpeg\" \/>\n<meta name=\"twitter:card\" content=\"summary_large_image\" \/>\n<meta name=\"twitter:label1\" content=\"Tiempo de lectura\" \/>\n\t<meta name=\"twitter:data1\" content=\"1 minuto\" \/>\n<script type=\"application\/ld+json\" class=\"yoast-schema-graph\">{\"@context\":\"https:\/\/schema.org\",\"@graph\":[{\"@type\":\"WebPage\",\"@id\":\"https:\/\/9staedte.de\/es\/braunschweig-la-ciudad-del-leon\/mercado-de-navidad-en-braunschweig\/\",\"url\":\"https:\/\/9staedte.de\/es\/braunschweig-la-ciudad-del-leon\/mercado-de-navidad-en-braunschweig\/\",\"name\":\"Mercado de Navidad en Braunschweig - 9 St\u00e4dte in Niedersachsen\",\"isPartOf\":{\"@id\":\"https:\/\/9staedte.de\/es\/#website\"},\"primaryImageOfPage\":{\"@id\":\"https:\/\/9staedte.de\/es\/braunschweig-la-ciudad-del-leon\/mercado-de-navidad-en-braunschweig\/#primaryimage\"},\"image\":{\"@id\":\"https:\/\/9staedte.de\/es\/braunschweig-la-ciudad-del-leon\/mercado-de-navidad-en-braunschweig\/#primaryimage\"},\"thumbnailUrl\":\"https:\/\/9staedte.de\/wp-content\/uploads\/2023\/10\/Braunschweig-Weihnachtsmarkt-c-Braunschweig-Stadtmarketing-Philipp-Ziebart.jpg\",\"datePublished\":\"2023-11-02T08:49:49+00:00\",\"dateModified\":\"2026-03-23T11:28:44+00:00\",\"description\":\"Mercado navide\u00f1o de Braunschweig: atmosf\u00e9rico resplandor de luces en la hist\u00f3rica plaza Burgplatz, alrededor de la catedral de San Blasii.\",\"breadcrumb\":{\"@id\":\"https:\/\/9staedte.de\/es\/braunschweig-la-ciudad-del-leon\/mercado-de-navidad-en-braunschweig\/#breadcrumb\"},\"inLanguage\":\"es\",\"potentialAction\":[{\"@type\":\"ReadAction\",\"target\":[\"https:\/\/9staedte.de\/es\/braunschweig-la-ciudad-del-leon\/mercado-de-navidad-en-braunschweig\/\"]}]},{\"@type\":\"ImageObject\",\"inLanguage\":\"es\",\"@id\":\"https:\/\/9staedte.de\/es\/braunschweig-la-ciudad-del-leon\/mercado-de-navidad-en-braunschweig\/#primaryimage\",\"url\":\"https:\/\/9staedte.de\/wp-content\/uploads\/2023\/10\/Braunschweig-Weihnachtsmarkt-c-Braunschweig-Stadtmarketing-Philipp-Ziebart.jpg\",\"contentUrl\":\"https:\/\/9staedte.de\/wp-content\/uploads\/2023\/10\/Braunschweig-Weihnachtsmarkt-c-Braunschweig-Stadtmarketing-Philipp-Ziebart.jpg\",\"width\":1020,\"height\":560,\"caption\":\"Braunschweig Weihnachtsmarkt c) Braunschweig Stadtmarketing Philipp Ziebart\"},{\"@type\":\"BreadcrumbList\",\"@id\":\"https:\/\/9staedte.de\/es\/braunschweig-la-ciudad-del-leon\/mercado-de-navidad-en-braunschweig\/#breadcrumb\",\"itemListElement\":[{\"@type\":\"ListItem\",\"position\":1,\"name\":\"Startseite\",\"item\":\"https:\/\/9staedte.de\/es\/\"},{\"@type\":\"ListItem\",\"position\":2,\"name\":\"Braunschweig &#8211; City of Lions\",\"item\":\"https:\/\/9staedte.de\/es\/braunschweig-la-ciudad-del-leon\/\"},{\"@type\":\"ListItem\",\"position\":3,\"name\":\"Mercado de Navidad en Braunschweig\"}]},{\"@type\":\"WebSite\",\"@id\":\"https:\/\/9staedte.de\/es\/#website\",\"url\":\"https:\/\/9staedte.de\/es\/\",\"name\":\"9 St\u00e4dte in Niedersachsen\",\"description\":\"\",\"publisher\":{\"@id\":\"https:\/\/9staedte.de\/es\/#organization\"},\"potentialAction\":[{\"@type\":\"SearchAction\",\"target\":{\"@type\":\"EntryPoint\",\"urlTemplate\":\"https:\/\/9staedte.de\/es\/?s={search_term_string}\"},\"query-input\":{\"@type\":\"PropertyValueSpecification\",\"valueRequired\":true,\"valueName\":\"search_term_string\"}}],\"inLanguage\":\"es\"},{\"@type\":\"Organization\",\"@id\":\"https:\/\/9staedte.de\/es\/#organization\",\"name\":\"9 St\u00e4dte in Niedersachsen\",\"url\":\"https:\/\/9staedte.de\/es\/\",\"logo\":{\"@type\":\"ImageObject\",\"inLanguage\":\"es\",\"@id\":\"https:\/\/9staedte.de\/es\/#\/schema\/logo\/image\/\",\"url\":\"https:\/\/9staedte.de\/wp-content\/uploads\/2025\/01\/9-neg-deutsch-2-1.png\",\"contentUrl\":\"https:\/\/9staedte.de\/wp-content\/uploads\/2025\/01\/9-neg-deutsch-2-1.png\",\"width\":190,\"height\":114,\"caption\":\"9 St\u00e4dte in Niedersachsen\"},\"image\":{\"@id\":\"https:\/\/9staedte.de\/es\/#\/schema\/logo\/image\/\"}}]}<\/script>\n<!-- \/ Yoast SEO plugin. -->","yoast_head_json":{"title":"Mercado de Navidad en Braunschweig - 9 St\u00e4dte in Niedersachsen","description":"Mercado navide\u00f1o de Braunschweig: atmosf\u00e9rico resplandor de luces en la hist\u00f3rica plaza Burgplatz, alrededor de la catedral de San Blasii.","robots":{"index":"index","follow":"follow","max-snippet":"max-snippet:-1","max-image-preview":"max-image-preview:large","max-video-preview":"max-video-preview:-1"},"canonical":"https:\/\/9staedte.de\/es\/braunschweig-la-ciudad-del-leon\/mercado-de-navidad-en-braunschweig\/","og_locale":"es_ES","og_type":"article","og_title":"Mercado de Navidad en Braunschweig - 9 St\u00e4dte in Niedersachsen","og_description":"Mercado navide\u00f1o de Braunschweig: atmosf\u00e9rico resplandor de luces en la hist\u00f3rica plaza Burgplatz, alrededor de la catedral de San Blasii.","og_url":"https:\/\/9staedte.de\/es\/braunschweig-la-ciudad-del-leon\/mercado-de-navidad-en-braunschweig\/","og_site_name":"9 St\u00e4dte in Niedersachsen","article_modified_time":"2026-03-23T11:28:44+00:00","og_image":[{"width":1020,"height":560,"url":"https:\/\/9staedte.de\/wp-content\/uploads\/2023\/10\/Braunschweig-Weihnachtsmarkt-c-Braunschweig-Stadtmarketing-Philipp-Ziebart.jpg","type":"image\/jpeg"}],"twitter_card":"summary_large_image","twitter_misc":{"Tiempo de lectura":"1 minuto"},"schema":{"@context":"https:\/\/schema.org","@graph":[{"@type":"WebPage","@id":"https:\/\/9staedte.de\/es\/braunschweig-la-ciudad-del-leon\/mercado-de-navidad-en-braunschweig\/","url":"https:\/\/9staedte.de\/es\/braunschweig-la-ciudad-del-leon\/mercado-de-navidad-en-braunschweig\/","name":"Mercado de Navidad en Braunschweig - 9 St\u00e4dte in Niedersachsen","isPartOf":{"@id":"https:\/\/9staedte.de\/es\/#website"},"primaryImageOfPage":{"@id":"https:\/\/9staedte.de\/es\/braunschweig-la-ciudad-del-leon\/mercado-de-navidad-en-braunschweig\/#primaryimage"},"image":{"@id":"https:\/\/9staedte.de\/es\/braunschweig-la-ciudad-del-leon\/mercado-de-navidad-en-braunschweig\/#primaryimage"},"thumbnailUrl":"https:\/\/9staedte.de\/wp-content\/uploads\/2023\/10\/Braunschweig-Weihnachtsmarkt-c-Braunschweig-Stadtmarketing-Philipp-Ziebart.jpg","datePublished":"2023-11-02T08:49:49+00:00","dateModified":"2026-03-23T11:28:44+00:00","description":"Mercado navide\u00f1o de Braunschweig: atmosf\u00e9rico resplandor de luces en la hist\u00f3rica plaza Burgplatz, alrededor de la catedral de San Blasii.","breadcrumb":{"@id":"https:\/\/9staedte.de\/es\/braunschweig-la-ciudad-del-leon\/mercado-de-navidad-en-braunschweig\/#breadcrumb"},"inLanguage":"es","potentialAction":[{"@type":"ReadAction","target":["https:\/\/9staedte.de\/es\/braunschweig-la-ciudad-del-leon\/mercado-de-navidad-en-braunschweig\/"]}]},{"@type":"ImageObject","inLanguage":"es","@id":"https:\/\/9staedte.de\/es\/braunschweig-la-ciudad-del-leon\/mercado-de-navidad-en-braunschweig\/#primaryimage","url":"https:\/\/9staedte.de\/wp-content\/uploads\/2023\/10\/Braunschweig-Weihnachtsmarkt-c-Braunschweig-Stadtmarketing-Philipp-Ziebart.jpg","contentUrl":"https:\/\/9staedte.de\/wp-content\/uploads\/2023\/10\/Braunschweig-Weihnachtsmarkt-c-Braunschweig-Stadtmarketing-Philipp-Ziebart.jpg","width":1020,"height":560,"caption":"Braunschweig Weihnachtsmarkt c) Braunschweig Stadtmarketing Philipp Ziebart"},{"@type":"BreadcrumbList","@id":"https:\/\/9staedte.de\/es\/braunschweig-la-ciudad-del-leon\/mercado-de-navidad-en-braunschweig\/#breadcrumb","itemListElement":[{"@type":"ListItem","position":1,"name":"Startseite","item":"https:\/\/9staedte.de\/es\/"},{"@type":"ListItem","position":2,"name":"Braunschweig &#8211; City of Lions","item":"https:\/\/9staedte.de\/es\/braunschweig-la-ciudad-del-leon\/"},{"@type":"ListItem","position":3,"name":"Mercado de Navidad en Braunschweig"}]},{"@type":"WebSite","@id":"https:\/\/9staedte.de\/es\/#website","url":"https:\/\/9staedte.de\/es\/","name":"9 St\u00e4dte in Niedersachsen","description":"","publisher":{"@id":"https:\/\/9staedte.de\/es\/#organization"},"potentialAction":[{"@type":"SearchAction","target":{"@type":"EntryPoint","urlTemplate":"https:\/\/9staedte.de\/es\/?s={search_term_string}"},"query-input":{"@type":"PropertyValueSpecification","valueRequired":true,"valueName":"search_term_string"}}],"inLanguage":"es"},{"@type":"Organization","@id":"https:\/\/9staedte.de\/es\/#organization","name":"9 St\u00e4dte in Niedersachsen","url":"https:\/\/9staedte.de\/es\/","logo":{"@type":"ImageObject","inLanguage":"es","@id":"https:\/\/9staedte.de\/es\/#\/schema\/logo\/image\/","url":"https:\/\/9staedte.de\/wp-content\/uploads\/2025\/01\/9-neg-deutsch-2-1.png","contentUrl":"https:\/\/9staedte.de\/wp-content\/uploads\/2025\/01\/9-neg-deutsch-2-1.png","width":190,"height":114,"caption":"9 St\u00e4dte in Niedersachsen"},"image":{"@id":"https:\/\/9staedte.de\/es\/#\/schema\/logo\/image\/"}}]}},"_links":{"self":[{"href":"https:\/\/9staedte.de\/es\/wp-json\/wp\/v2\/pages\/17643","targetHints":{"allow":["GET"]}}],"collection":[{"href":"https:\/\/9staedte.de\/es\/wp-json\/wp\/v2\/pages"}],"about":[{"href":"https:\/\/9staedte.de\/es\/wp-json\/wp\/v2\/types\/page"}],"author":[{"embeddable":true,"href":"https:\/\/9staedte.de\/es\/wp-json\/wp\/v2\/users\/1"}],"replies":[{"embeddable":true,"href":"https:\/\/9staedte.de\/es\/wp-json\/wp\/v2\/comments?post=17643"}],"version-history":[{"count":9,"href":"https:\/\/9staedte.de\/es\/wp-json\/wp\/v2\/pages\/17643\/revisions"}],"predecessor-version":[{"id":27605,"href":"https:\/\/9staedte.de\/es\/wp-json\/wp\/v2\/pages\/17643\/revisions\/27605"}],"up":[{"embeddable":true,"href":"https:\/\/9staedte.de\/es\/wp-json\/wp\/v2\/pages\/17645"}],"wp:featuredmedia":[{"embeddable":true,"href":"https:\/\/9staedte.de\/es\/wp-json\/wp\/v2\/media\/17663"}],"wp:attachment":[{"href":"https:\/\/9staedte.de\/es\/wp-json\/wp\/v2\/media?parent=17643"}],"wp:term":[{"taxonomy":"category","embeddable":true,"href":"https:\/\/9staedte.de\/es\/wp-json\/wp\/v2\/categories?post=17643"},{"taxonomy":"post_tag","embeddable":true,"href":"https:\/\/9staedte.de\/es\/wp-json\/wp\/v2\/tags?post=17643"},{"taxonomy":"ncap_cities_tax","embeddable":true,"href":"https:\/\/9staedte.de\/es\/wp-json\/wp\/v2\/ncap_cities_tax?post=17643"}],"curies":[{"name":"wp","href":"https:\/\/api.w.org\/{rel}","templated":true}]}}