{"id":17622,"date":"2023-11-02T09:49:48","date_gmt":"2023-11-02T08:49:48","guid":{"rendered":"https:\/\/9staedte.de\/jardines-de-gotinga\/"},"modified":"2023-11-02T17:46:04","modified_gmt":"2023-11-02T16:46:04","slug":"jardines-de-gotinga","status":"publish","type":"page","link":"https:\/\/9staedte.de\/es\/gottingen-ciudad-creadora-de-conocimiento\/jardines-de-gotinga\/","title":{"rendered":"Jardines de Gotinga"},"content":{"rendered":"\n<h2 class=\"wp-block-heading\">Antiguo Jard\u00edn Bot\u00e1nico de Gotinga &#8211; Idilio en la ciudad<\/h2>\n\n\n\n<p>En el centro de la ciudad, a ambos lados de las murallas, se encuentra el Antiguo Jard\u00edn Bot\u00e1nico de Gotinga, trazado en 1736, que, con sus hist\u00f3ricos invernaderos, jardines bot\u00e1nicos y \u00e1rboles centenarios, invita a pasear lejos del bullicio del centro.<\/p>\n\n\n\n<p>Entradas: Untere Karsp\u00fcle y Wilhelm-Weber-Stra\u00dfe<\/p>\n\n\n\n<div class=\"wp-block-columns is-layout-flex wp-container-core-columns-is-layout-9d6595d7 wp-block-columns-is-layout-flex\">\n<div class=\"wp-block-column is-layout-flow wp-block-column-is-layout-flow\" style=\"flex-basis:100%\">\n<div class=\"wp-block-group\"><div class=\"wp-block-group__inner-container is-layout-constrained wp-block-group-is-layout-constrained\">\n<div class=\"wp-block-columns is-layout-flex wp-container-core-columns-is-layout-9d6595d7 wp-block-columns-is-layout-flex\">\n<div class=\"wp-block-column is-layout-flow wp-block-column-is-layout-flow\" style=\"flex-basis:50%\">\n<p><strong>Horario de apertura:<\/strong><\/p>\n\n\n\n<p>Terreno abierto:<br>De marzo a octubre, todos los d\u00edas, de 8.00 a 18.30 h.<br>De noviembre a febrero, todos los d\u00edas, de 8.00 a 16.00 h.<\/p>\n\n\n\n<p>Invernaderos:<br>todos los d\u00edas de 8.00 a 15.00<\/p>\n\n\n\n<p>Visitas guiadas con cita previa.<\/p>\n\n\n\n<h4 class=\"wp-block-heading\">Contacto:<\/h4>\n\n\n\n<p>Fregadero del circo inferior 1<br>37073 G\u00f6ttingen<br>Tel.: +49 (0) 551\/395755<br>Internet:&nbsp;<a href=\"http:\/\/www.altgart.uni-goettingen.de\/\" target=\"_blank\" rel=\"noreferrer noopener\">www.altgart.uni-goettingen.de<\/a><\/p>\n<\/div>\n\n\n\n<div class=\"wp-block-column is-vertically-aligned-center is-layout-flow wp-block-column-is-layout-flow\" style=\"flex-basis:50%\">\n <div class=\"brlbs-cmpnt-container brlbs-cmpnt-content-blocker brlbs-cmpnt-with-individual-styles\" data-borlabs-cookie-content-blocker-id=\"google-maps\" data-borlabs-cookie-content=\"PGlmcmFtZSBzcmM9Imh0dHBzOi8vd3d3Lmdvb2dsZS5jb20vbWFwcy9lbWJlZD9wYj0hMW0xOCExbTEyITFtMyExZDQ5NjMuNDU5MjcyOTgyNTQ3ITJkOS45MjgzNzIxMzExNTA0NjghM2Q1MS41MzY1MTg1MzcyMjAwNTQhMm0zITFmMCEyZjAhM2YwITNtMiExaTEwMjQhMmk3NjghNGYxMy4xITNtMyExbTIhMXMweDQ3YTRkNGMwM2QyYzk3OTclM0EweDNjYWQ3MTdmZTViZDQ3OTQhMnNBbHRlciUyMEJvdGFuaXNjaGVyJTIwR2FydGVuITVlMCEzbTIhMXNkZSEyc2RlITR2MTY5MjE4ODM5MDI5OCE1bTIhMXNkZSEyc2RlIiB3aWR0aD0iNDAwIiBoZWlnaHQ9IjMwMCIgc3R5bGU9ImJvcmRlcjowOyIgYWxsb3dmdWxsc2NyZWVuPSIiIGxvYWRpbmc9ImxhenkiIHJlZmVycmVycG9saWN5PSJuby1yZWZlcnJlci13aGVuLWRvd25ncmFkZSI+PC9pZnJhbWU+\"><div class=\"brlbs-cmpnt-cb-preset-b brlbs-cmpnt-cb-google-maps\"> <div class=\"brlbs-cmpnt-cb-thumbnail\" style=\"background-image: url('https:\/\/9staedte.de\/wp-content\/uploads\/borlabs-cookie\/1\/brlbs-cb-google-maps-main.png')\"><\/div> <div class=\"brlbs-cmpnt-cb-main\"> <div class=\"brlbs-cmpnt-cb-content\"> <p class=\"brlbs-cmpnt-cb-description\">Est\u00e1s viendo un contenido de marcador de posici\u00f3n de <strong>Google Maps<\/strong>. Para acceder al contenido real, haz clic en el siguiente bot\u00f3n. Ten en cuenta que al hacerlo compartir\u00e1s datos con terceros proveedores.<\/p> <a class=\"brlbs-cmpnt-cb-provider-toggle\" href=\"#\" data-borlabs-cookie-show-provider-information role=\"button\">M\u00e1s informaci\u00f3n<\/a> <\/div> <div class=\"brlbs-cmpnt-cb-buttons\"> <a class=\"brlbs-cmpnt-cb-btn\" href=\"#\" data-borlabs-cookie-unblock role=\"button\">Desbloquear contenido<\/a> <a class=\"brlbs-cmpnt-cb-btn\" href=\"#\" data-borlabs-cookie-accept-service role=\"button\" style=\"display: inherit\">Aceptar el servicio requerido y desbloquear el contenido<\/a> <\/div> <\/div> <\/div><\/div>\n<\/div>\n<\/div>\n<\/div><\/div>\n<\/div>\n<\/div>\n","protected":false},"excerpt":{"rendered":"<p>Antiguo Jard\u00edn Bot\u00e1nico de Gotinga &#8211; Idilio en la ciudad En el centro de la ciudad, a ambos lados de las murallas, se encuentra el Antiguo Jard\u00edn Bot\u00e1nico de Gotinga, trazado en 1736, que, con sus hist\u00f3ricos invernaderos, jardines bot\u00e1nicos y \u00e1rboles centenarios, invita a pasear lejos del bullicio del centro. Entradas: Untere Karsp\u00fcle y [&hellip;]<\/p>\n","protected":false},"author":1,"featured_media":17631,"parent":18032,"menu_order":0,"comment_status":"closed","ping_status":"closed","template":"pagetemplates\/template-stadtthema.php","meta":{"_acf_changed":false,"footnotes":""},"categories":[],"tags":[],"ncap_cities_tax":[437,718],"class_list":["post-17622","page","type-page","status-publish","has-post-thumbnail","hentry","ncap_cities_tax-goettingen-es","ncap_cities_tax-schlosser-und-garten-goettingen-es"],"acf":[],"yoast_head":"<!-- This site is optimized with the Yoast SEO plugin v26.8 - https:\/\/yoast.com\/product\/yoast-seo-wordpress\/ -->\n<title>Jardines de Gotinga - 9 St\u00e4dte in Niedersachsen<\/title>\n<meta name=\"robots\" content=\"index, follow, max-snippet:-1, max-image-preview:large, max-video-preview:-1\" \/>\n<link rel=\"canonical\" href=\"https:\/\/9staedte.de\/es\/gottingen-ciudad-creadora-de-conocimiento\/jardines-de-gotinga\/\" \/>\n<meta property=\"og:locale\" content=\"es_ES\" \/>\n<meta property=\"og:type\" content=\"article\" \/>\n<meta property=\"og:title\" content=\"Jardines de Gotinga - 9 St\u00e4dte in Niedersachsen\" \/>\n<meta property=\"og:description\" content=\"Antiguo Jard\u00edn Bot\u00e1nico de Gotinga &#8211; Idilio en la ciudad En el centro de la ciudad, a ambos lados de las murallas, se encuentra el Antiguo Jard\u00edn Bot\u00e1nico de Gotinga, trazado en 1736, que, con sus hist\u00f3ricos invernaderos, jardines bot\u00e1nicos y \u00e1rboles centenarios, invita a pasear lejos del bullicio del centro. Entradas: Untere Karsp\u00fcle y [&hellip;]\" \/>\n<meta property=\"og:url\" content=\"https:\/\/9staedte.de\/es\/gottingen-ciudad-creadora-de-conocimiento\/jardines-de-gotinga\/\" \/>\n<meta property=\"og:site_name\" content=\"9 St\u00e4dte in Niedersachsen\" \/>\n<meta property=\"article:modified_time\" content=\"2023-11-02T16:46:04+00:00\" \/>\n<meta property=\"og:image\" content=\"https:\/\/9staedte.de\/wp-content\/uploads\/2023\/02\/Goettingen_Alter_Bot._GartencChristoph_Mischke-1.jpg\" \/>\n\t<meta property=\"og:image:width\" content=\"1020\" \/>\n\t<meta property=\"og:image:height\" content=\"558\" \/>\n\t<meta property=\"og:image:type\" content=\"image\/jpeg\" \/>\n<meta name=\"twitter:card\" content=\"summary_large_image\" \/>\n<meta name=\"twitter:label1\" content=\"Tiempo de lectura\" \/>\n\t<meta name=\"twitter:data1\" content=\"1 minuto\" \/>\n<script type=\"application\/ld+json\" class=\"yoast-schema-graph\">{\"@context\":\"https:\/\/schema.org\",\"@graph\":[{\"@type\":\"WebPage\",\"@id\":\"https:\/\/9staedte.de\/es\/gottingen-ciudad-creadora-de-conocimiento\/jardines-de-gotinga\/\",\"url\":\"https:\/\/9staedte.de\/es\/gottingen-ciudad-creadora-de-conocimiento\/jardines-de-gotinga\/\",\"name\":\"Jardines de Gotinga - 9 St\u00e4dte in Niedersachsen\",\"isPartOf\":{\"@id\":\"https:\/\/9staedte.de\/es\/#website\"},\"primaryImageOfPage\":{\"@id\":\"https:\/\/9staedte.de\/es\/gottingen-ciudad-creadora-de-conocimiento\/jardines-de-gotinga\/#primaryimage\"},\"image\":{\"@id\":\"https:\/\/9staedte.de\/es\/gottingen-ciudad-creadora-de-conocimiento\/jardines-de-gotinga\/#primaryimage\"},\"thumbnailUrl\":\"https:\/\/9staedte.de\/wp-content\/uploads\/2023\/02\/Goettingen_Alter_Bot._GartencChristoph_Mischke-1.jpg\",\"datePublished\":\"2023-11-02T08:49:48+00:00\",\"dateModified\":\"2023-11-02T16:46:04+00:00\",\"breadcrumb\":{\"@id\":\"https:\/\/9staedte.de\/es\/gottingen-ciudad-creadora-de-conocimiento\/jardines-de-gotinga\/#breadcrumb\"},\"inLanguage\":\"es\",\"potentialAction\":[{\"@type\":\"ReadAction\",\"target\":[\"https:\/\/9staedte.de\/es\/gottingen-ciudad-creadora-de-conocimiento\/jardines-de-gotinga\/\"]}]},{\"@type\":\"ImageObject\",\"inLanguage\":\"es\",\"@id\":\"https:\/\/9staedte.de\/es\/gottingen-ciudad-creadora-de-conocimiento\/jardines-de-gotinga\/#primaryimage\",\"url\":\"https:\/\/9staedte.de\/wp-content\/uploads\/2023\/02\/Goettingen_Alter_Bot._GartencChristoph_Mischke-1.jpg\",\"contentUrl\":\"https:\/\/9staedte.de\/wp-content\/uploads\/2023\/02\/Goettingen_Alter_Bot._GartencChristoph_Mischke-1.jpg\",\"width\":1020,\"height\":558,\"caption\":\"G\u00f6ttingen_Alter_Bot._Garten(c)Christoph_Mischke\"},{\"@type\":\"BreadcrumbList\",\"@id\":\"https:\/\/9staedte.de\/es\/gottingen-ciudad-creadora-de-conocimiento\/jardines-de-gotinga\/#breadcrumb\",\"itemListElement\":[{\"@type\":\"ListItem\",\"position\":1,\"name\":\"Startseite\",\"item\":\"https:\/\/9staedte.de\/es\/\"},{\"@type\":\"ListItem\",\"position\":2,\"name\":\"G\u00f6ttingen &#8211; Ciudad creadora de conocimiento\",\"item\":\"https:\/\/9staedte.de\/es\/gottingen-ciudad-creadora-de-conocimiento\/\"},{\"@type\":\"ListItem\",\"position\":3,\"name\":\"Jardines de Gotinga\"}]},{\"@type\":\"WebSite\",\"@id\":\"https:\/\/9staedte.de\/es\/#website\",\"url\":\"https:\/\/9staedte.de\/es\/\",\"name\":\"9 St\u00e4dte in Niedersachsen\",\"description\":\"\",\"publisher\":{\"@id\":\"https:\/\/9staedte.de\/es\/#organization\"},\"potentialAction\":[{\"@type\":\"SearchAction\",\"target\":{\"@type\":\"EntryPoint\",\"urlTemplate\":\"https:\/\/9staedte.de\/es\/?s={search_term_string}\"},\"query-input\":{\"@type\":\"PropertyValueSpecification\",\"valueRequired\":true,\"valueName\":\"search_term_string\"}}],\"inLanguage\":\"es\"},{\"@type\":\"Organization\",\"@id\":\"https:\/\/9staedte.de\/es\/#organization\",\"name\":\"9 St\u00e4dte in Niedersachsen\",\"url\":\"https:\/\/9staedte.de\/es\/\",\"logo\":{\"@type\":\"ImageObject\",\"inLanguage\":\"es\",\"@id\":\"https:\/\/9staedte.de\/es\/#\/schema\/logo\/image\/\",\"url\":\"https:\/\/9staedte.de\/wp-content\/uploads\/2025\/01\/9-neg-deutsch-2-1.png\",\"contentUrl\":\"https:\/\/9staedte.de\/wp-content\/uploads\/2025\/01\/9-neg-deutsch-2-1.png\",\"width\":190,\"height\":114,\"caption\":\"9 St\u00e4dte in Niedersachsen\"},\"image\":{\"@id\":\"https:\/\/9staedte.de\/es\/#\/schema\/logo\/image\/\"}}]}<\/script>\n<!-- \/ Yoast SEO plugin. -->","yoast_head_json":{"title":"Jardines de Gotinga - 9 St\u00e4dte in Niedersachsen","robots":{"index":"index","follow":"follow","max-snippet":"max-snippet:-1","max-image-preview":"max-image-preview:large","max-video-preview":"max-video-preview:-1"},"canonical":"https:\/\/9staedte.de\/es\/gottingen-ciudad-creadora-de-conocimiento\/jardines-de-gotinga\/","og_locale":"es_ES","og_type":"article","og_title":"Jardines de Gotinga - 9 St\u00e4dte in Niedersachsen","og_description":"Antiguo Jard\u00edn Bot\u00e1nico de Gotinga &#8211; Idilio en la ciudad En el centro de la ciudad, a ambos lados de las murallas, se encuentra el Antiguo Jard\u00edn Bot\u00e1nico de Gotinga, trazado en 1736, que, con sus hist\u00f3ricos invernaderos, jardines bot\u00e1nicos y \u00e1rboles centenarios, invita a pasear lejos del bullicio del centro. Entradas: Untere Karsp\u00fcle y [&hellip;]","og_url":"https:\/\/9staedte.de\/es\/gottingen-ciudad-creadora-de-conocimiento\/jardines-de-gotinga\/","og_site_name":"9 St\u00e4dte in Niedersachsen","article_modified_time":"2023-11-02T16:46:04+00:00","og_image":[{"width":1020,"height":558,"url":"https:\/\/9staedte.de\/wp-content\/uploads\/2023\/02\/Goettingen_Alter_Bot._GartencChristoph_Mischke-1.jpg","type":"image\/jpeg"}],"twitter_card":"summary_large_image","twitter_misc":{"Tiempo de lectura":"1 minuto"},"schema":{"@context":"https:\/\/schema.org","@graph":[{"@type":"WebPage","@id":"https:\/\/9staedte.de\/es\/gottingen-ciudad-creadora-de-conocimiento\/jardines-de-gotinga\/","url":"https:\/\/9staedte.de\/es\/gottingen-ciudad-creadora-de-conocimiento\/jardines-de-gotinga\/","name":"Jardines de Gotinga - 9 St\u00e4dte in Niedersachsen","isPartOf":{"@id":"https:\/\/9staedte.de\/es\/#website"},"primaryImageOfPage":{"@id":"https:\/\/9staedte.de\/es\/gottingen-ciudad-creadora-de-conocimiento\/jardines-de-gotinga\/#primaryimage"},"image":{"@id":"https:\/\/9staedte.de\/es\/gottingen-ciudad-creadora-de-conocimiento\/jardines-de-gotinga\/#primaryimage"},"thumbnailUrl":"https:\/\/9staedte.de\/wp-content\/uploads\/2023\/02\/Goettingen_Alter_Bot._GartencChristoph_Mischke-1.jpg","datePublished":"2023-11-02T08:49:48+00:00","dateModified":"2023-11-02T16:46:04+00:00","breadcrumb":{"@id":"https:\/\/9staedte.de\/es\/gottingen-ciudad-creadora-de-conocimiento\/jardines-de-gotinga\/#breadcrumb"},"inLanguage":"es","potentialAction":[{"@type":"ReadAction","target":["https:\/\/9staedte.de\/es\/gottingen-ciudad-creadora-de-conocimiento\/jardines-de-gotinga\/"]}]},{"@type":"ImageObject","inLanguage":"es","@id":"https:\/\/9staedte.de\/es\/gottingen-ciudad-creadora-de-conocimiento\/jardines-de-gotinga\/#primaryimage","url":"https:\/\/9staedte.de\/wp-content\/uploads\/2023\/02\/Goettingen_Alter_Bot._GartencChristoph_Mischke-1.jpg","contentUrl":"https:\/\/9staedte.de\/wp-content\/uploads\/2023\/02\/Goettingen_Alter_Bot._GartencChristoph_Mischke-1.jpg","width":1020,"height":558,"caption":"G\u00f6ttingen_Alter_Bot._Garten(c)Christoph_Mischke"},{"@type":"BreadcrumbList","@id":"https:\/\/9staedte.de\/es\/gottingen-ciudad-creadora-de-conocimiento\/jardines-de-gotinga\/#breadcrumb","itemListElement":[{"@type":"ListItem","position":1,"name":"Startseite","item":"https:\/\/9staedte.de\/es\/"},{"@type":"ListItem","position":2,"name":"G\u00f6ttingen &#8211; Ciudad creadora de conocimiento","item":"https:\/\/9staedte.de\/es\/gottingen-ciudad-creadora-de-conocimiento\/"},{"@type":"ListItem","position":3,"name":"Jardines de Gotinga"}]},{"@type":"WebSite","@id":"https:\/\/9staedte.de\/es\/#website","url":"https:\/\/9staedte.de\/es\/","name":"9 St\u00e4dte in Niedersachsen","description":"","publisher":{"@id":"https:\/\/9staedte.de\/es\/#organization"},"potentialAction":[{"@type":"SearchAction","target":{"@type":"EntryPoint","urlTemplate":"https:\/\/9staedte.de\/es\/?s={search_term_string}"},"query-input":{"@type":"PropertyValueSpecification","valueRequired":true,"valueName":"search_term_string"}}],"inLanguage":"es"},{"@type":"Organization","@id":"https:\/\/9staedte.de\/es\/#organization","name":"9 St\u00e4dte in Niedersachsen","url":"https:\/\/9staedte.de\/es\/","logo":{"@type":"ImageObject","inLanguage":"es","@id":"https:\/\/9staedte.de\/es\/#\/schema\/logo\/image\/","url":"https:\/\/9staedte.de\/wp-content\/uploads\/2025\/01\/9-neg-deutsch-2-1.png","contentUrl":"https:\/\/9staedte.de\/wp-content\/uploads\/2025\/01\/9-neg-deutsch-2-1.png","width":190,"height":114,"caption":"9 St\u00e4dte in Niedersachsen"},"image":{"@id":"https:\/\/9staedte.de\/es\/#\/schema\/logo\/image\/"}}]}},"_links":{"self":[{"href":"https:\/\/9staedte.de\/es\/wp-json\/wp\/v2\/pages\/17622","targetHints":{"allow":["GET"]}}],"collection":[{"href":"https:\/\/9staedte.de\/es\/wp-json\/wp\/v2\/pages"}],"about":[{"href":"https:\/\/9staedte.de\/es\/wp-json\/wp\/v2\/types\/page"}],"author":[{"embeddable":true,"href":"https:\/\/9staedte.de\/es\/wp-json\/wp\/v2\/users\/1"}],"replies":[{"embeddable":true,"href":"https:\/\/9staedte.de\/es\/wp-json\/wp\/v2\/comments?post=17622"}],"version-history":[{"count":1,"href":"https:\/\/9staedte.de\/es\/wp-json\/wp\/v2\/pages\/17622\/revisions"}],"predecessor-version":[{"id":19825,"href":"https:\/\/9staedte.de\/es\/wp-json\/wp\/v2\/pages\/17622\/revisions\/19825"}],"up":[{"embeddable":true,"href":"https:\/\/9staedte.de\/es\/wp-json\/wp\/v2\/pages\/18032"}],"wp:featuredmedia":[{"embeddable":true,"href":"https:\/\/9staedte.de\/es\/wp-json\/wp\/v2\/media\/17631"}],"wp:attachment":[{"href":"https:\/\/9staedte.de\/es\/wp-json\/wp\/v2\/media?parent=17622"}],"wp:term":[{"taxonomy":"category","embeddable":true,"href":"https:\/\/9staedte.de\/es\/wp-json\/wp\/v2\/categories?post=17622"},{"taxonomy":"post_tag","embeddable":true,"href":"https:\/\/9staedte.de\/es\/wp-json\/wp\/v2\/tags?post=17622"},{"taxonomy":"ncap_cities_tax","embeddable":true,"href":"https:\/\/9staedte.de\/es\/wp-json\/wp\/v2\/ncap_cities_tax?post=17622"}],"curies":[{"name":"wp","href":"https:\/\/api.w.org\/{rel}","templated":true}]}}