{"id":17610,"date":"2023-11-02T09:49:47","date_gmt":"2023-11-02T08:49:47","guid":{"rendered":"https:\/\/9staedte.de\/ir-de-compras-y-salir-por-braunschweig\/"},"modified":"2024-08-30T09:18:11","modified_gmt":"2024-08-30T07:18:11","slug":"ir-de-compras-y-salir-por-braunschweig","status":"publish","type":"page","link":"https:\/\/9staedte.de\/es\/braunschweig-la-ciudad-del-leon\/ir-de-compras-y-salir-por-braunschweig\/","title":{"rendered":"Ir de compras y salir por Braunschweig"},"content":{"rendered":"\n<h2 class=\"wp-block-heading\">Descubra la metr\u00f3poli comercial de Braunschweig<\/h2>\n\n<p>Visite el centro de la ciudad o las peque\u00f1as tiendas y d\u00e9jese inspirar por la metr\u00f3poli de las compras de Braunschweig.<\/p>\n\n<p>El r\u00edo Oker rodea todo el centro de Braunschweig: de oeste a este s\u00f3lo hay dos kil\u00f3metros de distancia. Dos kil\u00f3metros que invitan a pasear, entretenerse, curiosear o ir de compras. Los visitantes pueden elegir libremente: Desde acogedoras tiendecitas llenas de especialidades con encanto y objetos de coleccionista hasta modernos centros comerciales y galer\u00edas comerciales que ofrecen marcas internacionales y un servicio completo. Y para los que no quieren decidirse pero quieren experimentar todo el espectro comercial, el centro de Braunschweig, con sus cortas distancias, se lo pone f\u00e1cil.<\/p>\n\n\n<div class=\"banner-wrapper\">\n  <div class=\"banner-inner \">\n      <div class=\"img-container\">\n      <div class=\"img-wrapper\">\n        <img decoding=\"async\" src=\"https:\/\/9staedte.de\/wp-content\/smush-webp\/2022\/03\/Braunschweig-Magniviertel-c-Braunschweig-Stadtmarketing-Christian-Bierwagen.jpg.webp\" alt=\"La imagen muestra el barrio Magniviertel en Braunschweig. A la derecha hay bonitas casas antiguas con muchas ventanas. Abajo hay una cafeter\u00eda con mesas y sillas afuera. Hay personas caminando por la calle. La calle est\u00e1 hecha de piedras peque\u00f1as. A la izquierda hay un \u00e1rbol grande con hojas verdes. El ambiente es tranquilo y amable. Parece un d\u00eda bonito.\" \/>\n                  <div class=\"thumbnail-label\">\n            <span>Braunschweig Magniviertel c) Braunschweig Stadtmarketing Christian Bierwagen<\/span>\n          <\/div>\n              <\/div>\n    <\/div>\n        <div class=\"text-container\">\n      <div class=\"content\">\n        <h2>9 consejos para ir de compras y salir por Braunschweig<\/h2>\n<ul>\n<li><a href=\"https:\/\/www.braunschweig.de\/leben\/innenstadt\/einkaufserlebnis\/index.php\"><a href=\"https:\/\/www.braunschweig.de\/leben\/innenstadt\/einkaufserlebnis\/index.php\">Bono urbano Braunschweig<\/a><\/a><\/li>\n<li>Zona peatonal con muchas tiendas especializadas, tiendas gestionadas por sus propietarios y cadenas de tiendas l\u00edderes<\/li>\n<li>De compras en el Schloss Arkaden<\/li>\n<li>Ir de compras y salir con un encanto especial en el barrio medieval de Magni<\/li>\n<li>Numerosos caf\u00e9s a lo largo del r\u00edo Oker te invitan a relajarte en pleno centro de la ciudad<\/li>\n<li>Descansa del ajetreo de las compras urbanas en uno de los muchos museos del centro de la ciudad<\/li>\n<li>Animada escena de pubs en el barrio universitario<\/li>\n<li>Elige entre numerosos consejos para salir: <a href=\"http:\/\/www.braunschweig.de\/veranstaltungen\" target=\"_blank\" rel=\"noopener\">www.braunschweig.de\/veranstaltungen<\/a><\/li>\n<li>Siempre bien informado, incluso cuando viajas, <abbr lang=\"de\" title=\"Por ejemplo\">por ejemplo<\/abbr> sobre plazas de aparcamiento gratuitas: m.braunschweig.de<\/li>\n<\/ul>\n      <\/div>\n    <\/div>\n    <\/div>\n<\/div>\n\n","protected":false},"excerpt":{"rendered":"<p>Descubra la metr\u00f3poli comercial de Braunschweig Visite el centro de la ciudad o las peque\u00f1as tiendas y d\u00e9jese inspirar por la metr\u00f3poli de las compras de Braunschweig. El r\u00edo Oker rodea todo el centro de Braunschweig: de oeste a este s\u00f3lo hay dos kil\u00f3metros de distancia. Dos kil\u00f3metros que invitan a pasear, entretenerse, curiosear o [&hellip;]<\/p>\n","protected":false},"author":1,"featured_media":16469,"parent":17645,"menu_order":0,"comment_status":"closed","ping_status":"closed","template":"pagetemplates\/template-stadtthema.php","meta":{"_acf_changed":false,"footnotes":""},"categories":[],"tags":[],"ncap_cities_tax":[422,760],"class_list":["post-17610","page","type-page","status-publish","has-post-thumbnail","hentry","ncap_cities_tax-braunschweig-es","ncap_cities_tax-shopping-und-ausgehen-braunschweig-es"],"acf":[],"yoast_head":"<!-- This site is optimized with the Yoast SEO plugin v26.8 - https:\/\/yoast.com\/product\/yoast-seo-wordpress\/ -->\n<title>Ir de compras y salir por Braunschweig - 9 St\u00e4dte in Niedersachsen<\/title>\n<meta name=\"robots\" content=\"index, follow, max-snippet:-1, max-image-preview:large, max-video-preview:-1\" \/>\n<link rel=\"canonical\" href=\"https:\/\/9staedte.de\/es\/braunschweig-la-ciudad-del-leon\/ir-de-compras-y-salir-por-braunschweig\/\" \/>\n<meta property=\"og:locale\" content=\"es_ES\" \/>\n<meta property=\"og:type\" content=\"article\" \/>\n<meta property=\"og:title\" content=\"Ir de compras y salir por Braunschweig - 9 St\u00e4dte in Niedersachsen\" \/>\n<meta property=\"og:description\" content=\"Descubra la metr\u00f3poli comercial de Braunschweig Visite el centro de la ciudad o las peque\u00f1as tiendas y d\u00e9jese inspirar por la metr\u00f3poli de las compras de Braunschweig. El r\u00edo Oker rodea todo el centro de Braunschweig: de oeste a este s\u00f3lo hay dos kil\u00f3metros de distancia. Dos kil\u00f3metros que invitan a pasear, entretenerse, curiosear o [&hellip;]\" \/>\n<meta property=\"og:url\" content=\"https:\/\/9staedte.de\/es\/braunschweig-la-ciudad-del-leon\/ir-de-compras-y-salir-por-braunschweig\/\" \/>\n<meta property=\"og:site_name\" content=\"9 St\u00e4dte in Niedersachsen\" \/>\n<meta property=\"article:modified_time\" content=\"2024-08-30T07:18:11+00:00\" \/>\n<meta property=\"og:image\" content=\"https:\/\/9staedte.de\/wp-content\/uploads\/2022\/03\/Einkaufsstadt-Braunschweig-c-Braunschweig-Stadtmarketing-Gramann.jpg\" \/>\n\t<meta property=\"og:image:width\" content=\"1021\" \/>\n\t<meta property=\"og:image:height\" content=\"559\" \/>\n\t<meta property=\"og:image:type\" content=\"image\/jpeg\" \/>\n<meta name=\"twitter:card\" content=\"summary_large_image\" \/>\n<meta name=\"twitter:label1\" content=\"Tiempo de lectura\" \/>\n\t<meta name=\"twitter:data1\" content=\"1 minuto\" \/>\n<script type=\"application\/ld+json\" class=\"yoast-schema-graph\">{\"@context\":\"https:\/\/schema.org\",\"@graph\":[{\"@type\":\"WebPage\",\"@id\":\"https:\/\/9staedte.de\/es\/braunschweig-la-ciudad-del-leon\/ir-de-compras-y-salir-por-braunschweig\/\",\"url\":\"https:\/\/9staedte.de\/es\/braunschweig-la-ciudad-del-leon\/ir-de-compras-y-salir-por-braunschweig\/\",\"name\":\"Ir de compras y salir por Braunschweig - 9 St\u00e4dte in Niedersachsen\",\"isPartOf\":{\"@id\":\"https:\/\/9staedte.de\/es\/#website\"},\"primaryImageOfPage\":{\"@id\":\"https:\/\/9staedte.de\/es\/braunschweig-la-ciudad-del-leon\/ir-de-compras-y-salir-por-braunschweig\/#primaryimage\"},\"image\":{\"@id\":\"https:\/\/9staedte.de\/es\/braunschweig-la-ciudad-del-leon\/ir-de-compras-y-salir-por-braunschweig\/#primaryimage\"},\"thumbnailUrl\":\"https:\/\/9staedte.de\/wp-content\/uploads\/2022\/03\/Einkaufsstadt-Braunschweig-c-Braunschweig-Stadtmarketing-Gramann.jpg\",\"datePublished\":\"2023-11-02T08:49:47+00:00\",\"dateModified\":\"2024-08-30T07:18:11+00:00\",\"breadcrumb\":{\"@id\":\"https:\/\/9staedte.de\/es\/braunschweig-la-ciudad-del-leon\/ir-de-compras-y-salir-por-braunschweig\/#breadcrumb\"},\"inLanguage\":\"es\",\"potentialAction\":[{\"@type\":\"ReadAction\",\"target\":[\"https:\/\/9staedte.de\/es\/braunschweig-la-ciudad-del-leon\/ir-de-compras-y-salir-por-braunschweig\/\"]}]},{\"@type\":\"ImageObject\",\"inLanguage\":\"es\",\"@id\":\"https:\/\/9staedte.de\/es\/braunschweig-la-ciudad-del-leon\/ir-de-compras-y-salir-por-braunschweig\/#primaryimage\",\"url\":\"https:\/\/9staedte.de\/wp-content\/uploads\/2022\/03\/Einkaufsstadt-Braunschweig-c-Braunschweig-Stadtmarketing-Gramann.jpg\",\"contentUrl\":\"https:\/\/9staedte.de\/wp-content\/uploads\/2022\/03\/Einkaufsstadt-Braunschweig-c-Braunschweig-Stadtmarketing-Gramann.jpg\",\"width\":1021,\"height\":559,\"caption\":\"Einkaufsstadt Braunschweig c) Braunschweig Stadtmarketing Gramann\"},{\"@type\":\"BreadcrumbList\",\"@id\":\"https:\/\/9staedte.de\/es\/braunschweig-la-ciudad-del-leon\/ir-de-compras-y-salir-por-braunschweig\/#breadcrumb\",\"itemListElement\":[{\"@type\":\"ListItem\",\"position\":1,\"name\":\"Startseite\",\"item\":\"https:\/\/9staedte.de\/es\/\"},{\"@type\":\"ListItem\",\"position\":2,\"name\":\"Braunschweig &#8211; City of Lions\",\"item\":\"https:\/\/9staedte.de\/es\/braunschweig-la-ciudad-del-leon\/\"},{\"@type\":\"ListItem\",\"position\":3,\"name\":\"Ir de compras y salir por Braunschweig\"}]},{\"@type\":\"WebSite\",\"@id\":\"https:\/\/9staedte.de\/es\/#website\",\"url\":\"https:\/\/9staedte.de\/es\/\",\"name\":\"9 St\u00e4dte in Niedersachsen\",\"description\":\"\",\"publisher\":{\"@id\":\"https:\/\/9staedte.de\/es\/#organization\"},\"potentialAction\":[{\"@type\":\"SearchAction\",\"target\":{\"@type\":\"EntryPoint\",\"urlTemplate\":\"https:\/\/9staedte.de\/es\/?s={search_term_string}\"},\"query-input\":{\"@type\":\"PropertyValueSpecification\",\"valueRequired\":true,\"valueName\":\"search_term_string\"}}],\"inLanguage\":\"es\"},{\"@type\":\"Organization\",\"@id\":\"https:\/\/9staedte.de\/es\/#organization\",\"name\":\"9 St\u00e4dte in Niedersachsen\",\"url\":\"https:\/\/9staedte.de\/es\/\",\"logo\":{\"@type\":\"ImageObject\",\"inLanguage\":\"es\",\"@id\":\"https:\/\/9staedte.de\/es\/#\/schema\/logo\/image\/\",\"url\":\"https:\/\/9staedte.de\/wp-content\/uploads\/2025\/01\/9-neg-deutsch-2-1.png\",\"contentUrl\":\"https:\/\/9staedte.de\/wp-content\/uploads\/2025\/01\/9-neg-deutsch-2-1.png\",\"width\":190,\"height\":114,\"caption\":\"9 St\u00e4dte in Niedersachsen\"},\"image\":{\"@id\":\"https:\/\/9staedte.de\/es\/#\/schema\/logo\/image\/\"}}]}<\/script>\n<!-- \/ Yoast SEO plugin. -->","yoast_head_json":{"title":"Ir de compras y salir por Braunschweig - 9 St\u00e4dte in Niedersachsen","robots":{"index":"index","follow":"follow","max-snippet":"max-snippet:-1","max-image-preview":"max-image-preview:large","max-video-preview":"max-video-preview:-1"},"canonical":"https:\/\/9staedte.de\/es\/braunschweig-la-ciudad-del-leon\/ir-de-compras-y-salir-por-braunschweig\/","og_locale":"es_ES","og_type":"article","og_title":"Ir de compras y salir por Braunschweig - 9 St\u00e4dte in Niedersachsen","og_description":"Descubra la metr\u00f3poli comercial de Braunschweig Visite el centro de la ciudad o las peque\u00f1as tiendas y d\u00e9jese inspirar por la metr\u00f3poli de las compras de Braunschweig. El r\u00edo Oker rodea todo el centro de Braunschweig: de oeste a este s\u00f3lo hay dos kil\u00f3metros de distancia. Dos kil\u00f3metros que invitan a pasear, entretenerse, curiosear o [&hellip;]","og_url":"https:\/\/9staedte.de\/es\/braunschweig-la-ciudad-del-leon\/ir-de-compras-y-salir-por-braunschweig\/","og_site_name":"9 St\u00e4dte in Niedersachsen","article_modified_time":"2024-08-30T07:18:11+00:00","og_image":[{"width":1021,"height":559,"url":"https:\/\/9staedte.de\/wp-content\/uploads\/2022\/03\/Einkaufsstadt-Braunschweig-c-Braunschweig-Stadtmarketing-Gramann.jpg","type":"image\/jpeg"}],"twitter_card":"summary_large_image","twitter_misc":{"Tiempo de lectura":"1 minuto"},"schema":{"@context":"https:\/\/schema.org","@graph":[{"@type":"WebPage","@id":"https:\/\/9staedte.de\/es\/braunschweig-la-ciudad-del-leon\/ir-de-compras-y-salir-por-braunschweig\/","url":"https:\/\/9staedte.de\/es\/braunschweig-la-ciudad-del-leon\/ir-de-compras-y-salir-por-braunschweig\/","name":"Ir de compras y salir por Braunschweig - 9 St\u00e4dte in Niedersachsen","isPartOf":{"@id":"https:\/\/9staedte.de\/es\/#website"},"primaryImageOfPage":{"@id":"https:\/\/9staedte.de\/es\/braunschweig-la-ciudad-del-leon\/ir-de-compras-y-salir-por-braunschweig\/#primaryimage"},"image":{"@id":"https:\/\/9staedte.de\/es\/braunschweig-la-ciudad-del-leon\/ir-de-compras-y-salir-por-braunschweig\/#primaryimage"},"thumbnailUrl":"https:\/\/9staedte.de\/wp-content\/uploads\/2022\/03\/Einkaufsstadt-Braunschweig-c-Braunschweig-Stadtmarketing-Gramann.jpg","datePublished":"2023-11-02T08:49:47+00:00","dateModified":"2024-08-30T07:18:11+00:00","breadcrumb":{"@id":"https:\/\/9staedte.de\/es\/braunschweig-la-ciudad-del-leon\/ir-de-compras-y-salir-por-braunschweig\/#breadcrumb"},"inLanguage":"es","potentialAction":[{"@type":"ReadAction","target":["https:\/\/9staedte.de\/es\/braunschweig-la-ciudad-del-leon\/ir-de-compras-y-salir-por-braunschweig\/"]}]},{"@type":"ImageObject","inLanguage":"es","@id":"https:\/\/9staedte.de\/es\/braunschweig-la-ciudad-del-leon\/ir-de-compras-y-salir-por-braunschweig\/#primaryimage","url":"https:\/\/9staedte.de\/wp-content\/uploads\/2022\/03\/Einkaufsstadt-Braunschweig-c-Braunschweig-Stadtmarketing-Gramann.jpg","contentUrl":"https:\/\/9staedte.de\/wp-content\/uploads\/2022\/03\/Einkaufsstadt-Braunschweig-c-Braunschweig-Stadtmarketing-Gramann.jpg","width":1021,"height":559,"caption":"Einkaufsstadt Braunschweig c) Braunschweig Stadtmarketing Gramann"},{"@type":"BreadcrumbList","@id":"https:\/\/9staedte.de\/es\/braunschweig-la-ciudad-del-leon\/ir-de-compras-y-salir-por-braunschweig\/#breadcrumb","itemListElement":[{"@type":"ListItem","position":1,"name":"Startseite","item":"https:\/\/9staedte.de\/es\/"},{"@type":"ListItem","position":2,"name":"Braunschweig &#8211; City of Lions","item":"https:\/\/9staedte.de\/es\/braunschweig-la-ciudad-del-leon\/"},{"@type":"ListItem","position":3,"name":"Ir de compras y salir por Braunschweig"}]},{"@type":"WebSite","@id":"https:\/\/9staedte.de\/es\/#website","url":"https:\/\/9staedte.de\/es\/","name":"9 St\u00e4dte in Niedersachsen","description":"","publisher":{"@id":"https:\/\/9staedte.de\/es\/#organization"},"potentialAction":[{"@type":"SearchAction","target":{"@type":"EntryPoint","urlTemplate":"https:\/\/9staedte.de\/es\/?s={search_term_string}"},"query-input":{"@type":"PropertyValueSpecification","valueRequired":true,"valueName":"search_term_string"}}],"inLanguage":"es"},{"@type":"Organization","@id":"https:\/\/9staedte.de\/es\/#organization","name":"9 St\u00e4dte in Niedersachsen","url":"https:\/\/9staedte.de\/es\/","logo":{"@type":"ImageObject","inLanguage":"es","@id":"https:\/\/9staedte.de\/es\/#\/schema\/logo\/image\/","url":"https:\/\/9staedte.de\/wp-content\/uploads\/2025\/01\/9-neg-deutsch-2-1.png","contentUrl":"https:\/\/9staedte.de\/wp-content\/uploads\/2025\/01\/9-neg-deutsch-2-1.png","width":190,"height":114,"caption":"9 St\u00e4dte in Niedersachsen"},"image":{"@id":"https:\/\/9staedte.de\/es\/#\/schema\/logo\/image\/"}}]}},"_links":{"self":[{"href":"https:\/\/9staedte.de\/es\/wp-json\/wp\/v2\/pages\/17610","targetHints":{"allow":["GET"]}}],"collection":[{"href":"https:\/\/9staedte.de\/es\/wp-json\/wp\/v2\/pages"}],"about":[{"href":"https:\/\/9staedte.de\/es\/wp-json\/wp\/v2\/types\/page"}],"author":[{"embeddable":true,"href":"https:\/\/9staedte.de\/es\/wp-json\/wp\/v2\/users\/1"}],"replies":[{"embeddable":true,"href":"https:\/\/9staedte.de\/es\/wp-json\/wp\/v2\/comments?post=17610"}],"version-history":[{"count":2,"href":"https:\/\/9staedte.de\/es\/wp-json\/wp\/v2\/pages\/17610\/revisions"}],"predecessor-version":[{"id":23545,"href":"https:\/\/9staedte.de\/es\/wp-json\/wp\/v2\/pages\/17610\/revisions\/23545"}],"up":[{"embeddable":true,"href":"https:\/\/9staedte.de\/es\/wp-json\/wp\/v2\/pages\/17645"}],"wp:featuredmedia":[{"embeddable":true,"href":"https:\/\/9staedte.de\/es\/wp-json\/wp\/v2\/media\/16469"}],"wp:attachment":[{"href":"https:\/\/9staedte.de\/es\/wp-json\/wp\/v2\/media?parent=17610"}],"wp:term":[{"taxonomy":"category","embeddable":true,"href":"https:\/\/9staedte.de\/es\/wp-json\/wp\/v2\/categories?post=17610"},{"taxonomy":"post_tag","embeddable":true,"href":"https:\/\/9staedte.de\/es\/wp-json\/wp\/v2\/tags?post=17610"},{"taxonomy":"ncap_cities_tax","embeddable":true,"href":"https:\/\/9staedte.de\/es\/wp-json\/wp\/v2\/ncap_cities_tax?post=17610"}],"curies":[{"name":"wp","href":"https:\/\/api.w.org\/{rel}","templated":true}]}}