{"id":17606,"date":"2023-11-02T09:49:47","date_gmt":"2023-11-02T08:49:47","guid":{"rendered":"https:\/\/9staedte.de\/ir-de-compras-y-salir-por-hildesheim\/"},"modified":"2023-11-02T18:16:44","modified_gmt":"2023-11-02T17:16:44","slug":"ir-de-compras-y-salir-por-hildesheim","status":"publish","type":"page","link":"https:\/\/9staedte.de\/es\/hildesheim-ciudad-patrimonio-de-la-humanidad-de-la-unesco\/ir-de-compras-y-salir-por-hildesheim\/","title":{"rendered":"Ir de compras y salir por Hildesheim"},"content":{"rendered":"\n<h3 class=\"wp-block-heading\">De compras en Hildesheim &#8211; Disfrutar de algo especial<\/h3>\n\n\n\n<p>Peque\u00f1o pero agradable &#8211; las posibilidades de compras en Hildesheim ofrecen distancias cortas pero una gran selecci\u00f3n&nbsp;. Y&nbsp;es a\u00fan&nbsp;m\u00e1s grande debido al centro comercial \u00abArneken-Galerie\u00bb. Ya sean tiendas especializadas regentadas por sus propietarios, boutiques de moda modernas y exclusivas, conocidas cadenas de tiendas o pintorescas tiendas de recuerdos, la variedad y calidad de la oferta en los seis barrios diferentes del centro de la ciudad no deja nada que desear y ofrece algo para todos los gustos. Cada barrio tiene su propio encanto y el asesoramiento individual y amable, as\u00ed como las c\u00e9ntricas plazas de aparcamiento, son lo que hacen que Hildesheim sea tan atractiva.<br>Numerosas cafeter\u00edas, bares y restaurantes son recomendables para disfrutar de agradables descansos, por ejemplo, con la hist\u00f3rica plaza del mercado como tel\u00f3n de fondo. Y muchas instituciones culturales y lugares de inter\u00e9s situados en el centro de la ciudad ofrecen la oportunidad de combinar un tranquilo viaje de compras con actividades culturales.<\/p>\n\n\n\n\n<div class=\"banner-wrapper\">\n  <div class=\"banner-inner \">\n      <div class=\"img-container\">\n      <div class=\"img-wrapper\">\n        <img decoding=\"async\" src=\"https:\/\/9staedte.de\/wp-content\/smush-webp\/2023\/03\/Marktplatz-\u00a9-Hildesheim-Marketing-Foto-Bierwagen.jpg.webp\" alt=\"AEn la imagen, un hombre y una mujer est\u00e1n sentados afuera en un caf\u00e9. Beben caf\u00e9 y leche. Sonr\u00eden y hablan entre ellos. Hace sol. Al fondo se ven casas antiguas en la plaza del mercado de Hildesheim. Tambi\u00e9n hay otras personas.\" \/>\n                  <div class=\"thumbnail-label\">\n            <span>Marktplatz \u00a9 Hildesheim Marketing, Foto Bierwagen<\/span>\n          <\/div>\n              <\/div>\n    <\/div>\n        <div class=\"text-container\">\n      <div class=\"content\">\n        <p><strong>9 Tipps rund ums Einkaufen und Ausgehen in Hildesheim: <\/strong><\/p>\n<ul>\n<li>Theater f\u00fcr Niedersachsen-Schauspiel, Musiktheater, Tanz, Konzerte und Lesungen<\/li>\n<li>Almsstra\u00dfe \u2013 Exklusivit\u00e4t erleben<\/li>\n<li>Hoher Weg \u2013 die reizvolle Mitte<\/li>\n<li>Osterstra\u00dfe und Scheelenstra\u00dfe \u2013 Boutiquen und Spezialgesch\u00e4fte<\/li>\n<li>Schuhstra\u00dfe \u2013 sch\u00f6ner Wohnen und mehr<\/li>\n<li>Andreaspassage \u2013 stilvolles Leben<\/li>\n<li>Bernwardstra\u00dfe \u2013 attraktive Begegnungen<\/li>\n<li>Kulturfabrik\/Veranstaltungszentren<\/li>\n<li>Stadtfeste und verkaufsoffene Sonntage an vielen Wochenenden<\/li>\n<\/ul>\n      <\/div>\n    <\/div>\n    <\/div>\n<\/div>\n\n","protected":false},"excerpt":{"rendered":"<p>De compras en Hildesheim &#8211; Disfrutar de algo especial Peque\u00f1o pero agradable &#8211; las posibilidades de compras en Hildesheim ofrecen distancias cortas pero una gran selecci\u00f3n&nbsp;. Y&nbsp;es a\u00fan&nbsp;m\u00e1s grande debido al centro comercial \u00abArneken-Galerie\u00bb. Ya sean tiendas especializadas regentadas por sus propietarios, boutiques de moda modernas y exclusivas, conocidas cadenas de tiendas o pintorescas tiendas [&hellip;]<\/p>\n","protected":false},"author":1,"featured_media":17618,"parent":17958,"menu_order":0,"comment_status":"closed","ping_status":"closed","template":"pagetemplates\/template-stadtthema.php","meta":{"_acf_changed":false,"footnotes":""},"categories":[],"tags":[],"ncap_cities_tax":[466,802],"class_list":["post-17606","page","type-page","status-publish","has-post-thumbnail","hentry","ncap_cities_tax-hildesheim-es","ncap_cities_tax-shopping-und-ausgehen-hildesheim-es"],"acf":[],"yoast_head":"<!-- This site is optimized with the Yoast SEO plugin v27.4 - https:\/\/yoast.com\/product\/yoast-seo-wordpress\/ -->\n<title>Ir de compras y salir por Hildesheim - 9 St\u00e4dte in Niedersachsen<\/title>\n<meta name=\"robots\" content=\"index, follow, max-snippet:-1, max-image-preview:large, max-video-preview:-1\" \/>\n<link rel=\"canonical\" href=\"https:\/\/9staedte.de\/es\/hildesheim-ciudad-patrimonio-de-la-humanidad-de-la-unesco\/ir-de-compras-y-salir-por-hildesheim\/\" \/>\n<meta property=\"og:locale\" content=\"es_ES\" \/>\n<meta property=\"og:type\" content=\"article\" \/>\n<meta property=\"og:title\" content=\"Ir de compras y salir por Hildesheim - 9 St\u00e4dte in Niedersachsen\" \/>\n<meta property=\"og:description\" content=\"De compras en Hildesheim &#8211; Disfrutar de algo especial Peque\u00f1o pero agradable &#8211; las posibilidades de compras en Hildesheim ofrecen distancias cortas pero una gran selecci\u00f3n&nbsp;. Y&nbsp;es a\u00fan&nbsp;m\u00e1s grande debido al centro comercial \u00abArneken-Galerie\u00bb. Ya sean tiendas especializadas regentadas por sus propietarios, boutiques de moda modernas y exclusivas, conocidas cadenas de tiendas o pintorescas tiendas [&hellip;]\" \/>\n<meta property=\"og:url\" content=\"https:\/\/9staedte.de\/es\/hildesheim-ciudad-patrimonio-de-la-humanidad-de-la-unesco\/ir-de-compras-y-salir-por-hildesheim\/\" \/>\n<meta property=\"og:site_name\" content=\"9 St\u00e4dte in Niedersachsen\" \/>\n<meta property=\"article:modified_time\" content=\"2023-11-02T17:16:44+00:00\" \/>\n<meta property=\"og:image\" content=\"https:\/\/9staedte.de\/wp-content\/uploads\/2023\/03\/Shopping-\u00a9Hildesheim-Marketing-Foto-Bierwagen.jpg\" \/>\n\t<meta property=\"og:image:width\" content=\"1020\" \/>\n\t<meta property=\"og:image:height\" content=\"560\" \/>\n\t<meta property=\"og:image:type\" content=\"image\/jpeg\" \/>\n<meta name=\"twitter:card\" content=\"summary_large_image\" \/>\n<meta name=\"twitter:label1\" content=\"Tiempo de lectura\" \/>\n\t<meta name=\"twitter:data1\" content=\"1 minuto\" \/>\n<script type=\"application\/ld+json\" class=\"yoast-schema-graph\">{\"@context\":\"https:\\\/\\\/schema.org\",\"@graph\":[{\"@type\":\"WebPage\",\"@id\":\"https:\\\/\\\/9staedte.de\\\/es\\\/hildesheim-ciudad-patrimonio-de-la-humanidad-de-la-unesco\\\/ir-de-compras-y-salir-por-hildesheim\\\/\",\"url\":\"https:\\\/\\\/9staedte.de\\\/es\\\/hildesheim-ciudad-patrimonio-de-la-humanidad-de-la-unesco\\\/ir-de-compras-y-salir-por-hildesheim\\\/\",\"name\":\"Ir de compras y salir por Hildesheim - 9 St\u00e4dte in Niedersachsen\",\"isPartOf\":{\"@id\":\"https:\\\/\\\/9staedte.de\\\/es\\\/#website\"},\"primaryImageOfPage\":{\"@id\":\"https:\\\/\\\/9staedte.de\\\/es\\\/hildesheim-ciudad-patrimonio-de-la-humanidad-de-la-unesco\\\/ir-de-compras-y-salir-por-hildesheim\\\/#primaryimage\"},\"image\":{\"@id\":\"https:\\\/\\\/9staedte.de\\\/es\\\/hildesheim-ciudad-patrimonio-de-la-humanidad-de-la-unesco\\\/ir-de-compras-y-salir-por-hildesheim\\\/#primaryimage\"},\"thumbnailUrl\":\"https:\\\/\\\/9staedte.de\\\/wp-content\\\/uploads\\\/2023\\\/03\\\/Shopping-\u00a9Hildesheim-Marketing-Foto-Bierwagen.jpg\",\"datePublished\":\"2023-11-02T08:49:47+00:00\",\"dateModified\":\"2023-11-02T17:16:44+00:00\",\"breadcrumb\":{\"@id\":\"https:\\\/\\\/9staedte.de\\\/es\\\/hildesheim-ciudad-patrimonio-de-la-humanidad-de-la-unesco\\\/ir-de-compras-y-salir-por-hildesheim\\\/#breadcrumb\"},\"inLanguage\":\"es\",\"potentialAction\":[{\"@type\":\"ReadAction\",\"target\":[\"https:\\\/\\\/9staedte.de\\\/es\\\/hildesheim-ciudad-patrimonio-de-la-humanidad-de-la-unesco\\\/ir-de-compras-y-salir-por-hildesheim\\\/\"]}]},{\"@type\":\"ImageObject\",\"inLanguage\":\"es\",\"@id\":\"https:\\\/\\\/9staedte.de\\\/es\\\/hildesheim-ciudad-patrimonio-de-la-humanidad-de-la-unesco\\\/ir-de-compras-y-salir-por-hildesheim\\\/#primaryimage\",\"url\":\"https:\\\/\\\/9staedte.de\\\/wp-content\\\/uploads\\\/2023\\\/03\\\/Shopping-\u00a9Hildesheim-Marketing-Foto-Bierwagen.jpg\",\"contentUrl\":\"https:\\\/\\\/9staedte.de\\\/wp-content\\\/uploads\\\/2023\\\/03\\\/Shopping-\u00a9Hildesheim-Marketing-Foto-Bierwagen.jpg\",\"width\":1020,\"height\":560,\"caption\":\"Shopping \u00a9Hildesheim Marketing, Foto Bierwagen\"},{\"@type\":\"BreadcrumbList\",\"@id\":\"https:\\\/\\\/9staedte.de\\\/es\\\/hildesheim-ciudad-patrimonio-de-la-humanidad-de-la-unesco\\\/ir-de-compras-y-salir-por-hildesheim\\\/#breadcrumb\",\"itemListElement\":[{\"@type\":\"ListItem\",\"position\":1,\"name\":\"Startseite\",\"item\":\"https:\\\/\\\/9staedte.de\\\/es\\\/\"},{\"@type\":\"ListItem\",\"position\":2,\"name\":\"Hildesheim &#8211; Ciudad Patrimonio de la Humanidad de la UNESCO\",\"item\":\"https:\\\/\\\/9staedte.de\\\/es\\\/hildesheim-ciudad-patrimonio-de-la-humanidad-de-la-unesco\\\/\"},{\"@type\":\"ListItem\",\"position\":3,\"name\":\"Ir de compras y salir por Hildesheim\"}]},{\"@type\":\"WebSite\",\"@id\":\"https:\\\/\\\/9staedte.de\\\/es\\\/#website\",\"url\":\"https:\\\/\\\/9staedte.de\\\/es\\\/\",\"name\":\"9 St\u00e4dte in Niedersachsen\",\"description\":\"\",\"publisher\":{\"@id\":\"https:\\\/\\\/9staedte.de\\\/es\\\/#organization\"},\"potentialAction\":[{\"@type\":\"SearchAction\",\"target\":{\"@type\":\"EntryPoint\",\"urlTemplate\":\"https:\\\/\\\/9staedte.de\\\/es\\\/?s={search_term_string}\"},\"query-input\":{\"@type\":\"PropertyValueSpecification\",\"valueRequired\":true,\"valueName\":\"search_term_string\"}}],\"inLanguage\":\"es\"},{\"@type\":\"Organization\",\"@id\":\"https:\\\/\\\/9staedte.de\\\/es\\\/#organization\",\"name\":\"9 St\u00e4dte in Niedersachsen\",\"url\":\"https:\\\/\\\/9staedte.de\\\/es\\\/\",\"logo\":{\"@type\":\"ImageObject\",\"inLanguage\":\"es\",\"@id\":\"https:\\\/\\\/9staedte.de\\\/es\\\/#\\\/schema\\\/logo\\\/image\\\/\",\"url\":\"https:\\\/\\\/9staedte.de\\\/wp-content\\\/uploads\\\/2025\\\/01\\\/9-neg-deutsch-2-1.png\",\"contentUrl\":\"https:\\\/\\\/9staedte.de\\\/wp-content\\\/uploads\\\/2025\\\/01\\\/9-neg-deutsch-2-1.png\",\"width\":190,\"height\":114,\"caption\":\"9 St\u00e4dte in Niedersachsen\"},\"image\":{\"@id\":\"https:\\\/\\\/9staedte.de\\\/es\\\/#\\\/schema\\\/logo\\\/image\\\/\"}}]}<\/script>\n<!-- \/ Yoast SEO plugin. -->","yoast_head_json":{"title":"Ir de compras y salir por Hildesheim - 9 St\u00e4dte in Niedersachsen","robots":{"index":"index","follow":"follow","max-snippet":"max-snippet:-1","max-image-preview":"max-image-preview:large","max-video-preview":"max-video-preview:-1"},"canonical":"https:\/\/9staedte.de\/es\/hildesheim-ciudad-patrimonio-de-la-humanidad-de-la-unesco\/ir-de-compras-y-salir-por-hildesheim\/","og_locale":"es_ES","og_type":"article","og_title":"Ir de compras y salir por Hildesheim - 9 St\u00e4dte in Niedersachsen","og_description":"De compras en Hildesheim &#8211; Disfrutar de algo especial Peque\u00f1o pero agradable &#8211; las posibilidades de compras en Hildesheim ofrecen distancias cortas pero una gran selecci\u00f3n&nbsp;. Y&nbsp;es a\u00fan&nbsp;m\u00e1s grande debido al centro comercial \u00abArneken-Galerie\u00bb. Ya sean tiendas especializadas regentadas por sus propietarios, boutiques de moda modernas y exclusivas, conocidas cadenas de tiendas o pintorescas tiendas [&hellip;]","og_url":"https:\/\/9staedte.de\/es\/hildesheim-ciudad-patrimonio-de-la-humanidad-de-la-unesco\/ir-de-compras-y-salir-por-hildesheim\/","og_site_name":"9 St\u00e4dte in Niedersachsen","article_modified_time":"2023-11-02T17:16:44+00:00","og_image":[{"width":1020,"height":560,"url":"https:\/\/9staedte.de\/wp-content\/uploads\/2023\/03\/Shopping-\u00a9Hildesheim-Marketing-Foto-Bierwagen.jpg","type":"image\/jpeg"}],"twitter_card":"summary_large_image","twitter_misc":{"Tiempo de lectura":"1 minuto"},"schema":{"@context":"https:\/\/schema.org","@graph":[{"@type":"WebPage","@id":"https:\/\/9staedte.de\/es\/hildesheim-ciudad-patrimonio-de-la-humanidad-de-la-unesco\/ir-de-compras-y-salir-por-hildesheim\/","url":"https:\/\/9staedte.de\/es\/hildesheim-ciudad-patrimonio-de-la-humanidad-de-la-unesco\/ir-de-compras-y-salir-por-hildesheim\/","name":"Ir de compras y salir por Hildesheim - 9 St\u00e4dte in Niedersachsen","isPartOf":{"@id":"https:\/\/9staedte.de\/es\/#website"},"primaryImageOfPage":{"@id":"https:\/\/9staedte.de\/es\/hildesheim-ciudad-patrimonio-de-la-humanidad-de-la-unesco\/ir-de-compras-y-salir-por-hildesheim\/#primaryimage"},"image":{"@id":"https:\/\/9staedte.de\/es\/hildesheim-ciudad-patrimonio-de-la-humanidad-de-la-unesco\/ir-de-compras-y-salir-por-hildesheim\/#primaryimage"},"thumbnailUrl":"https:\/\/9staedte.de\/wp-content\/uploads\/2023\/03\/Shopping-\u00a9Hildesheim-Marketing-Foto-Bierwagen.jpg","datePublished":"2023-11-02T08:49:47+00:00","dateModified":"2023-11-02T17:16:44+00:00","breadcrumb":{"@id":"https:\/\/9staedte.de\/es\/hildesheim-ciudad-patrimonio-de-la-humanidad-de-la-unesco\/ir-de-compras-y-salir-por-hildesheim\/#breadcrumb"},"inLanguage":"es","potentialAction":[{"@type":"ReadAction","target":["https:\/\/9staedte.de\/es\/hildesheim-ciudad-patrimonio-de-la-humanidad-de-la-unesco\/ir-de-compras-y-salir-por-hildesheim\/"]}]},{"@type":"ImageObject","inLanguage":"es","@id":"https:\/\/9staedte.de\/es\/hildesheim-ciudad-patrimonio-de-la-humanidad-de-la-unesco\/ir-de-compras-y-salir-por-hildesheim\/#primaryimage","url":"https:\/\/9staedte.de\/wp-content\/uploads\/2023\/03\/Shopping-\u00a9Hildesheim-Marketing-Foto-Bierwagen.jpg","contentUrl":"https:\/\/9staedte.de\/wp-content\/uploads\/2023\/03\/Shopping-\u00a9Hildesheim-Marketing-Foto-Bierwagen.jpg","width":1020,"height":560,"caption":"Shopping \u00a9Hildesheim Marketing, Foto Bierwagen"},{"@type":"BreadcrumbList","@id":"https:\/\/9staedte.de\/es\/hildesheim-ciudad-patrimonio-de-la-humanidad-de-la-unesco\/ir-de-compras-y-salir-por-hildesheim\/#breadcrumb","itemListElement":[{"@type":"ListItem","position":1,"name":"Startseite","item":"https:\/\/9staedte.de\/es\/"},{"@type":"ListItem","position":2,"name":"Hildesheim &#8211; Ciudad Patrimonio de la Humanidad de la UNESCO","item":"https:\/\/9staedte.de\/es\/hildesheim-ciudad-patrimonio-de-la-humanidad-de-la-unesco\/"},{"@type":"ListItem","position":3,"name":"Ir de compras y salir por Hildesheim"}]},{"@type":"WebSite","@id":"https:\/\/9staedte.de\/es\/#website","url":"https:\/\/9staedte.de\/es\/","name":"9 St\u00e4dte in Niedersachsen","description":"","publisher":{"@id":"https:\/\/9staedte.de\/es\/#organization"},"potentialAction":[{"@type":"SearchAction","target":{"@type":"EntryPoint","urlTemplate":"https:\/\/9staedte.de\/es\/?s={search_term_string}"},"query-input":{"@type":"PropertyValueSpecification","valueRequired":true,"valueName":"search_term_string"}}],"inLanguage":"es"},{"@type":"Organization","@id":"https:\/\/9staedte.de\/es\/#organization","name":"9 St\u00e4dte in Niedersachsen","url":"https:\/\/9staedte.de\/es\/","logo":{"@type":"ImageObject","inLanguage":"es","@id":"https:\/\/9staedte.de\/es\/#\/schema\/logo\/image\/","url":"https:\/\/9staedte.de\/wp-content\/uploads\/2025\/01\/9-neg-deutsch-2-1.png","contentUrl":"https:\/\/9staedte.de\/wp-content\/uploads\/2025\/01\/9-neg-deutsch-2-1.png","width":190,"height":114,"caption":"9 St\u00e4dte in Niedersachsen"},"image":{"@id":"https:\/\/9staedte.de\/es\/#\/schema\/logo\/image\/"}}]}},"_links":{"self":[{"href":"https:\/\/9staedte.de\/es\/wp-json\/wp\/v2\/pages\/17606","targetHints":{"allow":["GET"]}}],"collection":[{"href":"https:\/\/9staedte.de\/es\/wp-json\/wp\/v2\/pages"}],"about":[{"href":"https:\/\/9staedte.de\/es\/wp-json\/wp\/v2\/types\/page"}],"author":[{"embeddable":true,"href":"https:\/\/9staedte.de\/es\/wp-json\/wp\/v2\/users\/1"}],"replies":[{"embeddable":true,"href":"https:\/\/9staedte.de\/es\/wp-json\/wp\/v2\/comments?post=17606"}],"version-history":[{"count":1,"href":"https:\/\/9staedte.de\/es\/wp-json\/wp\/v2\/pages\/17606\/revisions"}],"predecessor-version":[{"id":19971,"href":"https:\/\/9staedte.de\/es\/wp-json\/wp\/v2\/pages\/17606\/revisions\/19971"}],"up":[{"embeddable":true,"href":"https:\/\/9staedte.de\/es\/wp-json\/wp\/v2\/pages\/17958"}],"wp:featuredmedia":[{"embeddable":true,"href":"https:\/\/9staedte.de\/es\/wp-json\/wp\/v2\/media\/17618"}],"wp:attachment":[{"href":"https:\/\/9staedte.de\/es\/wp-json\/wp\/v2\/media?parent=17606"}],"wp:term":[{"taxonomy":"category","embeddable":true,"href":"https:\/\/9staedte.de\/es\/wp-json\/wp\/v2\/categories?post=17606"},{"taxonomy":"post_tag","embeddable":true,"href":"https:\/\/9staedte.de\/es\/wp-json\/wp\/v2\/tags?post=17606"},{"taxonomy":"ncap_cities_tax","embeddable":true,"href":"https:\/\/9staedte.de\/es\/wp-json\/wp\/v2\/ncap_cities_tax?post=17606"}],"curies":[{"name":"wp","href":"https:\/\/api.w.org\/{rel}","templated":true}]}}