{"id":17604,"date":"2023-11-02T09:49:47","date_gmt":"2023-11-02T08:49:47","guid":{"rendered":"https:\/\/9staedte.de\/ir-de-compras-y-salir-por-hameln\/"},"modified":"2025-08-20T10:16:50","modified_gmt":"2025-08-20T08:16:50","slug":"ir-de-compras-y-salir-por-hameln","status":"publish","type":"page","link":"https:\/\/9staedte.de\/es\/hamelin-la-legendaria-ciudad-del-flautista-de-hamelin\/ir-de-compras-y-salir-por-hameln\/","title":{"rendered":"Ir de compras y salir por Hameln"},"content":{"rendered":"\n<h2 class=\"wp-block-heading\">De compras por Hamel\u00edn, la ciudad del flautista de Hamel\u00edn<\/h2>\n\n<p>Con sus 60.000 habitantes, la ciudad no s\u00f3lo es un centro econ\u00f3mico, cultural y tur\u00edstico, sino tambi\u00e9n el centro comercial de la regi\u00f3n de Weserbergland, que ofrece diversi\u00f3n para ir de compras en la ciudad del Flautista de Hamel\u00edn. Compare el ambiente comercial \u00fanico del centro hist\u00f3rico con el de otras ciudades. T\u00f3mese su tiempo para ir de compras tranquilamente, disfrutar de un refresco en un caf\u00e9 o simplemente contemplar el animado bullicio frente a los magn\u00edficos edificios de arenisca y entramado de madera de los siglos XVI al XVIII.<\/p>\n\n\n<div class=\"banner-wrapper\">\n  <div class=\"banner-inner \">\n      <div class=\"img-container\">\n      <div class=\"img-wrapper\">\n        <img decoding=\"async\" src=\"https:\/\/9staedte.de\/wp-content\/smush-webp\/2023\/02\/Altstadt-mit-Flair-c-HMT.jpg.webp\" alt=\"La imagen muestra un caf\u00e9 en el casco antiguo de Hameln. Tres mujeres j\u00f3venes est\u00e1n sentadas afuera y r\u00eden. Una camarera trae bebidas. Detr\u00e1s hay una casa antigua con entramado de madera. Se ven muchas ventanas y una puerta grande. Hace sol y buen tiempo.\" \/>\n                  <div class=\"thumbnail-label\">\n            <span>Hameln Altstadt mit Flair c) HMT<\/span>\n          <\/div>\n              <\/div>\n    <\/div>\n        <div class=\"text-container\">\n      <div class=\"content\">\n        <h2 class=\"h3\">Consejos para ir de compras y salir por Hameln:<\/h2>\n<h3>De compras:<\/h3>\n<ul>\n<li>Casco antiguo con amplia zona peatonal y encantadoras callejuelas<\/li>\n<li>Hefehof: Hermoso y antiguo edificio industrial con comercios y mucho m\u00e1s.<\/li>\n<li>Galer\u00eda de la ciudad<\/li>\n<\/ul>\n<h3>Salir:<\/h3>\n<ul>\n<li>La isla, cervecer\u00eda en el Werder<\/li>\n<li>Touch (bar y c\u00f3cteles)<\/li>\n<li>Mo&#8217;s (bar de c\u00f3cteles)<\/li>\n<li>CineTeatro Maxx<\/li>\n<li>Brecke (pub y m\u00e1s)<\/li>\n<\/ul>\n<p><a href=\"https:\/\/www.hameln.de\/\" target=\"_blank\" rel=\"noopener\">Echa un vistazo aqu\u00ed<\/a><\/p>\n      <\/div>\n    <\/div>\n    <\/div>\n<\/div>\n\n","protected":false},"excerpt":{"rendered":"<p>De compras por Hamel\u00edn, la ciudad del flautista de Hamel\u00edn Con sus 60.000 habitantes, la ciudad no s\u00f3lo es un centro econ\u00f3mico, cultural y tur\u00edstico, sino tambi\u00e9n el centro comercial de la regi\u00f3n de Weserbergland, que ofrece diversi\u00f3n para ir de compras en la ciudad del Flautista de Hamel\u00edn. Compare el ambiente comercial \u00fanico del [&hellip;]<\/p>\n","protected":false},"author":1,"featured_media":17609,"parent":17959,"menu_order":0,"comment_status":"closed","ping_status":"closed","template":"pagetemplates\/template-stadtthema.php","meta":{"_acf_changed":false,"footnotes":""},"categories":[],"tags":[],"ncap_cities_tax":[451,786],"class_list":["post-17604","page","type-page","status-publish","has-post-thumbnail","hentry","ncap_cities_tax-hameln-es","ncap_cities_tax-shopping-und-ausgehen-hameln-es"],"acf":[],"yoast_head":"<!-- This site is optimized with the Yoast SEO plugin v27.4 - https:\/\/yoast.com\/product\/yoast-seo-wordpress\/ -->\n<title>Ir de compras y salir por Hameln - 9 St\u00e4dte in Niedersachsen<\/title>\n<meta name=\"robots\" content=\"index, follow, max-snippet:-1, max-image-preview:large, max-video-preview:-1\" \/>\n<link rel=\"canonical\" href=\"https:\/\/9staedte.de\/es\/hamelin-la-legendaria-ciudad-del-flautista-de-hamelin\/ir-de-compras-y-salir-por-hameln\/\" \/>\n<meta property=\"og:locale\" content=\"es_ES\" \/>\n<meta property=\"og:type\" content=\"article\" \/>\n<meta property=\"og:title\" content=\"Ir de compras y salir por Hameln - 9 St\u00e4dte in Niedersachsen\" \/>\n<meta property=\"og:description\" content=\"De compras por Hamel\u00edn, la ciudad del flautista de Hamel\u00edn Con sus 60.000 habitantes, la ciudad no s\u00f3lo es un centro econ\u00f3mico, cultural y tur\u00edstico, sino tambi\u00e9n el centro comercial de la regi\u00f3n de Weserbergland, que ofrece diversi\u00f3n para ir de compras en la ciudad del Flautista de Hamel\u00edn. Compare el ambiente comercial \u00fanico del [&hellip;]\" \/>\n<meta property=\"og:url\" content=\"https:\/\/9staedte.de\/es\/hamelin-la-legendaria-ciudad-del-flautista-de-hamelin\/ir-de-compras-y-salir-por-hameln\/\" \/>\n<meta property=\"og:site_name\" content=\"9 St\u00e4dte in Niedersachsen\" \/>\n<meta property=\"article:modified_time\" content=\"2025-08-20T08:16:50+00:00\" \/>\n<meta property=\"og:image\" content=\"https:\/\/9staedte.de\/wp-content\/uploads\/2023\/02\/Einkaufen-in-Hameln-c-HMT-Sabrina-Stoeckli.jpg\" \/>\n\t<meta property=\"og:image:width\" content=\"1020\" \/>\n\t<meta property=\"og:image:height\" content=\"561\" \/>\n\t<meta property=\"og:image:type\" content=\"image\/jpeg\" \/>\n<meta name=\"twitter:card\" content=\"summary_large_image\" \/>\n<meta name=\"twitter:label1\" content=\"Tiempo de lectura\" \/>\n\t<meta name=\"twitter:data1\" content=\"1 minuto\" \/>\n<script type=\"application\/ld+json\" class=\"yoast-schema-graph\">{\"@context\":\"https:\\\/\\\/schema.org\",\"@graph\":[{\"@type\":\"WebPage\",\"@id\":\"https:\\\/\\\/9staedte.de\\\/es\\\/hamelin-la-legendaria-ciudad-del-flautista-de-hamelin\\\/ir-de-compras-y-salir-por-hameln\\\/\",\"url\":\"https:\\\/\\\/9staedte.de\\\/es\\\/hamelin-la-legendaria-ciudad-del-flautista-de-hamelin\\\/ir-de-compras-y-salir-por-hameln\\\/\",\"name\":\"Ir de compras y salir por Hameln - 9 St\u00e4dte in Niedersachsen\",\"isPartOf\":{\"@id\":\"https:\\\/\\\/9staedte.de\\\/es\\\/#website\"},\"primaryImageOfPage\":{\"@id\":\"https:\\\/\\\/9staedte.de\\\/es\\\/hamelin-la-legendaria-ciudad-del-flautista-de-hamelin\\\/ir-de-compras-y-salir-por-hameln\\\/#primaryimage\"},\"image\":{\"@id\":\"https:\\\/\\\/9staedte.de\\\/es\\\/hamelin-la-legendaria-ciudad-del-flautista-de-hamelin\\\/ir-de-compras-y-salir-por-hameln\\\/#primaryimage\"},\"thumbnailUrl\":\"https:\\\/\\\/9staedte.de\\\/wp-content\\\/uploads\\\/2023\\\/02\\\/Einkaufen-in-Hameln-c-HMT-Sabrina-Stoeckli.jpg\",\"datePublished\":\"2023-11-02T08:49:47+00:00\",\"dateModified\":\"2025-08-20T08:16:50+00:00\",\"breadcrumb\":{\"@id\":\"https:\\\/\\\/9staedte.de\\\/es\\\/hamelin-la-legendaria-ciudad-del-flautista-de-hamelin\\\/ir-de-compras-y-salir-por-hameln\\\/#breadcrumb\"},\"inLanguage\":\"es\",\"potentialAction\":[{\"@type\":\"ReadAction\",\"target\":[\"https:\\\/\\\/9staedte.de\\\/es\\\/hamelin-la-legendaria-ciudad-del-flautista-de-hamelin\\\/ir-de-compras-y-salir-por-hameln\\\/\"]}]},{\"@type\":\"ImageObject\",\"inLanguage\":\"es\",\"@id\":\"https:\\\/\\\/9staedte.de\\\/es\\\/hamelin-la-legendaria-ciudad-del-flautista-de-hamelin\\\/ir-de-compras-y-salir-por-hameln\\\/#primaryimage\",\"url\":\"https:\\\/\\\/9staedte.de\\\/wp-content\\\/uploads\\\/2023\\\/02\\\/Einkaufen-in-Hameln-c-HMT-Sabrina-Stoeckli.jpg\",\"contentUrl\":\"https:\\\/\\\/9staedte.de\\\/wp-content\\\/uploads\\\/2023\\\/02\\\/Einkaufen-in-Hameln-c-HMT-Sabrina-Stoeckli.jpg\",\"width\":1020,\"height\":561,\"caption\":\"Einkaufen in Hameln c) HMT Sabrina Stoeckli\"},{\"@type\":\"BreadcrumbList\",\"@id\":\"https:\\\/\\\/9staedte.de\\\/es\\\/hamelin-la-legendaria-ciudad-del-flautista-de-hamelin\\\/ir-de-compras-y-salir-por-hameln\\\/#breadcrumb\",\"itemListElement\":[{\"@type\":\"ListItem\",\"position\":1,\"name\":\"Startseite\",\"item\":\"https:\\\/\\\/9staedte.de\\\/es\\\/\"},{\"@type\":\"ListItem\",\"position\":2,\"name\":\"Hamelin &#8211; La legendaria ciudad del flautista de Hamelin\",\"item\":\"https:\\\/\\\/9staedte.de\\\/es\\\/hamelin-la-legendaria-ciudad-del-flautista-de-hamelin\\\/\"},{\"@type\":\"ListItem\",\"position\":3,\"name\":\"Ir de compras y salir por Hameln\"}]},{\"@type\":\"WebSite\",\"@id\":\"https:\\\/\\\/9staedte.de\\\/es\\\/#website\",\"url\":\"https:\\\/\\\/9staedte.de\\\/es\\\/\",\"name\":\"9 St\u00e4dte in Niedersachsen\",\"description\":\"\",\"publisher\":{\"@id\":\"https:\\\/\\\/9staedte.de\\\/es\\\/#organization\"},\"potentialAction\":[{\"@type\":\"SearchAction\",\"target\":{\"@type\":\"EntryPoint\",\"urlTemplate\":\"https:\\\/\\\/9staedte.de\\\/es\\\/?s={search_term_string}\"},\"query-input\":{\"@type\":\"PropertyValueSpecification\",\"valueRequired\":true,\"valueName\":\"search_term_string\"}}],\"inLanguage\":\"es\"},{\"@type\":\"Organization\",\"@id\":\"https:\\\/\\\/9staedte.de\\\/es\\\/#organization\",\"name\":\"9 St\u00e4dte in Niedersachsen\",\"url\":\"https:\\\/\\\/9staedte.de\\\/es\\\/\",\"logo\":{\"@type\":\"ImageObject\",\"inLanguage\":\"es\",\"@id\":\"https:\\\/\\\/9staedte.de\\\/es\\\/#\\\/schema\\\/logo\\\/image\\\/\",\"url\":\"https:\\\/\\\/9staedte.de\\\/wp-content\\\/uploads\\\/2025\\\/01\\\/9-neg-deutsch-2-1.png\",\"contentUrl\":\"https:\\\/\\\/9staedte.de\\\/wp-content\\\/uploads\\\/2025\\\/01\\\/9-neg-deutsch-2-1.png\",\"width\":190,\"height\":114,\"caption\":\"9 St\u00e4dte in Niedersachsen\"},\"image\":{\"@id\":\"https:\\\/\\\/9staedte.de\\\/es\\\/#\\\/schema\\\/logo\\\/image\\\/\"}}]}<\/script>\n<!-- \/ Yoast SEO plugin. -->","yoast_head_json":{"title":"Ir de compras y salir por Hameln - 9 St\u00e4dte in Niedersachsen","robots":{"index":"index","follow":"follow","max-snippet":"max-snippet:-1","max-image-preview":"max-image-preview:large","max-video-preview":"max-video-preview:-1"},"canonical":"https:\/\/9staedte.de\/es\/hamelin-la-legendaria-ciudad-del-flautista-de-hamelin\/ir-de-compras-y-salir-por-hameln\/","og_locale":"es_ES","og_type":"article","og_title":"Ir de compras y salir por Hameln - 9 St\u00e4dte in Niedersachsen","og_description":"De compras por Hamel\u00edn, la ciudad del flautista de Hamel\u00edn Con sus 60.000 habitantes, la ciudad no s\u00f3lo es un centro econ\u00f3mico, cultural y tur\u00edstico, sino tambi\u00e9n el centro comercial de la regi\u00f3n de Weserbergland, que ofrece diversi\u00f3n para ir de compras en la ciudad del Flautista de Hamel\u00edn. Compare el ambiente comercial \u00fanico del [&hellip;]","og_url":"https:\/\/9staedte.de\/es\/hamelin-la-legendaria-ciudad-del-flautista-de-hamelin\/ir-de-compras-y-salir-por-hameln\/","og_site_name":"9 St\u00e4dte in Niedersachsen","article_modified_time":"2025-08-20T08:16:50+00:00","og_image":[{"width":1020,"height":561,"url":"https:\/\/9staedte.de\/wp-content\/uploads\/2023\/02\/Einkaufen-in-Hameln-c-HMT-Sabrina-Stoeckli.jpg","type":"image\/jpeg"}],"twitter_card":"summary_large_image","twitter_misc":{"Tiempo de lectura":"1 minuto"},"schema":{"@context":"https:\/\/schema.org","@graph":[{"@type":"WebPage","@id":"https:\/\/9staedte.de\/es\/hamelin-la-legendaria-ciudad-del-flautista-de-hamelin\/ir-de-compras-y-salir-por-hameln\/","url":"https:\/\/9staedte.de\/es\/hamelin-la-legendaria-ciudad-del-flautista-de-hamelin\/ir-de-compras-y-salir-por-hameln\/","name":"Ir de compras y salir por Hameln - 9 St\u00e4dte in Niedersachsen","isPartOf":{"@id":"https:\/\/9staedte.de\/es\/#website"},"primaryImageOfPage":{"@id":"https:\/\/9staedte.de\/es\/hamelin-la-legendaria-ciudad-del-flautista-de-hamelin\/ir-de-compras-y-salir-por-hameln\/#primaryimage"},"image":{"@id":"https:\/\/9staedte.de\/es\/hamelin-la-legendaria-ciudad-del-flautista-de-hamelin\/ir-de-compras-y-salir-por-hameln\/#primaryimage"},"thumbnailUrl":"https:\/\/9staedte.de\/wp-content\/uploads\/2023\/02\/Einkaufen-in-Hameln-c-HMT-Sabrina-Stoeckli.jpg","datePublished":"2023-11-02T08:49:47+00:00","dateModified":"2025-08-20T08:16:50+00:00","breadcrumb":{"@id":"https:\/\/9staedte.de\/es\/hamelin-la-legendaria-ciudad-del-flautista-de-hamelin\/ir-de-compras-y-salir-por-hameln\/#breadcrumb"},"inLanguage":"es","potentialAction":[{"@type":"ReadAction","target":["https:\/\/9staedte.de\/es\/hamelin-la-legendaria-ciudad-del-flautista-de-hamelin\/ir-de-compras-y-salir-por-hameln\/"]}]},{"@type":"ImageObject","inLanguage":"es","@id":"https:\/\/9staedte.de\/es\/hamelin-la-legendaria-ciudad-del-flautista-de-hamelin\/ir-de-compras-y-salir-por-hameln\/#primaryimage","url":"https:\/\/9staedte.de\/wp-content\/uploads\/2023\/02\/Einkaufen-in-Hameln-c-HMT-Sabrina-Stoeckli.jpg","contentUrl":"https:\/\/9staedte.de\/wp-content\/uploads\/2023\/02\/Einkaufen-in-Hameln-c-HMT-Sabrina-Stoeckli.jpg","width":1020,"height":561,"caption":"Einkaufen in Hameln c) HMT Sabrina Stoeckli"},{"@type":"BreadcrumbList","@id":"https:\/\/9staedte.de\/es\/hamelin-la-legendaria-ciudad-del-flautista-de-hamelin\/ir-de-compras-y-salir-por-hameln\/#breadcrumb","itemListElement":[{"@type":"ListItem","position":1,"name":"Startseite","item":"https:\/\/9staedte.de\/es\/"},{"@type":"ListItem","position":2,"name":"Hamelin &#8211; La legendaria ciudad del flautista de Hamelin","item":"https:\/\/9staedte.de\/es\/hamelin-la-legendaria-ciudad-del-flautista-de-hamelin\/"},{"@type":"ListItem","position":3,"name":"Ir de compras y salir por Hameln"}]},{"@type":"WebSite","@id":"https:\/\/9staedte.de\/es\/#website","url":"https:\/\/9staedte.de\/es\/","name":"9 St\u00e4dte in Niedersachsen","description":"","publisher":{"@id":"https:\/\/9staedte.de\/es\/#organization"},"potentialAction":[{"@type":"SearchAction","target":{"@type":"EntryPoint","urlTemplate":"https:\/\/9staedte.de\/es\/?s={search_term_string}"},"query-input":{"@type":"PropertyValueSpecification","valueRequired":true,"valueName":"search_term_string"}}],"inLanguage":"es"},{"@type":"Organization","@id":"https:\/\/9staedte.de\/es\/#organization","name":"9 St\u00e4dte in Niedersachsen","url":"https:\/\/9staedte.de\/es\/","logo":{"@type":"ImageObject","inLanguage":"es","@id":"https:\/\/9staedte.de\/es\/#\/schema\/logo\/image\/","url":"https:\/\/9staedte.de\/wp-content\/uploads\/2025\/01\/9-neg-deutsch-2-1.png","contentUrl":"https:\/\/9staedte.de\/wp-content\/uploads\/2025\/01\/9-neg-deutsch-2-1.png","width":190,"height":114,"caption":"9 St\u00e4dte in Niedersachsen"},"image":{"@id":"https:\/\/9staedte.de\/es\/#\/schema\/logo\/image\/"}}]}},"_links":{"self":[{"href":"https:\/\/9staedte.de\/es\/wp-json\/wp\/v2\/pages\/17604","targetHints":{"allow":["GET"]}}],"collection":[{"href":"https:\/\/9staedte.de\/es\/wp-json\/wp\/v2\/pages"}],"about":[{"href":"https:\/\/9staedte.de\/es\/wp-json\/wp\/v2\/types\/page"}],"author":[{"embeddable":true,"href":"https:\/\/9staedte.de\/es\/wp-json\/wp\/v2\/users\/1"}],"replies":[{"embeddable":true,"href":"https:\/\/9staedte.de\/es\/wp-json\/wp\/v2\/comments?post=17604"}],"version-history":[{"count":3,"href":"https:\/\/9staedte.de\/es\/wp-json\/wp\/v2\/pages\/17604\/revisions"}],"predecessor-version":[{"id":26780,"href":"https:\/\/9staedte.de\/es\/wp-json\/wp\/v2\/pages\/17604\/revisions\/26780"}],"up":[{"embeddable":true,"href":"https:\/\/9staedte.de\/es\/wp-json\/wp\/v2\/pages\/17959"}],"wp:featuredmedia":[{"embeddable":true,"href":"https:\/\/9staedte.de\/es\/wp-json\/wp\/v2\/media\/17609"}],"wp:attachment":[{"href":"https:\/\/9staedte.de\/es\/wp-json\/wp\/v2\/media?parent=17604"}],"wp:term":[{"taxonomy":"category","embeddable":true,"href":"https:\/\/9staedte.de\/es\/wp-json\/wp\/v2\/categories?post=17604"},{"taxonomy":"post_tag","embeddable":true,"href":"https:\/\/9staedte.de\/es\/wp-json\/wp\/v2\/tags?post=17604"},{"taxonomy":"ncap_cities_tax","embeddable":true,"href":"https:\/\/9staedte.de\/es\/wp-json\/wp\/v2\/ncap_cities_tax?post=17604"}],"curies":[{"name":"wp","href":"https:\/\/api.w.org\/{rel}","templated":true}]}}