{"id":17578,"date":"2023-11-02T09:49:45","date_gmt":"2023-11-02T08:49:45","guid":{"rendered":"https:\/\/9staedte.de\/ir-de-compras-y-salir-por-goettingen\/"},"modified":"2025-05-15T17:04:04","modified_gmt":"2025-05-15T15:04:04","slug":"ir-de-compras-y-salir-por-goettingen","status":"publish","type":"page","link":"https:\/\/9staedte.de\/es\/gottingen-ciudad-creadora-de-conocimiento\/ir-de-compras-y-salir-por-goettingen\/","title":{"rendered":"Ir de compras y salir por G\u00f6ttingen"},"content":{"rendered":"\n<h2 class=\"wp-block-heading\">Experiencia de compra en Gotinga: ir de compras con estilo<\/h2>\n\n<p>Compre y disfrute: durante todo el a\u00f1o podr\u00e1 disfrutar del ambiente adecuado para ir de compras por G\u00f6ttingen sin estr\u00e9s. El casco hist\u00f3rico, con su ayuntamiento medieval, iglesias, casas con entramado de madera, pubs y caf\u00e9s callejeros, es un lugar que invita a pasear y visitar. Grandes y peque\u00f1as tiendas especializadas ofrecen variedad y servicio. Teatros, festivales, eventos al aire libre y cines prometen diversi\u00f3n art\u00edstica y descanso para todos los gustos.   <\/p>\n\n\n<div class=\"banner-wrapper\">\n  <div class=\"banner-inner \">\n      <div class=\"img-container\">\n      <div class=\"img-wrapper\">\n        <img decoding=\"async\" src=\"https:\/\/9staedte.de\/wp-content\/smush-webp\/2023\/02\/aboutcities-goettingen-shopping-woggon7.jpg.webp\" alt=\"La imagen muestra una tienda de ropa. Muchas camisas y blusas de colores cuelgan en percheros. Al fondo hay ropa doblada. La tienda tiene luz c\u00e1lida y paredes de ladrillo.\" \/>\n                  <div class=\"thumbnail-label\">\n            <span>goettingen-shopping-woggon7<\/span>\n          <\/div>\n              <\/div>\n    <\/div>\n        <div class=\"text-container\">\n      <div class=\"content\">\n        <h3>9 consejos para ir de compras y salir<\/h3>\n<p><strong>Ir de compras y salir por G\u00f6ttingen: diversidad cultural y tradici\u00f3n<\/strong><\/p>\n<ul>\n<li>Tiendas especiales en el casco antiguo<\/li>\n<li>Restaurantes tradicionales y de moda, pubs para estudiantes<\/li>\n<li>Mercados semanales<\/li>\n<li>G\u00e4nselieselfest &#8211; Domingo de puertas abiertas<\/li>\n<li>Festival Internacional de Haendel<\/li>\n<li>Festival de Jazz<\/li>\n<li>Oto\u00f1o literario<\/li>\n<li>Noche de la Cultura<\/li>\n<li>Gran mercado navide\u00f1o<\/li>\n<\/ul>\n      <\/div>\n    <\/div>\n    <\/div>\n<\/div>\n\n\n<p><a href=\"https:\/\/www.goettingen-tourismus.de\/uebernachten\/pauschalen-angebote\/bummeln-geniessen\/#\/de\/goettingen-tourismus\/default\/detail\/Package\/k_7663\/x\" target=\"_blank\" rel=\"noreferrer noopener\">Para m\u00e1s informaci\u00f3n:<\/a><\/p>\n","protected":false},"excerpt":{"rendered":"<p>Experiencia de compra en Gotinga: ir de compras con estilo Compre y disfrute: durante todo el a\u00f1o podr\u00e1 disfrutar del ambiente adecuado para ir de compras por G\u00f6ttingen sin estr\u00e9s. El casco hist\u00f3rico, con su ayuntamiento medieval, iglesias, casas con entramado de madera, pubs y caf\u00e9s callejeros, es un lugar que invita a pasear y [&hellip;]<\/p>\n","protected":false},"author":1,"featured_media":17584,"parent":18032,"menu_order":0,"comment_status":"closed","ping_status":"closed","template":"pagetemplates\/template-stadtthema.php","meta":{"_acf_changed":false,"footnotes":""},"categories":[],"tags":[],"ncap_cities_tax":[437,772],"class_list":["post-17578","page","type-page","status-publish","has-post-thumbnail","hentry","ncap_cities_tax-goettingen-es","ncap_cities_tax-shopping-und-ausgehen-goettingen-es"],"acf":[],"yoast_head":"<!-- This site is optimized with the Yoast SEO plugin v27.4 - https:\/\/yoast.com\/product\/yoast-seo-wordpress\/ -->\n<title>Ir de compras y salir por G\u00f6ttingen - 9 St\u00e4dte in Niedersachsen<\/title>\n<meta name=\"robots\" content=\"index, follow, max-snippet:-1, max-image-preview:large, max-video-preview:-1\" \/>\n<link rel=\"canonical\" href=\"https:\/\/9staedte.de\/es\/gottingen-ciudad-creadora-de-conocimiento\/ir-de-compras-y-salir-por-goettingen\/\" \/>\n<meta property=\"og:locale\" content=\"es_ES\" \/>\n<meta property=\"og:type\" content=\"article\" \/>\n<meta property=\"og:title\" content=\"Ir de compras y salir por G\u00f6ttingen - 9 St\u00e4dte in Niedersachsen\" \/>\n<meta property=\"og:description\" content=\"Experiencia de compra en Gotinga: ir de compras con estilo Compre y disfrute: durante todo el a\u00f1o podr\u00e1 disfrutar del ambiente adecuado para ir de compras por G\u00f6ttingen sin estr\u00e9s. El casco hist\u00f3rico, con su ayuntamiento medieval, iglesias, casas con entramado de madera, pubs y caf\u00e9s callejeros, es un lugar que invita a pasear y [&hellip;]\" \/>\n<meta property=\"og:url\" content=\"https:\/\/9staedte.de\/es\/gottingen-ciudad-creadora-de-conocimiento\/ir-de-compras-y-salir-por-goettingen\/\" \/>\n<meta property=\"og:site_name\" content=\"9 St\u00e4dte in Niedersachsen\" \/>\n<meta property=\"article:modified_time\" content=\"2025-05-15T15:04:04+00:00\" \/>\n<meta property=\"og:image\" content=\"https:\/\/9staedte.de\/wp-content\/uploads\/2023\/02\/Ausgehen-in-Goettingen-c-Goettingen-Tourismus-Lars-Gerhardts.jpg\" \/>\n\t<meta property=\"og:image:width\" content=\"1020\" \/>\n\t<meta property=\"og:image:height\" content=\"560\" \/>\n\t<meta property=\"og:image:type\" content=\"image\/jpeg\" \/>\n<meta name=\"twitter:card\" content=\"summary_large_image\" \/>\n<meta name=\"twitter:label1\" content=\"Tiempo de lectura\" \/>\n\t<meta name=\"twitter:data1\" content=\"1 minuto\" \/>\n<script type=\"application\/ld+json\" class=\"yoast-schema-graph\">{\"@context\":\"https:\\\/\\\/schema.org\",\"@graph\":[{\"@type\":\"WebPage\",\"@id\":\"https:\\\/\\\/9staedte.de\\\/es\\\/gottingen-ciudad-creadora-de-conocimiento\\\/ir-de-compras-y-salir-por-goettingen\\\/\",\"url\":\"https:\\\/\\\/9staedte.de\\\/es\\\/gottingen-ciudad-creadora-de-conocimiento\\\/ir-de-compras-y-salir-por-goettingen\\\/\",\"name\":\"Ir de compras y salir por G\u00f6ttingen - 9 St\u00e4dte in Niedersachsen\",\"isPartOf\":{\"@id\":\"https:\\\/\\\/9staedte.de\\\/es\\\/#website\"},\"primaryImageOfPage\":{\"@id\":\"https:\\\/\\\/9staedte.de\\\/es\\\/gottingen-ciudad-creadora-de-conocimiento\\\/ir-de-compras-y-salir-por-goettingen\\\/#primaryimage\"},\"image\":{\"@id\":\"https:\\\/\\\/9staedte.de\\\/es\\\/gottingen-ciudad-creadora-de-conocimiento\\\/ir-de-compras-y-salir-por-goettingen\\\/#primaryimage\"},\"thumbnailUrl\":\"https:\\\/\\\/9staedte.de\\\/wp-content\\\/uploads\\\/2023\\\/02\\\/Ausgehen-in-Goettingen-c-Goettingen-Tourismus-Lars-Gerhardts.jpg\",\"datePublished\":\"2023-11-02T08:49:45+00:00\",\"dateModified\":\"2025-05-15T15:04:04+00:00\",\"breadcrumb\":{\"@id\":\"https:\\\/\\\/9staedte.de\\\/es\\\/gottingen-ciudad-creadora-de-conocimiento\\\/ir-de-compras-y-salir-por-goettingen\\\/#breadcrumb\"},\"inLanguage\":\"es\",\"potentialAction\":[{\"@type\":\"ReadAction\",\"target\":[\"https:\\\/\\\/9staedte.de\\\/es\\\/gottingen-ciudad-creadora-de-conocimiento\\\/ir-de-compras-y-salir-por-goettingen\\\/\"]}]},{\"@type\":\"ImageObject\",\"inLanguage\":\"es\",\"@id\":\"https:\\\/\\\/9staedte.de\\\/es\\\/gottingen-ciudad-creadora-de-conocimiento\\\/ir-de-compras-y-salir-por-goettingen\\\/#primaryimage\",\"url\":\"https:\\\/\\\/9staedte.de\\\/wp-content\\\/uploads\\\/2023\\\/02\\\/Ausgehen-in-Goettingen-c-Goettingen-Tourismus-Lars-Gerhardts.jpg\",\"contentUrl\":\"https:\\\/\\\/9staedte.de\\\/wp-content\\\/uploads\\\/2023\\\/02\\\/Ausgehen-in-Goettingen-c-Goettingen-Tourismus-Lars-Gerhardts.jpg\",\"width\":1020,\"height\":560,\"caption\":\"Ausgehen in G\u00f6ttingen c) G\u00f6ttingen Tourismus Lars Gerhardts\"},{\"@type\":\"BreadcrumbList\",\"@id\":\"https:\\\/\\\/9staedte.de\\\/es\\\/gottingen-ciudad-creadora-de-conocimiento\\\/ir-de-compras-y-salir-por-goettingen\\\/#breadcrumb\",\"itemListElement\":[{\"@type\":\"ListItem\",\"position\":1,\"name\":\"Startseite\",\"item\":\"https:\\\/\\\/9staedte.de\\\/es\\\/\"},{\"@type\":\"ListItem\",\"position\":2,\"name\":\"G\u00f6ttingen &#8211; Ciudad creadora de conocimiento\",\"item\":\"https:\\\/\\\/9staedte.de\\\/es\\\/gottingen-ciudad-creadora-de-conocimiento\\\/\"},{\"@type\":\"ListItem\",\"position\":3,\"name\":\"Ir de compras y salir por G\u00f6ttingen\"}]},{\"@type\":\"WebSite\",\"@id\":\"https:\\\/\\\/9staedte.de\\\/es\\\/#website\",\"url\":\"https:\\\/\\\/9staedte.de\\\/es\\\/\",\"name\":\"9 St\u00e4dte in Niedersachsen\",\"description\":\"\",\"publisher\":{\"@id\":\"https:\\\/\\\/9staedte.de\\\/es\\\/#organization\"},\"potentialAction\":[{\"@type\":\"SearchAction\",\"target\":{\"@type\":\"EntryPoint\",\"urlTemplate\":\"https:\\\/\\\/9staedte.de\\\/es\\\/?s={search_term_string}\"},\"query-input\":{\"@type\":\"PropertyValueSpecification\",\"valueRequired\":true,\"valueName\":\"search_term_string\"}}],\"inLanguage\":\"es\"},{\"@type\":\"Organization\",\"@id\":\"https:\\\/\\\/9staedte.de\\\/es\\\/#organization\",\"name\":\"9 St\u00e4dte in Niedersachsen\",\"url\":\"https:\\\/\\\/9staedte.de\\\/es\\\/\",\"logo\":{\"@type\":\"ImageObject\",\"inLanguage\":\"es\",\"@id\":\"https:\\\/\\\/9staedte.de\\\/es\\\/#\\\/schema\\\/logo\\\/image\\\/\",\"url\":\"https:\\\/\\\/9staedte.de\\\/wp-content\\\/uploads\\\/2025\\\/01\\\/9-neg-deutsch-2-1.png\",\"contentUrl\":\"https:\\\/\\\/9staedte.de\\\/wp-content\\\/uploads\\\/2025\\\/01\\\/9-neg-deutsch-2-1.png\",\"width\":190,\"height\":114,\"caption\":\"9 St\u00e4dte in Niedersachsen\"},\"image\":{\"@id\":\"https:\\\/\\\/9staedte.de\\\/es\\\/#\\\/schema\\\/logo\\\/image\\\/\"}}]}<\/script>\n<!-- \/ Yoast SEO plugin. -->","yoast_head_json":{"title":"Ir de compras y salir por G\u00f6ttingen - 9 St\u00e4dte in Niedersachsen","robots":{"index":"index","follow":"follow","max-snippet":"max-snippet:-1","max-image-preview":"max-image-preview:large","max-video-preview":"max-video-preview:-1"},"canonical":"https:\/\/9staedte.de\/es\/gottingen-ciudad-creadora-de-conocimiento\/ir-de-compras-y-salir-por-goettingen\/","og_locale":"es_ES","og_type":"article","og_title":"Ir de compras y salir por G\u00f6ttingen - 9 St\u00e4dte in Niedersachsen","og_description":"Experiencia de compra en Gotinga: ir de compras con estilo Compre y disfrute: durante todo el a\u00f1o podr\u00e1 disfrutar del ambiente adecuado para ir de compras por G\u00f6ttingen sin estr\u00e9s. El casco hist\u00f3rico, con su ayuntamiento medieval, iglesias, casas con entramado de madera, pubs y caf\u00e9s callejeros, es un lugar que invita a pasear y [&hellip;]","og_url":"https:\/\/9staedte.de\/es\/gottingen-ciudad-creadora-de-conocimiento\/ir-de-compras-y-salir-por-goettingen\/","og_site_name":"9 St\u00e4dte in Niedersachsen","article_modified_time":"2025-05-15T15:04:04+00:00","og_image":[{"width":1020,"height":560,"url":"https:\/\/9staedte.de\/wp-content\/uploads\/2023\/02\/Ausgehen-in-Goettingen-c-Goettingen-Tourismus-Lars-Gerhardts.jpg","type":"image\/jpeg"}],"twitter_card":"summary_large_image","twitter_misc":{"Tiempo de lectura":"1 minuto"},"schema":{"@context":"https:\/\/schema.org","@graph":[{"@type":"WebPage","@id":"https:\/\/9staedte.de\/es\/gottingen-ciudad-creadora-de-conocimiento\/ir-de-compras-y-salir-por-goettingen\/","url":"https:\/\/9staedte.de\/es\/gottingen-ciudad-creadora-de-conocimiento\/ir-de-compras-y-salir-por-goettingen\/","name":"Ir de compras y salir por G\u00f6ttingen - 9 St\u00e4dte in Niedersachsen","isPartOf":{"@id":"https:\/\/9staedte.de\/es\/#website"},"primaryImageOfPage":{"@id":"https:\/\/9staedte.de\/es\/gottingen-ciudad-creadora-de-conocimiento\/ir-de-compras-y-salir-por-goettingen\/#primaryimage"},"image":{"@id":"https:\/\/9staedte.de\/es\/gottingen-ciudad-creadora-de-conocimiento\/ir-de-compras-y-salir-por-goettingen\/#primaryimage"},"thumbnailUrl":"https:\/\/9staedte.de\/wp-content\/uploads\/2023\/02\/Ausgehen-in-Goettingen-c-Goettingen-Tourismus-Lars-Gerhardts.jpg","datePublished":"2023-11-02T08:49:45+00:00","dateModified":"2025-05-15T15:04:04+00:00","breadcrumb":{"@id":"https:\/\/9staedte.de\/es\/gottingen-ciudad-creadora-de-conocimiento\/ir-de-compras-y-salir-por-goettingen\/#breadcrumb"},"inLanguage":"es","potentialAction":[{"@type":"ReadAction","target":["https:\/\/9staedte.de\/es\/gottingen-ciudad-creadora-de-conocimiento\/ir-de-compras-y-salir-por-goettingen\/"]}]},{"@type":"ImageObject","inLanguage":"es","@id":"https:\/\/9staedte.de\/es\/gottingen-ciudad-creadora-de-conocimiento\/ir-de-compras-y-salir-por-goettingen\/#primaryimage","url":"https:\/\/9staedte.de\/wp-content\/uploads\/2023\/02\/Ausgehen-in-Goettingen-c-Goettingen-Tourismus-Lars-Gerhardts.jpg","contentUrl":"https:\/\/9staedte.de\/wp-content\/uploads\/2023\/02\/Ausgehen-in-Goettingen-c-Goettingen-Tourismus-Lars-Gerhardts.jpg","width":1020,"height":560,"caption":"Ausgehen in G\u00f6ttingen c) G\u00f6ttingen Tourismus Lars Gerhardts"},{"@type":"BreadcrumbList","@id":"https:\/\/9staedte.de\/es\/gottingen-ciudad-creadora-de-conocimiento\/ir-de-compras-y-salir-por-goettingen\/#breadcrumb","itemListElement":[{"@type":"ListItem","position":1,"name":"Startseite","item":"https:\/\/9staedte.de\/es\/"},{"@type":"ListItem","position":2,"name":"G\u00f6ttingen &#8211; Ciudad creadora de conocimiento","item":"https:\/\/9staedte.de\/es\/gottingen-ciudad-creadora-de-conocimiento\/"},{"@type":"ListItem","position":3,"name":"Ir de compras y salir por G\u00f6ttingen"}]},{"@type":"WebSite","@id":"https:\/\/9staedte.de\/es\/#website","url":"https:\/\/9staedte.de\/es\/","name":"9 St\u00e4dte in Niedersachsen","description":"","publisher":{"@id":"https:\/\/9staedte.de\/es\/#organization"},"potentialAction":[{"@type":"SearchAction","target":{"@type":"EntryPoint","urlTemplate":"https:\/\/9staedte.de\/es\/?s={search_term_string}"},"query-input":{"@type":"PropertyValueSpecification","valueRequired":true,"valueName":"search_term_string"}}],"inLanguage":"es"},{"@type":"Organization","@id":"https:\/\/9staedte.de\/es\/#organization","name":"9 St\u00e4dte in Niedersachsen","url":"https:\/\/9staedte.de\/es\/","logo":{"@type":"ImageObject","inLanguage":"es","@id":"https:\/\/9staedte.de\/es\/#\/schema\/logo\/image\/","url":"https:\/\/9staedte.de\/wp-content\/uploads\/2025\/01\/9-neg-deutsch-2-1.png","contentUrl":"https:\/\/9staedte.de\/wp-content\/uploads\/2025\/01\/9-neg-deutsch-2-1.png","width":190,"height":114,"caption":"9 St\u00e4dte in Niedersachsen"},"image":{"@id":"https:\/\/9staedte.de\/es\/#\/schema\/logo\/image\/"}}]}},"_links":{"self":[{"href":"https:\/\/9staedte.de\/es\/wp-json\/wp\/v2\/pages\/17578","targetHints":{"allow":["GET"]}}],"collection":[{"href":"https:\/\/9staedte.de\/es\/wp-json\/wp\/v2\/pages"}],"about":[{"href":"https:\/\/9staedte.de\/es\/wp-json\/wp\/v2\/types\/page"}],"author":[{"embeddable":true,"href":"https:\/\/9staedte.de\/es\/wp-json\/wp\/v2\/users\/1"}],"replies":[{"embeddable":true,"href":"https:\/\/9staedte.de\/es\/wp-json\/wp\/v2\/comments?post=17578"}],"version-history":[{"count":8,"href":"https:\/\/9staedte.de\/es\/wp-json\/wp\/v2\/pages\/17578\/revisions"}],"predecessor-version":[{"id":25892,"href":"https:\/\/9staedte.de\/es\/wp-json\/wp\/v2\/pages\/17578\/revisions\/25892"}],"up":[{"embeddable":true,"href":"https:\/\/9staedte.de\/es\/wp-json\/wp\/v2\/pages\/18032"}],"wp:featuredmedia":[{"embeddable":true,"href":"https:\/\/9staedte.de\/es\/wp-json\/wp\/v2\/media\/17584"}],"wp:attachment":[{"href":"https:\/\/9staedte.de\/es\/wp-json\/wp\/v2\/media?parent=17578"}],"wp:term":[{"taxonomy":"category","embeddable":true,"href":"https:\/\/9staedte.de\/es\/wp-json\/wp\/v2\/categories?post=17578"},{"taxonomy":"post_tag","embeddable":true,"href":"https:\/\/9staedte.de\/es\/wp-json\/wp\/v2\/tags?post=17578"},{"taxonomy":"ncap_cities_tax","embeddable":true,"href":"https:\/\/9staedte.de\/es\/wp-json\/wp\/v2\/ncap_cities_tax?post=17578"}],"curies":[{"name":"wp","href":"https:\/\/api.w.org\/{rel}","templated":true}]}}