{"id":17567,"date":"2023-11-02T09:49:22","date_gmt":"2023-11-02T08:49:22","guid":{"rendered":"https:\/\/9staedte.de\/pie-de-imprenta-9-ciudades-en-baja-sajonia\/"},"modified":"2023-11-02T09:49:22","modified_gmt":"2023-11-02T08:49:22","slug":"pie-de-imprenta-9-ciudades-en-baja-sajonia","status":"publish","type":"page","link":"https:\/\/9staedte.de\/es\/pie-de-imprenta-9-ciudades-en-baja-sajonia\/","title":{"rendered":"Pie de imprenta &#8211; 9 ciudades en Baja Sajonia"},"content":{"rendered":"\n<p>9 ciudades +2 en Baja Sajonia<br>Hannover Marketing y Turismo GmbH<br>Vahrenwalder Stra\u00dfe 7<br>30165 Hannover<\/p>\n\n\n\n<p>Tel.: +49 (0) 511\/168-49746<br>Fax:&nbsp; +49 (0) 511\/168-49779<br>Correo electr\u00f3nico: <a href=\"mailto:9cities@hannover-tourismus.de\" target=\"_blank\" rel=\"noreferrer noopener\">9cities@hannover-tourismus.de<\/a><\/p>\n\n\n\n<p>Hannover Marketing y Turismo GmbH<br>Juzgado de Primera Instancia de Hannover: Departamento de Registro Mercantil. B. N\u00ba 59223<br>Domicilio social de la empresa: Hannover<br>Director General: Hans Christian Nolte<br>CIF: DE211133985<\/p>\n\n\n\n<p>Responsable del contenido: Petra Sievers<\/p>\n\n\n\n<h3 class=\"wp-block-heading\">Aviso de responsabilidad<\/h3>\n\n\n\n<p>No nos hacemos responsables del contenido de las p\u00e1ginas a las que se hace referencia a trav\u00e9s de enlaces en nuestro sitio web. Los contenidos est\u00e1n sujetos a los derechos de autor de los respectivos proveedores. Su contenido no refleja nuestra opini\u00f3n, no tenemos ninguna influencia sobre el contenido. P\u00f3ngase en contacto con el proveedor correspondiente. Llamamos expresamente su atenci\u00f3n sobre el hecho de que no aceptamos responsabilidad alguna por da\u00f1os de cualquier tipo que puedan atribuirse al uso de nuestra oferta de Internet. Si accede a p\u00e1ginas a trav\u00e9s de enlaces de nuestro sitio web que infringen la legislaci\u00f3n aplicable, notif\u00edquenoslo inmediatamente. En ese caso, eliminaremos el enlace correspondiente de nuestra oferta. Si desea que se elimine un enlace a su sitio web, p\u00f3ngase en contacto con el webmaster. A continuaci\u00f3n, eliminaremos el enlace. No garantizamos la accesibilidad y actualidad de los enlaces introducidos en nuestro sitio web ni de nuestra oferta en Internet.<\/p>\n\n\n\n<h3 class=\"wp-block-heading\">Servicio de an\u00e1lisis<\/h3>\n\n\n\n<p>Nuestro sitio web utiliza MATOMO (anteriormente Piwik), un servicio de an\u00e1lisis web. MATOMO utiliza \u00abcookies\u00bb, que son archivos de texto ubicados en su ordenador, para ayudar al sitio web a analizar c\u00f3mo lo utilizan los usuarios. Para ello, la informaci\u00f3n de uso generada por la cookie (incluida su direcci\u00f3n IP acortada) se transmite a nuestro servidor y se almacena con fines de an\u00e1lisis de uso, lo que sirve para optimizar el sitio web por nuestra parte. Su direcci\u00f3n IP se anonimiza inmediatamente durante este proceso, de modo que usted, como usuario, permanece an\u00f3nimo para nosotros. La informaci\u00f3n que genera la cookie acerca de su uso de este sitio web no se transmite a terceros. Usted puede rechazar el uso de cookies seleccionando la configuraci\u00f3n apropiada en su navegador; no obstante, tenga en cuenta que si lo hace es posible que no pueda utilizar todas las funciones de este sitio web.<\/p>\n\n\n\n<p>Si no est\u00e1 de acuerdo con el almacenamiento y an\u00e1lisis de estos datos de su visita, puede oponerse a su almacenamiento y uso en cualquier momento haciendo clic en el siguiente enlace. En este caso, se almacena en su navegador una cookie de exclusi\u00f3n, lo que significa que MATOMO no recoge ning\u00fan dato de sesi\u00f3n. Atenci\u00f3n: Si borra sus cookies, tambi\u00e9n se borrar\u00e1 la cookie de exclusi\u00f3n voluntaria y es posible que tenga que activarla de nuevo.<\/p>\n\n\n\n<p>Fuente: datenschutzbeauftragter-info.de<\/p>\n","protected":false},"excerpt":{"rendered":"<p>9 ciudades +2 en Baja SajoniaHannover Marketing y Turismo GmbHVahrenwalder Stra\u00dfe 730165 Hannover Tel.: +49 (0) 511\/168-49746Fax:&nbsp; +49 (0) 511\/168-49779Correo electr\u00f3nico: 9cities@hannover-tourismus.de Hannover Marketing y Turismo GmbHJuzgado de Primera Instancia de Hannover: Departamento de Registro Mercantil. B. N\u00ba 59223Domicilio social de la empresa: HannoverDirector General: Hans Christian NolteCIF: DE211133985 Responsable del contenido: Petra Sievers Aviso [&hellip;]<\/p>\n","protected":false},"author":1,"featured_media":0,"parent":0,"menu_order":0,"comment_status":"closed","ping_status":"closed","template":"","meta":{"_acf_changed":false,"footnotes":""},"categories":[],"tags":[],"ncap_cities_tax":[],"class_list":["post-17567","page","type-page","status-publish","hentry"],"acf":[],"yoast_head":"<!-- This site is optimized with the Yoast SEO plugin v26.8 - https:\/\/yoast.com\/product\/yoast-seo-wordpress\/ -->\n<title>Pie de imprenta - 9 ciudades en Baja Sajonia - 9 St\u00e4dte in Niedersachsen<\/title>\n<meta name=\"robots\" content=\"index, follow, max-snippet:-1, max-image-preview:large, max-video-preview:-1\" \/>\n<link rel=\"canonical\" href=\"https:\/\/9staedte.de\/es\/pie-de-imprenta-9-ciudades-en-baja-sajonia\/\" \/>\n<meta property=\"og:locale\" content=\"es_ES\" \/>\n<meta property=\"og:type\" content=\"article\" \/>\n<meta property=\"og:title\" content=\"Pie de imprenta - 9 ciudades en Baja Sajonia - 9 St\u00e4dte in Niedersachsen\" \/>\n<meta property=\"og:description\" content=\"9 ciudades +2 en Baja SajoniaHannover Marketing y Turismo GmbHVahrenwalder Stra\u00dfe 730165 Hannover Tel.: +49 (0) 511\/168-49746Fax:&nbsp; +49 (0) 511\/168-49779Correo electr\u00f3nico: 9cities@hannover-tourismus.de Hannover Marketing y Turismo GmbHJuzgado de Primera Instancia de Hannover: Departamento de Registro Mercantil. B. N\u00ba 59223Domicilio social de la empresa: HannoverDirector General: Hans Christian NolteCIF: DE211133985 Responsable del contenido: Petra Sievers Aviso [&hellip;]\" \/>\n<meta property=\"og:url\" content=\"https:\/\/9staedte.de\/es\/pie-de-imprenta-9-ciudades-en-baja-sajonia\/\" \/>\n<meta property=\"og:site_name\" content=\"9 St\u00e4dte in Niedersachsen\" \/>\n<meta name=\"twitter:card\" content=\"summary_large_image\" \/>\n<meta name=\"twitter:label1\" content=\"Tiempo de lectura\" \/>\n\t<meta name=\"twitter:data1\" content=\"2 minutos\" \/>\n<script type=\"application\/ld+json\" class=\"yoast-schema-graph\">{\"@context\":\"https:\/\/schema.org\",\"@graph\":[{\"@type\":\"WebPage\",\"@id\":\"https:\/\/9staedte.de\/es\/pie-de-imprenta-9-ciudades-en-baja-sajonia\/\",\"url\":\"https:\/\/9staedte.de\/es\/pie-de-imprenta-9-ciudades-en-baja-sajonia\/\",\"name\":\"Pie de imprenta - 9 ciudades en Baja Sajonia - 9 St\u00e4dte in Niedersachsen\",\"isPartOf\":{\"@id\":\"https:\/\/9staedte.de\/es\/#website\"},\"datePublished\":\"2023-11-02T08:49:22+00:00\",\"breadcrumb\":{\"@id\":\"https:\/\/9staedte.de\/es\/pie-de-imprenta-9-ciudades-en-baja-sajonia\/#breadcrumb\"},\"inLanguage\":\"es\",\"potentialAction\":[{\"@type\":\"ReadAction\",\"target\":[\"https:\/\/9staedte.de\/es\/pie-de-imprenta-9-ciudades-en-baja-sajonia\/\"]}]},{\"@type\":\"BreadcrumbList\",\"@id\":\"https:\/\/9staedte.de\/es\/pie-de-imprenta-9-ciudades-en-baja-sajonia\/#breadcrumb\",\"itemListElement\":[{\"@type\":\"ListItem\",\"position\":1,\"name\":\"Startseite\",\"item\":\"https:\/\/9staedte.de\/es\/\"},{\"@type\":\"ListItem\",\"position\":2,\"name\":\"Pie de imprenta &#8211; 9 ciudades en Baja Sajonia\"}]},{\"@type\":\"WebSite\",\"@id\":\"https:\/\/9staedte.de\/es\/#website\",\"url\":\"https:\/\/9staedte.de\/es\/\",\"name\":\"9 St\u00e4dte in Niedersachsen\",\"description\":\"\",\"publisher\":{\"@id\":\"https:\/\/9staedte.de\/es\/#organization\"},\"potentialAction\":[{\"@type\":\"SearchAction\",\"target\":{\"@type\":\"EntryPoint\",\"urlTemplate\":\"https:\/\/9staedte.de\/es\/?s={search_term_string}\"},\"query-input\":{\"@type\":\"PropertyValueSpecification\",\"valueRequired\":true,\"valueName\":\"search_term_string\"}}],\"inLanguage\":\"es\"},{\"@type\":\"Organization\",\"@id\":\"https:\/\/9staedte.de\/es\/#organization\",\"name\":\"9 St\u00e4dte in Niedersachsen\",\"url\":\"https:\/\/9staedte.de\/es\/\",\"logo\":{\"@type\":\"ImageObject\",\"inLanguage\":\"es\",\"@id\":\"https:\/\/9staedte.de\/es\/#\/schema\/logo\/image\/\",\"url\":\"https:\/\/9staedte.de\/wp-content\/uploads\/2025\/01\/9-neg-deutsch-2-1.png\",\"contentUrl\":\"https:\/\/9staedte.de\/wp-content\/uploads\/2025\/01\/9-neg-deutsch-2-1.png\",\"width\":190,\"height\":114,\"caption\":\"9 St\u00e4dte in Niedersachsen\"},\"image\":{\"@id\":\"https:\/\/9staedte.de\/es\/#\/schema\/logo\/image\/\"}}]}<\/script>\n<!-- \/ Yoast SEO plugin. -->","yoast_head_json":{"title":"Pie de imprenta - 9 ciudades en Baja Sajonia - 9 St\u00e4dte in Niedersachsen","robots":{"index":"index","follow":"follow","max-snippet":"max-snippet:-1","max-image-preview":"max-image-preview:large","max-video-preview":"max-video-preview:-1"},"canonical":"https:\/\/9staedte.de\/es\/pie-de-imprenta-9-ciudades-en-baja-sajonia\/","og_locale":"es_ES","og_type":"article","og_title":"Pie de imprenta - 9 ciudades en Baja Sajonia - 9 St\u00e4dte in Niedersachsen","og_description":"9 ciudades +2 en Baja SajoniaHannover Marketing y Turismo GmbHVahrenwalder Stra\u00dfe 730165 Hannover Tel.: +49 (0) 511\/168-49746Fax:&nbsp; +49 (0) 511\/168-49779Correo electr\u00f3nico: 9cities@hannover-tourismus.de Hannover Marketing y Turismo GmbHJuzgado de Primera Instancia de Hannover: Departamento de Registro Mercantil. B. N\u00ba 59223Domicilio social de la empresa: HannoverDirector General: Hans Christian NolteCIF: DE211133985 Responsable del contenido: Petra Sievers Aviso [&hellip;]","og_url":"https:\/\/9staedte.de\/es\/pie-de-imprenta-9-ciudades-en-baja-sajonia\/","og_site_name":"9 St\u00e4dte in Niedersachsen","twitter_card":"summary_large_image","twitter_misc":{"Tiempo de lectura":"2 minutos"},"schema":{"@context":"https:\/\/schema.org","@graph":[{"@type":"WebPage","@id":"https:\/\/9staedte.de\/es\/pie-de-imprenta-9-ciudades-en-baja-sajonia\/","url":"https:\/\/9staedte.de\/es\/pie-de-imprenta-9-ciudades-en-baja-sajonia\/","name":"Pie de imprenta - 9 ciudades en Baja Sajonia - 9 St\u00e4dte in Niedersachsen","isPartOf":{"@id":"https:\/\/9staedte.de\/es\/#website"},"datePublished":"2023-11-02T08:49:22+00:00","breadcrumb":{"@id":"https:\/\/9staedte.de\/es\/pie-de-imprenta-9-ciudades-en-baja-sajonia\/#breadcrumb"},"inLanguage":"es","potentialAction":[{"@type":"ReadAction","target":["https:\/\/9staedte.de\/es\/pie-de-imprenta-9-ciudades-en-baja-sajonia\/"]}]},{"@type":"BreadcrumbList","@id":"https:\/\/9staedte.de\/es\/pie-de-imprenta-9-ciudades-en-baja-sajonia\/#breadcrumb","itemListElement":[{"@type":"ListItem","position":1,"name":"Startseite","item":"https:\/\/9staedte.de\/es\/"},{"@type":"ListItem","position":2,"name":"Pie de imprenta &#8211; 9 ciudades en Baja Sajonia"}]},{"@type":"WebSite","@id":"https:\/\/9staedte.de\/es\/#website","url":"https:\/\/9staedte.de\/es\/","name":"9 St\u00e4dte in Niedersachsen","description":"","publisher":{"@id":"https:\/\/9staedte.de\/es\/#organization"},"potentialAction":[{"@type":"SearchAction","target":{"@type":"EntryPoint","urlTemplate":"https:\/\/9staedte.de\/es\/?s={search_term_string}"},"query-input":{"@type":"PropertyValueSpecification","valueRequired":true,"valueName":"search_term_string"}}],"inLanguage":"es"},{"@type":"Organization","@id":"https:\/\/9staedte.de\/es\/#organization","name":"9 St\u00e4dte in Niedersachsen","url":"https:\/\/9staedte.de\/es\/","logo":{"@type":"ImageObject","inLanguage":"es","@id":"https:\/\/9staedte.de\/es\/#\/schema\/logo\/image\/","url":"https:\/\/9staedte.de\/wp-content\/uploads\/2025\/01\/9-neg-deutsch-2-1.png","contentUrl":"https:\/\/9staedte.de\/wp-content\/uploads\/2025\/01\/9-neg-deutsch-2-1.png","width":190,"height":114,"caption":"9 St\u00e4dte in Niedersachsen"},"image":{"@id":"https:\/\/9staedte.de\/es\/#\/schema\/logo\/image\/"}}]}},"_links":{"self":[{"href":"https:\/\/9staedte.de\/es\/wp-json\/wp\/v2\/pages\/17567","targetHints":{"allow":["GET"]}}],"collection":[{"href":"https:\/\/9staedte.de\/es\/wp-json\/wp\/v2\/pages"}],"about":[{"href":"https:\/\/9staedte.de\/es\/wp-json\/wp\/v2\/types\/page"}],"author":[{"embeddable":true,"href":"https:\/\/9staedte.de\/es\/wp-json\/wp\/v2\/users\/1"}],"replies":[{"embeddable":true,"href":"https:\/\/9staedte.de\/es\/wp-json\/wp\/v2\/comments?post=17567"}],"version-history":[{"count":0,"href":"https:\/\/9staedte.de\/es\/wp-json\/wp\/v2\/pages\/17567\/revisions"}],"wp:attachment":[{"href":"https:\/\/9staedte.de\/es\/wp-json\/wp\/v2\/media?parent=17567"}],"wp:term":[{"taxonomy":"category","embeddable":true,"href":"https:\/\/9staedte.de\/es\/wp-json\/wp\/v2\/categories?post=17567"},{"taxonomy":"post_tag","embeddable":true,"href":"https:\/\/9staedte.de\/es\/wp-json\/wp\/v2\/tags?post=17567"},{"taxonomy":"ncap_cities_tax","embeddable":true,"href":"https:\/\/9staedte.de\/es\/wp-json\/wp\/v2\/ncap_cities_tax?post=17567"}],"curies":[{"name":"wp","href":"https:\/\/api.w.org\/{rel}","templated":true}]}}