{"id":17559,"date":"2023-11-02T09:49:18","date_gmt":"2023-11-02T08:49:18","guid":{"rendered":"https:\/\/9staedte.de\/programas-de-un-dia-en-braunschweig\/"},"modified":"2023-11-02T17:20:10","modified_gmt":"2023-11-02T16:20:10","slug":"programas-de-un-dia-en-braunschweig","status":"publish","type":"page","link":"https:\/\/9staedte.de\/es\/braunschweig-la-ciudad-del-leon\/programas-de-un-dia-en-braunschweig\/","title":{"rendered":"Programas de un d\u00eda en Braunschweig"},"content":{"rendered":"\n<p>\u00bfQuieres pasar un d\u00eda en Braunschweig y no sabes c\u00f3mo planificarlo? Entonces, la Tourist Info estar\u00e1 encantada de ayudarle a confeccionar un programa de un d\u00eda adecuado para visitar la Ciudad del Le\u00f3n, ya sea haciendo turismo y dando un paseo por la ciudad, dando un paseo por el r\u00edo Oker o visitando los castillos de los alrededores, o todo lo anterior.<\/p>\n\n\n\n<p>M\u00e1s informaci\u00f3n en <a href=\"http:\/\/www.braunschweig.de\/reiseangebote\" target=\"_blank\" rel=\"noreferrer noopener\">www.braunschweig.de\/reiseangebote<\/a><\/p>\n\n\n\n<div style=\"height:13px\" aria-hidden=\"true\" class=\"wp-block-spacer\"><\/div>\n\n\n\n<p><strong>Consejo<\/strong>: Las ofertas en Navidad tambi\u00e9n son interesantes para todos los viajeros y grupos que quieran conocer el Mercado de Navidad de Braunschweig desde un \u00e1ngulo diferente. Para m\u00e1s informaci\u00f3n sobre las <a href=\"https:\/\/www.braunschweig.de\/weihnachtsmarkt\/besuchen.php\">visitas navide\u00f1as, pulse aqu\u00ed<\/a>.<\/p>\n","protected":false},"excerpt":{"rendered":"<p>\u00bfQuieres pasar un d\u00eda en Braunschweig y no sabes c\u00f3mo planificarlo? Entonces, la Tourist Info estar\u00e1 encantada de ayudarle a confeccionar un programa de un d\u00eda adecuado para visitar la Ciudad del Le\u00f3n, ya sea haciendo turismo y dando un paseo por la ciudad, dando un paseo por el r\u00edo Oker o visitando los castillos [&hellip;]<\/p>\n","protected":false},"author":1,"featured_media":15323,"parent":17645,"menu_order":0,"comment_status":"closed","ping_status":"closed","template":"pagetemplates\/template-stadtthema.php","meta":{"_acf_changed":false,"footnotes":""},"categories":[],"tags":[],"ncap_cities_tax":[422,893],"class_list":["post-17559","page","type-page","status-publish","has-post-thumbnail","hentry","ncap_cities_tax-braunschweig-es","ncap_cities_tax-tagesprogramme-braunschweig-es"],"acf":[],"yoast_head":"<!-- This site is optimized with the Yoast SEO plugin v26.8 - https:\/\/yoast.com\/product\/yoast-seo-wordpress\/ -->\n<title>Programas de un d\u00eda en Braunschweig - 9 St\u00e4dte in Niedersachsen<\/title>\n<meta name=\"robots\" content=\"index, follow, max-snippet:-1, max-image-preview:large, max-video-preview:-1\" \/>\n<link rel=\"canonical\" href=\"https:\/\/9staedte.de\/es\/braunschweig-la-ciudad-del-leon\/programas-de-un-dia-en-braunschweig\/\" \/>\n<meta property=\"og:locale\" content=\"es_ES\" \/>\n<meta property=\"og:type\" content=\"article\" \/>\n<meta property=\"og:title\" content=\"Programas de un d\u00eda en Braunschweig - 9 St\u00e4dte in Niedersachsen\" \/>\n<meta property=\"og:description\" content=\"\u00bfQuieres pasar un d\u00eda en Braunschweig y no sabes c\u00f3mo planificarlo? Entonces, la Tourist Info estar\u00e1 encantada de ayudarle a confeccionar un programa de un d\u00eda adecuado para visitar la Ciudad del Le\u00f3n, ya sea haciendo turismo y dando un paseo por la ciudad, dando un paseo por el r\u00edo Oker o visitando los castillos [&hellip;]\" \/>\n<meta property=\"og:url\" content=\"https:\/\/9staedte.de\/es\/braunschweig-la-ciudad-del-leon\/programas-de-un-dia-en-braunschweig\/\" \/>\n<meta property=\"og:site_name\" content=\"9 St\u00e4dte in Niedersachsen\" \/>\n<meta property=\"article:modified_time\" content=\"2023-11-02T16:20:10+00:00\" \/>\n<meta property=\"og:image\" content=\"https:\/\/9staedte.de\/wp-content\/uploads\/2023\/01\/Braunschweig-Oldtown-Market-c-Braunschweig-Stadtmarketing-Christian-Bierwagen-1.jpg\" \/>\n\t<meta property=\"og:image:width\" content=\"1020\" \/>\n\t<meta property=\"og:image:height\" content=\"560\" \/>\n\t<meta property=\"og:image:type\" content=\"image\/jpeg\" \/>\n<meta name=\"twitter:card\" content=\"summary_large_image\" \/>\n<meta name=\"twitter:label1\" content=\"Tiempo de lectura\" \/>\n\t<meta name=\"twitter:data1\" content=\"1 minuto\" \/>\n<script type=\"application\/ld+json\" class=\"yoast-schema-graph\">{\"@context\":\"https:\/\/schema.org\",\"@graph\":[{\"@type\":\"WebPage\",\"@id\":\"https:\/\/9staedte.de\/es\/braunschweig-la-ciudad-del-leon\/programas-de-un-dia-en-braunschweig\/\",\"url\":\"https:\/\/9staedte.de\/es\/braunschweig-la-ciudad-del-leon\/programas-de-un-dia-en-braunschweig\/\",\"name\":\"Programas de un d\u00eda en Braunschweig - 9 St\u00e4dte in Niedersachsen\",\"isPartOf\":{\"@id\":\"https:\/\/9staedte.de\/es\/#website\"},\"primaryImageOfPage\":{\"@id\":\"https:\/\/9staedte.de\/es\/braunschweig-la-ciudad-del-leon\/programas-de-un-dia-en-braunschweig\/#primaryimage\"},\"image\":{\"@id\":\"https:\/\/9staedte.de\/es\/braunschweig-la-ciudad-del-leon\/programas-de-un-dia-en-braunschweig\/#primaryimage\"},\"thumbnailUrl\":\"https:\/\/9staedte.de\/wp-content\/uploads\/2023\/01\/Braunschweig-Oldtown-Market-c-Braunschweig-Stadtmarketing-Christian-Bierwagen-1.jpg\",\"datePublished\":\"2023-11-02T08:49:18+00:00\",\"dateModified\":\"2023-11-02T16:20:10+00:00\",\"breadcrumb\":{\"@id\":\"https:\/\/9staedte.de\/es\/braunschweig-la-ciudad-del-leon\/programas-de-un-dia-en-braunschweig\/#breadcrumb\"},\"inLanguage\":\"es\",\"potentialAction\":[{\"@type\":\"ReadAction\",\"target\":[\"https:\/\/9staedte.de\/es\/braunschweig-la-ciudad-del-leon\/programas-de-un-dia-en-braunschweig\/\"]}]},{\"@type\":\"ImageObject\",\"inLanguage\":\"es\",\"@id\":\"https:\/\/9staedte.de\/es\/braunschweig-la-ciudad-del-leon\/programas-de-un-dia-en-braunschweig\/#primaryimage\",\"url\":\"https:\/\/9staedte.de\/wp-content\/uploads\/2023\/01\/Braunschweig-Oldtown-Market-c-Braunschweig-Stadtmarketing-Christian-Bierwagen-1.jpg\",\"contentUrl\":\"https:\/\/9staedte.de\/wp-content\/uploads\/2023\/01\/Braunschweig-Oldtown-Market-c-Braunschweig-Stadtmarketing-Christian-Bierwagen-1.jpg\",\"width\":1020,\"height\":560,\"caption\":\"Braunschweig Oldtown Market c) Braunschweig Stadtmarketing Christian Bierwagen\"},{\"@type\":\"BreadcrumbList\",\"@id\":\"https:\/\/9staedte.de\/es\/braunschweig-la-ciudad-del-leon\/programas-de-un-dia-en-braunschweig\/#breadcrumb\",\"itemListElement\":[{\"@type\":\"ListItem\",\"position\":1,\"name\":\"Startseite\",\"item\":\"https:\/\/9staedte.de\/es\/\"},{\"@type\":\"ListItem\",\"position\":2,\"name\":\"Braunschweig &#8211; City of Lions\",\"item\":\"https:\/\/9staedte.de\/es\/braunschweig-la-ciudad-del-leon\/\"},{\"@type\":\"ListItem\",\"position\":3,\"name\":\"Programas de un d\u00eda en Braunschweig\"}]},{\"@type\":\"WebSite\",\"@id\":\"https:\/\/9staedte.de\/es\/#website\",\"url\":\"https:\/\/9staedte.de\/es\/\",\"name\":\"9 St\u00e4dte in Niedersachsen\",\"description\":\"\",\"publisher\":{\"@id\":\"https:\/\/9staedte.de\/es\/#organization\"},\"potentialAction\":[{\"@type\":\"SearchAction\",\"target\":{\"@type\":\"EntryPoint\",\"urlTemplate\":\"https:\/\/9staedte.de\/es\/?s={search_term_string}\"},\"query-input\":{\"@type\":\"PropertyValueSpecification\",\"valueRequired\":true,\"valueName\":\"search_term_string\"}}],\"inLanguage\":\"es\"},{\"@type\":\"Organization\",\"@id\":\"https:\/\/9staedte.de\/es\/#organization\",\"name\":\"9 St\u00e4dte in Niedersachsen\",\"url\":\"https:\/\/9staedte.de\/es\/\",\"logo\":{\"@type\":\"ImageObject\",\"inLanguage\":\"es\",\"@id\":\"https:\/\/9staedte.de\/es\/#\/schema\/logo\/image\/\",\"url\":\"https:\/\/9staedte.de\/wp-content\/uploads\/2025\/01\/9-neg-deutsch-2-1.png\",\"contentUrl\":\"https:\/\/9staedte.de\/wp-content\/uploads\/2025\/01\/9-neg-deutsch-2-1.png\",\"width\":190,\"height\":114,\"caption\":\"9 St\u00e4dte in Niedersachsen\"},\"image\":{\"@id\":\"https:\/\/9staedte.de\/es\/#\/schema\/logo\/image\/\"}}]}<\/script>\n<!-- \/ Yoast SEO plugin. -->","yoast_head_json":{"title":"Programas de un d\u00eda en Braunschweig - 9 St\u00e4dte in Niedersachsen","robots":{"index":"index","follow":"follow","max-snippet":"max-snippet:-1","max-image-preview":"max-image-preview:large","max-video-preview":"max-video-preview:-1"},"canonical":"https:\/\/9staedte.de\/es\/braunschweig-la-ciudad-del-leon\/programas-de-un-dia-en-braunschweig\/","og_locale":"es_ES","og_type":"article","og_title":"Programas de un d\u00eda en Braunschweig - 9 St\u00e4dte in Niedersachsen","og_description":"\u00bfQuieres pasar un d\u00eda en Braunschweig y no sabes c\u00f3mo planificarlo? Entonces, la Tourist Info estar\u00e1 encantada de ayudarle a confeccionar un programa de un d\u00eda adecuado para visitar la Ciudad del Le\u00f3n, ya sea haciendo turismo y dando un paseo por la ciudad, dando un paseo por el r\u00edo Oker o visitando los castillos [&hellip;]","og_url":"https:\/\/9staedte.de\/es\/braunschweig-la-ciudad-del-leon\/programas-de-un-dia-en-braunschweig\/","og_site_name":"9 St\u00e4dte in Niedersachsen","article_modified_time":"2023-11-02T16:20:10+00:00","og_image":[{"width":1020,"height":560,"url":"https:\/\/9staedte.de\/wp-content\/uploads\/2023\/01\/Braunschweig-Oldtown-Market-c-Braunschweig-Stadtmarketing-Christian-Bierwagen-1.jpg","type":"image\/jpeg"}],"twitter_card":"summary_large_image","twitter_misc":{"Tiempo de lectura":"1 minuto"},"schema":{"@context":"https:\/\/schema.org","@graph":[{"@type":"WebPage","@id":"https:\/\/9staedte.de\/es\/braunschweig-la-ciudad-del-leon\/programas-de-un-dia-en-braunschweig\/","url":"https:\/\/9staedte.de\/es\/braunschweig-la-ciudad-del-leon\/programas-de-un-dia-en-braunschweig\/","name":"Programas de un d\u00eda en Braunschweig - 9 St\u00e4dte in Niedersachsen","isPartOf":{"@id":"https:\/\/9staedte.de\/es\/#website"},"primaryImageOfPage":{"@id":"https:\/\/9staedte.de\/es\/braunschweig-la-ciudad-del-leon\/programas-de-un-dia-en-braunschweig\/#primaryimage"},"image":{"@id":"https:\/\/9staedte.de\/es\/braunschweig-la-ciudad-del-leon\/programas-de-un-dia-en-braunschweig\/#primaryimage"},"thumbnailUrl":"https:\/\/9staedte.de\/wp-content\/uploads\/2023\/01\/Braunschweig-Oldtown-Market-c-Braunschweig-Stadtmarketing-Christian-Bierwagen-1.jpg","datePublished":"2023-11-02T08:49:18+00:00","dateModified":"2023-11-02T16:20:10+00:00","breadcrumb":{"@id":"https:\/\/9staedte.de\/es\/braunschweig-la-ciudad-del-leon\/programas-de-un-dia-en-braunschweig\/#breadcrumb"},"inLanguage":"es","potentialAction":[{"@type":"ReadAction","target":["https:\/\/9staedte.de\/es\/braunschweig-la-ciudad-del-leon\/programas-de-un-dia-en-braunschweig\/"]}]},{"@type":"ImageObject","inLanguage":"es","@id":"https:\/\/9staedte.de\/es\/braunschweig-la-ciudad-del-leon\/programas-de-un-dia-en-braunschweig\/#primaryimage","url":"https:\/\/9staedte.de\/wp-content\/uploads\/2023\/01\/Braunschweig-Oldtown-Market-c-Braunschweig-Stadtmarketing-Christian-Bierwagen-1.jpg","contentUrl":"https:\/\/9staedte.de\/wp-content\/uploads\/2023\/01\/Braunschweig-Oldtown-Market-c-Braunschweig-Stadtmarketing-Christian-Bierwagen-1.jpg","width":1020,"height":560,"caption":"Braunschweig Oldtown Market c) Braunschweig Stadtmarketing Christian Bierwagen"},{"@type":"BreadcrumbList","@id":"https:\/\/9staedte.de\/es\/braunschweig-la-ciudad-del-leon\/programas-de-un-dia-en-braunschweig\/#breadcrumb","itemListElement":[{"@type":"ListItem","position":1,"name":"Startseite","item":"https:\/\/9staedte.de\/es\/"},{"@type":"ListItem","position":2,"name":"Braunschweig &#8211; City of Lions","item":"https:\/\/9staedte.de\/es\/braunschweig-la-ciudad-del-leon\/"},{"@type":"ListItem","position":3,"name":"Programas de un d\u00eda en Braunschweig"}]},{"@type":"WebSite","@id":"https:\/\/9staedte.de\/es\/#website","url":"https:\/\/9staedte.de\/es\/","name":"9 St\u00e4dte in Niedersachsen","description":"","publisher":{"@id":"https:\/\/9staedte.de\/es\/#organization"},"potentialAction":[{"@type":"SearchAction","target":{"@type":"EntryPoint","urlTemplate":"https:\/\/9staedte.de\/es\/?s={search_term_string}"},"query-input":{"@type":"PropertyValueSpecification","valueRequired":true,"valueName":"search_term_string"}}],"inLanguage":"es"},{"@type":"Organization","@id":"https:\/\/9staedte.de\/es\/#organization","name":"9 St\u00e4dte in Niedersachsen","url":"https:\/\/9staedte.de\/es\/","logo":{"@type":"ImageObject","inLanguage":"es","@id":"https:\/\/9staedte.de\/es\/#\/schema\/logo\/image\/","url":"https:\/\/9staedte.de\/wp-content\/uploads\/2025\/01\/9-neg-deutsch-2-1.png","contentUrl":"https:\/\/9staedte.de\/wp-content\/uploads\/2025\/01\/9-neg-deutsch-2-1.png","width":190,"height":114,"caption":"9 St\u00e4dte in Niedersachsen"},"image":{"@id":"https:\/\/9staedte.de\/es\/#\/schema\/logo\/image\/"}}]}},"_links":{"self":[{"href":"https:\/\/9staedte.de\/es\/wp-json\/wp\/v2\/pages\/17559","targetHints":{"allow":["GET"]}}],"collection":[{"href":"https:\/\/9staedte.de\/es\/wp-json\/wp\/v2\/pages"}],"about":[{"href":"https:\/\/9staedte.de\/es\/wp-json\/wp\/v2\/types\/page"}],"author":[{"embeddable":true,"href":"https:\/\/9staedte.de\/es\/wp-json\/wp\/v2\/users\/1"}],"replies":[{"embeddable":true,"href":"https:\/\/9staedte.de\/es\/wp-json\/wp\/v2\/comments?post=17559"}],"version-history":[{"count":1,"href":"https:\/\/9staedte.de\/es\/wp-json\/wp\/v2\/pages\/17559\/revisions"}],"predecessor-version":[{"id":19718,"href":"https:\/\/9staedte.de\/es\/wp-json\/wp\/v2\/pages\/17559\/revisions\/19718"}],"up":[{"embeddable":true,"href":"https:\/\/9staedte.de\/es\/wp-json\/wp\/v2\/pages\/17645"}],"wp:featuredmedia":[{"embeddable":true,"href":"https:\/\/9staedte.de\/es\/wp-json\/wp\/v2\/media\/15323"}],"wp:attachment":[{"href":"https:\/\/9staedte.de\/es\/wp-json\/wp\/v2\/media?parent=17559"}],"wp:term":[{"taxonomy":"category","embeddable":true,"href":"https:\/\/9staedte.de\/es\/wp-json\/wp\/v2\/categories?post=17559"},{"taxonomy":"post_tag","embeddable":true,"href":"https:\/\/9staedte.de\/es\/wp-json\/wp\/v2\/tags?post=17559"},{"taxonomy":"ncap_cities_tax","embeddable":true,"href":"https:\/\/9staedte.de\/es\/wp-json\/wp\/v2\/ncap_cities_tax?post=17559"}],"curies":[{"name":"wp","href":"https:\/\/api.w.org\/{rel}","templated":true}]}}