{"id":17538,"date":"2023-11-02T09:49:16","date_gmt":"2023-11-02T08:49:16","guid":{"rendered":"https:\/\/9staedte.de\/9-ciudades-en-baja-sajonia-2\/"},"modified":"2023-11-02T09:49:16","modified_gmt":"2023-11-02T08:49:16","slug":"9-ciudades-en-baja-sajonia-2","status":"publish","type":"page","link":"https:\/\/9staedte.de\/es\/9-ciudades-en-baja-sajonia-2\/","title":{"rendered":"9 ciudades en Baja Sajonia"},"content":{"rendered":"\n<p>\u00a1et finns o\u00e4ndligt m\u00e5nga sk\u00e4l att bes\u00f6ka de 9 st\u00e4derna i Niedersachsen! Un ambiente con tradici\u00f3n, un ambiente familiar, un ambiente acogedor, un ambiente id\u00edlico, un ambiente acogedor, un ambiente moderno para ir de compras, vida y ocio&#8230;<\/p>\n\n\n\n<p>Planifica tu semestre en las 9 universidades de Baja Sajonia. Todas las ciudades fascinan por su encanto \u00fanico. Combine su visita a una o varias de las ciudades hist\u00f3ricas con una excursi\u00f3n a Hedlandskapet kring L\u00fcneburg, Harzbergen eller varf\u00f6r inte berglandet omkring floden Weser. El aeropuerto de Hannover, situado en el centro del norte de Alemania, garantiza una llegada sin problemas.<\/p>\n\n\n\n<div style=\"height:60px\" aria-hidden=\"true\" class=\"wp-block-spacer\"><\/div>\n\n\n\n<div class=\"content-grid\">\n\n\n  \n  <div class=\"grid\">\n                        \n                    \n          <div class=\"featured-themen-single\">\n            <div class=\"featured-themen-single-inner\" style=\"background-image: url('https:\/\/9staedte.de\/wp-content\/smush-webp\/2023\/03\/Altstadtmarkt-c-Braunschweig-Stadtmarketing-GmbH_-Knut-Antenbrink.jpg.webp')\">\n              \n              <a href=\"https:\/\/9staedte.de\/braunschweig-welfar-hansan-snillen\/\">\n                <span>Braunschweig \u2013 En levande storstad med historia<\/span>\n              <\/a>\n            <\/div>\n          <\/div>\n    \n          \n                  \n                    \n          <div class=\"featured-themen-single\">\n            <div class=\"featured-themen-single-inner\" style=\"background-image: url('https:\/\/9staedte.de\/wp-content\/smush-webp\/2022\/03\/RS22_celle_altstadt_zoellnerstrasse.jpg.webp')\">\n              \n              <a href=\"https:\/\/9staedte.de\/celle-furstarnas-residensstad-med-europas-storsta-korsvirkesensemble\/\">\n                <span>Celle \u2013 \u00c4lskv\u00e4rd residensstad med Europas st\u00f6rstasamling korsvirkeshus<\/span>\n              <\/a>\n            <\/div>\n          <\/div>\n    \n          \n                  \n                    \n          <div class=\"featured-themen-single\">\n            <div class=\"featured-themen-single-inner\" style=\"background-image: url('')\">\n              \n              <a href=\"https:\/\/9staedte.de\/einbeck-veteranbilar-korsvirkeshus-och-oel\/\">\n                <span>Einbeck \u2013 Veteranbilar, korsvirkeshus och \u00f6l<\/span>\n              <\/a>\n            <\/div>\n          <\/div>\n    \n          \n                  \n                    \n          <div class=\"featured-themen-single\">\n            <div class=\"featured-themen-single-inner\" style=\"background-image: url('https:\/\/9staedte.de\/wp-content\/smush-webp\/2023\/02\/Goettingen_Altes-Rathaus-Abendstimmung-c-Lars-Gerhadts.jpg.webp')\">\n              \n              <a href=\"https:\/\/9staedte.de\/gottingen-staden-som-skapar-kunskap\/\">\n                <span>G\u00f6ttingen \u2013 staden som skapar kunskap<\/span>\n              <\/a>\n            <\/div>\n          <\/div>\n    \n          \n                  \n                    \n          <div class=\"featured-themen-single\">\n            <div class=\"featured-themen-single-inner\" style=\"background-image: url('https:\/\/9staedte.de\/wp-content\/smush-webp\/2023\/02\/Belebter-Marktplatz_Quelle-GOSLAR-marketing-gmbh_Fotograf-Stefan-Schiefer.jpg.webp')\">\n              \n              <a href=\"https:\/\/9staedte.de\/upptack-ett-varldskulturarv-goslar\/\">\n                <span>Goslar \u2013 V\u00e4rldskulturarv i Harz<\/span>\n              <\/a>\n            <\/div>\n          <\/div>\n    \n          \n                  \n                    \n          <div class=\"featured-themen-single\">\n            <div class=\"featured-themen-single-inner\" style=\"background-image: url('https:\/\/9staedte.de\/wp-content\/smush-webp\/2022\/03\/Der_Rattenaenger_-_an_der_Weser-scaled.jpg.webp')\">\n              \n              <a href=\"https:\/\/9staedte.de\/hameln-den-sagolika-rattfangarstaden\/\">\n                <span>Hameln \u2013 R\u00e5ttf\u00e5ngarstaden<\/span>\n              <\/a>\n            <\/div>\n          <\/div>\n    \n          \n                  \n                    \n          <div class=\"featured-themen-single\">\n            <div class=\"featured-themen-single-inner\" style=\"background-image: url('https:\/\/9staedte.de\/wp-content\/smush-webp\/2023\/03\/Hannover_NeuesRathauscMartin_Kirchner.jpg.webp')\">\n              \n              <a href=\"https:\/\/9staedte.de\/hannover-en-storstad-i-det-grona\/\">\n                <span>Hannover \u2013 Liv och lust<\/span>\n              <\/a>\n            <\/div>\n          <\/div>\n    \n          \n                  \n                    \n          <div class=\"featured-themen-single\">\n            <div class=\"featured-themen-single-inner\" style=\"background-image: url('https:\/\/9staedte.de\/wp-content\/smush-webp\/2023\/02\/Markplatz2_Fotograph-Obornik\u00a9Hildesheim-Marketing.jpg.webp')\">\n              \n              <a href=\"https:\/\/9staedte.de\/hildesheim-unesco-varldskulturarv\/\">\n                <span>Hildesheim \u2013 Korsvirkesstad full av kultur och historia<\/span>\n              <\/a>\n            <\/div>\n          <\/div>\n    \n          \n                  \n                    \n          <div class=\"featured-themen-single\">\n            <div class=\"featured-themen-single-inner\" style=\"background-image: url('https:\/\/9staedte.de\/wp-content\/smush-webp\/2023\/03\/Wolfenbuettel_Altstadt_c-Stadt-Wolfenbuettel-H.D.-Koenig1.jpg.webp')\">\n              \n              <a href=\"https:\/\/9staedte.de\/wolfenbuttel-welfhertigarnas-stad-och-jagermeisters-hem\/\">\n                <span>Wolfenb\u00fcttel \u2013 Korsvirkeshus och J\u00e4germeister<\/span>\n              <\/a>\n            <\/div>\n          <\/div>\n    \n          \n                  \n                    \n          <div class=\"featured-themen-single\">\n            <div class=\"featured-themen-single-inner\" style=\"background-image: url('https:\/\/9staedte.de\/wp-content\/smush-webp\/2022\/03\/Autostadt-Uebersicht-c-Autostadt-GmbH-Klaus-Bosselmann-scaled.jpg.webp')\">\n              \n              <a href=\"https:\/\/9staedte.de\/autostadt-i-wolfsburg\/\">\n                <span>Autostadt i Wolfsburg \u2013 En resa i en mobil v\u00e4rld<\/span>\n              <\/a>\n            <\/div>\n          <\/div>\n    \n          \n                          \n        <\/div>\n<\/div>","protected":false},"excerpt":{"rendered":"<p>\u00a1et finns o\u00e4ndligt m\u00e5nga sk\u00e4l att bes\u00f6ka de 9 st\u00e4derna i Niedersachsen! Un ambiente con tradici\u00f3n, un ambiente familiar, un ambiente acogedor, un ambiente id\u00edlico, un ambiente acogedor, un ambiente moderno para ir de compras, vida y ocio&#8230; Planifica tu semestre en las 9 universidades de Baja Sajonia. Todas las ciudades fascinan por su encanto [&hellip;]<\/p>\n","protected":false},"author":1,"featured_media":17546,"parent":0,"menu_order":0,"comment_status":"closed","ping_status":"closed","template":"","meta":{"_acf_changed":false,"footnotes":""},"categories":[],"tags":[],"ncap_cities_tax":[],"class_list":["post-17538","page","type-page","status-publish","has-post-thumbnail","hentry"],"acf":[],"yoast_head":"<!-- This site is optimized with the Yoast SEO plugin v26.8 - https:\/\/yoast.com\/product\/yoast-seo-wordpress\/ -->\n<title>9 ciudades en Baja Sajonia - 9 St\u00e4dte in Niedersachsen<\/title>\n<meta name=\"robots\" content=\"index, follow, max-snippet:-1, max-image-preview:large, max-video-preview:-1\" \/>\n<link rel=\"canonical\" href=\"https:\/\/9staedte.de\/es\/9-ciudades-en-baja-sajonia-2\/\" \/>\n<meta property=\"og:locale\" content=\"es_ES\" \/>\n<meta property=\"og:type\" content=\"article\" \/>\n<meta property=\"og:title\" content=\"9 ciudades en Baja Sajonia - 9 St\u00e4dte in Niedersachsen\" \/>\n<meta property=\"og:description\" content=\"\u00a1et finns o\u00e4ndligt m\u00e5nga sk\u00e4l att bes\u00f6ka de 9 st\u00e4derna i Niedersachsen! Un ambiente con tradici\u00f3n, un ambiente familiar, un ambiente acogedor, un ambiente id\u00edlico, un ambiente acogedor, un ambiente moderno para ir de compras, vida y ocio&#8230; Planifica tu semestre en las 9 universidades de Baja Sajonia. Todas las ciudades fascinan por su encanto [&hellip;]\" \/>\n<meta property=\"og:url\" content=\"https:\/\/9staedte.de\/es\/9-ciudades-en-baja-sajonia-2\/\" \/>\n<meta property=\"og:site_name\" content=\"9 St\u00e4dte in Niedersachsen\" \/>\n<meta name=\"twitter:card\" content=\"summary_large_image\" \/>\n<meta name=\"twitter:label1\" content=\"Tiempo de lectura\" \/>\n\t<meta name=\"twitter:data1\" content=\"1 minuto\" \/>\n<script type=\"application\/ld+json\" class=\"yoast-schema-graph\">{\"@context\":\"https:\/\/schema.org\",\"@graph\":[{\"@type\":\"WebPage\",\"@id\":\"https:\/\/9staedte.de\/es\/9-ciudades-en-baja-sajonia-2\/\",\"url\":\"https:\/\/9staedte.de\/es\/9-ciudades-en-baja-sajonia-2\/\",\"name\":\"9 ciudades en Baja Sajonia - 9 St\u00e4dte in Niedersachsen\",\"isPartOf\":{\"@id\":\"https:\/\/9staedte.de\/es\/#website\"},\"primaryImageOfPage\":{\"@id\":\"https:\/\/9staedte.de\/es\/9-ciudades-en-baja-sajonia-2\/#primaryimage\"},\"image\":{\"@id\":\"https:\/\/9staedte.de\/es\/9-ciudades-en-baja-sajonia-2\/#primaryimage\"},\"thumbnailUrl\":\"https:\/\/9staedte.de\/wp-content\/uploads\/2023\/03\/Hannover-Altstadt-c-HMTG-Christian-Wyrwa.jpg\",\"datePublished\":\"2023-11-02T08:49:16+00:00\",\"breadcrumb\":{\"@id\":\"https:\/\/9staedte.de\/es\/9-ciudades-en-baja-sajonia-2\/#breadcrumb\"},\"inLanguage\":\"es\",\"potentialAction\":[{\"@type\":\"ReadAction\",\"target\":[\"https:\/\/9staedte.de\/es\/9-ciudades-en-baja-sajonia-2\/\"]}]},{\"@type\":\"ImageObject\",\"inLanguage\":\"es\",\"@id\":\"https:\/\/9staedte.de\/es\/9-ciudades-en-baja-sajonia-2\/#primaryimage\",\"url\":\"https:\/\/9staedte.de\/wp-content\/uploads\/2023\/03\/Hannover-Altstadt-c-HMTG-Christian-Wyrwa.jpg\",\"contentUrl\":\"https:\/\/9staedte.de\/wp-content\/uploads\/2023\/03\/Hannover-Altstadt-c-HMTG-Christian-Wyrwa.jpg\",\"width\":860,\"height\":365,\"caption\":\"[ (c) Christian Wyrwa, Diplom-Foto-Designer (FH), Burgwedeler Str. 91D , 30916 Isernhagen (bei Hannover), Germany, E-Mail: info@wyrwa-foto.de, Tel: +49-511-3945254, Fax:+49-511-1233545, Mobil: +49-171-8340094, 7 % MwSt, St.Nr.: DE 1800903836, Bankverbindung: Konto: 900437952, BLZ 25050180, Sparkasse Hannover, IBAN: DE03250501800900437952; BIC: SPKHDE2HXXX:, Jegliche Verwendung ausserhalb einer journalistischen bedarf einer gesonderten Freigabe.Es gelten ausschlie\u00dflich meine Gesch\u00e4ftsbedingungen (AGB). (Diese k\u00f6nnen eingesehen werden unter: http:\/\/www.wyrwa-foto.de\/Wyrwa-AGB\/Wyrwa_AGB.pdf ) Dieses Lichtbildwerk ist gesetzlich geschuetzt. Nachdruck, Veroeffentlichung und Verwendung nur gegen Honorar (mindestens MFM Liste 2008), Belegexemplar und Autorennennung.: \\\"Foto: Christian Wyrwa\\\" , www.freelens.com\/clearing\/, kein Modelrelease vorhanden, no modelrelease] [#0,26,121#]\"},{\"@type\":\"BreadcrumbList\",\"@id\":\"https:\/\/9staedte.de\/es\/9-ciudades-en-baja-sajonia-2\/#breadcrumb\",\"itemListElement\":[{\"@type\":\"ListItem\",\"position\":1,\"name\":\"Startseite\",\"item\":\"https:\/\/9staedte.de\/es\/\"},{\"@type\":\"ListItem\",\"position\":2,\"name\":\"9 ciudades en Baja Sajonia\"}]},{\"@type\":\"WebSite\",\"@id\":\"https:\/\/9staedte.de\/es\/#website\",\"url\":\"https:\/\/9staedte.de\/es\/\",\"name\":\"9 St\u00e4dte in Niedersachsen\",\"description\":\"\",\"publisher\":{\"@id\":\"https:\/\/9staedte.de\/es\/#organization\"},\"potentialAction\":[{\"@type\":\"SearchAction\",\"target\":{\"@type\":\"EntryPoint\",\"urlTemplate\":\"https:\/\/9staedte.de\/es\/?s={search_term_string}\"},\"query-input\":{\"@type\":\"PropertyValueSpecification\",\"valueRequired\":true,\"valueName\":\"search_term_string\"}}],\"inLanguage\":\"es\"},{\"@type\":\"Organization\",\"@id\":\"https:\/\/9staedte.de\/es\/#organization\",\"name\":\"9 St\u00e4dte in Niedersachsen\",\"url\":\"https:\/\/9staedte.de\/es\/\",\"logo\":{\"@type\":\"ImageObject\",\"inLanguage\":\"es\",\"@id\":\"https:\/\/9staedte.de\/es\/#\/schema\/logo\/image\/\",\"url\":\"https:\/\/9staedte.de\/wp-content\/uploads\/2025\/01\/9-neg-deutsch-2-1.png\",\"contentUrl\":\"https:\/\/9staedte.de\/wp-content\/uploads\/2025\/01\/9-neg-deutsch-2-1.png\",\"width\":190,\"height\":114,\"caption\":\"9 St\u00e4dte in Niedersachsen\"},\"image\":{\"@id\":\"https:\/\/9staedte.de\/es\/#\/schema\/logo\/image\/\"}}]}<\/script>\n<!-- \/ Yoast SEO plugin. -->","yoast_head_json":{"title":"9 ciudades en Baja Sajonia - 9 St\u00e4dte in Niedersachsen","robots":{"index":"index","follow":"follow","max-snippet":"max-snippet:-1","max-image-preview":"max-image-preview:large","max-video-preview":"max-video-preview:-1"},"canonical":"https:\/\/9staedte.de\/es\/9-ciudades-en-baja-sajonia-2\/","og_locale":"es_ES","og_type":"article","og_title":"9 ciudades en Baja Sajonia - 9 St\u00e4dte in Niedersachsen","og_description":"\u00a1et finns o\u00e4ndligt m\u00e5nga sk\u00e4l att bes\u00f6ka de 9 st\u00e4derna i Niedersachsen! Un ambiente con tradici\u00f3n, un ambiente familiar, un ambiente acogedor, un ambiente id\u00edlico, un ambiente acogedor, un ambiente moderno para ir de compras, vida y ocio&#8230; Planifica tu semestre en las 9 universidades de Baja Sajonia. Todas las ciudades fascinan por su encanto [&hellip;]","og_url":"https:\/\/9staedte.de\/es\/9-ciudades-en-baja-sajonia-2\/","og_site_name":"9 St\u00e4dte in Niedersachsen","twitter_card":"summary_large_image","twitter_misc":{"Tiempo de lectura":"1 minuto"},"schema":{"@context":"https:\/\/schema.org","@graph":[{"@type":"WebPage","@id":"https:\/\/9staedte.de\/es\/9-ciudades-en-baja-sajonia-2\/","url":"https:\/\/9staedte.de\/es\/9-ciudades-en-baja-sajonia-2\/","name":"9 ciudades en Baja Sajonia - 9 St\u00e4dte in Niedersachsen","isPartOf":{"@id":"https:\/\/9staedte.de\/es\/#website"},"primaryImageOfPage":{"@id":"https:\/\/9staedte.de\/es\/9-ciudades-en-baja-sajonia-2\/#primaryimage"},"image":{"@id":"https:\/\/9staedte.de\/es\/9-ciudades-en-baja-sajonia-2\/#primaryimage"},"thumbnailUrl":"https:\/\/9staedte.de\/wp-content\/uploads\/2023\/03\/Hannover-Altstadt-c-HMTG-Christian-Wyrwa.jpg","datePublished":"2023-11-02T08:49:16+00:00","breadcrumb":{"@id":"https:\/\/9staedte.de\/es\/9-ciudades-en-baja-sajonia-2\/#breadcrumb"},"inLanguage":"es","potentialAction":[{"@type":"ReadAction","target":["https:\/\/9staedte.de\/es\/9-ciudades-en-baja-sajonia-2\/"]}]},{"@type":"ImageObject","inLanguage":"es","@id":"https:\/\/9staedte.de\/es\/9-ciudades-en-baja-sajonia-2\/#primaryimage","url":"https:\/\/9staedte.de\/wp-content\/uploads\/2023\/03\/Hannover-Altstadt-c-HMTG-Christian-Wyrwa.jpg","contentUrl":"https:\/\/9staedte.de\/wp-content\/uploads\/2023\/03\/Hannover-Altstadt-c-HMTG-Christian-Wyrwa.jpg","width":860,"height":365,"caption":"[ (c) Christian Wyrwa, Diplom-Foto-Designer (FH), Burgwedeler Str. 91D , 30916 Isernhagen (bei Hannover), Germany, E-Mail: info@wyrwa-foto.de, Tel: +49-511-3945254, Fax:+49-511-1233545, Mobil: +49-171-8340094, 7 % MwSt, St.Nr.: DE 1800903836, Bankverbindung: Konto: 900437952, BLZ 25050180, Sparkasse Hannover, IBAN: DE03250501800900437952; BIC: SPKHDE2HXXX:, Jegliche Verwendung ausserhalb einer journalistischen bedarf einer gesonderten Freigabe.Es gelten ausschlie\u00dflich meine Gesch\u00e4ftsbedingungen (AGB). (Diese k\u00f6nnen eingesehen werden unter: http:\/\/www.wyrwa-foto.de\/Wyrwa-AGB\/Wyrwa_AGB.pdf ) Dieses Lichtbildwerk ist gesetzlich geschuetzt. Nachdruck, Veroeffentlichung und Verwendung nur gegen Honorar (mindestens MFM Liste 2008), Belegexemplar und Autorennennung.: \"Foto: Christian Wyrwa\" , www.freelens.com\/clearing\/, kein Modelrelease vorhanden, no modelrelease] [#0,26,121#]"},{"@type":"BreadcrumbList","@id":"https:\/\/9staedte.de\/es\/9-ciudades-en-baja-sajonia-2\/#breadcrumb","itemListElement":[{"@type":"ListItem","position":1,"name":"Startseite","item":"https:\/\/9staedte.de\/es\/"},{"@type":"ListItem","position":2,"name":"9 ciudades en Baja Sajonia"}]},{"@type":"WebSite","@id":"https:\/\/9staedte.de\/es\/#website","url":"https:\/\/9staedte.de\/es\/","name":"9 St\u00e4dte in Niedersachsen","description":"","publisher":{"@id":"https:\/\/9staedte.de\/es\/#organization"},"potentialAction":[{"@type":"SearchAction","target":{"@type":"EntryPoint","urlTemplate":"https:\/\/9staedte.de\/es\/?s={search_term_string}"},"query-input":{"@type":"PropertyValueSpecification","valueRequired":true,"valueName":"search_term_string"}}],"inLanguage":"es"},{"@type":"Organization","@id":"https:\/\/9staedte.de\/es\/#organization","name":"9 St\u00e4dte in Niedersachsen","url":"https:\/\/9staedte.de\/es\/","logo":{"@type":"ImageObject","inLanguage":"es","@id":"https:\/\/9staedte.de\/es\/#\/schema\/logo\/image\/","url":"https:\/\/9staedte.de\/wp-content\/uploads\/2025\/01\/9-neg-deutsch-2-1.png","contentUrl":"https:\/\/9staedte.de\/wp-content\/uploads\/2025\/01\/9-neg-deutsch-2-1.png","width":190,"height":114,"caption":"9 St\u00e4dte in Niedersachsen"},"image":{"@id":"https:\/\/9staedte.de\/es\/#\/schema\/logo\/image\/"}}]}},"_links":{"self":[{"href":"https:\/\/9staedte.de\/es\/wp-json\/wp\/v2\/pages\/17538","targetHints":{"allow":["GET"]}}],"collection":[{"href":"https:\/\/9staedte.de\/es\/wp-json\/wp\/v2\/pages"}],"about":[{"href":"https:\/\/9staedte.de\/es\/wp-json\/wp\/v2\/types\/page"}],"author":[{"embeddable":true,"href":"https:\/\/9staedte.de\/es\/wp-json\/wp\/v2\/users\/1"}],"replies":[{"embeddable":true,"href":"https:\/\/9staedte.de\/es\/wp-json\/wp\/v2\/comments?post=17538"}],"version-history":[{"count":0,"href":"https:\/\/9staedte.de\/es\/wp-json\/wp\/v2\/pages\/17538\/revisions"}],"wp:featuredmedia":[{"embeddable":true,"href":"https:\/\/9staedte.de\/es\/wp-json\/wp\/v2\/media\/17546"}],"wp:attachment":[{"href":"https:\/\/9staedte.de\/es\/wp-json\/wp\/v2\/media?parent=17538"}],"wp:term":[{"taxonomy":"category","embeddable":true,"href":"https:\/\/9staedte.de\/es\/wp-json\/wp\/v2\/categories?post=17538"},{"taxonomy":"post_tag","embeddable":true,"href":"https:\/\/9staedte.de\/es\/wp-json\/wp\/v2\/tags?post=17538"},{"taxonomy":"ncap_cities_tax","embeddable":true,"href":"https:\/\/9staedte.de\/es\/wp-json\/wp\/v2\/ncap_cities_tax?post=17538"}],"curies":[{"name":"wp","href":"https:\/\/api.w.org\/{rel}","templated":true}]}}