{"id":17529,"date":"2023-11-02T09:49:15","date_gmt":"2023-11-02T08:49:15","guid":{"rendered":"https:\/\/9staedte.de\/9-ciudades-en-baja-sajonia\/"},"modified":"2023-11-02T09:49:15","modified_gmt":"2023-11-02T08:49:15","slug":"9-ciudades-en-baja-sajonia","status":"publish","type":"page","link":"https:\/\/9staedte.de\/es\/9-ciudades-en-baja-sajonia\/","title":{"rendered":"9 ciudades en Baja Sajonia"},"content":{"rendered":"\n<p><strong>9 villages in Niedersachsen:<\/strong><\/p>\n\n\n\n<p>\u00a1Il y a une infinit\u00e9 de visiter les 9 villes! Las manifestaciones culturales ricas en tradici\u00f3n, los sitios del patrimonio mundial clasificados por la UNESCO, las ciudades hist\u00f3ricas de la Edad Media, los id\u00edlicos conjuntos de casas colombinas, la agradable hospitalidad, los modernos puestos de mercado, los encantadores espect\u00e1culos&#8230;<\/p>\n\n\n\n<p>Planifique su visita a las 9 ciudades. Cada uno de estos pueblos posee un encanto \u00fanico y singular que lo hace fascinante. La visita a uno o varios de estos pueblos se completa con una excursi\u00f3n por las tierras de Luneburgo, las monta\u00f1as del Harz o la regi\u00f3n monta\u00f1osa del Weser. El aeropuerto central del norte de Alemania, el de Hanovre, as\u00ed como las \u00f3ptimas conexiones por autopista y ferrocarril hacen que el viaje sea agradable.<\/p>\n\n\n\n<p>Conecte su viaje a trav\u00e9s de la historia con un recorrido por el mundo inspirado en el Autostadt de Wolfsbourg. Viva experiencias en el futuro de la movilidad, viaje al pasado de la historia del autom\u00f3vil y explore el universo de las tecnolog\u00edas y las innovaciones.<\/p>\n\n\n\n<div style=\"height:60px\" aria-hidden=\"true\" class=\"wp-block-spacer\"><\/div>\n\n\n\n<div class=\"content-grid\">\n\n\n  \n  <div class=\"grid\">\n                        \n                    \n          <div class=\"featured-themen-single\">\n            <div class=\"featured-themen-single-inner\" style=\"background-image: url('')\">\n              \n              <a href=\"https:\/\/9staedte.de\/braunschweig-brunswick-grande-ville-animee-et-historique\/\">\n                <span>Braunschweig (Brunswick) \u2013 Grande ville anim\u00e9e et historique<\/span>\n              <\/a>\n            <\/div>\n          <\/div>\n    \n          \n                  \n                    \n          <div class=\"featured-themen-single\">\n            <div class=\"featured-themen-single-inner\" style=\"background-image: url('')\">\n              \n              <a href=\"https:\/\/9staedte.de\/celle-charmante-ville-residentielle-comptant-le-plus-grand-nombre-de-maisons-a-colombages-deurope\/\">\n                <span>Celle \u2013 Charmante ville r\u00e9sidentielle comptant le plus grand nombre de maisons \u00e0 colombages d\u2019Europe<\/span>\n              <\/a>\n            <\/div>\n          <\/div>\n    \n          \n                  \n                    \n          <div class=\"featured-themen-single\">\n            <div class=\"featured-themen-single-inner\" style=\"background-image: url('')\">\n              \n              <a href=\"https:\/\/9staedte.de\/einbeck-vehicules-anciens-maisons-a-colombages-et-biere\/\">\n                <span>Einbeck \u2013 V\u00e9hicules anciens, maisons \u00e0 colombages et bi\u00e8re<\/span>\n              <\/a>\n            <\/div>\n          <\/div>\n    \n          \n                  \n                    \n          <div class=\"featured-themen-single\">\n            <div class=\"featured-themen-single-inner\" style=\"background-image: url('')\">\n              \n              <a href=\"https:\/\/9staedte.de\/goettingen-ville-creatrice-de-savoir\/\">\n                <span>G\u00f6ttingen \u2013 Ville cr\u00e9atrice de savoir<\/span>\n              <\/a>\n            <\/div>\n          <\/div>\n    \n          \n                  \n                    \n          <div class=\"featured-themen-single\">\n            <div class=\"featured-themen-single-inner\" style=\"background-image: url('')\">\n              \n              <a href=\"https:\/\/9staedte.de\/goslar-patrimoine-culturel-mondial-au-coeur-du-harz\/\">\n                <span>Goslar \u2013 Patrimoine culturel mondial au coeur du Harz<\/span>\n              <\/a>\n            <\/div>\n          <\/div>\n    \n          \n                  \n                    \n          <div class=\"featured-themen-single\">\n            <div class=\"featured-themen-single-inner\" style=\"background-image: url('')\">\n              \n              <a href=\"https:\/\/9staedte.de\/hameln-hamelin-la-ville-du-joueur-de-flute\/\">\n                <span>Hameln (Hamelin) \u2013 La ville du Joueur de fl\u00fbte<\/span>\n              <\/a>\n            <\/div>\n          <\/div>\n    \n          \n                  \n                    \n          <div class=\"featured-themen-single\">\n            <div class=\"featured-themen-single-inner\" style=\"background-image: url('')\">\n              \n              <a href=\"https:\/\/9staedte.de\/hannover-hanovre-une-ville-attachante-ou-il-fait-bon-vivre\/\">\n                <span>Hannover (Hanovre) \u2013 Une ville attachante o\u00f9 il fait bon vivre<\/span>\n              <\/a>\n            <\/div>\n          <\/div>\n    \n          \n                  \n                    \n          <div class=\"featured-themen-single\">\n            <div class=\"featured-themen-single-inner\" style=\"background-image: url('')\">\n              \n              <a href=\"https:\/\/9staedte.de\/hildesheim-une-ville-empreinte-de-culture-et-dhistoire-connue-pour-ses-maisons-a-colombages\/\">\n                <span>Hildesheim \u2013 Une ville empreinte de culture et d\u2019histoire connue pour ses maisons \u00e0 colombages<\/span>\n              <\/a>\n            <\/div>\n          <\/div>\n    \n          \n                  \n                    \n          <div class=\"featured-themen-single\">\n            <div class=\"featured-themen-single-inner\" style=\"background-image: url('')\">\n              \n              <a href=\"https:\/\/9staedte.de\/wolfenbuettel-maisons-a-colombages-et-jaegermeister\/\">\n                <span>Wolfenb\u00fcttel \u2013 Maisons \u00e0 colombages et J\u00e4germeister<\/span>\n              <\/a>\n            <\/div>\n          <\/div>\n    \n          \n                  \n                    \n          <div class=\"featured-themen-single\">\n            <div class=\"featured-themen-single-inner\" style=\"background-image: url('')\">\n              \n              <a href=\"https:\/\/9staedte.de\/autostadt-a-wolfsburg-une-immersion-dans-lunivers-de-la-mobilite\/\">\n                <span>Autostadt \u00e0 Wolfsburg \u2013 Une immersion dans l\u2019univers de la mobilit\u00e9<\/span>\n              <\/a>\n            <\/div>\n          <\/div>\n    \n          \n                          \n        <\/div>\n<\/div>","protected":false},"excerpt":{"rendered":"<p>9 villages in Niedersachsen: \u00a1Il y a une infinit\u00e9 de visiter les 9 villes! Las manifestaciones culturales ricas en tradici\u00f3n, los sitios del patrimonio mundial clasificados por la UNESCO, las ciudades hist\u00f3ricas de la Edad Media, los id\u00edlicos conjuntos de casas colombinas, la agradable hospitalidad, los modernos puestos de mercado, los encantadores espect\u00e1culos&#8230; Planifique su [&hellip;]<\/p>\n","protected":false},"author":1,"featured_media":0,"parent":0,"menu_order":0,"comment_status":"closed","ping_status":"closed","template":"","meta":{"_acf_changed":false,"footnotes":""},"categories":[],"tags":[],"ncap_cities_tax":[],"class_list":["post-17529","page","type-page","status-publish","hentry"],"acf":[],"yoast_head":"<!-- This site is optimized with the Yoast SEO plugin v26.8 - https:\/\/yoast.com\/product\/yoast-seo-wordpress\/ -->\n<title>9 ciudades en Baja Sajonia - 9 St\u00e4dte in Niedersachsen<\/title>\n<meta name=\"robots\" content=\"index, follow, max-snippet:-1, max-image-preview:large, max-video-preview:-1\" \/>\n<link rel=\"canonical\" href=\"https:\/\/9staedte.de\/es\/9-ciudades-en-baja-sajonia\/\" \/>\n<meta property=\"og:locale\" content=\"es_ES\" \/>\n<meta property=\"og:type\" content=\"article\" \/>\n<meta property=\"og:title\" content=\"9 ciudades en Baja Sajonia - 9 St\u00e4dte in Niedersachsen\" \/>\n<meta property=\"og:description\" content=\"9 villages in Niedersachsen: \u00a1Il y a une infinit\u00e9 de visiter les 9 villes! Las manifestaciones culturales ricas en tradici\u00f3n, los sitios del patrimonio mundial clasificados por la UNESCO, las ciudades hist\u00f3ricas de la Edad Media, los id\u00edlicos conjuntos de casas colombinas, la agradable hospitalidad, los modernos puestos de mercado, los encantadores espect\u00e1culos&#8230; Planifique su [&hellip;]\" \/>\n<meta property=\"og:url\" content=\"https:\/\/9staedte.de\/es\/9-ciudades-en-baja-sajonia\/\" \/>\n<meta property=\"og:site_name\" content=\"9 St\u00e4dte in Niedersachsen\" \/>\n<meta name=\"twitter:card\" content=\"summary_large_image\" \/>\n<meta name=\"twitter:label1\" content=\"Tiempo de lectura\" \/>\n\t<meta name=\"twitter:data1\" content=\"1 minuto\" \/>\n<script type=\"application\/ld+json\" class=\"yoast-schema-graph\">{\"@context\":\"https:\/\/schema.org\",\"@graph\":[{\"@type\":\"WebPage\",\"@id\":\"https:\/\/9staedte.de\/es\/9-ciudades-en-baja-sajonia\/\",\"url\":\"https:\/\/9staedte.de\/es\/9-ciudades-en-baja-sajonia\/\",\"name\":\"9 ciudades en Baja Sajonia - 9 St\u00e4dte in Niedersachsen\",\"isPartOf\":{\"@id\":\"https:\/\/9staedte.de\/es\/#website\"},\"datePublished\":\"2023-11-02T08:49:15+00:00\",\"breadcrumb\":{\"@id\":\"https:\/\/9staedte.de\/es\/9-ciudades-en-baja-sajonia\/#breadcrumb\"},\"inLanguage\":\"es\",\"potentialAction\":[{\"@type\":\"ReadAction\",\"target\":[\"https:\/\/9staedte.de\/es\/9-ciudades-en-baja-sajonia\/\"]}]},{\"@type\":\"BreadcrumbList\",\"@id\":\"https:\/\/9staedte.de\/es\/9-ciudades-en-baja-sajonia\/#breadcrumb\",\"itemListElement\":[{\"@type\":\"ListItem\",\"position\":1,\"name\":\"Startseite\",\"item\":\"https:\/\/9staedte.de\/es\/\"},{\"@type\":\"ListItem\",\"position\":2,\"name\":\"9 ciudades en Baja Sajonia\"}]},{\"@type\":\"WebSite\",\"@id\":\"https:\/\/9staedte.de\/es\/#website\",\"url\":\"https:\/\/9staedte.de\/es\/\",\"name\":\"9 St\u00e4dte in Niedersachsen\",\"description\":\"\",\"publisher\":{\"@id\":\"https:\/\/9staedte.de\/es\/#organization\"},\"potentialAction\":[{\"@type\":\"SearchAction\",\"target\":{\"@type\":\"EntryPoint\",\"urlTemplate\":\"https:\/\/9staedte.de\/es\/?s={search_term_string}\"},\"query-input\":{\"@type\":\"PropertyValueSpecification\",\"valueRequired\":true,\"valueName\":\"search_term_string\"}}],\"inLanguage\":\"es\"},{\"@type\":\"Organization\",\"@id\":\"https:\/\/9staedte.de\/es\/#organization\",\"name\":\"9 St\u00e4dte in Niedersachsen\",\"url\":\"https:\/\/9staedte.de\/es\/\",\"logo\":{\"@type\":\"ImageObject\",\"inLanguage\":\"es\",\"@id\":\"https:\/\/9staedte.de\/es\/#\/schema\/logo\/image\/\",\"url\":\"https:\/\/9staedte.de\/wp-content\/uploads\/2025\/01\/9-neg-deutsch-2-1.png\",\"contentUrl\":\"https:\/\/9staedte.de\/wp-content\/uploads\/2025\/01\/9-neg-deutsch-2-1.png\",\"width\":190,\"height\":114,\"caption\":\"9 St\u00e4dte in Niedersachsen\"},\"image\":{\"@id\":\"https:\/\/9staedte.de\/es\/#\/schema\/logo\/image\/\"}}]}<\/script>\n<!-- \/ Yoast SEO plugin. -->","yoast_head_json":{"title":"9 ciudades en Baja Sajonia - 9 St\u00e4dte in Niedersachsen","robots":{"index":"index","follow":"follow","max-snippet":"max-snippet:-1","max-image-preview":"max-image-preview:large","max-video-preview":"max-video-preview:-1"},"canonical":"https:\/\/9staedte.de\/es\/9-ciudades-en-baja-sajonia\/","og_locale":"es_ES","og_type":"article","og_title":"9 ciudades en Baja Sajonia - 9 St\u00e4dte in Niedersachsen","og_description":"9 villages in Niedersachsen: \u00a1Il y a une infinit\u00e9 de visiter les 9 villes! Las manifestaciones culturales ricas en tradici\u00f3n, los sitios del patrimonio mundial clasificados por la UNESCO, las ciudades hist\u00f3ricas de la Edad Media, los id\u00edlicos conjuntos de casas colombinas, la agradable hospitalidad, los modernos puestos de mercado, los encantadores espect\u00e1culos&#8230; Planifique su [&hellip;]","og_url":"https:\/\/9staedte.de\/es\/9-ciudades-en-baja-sajonia\/","og_site_name":"9 St\u00e4dte in Niedersachsen","twitter_card":"summary_large_image","twitter_misc":{"Tiempo de lectura":"1 minuto"},"schema":{"@context":"https:\/\/schema.org","@graph":[{"@type":"WebPage","@id":"https:\/\/9staedte.de\/es\/9-ciudades-en-baja-sajonia\/","url":"https:\/\/9staedte.de\/es\/9-ciudades-en-baja-sajonia\/","name":"9 ciudades en Baja Sajonia - 9 St\u00e4dte in Niedersachsen","isPartOf":{"@id":"https:\/\/9staedte.de\/es\/#website"},"datePublished":"2023-11-02T08:49:15+00:00","breadcrumb":{"@id":"https:\/\/9staedte.de\/es\/9-ciudades-en-baja-sajonia\/#breadcrumb"},"inLanguage":"es","potentialAction":[{"@type":"ReadAction","target":["https:\/\/9staedte.de\/es\/9-ciudades-en-baja-sajonia\/"]}]},{"@type":"BreadcrumbList","@id":"https:\/\/9staedte.de\/es\/9-ciudades-en-baja-sajonia\/#breadcrumb","itemListElement":[{"@type":"ListItem","position":1,"name":"Startseite","item":"https:\/\/9staedte.de\/es\/"},{"@type":"ListItem","position":2,"name":"9 ciudades en Baja Sajonia"}]},{"@type":"WebSite","@id":"https:\/\/9staedte.de\/es\/#website","url":"https:\/\/9staedte.de\/es\/","name":"9 St\u00e4dte in Niedersachsen","description":"","publisher":{"@id":"https:\/\/9staedte.de\/es\/#organization"},"potentialAction":[{"@type":"SearchAction","target":{"@type":"EntryPoint","urlTemplate":"https:\/\/9staedte.de\/es\/?s={search_term_string}"},"query-input":{"@type":"PropertyValueSpecification","valueRequired":true,"valueName":"search_term_string"}}],"inLanguage":"es"},{"@type":"Organization","@id":"https:\/\/9staedte.de\/es\/#organization","name":"9 St\u00e4dte in Niedersachsen","url":"https:\/\/9staedte.de\/es\/","logo":{"@type":"ImageObject","inLanguage":"es","@id":"https:\/\/9staedte.de\/es\/#\/schema\/logo\/image\/","url":"https:\/\/9staedte.de\/wp-content\/uploads\/2025\/01\/9-neg-deutsch-2-1.png","contentUrl":"https:\/\/9staedte.de\/wp-content\/uploads\/2025\/01\/9-neg-deutsch-2-1.png","width":190,"height":114,"caption":"9 St\u00e4dte in Niedersachsen"},"image":{"@id":"https:\/\/9staedte.de\/es\/#\/schema\/logo\/image\/"}}]}},"_links":{"self":[{"href":"https:\/\/9staedte.de\/es\/wp-json\/wp\/v2\/pages\/17529","targetHints":{"allow":["GET"]}}],"collection":[{"href":"https:\/\/9staedte.de\/es\/wp-json\/wp\/v2\/pages"}],"about":[{"href":"https:\/\/9staedte.de\/es\/wp-json\/wp\/v2\/types\/page"}],"author":[{"embeddable":true,"href":"https:\/\/9staedte.de\/es\/wp-json\/wp\/v2\/users\/1"}],"replies":[{"embeddable":true,"href":"https:\/\/9staedte.de\/es\/wp-json\/wp\/v2\/comments?post=17529"}],"version-history":[{"count":0,"href":"https:\/\/9staedte.de\/es\/wp-json\/wp\/v2\/pages\/17529\/revisions"}],"wp:attachment":[{"href":"https:\/\/9staedte.de\/es\/wp-json\/wp\/v2\/media?parent=17529"}],"wp:term":[{"taxonomy":"category","embeddable":true,"href":"https:\/\/9staedte.de\/es\/wp-json\/wp\/v2\/categories?post=17529"},{"taxonomy":"post_tag","embeddable":true,"href":"https:\/\/9staedte.de\/es\/wp-json\/wp\/v2\/tags?post=17529"},{"taxonomy":"ncap_cities_tax","embeddable":true,"href":"https:\/\/9staedte.de\/es\/wp-json\/wp\/v2\/ncap_cities_tax?post=17529"}],"curies":[{"name":"wp","href":"https:\/\/api.w.org\/{rel}","templated":true}]}}