{"id":17528,"date":"2023-11-02T09:49:15","date_gmt":"2023-11-02T08:49:15","guid":{"rendered":"https:\/\/9staedte.de\/conferencias-y-congresos-en-braunschweig\/"},"modified":"2023-11-02T17:20:24","modified_gmt":"2023-11-02T16:20:24","slug":"conferencias-y-congresos-en-braunschweig","status":"publish","type":"page","link":"https:\/\/9staedte.de\/es\/braunschweig-la-ciudad-del-leon\/conferencias-y-congresos-en-braunschweig\/","title":{"rendered":"Conferencias y congresos en Braunschweig"},"content":{"rendered":"\n<h2 class=\"wp-block-heading\">Reuniones en la Ciudad de Le\u00f3n<\/h2>\n\n\n\n<p>Celebre sus conferencias y congresos en Braunschweig, ciudad de la ciencia, la investigaci\u00f3n y la tecnolog\u00eda. Una ciudad de congresos con condiciones \u00f3ptimas para las reuniones.<\/p>\n\n\n\n<p>Braunschweig sorprende: esta gran ciudad de 250.000 habitantes es una de las regiones europeas con mayor intensidad investigadora. M\u00e1s de 15.000 personas trabajan e investigan aqu\u00ed en 250 empresas del sector de alta tecnolog\u00eda y 27 instituciones de investigaci\u00f3n de importancia internacional. En una comparaci\u00f3n nacional de regiones, Braunschweig ocupa el primer lugar en cuanto a proporci\u00f3n de personas empleadas en la ciencia. En este animado lugar de investigaci\u00f3n, el Convention Bureau Braunschweig ofrece un amplio apoyo en la planificaci\u00f3n y realizaci\u00f3n de reuniones y congresos y promete, mediante ideas creativas y una preparaci\u00f3n intensiva, que cada evento ser\u00e1 una experiencia.<\/p>\n\n\n\n<p>Y aqu\u00ed hay muchas experiencias. Braunschweig es una gran ciudad que ha crecido hist\u00f3ricamente y que ofrece un amplio programa de ayudas. Los participantes en la conferencia quedar\u00e1n encantados con los numerosos lugares de inter\u00e9s y las atractivas actividades de ocio. A ello contribuye tambi\u00e9n la variada oferta cultural, con museos de renombre, destacados espect\u00e1culos teatrales y conciertos, exposiciones de arte y acontecimientos deportivos. Adem\u00e1s, hay restaurantes con una variada oferta: desde veganos hasta filetes de Wagyu. Por la noche, varios clubes y bares con distintos g\u00e9neros musicales ofrecen suficientes opciones para dejarse caer en la noche tras un d\u00eda de mucho ajetreo. Encantadores destinos de excursi\u00f3n en los alrededores completan las opciones del programa.<\/p>\n\n\n\n<div class=\"content-grid\">\n\n\n  \n  <div class=\"grid\">\n                        \n                    \n          <div class=\"featured-themen-single\">\n            <div class=\"featured-themen-single-inner\" style=\"background-image: url('https:\/\/9staedte.de\/wp-content\/smush-webp\/2022\/07\/Staatstheater-Braunschweig-c-Staatstheater-Braunshweig-Stefan-Koch.jpg.webp')\">\n              \n              <a href=\"https:\/\/9staedte.de\/es\/ofertas-y-servicios-del-convention-bureau-braunschweig\/\">\n                <span>Ofertas y servicios del Convention Bureau Braunschweig<\/span>\n              <\/a>\n            <\/div>\n          <\/div>\n    \n          \n                  \n                    \n          <div class=\"featured-themen-single\">\n            <div class=\"featured-themen-single-inner\" style=\"background-image: url('https:\/\/9staedte.de\/wp-content\/smush-webp\/2022\/06\/Flossfahrt-Oker-c-Braunschweig-Stadtmarketing-Gerald-Grote1.jpg.webp')\">\n              \n              <a href=\"https:\/\/9staedte.de\/es\/reserve-sus-proximas-reuniones-y-congresos-en-braunschweig\/\">\n                <span>Reserve sus pr\u00f3ximas reuniones y congresos en Braunschweig<\/span>\n              <\/a>\n            <\/div>\n          <\/div>\n    \n          \n                  \n                    \n          <div class=\"featured-themen-single\">\n            <div class=\"featured-themen-single-inner\" style=\"background-image: url('https:\/\/9staedte.de\/wp-content\/smush-webp\/2022\/07\/Stadthalle-Braunschweig-c-Stadthalle-Braunschweig.jpg.webp')\">\n              \n              <a href=\"https:\/\/9staedte.de\/es\/nuestros-9-consejos-para-conferencias-y-congresos-en-braunschweig\/\">\n                <span>Nuestros 9 consejos para conferencias y congresos en Braunschweig<\/span>\n              <\/a>\n            <\/div>\n          <\/div>\n    \n          \n                          \n        <\/div>\n<\/div>","protected":false},"excerpt":{"rendered":"<p>Reuniones en la Ciudad de Le\u00f3n Celebre sus conferencias y congresos en Braunschweig, ciudad de la ciencia, la investigaci\u00f3n y la tecnolog\u00eda. Una ciudad de congresos con condiciones \u00f3ptimas para las reuniones. Braunschweig sorprende: esta gran ciudad de 250.000 habitantes es una de las regiones europeas con mayor intensidad investigadora. M\u00e1s de 15.000 personas trabajan [&hellip;]<\/p>\n","protected":false},"author":1,"featured_media":17523,"parent":17645,"menu_order":0,"comment_status":"closed","ping_status":"closed","template":"pagetemplates\/template-stadtthema.php","meta":{"_acf_changed":false,"footnotes":""},"categories":[],"tags":[],"ncap_cities_tax":[422,1131],"class_list":["post-17528","page","type-page","status-publish","has-post-thumbnail","hentry","ncap_cities_tax-braunschweig-es","ncap_cities_tax-tagungen-und-kongresse-braunschweig-es"],"acf":[],"yoast_head":"<!-- This site is optimized with the Yoast SEO plugin v26.8 - https:\/\/yoast.com\/product\/yoast-seo-wordpress\/ -->\n<title>Conferencias y congresos en Braunschweig - 9 St\u00e4dte in Niedersachsen<\/title>\n<meta name=\"robots\" content=\"index, follow, max-snippet:-1, max-image-preview:large, max-video-preview:-1\" \/>\n<link rel=\"canonical\" href=\"https:\/\/9staedte.de\/es\/braunschweig-la-ciudad-del-leon\/conferencias-y-congresos-en-braunschweig\/\" \/>\n<meta property=\"og:locale\" content=\"es_ES\" \/>\n<meta property=\"og:type\" content=\"article\" \/>\n<meta property=\"og:title\" content=\"Conferencias y congresos en Braunschweig - 9 St\u00e4dte in Niedersachsen\" \/>\n<meta property=\"og:description\" content=\"Reuniones en la Ciudad de Le\u00f3n Celebre sus conferencias y congresos en Braunschweig, ciudad de la ciencia, la investigaci\u00f3n y la tecnolog\u00eda. Una ciudad de congresos con condiciones \u00f3ptimas para las reuniones. Braunschweig sorprende: esta gran ciudad de 250.000 habitantes es una de las regiones europeas con mayor intensidad investigadora. M\u00e1s de 15.000 personas trabajan [&hellip;]\" \/>\n<meta property=\"og:url\" content=\"https:\/\/9staedte.de\/es\/braunschweig-la-ciudad-del-leon\/conferencias-y-congresos-en-braunschweig\/\" \/>\n<meta property=\"og:site_name\" content=\"9 St\u00e4dte in Niedersachsen\" \/>\n<meta property=\"article:modified_time\" content=\"2023-11-02T16:20:24+00:00\" \/>\n<meta property=\"og:image\" content=\"https:\/\/9staedte.de\/wp-content\/uploads\/2023\/01\/Burgplatz-bei-Nacht-c-Braunschweig-Stadtmarketing-Steffen-und-Bach.jpg\" \/>\n\t<meta property=\"og:image:width\" content=\"1020\" \/>\n\t<meta property=\"og:image:height\" content=\"558\" \/>\n\t<meta property=\"og:image:type\" content=\"image\/jpeg\" \/>\n<meta name=\"twitter:card\" content=\"summary_large_image\" \/>\n<meta name=\"twitter:label1\" content=\"Tiempo de lectura\" \/>\n\t<meta name=\"twitter:data1\" content=\"2 minutos\" \/>\n<script type=\"application\/ld+json\" class=\"yoast-schema-graph\">{\"@context\":\"https:\/\/schema.org\",\"@graph\":[{\"@type\":\"WebPage\",\"@id\":\"https:\/\/9staedte.de\/es\/braunschweig-la-ciudad-del-leon\/conferencias-y-congresos-en-braunschweig\/\",\"url\":\"https:\/\/9staedte.de\/es\/braunschweig-la-ciudad-del-leon\/conferencias-y-congresos-en-braunschweig\/\",\"name\":\"Conferencias y congresos en Braunschweig - 9 St\u00e4dte in Niedersachsen\",\"isPartOf\":{\"@id\":\"https:\/\/9staedte.de\/es\/#website\"},\"primaryImageOfPage\":{\"@id\":\"https:\/\/9staedte.de\/es\/braunschweig-la-ciudad-del-leon\/conferencias-y-congresos-en-braunschweig\/#primaryimage\"},\"image\":{\"@id\":\"https:\/\/9staedte.de\/es\/braunschweig-la-ciudad-del-leon\/conferencias-y-congresos-en-braunschweig\/#primaryimage\"},\"thumbnailUrl\":\"https:\/\/9staedte.de\/wp-content\/uploads\/2023\/01\/Burgplatz-bei-Nacht-c-Braunschweig-Stadtmarketing-Steffen-und-Bach.jpg\",\"datePublished\":\"2023-11-02T08:49:15+00:00\",\"dateModified\":\"2023-11-02T16:20:24+00:00\",\"breadcrumb\":{\"@id\":\"https:\/\/9staedte.de\/es\/braunschweig-la-ciudad-del-leon\/conferencias-y-congresos-en-braunschweig\/#breadcrumb\"},\"inLanguage\":\"es\",\"potentialAction\":[{\"@type\":\"ReadAction\",\"target\":[\"https:\/\/9staedte.de\/es\/braunschweig-la-ciudad-del-leon\/conferencias-y-congresos-en-braunschweig\/\"]}]},{\"@type\":\"ImageObject\",\"inLanguage\":\"es\",\"@id\":\"https:\/\/9staedte.de\/es\/braunschweig-la-ciudad-del-leon\/conferencias-y-congresos-en-braunschweig\/#primaryimage\",\"url\":\"https:\/\/9staedte.de\/wp-content\/uploads\/2023\/01\/Burgplatz-bei-Nacht-c-Braunschweig-Stadtmarketing-Steffen-und-Bach.jpg\",\"contentUrl\":\"https:\/\/9staedte.de\/wp-content\/uploads\/2023\/01\/Burgplatz-bei-Nacht-c-Braunschweig-Stadtmarketing-Steffen-und-Bach.jpg\",\"width\":1020,\"height\":558,\"caption\":\"Burgplatz bei Nacht c) Braunschweig Stadtmarketing Steffen und Bach\"},{\"@type\":\"BreadcrumbList\",\"@id\":\"https:\/\/9staedte.de\/es\/braunschweig-la-ciudad-del-leon\/conferencias-y-congresos-en-braunschweig\/#breadcrumb\",\"itemListElement\":[{\"@type\":\"ListItem\",\"position\":1,\"name\":\"Startseite\",\"item\":\"https:\/\/9staedte.de\/es\/\"},{\"@type\":\"ListItem\",\"position\":2,\"name\":\"Braunschweig &#8211; City of Lions\",\"item\":\"https:\/\/9staedte.de\/es\/braunschweig-la-ciudad-del-leon\/\"},{\"@type\":\"ListItem\",\"position\":3,\"name\":\"Conferencias y congresos en Braunschweig\"}]},{\"@type\":\"WebSite\",\"@id\":\"https:\/\/9staedte.de\/es\/#website\",\"url\":\"https:\/\/9staedte.de\/es\/\",\"name\":\"9 St\u00e4dte in Niedersachsen\",\"description\":\"\",\"publisher\":{\"@id\":\"https:\/\/9staedte.de\/es\/#organization\"},\"potentialAction\":[{\"@type\":\"SearchAction\",\"target\":{\"@type\":\"EntryPoint\",\"urlTemplate\":\"https:\/\/9staedte.de\/es\/?s={search_term_string}\"},\"query-input\":{\"@type\":\"PropertyValueSpecification\",\"valueRequired\":true,\"valueName\":\"search_term_string\"}}],\"inLanguage\":\"es\"},{\"@type\":\"Organization\",\"@id\":\"https:\/\/9staedte.de\/es\/#organization\",\"name\":\"9 St\u00e4dte in Niedersachsen\",\"url\":\"https:\/\/9staedte.de\/es\/\",\"logo\":{\"@type\":\"ImageObject\",\"inLanguage\":\"es\",\"@id\":\"https:\/\/9staedte.de\/es\/#\/schema\/logo\/image\/\",\"url\":\"https:\/\/9staedte.de\/wp-content\/uploads\/2025\/01\/9-neg-deutsch-2-1.png\",\"contentUrl\":\"https:\/\/9staedte.de\/wp-content\/uploads\/2025\/01\/9-neg-deutsch-2-1.png\",\"width\":190,\"height\":114,\"caption\":\"9 St\u00e4dte in Niedersachsen\"},\"image\":{\"@id\":\"https:\/\/9staedte.de\/es\/#\/schema\/logo\/image\/\"}}]}<\/script>\n<!-- \/ Yoast SEO plugin. -->","yoast_head_json":{"title":"Conferencias y congresos en Braunschweig - 9 St\u00e4dte in Niedersachsen","robots":{"index":"index","follow":"follow","max-snippet":"max-snippet:-1","max-image-preview":"max-image-preview:large","max-video-preview":"max-video-preview:-1"},"canonical":"https:\/\/9staedte.de\/es\/braunschweig-la-ciudad-del-leon\/conferencias-y-congresos-en-braunschweig\/","og_locale":"es_ES","og_type":"article","og_title":"Conferencias y congresos en Braunschweig - 9 St\u00e4dte in Niedersachsen","og_description":"Reuniones en la Ciudad de Le\u00f3n Celebre sus conferencias y congresos en Braunschweig, ciudad de la ciencia, la investigaci\u00f3n y la tecnolog\u00eda. Una ciudad de congresos con condiciones \u00f3ptimas para las reuniones. Braunschweig sorprende: esta gran ciudad de 250.000 habitantes es una de las regiones europeas con mayor intensidad investigadora. M\u00e1s de 15.000 personas trabajan [&hellip;]","og_url":"https:\/\/9staedte.de\/es\/braunschweig-la-ciudad-del-leon\/conferencias-y-congresos-en-braunschweig\/","og_site_name":"9 St\u00e4dte in Niedersachsen","article_modified_time":"2023-11-02T16:20:24+00:00","og_image":[{"width":1020,"height":558,"url":"https:\/\/9staedte.de\/wp-content\/uploads\/2023\/01\/Burgplatz-bei-Nacht-c-Braunschweig-Stadtmarketing-Steffen-und-Bach.jpg","type":"image\/jpeg"}],"twitter_card":"summary_large_image","twitter_misc":{"Tiempo de lectura":"2 minutos"},"schema":{"@context":"https:\/\/schema.org","@graph":[{"@type":"WebPage","@id":"https:\/\/9staedte.de\/es\/braunschweig-la-ciudad-del-leon\/conferencias-y-congresos-en-braunschweig\/","url":"https:\/\/9staedte.de\/es\/braunschweig-la-ciudad-del-leon\/conferencias-y-congresos-en-braunschweig\/","name":"Conferencias y congresos en Braunschweig - 9 St\u00e4dte in Niedersachsen","isPartOf":{"@id":"https:\/\/9staedte.de\/es\/#website"},"primaryImageOfPage":{"@id":"https:\/\/9staedte.de\/es\/braunschweig-la-ciudad-del-leon\/conferencias-y-congresos-en-braunschweig\/#primaryimage"},"image":{"@id":"https:\/\/9staedte.de\/es\/braunschweig-la-ciudad-del-leon\/conferencias-y-congresos-en-braunschweig\/#primaryimage"},"thumbnailUrl":"https:\/\/9staedte.de\/wp-content\/uploads\/2023\/01\/Burgplatz-bei-Nacht-c-Braunschweig-Stadtmarketing-Steffen-und-Bach.jpg","datePublished":"2023-11-02T08:49:15+00:00","dateModified":"2023-11-02T16:20:24+00:00","breadcrumb":{"@id":"https:\/\/9staedte.de\/es\/braunschweig-la-ciudad-del-leon\/conferencias-y-congresos-en-braunschweig\/#breadcrumb"},"inLanguage":"es","potentialAction":[{"@type":"ReadAction","target":["https:\/\/9staedte.de\/es\/braunschweig-la-ciudad-del-leon\/conferencias-y-congresos-en-braunschweig\/"]}]},{"@type":"ImageObject","inLanguage":"es","@id":"https:\/\/9staedte.de\/es\/braunschweig-la-ciudad-del-leon\/conferencias-y-congresos-en-braunschweig\/#primaryimage","url":"https:\/\/9staedte.de\/wp-content\/uploads\/2023\/01\/Burgplatz-bei-Nacht-c-Braunschweig-Stadtmarketing-Steffen-und-Bach.jpg","contentUrl":"https:\/\/9staedte.de\/wp-content\/uploads\/2023\/01\/Burgplatz-bei-Nacht-c-Braunschweig-Stadtmarketing-Steffen-und-Bach.jpg","width":1020,"height":558,"caption":"Burgplatz bei Nacht c) Braunschweig Stadtmarketing Steffen und Bach"},{"@type":"BreadcrumbList","@id":"https:\/\/9staedte.de\/es\/braunschweig-la-ciudad-del-leon\/conferencias-y-congresos-en-braunschweig\/#breadcrumb","itemListElement":[{"@type":"ListItem","position":1,"name":"Startseite","item":"https:\/\/9staedte.de\/es\/"},{"@type":"ListItem","position":2,"name":"Braunschweig &#8211; City of Lions","item":"https:\/\/9staedte.de\/es\/braunschweig-la-ciudad-del-leon\/"},{"@type":"ListItem","position":3,"name":"Conferencias y congresos en Braunschweig"}]},{"@type":"WebSite","@id":"https:\/\/9staedte.de\/es\/#website","url":"https:\/\/9staedte.de\/es\/","name":"9 St\u00e4dte in Niedersachsen","description":"","publisher":{"@id":"https:\/\/9staedte.de\/es\/#organization"},"potentialAction":[{"@type":"SearchAction","target":{"@type":"EntryPoint","urlTemplate":"https:\/\/9staedte.de\/es\/?s={search_term_string}"},"query-input":{"@type":"PropertyValueSpecification","valueRequired":true,"valueName":"search_term_string"}}],"inLanguage":"es"},{"@type":"Organization","@id":"https:\/\/9staedte.de\/es\/#organization","name":"9 St\u00e4dte in Niedersachsen","url":"https:\/\/9staedte.de\/es\/","logo":{"@type":"ImageObject","inLanguage":"es","@id":"https:\/\/9staedte.de\/es\/#\/schema\/logo\/image\/","url":"https:\/\/9staedte.de\/wp-content\/uploads\/2025\/01\/9-neg-deutsch-2-1.png","contentUrl":"https:\/\/9staedte.de\/wp-content\/uploads\/2025\/01\/9-neg-deutsch-2-1.png","width":190,"height":114,"caption":"9 St\u00e4dte in Niedersachsen"},"image":{"@id":"https:\/\/9staedte.de\/es\/#\/schema\/logo\/image\/"}}]}},"_links":{"self":[{"href":"https:\/\/9staedte.de\/es\/wp-json\/wp\/v2\/pages\/17528","targetHints":{"allow":["GET"]}}],"collection":[{"href":"https:\/\/9staedte.de\/es\/wp-json\/wp\/v2\/pages"}],"about":[{"href":"https:\/\/9staedte.de\/es\/wp-json\/wp\/v2\/types\/page"}],"author":[{"embeddable":true,"href":"https:\/\/9staedte.de\/es\/wp-json\/wp\/v2\/users\/1"}],"replies":[{"embeddable":true,"href":"https:\/\/9staedte.de\/es\/wp-json\/wp\/v2\/comments?post=17528"}],"version-history":[{"count":1,"href":"https:\/\/9staedte.de\/es\/wp-json\/wp\/v2\/pages\/17528\/revisions"}],"predecessor-version":[{"id":19721,"href":"https:\/\/9staedte.de\/es\/wp-json\/wp\/v2\/pages\/17528\/revisions\/19721"}],"up":[{"embeddable":true,"href":"https:\/\/9staedte.de\/es\/wp-json\/wp\/v2\/pages\/17645"}],"wp:featuredmedia":[{"embeddable":true,"href":"https:\/\/9staedte.de\/es\/wp-json\/wp\/v2\/media\/17523"}],"wp:attachment":[{"href":"https:\/\/9staedte.de\/es\/wp-json\/wp\/v2\/media?parent=17528"}],"wp:term":[{"taxonomy":"category","embeddable":true,"href":"https:\/\/9staedte.de\/es\/wp-json\/wp\/v2\/categories?post=17528"},{"taxonomy":"post_tag","embeddable":true,"href":"https:\/\/9staedte.de\/es\/wp-json\/wp\/v2\/tags?post=17528"},{"taxonomy":"ncap_cities_tax","embeddable":true,"href":"https:\/\/9staedte.de\/es\/wp-json\/wp\/v2\/ncap_cities_tax?post=17528"}],"curies":[{"name":"wp","href":"https:\/\/api.w.org\/{rel}","templated":true}]}}