{"id":17518,"date":"2023-11-09T15:28:26","date_gmt":"2023-11-09T14:28:26","guid":{"rendered":"https:\/\/9staedte.de\/?page_id=17518"},"modified":"2023-11-09T15:28:26","modified_gmt":"2023-11-09T14:28:26","slug":"sonar-con-tuun-dia-perfecto-en-braunschweig","status":"publish","type":"page","link":"https:\/\/9staedte.de\/es\/braunschweig-la-ciudad-del-leon\/sonar-con-tuun-dia-perfecto-en-braunschweig\/","title":{"rendered":"So\u00f1ar con tu<br>Un d\u00eda perfecto en Braunschweig"},"content":{"rendered":"\n\n<div class=\"banner-wrapper\">\n  <div class=\"banner-inner \">\n      <div class=\"img-container\">\n      <div class=\"img-wrapper\">\n        <img decoding=\"async\" src=\"https:\/\/9staedte.de\/wp-content\/smush-webp\/2022\/03\/Braunschweig-Burgplatz-c-BSM-Frank-Sperling.jpg.webp\" alt=\"\" \/>\n                  <div class=\"thumbnail-label\">\n            <span>Braunschweig Burgplatz c) BSM Frank Sperling<\/span>\n          <\/div>\n              <\/div>\n    <\/div>\n        <div class=\"text-container\">\n      <div class=\"content\">\n        <h2>Tr\u00e4umen Sie von einen perfekten Tag in Braunschweig auf den Spuren der Welfen und Hanse-Kaufleute<\/h2>\n<p>Auf den Spuren der Welfen und der Hanse-Kaufleute k\u00f6nnen Sie zahlreiche Sehensw\u00fcrdigkeiten aus verschiedensten Jahrhunderten auf kurzen Wegen entdecken. Ob historische Geb\u00e4ude, herrliche Park- und Naturlandschaften oder das urbane Lebensgef\u00fchl \u2013 in Braunschweig gibt es alles, was eine Gro\u00dfstadt f\u00fcr einen perfekten Tag ausmacht. Die L\u00f6wenstadt ist mit rund 250.000 Einwohnern die gr\u00f6\u00dfte Stadt zwischen Hannover und Berlin und \u00fcberzeugt als attraktive Einkaufstadt, lebendige Kulturstadt und als Hochtechnologie-Standort<\/p>\n<p>Burgplatz Braunschweig c) BSM Frank Sperlin<\/p>\n      <\/div>\n    <\/div>\n    <\/div>\n<\/div>\n\n\n\n\n\n<div class=\"banner-wrapper\">\n  <div class=\"banner-inner reverse\">\n      <div class=\"img-container\">\n      <div class=\"img-wrapper\">\n        <img decoding=\"async\" src=\"https:\/\/9staedte.de\/wp-content\/smush-webp\/2022\/02\/Altstadtmarkt_Quelle_Braunschweig_Stadtmarketing_GmbH_-_Marek_Kruszewski1.jpg.webp\" alt=\"\" \/>\n                  <div class=\"thumbnail-label\">\n            <span>Altstadtmarkt_Quelle_Braunschweig_Stadtmarketing_GmbH_-_Marek_Kruszewski<\/span>\n          <\/div>\n              <\/div>\n    <\/div>\n        <div class=\"text-container\">\n      <div class=\"content\">\n        <h2>Braunschweig zum Kennenlernen \u2013 Ihr perfekter Tag in Braunschweig<\/h2>\n<p>Verbringen Sie einen perfekten Tag in der L\u00f6wenstadt Braunschweig und buchen Sie das Arrangement Braunschweig zum Kennenlernen bei der Braunschweig Stadtmarketing GmbH.<\/p>\n<h3>Braunschweig zum Kennenlernen:<\/h3>\n<p>Leistungen:<\/p>\n<ul>\n<li>1 oder 2 \u00dcbernachtungen inkl. Fr\u00fchst\u00fcck<\/li>\n<li>Stadtspaziergang in der L\u00f6wenstadt<\/li>\n<li>1 Kultur- und Reisemagazin MERIAN Braunschweig pro Zimmer<\/li>\n<\/ul>\n<p>Weitere Informationen zur Reise stellen wir Ihnen gern bei Anfrage zur Verf\u00fcgung.<\/p>\n<p>Preis:<br \/>\nAb EUR 69,00 pro Person im DZ<\/p>\n<p>Buchbarkeit:<br \/>\nJanuar bis November 2020, freitags bis sonntags<\/p>\n<p><a href=\"http:\/\/www.braunschweig.de\/tourismus\/reiseangebote\/braunschweigzumkennenlernen.php\">Weitere Informationen und Buchung<\/a><\/p>\n<p>Braunschweig Altstadtmarkt Fotograf Marek Kruszewski<\/p>\n      <\/div>\n    <\/div>\n    <\/div>\n<\/div>\n\n\n\n\n\n<div class=\"banner-wrapper\">\n  <div class=\"banner-inner \">\n      <div class=\"img-container\">\n      <div class=\"img-wrapper\">\n        <img decoding=\"async\" src=\"https:\/\/9staedte.de\/wp-content\/smush-webp\/2022\/07\/Braunschweig-Magni-Viertel-c-BSM-Daniel-Moeller1.jpg.webp\" alt=\"\" \/>\n                  <div class=\"thumbnail-label\">\n            <span>Braunschweig-Magni-Viertel-c-BSM-Daniel-Moeller[1]<\/span>\n          <\/div>\n              <\/div>\n    <\/div>\n        <div class=\"text-container\">\n      <div class=\"content\">\n        <h2>9 Insider Tipps f\u00fcr Braunschweig<\/h2>\n<p><img decoding=\"async\" class=\"emoji\" draggable=\"false\" src=\"https:\/\/s.w.org\/images\/core\/emoji\/11\/svg\/25aa.svg\" alt=\"\u25aa\" \/> Bestaunen Sie eine der bedeutendsten Sammlungen fr\u00fchneuzeitlicher Kunst weltweit im Herzog Anton Ulrich-Museum oder besuchen Sie eine der zahlreichen Ausstellungen in weiteren hochkar\u00e4tigen Museen und Galerien.<br \/>\n<img decoding=\"async\" class=\"emoji\" draggable=\"false\" src=\"https:\/\/s.w.org\/images\/core\/emoji\/11\/svg\/25aa.svg\" alt=\"\u25aa\" \/> Entdecken Sie die historischen Spuren der Welfen und der Hansekaufleute auf dem Burgplatz und Altstadtmarkt.<br \/>\n<img decoding=\"async\" class=\"emoji\" draggable=\"false\" src=\"https:\/\/s.w.org\/images\/core\/emoji\/11\/svg\/25aa.svg\" alt=\"\u25aa\" \/> Lassen Sie Ihren Tag mit einem Besuch im Staatstheater oder auf einer der vielen kleinen B\u00fchnen ausklingen.<br \/>\n<img decoding=\"async\" class=\"emoji\" draggable=\"false\" src=\"https:\/\/s.w.org\/images\/core\/emoji\/11\/svg\/25aa.svg\" alt=\"\u25aa\" \/> So schmeckt die Geschichte der L\u00f6wenstadt! Kosten Sie die Braunschweiger Mumme, Exportschlager zu Hansezeiten.<br \/>\n\u2022 Genie\u00dfen Sie den Ausblick vom 61 Meter hohen Rathausturm.<br \/>\n\u2022 Sp\u00fcren Sie im Schloss Richmond dem Hofleben der Adligen nach.<br \/>\n\u2022 Spazieren Sie durch herrliche Park- und Naturlandschaften entlang des Flusses Oker<br \/>\n\u2022 Tauchen Sie ein in die kulinarische Welt Braunschweigs \u2013 ob beim Genuss des wei\u00dfen Spargels, der in der L\u00f6wenstadt kultiviert wurde, oder beim herbstlichen Gaumenschmaus mit Braunkohl.<br \/>\n\u2022  Bummeln Sie durch die kleinen Gassen des Magniviertels mit seinen inhabergef\u00fchrten Gesch\u00e4ften und h\u00fcbschen Fachwerkh\u00e4usern.<\/p>\n<p>Braunschweig Magni Viertel c) BSM Daniel M\u00f6ller<\/p>\n      <\/div>\n    <\/div>\n    <\/div>\n<\/div>\n\n","protected":false},"excerpt":{"rendered":"","protected":false},"author":1,"featured_media":0,"parent":17645,"menu_order":0,"comment_status":"closed","ping_status":"closed","template":"","meta":{"_acf_changed":false,"footnotes":""},"categories":[],"tags":[],"ncap_cities_tax":[422],"class_list":["post-17518","page","type-page","status-publish","hentry","ncap_cities_tax-braunschweig-es"],"acf":[],"yoast_head":"<!-- This site is optimized with the Yoast SEO plugin v26.8 - https:\/\/yoast.com\/product\/yoast-seo-wordpress\/ -->\n<title>So\u00f1ar con tuUn d\u00eda perfecto en Braunschweig - 9 St\u00e4dte in Niedersachsen<\/title>\n<meta name=\"robots\" content=\"index, follow, max-snippet:-1, max-image-preview:large, max-video-preview:-1\" \/>\n<link rel=\"canonical\" href=\"https:\/\/9staedte.de\/es\/braunschweig-la-ciudad-del-leon\/sonar-con-tuun-dia-perfecto-en-braunschweig\/\" \/>\n<meta property=\"og:locale\" content=\"es_ES\" \/>\n<meta property=\"og:type\" content=\"article\" \/>\n<meta property=\"og:title\" content=\"So\u00f1ar con tuUn d\u00eda perfecto en Braunschweig - 9 St\u00e4dte in Niedersachsen\" \/>\n<meta property=\"og:url\" content=\"https:\/\/9staedte.de\/es\/braunschweig-la-ciudad-del-leon\/sonar-con-tuun-dia-perfecto-en-braunschweig\/\" \/>\n<meta property=\"og:site_name\" content=\"9 St\u00e4dte in Niedersachsen\" \/>\n<meta name=\"twitter:card\" content=\"summary_large_image\" \/>\n<script type=\"application\/ld+json\" class=\"yoast-schema-graph\">{\"@context\":\"https:\/\/schema.org\",\"@graph\":[{\"@type\":\"WebPage\",\"@id\":\"https:\/\/9staedte.de\/es\/braunschweig-la-ciudad-del-leon\/sonar-con-tuun-dia-perfecto-en-braunschweig\/\",\"url\":\"https:\/\/9staedte.de\/es\/braunschweig-la-ciudad-del-leon\/sonar-con-tuun-dia-perfecto-en-braunschweig\/\",\"name\":\"So\u00f1ar con tu Un d\u00eda perfecto en Braunschweig - 9 St\u00e4dte in Niedersachsen\",\"isPartOf\":{\"@id\":\"https:\/\/9staedte.de\/es\/#website\"},\"datePublished\":\"2023-11-09T14:28:26+00:00\",\"breadcrumb\":{\"@id\":\"https:\/\/9staedte.de\/es\/braunschweig-la-ciudad-del-leon\/sonar-con-tuun-dia-perfecto-en-braunschweig\/#breadcrumb\"},\"inLanguage\":\"es\",\"potentialAction\":[{\"@type\":\"ReadAction\",\"target\":[\"https:\/\/9staedte.de\/es\/braunschweig-la-ciudad-del-leon\/sonar-con-tuun-dia-perfecto-en-braunschweig\/\"]}]},{\"@type\":\"BreadcrumbList\",\"@id\":\"https:\/\/9staedte.de\/es\/braunschweig-la-ciudad-del-leon\/sonar-con-tuun-dia-perfecto-en-braunschweig\/#breadcrumb\",\"itemListElement\":[{\"@type\":\"ListItem\",\"position\":1,\"name\":\"Startseite\",\"item\":\"https:\/\/9staedte.de\/es\/\"},{\"@type\":\"ListItem\",\"position\":2,\"name\":\"Braunschweig &#8211; City of Lions\",\"item\":\"https:\/\/9staedte.de\/es\/braunschweig-la-ciudad-del-leon\/\"},{\"@type\":\"ListItem\",\"position\":3,\"name\":\"So\u00f1ar con tuUn d\u00eda perfecto en Braunschweig\"}]},{\"@type\":\"WebSite\",\"@id\":\"https:\/\/9staedte.de\/es\/#website\",\"url\":\"https:\/\/9staedte.de\/es\/\",\"name\":\"9 St\u00e4dte in Niedersachsen\",\"description\":\"\",\"publisher\":{\"@id\":\"https:\/\/9staedte.de\/es\/#organization\"},\"potentialAction\":[{\"@type\":\"SearchAction\",\"target\":{\"@type\":\"EntryPoint\",\"urlTemplate\":\"https:\/\/9staedte.de\/es\/?s={search_term_string}\"},\"query-input\":{\"@type\":\"PropertyValueSpecification\",\"valueRequired\":true,\"valueName\":\"search_term_string\"}}],\"inLanguage\":\"es\"},{\"@type\":\"Organization\",\"@id\":\"https:\/\/9staedte.de\/es\/#organization\",\"name\":\"9 St\u00e4dte in Niedersachsen\",\"url\":\"https:\/\/9staedte.de\/es\/\",\"logo\":{\"@type\":\"ImageObject\",\"inLanguage\":\"es\",\"@id\":\"https:\/\/9staedte.de\/es\/#\/schema\/logo\/image\/\",\"url\":\"https:\/\/9staedte.de\/wp-content\/uploads\/2025\/01\/9-neg-deutsch-2-1.png\",\"contentUrl\":\"https:\/\/9staedte.de\/wp-content\/uploads\/2025\/01\/9-neg-deutsch-2-1.png\",\"width\":190,\"height\":114,\"caption\":\"9 St\u00e4dte in Niedersachsen\"},\"image\":{\"@id\":\"https:\/\/9staedte.de\/es\/#\/schema\/logo\/image\/\"}}]}<\/script>\n<!-- \/ Yoast SEO plugin. -->","yoast_head_json":{"title":"So\u00f1ar con tuUn d\u00eda perfecto en Braunschweig - 9 St\u00e4dte in Niedersachsen","robots":{"index":"index","follow":"follow","max-snippet":"max-snippet:-1","max-image-preview":"max-image-preview:large","max-video-preview":"max-video-preview:-1"},"canonical":"https:\/\/9staedte.de\/es\/braunschweig-la-ciudad-del-leon\/sonar-con-tuun-dia-perfecto-en-braunschweig\/","og_locale":"es_ES","og_type":"article","og_title":"So\u00f1ar con tuUn d\u00eda perfecto en Braunschweig - 9 St\u00e4dte in Niedersachsen","og_url":"https:\/\/9staedte.de\/es\/braunschweig-la-ciudad-del-leon\/sonar-con-tuun-dia-perfecto-en-braunschweig\/","og_site_name":"9 St\u00e4dte in Niedersachsen","twitter_card":"summary_large_image","schema":{"@context":"https:\/\/schema.org","@graph":[{"@type":"WebPage","@id":"https:\/\/9staedte.de\/es\/braunschweig-la-ciudad-del-leon\/sonar-con-tuun-dia-perfecto-en-braunschweig\/","url":"https:\/\/9staedte.de\/es\/braunschweig-la-ciudad-del-leon\/sonar-con-tuun-dia-perfecto-en-braunschweig\/","name":"So\u00f1ar con tu Un d\u00eda perfecto en Braunschweig - 9 St\u00e4dte in Niedersachsen","isPartOf":{"@id":"https:\/\/9staedte.de\/es\/#website"},"datePublished":"2023-11-09T14:28:26+00:00","breadcrumb":{"@id":"https:\/\/9staedte.de\/es\/braunschweig-la-ciudad-del-leon\/sonar-con-tuun-dia-perfecto-en-braunschweig\/#breadcrumb"},"inLanguage":"es","potentialAction":[{"@type":"ReadAction","target":["https:\/\/9staedte.de\/es\/braunschweig-la-ciudad-del-leon\/sonar-con-tuun-dia-perfecto-en-braunschweig\/"]}]},{"@type":"BreadcrumbList","@id":"https:\/\/9staedte.de\/es\/braunschweig-la-ciudad-del-leon\/sonar-con-tuun-dia-perfecto-en-braunschweig\/#breadcrumb","itemListElement":[{"@type":"ListItem","position":1,"name":"Startseite","item":"https:\/\/9staedte.de\/es\/"},{"@type":"ListItem","position":2,"name":"Braunschweig &#8211; City of Lions","item":"https:\/\/9staedte.de\/es\/braunschweig-la-ciudad-del-leon\/"},{"@type":"ListItem","position":3,"name":"So\u00f1ar con tuUn d\u00eda perfecto en Braunschweig"}]},{"@type":"WebSite","@id":"https:\/\/9staedte.de\/es\/#website","url":"https:\/\/9staedte.de\/es\/","name":"9 St\u00e4dte in Niedersachsen","description":"","publisher":{"@id":"https:\/\/9staedte.de\/es\/#organization"},"potentialAction":[{"@type":"SearchAction","target":{"@type":"EntryPoint","urlTemplate":"https:\/\/9staedte.de\/es\/?s={search_term_string}"},"query-input":{"@type":"PropertyValueSpecification","valueRequired":true,"valueName":"search_term_string"}}],"inLanguage":"es"},{"@type":"Organization","@id":"https:\/\/9staedte.de\/es\/#organization","name":"9 St\u00e4dte in Niedersachsen","url":"https:\/\/9staedte.de\/es\/","logo":{"@type":"ImageObject","inLanguage":"es","@id":"https:\/\/9staedte.de\/es\/#\/schema\/logo\/image\/","url":"https:\/\/9staedte.de\/wp-content\/uploads\/2025\/01\/9-neg-deutsch-2-1.png","contentUrl":"https:\/\/9staedte.de\/wp-content\/uploads\/2025\/01\/9-neg-deutsch-2-1.png","width":190,"height":114,"caption":"9 St\u00e4dte in Niedersachsen"},"image":{"@id":"https:\/\/9staedte.de\/es\/#\/schema\/logo\/image\/"}}]}},"_links":{"self":[{"href":"https:\/\/9staedte.de\/es\/wp-json\/wp\/v2\/pages\/17518","targetHints":{"allow":["GET"]}}],"collection":[{"href":"https:\/\/9staedte.de\/es\/wp-json\/wp\/v2\/pages"}],"about":[{"href":"https:\/\/9staedte.de\/es\/wp-json\/wp\/v2\/types\/page"}],"author":[{"embeddable":true,"href":"https:\/\/9staedte.de\/es\/wp-json\/wp\/v2\/users\/1"}],"replies":[{"embeddable":true,"href":"https:\/\/9staedte.de\/es\/wp-json\/wp\/v2\/comments?post=17518"}],"version-history":[{"count":1,"href":"https:\/\/9staedte.de\/es\/wp-json\/wp\/v2\/pages\/17518\/revisions"}],"predecessor-version":[{"id":20212,"href":"https:\/\/9staedte.de\/es\/wp-json\/wp\/v2\/pages\/17518\/revisions\/20212"}],"up":[{"embeddable":true,"href":"https:\/\/9staedte.de\/es\/wp-json\/wp\/v2\/pages\/17645"}],"wp:attachment":[{"href":"https:\/\/9staedte.de\/es\/wp-json\/wp\/v2\/media?parent=17518"}],"wp:term":[{"taxonomy":"category","embeddable":true,"href":"https:\/\/9staedte.de\/es\/wp-json\/wp\/v2\/categories?post=17518"},{"taxonomy":"post_tag","embeddable":true,"href":"https:\/\/9staedte.de\/es\/wp-json\/wp\/v2\/tags?post=17518"},{"taxonomy":"ncap_cities_tax","embeddable":true,"href":"https:\/\/9staedte.de\/es\/wp-json\/wp\/v2\/ncap_cities_tax?post=17518"}],"curies":[{"name":"wp","href":"https:\/\/api.w.org\/{rel}","templated":true}]}}