{"id":17505,"date":"2023-11-02T09:49:13","date_gmt":"2023-11-02T08:49:13","guid":{"rendered":"https:\/\/9staedte.de\/9-miast-w-dolnej-saksonii\/"},"modified":"2023-11-02T09:49:13","modified_gmt":"2023-11-02T08:49:13","slug":"9-miast-w-dolnej-saksonii","status":"publish","type":"page","link":"https:\/\/9staedte.de\/es\/9-miast-w-dolnej-saksonii\/","title":{"rendered":"9 miast w Dolnej Saksonii"},"content":{"rendered":"\n<p>\u00a1stnieje niezwykle wiele powod\u00f3w, dla kt\u00f3rych warto&nbsp;odwiedzi\u0107 te 9_miast w Niedersachsen! Pe\u0142ne tradycji imprezy, zabytki&nbsp;widniej\u0105ce na li\u015bcie UNESCO, \u015bredniowieczne star\u00f3wki,&nbsp;bajeczne zespo\u0142y szachulcowych dom\u00f3w, sympatyczna&nbsp;go\u015bcinno\u015b\u0107, nowoczesne pasa\u017ce handlowe, t\u0119tni\u0105ce&nbsp;\u017cycie&#8230;<br>Zaplanuj tras\u0119 do tych 9 miast. Ka\u017cde z nich fascynuje&nbsp;swoim urokiem. Zwiedzanie jednego lub kilku historycznych&nbsp;miast mo\u017cna optymalnie powi\u0105za\u0107 z wycieczk\u0105&nbsp;przez wrzosowiska &nbsp;L\u00fcneburger Heide, w G\u00f3ry Harzu lub&nbsp;do Weserbergland. Hanowerskie lotnisko b\u0119d\u0105ce centralnym&nbsp;portem lotniczym w p\u00f3\u0142nocnych Niemczech, a tak\u017ce&nbsp;znakomite po\u0142\u0105czenia kolejowe i autostradowe gwarantuj\u0105&nbsp;przyjemny dojazd.&nbsp;M\u00e1s informaci\u00f3n y ofertas especiales en Bruselas,&nbsp;Celle, Getyngi, Goslaru, Hameln, Hanower, Hildesheim y Wolfenb\u00fcttel.<\/p>\n\n\n\n<div style=\"height:60px\" aria-hidden=\"true\" class=\"wp-block-spacer\"><\/div>\n\n\n\n<div class=\"content-grid\">\n\n\n  \n  <div class=\"grid\">\n                        \n                    \n          <div class=\"featured-themen-single\">\n            <div class=\"featured-themen-single-inner\" style=\"background-image: url('')\">\n              \n              <a href=\"https:\/\/9staedte.de\/braunschweig-brunszwikhistoryczne-miasto-tetniace-zyciem\/\">\n                <span>Braunschweig (Brunszwik) \u2013 Historyczne miasto t\u0119tni\u0105ce \u017cyciem<\/span>\n              <\/a>\n            <\/div>\n          <\/div>\n    \n          \n                  \n                    \n          <div class=\"featured-themen-single\">\n            <div class=\"featured-themen-single-inner\" style=\"background-image: url('')\">\n              \n              <a href=\"https:\/\/9staedte.de\/celle-rezydencjonalne-miasto-z-najwiekszym-w-europie-zespolem-domow-szachulcowychod\/\">\n                <span>Celle \u2013 Rezydencjonalne miasto z najwi\u0119kszym w Europie zespo\u0142em domow szachulcowychOd<\/span>\n              <\/a>\n            <\/div>\n          <\/div>\n    \n          \n                  \n                    \n          <div class=\"featured-themen-single\">\n            <div class=\"featured-themen-single-inner\" style=\"background-image: url('')\">\n              \n              <a href=\"https:\/\/9staedte.de\/einbeck-zabytkowe-samochody-domy-szachulcowei-piwo\/\">\n                <span>Einbeck \u2013 Zabytkowe samochody, domy szachulcowei piwo<\/span>\n              <\/a>\n            <\/div>\n          <\/div>\n    \n          \n                  \n                    \n          <div class=\"featured-themen-single\">\n            <div class=\"featured-themen-single-inner\" style=\"background-image: url('')\">\n              \n              <a href=\"https:\/\/9staedte.de\/goettingen-getynga-miasto-generator-wiedzy\/\">\n                <span>G\u00f6ttingen (Getynga) \u2013 Miasto \u2013 generator wiedzy<\/span>\n              <\/a>\n            <\/div>\n          <\/div>\n    \n          \n                  \n                    \n          <div class=\"featured-themen-single\">\n            <div class=\"featured-themen-single-inner\" style=\"background-image: url('')\">\n              \n              <a href=\"https:\/\/9staedte.de\/goslar-swiatowe-dziedzictwo-kulturowe-unesco-posrod-gor-harzu\/\">\n                <span>Goslar \u2013 \u015awiatowe Dziedzictwo Kulturowe UNESCO po\u015br\u00f3d g\u00f3r Harzu<\/span>\n              <\/a>\n            <\/div>\n          <\/div>\n    \n          \n                  \n                    \n          <div class=\"featured-themen-single\">\n            <div class=\"featured-themen-single-inner\" style=\"background-image: url('')\">\n              \n              <a href=\"https:\/\/9staedte.de\/hameln-miasto-legendarnego-szczurolapa\/\">\n                <span>Hameln \u2013 Miasto legendarnego Szczuro\u0142apa<\/span>\n              <\/a>\n            <\/div>\n          <\/div>\n    \n          \n                  \n                    \n          <div class=\"featured-themen-single\">\n            <div class=\"featured-themen-single-inner\" style=\"background-image: url('')\">\n              \n              <a href=\"https:\/\/9staedte.de\/hannover-hanower-uroczy-i-godny-uwagi\/\">\n                <span>Hannover (Hanower) \u2013 Uroczy i godny uwagi<\/span>\n              <\/a>\n            <\/div>\n          <\/div>\n    \n          \n                  \n                    \n          <div class=\"featured-themen-single\">\n            <div class=\"featured-themen-single-inner\" style=\"background-image: url('')\">\n              \n              <a href=\"https:\/\/9staedte.de\/hildesheim-miasto-architektury-szachulcowej-zakorzenione-w-kulturze-i-historii\/\">\n                <span>Hildesheim \u2013 Miasto architektury szachulcowej zakorzenione w kulturze i historii<\/span>\n              <\/a>\n            <\/div>\n          <\/div>\n    \n          \n                  \n                    \n          <div class=\"featured-themen-single\">\n            <div class=\"featured-themen-single-inner\" style=\"background-image: url('')\">\n              \n              <a href=\"https:\/\/9staedte.de\/wolfenbuettel-domy-szachulcowe-i-jaegermeister\/\">\n                <span>Wolfenb\u00fcttel \u2013 Domy szachulcowe i J\u00e4germeister<\/span>\n              <\/a>\n            <\/div>\n          <\/div>\n    \n          \n                  \n                    \n          <div class=\"featured-themen-single\">\n            <div class=\"featured-themen-single-inner\" style=\"background-image: url('')\">\n              \n              <a href=\"https:\/\/9staedte.de\/autostadt-w-wolfsburg-podroz-sladami-motoryzacji\/\">\n                <span>Autostadt w Wolfsburg \u2013 Podr\u00f3\u017c \u015bladami motoryzacji<\/span>\n              <\/a>\n            <\/div>\n          <\/div>\n    \n          \n                          \n        <\/div>\n<\/div>","protected":false},"excerpt":{"rendered":"<p>\u00a1stnieje niezwykle wiele powod\u00f3w, dla kt\u00f3rych warto&nbsp;odwiedzi\u0107 te 9_miast w Niedersachsen! Pe\u0142ne tradycji imprezy, zabytki&nbsp;widniej\u0105ce na li\u015bcie UNESCO, \u015bredniowieczne star\u00f3wki,&nbsp;bajeczne zespo\u0142y szachulcowych dom\u00f3w, sympatyczna&nbsp;go\u015bcinno\u015b\u0107, nowoczesne pasa\u017ce handlowe, t\u0119tni\u0105ce&nbsp;\u017cycie&#8230;Zaplanuj tras\u0119 do tych 9 miast. Ka\u017cde z nich fascynuje&nbsp;swoim urokiem. Zwiedzanie jednego lub kilku historycznych&nbsp;miast mo\u017cna optymalnie powi\u0105za\u0107 z wycieczk\u0105&nbsp;przez wrzosowiska &nbsp;L\u00fcneburger Heide, w G\u00f3ry Harzu lub&nbsp;do [&hellip;]<\/p>\n","protected":false},"author":1,"featured_media":0,"parent":0,"menu_order":0,"comment_status":"closed","ping_status":"closed","template":"","meta":{"_acf_changed":false,"footnotes":""},"categories":[],"tags":[],"ncap_cities_tax":[],"class_list":["post-17505","page","type-page","status-publish","hentry"],"acf":[],"yoast_head":"<!-- This site is optimized with the Yoast SEO plugin v26.8 - https:\/\/yoast.com\/product\/yoast-seo-wordpress\/ -->\n<title>9 miast w Dolnej Saksonii - 9 St\u00e4dte in Niedersachsen<\/title>\n<meta name=\"robots\" content=\"index, follow, max-snippet:-1, max-image-preview:large, max-video-preview:-1\" \/>\n<link rel=\"canonical\" href=\"https:\/\/9staedte.de\/es\/9-miast-w-dolnej-saksonii\/\" \/>\n<meta property=\"og:locale\" content=\"es_ES\" \/>\n<meta property=\"og:type\" content=\"article\" \/>\n<meta property=\"og:title\" content=\"9 miast w Dolnej Saksonii - 9 St\u00e4dte in Niedersachsen\" \/>\n<meta property=\"og:description\" content=\"\u00a1stnieje niezwykle wiele powod\u00f3w, dla kt\u00f3rych warto&nbsp;odwiedzi\u0107 te 9_miast w Niedersachsen! Pe\u0142ne tradycji imprezy, zabytki&nbsp;widniej\u0105ce na li\u015bcie UNESCO, \u015bredniowieczne star\u00f3wki,&nbsp;bajeczne zespo\u0142y szachulcowych dom\u00f3w, sympatyczna&nbsp;go\u015bcinno\u015b\u0107, nowoczesne pasa\u017ce handlowe, t\u0119tni\u0105ce&nbsp;\u017cycie&#8230;Zaplanuj tras\u0119 do tych 9 miast. Ka\u017cde z nich fascynuje&nbsp;swoim urokiem. Zwiedzanie jednego lub kilku historycznych&nbsp;miast mo\u017cna optymalnie powi\u0105za\u0107 z wycieczk\u0105&nbsp;przez wrzosowiska &nbsp;L\u00fcneburger Heide, w G\u00f3ry Harzu lub&nbsp;do [&hellip;]\" \/>\n<meta property=\"og:url\" content=\"https:\/\/9staedte.de\/es\/9-miast-w-dolnej-saksonii\/\" \/>\n<meta property=\"og:site_name\" content=\"9 St\u00e4dte in Niedersachsen\" \/>\n<meta name=\"twitter:card\" content=\"summary_large_image\" \/>\n<meta name=\"twitter:label1\" content=\"Tiempo de lectura\" \/>\n\t<meta name=\"twitter:data1\" content=\"1 minuto\" \/>\n<script type=\"application\/ld+json\" class=\"yoast-schema-graph\">{\"@context\":\"https:\/\/schema.org\",\"@graph\":[{\"@type\":\"WebPage\",\"@id\":\"https:\/\/9staedte.de\/es\/9-miast-w-dolnej-saksonii\/\",\"url\":\"https:\/\/9staedte.de\/es\/9-miast-w-dolnej-saksonii\/\",\"name\":\"9 miast w Dolnej Saksonii - 9 St\u00e4dte in Niedersachsen\",\"isPartOf\":{\"@id\":\"https:\/\/9staedte.de\/es\/#website\"},\"datePublished\":\"2023-11-02T08:49:13+00:00\",\"breadcrumb\":{\"@id\":\"https:\/\/9staedte.de\/es\/9-miast-w-dolnej-saksonii\/#breadcrumb\"},\"inLanguage\":\"es\",\"potentialAction\":[{\"@type\":\"ReadAction\",\"target\":[\"https:\/\/9staedte.de\/es\/9-miast-w-dolnej-saksonii\/\"]}]},{\"@type\":\"BreadcrumbList\",\"@id\":\"https:\/\/9staedte.de\/es\/9-miast-w-dolnej-saksonii\/#breadcrumb\",\"itemListElement\":[{\"@type\":\"ListItem\",\"position\":1,\"name\":\"Startseite\",\"item\":\"https:\/\/9staedte.de\/es\/\"},{\"@type\":\"ListItem\",\"position\":2,\"name\":\"9 miast w Dolnej Saksonii\"}]},{\"@type\":\"WebSite\",\"@id\":\"https:\/\/9staedte.de\/es\/#website\",\"url\":\"https:\/\/9staedte.de\/es\/\",\"name\":\"9 St\u00e4dte in Niedersachsen\",\"description\":\"\",\"publisher\":{\"@id\":\"https:\/\/9staedte.de\/es\/#organization\"},\"potentialAction\":[{\"@type\":\"SearchAction\",\"target\":{\"@type\":\"EntryPoint\",\"urlTemplate\":\"https:\/\/9staedte.de\/es\/?s={search_term_string}\"},\"query-input\":{\"@type\":\"PropertyValueSpecification\",\"valueRequired\":true,\"valueName\":\"search_term_string\"}}],\"inLanguage\":\"es\"},{\"@type\":\"Organization\",\"@id\":\"https:\/\/9staedte.de\/es\/#organization\",\"name\":\"9 St\u00e4dte in Niedersachsen\",\"url\":\"https:\/\/9staedte.de\/es\/\",\"logo\":{\"@type\":\"ImageObject\",\"inLanguage\":\"es\",\"@id\":\"https:\/\/9staedte.de\/es\/#\/schema\/logo\/image\/\",\"url\":\"https:\/\/9staedte.de\/wp-content\/uploads\/2025\/01\/9-neg-deutsch-2-1.png\",\"contentUrl\":\"https:\/\/9staedte.de\/wp-content\/uploads\/2025\/01\/9-neg-deutsch-2-1.png\",\"width\":190,\"height\":114,\"caption\":\"9 St\u00e4dte in Niedersachsen\"},\"image\":{\"@id\":\"https:\/\/9staedte.de\/es\/#\/schema\/logo\/image\/\"}}]}<\/script>\n<!-- \/ Yoast SEO plugin. -->","yoast_head_json":{"title":"9 miast w Dolnej Saksonii - 9 St\u00e4dte in Niedersachsen","robots":{"index":"index","follow":"follow","max-snippet":"max-snippet:-1","max-image-preview":"max-image-preview:large","max-video-preview":"max-video-preview:-1"},"canonical":"https:\/\/9staedte.de\/es\/9-miast-w-dolnej-saksonii\/","og_locale":"es_ES","og_type":"article","og_title":"9 miast w Dolnej Saksonii - 9 St\u00e4dte in Niedersachsen","og_description":"\u00a1stnieje niezwykle wiele powod\u00f3w, dla kt\u00f3rych warto&nbsp;odwiedzi\u0107 te 9_miast w Niedersachsen! Pe\u0142ne tradycji imprezy, zabytki&nbsp;widniej\u0105ce na li\u015bcie UNESCO, \u015bredniowieczne star\u00f3wki,&nbsp;bajeczne zespo\u0142y szachulcowych dom\u00f3w, sympatyczna&nbsp;go\u015bcinno\u015b\u0107, nowoczesne pasa\u017ce handlowe, t\u0119tni\u0105ce&nbsp;\u017cycie&#8230;Zaplanuj tras\u0119 do tych 9 miast. Ka\u017cde z nich fascynuje&nbsp;swoim urokiem. Zwiedzanie jednego lub kilku historycznych&nbsp;miast mo\u017cna optymalnie powi\u0105za\u0107 z wycieczk\u0105&nbsp;przez wrzosowiska &nbsp;L\u00fcneburger Heide, w G\u00f3ry Harzu lub&nbsp;do [&hellip;]","og_url":"https:\/\/9staedte.de\/es\/9-miast-w-dolnej-saksonii\/","og_site_name":"9 St\u00e4dte in Niedersachsen","twitter_card":"summary_large_image","twitter_misc":{"Tiempo de lectura":"1 minuto"},"schema":{"@context":"https:\/\/schema.org","@graph":[{"@type":"WebPage","@id":"https:\/\/9staedte.de\/es\/9-miast-w-dolnej-saksonii\/","url":"https:\/\/9staedte.de\/es\/9-miast-w-dolnej-saksonii\/","name":"9 miast w Dolnej Saksonii - 9 St\u00e4dte in Niedersachsen","isPartOf":{"@id":"https:\/\/9staedte.de\/es\/#website"},"datePublished":"2023-11-02T08:49:13+00:00","breadcrumb":{"@id":"https:\/\/9staedte.de\/es\/9-miast-w-dolnej-saksonii\/#breadcrumb"},"inLanguage":"es","potentialAction":[{"@type":"ReadAction","target":["https:\/\/9staedte.de\/es\/9-miast-w-dolnej-saksonii\/"]}]},{"@type":"BreadcrumbList","@id":"https:\/\/9staedte.de\/es\/9-miast-w-dolnej-saksonii\/#breadcrumb","itemListElement":[{"@type":"ListItem","position":1,"name":"Startseite","item":"https:\/\/9staedte.de\/es\/"},{"@type":"ListItem","position":2,"name":"9 miast w Dolnej Saksonii"}]},{"@type":"WebSite","@id":"https:\/\/9staedte.de\/es\/#website","url":"https:\/\/9staedte.de\/es\/","name":"9 St\u00e4dte in Niedersachsen","description":"","publisher":{"@id":"https:\/\/9staedte.de\/es\/#organization"},"potentialAction":[{"@type":"SearchAction","target":{"@type":"EntryPoint","urlTemplate":"https:\/\/9staedte.de\/es\/?s={search_term_string}"},"query-input":{"@type":"PropertyValueSpecification","valueRequired":true,"valueName":"search_term_string"}}],"inLanguage":"es"},{"@type":"Organization","@id":"https:\/\/9staedte.de\/es\/#organization","name":"9 St\u00e4dte in Niedersachsen","url":"https:\/\/9staedte.de\/es\/","logo":{"@type":"ImageObject","inLanguage":"es","@id":"https:\/\/9staedte.de\/es\/#\/schema\/logo\/image\/","url":"https:\/\/9staedte.de\/wp-content\/uploads\/2025\/01\/9-neg-deutsch-2-1.png","contentUrl":"https:\/\/9staedte.de\/wp-content\/uploads\/2025\/01\/9-neg-deutsch-2-1.png","width":190,"height":114,"caption":"9 St\u00e4dte in Niedersachsen"},"image":{"@id":"https:\/\/9staedte.de\/es\/#\/schema\/logo\/image\/"}}]}},"_links":{"self":[{"href":"https:\/\/9staedte.de\/es\/wp-json\/wp\/v2\/pages\/17505","targetHints":{"allow":["GET"]}}],"collection":[{"href":"https:\/\/9staedte.de\/es\/wp-json\/wp\/v2\/pages"}],"about":[{"href":"https:\/\/9staedte.de\/es\/wp-json\/wp\/v2\/types\/page"}],"author":[{"embeddable":true,"href":"https:\/\/9staedte.de\/es\/wp-json\/wp\/v2\/users\/1"}],"replies":[{"embeddable":true,"href":"https:\/\/9staedte.de\/es\/wp-json\/wp\/v2\/comments?post=17505"}],"version-history":[{"count":0,"href":"https:\/\/9staedte.de\/es\/wp-json\/wp\/v2\/pages\/17505\/revisions"}],"wp:attachment":[{"href":"https:\/\/9staedte.de\/es\/wp-json\/wp\/v2\/media?parent=17505"}],"wp:term":[{"taxonomy":"category","embeddable":true,"href":"https:\/\/9staedte.de\/es\/wp-json\/wp\/v2\/categories?post=17505"},{"taxonomy":"post_tag","embeddable":true,"href":"https:\/\/9staedte.de\/es\/wp-json\/wp\/v2\/tags?post=17505"},{"taxonomy":"ncap_cities_tax","embeddable":true,"href":"https:\/\/9staedte.de\/es\/wp-json\/wp\/v2\/ncap_cities_tax?post=17505"}],"curies":[{"name":"wp","href":"https:\/\/api.w.org\/{rel}","templated":true}]}}