{"id":17500,"date":"2023-11-02T09:49:13","date_gmt":"2023-11-02T08:49:13","guid":{"rendered":"https:\/\/9staedte.de\/braunschweig-descubrir-de-forma-sostenible\/"},"modified":"2025-07-24T09:29:24","modified_gmt":"2025-07-24T07:29:24","slug":"braunschweig-descubrir-de-forma-sostenible","status":"publish","type":"page","link":"https:\/\/9staedte.de\/es\/braunschweig-la-ciudad-del-leon\/braunschweig-descubrir-de-forma-sostenible\/","title":{"rendered":"Braunschweig &#8211; descubrir de forma sostenible"},"content":{"rendered":"\n<h2 class=\"wp-block-heading\">Animada ciudad comercial y cultural<\/h2>\n\n<p>Desde su fundaci\u00f3n por Enrique el Le\u00f3n, Braunschweig ha sido moldeada a lo largo de los siglos por los g\u00fcelfos y la Liga Hanse\u00e1tica y hoy impresiona como atractiva ciudad comercial y animado centro cultural. Descubra Braunschweig de forma sostenible: Todo lo que caracteriza a una gran ciudad se encuentra a poca distancia: un encantador centro urbano con plazas hist\u00f3ricas, variadas tiendas, restaurantes, lugares de inter\u00e9s y eventos destacados, as\u00ed como el hermoso parque a lo largo del r\u00edo Oker, que fluye alrededor del centro de la ciudad. Gracias a la buena conexi\u00f3n con la red ferroviaria alemana, se puede llegar c\u00f3modamente en tren a la Ciudad de Le\u00f3n. Desde la estaci\u00f3n principal de ferrocarril, los visitantes pueden llegar al cercano centro de Braunschweig en poco tiempo en transporte p\u00fablico, en bicicleta o a pie.   <\/p>\n\n<p><\/p>\n\n<figure class=\"wp-block-image size-full is-resized\"><img loading=\"lazy\" decoding=\"async\" width=\"1019\" height=\"563\" src=\"https:\/\/9staedte.de\/wp-content\/smush-webp\/2023\/02\/Wochenmarkt-in-Braunschweig-c-Braunschweig-Stadtmarketing-Phillip-Ziebart.jpg.webp\" alt=\"La imagen muestra un mercado. Mucha gente est&#xE1; comprando en los puestos. Hay fruta, verdura y otras cosas. Los puestos tienen tejados de colores. Al fondo se ve una iglesia con dos torres. El cielo es azul con nubes blancas.     \" class=\"wp-image-3784\" style=\"width:497px;height:auto\" srcset=\"https:\/\/9staedte.de\/wp-content\/smush-webp\/2023\/02\/Wochenmarkt-in-Braunschweig-c-Braunschweig-Stadtmarketing-Phillip-Ziebart.jpg.webp 1019w, https:\/\/9staedte.de\/wp-content\/smush-webp\/2023\/02\/Wochenmarkt-in-Braunschweig-c-Braunschweig-Stadtmarketing-Phillip-Ziebart-300x166.jpg.webp 300w, https:\/\/9staedte.de\/wp-content\/smush-webp\/2023\/02\/Wochenmarkt-in-Braunschweig-c-Braunschweig-Stadtmarketing-Phillip-Ziebart-768x424.jpg.webp 768w\" sizes=\"auto, (max-width: 1019px) 100vw, 1019px\" \/><figcaption class=\"wp-element-caption\">Mercado semanal en el Altstadtmarkt c) Braunschweig Stadtmarketing Phillip Ziebart<\/figcaption><\/figure>\n\n<h4 class=\"wp-block-heading\">Descubre Braunschweig de forma sostenible:<br\/><br\/>9 consejos:<\/h4>\n\n<p>&#8211; Para incentivar el uso de veh\u00edculos el\u00e9ctricos, la ciudad de Braunschweig ha instalado suficientes puntos de recarga en la zona urbana. Adem\u00e1s, podr\u00e1 aparcar su e-car gratuitamente hasta tres horas en los aparcamientos p\u00fablicos de pago de la ciudad. <\/p>\n\n<p>&#8211; En los carriles bici y senderos del Ringgleis de Braunschweig podr\u00e1 conocer la Ciudad del Le\u00f3n de forma relajada. La ruta pasa por varias instalaciones recreativas y ofrece un alto valor recreativo con sus tramos de diferentes formas. <\/p>\n\n<p>&#8211; Ya sea en el acogedor Caf\u00e9 L\u00fcttes de la Alte Waage, en la makery, un caf\u00e9 en medio del pintoresco Magniviertel o en uno de los muchos otros coquetos caf\u00e9s del centro de la ciudad, podr\u00e1 disfrutar de especialidades de caf\u00e9, tartas caseras o tentempi\u00e9s contundentes. Lo mejor: todos los ingredientes utilizados son de comercio justo o proceden de la zona. <\/p>\n\n<p>&#8211; Disfrutar de un caf\u00e9 \u00abpara llevar\u00bb sobre la marcha, sin remordimientos de conciencia: eso es lo que hace posible el sistema de dep\u00f3sito reutilizable RECUP. Llene su vaso RECUP en uno de los restaurantes participantes y devu\u00e9lvalo a cualquiera de los socios de la campa\u00f1a despu\u00e9s de usarlo. <\/p>\n\n<p>&#8211; Busque en Naturalou, Jojeco o Naturladen productos ecol\u00f3gicos y de comercio justo, como utensilios para el hogar, art\u00edculos de decoraci\u00f3n, joyas, ropa y todo tipo de ofertas sostenibles.<\/p>\n\n<p>&#8211; Todos los s\u00e1bados, el mercado semanal del hist\u00f3rico Mercado de la Ciudad Vieja atrae a los visitantes con alimentos frescos de la regi\u00f3n. La oferta abarca desde alimentos regionales como frutas, verduras, quesos y embutidos hasta miel de abejas locales. <\/p>\n\n<p>&#8211; Si busca espec\u00edficamente alimentos de lujo de comercio justo o de producci\u00f3n regional, como delicioso chocolate y arom\u00e1tico caf\u00e9, deber\u00eda pasarse por la Tourist Info, Kleine Burg 14, o tambi\u00e9n por Contigo, una encantadora tienda en el centro de la ciudad.<\/p>\n\n<p>&#8211; Un relajante paseo por la reserva natural de Riddagshausen no s\u00f3lo permite observar plantas y aves. Una manada de gamos tambi\u00e9n espera su visita en el recinto forestal. Si lo desea, tambi\u00e9n puede participar en la visita guiada del guardabosques al centro de experiencias naturales Haus Entenfang y conocer interesantes detalles sobre la flora y la fauna locales.  <\/p>\n\n<p>&#8211; Desde finales de noviembre hasta finales de diciembre, el tradicional Mercado de Navidad de Braunschweig le invita a visitarlo. All\u00ed podr\u00e1 disfrutar de una amplia selecci\u00f3n de deliciosa comida y bebida, servida en vajilla sostenible desechable o reutilizable. La iluminaci\u00f3n LED de bajo consumo y el uso de electricidad 100% natural procedente de fuentes renovables garantizan un ambiente festivo en el mercado.  <\/p>\n","protected":false},"excerpt":{"rendered":"<p>Animada ciudad comercial y cultural Desde su fundaci\u00f3n por Enrique el Le\u00f3n, Braunschweig ha sido moldeada a lo largo de los siglos por los g\u00fcelfos y la Liga Hanse\u00e1tica y hoy impresiona como atractiva ciudad comercial y animado centro cultural. Descubra Braunschweig de forma sostenible: Todo lo que caracteriza a una gran ciudad se encuentra [&hellip;]<\/p>\n","protected":false},"author":1,"featured_media":16488,"parent":17645,"menu_order":0,"comment_status":"closed","ping_status":"closed","template":"pagetemplates\/template-stadtthema.php","meta":{"_acf_changed":false,"footnotes":""},"categories":[],"tags":[],"ncap_cities_tax":[422,898],"class_list":["post-17500","page","type-page","status-publish","has-post-thumbnail","hentry","ncap_cities_tax-braunschweig-es","ncap_cities_tax-naturerlebnisse-und-nachhaltigkeit-braunschweig-es"],"acf":[],"yoast_head":"<!-- This site is optimized with the Yoast SEO plugin v27.4 - https:\/\/yoast.com\/product\/yoast-seo-wordpress\/ -->\n<title>Braunschweig - descubrir de forma sostenible - 9 St\u00e4dte in Niedersachsen<\/title>\n<meta name=\"robots\" content=\"index, follow, max-snippet:-1, max-image-preview:large, max-video-preview:-1\" \/>\n<link rel=\"canonical\" href=\"https:\/\/9staedte.de\/es\/braunschweig-la-ciudad-del-leon\/braunschweig-descubrir-de-forma-sostenible\/\" \/>\n<meta property=\"og:locale\" content=\"es_ES\" \/>\n<meta property=\"og:type\" content=\"article\" \/>\n<meta property=\"og:title\" content=\"Braunschweig - descubrir de forma sostenible - 9 St\u00e4dte in Niedersachsen\" \/>\n<meta property=\"og:description\" content=\"Animada ciudad comercial y cultural Desde su fundaci\u00f3n por Enrique el Le\u00f3n, Braunschweig ha sido moldeada a lo largo de los siglos por los g\u00fcelfos y la Liga Hanse\u00e1tica y hoy impresiona como atractiva ciudad comercial y animado centro cultural. Descubra Braunschweig de forma sostenible: Todo lo que caracteriza a una gran ciudad se encuentra [&hellip;]\" \/>\n<meta property=\"og:url\" content=\"https:\/\/9staedte.de\/es\/braunschweig-la-ciudad-del-leon\/braunschweig-descubrir-de-forma-sostenible\/\" \/>\n<meta property=\"og:site_name\" content=\"9 St\u00e4dte in Niedersachsen\" \/>\n<meta property=\"article:modified_time\" content=\"2025-07-24T07:29:24+00:00\" \/>\n<meta property=\"og:image\" content=\"https:\/\/9staedte.de\/wp-content\/uploads\/2023\/02\/Braunschweig_Buergerpark_Oker_Paddeln_Braunschweig-Stadtmarketing-GmbH_Daniel-Moeller-2.jpg\" \/>\n\t<meta property=\"og:image:width\" content=\"1020\" \/>\n\t<meta property=\"og:image:height\" content=\"553\" \/>\n\t<meta property=\"og:image:type\" content=\"image\/jpeg\" \/>\n<meta name=\"twitter:card\" content=\"summary_large_image\" \/>\n<meta name=\"twitter:label1\" content=\"Tiempo de lectura\" \/>\n\t<meta name=\"twitter:data1\" content=\"1 minuto\" \/>\n<script type=\"application\/ld+json\" class=\"yoast-schema-graph\">{\"@context\":\"https:\\\/\\\/schema.org\",\"@graph\":[{\"@type\":\"WebPage\",\"@id\":\"https:\\\/\\\/9staedte.de\\\/es\\\/braunschweig-la-ciudad-del-leon\\\/braunschweig-descubrir-de-forma-sostenible\\\/\",\"url\":\"https:\\\/\\\/9staedte.de\\\/es\\\/braunschweig-la-ciudad-del-leon\\\/braunschweig-descubrir-de-forma-sostenible\\\/\",\"name\":\"Braunschweig - descubrir de forma sostenible - 9 St\u00e4dte in Niedersachsen\",\"isPartOf\":{\"@id\":\"https:\\\/\\\/9staedte.de\\\/es\\\/#website\"},\"primaryImageOfPage\":{\"@id\":\"https:\\\/\\\/9staedte.de\\\/es\\\/braunschweig-la-ciudad-del-leon\\\/braunschweig-descubrir-de-forma-sostenible\\\/#primaryimage\"},\"image\":{\"@id\":\"https:\\\/\\\/9staedte.de\\\/es\\\/braunschweig-la-ciudad-del-leon\\\/braunschweig-descubrir-de-forma-sostenible\\\/#primaryimage\"},\"thumbnailUrl\":\"https:\\\/\\\/9staedte.de\\\/wp-content\\\/uploads\\\/2023\\\/02\\\/Braunschweig_Buergerpark_Oker_Paddeln_Braunschweig-Stadtmarketing-GmbH_Daniel-Moeller-2.jpg\",\"datePublished\":\"2023-11-02T08:49:13+00:00\",\"dateModified\":\"2025-07-24T07:29:24+00:00\",\"breadcrumb\":{\"@id\":\"https:\\\/\\\/9staedte.de\\\/es\\\/braunschweig-la-ciudad-del-leon\\\/braunschweig-descubrir-de-forma-sostenible\\\/#breadcrumb\"},\"inLanguage\":\"es\",\"potentialAction\":[{\"@type\":\"ReadAction\",\"target\":[\"https:\\\/\\\/9staedte.de\\\/es\\\/braunschweig-la-ciudad-del-leon\\\/braunschweig-descubrir-de-forma-sostenible\\\/\"]}]},{\"@type\":\"ImageObject\",\"inLanguage\":\"es\",\"@id\":\"https:\\\/\\\/9staedte.de\\\/es\\\/braunschweig-la-ciudad-del-leon\\\/braunschweig-descubrir-de-forma-sostenible\\\/#primaryimage\",\"url\":\"https:\\\/\\\/9staedte.de\\\/wp-content\\\/uploads\\\/2023\\\/02\\\/Braunschweig_Buergerpark_Oker_Paddeln_Braunschweig-Stadtmarketing-GmbH_Daniel-Moeller-2.jpg\",\"contentUrl\":\"https:\\\/\\\/9staedte.de\\\/wp-content\\\/uploads\\\/2023\\\/02\\\/Braunschweig_Buergerpark_Oker_Paddeln_Braunschweig-Stadtmarketing-GmbH_Daniel-Moeller-2.jpg\",\"width\":1020,\"height\":553,\"caption\":\"Braunschweig_B\u00fcrgerpark_Oker_Paddeln_Braunschweig Stadtmarketing GmbH_Daniel M\u00f6ller (2)\"},{\"@type\":\"BreadcrumbList\",\"@id\":\"https:\\\/\\\/9staedte.de\\\/es\\\/braunschweig-la-ciudad-del-leon\\\/braunschweig-descubrir-de-forma-sostenible\\\/#breadcrumb\",\"itemListElement\":[{\"@type\":\"ListItem\",\"position\":1,\"name\":\"Startseite\",\"item\":\"https:\\\/\\\/9staedte.de\\\/es\\\/\"},{\"@type\":\"ListItem\",\"position\":2,\"name\":\"Braunschweig &#8211; City of Lions\",\"item\":\"https:\\\/\\\/9staedte.de\\\/es\\\/braunschweig-la-ciudad-del-leon\\\/\"},{\"@type\":\"ListItem\",\"position\":3,\"name\":\"Braunschweig &#8211; descubrir de forma sostenible\"}]},{\"@type\":\"WebSite\",\"@id\":\"https:\\\/\\\/9staedte.de\\\/es\\\/#website\",\"url\":\"https:\\\/\\\/9staedte.de\\\/es\\\/\",\"name\":\"9 St\u00e4dte in Niedersachsen\",\"description\":\"\",\"publisher\":{\"@id\":\"https:\\\/\\\/9staedte.de\\\/es\\\/#organization\"},\"potentialAction\":[{\"@type\":\"SearchAction\",\"target\":{\"@type\":\"EntryPoint\",\"urlTemplate\":\"https:\\\/\\\/9staedte.de\\\/es\\\/?s={search_term_string}\"},\"query-input\":{\"@type\":\"PropertyValueSpecification\",\"valueRequired\":true,\"valueName\":\"search_term_string\"}}],\"inLanguage\":\"es\"},{\"@type\":\"Organization\",\"@id\":\"https:\\\/\\\/9staedte.de\\\/es\\\/#organization\",\"name\":\"9 St\u00e4dte in Niedersachsen\",\"url\":\"https:\\\/\\\/9staedte.de\\\/es\\\/\",\"logo\":{\"@type\":\"ImageObject\",\"inLanguage\":\"es\",\"@id\":\"https:\\\/\\\/9staedte.de\\\/es\\\/#\\\/schema\\\/logo\\\/image\\\/\",\"url\":\"https:\\\/\\\/9staedte.de\\\/wp-content\\\/uploads\\\/2025\\\/01\\\/9-neg-deutsch-2-1.png\",\"contentUrl\":\"https:\\\/\\\/9staedte.de\\\/wp-content\\\/uploads\\\/2025\\\/01\\\/9-neg-deutsch-2-1.png\",\"width\":190,\"height\":114,\"caption\":\"9 St\u00e4dte in Niedersachsen\"},\"image\":{\"@id\":\"https:\\\/\\\/9staedte.de\\\/es\\\/#\\\/schema\\\/logo\\\/image\\\/\"}}]}<\/script>\n<!-- \/ Yoast SEO plugin. -->","yoast_head_json":{"title":"Braunschweig - descubrir de forma sostenible - 9 St\u00e4dte in Niedersachsen","robots":{"index":"index","follow":"follow","max-snippet":"max-snippet:-1","max-image-preview":"max-image-preview:large","max-video-preview":"max-video-preview:-1"},"canonical":"https:\/\/9staedte.de\/es\/braunschweig-la-ciudad-del-leon\/braunschweig-descubrir-de-forma-sostenible\/","og_locale":"es_ES","og_type":"article","og_title":"Braunschweig - descubrir de forma sostenible - 9 St\u00e4dte in Niedersachsen","og_description":"Animada ciudad comercial y cultural Desde su fundaci\u00f3n por Enrique el Le\u00f3n, Braunschweig ha sido moldeada a lo largo de los siglos por los g\u00fcelfos y la Liga Hanse\u00e1tica y hoy impresiona como atractiva ciudad comercial y animado centro cultural. Descubra Braunschweig de forma sostenible: Todo lo que caracteriza a una gran ciudad se encuentra [&hellip;]","og_url":"https:\/\/9staedte.de\/es\/braunschweig-la-ciudad-del-leon\/braunschweig-descubrir-de-forma-sostenible\/","og_site_name":"9 St\u00e4dte in Niedersachsen","article_modified_time":"2025-07-24T07:29:24+00:00","og_image":[{"width":1020,"height":553,"url":"https:\/\/9staedte.de\/wp-content\/uploads\/2023\/02\/Braunschweig_Buergerpark_Oker_Paddeln_Braunschweig-Stadtmarketing-GmbH_Daniel-Moeller-2.jpg","type":"image\/jpeg"}],"twitter_card":"summary_large_image","twitter_misc":{"Tiempo de lectura":"1 minuto"},"schema":{"@context":"https:\/\/schema.org","@graph":[{"@type":"WebPage","@id":"https:\/\/9staedte.de\/es\/braunschweig-la-ciudad-del-leon\/braunschweig-descubrir-de-forma-sostenible\/","url":"https:\/\/9staedte.de\/es\/braunschweig-la-ciudad-del-leon\/braunschweig-descubrir-de-forma-sostenible\/","name":"Braunschweig - descubrir de forma sostenible - 9 St\u00e4dte in Niedersachsen","isPartOf":{"@id":"https:\/\/9staedte.de\/es\/#website"},"primaryImageOfPage":{"@id":"https:\/\/9staedte.de\/es\/braunschweig-la-ciudad-del-leon\/braunschweig-descubrir-de-forma-sostenible\/#primaryimage"},"image":{"@id":"https:\/\/9staedte.de\/es\/braunschweig-la-ciudad-del-leon\/braunschweig-descubrir-de-forma-sostenible\/#primaryimage"},"thumbnailUrl":"https:\/\/9staedte.de\/wp-content\/uploads\/2023\/02\/Braunschweig_Buergerpark_Oker_Paddeln_Braunschweig-Stadtmarketing-GmbH_Daniel-Moeller-2.jpg","datePublished":"2023-11-02T08:49:13+00:00","dateModified":"2025-07-24T07:29:24+00:00","breadcrumb":{"@id":"https:\/\/9staedte.de\/es\/braunschweig-la-ciudad-del-leon\/braunschweig-descubrir-de-forma-sostenible\/#breadcrumb"},"inLanguage":"es","potentialAction":[{"@type":"ReadAction","target":["https:\/\/9staedte.de\/es\/braunschweig-la-ciudad-del-leon\/braunschweig-descubrir-de-forma-sostenible\/"]}]},{"@type":"ImageObject","inLanguage":"es","@id":"https:\/\/9staedte.de\/es\/braunschweig-la-ciudad-del-leon\/braunschweig-descubrir-de-forma-sostenible\/#primaryimage","url":"https:\/\/9staedte.de\/wp-content\/uploads\/2023\/02\/Braunschweig_Buergerpark_Oker_Paddeln_Braunschweig-Stadtmarketing-GmbH_Daniel-Moeller-2.jpg","contentUrl":"https:\/\/9staedte.de\/wp-content\/uploads\/2023\/02\/Braunschweig_Buergerpark_Oker_Paddeln_Braunschweig-Stadtmarketing-GmbH_Daniel-Moeller-2.jpg","width":1020,"height":553,"caption":"Braunschweig_B\u00fcrgerpark_Oker_Paddeln_Braunschweig Stadtmarketing GmbH_Daniel M\u00f6ller (2)"},{"@type":"BreadcrumbList","@id":"https:\/\/9staedte.de\/es\/braunschweig-la-ciudad-del-leon\/braunschweig-descubrir-de-forma-sostenible\/#breadcrumb","itemListElement":[{"@type":"ListItem","position":1,"name":"Startseite","item":"https:\/\/9staedte.de\/es\/"},{"@type":"ListItem","position":2,"name":"Braunschweig &#8211; City of Lions","item":"https:\/\/9staedte.de\/es\/braunschweig-la-ciudad-del-leon\/"},{"@type":"ListItem","position":3,"name":"Braunschweig &#8211; descubrir de forma sostenible"}]},{"@type":"WebSite","@id":"https:\/\/9staedte.de\/es\/#website","url":"https:\/\/9staedte.de\/es\/","name":"9 St\u00e4dte in Niedersachsen","description":"","publisher":{"@id":"https:\/\/9staedte.de\/es\/#organization"},"potentialAction":[{"@type":"SearchAction","target":{"@type":"EntryPoint","urlTemplate":"https:\/\/9staedte.de\/es\/?s={search_term_string}"},"query-input":{"@type":"PropertyValueSpecification","valueRequired":true,"valueName":"search_term_string"}}],"inLanguage":"es"},{"@type":"Organization","@id":"https:\/\/9staedte.de\/es\/#organization","name":"9 St\u00e4dte in Niedersachsen","url":"https:\/\/9staedte.de\/es\/","logo":{"@type":"ImageObject","inLanguage":"es","@id":"https:\/\/9staedte.de\/es\/#\/schema\/logo\/image\/","url":"https:\/\/9staedte.de\/wp-content\/uploads\/2025\/01\/9-neg-deutsch-2-1.png","contentUrl":"https:\/\/9staedte.de\/wp-content\/uploads\/2025\/01\/9-neg-deutsch-2-1.png","width":190,"height":114,"caption":"9 St\u00e4dte in Niedersachsen"},"image":{"@id":"https:\/\/9staedte.de\/es\/#\/schema\/logo\/image\/"}}]}},"_links":{"self":[{"href":"https:\/\/9staedte.de\/es\/wp-json\/wp\/v2\/pages\/17500","targetHints":{"allow":["GET"]}}],"collection":[{"href":"https:\/\/9staedte.de\/es\/wp-json\/wp\/v2\/pages"}],"about":[{"href":"https:\/\/9staedte.de\/es\/wp-json\/wp\/v2\/types\/page"}],"author":[{"embeddable":true,"href":"https:\/\/9staedte.de\/es\/wp-json\/wp\/v2\/users\/1"}],"replies":[{"embeddable":true,"href":"https:\/\/9staedte.de\/es\/wp-json\/wp\/v2\/comments?post=17500"}],"version-history":[{"count":2,"href":"https:\/\/9staedte.de\/es\/wp-json\/wp\/v2\/pages\/17500\/revisions"}],"predecessor-version":[{"id":26755,"href":"https:\/\/9staedte.de\/es\/wp-json\/wp\/v2\/pages\/17500\/revisions\/26755"}],"up":[{"embeddable":true,"href":"https:\/\/9staedte.de\/es\/wp-json\/wp\/v2\/pages\/17645"}],"wp:featuredmedia":[{"embeddable":true,"href":"https:\/\/9staedte.de\/es\/wp-json\/wp\/v2\/media\/16488"}],"wp:attachment":[{"href":"https:\/\/9staedte.de\/es\/wp-json\/wp\/v2\/media?parent=17500"}],"wp:term":[{"taxonomy":"category","embeddable":true,"href":"https:\/\/9staedte.de\/es\/wp-json\/wp\/v2\/categories?post=17500"},{"taxonomy":"post_tag","embeddable":true,"href":"https:\/\/9staedte.de\/es\/wp-json\/wp\/v2\/tags?post=17500"},{"taxonomy":"ncap_cities_tax","embeddable":true,"href":"https:\/\/9staedte.de\/es\/wp-json\/wp\/v2\/ncap_cities_tax?post=17500"}],"curies":[{"name":"wp","href":"https:\/\/api.w.org\/{rel}","templated":true}]}}