{"id":17489,"date":"2023-11-02T09:49:12","date_gmt":"2023-11-02T08:49:12","guid":{"rendered":"https:\/\/9staedte.de\/9-ciudades-de-la-baja-sajonia\/"},"modified":"2023-11-02T09:49:12","modified_gmt":"2023-11-02T08:49:12","slug":"9-ciudades-de-la-baja-sajonia","status":"publish","type":"page","link":"https:\/\/9staedte.de\/es\/9-ciudades-de-la-baja-sajonia\/","title":{"rendered":"9 ciudades de la Baja Sajonia"},"content":{"rendered":"\n<p>Existen infinidad de razones para visitar 9 ciudades de la Baja Sajonia: festividades de gran tradici\u00f3n, patrimonios de la humanidad por la UNESCO, ciudades medievales, casas de entramado id\u00edlicas, acogedora hospitalidad, modernas galer\u00edas comerciales, gran actividad&#8230;<\/p>\n\n\n\n<p>Planee su viaje a las 9 ciudades. Cada ciudad fascina con su propio encanto especial. La visita de una o varias ciudades hist\u00f3ricas se puede unir de forma \u00f3ptima a una excursi\u00f3n por las landas L\u00fcneburger Heide, la monta\u00f1a del Harz o la zona del Weserbergland. El aeropuerto central en el norte de Alemania, el Hannover Airport, as\u00ed como buenas comunicaciones por tren y autopista, le garantizan un agradable viaje.<\/p>\n\n\n\n<p>Combine su viaje por la historia con una escapada por el mundo inspirador de la Autostadt de Wolfsburg. Viva expediciones hacia el futuro de la movilidad, viajes en el tiempo por la historia del autom\u00f3vil y explore el cosmos de la tecnolog\u00eda y la innovaci\u00f3n.<\/p>\n\n\n\n<div style=\"height:60px\" aria-hidden=\"true\" class=\"wp-block-spacer\"><\/div>\n\n\n\n<div class=\"content-grid\">\n\n\n  \n  <div class=\"grid\">\n                        \n                    \n          <div class=\"featured-themen-single\">\n            <div class=\"featured-themen-single-inner\" style=\"background-image: url('')\">\n              \n              <a href=\"https:\/\/9staedte.de\/braunschweig-brunswick-una-gran-ciudad-vibrante-y-con-historia\/\">\n                <span>Braunschweig (Brunswick) \u2013 Una gran ciudad vibrante y con historia<\/span>\n              <\/a>\n            <\/div>\n          <\/div>\n    \n          \n                  \n                    \n          <div class=\"featured-themen-single\">\n            <div class=\"featured-themen-single-inner\" style=\"background-image: url('')\">\n              \n              <a href=\"https:\/\/9staedte.de\/celle-una-preciosa-ciudad-palaciega-con-el-mayor-conjunto-de-casas-de-entramado-de-europa\/\">\n                <span>Celle \u2013 Una preciosa ciudad palaciega con el mayor conjunto de casas de entramado de Europa<\/span>\n              <\/a>\n            <\/div>\n          <\/div>\n    \n          \n                  \n                    \n          <div class=\"featured-themen-single\">\n            <div class=\"featured-themen-single-inner\" style=\"background-image: url('')\">\n              \n              <a href=\"https:\/\/9staedte.de\/einbeck-vehiculos-historicos-casas-de-entramadoy-cerveza\/\">\n                <span>Einbeck \u2013 Veh\u00edculos hist\u00f3ricos, casas de entramado y cerveza<\/span>\n              <\/a>\n            <\/div>\n          <\/div>\n    \n          \n                  \n                    \n          <div class=\"featured-themen-single\">\n            <div class=\"featured-themen-single-inner\" style=\"background-image: url('')\">\n              \n              <a href=\"https:\/\/9staedte.de\/goettingen-gotinga-la-ciudad-del-conocimiento\/\">\n                <span>G\u00f6ttingen (Gotinga) \u2013 La ciudad del conocimiento<\/span>\n              <\/a>\n            <\/div>\n          <\/div>\n    \n          \n                  \n                    \n          <div class=\"featured-themen-single\">\n            <div class=\"featured-themen-single-inner\" style=\"background-image: url('')\">\n              \n              <a href=\"https:\/\/9staedte.de\/goslar-patrimonio-cultural-de-la-humanidad-a-los-pies-del-harz\/\">\n                <span>Goslar \u2013 Patrimonio cultural de la humanidad a los pies del Harz<\/span>\n              <\/a>\n            <\/div>\n          <\/div>\n    \n          \n                  \n                    \n          <div class=\"featured-themen-single\">\n            <div class=\"featured-themen-single-inner\" style=\"background-image: url('')\">\n              \n              <a href=\"https:\/\/9staedte.de\/hameln-hamelin-la-ciudad-del-famoso-flautista\/\">\n                <span>Hameln (Hamel\u00edn) \u2013 La ciudad del famoso flautista<\/span>\n              <\/a>\n            <\/div>\n          <\/div>\n    \n          \n                  \n                    \n          <div class=\"featured-themen-single\">\n            <div class=\"featured-themen-single-inner\" style=\"background-image: url('')\">\n              \n              <a href=\"https:\/\/9staedte.de\/hannover-una-ciudad-fascinante-con-calidad-de-vida\/\">\n                <span>Hannover \u2013 Una ciudad fascinante con calidad de vida<\/span>\n              <\/a>\n            <\/div>\n          <\/div>\n    \n          \n                  \n                    \n          <div class=\"featured-themen-single\">\n            <div class=\"featured-themen-single-inner\" style=\"background-image: url('')\">\n              \n              <a href=\"https:\/\/9staedte.de\/hildesheim-una-ciudad-repleta-de-casas-de-entramado-cultura-e-historia\/\">\n                <span>Hildesheim \u2013 Una ciudad repleta de casas de entramado, cultura e historia<\/span>\n              <\/a>\n            <\/div>\n          <\/div>\n    \n          \n                  \n                    \n          <div class=\"featured-themen-single\">\n            <div class=\"featured-themen-single-inner\" style=\"background-image: url('')\">\n              \n              <a href=\"https:\/\/9staedte.de\/wolfenbuettel-casas-de-entramado-y-jaegermeister\/\">\n                <span>Wolfenb\u00fcttel \u2013 Casas de entramado y J\u00e4germeister<\/span>\n              <\/a>\n            <\/div>\n          <\/div>\n    \n          \n                  \n                    \n          <div class=\"featured-themen-single\">\n            <div class=\"featured-themen-single-inner\" style=\"background-image: url('')\">\n              \n              <a href=\"https:\/\/9staedte.de\/autostadt-de-wolfsburg-un-viaje-al-mundo-de-la-movilidad\/\">\n                <span>Autostadt de Wolfsburg \u2013 Un viaje al mundo de la movilidad<\/span>\n              <\/a>\n            <\/div>\n          <\/div>\n    \n          \n                          \n        <\/div>\n<\/div>","protected":false},"excerpt":{"rendered":"<p>Existen infinidad de razones para visitar 9 ciudades de la Baja Sajonia: festividades de gran tradici\u00f3n, patrimonios de la humanidad por la UNESCO, ciudades medievales, casas de entramado id\u00edlicas, acogedora hospitalidad, modernas galer\u00edas comerciales, gran actividad&#8230; Planee su viaje a las 9 ciudades. Cada ciudad fascina con su propio encanto especial. La visita de una [&hellip;]<\/p>\n","protected":false},"author":1,"featured_media":0,"parent":0,"menu_order":0,"comment_status":"closed","ping_status":"closed","template":"","meta":{"_acf_changed":false,"footnotes":""},"categories":[],"tags":[],"ncap_cities_tax":[],"class_list":["post-17489","page","type-page","status-publish","hentry"],"acf":[],"yoast_head":"<!-- This site is optimized with the Yoast SEO plugin v26.8 - https:\/\/yoast.com\/product\/yoast-seo-wordpress\/ -->\n<title>9 ciudades de la Baja Sajonia - 9 St\u00e4dte in Niedersachsen<\/title>\n<meta name=\"robots\" content=\"index, follow, max-snippet:-1, max-image-preview:large, max-video-preview:-1\" \/>\n<link rel=\"canonical\" href=\"https:\/\/9staedte.de\/es\/9-ciudades-de-la-baja-sajonia\/\" \/>\n<meta property=\"og:locale\" content=\"es_ES\" \/>\n<meta property=\"og:type\" content=\"article\" \/>\n<meta property=\"og:title\" content=\"9 ciudades de la Baja Sajonia - 9 St\u00e4dte in Niedersachsen\" \/>\n<meta property=\"og:description\" content=\"Existen infinidad de razones para visitar 9 ciudades de la Baja Sajonia: festividades de gran tradici\u00f3n, patrimonios de la humanidad por la UNESCO, ciudades medievales, casas de entramado id\u00edlicas, acogedora hospitalidad, modernas galer\u00edas comerciales, gran actividad&#8230; Planee su viaje a las 9 ciudades. Cada ciudad fascina con su propio encanto especial. La visita de una [&hellip;]\" \/>\n<meta property=\"og:url\" content=\"https:\/\/9staedte.de\/es\/9-ciudades-de-la-baja-sajonia\/\" \/>\n<meta property=\"og:site_name\" content=\"9 St\u00e4dte in Niedersachsen\" \/>\n<meta name=\"twitter:card\" content=\"summary_large_image\" \/>\n<meta name=\"twitter:label1\" content=\"Tiempo de lectura\" \/>\n\t<meta name=\"twitter:data1\" content=\"1 minuto\" \/>\n<script type=\"application\/ld+json\" class=\"yoast-schema-graph\">{\"@context\":\"https:\/\/schema.org\",\"@graph\":[{\"@type\":\"WebPage\",\"@id\":\"https:\/\/9staedte.de\/es\/9-ciudades-de-la-baja-sajonia\/\",\"url\":\"https:\/\/9staedte.de\/es\/9-ciudades-de-la-baja-sajonia\/\",\"name\":\"9 ciudades de la Baja Sajonia - 9 St\u00e4dte in Niedersachsen\",\"isPartOf\":{\"@id\":\"https:\/\/9staedte.de\/es\/#website\"},\"datePublished\":\"2023-11-02T08:49:12+00:00\",\"breadcrumb\":{\"@id\":\"https:\/\/9staedte.de\/es\/9-ciudades-de-la-baja-sajonia\/#breadcrumb\"},\"inLanguage\":\"es\",\"potentialAction\":[{\"@type\":\"ReadAction\",\"target\":[\"https:\/\/9staedte.de\/es\/9-ciudades-de-la-baja-sajonia\/\"]}]},{\"@type\":\"BreadcrumbList\",\"@id\":\"https:\/\/9staedte.de\/es\/9-ciudades-de-la-baja-sajonia\/#breadcrumb\",\"itemListElement\":[{\"@type\":\"ListItem\",\"position\":1,\"name\":\"Startseite\",\"item\":\"https:\/\/9staedte.de\/es\/\"},{\"@type\":\"ListItem\",\"position\":2,\"name\":\"9 ciudades de la Baja Sajonia\"}]},{\"@type\":\"WebSite\",\"@id\":\"https:\/\/9staedte.de\/es\/#website\",\"url\":\"https:\/\/9staedte.de\/es\/\",\"name\":\"9 St\u00e4dte in Niedersachsen\",\"description\":\"\",\"publisher\":{\"@id\":\"https:\/\/9staedte.de\/es\/#organization\"},\"potentialAction\":[{\"@type\":\"SearchAction\",\"target\":{\"@type\":\"EntryPoint\",\"urlTemplate\":\"https:\/\/9staedte.de\/es\/?s={search_term_string}\"},\"query-input\":{\"@type\":\"PropertyValueSpecification\",\"valueRequired\":true,\"valueName\":\"search_term_string\"}}],\"inLanguage\":\"es\"},{\"@type\":\"Organization\",\"@id\":\"https:\/\/9staedte.de\/es\/#organization\",\"name\":\"9 St\u00e4dte in Niedersachsen\",\"url\":\"https:\/\/9staedte.de\/es\/\",\"logo\":{\"@type\":\"ImageObject\",\"inLanguage\":\"es\",\"@id\":\"https:\/\/9staedte.de\/es\/#\/schema\/logo\/image\/\",\"url\":\"https:\/\/9staedte.de\/wp-content\/uploads\/2025\/01\/9-neg-deutsch-2-1.png\",\"contentUrl\":\"https:\/\/9staedte.de\/wp-content\/uploads\/2025\/01\/9-neg-deutsch-2-1.png\",\"width\":190,\"height\":114,\"caption\":\"9 St\u00e4dte in Niedersachsen\"},\"image\":{\"@id\":\"https:\/\/9staedte.de\/es\/#\/schema\/logo\/image\/\"}}]}<\/script>\n<!-- \/ Yoast SEO plugin. -->","yoast_head_json":{"title":"9 ciudades de la Baja Sajonia - 9 St\u00e4dte in Niedersachsen","robots":{"index":"index","follow":"follow","max-snippet":"max-snippet:-1","max-image-preview":"max-image-preview:large","max-video-preview":"max-video-preview:-1"},"canonical":"https:\/\/9staedte.de\/es\/9-ciudades-de-la-baja-sajonia\/","og_locale":"es_ES","og_type":"article","og_title":"9 ciudades de la Baja Sajonia - 9 St\u00e4dte in Niedersachsen","og_description":"Existen infinidad de razones para visitar 9 ciudades de la Baja Sajonia: festividades de gran tradici\u00f3n, patrimonios de la humanidad por la UNESCO, ciudades medievales, casas de entramado id\u00edlicas, acogedora hospitalidad, modernas galer\u00edas comerciales, gran actividad&#8230; Planee su viaje a las 9 ciudades. Cada ciudad fascina con su propio encanto especial. La visita de una [&hellip;]","og_url":"https:\/\/9staedte.de\/es\/9-ciudades-de-la-baja-sajonia\/","og_site_name":"9 St\u00e4dte in Niedersachsen","twitter_card":"summary_large_image","twitter_misc":{"Tiempo de lectura":"1 minuto"},"schema":{"@context":"https:\/\/schema.org","@graph":[{"@type":"WebPage","@id":"https:\/\/9staedte.de\/es\/9-ciudades-de-la-baja-sajonia\/","url":"https:\/\/9staedte.de\/es\/9-ciudades-de-la-baja-sajonia\/","name":"9 ciudades de la Baja Sajonia - 9 St\u00e4dte in Niedersachsen","isPartOf":{"@id":"https:\/\/9staedte.de\/es\/#website"},"datePublished":"2023-11-02T08:49:12+00:00","breadcrumb":{"@id":"https:\/\/9staedte.de\/es\/9-ciudades-de-la-baja-sajonia\/#breadcrumb"},"inLanguage":"es","potentialAction":[{"@type":"ReadAction","target":["https:\/\/9staedte.de\/es\/9-ciudades-de-la-baja-sajonia\/"]}]},{"@type":"BreadcrumbList","@id":"https:\/\/9staedte.de\/es\/9-ciudades-de-la-baja-sajonia\/#breadcrumb","itemListElement":[{"@type":"ListItem","position":1,"name":"Startseite","item":"https:\/\/9staedte.de\/es\/"},{"@type":"ListItem","position":2,"name":"9 ciudades de la Baja Sajonia"}]},{"@type":"WebSite","@id":"https:\/\/9staedte.de\/es\/#website","url":"https:\/\/9staedte.de\/es\/","name":"9 St\u00e4dte in Niedersachsen","description":"","publisher":{"@id":"https:\/\/9staedte.de\/es\/#organization"},"potentialAction":[{"@type":"SearchAction","target":{"@type":"EntryPoint","urlTemplate":"https:\/\/9staedte.de\/es\/?s={search_term_string}"},"query-input":{"@type":"PropertyValueSpecification","valueRequired":true,"valueName":"search_term_string"}}],"inLanguage":"es"},{"@type":"Organization","@id":"https:\/\/9staedte.de\/es\/#organization","name":"9 St\u00e4dte in Niedersachsen","url":"https:\/\/9staedte.de\/es\/","logo":{"@type":"ImageObject","inLanguage":"es","@id":"https:\/\/9staedte.de\/es\/#\/schema\/logo\/image\/","url":"https:\/\/9staedte.de\/wp-content\/uploads\/2025\/01\/9-neg-deutsch-2-1.png","contentUrl":"https:\/\/9staedte.de\/wp-content\/uploads\/2025\/01\/9-neg-deutsch-2-1.png","width":190,"height":114,"caption":"9 St\u00e4dte in Niedersachsen"},"image":{"@id":"https:\/\/9staedte.de\/es\/#\/schema\/logo\/image\/"}}]}},"_links":{"self":[{"href":"https:\/\/9staedte.de\/es\/wp-json\/wp\/v2\/pages\/17489","targetHints":{"allow":["GET"]}}],"collection":[{"href":"https:\/\/9staedte.de\/es\/wp-json\/wp\/v2\/pages"}],"about":[{"href":"https:\/\/9staedte.de\/es\/wp-json\/wp\/v2\/types\/page"}],"author":[{"embeddable":true,"href":"https:\/\/9staedte.de\/es\/wp-json\/wp\/v2\/users\/1"}],"replies":[{"embeddable":true,"href":"https:\/\/9staedte.de\/es\/wp-json\/wp\/v2\/comments?post=17489"}],"version-history":[{"count":0,"href":"https:\/\/9staedte.de\/es\/wp-json\/wp\/v2\/pages\/17489\/revisions"}],"wp:attachment":[{"href":"https:\/\/9staedte.de\/es\/wp-json\/wp\/v2\/media?parent=17489"}],"wp:term":[{"taxonomy":"category","embeddable":true,"href":"https:\/\/9staedte.de\/es\/wp-json\/wp\/v2\/categories?post=17489"},{"taxonomy":"post_tag","embeddable":true,"href":"https:\/\/9staedte.de\/es\/wp-json\/wp\/v2\/tags?post=17489"},{"taxonomy":"ncap_cities_tax","embeddable":true,"href":"https:\/\/9staedte.de\/es\/wp-json\/wp\/v2\/ncap_cities_tax?post=17489"}],"curies":[{"name":"wp","href":"https:\/\/api.w.org\/{rel}","templated":true}]}}