{"id":17488,"date":"2023-11-02T09:49:12","date_gmt":"2023-11-02T08:49:12","guid":{"rendered":"https:\/\/9staedte.de\/9-ciudades-en-baja-sajonia-informacion-y-consejos\/"},"modified":"2023-11-02T09:49:12","modified_gmt":"2023-11-02T08:49:12","slug":"9-ciudades-en-baja-sajonia-informacion-y-consejos","status":"publish","type":"page","link":"https:\/\/9staedte.de\/es\/9-ciudades-en-baja-sajonia-informacion-y-consejos\/","title":{"rendered":"9 Ciudades en Baja Sajonia &#8211; Informaci\u00f3n y Consejos"},"content":{"rendered":"\n<p>Razones para visitar&nbsp;las 9 ciudades de Baja Sajonia? La lista es interminable. Acontecimientos extraordinarios, Patrimonio Mundial de la UNESCO, centros urbanos medievales, id\u00edlicos conjuntos de casas con entramado de madera, hospitalidad desenfadada, modernos centros comerciales, un animado bullicio&#8230;<\/p>\n\n\n\n<h4 class=\"wp-block-heading\">CONSEJO<\/h4>\n\n\n\n<p>Combine su viaje a la historia con una excursi\u00f3n al inspirador mundo de Autostadt, en Wolfsburgo. Experimente expediciones al futuro de la movilidad, viajes en el tiempo a trav\u00e9s de la historia del autom\u00f3vil y viajes de descubrimiento al cosmos de la tecnolog\u00eda y la innovaci\u00f3n.<\/p>\n\n\n\n<p>Consejos e informaci\u00f3n sobre las 9 ciudades + 2 de Baja Sajonia:<\/p>\n\n\n\n<div style=\"height:60px\" aria-hidden=\"true\" class=\"wp-block-spacer\"><\/div>\n\n\n\n<div class=\"content-grid\">\n\n\n  \n  <div class=\"grid\">\n                        \n                    \n          <div class=\"featured-themen-single\">\n            <div class=\"featured-themen-single-inner\" style=\"background-image: url('')\">\n              \n              <a href=\"https:\/\/9staedte.de\/braunschweig-a-lively-city-with-lots-of-history\/\">\n                <span>Braunschweig \u2013  A lively city with lots of history<\/span>\n              <\/a>\n            <\/div>\n          <\/div>\n    \n          \n                  \n                    \n          <div class=\"featured-themen-single\">\n            <div class=\"featured-themen-single-inner\" style=\"background-image: url('')\">\n              \n              <a href=\"https:\/\/9staedte.de\/celle-lovable-ducal-residence-with-europes-largest-ensemble-of-half-timbered-houses\/\">\n                <span>Celle \u2013 Lovable ducal residence with Europe\u2019s largest ensemble of half-timbered houses<\/span>\n              <\/a>\n            <\/div>\n          <\/div>\n    \n          \n                  \n                    \n          <div class=\"featured-themen-single\">\n            <div class=\"featured-themen-single-inner\" style=\"background-image: url('')\">\n              \n              <a href=\"https:\/\/9staedte.de\/einbeck-vintage-cars-half-timbered-houses-and-beer\/\">\n                <span>Einbeck \u2013 Vintage cars, half-timbered houses and beer<\/span>\n              <\/a>\n            <\/div>\n          <\/div>\n    \n          \n                  \n                    \n          <div class=\"featured-themen-single\">\n            <div class=\"featured-themen-single-inner\" style=\"background-image: url('')\">\n              \n              <a href=\"https:\/\/9staedte.de\/goettingen-the-city-that-creates-knowledge\/\">\n                <span>G\u00f6ttingen \u2013 The city that creates knowledge<\/span>\n              <\/a>\n            <\/div>\n          <\/div>\n    \n          \n                  \n                    \n          <div class=\"featured-themen-single\">\n            <div class=\"featured-themen-single-inner\" style=\"background-image: url('')\">\n              \n              <a href=\"https:\/\/9staedte.de\/goslar-world-heritage-sites-in-the-harz-mountains\/\">\n                <span>Goslar \u2013 World Heritage Sites in the Harz mountains<\/span>\n              <\/a>\n            <\/div>\n          <\/div>\n    \n          \n                  \n                    \n          <div class=\"featured-themen-single\">\n            <div class=\"featured-themen-single-inner\" style=\"background-image: url('')\">\n              \n              <a href=\"https:\/\/9staedte.de\/hameln-the-pied-piper-town\/\">\n                <span>Hameln \u2013 The Pied Piper town<\/span>\n              <\/a>\n            <\/div>\n          <\/div>\n    \n          \n                  \n                    \n          <div class=\"featured-themen-single\">\n            <div class=\"featured-themen-single-inner\" style=\"background-image: url('')\">\n              \n              <a href=\"https:\/\/9staedte.de\/hannover-lovable-and-liveable\/\">\n                <span>Hannover \u2013 Lovable and liveable<\/span>\n              <\/a>\n            <\/div>\n          <\/div>\n    \n          \n                  \n                    \n          <div class=\"featured-themen-single\">\n            <div class=\"featured-themen-single-inner\" style=\"background-image: url('')\">\n              \n              <a href=\"https:\/\/9staedte.de\/hildesheim-half-timbered-city-packed-with-culture-and-history\/\">\n                <span>Hildesheim \u2013 Half-timbered city packed with culture and history<\/span>\n              <\/a>\n            <\/div>\n          <\/div>\n    \n          \n                  \n                    \n          <div class=\"featured-themen-single\">\n            <div class=\"featured-themen-single-inner\" style=\"background-image: url('')\">\n              \n              <a href=\"https:\/\/9staedte.de\/wolfenbuettel-1000-half-timbered-houses-and-jaegermeister\/\">\n                <span>Wolfenb\u00fcttel \u2013 1000 half-timbered houses and J\u00e4germeister<\/span>\n              <\/a>\n            <\/div>\n          <\/div>\n    \n          \n                  \n                    \n          <div class=\"featured-themen-single\">\n            <div class=\"featured-themen-single-inner\" style=\"background-image: url('')\">\n              \n              <a href=\"https:\/\/9staedte.de\/autostadt-in-wolfsburg-discover-the-world-of-mobility\/\">\n                <span>Autostadt in Wolfsburg \u2013 Discover the world of mobility<\/span>\n              <\/a>\n            <\/div>\n          <\/div>\n    \n          \n                          \n        <\/div>\n<\/div>","protected":false},"excerpt":{"rendered":"<p>Razones para visitar&nbsp;las 9 ciudades de Baja Sajonia? La lista es interminable. Acontecimientos extraordinarios, Patrimonio Mundial de la UNESCO, centros urbanos medievales, id\u00edlicos conjuntos de casas con entramado de madera, hospitalidad desenfadada, modernos centros comerciales, un animado bullicio&#8230; CONSEJO Combine su viaje a la historia con una excursi\u00f3n al inspirador mundo de Autostadt, en Wolfsburgo. [&hellip;]<\/p>\n","protected":false},"author":1,"featured_media":0,"parent":0,"menu_order":0,"comment_status":"closed","ping_status":"closed","template":"","meta":{"_acf_changed":false,"footnotes":""},"categories":[],"tags":[],"ncap_cities_tax":[],"class_list":["post-17488","page","type-page","status-publish","hentry"],"acf":[],"yoast_head":"<!-- This site is optimized with the Yoast SEO plugin v26.8 - https:\/\/yoast.com\/product\/yoast-seo-wordpress\/ -->\n<title>9 Ciudades en Baja Sajonia - Informaci\u00f3n y Consejos - 9 St\u00e4dte in Niedersachsen<\/title>\n<meta name=\"robots\" content=\"index, follow, max-snippet:-1, max-image-preview:large, max-video-preview:-1\" \/>\n<link rel=\"canonical\" href=\"https:\/\/9staedte.de\/es\/9-ciudades-en-baja-sajonia-informacion-y-consejos\/\" \/>\n<meta property=\"og:locale\" content=\"es_ES\" \/>\n<meta property=\"og:type\" content=\"article\" \/>\n<meta property=\"og:title\" content=\"9 Ciudades en Baja Sajonia - Informaci\u00f3n y Consejos - 9 St\u00e4dte in Niedersachsen\" \/>\n<meta property=\"og:description\" content=\"Razones para visitar&nbsp;las 9 ciudades de Baja Sajonia? La lista es interminable. Acontecimientos extraordinarios, Patrimonio Mundial de la UNESCO, centros urbanos medievales, id\u00edlicos conjuntos de casas con entramado de madera, hospitalidad desenfadada, modernos centros comerciales, un animado bullicio&#8230; CONSEJO Combine su viaje a la historia con una excursi\u00f3n al inspirador mundo de Autostadt, en Wolfsburgo. [&hellip;]\" \/>\n<meta property=\"og:url\" content=\"https:\/\/9staedte.de\/es\/9-ciudades-en-baja-sajonia-informacion-y-consejos\/\" \/>\n<meta property=\"og:site_name\" content=\"9 St\u00e4dte in Niedersachsen\" \/>\n<meta name=\"twitter:card\" content=\"summary_large_image\" \/>\n<meta name=\"twitter:label1\" content=\"Tiempo de lectura\" \/>\n\t<meta name=\"twitter:data1\" content=\"1 minuto\" \/>\n<script type=\"application\/ld+json\" class=\"yoast-schema-graph\">{\"@context\":\"https:\/\/schema.org\",\"@graph\":[{\"@type\":\"WebPage\",\"@id\":\"https:\/\/9staedte.de\/es\/9-ciudades-en-baja-sajonia-informacion-y-consejos\/\",\"url\":\"https:\/\/9staedte.de\/es\/9-ciudades-en-baja-sajonia-informacion-y-consejos\/\",\"name\":\"9 Ciudades en Baja Sajonia - Informaci\u00f3n y Consejos - 9 St\u00e4dte in Niedersachsen\",\"isPartOf\":{\"@id\":\"https:\/\/9staedte.de\/es\/#website\"},\"datePublished\":\"2023-11-02T08:49:12+00:00\",\"breadcrumb\":{\"@id\":\"https:\/\/9staedte.de\/es\/9-ciudades-en-baja-sajonia-informacion-y-consejos\/#breadcrumb\"},\"inLanguage\":\"es\",\"potentialAction\":[{\"@type\":\"ReadAction\",\"target\":[\"https:\/\/9staedte.de\/es\/9-ciudades-en-baja-sajonia-informacion-y-consejos\/\"]}]},{\"@type\":\"BreadcrumbList\",\"@id\":\"https:\/\/9staedte.de\/es\/9-ciudades-en-baja-sajonia-informacion-y-consejos\/#breadcrumb\",\"itemListElement\":[{\"@type\":\"ListItem\",\"position\":1,\"name\":\"Startseite\",\"item\":\"https:\/\/9staedte.de\/es\/\"},{\"@type\":\"ListItem\",\"position\":2,\"name\":\"9 Ciudades en Baja Sajonia &#8211; Informaci\u00f3n y Consejos\"}]},{\"@type\":\"WebSite\",\"@id\":\"https:\/\/9staedte.de\/es\/#website\",\"url\":\"https:\/\/9staedte.de\/es\/\",\"name\":\"9 St\u00e4dte in Niedersachsen\",\"description\":\"\",\"publisher\":{\"@id\":\"https:\/\/9staedte.de\/es\/#organization\"},\"potentialAction\":[{\"@type\":\"SearchAction\",\"target\":{\"@type\":\"EntryPoint\",\"urlTemplate\":\"https:\/\/9staedte.de\/es\/?s={search_term_string}\"},\"query-input\":{\"@type\":\"PropertyValueSpecification\",\"valueRequired\":true,\"valueName\":\"search_term_string\"}}],\"inLanguage\":\"es\"},{\"@type\":\"Organization\",\"@id\":\"https:\/\/9staedte.de\/es\/#organization\",\"name\":\"9 St\u00e4dte in Niedersachsen\",\"url\":\"https:\/\/9staedte.de\/es\/\",\"logo\":{\"@type\":\"ImageObject\",\"inLanguage\":\"es\",\"@id\":\"https:\/\/9staedte.de\/es\/#\/schema\/logo\/image\/\",\"url\":\"https:\/\/9staedte.de\/wp-content\/uploads\/2025\/01\/9-neg-deutsch-2-1.png\",\"contentUrl\":\"https:\/\/9staedte.de\/wp-content\/uploads\/2025\/01\/9-neg-deutsch-2-1.png\",\"width\":190,\"height\":114,\"caption\":\"9 St\u00e4dte in Niedersachsen\"},\"image\":{\"@id\":\"https:\/\/9staedte.de\/es\/#\/schema\/logo\/image\/\"}}]}<\/script>\n<!-- \/ Yoast SEO plugin. -->","yoast_head_json":{"title":"9 Ciudades en Baja Sajonia - Informaci\u00f3n y Consejos - 9 St\u00e4dte in Niedersachsen","robots":{"index":"index","follow":"follow","max-snippet":"max-snippet:-1","max-image-preview":"max-image-preview:large","max-video-preview":"max-video-preview:-1"},"canonical":"https:\/\/9staedte.de\/es\/9-ciudades-en-baja-sajonia-informacion-y-consejos\/","og_locale":"es_ES","og_type":"article","og_title":"9 Ciudades en Baja Sajonia - Informaci\u00f3n y Consejos - 9 St\u00e4dte in Niedersachsen","og_description":"Razones para visitar&nbsp;las 9 ciudades de Baja Sajonia? La lista es interminable. Acontecimientos extraordinarios, Patrimonio Mundial de la UNESCO, centros urbanos medievales, id\u00edlicos conjuntos de casas con entramado de madera, hospitalidad desenfadada, modernos centros comerciales, un animado bullicio&#8230; CONSEJO Combine su viaje a la historia con una excursi\u00f3n al inspirador mundo de Autostadt, en Wolfsburgo. [&hellip;]","og_url":"https:\/\/9staedte.de\/es\/9-ciudades-en-baja-sajonia-informacion-y-consejos\/","og_site_name":"9 St\u00e4dte in Niedersachsen","twitter_card":"summary_large_image","twitter_misc":{"Tiempo de lectura":"1 minuto"},"schema":{"@context":"https:\/\/schema.org","@graph":[{"@type":"WebPage","@id":"https:\/\/9staedte.de\/es\/9-ciudades-en-baja-sajonia-informacion-y-consejos\/","url":"https:\/\/9staedte.de\/es\/9-ciudades-en-baja-sajonia-informacion-y-consejos\/","name":"9 Ciudades en Baja Sajonia - Informaci\u00f3n y Consejos - 9 St\u00e4dte in Niedersachsen","isPartOf":{"@id":"https:\/\/9staedte.de\/es\/#website"},"datePublished":"2023-11-02T08:49:12+00:00","breadcrumb":{"@id":"https:\/\/9staedte.de\/es\/9-ciudades-en-baja-sajonia-informacion-y-consejos\/#breadcrumb"},"inLanguage":"es","potentialAction":[{"@type":"ReadAction","target":["https:\/\/9staedte.de\/es\/9-ciudades-en-baja-sajonia-informacion-y-consejos\/"]}]},{"@type":"BreadcrumbList","@id":"https:\/\/9staedte.de\/es\/9-ciudades-en-baja-sajonia-informacion-y-consejos\/#breadcrumb","itemListElement":[{"@type":"ListItem","position":1,"name":"Startseite","item":"https:\/\/9staedte.de\/es\/"},{"@type":"ListItem","position":2,"name":"9 Ciudades en Baja Sajonia &#8211; Informaci\u00f3n y Consejos"}]},{"@type":"WebSite","@id":"https:\/\/9staedte.de\/es\/#website","url":"https:\/\/9staedte.de\/es\/","name":"9 St\u00e4dte in Niedersachsen","description":"","publisher":{"@id":"https:\/\/9staedte.de\/es\/#organization"},"potentialAction":[{"@type":"SearchAction","target":{"@type":"EntryPoint","urlTemplate":"https:\/\/9staedte.de\/es\/?s={search_term_string}"},"query-input":{"@type":"PropertyValueSpecification","valueRequired":true,"valueName":"search_term_string"}}],"inLanguage":"es"},{"@type":"Organization","@id":"https:\/\/9staedte.de\/es\/#organization","name":"9 St\u00e4dte in Niedersachsen","url":"https:\/\/9staedte.de\/es\/","logo":{"@type":"ImageObject","inLanguage":"es","@id":"https:\/\/9staedte.de\/es\/#\/schema\/logo\/image\/","url":"https:\/\/9staedte.de\/wp-content\/uploads\/2025\/01\/9-neg-deutsch-2-1.png","contentUrl":"https:\/\/9staedte.de\/wp-content\/uploads\/2025\/01\/9-neg-deutsch-2-1.png","width":190,"height":114,"caption":"9 St\u00e4dte in Niedersachsen"},"image":{"@id":"https:\/\/9staedte.de\/es\/#\/schema\/logo\/image\/"}}]}},"_links":{"self":[{"href":"https:\/\/9staedte.de\/es\/wp-json\/wp\/v2\/pages\/17488","targetHints":{"allow":["GET"]}}],"collection":[{"href":"https:\/\/9staedte.de\/es\/wp-json\/wp\/v2\/pages"}],"about":[{"href":"https:\/\/9staedte.de\/es\/wp-json\/wp\/v2\/types\/page"}],"author":[{"embeddable":true,"href":"https:\/\/9staedte.de\/es\/wp-json\/wp\/v2\/users\/1"}],"replies":[{"embeddable":true,"href":"https:\/\/9staedte.de\/es\/wp-json\/wp\/v2\/comments?post=17488"}],"version-history":[{"count":0,"href":"https:\/\/9staedte.de\/es\/wp-json\/wp\/v2\/pages\/17488\/revisions"}],"wp:attachment":[{"href":"https:\/\/9staedte.de\/es\/wp-json\/wp\/v2\/media?parent=17488"}],"wp:term":[{"taxonomy":"category","embeddable":true,"href":"https:\/\/9staedte.de\/es\/wp-json\/wp\/v2\/categories?post=17488"},{"taxonomy":"post_tag","embeddable":true,"href":"https:\/\/9staedte.de\/es\/wp-json\/wp\/v2\/tags?post=17488"},{"taxonomy":"ncap_cities_tax","embeddable":true,"href":"https:\/\/9staedte.de\/es\/wp-json\/wp\/v2\/ncap_cities_tax?post=17488"}],"curies":[{"name":"wp","href":"https:\/\/api.w.org\/{rel}","templated":true}]}}