{"id":17475,"date":"2023-11-02T09:49:11","date_gmt":"2023-11-02T08:49:11","guid":{"rendered":"https:\/\/9staedte.de\/impresionantes-vistas-en-9-plantas\/"},"modified":"2023-11-02T09:49:11","modified_gmt":"2023-11-02T08:49:11","slug":"impresionantes-vistas-en-9-plantas","status":"publish","type":"page","link":"https:\/\/9staedte.de\/es\/impresionantes-vistas-en-9-plantas\/","title":{"rendered":"Impresionantes vistas en 9 plantas"},"content":{"rendered":"\n<p>9 casas hist\u00f3ricas en Nedersaksen son el lugar ideal para pasar un fin de semana en&nbsp;con un ambiente especial.<\/p>\n\n\n\n<p>Braunschweig, Celle, G\u00f6ttingen, Goslar, Hameln, Hannover, Hildesheim y Wolfenb\u00fcttel ofrecen a los visitantes una experiencia inolvidable con espacios abiertos sin barreras, ciudades hist\u00f3ricas con casas de campo, paisajes id\u00edlicos, jardines de ensue\u00f1o, preciosas terrazas, parques y jardines. Esta es la historia de las grandes fiestas tradicionales. Las modernas galer\u00edas comerciales y los edificios hist\u00f3ricos le invitan a comprar y relajarse. Disfrute de magn\u00edficos espect\u00e1culos y divertidas fiestas en r\u00fasticos pueblecitos, en id\u00edlicas cervecer\u00edas y, por supuesto, durante todas las festividades.<\/p>\n\n\n\n<p>Los Herrenh\u00e4user G\u00e4rten de Hannover son un lugar de ensue\u00f1o en el que la arquitectura, el teatro y el arte contempor\u00e1neo encuentran su lugar. El Zoo de Hannover es el zool\u00f3gico de referencia gracias a sus espacios naturales en siete fascinantes paisajes. Eventos como el festival internacional de verano, el festival de arte Herrenhausen, el Maschseefest o el mayor festival de la cerveza del mundo llevan a los visitantes de masas a Hannover.<\/p>\n\n\n\n<p>Of u nu voor de auto, de trein of het vliegtuig kiest, de reis is altijd snel en comfortabel. Adem\u00e1s, la visita a una o varias de las ciudades hist\u00f3ricas puede combinarse perfectamente con un viaje por las Landas de Luneburgo, Harz o Weserbergland.<\/p>\n\n\n\n<div style=\"height:60px\" aria-hidden=\"true\" class=\"wp-block-spacer\"><\/div>\n\n\n\n<div class=\"content-grid\">\n\n\n  \n  <div class=\"grid\">\n                        \n                    \n          <div class=\"featured-themen-single\">\n            <div class=\"featured-themen-single-inner\" style=\"background-image: url('https:\/\/9staedte.de\/wp-content\/smush-webp\/2022\/02\/Altstadtmarkt_Quelle_Braunschweig_Stadtmarketing_GmbH_-_Marek_Kruszewski.jpg.webp')\">\n              \n              <a href=\"https:\/\/9staedte.de\/braunschweig-welfen-hanze-knappe-koppen\/\">\n                <span>Braunschweig \u2013 Levendige grote stad met geschiedenis<\/span>\n              <\/a>\n            <\/div>\n          <\/div>\n    \n          \n                  \n                    \n          <div class=\"featured-themen-single\">\n            <div class=\"featured-themen-single-inner\" style=\"background-image: url('https:\/\/9staedte.de\/wp-content\/smush-webp\/2023\/04\/Was-ihr-wollt.jpg.webp')\">\n              \n              <a href=\"https:\/\/9staedte.de\/celle-vorstelijke-residentiestad-met-het-grootste-vakwerkensemble-van-europa\/\">\n                <span>Celle \u2013 Een sympathieke residentiestad met het grootste complex van vakwerkhuizen van Europa<\/span>\n              <\/a>\n            <\/div>\n          <\/div>\n    \n          \n                  \n                    \n          <div class=\"featured-themen-single\">\n            <div class=\"featured-themen-single-inner\" style=\"background-image: url('')\">\n              \n              <a href=\"https:\/\/9staedte.de\/einbeck-oldtimers-vakwerk-en-bier\/\">\n                <span>Einbeck \u2013 Oldtimers, vakwerk en bier<\/span>\n              <\/a>\n            <\/div>\n          <\/div>\n    \n          \n                  \n                    \n          <div class=\"featured-themen-single\">\n            <div class=\"featured-themen-single-inner\" style=\"background-image: url('https:\/\/9staedte.de\/wp-content\/smush-webp\/2023\/04\/Kulturgut_Goettingen_NDR2_Soundcheck_03c-Christoph-Mischke.jpg.webp')\">\n              \n              <a href=\"https:\/\/9staedte.de\/goettingen-stad-die-kennis-bijbrengt\/\">\n                <span>G\u00f6ttingen \u2013 Een stad die kennis bijbrengt<\/span>\n              <\/a>\n            <\/div>\n          <\/div>\n    \n          \n                  \n                    \n          <div class=\"featured-themen-single\">\n            <div class=\"featured-themen-single-inner\" style=\"background-image: url('https:\/\/9staedte.de\/wp-content\/smush-webp\/2023\/04\/Goslar_Walpurgisnacht.jpg.webp')\">\n              \n              <a href=\"https:\/\/9staedte.de\/goslar-ontdek-een-werelderfgoed\/\">\n                <span>Goslar \u2013 Wereldcultuurerfgoed in de Harz<\/span>\n              <\/a>\n            <\/div>\n          <\/div>\n    \n          \n                  \n                    \n          <div class=\"featured-themen-single\">\n            <div class=\"featured-themen-single-inner\" style=\"background-image: url('https:\/\/9staedte.de\/wp-content\/smush-webp\/2023\/04\/Sagenhaftes-Festwochenende-Wilhelm-Robin-Pfeifer.jpg.webp')\">\n              \n              <a href=\"https:\/\/9staedte.de\/hameln-legendarische-rattenvangerstad\/\">\n                <span>Hameln (Hamelen) \u2013 De stad van de rattenvanger<\/span>\n              <\/a>\n            <\/div>\n          <\/div>\n    \n          \n                  \n                    \n          <div class=\"featured-themen-single\">\n            <div class=\"featured-themen-single-inner\" style=\"background-image: url('https:\/\/9staedte.de\/wp-content\/smush-webp\/2023\/04\/Hannover-Herrenhaeuser-Gaerten-im-Herbst-c-Lars-Gerhardts.jpg.webp')\">\n              \n              <a href=\"https:\/\/9staedte.de\/hannovers-mooiste-kanten\/\">\n                <span>Hannover \u2013 Sympathiek en bruisend<\/span>\n              <\/a>\n            <\/div>\n          <\/div>\n    \n          \n                  \n                    \n          <div class=\"featured-themen-single\">\n            <div class=\"featured-themen-single-inner\" style=\"background-image: url('https:\/\/9staedte.de\/wp-content\/smush-webp\/2023\/04\/HildesheimMarktplatz2_Fotograph-Obornik\u00a9Hildesheim-Marketing.jpg.webp')\">\n              \n              <a href=\"https:\/\/9staedte.de\/hildesheim-uniek-unesco-werelderfgoed\/\">\n                <span>Hildesheim \u2013 Vakwerkstad vol cultuur en geschiedenis<\/span>\n              <\/a>\n            <\/div>\n          <\/div>\n    \n          \n                  \n                    \n          <div class=\"featured-themen-single\">\n            <div class=\"featured-themen-single-inner\" style=\"background-image: url('https:\/\/9staedte.de\/wp-content\/smush-webp\/2022\/03\/Lessinghaus-Wolfenbuettel-Bierwagen-c-Stadt-Wolfenbuettel-1-scaled.jpg.webp')\">\n              \n              <a href=\"https:\/\/9staedte.de\/wolfenbuettel-welkom-in-de-residentie-van-de-welfengertogen-en-de-stad-van-de-jaegermeister\/\">\n                <span>Wolfenb\u00fcttel \u2013 1000 vakwerkhuizen en J\u00e4germeister<\/span>\n              <\/a>\n            <\/div>\n          <\/div>\n    \n          \n                  \n                    \n          <div class=\"featured-themen-single\">\n            <div class=\"featured-themen-single-inner\" style=\"background-image: url('https:\/\/9staedte.de\/wp-content\/smush-webp\/2022\/03\/Autostadt-Uebersicht-Tag-c-Nils-Hendrick-Mueller-1.jpg.webp')\">\n              \n              <a href=\"https:\/\/9staedte.de\/de-autostadt-in-niedersachsen\/\">\n                <span>Autostadt in Wolfsburg \u2013 Op reis in de wereld van mobiliteit<\/span>\n              <\/a>\n            <\/div>\n          <\/div>\n    \n          \n                          \n        <\/div>\n<\/div>","protected":false},"excerpt":{"rendered":"<p>9 casas hist\u00f3ricas en Nedersaksen son el lugar ideal para pasar un fin de semana en&nbsp;con un ambiente especial. Braunschweig, Celle, G\u00f6ttingen, Goslar, Hameln, Hannover, Hildesheim y Wolfenb\u00fcttel ofrecen a los visitantes una experiencia inolvidable con espacios abiertos sin barreras, ciudades hist\u00f3ricas con casas de campo, paisajes id\u00edlicos, jardines de ensue\u00f1o, preciosas terrazas, parques y [&hellip;]<\/p>\n","protected":false},"author":1,"featured_media":17483,"parent":0,"menu_order":0,"comment_status":"closed","ping_status":"closed","template":"","meta":{"_acf_changed":false,"footnotes":""},"categories":[],"tags":[],"ncap_cities_tax":[],"class_list":["post-17475","page","type-page","status-publish","has-post-thumbnail","hentry"],"acf":[],"yoast_head":"<!-- This site is optimized with the Yoast SEO plugin v27.4 - https:\/\/yoast.com\/product\/yoast-seo-wordpress\/ -->\n<title>Impresionantes vistas en 9 plantas - 9 St\u00e4dte in Niedersachsen<\/title>\n<meta name=\"robots\" content=\"index, follow, max-snippet:-1, max-image-preview:large, max-video-preview:-1\" \/>\n<link rel=\"canonical\" href=\"https:\/\/9staedte.de\/es\/impresionantes-vistas-en-9-plantas\/\" \/>\n<meta property=\"og:locale\" content=\"es_ES\" \/>\n<meta property=\"og:type\" content=\"article\" \/>\n<meta property=\"og:title\" content=\"Impresionantes vistas en 9 plantas - 9 St\u00e4dte in Niedersachsen\" \/>\n<meta property=\"og:description\" content=\"9 casas hist\u00f3ricas en Nedersaksen son el lugar ideal para pasar un fin de semana en&nbsp;con un ambiente especial. Braunschweig, Celle, G\u00f6ttingen, Goslar, Hameln, Hannover, Hildesheim y Wolfenb\u00fcttel ofrecen a los visitantes una experiencia inolvidable con espacios abiertos sin barreras, ciudades hist\u00f3ricas con casas de campo, paisajes id\u00edlicos, jardines de ensue\u00f1o, preciosas terrazas, parques y [&hellip;]\" \/>\n<meta property=\"og:url\" content=\"https:\/\/9staedte.de\/es\/impresionantes-vistas-en-9-plantas\/\" \/>\n<meta property=\"og:site_name\" content=\"9 St\u00e4dte in Niedersachsen\" \/>\n<meta name=\"twitter:card\" content=\"summary_large_image\" \/>\n<meta name=\"twitter:label1\" content=\"Tiempo de lectura\" \/>\n\t<meta name=\"twitter:data1\" content=\"1 minuto\" \/>\n<script type=\"application\/ld+json\" class=\"yoast-schema-graph\">{\"@context\":\"https:\\\/\\\/schema.org\",\"@graph\":[{\"@type\":\"WebPage\",\"@id\":\"https:\\\/\\\/9staedte.de\\\/es\\\/impresionantes-vistas-en-9-plantas\\\/\",\"url\":\"https:\\\/\\\/9staedte.de\\\/es\\\/impresionantes-vistas-en-9-plantas\\\/\",\"name\":\"Impresionantes vistas en 9 plantas - 9 St\u00e4dte in Niedersachsen\",\"isPartOf\":{\"@id\":\"https:\\\/\\\/9staedte.de\\\/es\\\/#website\"},\"primaryImageOfPage\":{\"@id\":\"https:\\\/\\\/9staedte.de\\\/es\\\/impresionantes-vistas-en-9-plantas\\\/#primaryimage\"},\"image\":{\"@id\":\"https:\\\/\\\/9staedte.de\\\/es\\\/impresionantes-vistas-en-9-plantas\\\/#primaryimage\"},\"thumbnailUrl\":\"https:\\\/\\\/9staedte.de\\\/wp-content\\\/uploads\\\/2023\\\/04\\\/Braunschweig-Kohlmarkt-c-Braunschweig-Stadtmarketing-Danienl-Moeller.jpg\",\"datePublished\":\"2023-11-02T08:49:11+00:00\",\"breadcrumb\":{\"@id\":\"https:\\\/\\\/9staedte.de\\\/es\\\/impresionantes-vistas-en-9-plantas\\\/#breadcrumb\"},\"inLanguage\":\"es\",\"potentialAction\":[{\"@type\":\"ReadAction\",\"target\":[\"https:\\\/\\\/9staedte.de\\\/es\\\/impresionantes-vistas-en-9-plantas\\\/\"]}]},{\"@type\":\"ImageObject\",\"inLanguage\":\"es\",\"@id\":\"https:\\\/\\\/9staedte.de\\\/es\\\/impresionantes-vistas-en-9-plantas\\\/#primaryimage\",\"url\":\"https:\\\/\\\/9staedte.de\\\/wp-content\\\/uploads\\\/2023\\\/04\\\/Braunschweig-Kohlmarkt-c-Braunschweig-Stadtmarketing-Danienl-Moeller.jpg\",\"contentUrl\":\"https:\\\/\\\/9staedte.de\\\/wp-content\\\/uploads\\\/2023\\\/04\\\/Braunschweig-Kohlmarkt-c-Braunschweig-Stadtmarketing-Danienl-Moeller.jpg\",\"width\":860,\"height\":365},{\"@type\":\"BreadcrumbList\",\"@id\":\"https:\\\/\\\/9staedte.de\\\/es\\\/impresionantes-vistas-en-9-plantas\\\/#breadcrumb\",\"itemListElement\":[{\"@type\":\"ListItem\",\"position\":1,\"name\":\"Startseite\",\"item\":\"https:\\\/\\\/9staedte.de\\\/es\\\/\"},{\"@type\":\"ListItem\",\"position\":2,\"name\":\"Impresionantes vistas en 9 plantas\"}]},{\"@type\":\"WebSite\",\"@id\":\"https:\\\/\\\/9staedte.de\\\/es\\\/#website\",\"url\":\"https:\\\/\\\/9staedte.de\\\/es\\\/\",\"name\":\"9 St\u00e4dte in Niedersachsen\",\"description\":\"\",\"publisher\":{\"@id\":\"https:\\\/\\\/9staedte.de\\\/es\\\/#organization\"},\"potentialAction\":[{\"@type\":\"SearchAction\",\"target\":{\"@type\":\"EntryPoint\",\"urlTemplate\":\"https:\\\/\\\/9staedte.de\\\/es\\\/?s={search_term_string}\"},\"query-input\":{\"@type\":\"PropertyValueSpecification\",\"valueRequired\":true,\"valueName\":\"search_term_string\"}}],\"inLanguage\":\"es\"},{\"@type\":\"Organization\",\"@id\":\"https:\\\/\\\/9staedte.de\\\/es\\\/#organization\",\"name\":\"9 St\u00e4dte in Niedersachsen\",\"url\":\"https:\\\/\\\/9staedte.de\\\/es\\\/\",\"logo\":{\"@type\":\"ImageObject\",\"inLanguage\":\"es\",\"@id\":\"https:\\\/\\\/9staedte.de\\\/es\\\/#\\\/schema\\\/logo\\\/image\\\/\",\"url\":\"https:\\\/\\\/9staedte.de\\\/wp-content\\\/uploads\\\/2025\\\/01\\\/9-neg-deutsch-2-1.png\",\"contentUrl\":\"https:\\\/\\\/9staedte.de\\\/wp-content\\\/uploads\\\/2025\\\/01\\\/9-neg-deutsch-2-1.png\",\"width\":190,\"height\":114,\"caption\":\"9 St\u00e4dte in Niedersachsen\"},\"image\":{\"@id\":\"https:\\\/\\\/9staedte.de\\\/es\\\/#\\\/schema\\\/logo\\\/image\\\/\"}}]}<\/script>\n<!-- \/ Yoast SEO plugin. -->","yoast_head_json":{"title":"Impresionantes vistas en 9 plantas - 9 St\u00e4dte in Niedersachsen","robots":{"index":"index","follow":"follow","max-snippet":"max-snippet:-1","max-image-preview":"max-image-preview:large","max-video-preview":"max-video-preview:-1"},"canonical":"https:\/\/9staedte.de\/es\/impresionantes-vistas-en-9-plantas\/","og_locale":"es_ES","og_type":"article","og_title":"Impresionantes vistas en 9 plantas - 9 St\u00e4dte in Niedersachsen","og_description":"9 casas hist\u00f3ricas en Nedersaksen son el lugar ideal para pasar un fin de semana en&nbsp;con un ambiente especial. Braunschweig, Celle, G\u00f6ttingen, Goslar, Hameln, Hannover, Hildesheim y Wolfenb\u00fcttel ofrecen a los visitantes una experiencia inolvidable con espacios abiertos sin barreras, ciudades hist\u00f3ricas con casas de campo, paisajes id\u00edlicos, jardines de ensue\u00f1o, preciosas terrazas, parques y [&hellip;]","og_url":"https:\/\/9staedte.de\/es\/impresionantes-vistas-en-9-plantas\/","og_site_name":"9 St\u00e4dte in Niedersachsen","twitter_card":"summary_large_image","twitter_misc":{"Tiempo de lectura":"1 minuto"},"schema":{"@context":"https:\/\/schema.org","@graph":[{"@type":"WebPage","@id":"https:\/\/9staedte.de\/es\/impresionantes-vistas-en-9-plantas\/","url":"https:\/\/9staedte.de\/es\/impresionantes-vistas-en-9-plantas\/","name":"Impresionantes vistas en 9 plantas - 9 St\u00e4dte in Niedersachsen","isPartOf":{"@id":"https:\/\/9staedte.de\/es\/#website"},"primaryImageOfPage":{"@id":"https:\/\/9staedte.de\/es\/impresionantes-vistas-en-9-plantas\/#primaryimage"},"image":{"@id":"https:\/\/9staedte.de\/es\/impresionantes-vistas-en-9-plantas\/#primaryimage"},"thumbnailUrl":"https:\/\/9staedte.de\/wp-content\/uploads\/2023\/04\/Braunschweig-Kohlmarkt-c-Braunschweig-Stadtmarketing-Danienl-Moeller.jpg","datePublished":"2023-11-02T08:49:11+00:00","breadcrumb":{"@id":"https:\/\/9staedte.de\/es\/impresionantes-vistas-en-9-plantas\/#breadcrumb"},"inLanguage":"es","potentialAction":[{"@type":"ReadAction","target":["https:\/\/9staedte.de\/es\/impresionantes-vistas-en-9-plantas\/"]}]},{"@type":"ImageObject","inLanguage":"es","@id":"https:\/\/9staedte.de\/es\/impresionantes-vistas-en-9-plantas\/#primaryimage","url":"https:\/\/9staedte.de\/wp-content\/uploads\/2023\/04\/Braunschweig-Kohlmarkt-c-Braunschweig-Stadtmarketing-Danienl-Moeller.jpg","contentUrl":"https:\/\/9staedte.de\/wp-content\/uploads\/2023\/04\/Braunschweig-Kohlmarkt-c-Braunschweig-Stadtmarketing-Danienl-Moeller.jpg","width":860,"height":365},{"@type":"BreadcrumbList","@id":"https:\/\/9staedte.de\/es\/impresionantes-vistas-en-9-plantas\/#breadcrumb","itemListElement":[{"@type":"ListItem","position":1,"name":"Startseite","item":"https:\/\/9staedte.de\/es\/"},{"@type":"ListItem","position":2,"name":"Impresionantes vistas en 9 plantas"}]},{"@type":"WebSite","@id":"https:\/\/9staedte.de\/es\/#website","url":"https:\/\/9staedte.de\/es\/","name":"9 St\u00e4dte in Niedersachsen","description":"","publisher":{"@id":"https:\/\/9staedte.de\/es\/#organization"},"potentialAction":[{"@type":"SearchAction","target":{"@type":"EntryPoint","urlTemplate":"https:\/\/9staedte.de\/es\/?s={search_term_string}"},"query-input":{"@type":"PropertyValueSpecification","valueRequired":true,"valueName":"search_term_string"}}],"inLanguage":"es"},{"@type":"Organization","@id":"https:\/\/9staedte.de\/es\/#organization","name":"9 St\u00e4dte in Niedersachsen","url":"https:\/\/9staedte.de\/es\/","logo":{"@type":"ImageObject","inLanguage":"es","@id":"https:\/\/9staedte.de\/es\/#\/schema\/logo\/image\/","url":"https:\/\/9staedte.de\/wp-content\/uploads\/2025\/01\/9-neg-deutsch-2-1.png","contentUrl":"https:\/\/9staedte.de\/wp-content\/uploads\/2025\/01\/9-neg-deutsch-2-1.png","width":190,"height":114,"caption":"9 St\u00e4dte in Niedersachsen"},"image":{"@id":"https:\/\/9staedte.de\/es\/#\/schema\/logo\/image\/"}}]}},"_links":{"self":[{"href":"https:\/\/9staedte.de\/es\/wp-json\/wp\/v2\/pages\/17475","targetHints":{"allow":["GET"]}}],"collection":[{"href":"https:\/\/9staedte.de\/es\/wp-json\/wp\/v2\/pages"}],"about":[{"href":"https:\/\/9staedte.de\/es\/wp-json\/wp\/v2\/types\/page"}],"author":[{"embeddable":true,"href":"https:\/\/9staedte.de\/es\/wp-json\/wp\/v2\/users\/1"}],"replies":[{"embeddable":true,"href":"https:\/\/9staedte.de\/es\/wp-json\/wp\/v2\/comments?post=17475"}],"version-history":[{"count":0,"href":"https:\/\/9staedte.de\/es\/wp-json\/wp\/v2\/pages\/17475\/revisions"}],"wp:featuredmedia":[{"embeddable":true,"href":"https:\/\/9staedte.de\/es\/wp-json\/wp\/v2\/media\/17483"}],"wp:attachment":[{"href":"https:\/\/9staedte.de\/es\/wp-json\/wp\/v2\/media?parent=17475"}],"wp:term":[{"taxonomy":"category","embeddable":true,"href":"https:\/\/9staedte.de\/es\/wp-json\/wp\/v2\/categories?post=17475"},{"taxonomy":"post_tag","embeddable":true,"href":"https:\/\/9staedte.de\/es\/wp-json\/wp\/v2\/tags?post=17475"},{"taxonomy":"ncap_cities_tax","embeddable":true,"href":"https:\/\/9staedte.de\/es\/wp-json\/wp\/v2\/ncap_cities_tax?post=17475"}],"curies":[{"name":"wp","href":"https:\/\/api.w.org\/{rel}","templated":true}]}}