{"id":17450,"date":"2023-11-02T09:48:41","date_gmt":"2023-11-02T08:48:41","guid":{"rendered":"https:\/\/9staedte.de\/mercado-de-navidad-en-celle\/"},"modified":"2026-03-23T11:49:41","modified_gmt":"2026-03-23T10:49:41","slug":"mercado-de-navidad-en-celle","status":"publish","type":"page","link":"https:\/\/9staedte.de\/es\/celle-encantadora-ciudad-residencial\/mercado-de-navidad-en-celle\/","title":{"rendered":"Mercado de Navidad en Celle"},"content":{"rendered":"\n<h2 class=\"wp-block-heading\">Magia navide\u00f1a con estilo entramado<\/h2>\n\n<p><strong>Cuando a finales de noviembre el olor a almendras tostadas, crepes y vino caliente llena el aire del casco antiguo de Celle, festivamente iluminado, por fin ha llegado el momento: \u00a1el mercado navide\u00f1o de Celle abre sus puertas!<\/strong><\/p>\n\n<p>Pasear por el id\u00edlico mercado navide\u00f1o en paz y tranquilidad y buscar peque\u00f1os regalos de Navidad o nuevos adornos navide\u00f1os no s\u00f3lo alimenta la expectaci\u00f3n de las fiestas, sino que tambi\u00e9n permite a los visitantes bajar una marcha. Con un vino caliente en la mano, puedes sumergirte en el c\u00e1lido juego de luces sobre las hist\u00f3ricas fachadas de entramado de madera de las callejuelas y plazas del casco antiguo y disfrutar de los ojos brillantes de los ni\u00f1os: as\u00ed es como la gente de Celle se detiene para celebrar la hermosa estaci\u00f3n invernal. <\/p>\n\n<p>Por si fuera poco, los actos festivos y los conciertos aportan a\u00fan m\u00e1s ambiente al Adviento. Esperado con impaciencia por grandes y peque\u00f1os, el gran desfile de luces vuelve a celebrarse este a\u00f1o. M\u00e1gicas figuras de luces navide\u00f1as encantar\u00e1n todo el centro de la ciudad el primer fin de semana de Adviento. Tambi\u00e9n son muy populares los actos musicales de Adviento en la iglesia de Santa Mar\u00eda. Uno de los momentos especiales del invierno es la Navidad Barroca en el Castillo de Celle, a las afueras del casco antiguo. Ataviado con un festivo atuendo barroco, un gu\u00eda tur\u00edstico lleva a los visitantes en un atmosf\u00e9rico paseo navide\u00f1o a trav\u00e9s de las magn\u00edficas murallas.     <\/p>\n\n<p>Te espera un colorido programa con atracciones de carrusel, m\u00fasica en directo y la visita del mism\u00edsimo Pap\u00e1 Noel.<\/p>\n\n<p>\u00a1Ven y vive una Navidad inolvidable en Celle!<\/p>\n\n<p><a href=\"https:\/\/www.celle.de\/Kultur\/Veranstaltungen\/Celler-Weihnachtsmarkt\/\" target=\"_blank\" rel=\"noreferrer noopener\">Para m\u00e1s informaci\u00f3n<\/a><\/p>\n\n<p><\/p>\n\n\n<div class=\"banner-wrapper\">\n  <div class=\"banner-inner \">\n      <div class=\"img-container\">\n      <div class=\"img-wrapper\">\n        <img decoding=\"async\" src=\"https:\/\/9staedte.de\/wp-content\/smush-webp\/2024\/03\/Weihnachtsmarkt-Celle-Stechbahn_CC0.jpg.webp\" alt=\"La imagen muestra el mercado navide\u00f1o de Celle. Las casas con entramado de madera est\u00e1n bien iluminadas. Muchas personas caminan por el mercado. Hay puestos con comida, bebida y regalos. Un gran \u00e1rbol de Navidad est\u00e1 al fondo.\" \/>\n                  <div class=\"thumbnail-label\">\n            <span>Weihnachtsmarkt Celle Stechbahn_CC0<\/span>\n          <\/div>\n              <\/div>\n    <\/div>\n        <div class=\"text-container\">\n      <div class=\"content\">\n        <p>&nbsp;<\/p>\n<p><strong>Consejos para visitar el mercado de Navidad de Celle<\/strong><\/p>\n<p>Durante cuatro semanas, diversos puestos del casco antiguo convierten la ciudad residencial de Celle en la ciudad navide\u00f1a de Celle.<\/p>\n<ul>\n<li>Desfile de luces el 1er y 3er s\u00e1bado de Adviento<\/li>\n<li>El columpio ruso en el Gran Plan<\/li>\n<li>Pir\u00e1mide de Navidad de 14 metros de altura en la plaza Robert-Meyer-Platz<\/li>\n<li>\u00c1rbol de Navidad de 25 metros de altura en el carril<\/li>\n<li>Herrero de verdad<\/li>\n<li>Ferrocarril infantil y carrusel<\/li>\n<\/ul>\n      <\/div>\n    <\/div>\n    <\/div>\n<\/div>\n\n\n<p class=\"h3\"><strong>Mercado de Navidad en Celle<\/strong><\/p>\n\n <div class=\"brlbs-cmpnt-container brlbs-cmpnt-content-blocker brlbs-cmpnt-with-individual-styles\" data-borlabs-cookie-content-blocker-id=\"google-maps\" data-borlabs-cookie-content=\"PGlmcmFtZSBzcmM9Imh0dHBzOi8vd3d3Lmdvb2dsZS5jb20vbWFwcy9lbWJlZD9wYj0hMW0xOCExbTEyITFtMyExZDExNDMuMDU5NDY0NDI4MjYzMyEyZDEwLjA3OTk5MDEzNjc4MzAwMSEzZDUyLjYyNDM5NTQwMjkyOTA0ITJtMyExZjAhMmYwITNmMCEzbTIhMWkxMDI0ITJpNzY4ITRmMTMuMSEzbTMhMW0yITFzMHg0N2IwMjMyYzBhMmYyNWFmJTNBMHgzOGIxMTMxNjViMmNkOTQxITJzQ2VsbGUlMjBBbHRzdGFkdCE1ZTAhM20yITFzZGUhMnNkZSE0djE2OTIxODQyMzM4MTYhNW0yITFzZGUhMnNkZSIgd2lkdGg9IjYwMCIgaGVpZ2h0PSI0NTAiIHN0eWxlPSJib3JkZXI6MDsiIGFsbG93ZnVsbHNjcmVlbj0iIiBsb2FkaW5nPSJsYXp5IiByZWZlcnJlcnBvbGljeT0ibm8tcmVmZXJyZXItd2hlbi1kb3duZ3JhZGUiPjwvaWZyYW1lPg==\"><div class=\"brlbs-cmpnt-cb-preset-b brlbs-cmpnt-cb-google-maps\"> <div class=\"brlbs-cmpnt-cb-thumbnail\" style=\"background-image: url('https:\/\/9staedte.de\/wp-content\/uploads\/borlabs-cookie\/1\/brlbs-cb-google-maps-main.png')\"><\/div> <div class=\"brlbs-cmpnt-cb-main\"> <div class=\"brlbs-cmpnt-cb-content\"> <p class=\"brlbs-cmpnt-cb-description\">Est\u00e1s viendo un contenido de marcador de posici\u00f3n de <strong>Google Maps<\/strong>. Para acceder al contenido real, haz clic en el siguiente bot\u00f3n. Ten en cuenta que al hacerlo compartir\u00e1s datos con terceros proveedores.<\/p> <a class=\"brlbs-cmpnt-cb-provider-toggle\" href=\"#\" data-borlabs-cookie-show-provider-information role=\"button\">M\u00e1s informaci\u00f3n<\/a> <\/div> <div class=\"brlbs-cmpnt-cb-buttons\"> <a class=\"brlbs-cmpnt-cb-btn\" href=\"#\" data-borlabs-cookie-unblock role=\"button\">Desbloquear contenido<\/a> <a class=\"brlbs-cmpnt-cb-btn\" href=\"#\" data-borlabs-cookie-accept-service role=\"button\" style=\"display: inherit\">Aceptar el servicio requerido y desbloquear el contenido<\/a> <\/div> <\/div> <\/div><\/div>\n\n<div style=\"height:36px\" aria-hidden=\"true\" class=\"wp-block-spacer\"><\/div>\n","protected":false},"excerpt":{"rendered":"<p>Magia navide\u00f1a con estilo entramado Cuando a finales de noviembre el olor a almendras tostadas, crepes y vino caliente llena el aire del casco antiguo de Celle, festivamente iluminado, por fin ha llegado el momento: \u00a1el mercado navide\u00f1o de Celle abre sus puertas! Pasear por el id\u00edlico mercado navide\u00f1o en paz y tranquilidad y buscar [&hellip;]<\/p>\n","protected":false},"author":1,"featured_media":24548,"parent":18083,"menu_order":0,"comment_status":"closed","ping_status":"closed","template":"pagetemplates\/template-stadtthema.php","meta":{"_acf_changed":false,"footnotes":""},"categories":[],"tags":[],"ncap_cities_tax":[431,500],"class_list":["post-17450","page","type-page","status-publish","has-post-thumbnail","hentry","ncap_cities_tax-celle-es","ncap_cities_tax-weihnachtsmarkte-celle-es"],"acf":[],"yoast_head":"<!-- This site is optimized with the Yoast SEO plugin v26.8 - https:\/\/yoast.com\/product\/yoast-seo-wordpress\/ -->\n<title>Mercado de Navidad en Celle - 9 St\u00e4dte in Niedersachsen<\/title>\n<meta name=\"description\" content=\"Mercado de Navidad en Celle: El ambiente navide\u00f1o y la magia de las casas con entramado de madera. Luces brillantes y puestos decorados en el casco antiguo de Celle.\" \/>\n<meta name=\"robots\" content=\"index, follow, max-snippet:-1, max-image-preview:large, max-video-preview:-1\" \/>\n<link rel=\"canonical\" href=\"https:\/\/9staedte.de\/es\/celle-encantadora-ciudad-residencial\/mercado-de-navidad-en-celle\/\" \/>\n<meta property=\"og:locale\" content=\"es_ES\" \/>\n<meta property=\"og:type\" content=\"article\" \/>\n<meta property=\"og:title\" content=\"Mercado de Navidad en Celle - 9 St\u00e4dte in Niedersachsen\" \/>\n<meta property=\"og:description\" content=\"Mercado de Navidad en Celle: El ambiente navide\u00f1o y la magia de las casas con entramado de madera. Luces brillantes y puestos decorados en el casco antiguo de Celle.\" \/>\n<meta property=\"og:url\" content=\"https:\/\/9staedte.de\/es\/celle-encantadora-ciudad-residencial\/mercado-de-navidad-en-celle\/\" \/>\n<meta property=\"og:site_name\" content=\"9 St\u00e4dte in Niedersachsen\" \/>\n<meta property=\"article:modified_time\" content=\"2026-03-23T10:49:41+00:00\" \/>\n<meta property=\"og:image\" content=\"https:\/\/9staedte.de\/wp-content\/uploads\/2025\/02\/Celle-Christmas-Market-Grosser-Plan-cc0.jpg\" \/>\n\t<meta property=\"og:image:width\" content=\"1020\" \/>\n\t<meta property=\"og:image:height\" content=\"559\" \/>\n\t<meta property=\"og:image:type\" content=\"image\/jpeg\" \/>\n<meta name=\"twitter:card\" content=\"summary_large_image\" \/>\n<meta name=\"twitter:label1\" content=\"Tiempo de lectura\" \/>\n\t<meta name=\"twitter:data1\" content=\"2 minutos\" \/>\n<script type=\"application\/ld+json\" class=\"yoast-schema-graph\">{\"@context\":\"https:\/\/schema.org\",\"@graph\":[{\"@type\":\"WebPage\",\"@id\":\"https:\/\/9staedte.de\/es\/celle-encantadora-ciudad-residencial\/mercado-de-navidad-en-celle\/\",\"url\":\"https:\/\/9staedte.de\/es\/celle-encantadora-ciudad-residencial\/mercado-de-navidad-en-celle\/\",\"name\":\"Mercado de Navidad en Celle - 9 St\u00e4dte in Niedersachsen\",\"isPartOf\":{\"@id\":\"https:\/\/9staedte.de\/es\/#website\"},\"primaryImageOfPage\":{\"@id\":\"https:\/\/9staedte.de\/es\/celle-encantadora-ciudad-residencial\/mercado-de-navidad-en-celle\/#primaryimage\"},\"image\":{\"@id\":\"https:\/\/9staedte.de\/es\/celle-encantadora-ciudad-residencial\/mercado-de-navidad-en-celle\/#primaryimage\"},\"thumbnailUrl\":\"https:\/\/9staedte.de\/wp-content\/uploads\/2025\/02\/Celle-Christmas-Market-Grosser-Plan-cc0.jpg\",\"datePublished\":\"2023-11-02T08:48:41+00:00\",\"dateModified\":\"2026-03-23T10:49:41+00:00\",\"description\":\"Mercado de Navidad en Celle: El ambiente navide\u00f1o y la magia de las casas con entramado de madera. Luces brillantes y puestos decorados en el casco antiguo de Celle.\",\"breadcrumb\":{\"@id\":\"https:\/\/9staedte.de\/es\/celle-encantadora-ciudad-residencial\/mercado-de-navidad-en-celle\/#breadcrumb\"},\"inLanguage\":\"es\",\"potentialAction\":[{\"@type\":\"ReadAction\",\"target\":[\"https:\/\/9staedte.de\/es\/celle-encantadora-ciudad-residencial\/mercado-de-navidad-en-celle\/\"]}]},{\"@type\":\"ImageObject\",\"inLanguage\":\"es\",\"@id\":\"https:\/\/9staedte.de\/es\/celle-encantadora-ciudad-residencial\/mercado-de-navidad-en-celle\/#primaryimage\",\"url\":\"https:\/\/9staedte.de\/wp-content\/uploads\/2025\/02\/Celle-Christmas-Market-Grosser-Plan-cc0.jpg\",\"contentUrl\":\"https:\/\/9staedte.de\/wp-content\/uploads\/2025\/02\/Celle-Christmas-Market-Grosser-Plan-cc0.jpg\",\"width\":1020,\"height\":559,\"caption\":\"Celle Christmas Market, Gro\u00dfer Plan CC0\"},{\"@type\":\"BreadcrumbList\",\"@id\":\"https:\/\/9staedte.de\/es\/celle-encantadora-ciudad-residencial\/mercado-de-navidad-en-celle\/#breadcrumb\",\"itemListElement\":[{\"@type\":\"ListItem\",\"position\":1,\"name\":\"Startseite\",\"item\":\"https:\/\/9staedte.de\/es\/\"},{\"@type\":\"ListItem\",\"position\":2,\"name\":\"Celle &#8211; Encantadora ciudad residencial\",\"item\":\"https:\/\/9staedte.de\/es\/celle-encantadora-ciudad-residencial\/\"},{\"@type\":\"ListItem\",\"position\":3,\"name\":\"Mercado de Navidad en Celle\"}]},{\"@type\":\"WebSite\",\"@id\":\"https:\/\/9staedte.de\/es\/#website\",\"url\":\"https:\/\/9staedte.de\/es\/\",\"name\":\"9 St\u00e4dte in Niedersachsen\",\"description\":\"\",\"publisher\":{\"@id\":\"https:\/\/9staedte.de\/es\/#organization\"},\"potentialAction\":[{\"@type\":\"SearchAction\",\"target\":{\"@type\":\"EntryPoint\",\"urlTemplate\":\"https:\/\/9staedte.de\/es\/?s={search_term_string}\"},\"query-input\":{\"@type\":\"PropertyValueSpecification\",\"valueRequired\":true,\"valueName\":\"search_term_string\"}}],\"inLanguage\":\"es\"},{\"@type\":\"Organization\",\"@id\":\"https:\/\/9staedte.de\/es\/#organization\",\"name\":\"9 St\u00e4dte in Niedersachsen\",\"url\":\"https:\/\/9staedte.de\/es\/\",\"logo\":{\"@type\":\"ImageObject\",\"inLanguage\":\"es\",\"@id\":\"https:\/\/9staedte.de\/es\/#\/schema\/logo\/image\/\",\"url\":\"https:\/\/9staedte.de\/wp-content\/uploads\/2025\/01\/9-neg-deutsch-2-1.png\",\"contentUrl\":\"https:\/\/9staedte.de\/wp-content\/uploads\/2025\/01\/9-neg-deutsch-2-1.png\",\"width\":190,\"height\":114,\"caption\":\"9 St\u00e4dte in Niedersachsen\"},\"image\":{\"@id\":\"https:\/\/9staedte.de\/es\/#\/schema\/logo\/image\/\"}}]}<\/script>\n<!-- \/ Yoast SEO plugin. -->","yoast_head_json":{"title":"Mercado de Navidad en Celle - 9 St\u00e4dte in Niedersachsen","description":"Mercado de Navidad en Celle: El ambiente navide\u00f1o y la magia de las casas con entramado de madera. Luces brillantes y puestos decorados en el casco antiguo de Celle.","robots":{"index":"index","follow":"follow","max-snippet":"max-snippet:-1","max-image-preview":"max-image-preview:large","max-video-preview":"max-video-preview:-1"},"canonical":"https:\/\/9staedte.de\/es\/celle-encantadora-ciudad-residencial\/mercado-de-navidad-en-celle\/","og_locale":"es_ES","og_type":"article","og_title":"Mercado de Navidad en Celle - 9 St\u00e4dte in Niedersachsen","og_description":"Mercado de Navidad en Celle: El ambiente navide\u00f1o y la magia de las casas con entramado de madera. Luces brillantes y puestos decorados en el casco antiguo de Celle.","og_url":"https:\/\/9staedte.de\/es\/celle-encantadora-ciudad-residencial\/mercado-de-navidad-en-celle\/","og_site_name":"9 St\u00e4dte in Niedersachsen","article_modified_time":"2026-03-23T10:49:41+00:00","og_image":[{"width":1020,"height":559,"url":"https:\/\/9staedte.de\/wp-content\/uploads\/2025\/02\/Celle-Christmas-Market-Grosser-Plan-cc0.jpg","type":"image\/jpeg"}],"twitter_card":"summary_large_image","twitter_misc":{"Tiempo de lectura":"2 minutos"},"schema":{"@context":"https:\/\/schema.org","@graph":[{"@type":"WebPage","@id":"https:\/\/9staedte.de\/es\/celle-encantadora-ciudad-residencial\/mercado-de-navidad-en-celle\/","url":"https:\/\/9staedte.de\/es\/celle-encantadora-ciudad-residencial\/mercado-de-navidad-en-celle\/","name":"Mercado de Navidad en Celle - 9 St\u00e4dte in Niedersachsen","isPartOf":{"@id":"https:\/\/9staedte.de\/es\/#website"},"primaryImageOfPage":{"@id":"https:\/\/9staedte.de\/es\/celle-encantadora-ciudad-residencial\/mercado-de-navidad-en-celle\/#primaryimage"},"image":{"@id":"https:\/\/9staedte.de\/es\/celle-encantadora-ciudad-residencial\/mercado-de-navidad-en-celle\/#primaryimage"},"thumbnailUrl":"https:\/\/9staedte.de\/wp-content\/uploads\/2025\/02\/Celle-Christmas-Market-Grosser-Plan-cc0.jpg","datePublished":"2023-11-02T08:48:41+00:00","dateModified":"2026-03-23T10:49:41+00:00","description":"Mercado de Navidad en Celle: El ambiente navide\u00f1o y la magia de las casas con entramado de madera. Luces brillantes y puestos decorados en el casco antiguo de Celle.","breadcrumb":{"@id":"https:\/\/9staedte.de\/es\/celle-encantadora-ciudad-residencial\/mercado-de-navidad-en-celle\/#breadcrumb"},"inLanguage":"es","potentialAction":[{"@type":"ReadAction","target":["https:\/\/9staedte.de\/es\/celle-encantadora-ciudad-residencial\/mercado-de-navidad-en-celle\/"]}]},{"@type":"ImageObject","inLanguage":"es","@id":"https:\/\/9staedte.de\/es\/celle-encantadora-ciudad-residencial\/mercado-de-navidad-en-celle\/#primaryimage","url":"https:\/\/9staedte.de\/wp-content\/uploads\/2025\/02\/Celle-Christmas-Market-Grosser-Plan-cc0.jpg","contentUrl":"https:\/\/9staedte.de\/wp-content\/uploads\/2025\/02\/Celle-Christmas-Market-Grosser-Plan-cc0.jpg","width":1020,"height":559,"caption":"Celle Christmas Market, Gro\u00dfer Plan CC0"},{"@type":"BreadcrumbList","@id":"https:\/\/9staedte.de\/es\/celle-encantadora-ciudad-residencial\/mercado-de-navidad-en-celle\/#breadcrumb","itemListElement":[{"@type":"ListItem","position":1,"name":"Startseite","item":"https:\/\/9staedte.de\/es\/"},{"@type":"ListItem","position":2,"name":"Celle &#8211; Encantadora ciudad residencial","item":"https:\/\/9staedte.de\/es\/celle-encantadora-ciudad-residencial\/"},{"@type":"ListItem","position":3,"name":"Mercado de Navidad en Celle"}]},{"@type":"WebSite","@id":"https:\/\/9staedte.de\/es\/#website","url":"https:\/\/9staedte.de\/es\/","name":"9 St\u00e4dte in Niedersachsen","description":"","publisher":{"@id":"https:\/\/9staedte.de\/es\/#organization"},"potentialAction":[{"@type":"SearchAction","target":{"@type":"EntryPoint","urlTemplate":"https:\/\/9staedte.de\/es\/?s={search_term_string}"},"query-input":{"@type":"PropertyValueSpecification","valueRequired":true,"valueName":"search_term_string"}}],"inLanguage":"es"},{"@type":"Organization","@id":"https:\/\/9staedte.de\/es\/#organization","name":"9 St\u00e4dte in Niedersachsen","url":"https:\/\/9staedte.de\/es\/","logo":{"@type":"ImageObject","inLanguage":"es","@id":"https:\/\/9staedte.de\/es\/#\/schema\/logo\/image\/","url":"https:\/\/9staedte.de\/wp-content\/uploads\/2025\/01\/9-neg-deutsch-2-1.png","contentUrl":"https:\/\/9staedte.de\/wp-content\/uploads\/2025\/01\/9-neg-deutsch-2-1.png","width":190,"height":114,"caption":"9 St\u00e4dte in Niedersachsen"},"image":{"@id":"https:\/\/9staedte.de\/es\/#\/schema\/logo\/image\/"}}]}},"_links":{"self":[{"href":"https:\/\/9staedte.de\/es\/wp-json\/wp\/v2\/pages\/17450","targetHints":{"allow":["GET"]}}],"collection":[{"href":"https:\/\/9staedte.de\/es\/wp-json\/wp\/v2\/pages"}],"about":[{"href":"https:\/\/9staedte.de\/es\/wp-json\/wp\/v2\/types\/page"}],"author":[{"embeddable":true,"href":"https:\/\/9staedte.de\/es\/wp-json\/wp\/v2\/users\/1"}],"replies":[{"embeddable":true,"href":"https:\/\/9staedte.de\/es\/wp-json\/wp\/v2\/comments?post=17450"}],"version-history":[{"count":9,"href":"https:\/\/9staedte.de\/es\/wp-json\/wp\/v2\/pages\/17450\/revisions"}],"predecessor-version":[{"id":27615,"href":"https:\/\/9staedte.de\/es\/wp-json\/wp\/v2\/pages\/17450\/revisions\/27615"}],"up":[{"embeddable":true,"href":"https:\/\/9staedte.de\/es\/wp-json\/wp\/v2\/pages\/18083"}],"wp:featuredmedia":[{"embeddable":true,"href":"https:\/\/9staedte.de\/es\/wp-json\/wp\/v2\/media\/24548"}],"wp:attachment":[{"href":"https:\/\/9staedte.de\/es\/wp-json\/wp\/v2\/media?parent=17450"}],"wp:term":[{"taxonomy":"category","embeddable":true,"href":"https:\/\/9staedte.de\/es\/wp-json\/wp\/v2\/categories?post=17450"},{"taxonomy":"post_tag","embeddable":true,"href":"https:\/\/9staedte.de\/es\/wp-json\/wp\/v2\/tags?post=17450"},{"taxonomy":"ncap_cities_tax","embeddable":true,"href":"https:\/\/9staedte.de\/es\/wp-json\/wp\/v2\/ncap_cities_tax?post=17450"}],"curies":[{"name":"wp","href":"https:\/\/api.w.org\/{rel}","templated":true}]}}