{"id":17444,"date":"2023-11-02T09:48:40","date_gmt":"2023-11-02T08:48:40","guid":{"rendered":"https:\/\/9staedte.de\/experiencias-en-la-naturaleza-y-sostenibilidad-en-celle\/"},"modified":"2025-05-08T15:08:41","modified_gmt":"2025-05-08T13:08:41","slug":"experiencias-en-la-naturaleza-y-sostenibilidad-en-celle","status":"publish","type":"page","link":"https:\/\/9staedte.de\/es\/celle-encantadora-ciudad-residencial\/experiencias-en-la-naturaleza-y-sostenibilidad-en-celle\/","title":{"rendered":"Experiencias en la naturaleza y sostenibilidad en Celle"},"content":{"rendered":"\n<h2 class=\"wp-block-heading\">Celle &#8211; descubrir de forma sostenible<\/h2>\n\n\n\n<p>Celle est\u00e1 certificada con el premio TourCert \u00abdestino sostenible\u00bb desde 2017, lo que la convierte en la primera ciudad sostenible de todo el norte de Alemania. Estamos comprometidos con la sostenibilidad y colaboramos con nuestros socios sostenibles de los sectores del alojamiento, la gastronom\u00eda, la industria de congresos, las atracciones tur\u00edsticas, el comercio minorista, los proveedores y los transportistas para hacer de la sostenibilidad una experiencia tangible para nuestros hu\u00e9spedes a lo largo de toda la cadena de servicios. Nos comprometemos a conservar las casas y edificios de entramado de madera \u00fanicos y t\u00edpicos de Celle, a mantener las tradiciones, a promover el regionalismo y a proteger los paisajes naturales para preservar la identidad y el car\u00e1cter de nuestra regi\u00f3n. Queremos ser un multiplicador de la idea de sostenibilidad en nuestra ciudad y as\u00ed inspirar gradualmente a m\u00e1s y m\u00e1s hu\u00e9spedes, residentes y tambi\u00e9n proveedores de servicios locales con el tema e involucrarlos en el proceso de nuestro desarrollo. Una forma en que todos pueden contribuir es viajar en autob\u00fas y tren. Esto no supone ning\u00fan problema en Celle gracias a nuestra bien desarrollada red de rutas. Esperamos su visita.<\/p>\n\n\n\n\n<div class=\"banner-wrapper\">\n  <div class=\"banner-inner \">\n      <div class=\"img-container\">\n      <div class=\"img-wrapper\">\n        <img decoding=\"async\" src=\"https:\/\/9staedte.de\/wp-content\/smush-webp\/2023\/02\/celle-radfahren-familie-c-Stadt-Celle.jpg.webp\" alt=\"La imagen muestra a una familia montando en bicicleta en Celle. Un ni\u00f1o va delante en una bicicleta peque\u00f1a. Detr\u00e1s del ni\u00f1o van dos adultos en bicicleta. La familia va por un camino en plena naturaleza. Hace sol. Todos disfrutan del paseo.\" \/>\n                  <div class=\"thumbnail-label\">\n            <span>celle-radfahren-familie c) Stadt Celle<\/span>\n          <\/div>\n              <\/div>\n    <\/div>\n        <div class=\"text-container\">\n      <div class=\"content\">\n        <h2>Vivir Celle de forma sostenible: 9 consejos<\/h2>\n<p>&#8211; <a href=\"https:\/\/www.allerradweg.de\/region-celle0.html\"><b>Una excursi\u00f3n en bicicleta por la Allerradweg<\/b><\/a> &#8211; Justo lo que necesita para relajarse en plena naturaleza<\/p>\n<p>&#8211; <a href=\"https:\/\/www.heidschnuckenweg.de\/etappe\/8751\/heidschnuckeweg-etappe-13.html\"><b>Heidschnuckenweg<\/b><\/a> &#8211; \u00bfQu\u00e9 tal una excursi\u00f3n por los brezales de la ruta de senderismo m\u00e1s bonita del norte de Alemania?<\/p>\n<p>&#8211; <a href=\"https:\/\/www.reiseland-niedersachsen.de\/erleben\/urlaub-am-wasser\/kanutouren\/kanutour-aller\"><b>Pirag\u00fcismo en el All<\/b><\/a> er &#8211; Descubra nuestra regi\u00f3n y su naturaleza desde otra perspectiva<\/p>\n<p>&#8211; Instituto <a href=\"https:\/\/www.laves.niedersachsen.de\/tiere\/bienenkunde\/bienenkunde-73177.html\"><b>ap\u00edcola<\/b><\/a> &#8211; Descubra el mundo de las abejas en una visita guiada a nuestro instituto ap\u00edcola.<\/p>\n<p>&#8211; <a href=\"https:\/\/cafe-kraeuthaer.de\/heilpflanzengarten.html\"><b>Jard\u00edn de plantas<\/b><\/a> medicinales &#8211; Visite uno de los mayores jardines de plantas medicinales de Europa<\/p>\n<p>&#8211; <a href=\"https:\/\/www.celle.de\/Leben\/Einkaufen\/Wochenm%C3%A4rkte\/\"><b>Mercado semanal<\/b><\/a>&#8211; Aqu\u00ed podr\u00e1 experimentar la frescura regional todos los mi\u00e9rcoles y s\u00e1bados<\/p>\n<p>&#8211; Celle <a href=\"https:\/\/celler-badeland.de\/\"><b>Badeland<\/b><\/a> &#8211; Descubra aqu\u00ed antes de su visita por qu\u00e9 Celle Badeland es sostenible<\/p>\n<p>&#8211; <a href=\"https:\/\/www.alterprovisor-celle.de\/\"><b>Alter Provisor<\/b><\/a> &#8211; Tradici\u00f3n y artesan\u00eda de anta\u00f1o: eso es lo que encontrar\u00e1 en nuestro licor de hierbas de Celle.<\/p>\n<p>&#8211; <a href=\"https:\/\/bauhaus.celle-tourismus.de\/\"><b>Visita a la Bauhaus<\/b><\/a> &#8211; Descubra la arquitectura en el mundialmente famoso estilo Bauhaus de Otto Haesler, probablemente el arquitecto m\u00e1s importante de su \u00e9poca<\/p>\n      <\/div>\n    <\/div>\n    <\/div>\n<\/div>\n\n\n\n\n<h2 class=\"wp-block-heading\">Hotel Blumenlage<\/h2>\n\n\n\n<p>La sostenibilidad tiene muchas facetas en Celle. La Sra. Hoeft pone cara a uno de ellos con su integrador Hotel Blumlage. En este hotel \u00fanico, la inclusi\u00f3n de las personas con discapacidad se vive con mucho coraz\u00f3n y alma, y la sostenibilidad social est\u00e1 escrita a lo grande. El Hotel Blumlage es uno de nuestros socios sostenibles y ofrece un paquete sostenible.<\/p>\n\n\n\n<p><a href=\"https:\/\/www.blumlage.com\/\">Aqu\u00ed<\/a> puede ver c\u00f3mo se vive la sostenibilidad en el Hotel Blumlage:<\/p>\n","protected":false},"excerpt":{"rendered":"<p>Celle &#8211; descubrir de forma sostenible Celle est\u00e1 certificada con el premio TourCert \u00abdestino sostenible\u00bb desde 2017, lo que la convierte en la primera ciudad sostenible de todo el norte de Alemania. Estamos comprometidos con la sostenibilidad y colaboramos con nuestros socios sostenibles de los sectores del alojamiento, la gastronom\u00eda, la industria de congresos, las [&hellip;]<\/p>\n","protected":false},"author":1,"featured_media":16416,"parent":18083,"menu_order":0,"comment_status":"closed","ping_status":"closed","template":"pagetemplates\/template-stadtthema.php","meta":{"_acf_changed":false,"footnotes":""},"categories":[],"tags":[],"ncap_cities_tax":[431,928],"class_list":["post-17444","page","type-page","status-publish","has-post-thumbnail","hentry","ncap_cities_tax-celle-es","ncap_cities_tax-naturerlebnisse-und-nachhaltigkeit-celle-es"],"acf":[],"yoast_head":"<!-- This site is optimized with the Yoast SEO plugin v26.8 - https:\/\/yoast.com\/product\/yoast-seo-wordpress\/ -->\n<title>Experiencias en la naturaleza y sostenibilidad en Celle - 9 St\u00e4dte in Niedersachsen<\/title>\n<meta name=\"robots\" content=\"index, follow, max-snippet:-1, max-image-preview:large, max-video-preview:-1\" \/>\n<link rel=\"canonical\" href=\"https:\/\/9staedte.de\/es\/celle-encantadora-ciudad-residencial\/experiencias-en-la-naturaleza-y-sostenibilidad-en-celle\/\" \/>\n<meta property=\"og:locale\" content=\"es_ES\" \/>\n<meta property=\"og:type\" content=\"article\" \/>\n<meta property=\"og:title\" content=\"Experiencias en la naturaleza y sostenibilidad en Celle - 9 St\u00e4dte in Niedersachsen\" \/>\n<meta property=\"og:description\" content=\"Celle &#8211; descubrir de forma sostenible Celle est\u00e1 certificada con el premio TourCert \u00abdestino sostenible\u00bb desde 2017, lo que la convierte en la primera ciudad sostenible de todo el norte de Alemania. Estamos comprometidos con la sostenibilidad y colaboramos con nuestros socios sostenibles de los sectores del alojamiento, la gastronom\u00eda, la industria de congresos, las [&hellip;]\" \/>\n<meta property=\"og:url\" content=\"https:\/\/9staedte.de\/es\/celle-encantadora-ciudad-residencial\/experiencias-en-la-naturaleza-y-sostenibilidad-en-celle\/\" \/>\n<meta property=\"og:site_name\" content=\"9 St\u00e4dte in Niedersachsen\" \/>\n<meta property=\"article:modified_time\" content=\"2025-05-08T13:08:41+00:00\" \/>\n<meta property=\"og:image\" content=\"https:\/\/9staedte.de\/wp-content\/uploads\/2023\/02\/celle-franzoeischer-garten-fruehling-c-Stadt-Celle.jpg\" \/>\n\t<meta property=\"og:image:width\" content=\"1020\" \/>\n\t<meta property=\"og:image:height\" content=\"587\" \/>\n\t<meta property=\"og:image:type\" content=\"image\/jpeg\" \/>\n<meta name=\"twitter:card\" content=\"summary_large_image\" \/>\n<meta name=\"twitter:label1\" content=\"Tiempo de lectura\" \/>\n\t<meta name=\"twitter:data1\" content=\"2 minutos\" \/>\n<script type=\"application\/ld+json\" class=\"yoast-schema-graph\">{\"@context\":\"https:\/\/schema.org\",\"@graph\":[{\"@type\":\"WebPage\",\"@id\":\"https:\/\/9staedte.de\/es\/celle-encantadora-ciudad-residencial\/experiencias-en-la-naturaleza-y-sostenibilidad-en-celle\/\",\"url\":\"https:\/\/9staedte.de\/es\/celle-encantadora-ciudad-residencial\/experiencias-en-la-naturaleza-y-sostenibilidad-en-celle\/\",\"name\":\"Experiencias en la naturaleza y sostenibilidad en Celle - 9 St\u00e4dte in Niedersachsen\",\"isPartOf\":{\"@id\":\"https:\/\/9staedte.de\/es\/#website\"},\"primaryImageOfPage\":{\"@id\":\"https:\/\/9staedte.de\/es\/celle-encantadora-ciudad-residencial\/experiencias-en-la-naturaleza-y-sostenibilidad-en-celle\/#primaryimage\"},\"image\":{\"@id\":\"https:\/\/9staedte.de\/es\/celle-encantadora-ciudad-residencial\/experiencias-en-la-naturaleza-y-sostenibilidad-en-celle\/#primaryimage\"},\"thumbnailUrl\":\"https:\/\/9staedte.de\/wp-content\/uploads\/2023\/02\/celle-franzoeischer-garten-fruehling-c-Stadt-Celle.jpg\",\"datePublished\":\"2023-11-02T08:48:40+00:00\",\"dateModified\":\"2025-05-08T13:08:41+00:00\",\"breadcrumb\":{\"@id\":\"https:\/\/9staedte.de\/es\/celle-encantadora-ciudad-residencial\/experiencias-en-la-naturaleza-y-sostenibilidad-en-celle\/#breadcrumb\"},\"inLanguage\":\"es\",\"potentialAction\":[{\"@type\":\"ReadAction\",\"target\":[\"https:\/\/9staedte.de\/es\/celle-encantadora-ciudad-residencial\/experiencias-en-la-naturaleza-y-sostenibilidad-en-celle\/\"]}]},{\"@type\":\"ImageObject\",\"inLanguage\":\"es\",\"@id\":\"https:\/\/9staedte.de\/es\/celle-encantadora-ciudad-residencial\/experiencias-en-la-naturaleza-y-sostenibilidad-en-celle\/#primaryimage\",\"url\":\"https:\/\/9staedte.de\/wp-content\/uploads\/2023\/02\/celle-franzoeischer-garten-fruehling-c-Stadt-Celle.jpg\",\"contentUrl\":\"https:\/\/9staedte.de\/wp-content\/uploads\/2023\/02\/celle-franzoeischer-garten-fruehling-c-Stadt-Celle.jpg\",\"width\":1020,\"height\":587,\"caption\":\"celle-franzoeischer-garten-fruehling c) Stadt Celle\"},{\"@type\":\"BreadcrumbList\",\"@id\":\"https:\/\/9staedte.de\/es\/celle-encantadora-ciudad-residencial\/experiencias-en-la-naturaleza-y-sostenibilidad-en-celle\/#breadcrumb\",\"itemListElement\":[{\"@type\":\"ListItem\",\"position\":1,\"name\":\"Startseite\",\"item\":\"https:\/\/9staedte.de\/es\/\"},{\"@type\":\"ListItem\",\"position\":2,\"name\":\"Celle &#8211; Encantadora ciudad residencial\",\"item\":\"https:\/\/9staedte.de\/es\/celle-encantadora-ciudad-residencial\/\"},{\"@type\":\"ListItem\",\"position\":3,\"name\":\"Experiencias en la naturaleza y sostenibilidad en Celle\"}]},{\"@type\":\"WebSite\",\"@id\":\"https:\/\/9staedte.de\/es\/#website\",\"url\":\"https:\/\/9staedte.de\/es\/\",\"name\":\"9 St\u00e4dte in Niedersachsen\",\"description\":\"\",\"publisher\":{\"@id\":\"https:\/\/9staedte.de\/es\/#organization\"},\"potentialAction\":[{\"@type\":\"SearchAction\",\"target\":{\"@type\":\"EntryPoint\",\"urlTemplate\":\"https:\/\/9staedte.de\/es\/?s={search_term_string}\"},\"query-input\":{\"@type\":\"PropertyValueSpecification\",\"valueRequired\":true,\"valueName\":\"search_term_string\"}}],\"inLanguage\":\"es\"},{\"@type\":\"Organization\",\"@id\":\"https:\/\/9staedte.de\/es\/#organization\",\"name\":\"9 St\u00e4dte in Niedersachsen\",\"url\":\"https:\/\/9staedte.de\/es\/\",\"logo\":{\"@type\":\"ImageObject\",\"inLanguage\":\"es\",\"@id\":\"https:\/\/9staedte.de\/es\/#\/schema\/logo\/image\/\",\"url\":\"https:\/\/9staedte.de\/wp-content\/uploads\/2025\/01\/9-neg-deutsch-2-1.png\",\"contentUrl\":\"https:\/\/9staedte.de\/wp-content\/uploads\/2025\/01\/9-neg-deutsch-2-1.png\",\"width\":190,\"height\":114,\"caption\":\"9 St\u00e4dte in Niedersachsen\"},\"image\":{\"@id\":\"https:\/\/9staedte.de\/es\/#\/schema\/logo\/image\/\"}}]}<\/script>\n<!-- \/ Yoast SEO plugin. -->","yoast_head_json":{"title":"Experiencias en la naturaleza y sostenibilidad en Celle - 9 St\u00e4dte in Niedersachsen","robots":{"index":"index","follow":"follow","max-snippet":"max-snippet:-1","max-image-preview":"max-image-preview:large","max-video-preview":"max-video-preview:-1"},"canonical":"https:\/\/9staedte.de\/es\/celle-encantadora-ciudad-residencial\/experiencias-en-la-naturaleza-y-sostenibilidad-en-celle\/","og_locale":"es_ES","og_type":"article","og_title":"Experiencias en la naturaleza y sostenibilidad en Celle - 9 St\u00e4dte in Niedersachsen","og_description":"Celle &#8211; descubrir de forma sostenible Celle est\u00e1 certificada con el premio TourCert \u00abdestino sostenible\u00bb desde 2017, lo que la convierte en la primera ciudad sostenible de todo el norte de Alemania. Estamos comprometidos con la sostenibilidad y colaboramos con nuestros socios sostenibles de los sectores del alojamiento, la gastronom\u00eda, la industria de congresos, las [&hellip;]","og_url":"https:\/\/9staedte.de\/es\/celle-encantadora-ciudad-residencial\/experiencias-en-la-naturaleza-y-sostenibilidad-en-celle\/","og_site_name":"9 St\u00e4dte in Niedersachsen","article_modified_time":"2025-05-08T13:08:41+00:00","og_image":[{"width":1020,"height":587,"url":"https:\/\/9staedte.de\/wp-content\/uploads\/2023\/02\/celle-franzoeischer-garten-fruehling-c-Stadt-Celle.jpg","type":"image\/jpeg"}],"twitter_card":"summary_large_image","twitter_misc":{"Tiempo de lectura":"2 minutos"},"schema":{"@context":"https:\/\/schema.org","@graph":[{"@type":"WebPage","@id":"https:\/\/9staedte.de\/es\/celle-encantadora-ciudad-residencial\/experiencias-en-la-naturaleza-y-sostenibilidad-en-celle\/","url":"https:\/\/9staedte.de\/es\/celle-encantadora-ciudad-residencial\/experiencias-en-la-naturaleza-y-sostenibilidad-en-celle\/","name":"Experiencias en la naturaleza y sostenibilidad en Celle - 9 St\u00e4dte in Niedersachsen","isPartOf":{"@id":"https:\/\/9staedte.de\/es\/#website"},"primaryImageOfPage":{"@id":"https:\/\/9staedte.de\/es\/celle-encantadora-ciudad-residencial\/experiencias-en-la-naturaleza-y-sostenibilidad-en-celle\/#primaryimage"},"image":{"@id":"https:\/\/9staedte.de\/es\/celle-encantadora-ciudad-residencial\/experiencias-en-la-naturaleza-y-sostenibilidad-en-celle\/#primaryimage"},"thumbnailUrl":"https:\/\/9staedte.de\/wp-content\/uploads\/2023\/02\/celle-franzoeischer-garten-fruehling-c-Stadt-Celle.jpg","datePublished":"2023-11-02T08:48:40+00:00","dateModified":"2025-05-08T13:08:41+00:00","breadcrumb":{"@id":"https:\/\/9staedte.de\/es\/celle-encantadora-ciudad-residencial\/experiencias-en-la-naturaleza-y-sostenibilidad-en-celle\/#breadcrumb"},"inLanguage":"es","potentialAction":[{"@type":"ReadAction","target":["https:\/\/9staedte.de\/es\/celle-encantadora-ciudad-residencial\/experiencias-en-la-naturaleza-y-sostenibilidad-en-celle\/"]}]},{"@type":"ImageObject","inLanguage":"es","@id":"https:\/\/9staedte.de\/es\/celle-encantadora-ciudad-residencial\/experiencias-en-la-naturaleza-y-sostenibilidad-en-celle\/#primaryimage","url":"https:\/\/9staedte.de\/wp-content\/uploads\/2023\/02\/celle-franzoeischer-garten-fruehling-c-Stadt-Celle.jpg","contentUrl":"https:\/\/9staedte.de\/wp-content\/uploads\/2023\/02\/celle-franzoeischer-garten-fruehling-c-Stadt-Celle.jpg","width":1020,"height":587,"caption":"celle-franzoeischer-garten-fruehling c) Stadt Celle"},{"@type":"BreadcrumbList","@id":"https:\/\/9staedte.de\/es\/celle-encantadora-ciudad-residencial\/experiencias-en-la-naturaleza-y-sostenibilidad-en-celle\/#breadcrumb","itemListElement":[{"@type":"ListItem","position":1,"name":"Startseite","item":"https:\/\/9staedte.de\/es\/"},{"@type":"ListItem","position":2,"name":"Celle &#8211; Encantadora ciudad residencial","item":"https:\/\/9staedte.de\/es\/celle-encantadora-ciudad-residencial\/"},{"@type":"ListItem","position":3,"name":"Experiencias en la naturaleza y sostenibilidad en Celle"}]},{"@type":"WebSite","@id":"https:\/\/9staedte.de\/es\/#website","url":"https:\/\/9staedte.de\/es\/","name":"9 St\u00e4dte in Niedersachsen","description":"","publisher":{"@id":"https:\/\/9staedte.de\/es\/#organization"},"potentialAction":[{"@type":"SearchAction","target":{"@type":"EntryPoint","urlTemplate":"https:\/\/9staedte.de\/es\/?s={search_term_string}"},"query-input":{"@type":"PropertyValueSpecification","valueRequired":true,"valueName":"search_term_string"}}],"inLanguage":"es"},{"@type":"Organization","@id":"https:\/\/9staedte.de\/es\/#organization","name":"9 St\u00e4dte in Niedersachsen","url":"https:\/\/9staedte.de\/es\/","logo":{"@type":"ImageObject","inLanguage":"es","@id":"https:\/\/9staedte.de\/es\/#\/schema\/logo\/image\/","url":"https:\/\/9staedte.de\/wp-content\/uploads\/2025\/01\/9-neg-deutsch-2-1.png","contentUrl":"https:\/\/9staedte.de\/wp-content\/uploads\/2025\/01\/9-neg-deutsch-2-1.png","width":190,"height":114,"caption":"9 St\u00e4dte in Niedersachsen"},"image":{"@id":"https:\/\/9staedte.de\/es\/#\/schema\/logo\/image\/"}}]}},"_links":{"self":[{"href":"https:\/\/9staedte.de\/es\/wp-json\/wp\/v2\/pages\/17444","targetHints":{"allow":["GET"]}}],"collection":[{"href":"https:\/\/9staedte.de\/es\/wp-json\/wp\/v2\/pages"}],"about":[{"href":"https:\/\/9staedte.de\/es\/wp-json\/wp\/v2\/types\/page"}],"author":[{"embeddable":true,"href":"https:\/\/9staedte.de\/es\/wp-json\/wp\/v2\/users\/1"}],"replies":[{"embeddable":true,"href":"https:\/\/9staedte.de\/es\/wp-json\/wp\/v2\/comments?post=17444"}],"version-history":[{"count":4,"href":"https:\/\/9staedte.de\/es\/wp-json\/wp\/v2\/pages\/17444\/revisions"}],"predecessor-version":[{"id":25417,"href":"https:\/\/9staedte.de\/es\/wp-json\/wp\/v2\/pages\/17444\/revisions\/25417"}],"up":[{"embeddable":true,"href":"https:\/\/9staedte.de\/es\/wp-json\/wp\/v2\/pages\/18083"}],"wp:featuredmedia":[{"embeddable":true,"href":"https:\/\/9staedte.de\/es\/wp-json\/wp\/v2\/media\/16416"}],"wp:attachment":[{"href":"https:\/\/9staedte.de\/es\/wp-json\/wp\/v2\/media?parent=17444"}],"wp:term":[{"taxonomy":"category","embeddable":true,"href":"https:\/\/9staedte.de\/es\/wp-json\/wp\/v2\/categories?post=17444"},{"taxonomy":"post_tag","embeddable":true,"href":"https:\/\/9staedte.de\/es\/wp-json\/wp\/v2\/tags?post=17444"},{"taxonomy":"ncap_cities_tax","embeddable":true,"href":"https:\/\/9staedte.de\/es\/wp-json\/wp\/v2\/ncap_cities_tax?post=17444"}],"curies":[{"name":"wp","href":"https:\/\/api.w.org\/{rel}","templated":true}]}}