{"id":17428,"date":"2023-11-02T09:48:33","date_gmt":"2023-11-02T08:48:33","guid":{"rendered":"https:\/\/9staedte.de\/mercado-de-navidad-en-gotinga\/"},"modified":"2025-12-29T13:46:14","modified_gmt":"2025-12-29T12:46:14","slug":"mercado-de-navidad-en-gotinga","status":"publish","type":"page","link":"https:\/\/9staedte.de\/es\/gottingen-ciudad-creadora-de-conocimiento\/mercado-de-navidad-en-gotinga\/","title":{"rendered":"Mercado de Navidad en Gotinga"},"content":{"rendered":"\n<h2 class=\"wp-block-heading\"><strong>Mercado navide\u00f1o en torno al Ayuntamiento de Gotinga<\/strong><\/h2>\n\n<p>El mercado navide\u00f1o de la ciudad universitaria de Gotinga tiene lugar en torno al Ayuntamiento Viejo medieval y la Iglesia de San Juan. M\u00e1s de 60 puestos decorados festivamente ofrecen art\u00edculos t\u00edpicos navide\u00f1os, como velas y adornos para el \u00e1rbol de Navidad. Los paseantes por el mercado pueden disfrutar de las fiestas con dulces navide\u00f1os y vino caliente. Los ni\u00f1os pueden disfrutar de un hist\u00f3rico carrusel de monedas y de un carrusel infantil decorado festivamente.    <\/p>\n\n<p><a href=\"https:\/\/www.goettingen-tourismus.de\/weihnachtsmarkt\/\" target=\"_blank\" rel=\"noreferrer noopener\">Para m\u00e1s informaci\u00f3n<\/a><\/p>\n\n\n<div class=\"banner-wrapper\">\n  <div class=\"banner-inner \">\n      <div class=\"img-container\">\n      <div class=\"img-wrapper\">\n        <img decoding=\"async\" src=\"https:\/\/9staedte.de\/wp-content\/smush-webp\/2023\/02\/Goettingen-Gaenseliesel-Weihnachtszeit-c-Christoph-Mischke.jpg.webp\" alt=\"En la imagen se ve una estatua de bronce de una ni\u00f1a con gansos. Detr\u00e1s hay un \u00e1rbol de Navidad con luces. El fondo est\u00e1 iluminado con color naranja c\u00e1lido. Es de noche o por la tarde.\" \/>\n                  <div class=\"thumbnail-label\">\n            <span>G\u00f6ttingen G\u00e4nseliesel Weihnachtszeit c) Christoph Mischke<\/span>\n          <\/div>\n              <\/div>\n    <\/div>\n        <div class=\"text-container\">\n      <div class=\"content\">\n        <p class=\"h3\"><strong>9 consejos para visitar el mercado de Navidad de Gotinga<\/strong><\/p>\n<ul>\n<li>Prueba el vino caliente con cerezas encurtidas<\/li>\n<li>Visita las exposiciones de belenes en las iglesias de Gotinga<\/li>\n<li>Da una vuelta en el hist\u00f3rico penny-farthing<\/li>\n<li>Participa en la visita \u00abGotinga en Navidad<\/li>\n<li>Prueba la cerveza caliente de Gotinga, una especialidad local<\/li>\n<li>Prueba una de las especialidades en salchichas de Gotinga<\/li>\n<li>Descubre las hist\u00f3ricas b\u00f3vedas de las bodegas del casco antiguo en una visita guiada<\/li>\n<li>De compras por el casco antiguo decorado festivamente<\/li>\n<li>Admira el calendario de Adviento en las ventanas de la biblioteca municipal<\/li>\n<\/ul>\n      <\/div>\n    <\/div>\n    <\/div>\n<\/div>\n\n\n<p class=\"h3\"><strong>Mercado de Navidad en Gotinga<\/strong><\/p>\n\n <div class=\"brlbs-cmpnt-container brlbs-cmpnt-content-blocker brlbs-cmpnt-with-individual-styles\" data-borlabs-cookie-content-blocker-id=\"google-maps\" data-borlabs-cookie-content=\"PGlmcmFtZSBzcmM9Imh0dHBzOi8vd3d3Lmdvb2dsZS5jb20vbWFwcy9kL3UvMC9lbWJlZD9taWQ9MVBlS2NRejdrRG5IU3d6bk5Pdzh0WVVMamZQV1BTLTQmZWhiYz0yRTMxMkYiIHdpZHRoPSI2NDAiIGhlaWdodD0iNDgwIj48L2lmcmFtZT4=\"><div class=\"brlbs-cmpnt-cb-preset-b brlbs-cmpnt-cb-google-maps\"> <div class=\"brlbs-cmpnt-cb-thumbnail\" style=\"background-image: url('https:\/\/9staedte.de\/wp-content\/uploads\/borlabs-cookie\/1\/brlbs-cb-google-maps-main.png')\"><\/div> <div class=\"brlbs-cmpnt-cb-main\"> <div class=\"brlbs-cmpnt-cb-content\"> <p class=\"brlbs-cmpnt-cb-description\">Est\u00e1s viendo un contenido de marcador de posici\u00f3n de <strong>Google Maps<\/strong>. Para acceder al contenido real, haz clic en el siguiente bot\u00f3n. Ten en cuenta que al hacerlo compartir\u00e1s datos con terceros proveedores.<\/p> <a class=\"brlbs-cmpnt-cb-provider-toggle\" href=\"#\" data-borlabs-cookie-show-provider-information role=\"button\">M\u00e1s informaci\u00f3n<\/a> <\/div> <div class=\"brlbs-cmpnt-cb-buttons\"> <a class=\"brlbs-cmpnt-cb-btn\" href=\"#\" data-borlabs-cookie-unblock role=\"button\">Desbloquear contenido<\/a> <a class=\"brlbs-cmpnt-cb-btn\" href=\"#\" data-borlabs-cookie-accept-service role=\"button\" style=\"display: inherit\">Aceptar el servicio requerido y desbloquear el contenido<\/a> <\/div> <\/div> <\/div><\/div>\n\n<div style=\"height:42px\" aria-hidden=\"true\" class=\"wp-block-spacer\"><\/div>\n\n<p><\/p>\n","protected":false},"excerpt":{"rendered":"<p>Mercado navide\u00f1o en torno al Ayuntamiento de Gotinga El mercado navide\u00f1o de la ciudad universitaria de Gotinga tiene lugar en torno al Ayuntamiento Viejo medieval y la Iglesia de San Juan. M\u00e1s de 60 puestos decorados festivamente ofrecen art\u00edculos t\u00edpicos navide\u00f1os, como velas y adornos para el \u00e1rbol de Navidad. Los paseantes por el mercado [&hellip;]<\/p>\n","protected":false},"author":1,"featured_media":17438,"parent":18032,"menu_order":0,"comment_status":"closed","ping_status":"closed","template":"pagetemplates\/template-stadtthema.php","meta":{"_acf_changed":false,"footnotes":""},"categories":[],"tags":[],"ncap_cities_tax":[437,508],"class_list":["post-17428","page","type-page","status-publish","has-post-thumbnail","hentry","ncap_cities_tax-goettingen-es","ncap_cities_tax-weihnachtsmarkte-goettingen-es"],"acf":[],"yoast_head":"<!-- This site is optimized with the Yoast SEO plugin v26.8 - https:\/\/yoast.com\/product\/yoast-seo-wordpress\/ -->\n<title>Mercado de Navidad en Gotinga - 9 St\u00e4dte in Niedersachsen<\/title>\n<meta name=\"description\" content=\"El mercado navide\u00f1o de la ciudad universitaria de Gotinga se celebra en torno al Ayuntamiento medieval y la iglesia de San Juan.\" \/>\n<meta name=\"robots\" content=\"index, follow, max-snippet:-1, max-image-preview:large, max-video-preview:-1\" \/>\n<link rel=\"canonical\" href=\"https:\/\/9staedte.de\/es\/gottingen-ciudad-creadora-de-conocimiento\/mercado-de-navidad-en-gotinga\/\" \/>\n<meta property=\"og:locale\" content=\"es_ES\" \/>\n<meta property=\"og:type\" content=\"article\" \/>\n<meta property=\"og:title\" content=\"Mercado de Navidad en Gotinga - 9 St\u00e4dte in Niedersachsen\" \/>\n<meta property=\"og:description\" content=\"El mercado navide\u00f1o de la ciudad universitaria de Gotinga se celebra en torno al Ayuntamiento medieval y la iglesia de San Juan.\" \/>\n<meta property=\"og:url\" content=\"https:\/\/9staedte.de\/es\/gottingen-ciudad-creadora-de-conocimiento\/mercado-de-navidad-en-gotinga\/\" \/>\n<meta property=\"og:site_name\" content=\"9 St\u00e4dte in Niedersachsen\" \/>\n<meta property=\"article:modified_time\" content=\"2025-12-29T12:46:14+00:00\" \/>\n<meta property=\"og:image\" content=\"https:\/\/9staedte.de\/wp-content\/uploads\/2023\/02\/Goettingen-Weihnachtsmarkt-c-Christoph-Mischke.jpg\" \/>\n\t<meta property=\"og:image:width\" content=\"1020\" \/>\n\t<meta property=\"og:image:height\" content=\"561\" \/>\n\t<meta property=\"og:image:type\" content=\"image\/jpeg\" \/>\n<meta name=\"twitter:card\" content=\"summary_large_image\" \/>\n<meta name=\"twitter:label1\" content=\"Tiempo de lectura\" \/>\n\t<meta name=\"twitter:data1\" content=\"1 minuto\" \/>\n<script type=\"application\/ld+json\" class=\"yoast-schema-graph\">{\"@context\":\"https:\/\/schema.org\",\"@graph\":[{\"@type\":\"WebPage\",\"@id\":\"https:\/\/9staedte.de\/es\/gottingen-ciudad-creadora-de-conocimiento\/mercado-de-navidad-en-gotinga\/\",\"url\":\"https:\/\/9staedte.de\/es\/gottingen-ciudad-creadora-de-conocimiento\/mercado-de-navidad-en-gotinga\/\",\"name\":\"Mercado de Navidad en Gotinga - 9 St\u00e4dte in Niedersachsen\",\"isPartOf\":{\"@id\":\"https:\/\/9staedte.de\/es\/#website\"},\"primaryImageOfPage\":{\"@id\":\"https:\/\/9staedte.de\/es\/gottingen-ciudad-creadora-de-conocimiento\/mercado-de-navidad-en-gotinga\/#primaryimage\"},\"image\":{\"@id\":\"https:\/\/9staedte.de\/es\/gottingen-ciudad-creadora-de-conocimiento\/mercado-de-navidad-en-gotinga\/#primaryimage\"},\"thumbnailUrl\":\"https:\/\/9staedte.de\/wp-content\/uploads\/2023\/02\/Goettingen-Weihnachtsmarkt-c-Christoph-Mischke.jpg\",\"datePublished\":\"2023-11-02T08:48:33+00:00\",\"dateModified\":\"2025-12-29T12:46:14+00:00\",\"description\":\"El mercado navide\u00f1o de la ciudad universitaria de Gotinga se celebra en torno al Ayuntamiento medieval y la iglesia de San Juan.\",\"breadcrumb\":{\"@id\":\"https:\/\/9staedte.de\/es\/gottingen-ciudad-creadora-de-conocimiento\/mercado-de-navidad-en-gotinga\/#breadcrumb\"},\"inLanguage\":\"es\",\"potentialAction\":[{\"@type\":\"ReadAction\",\"target\":[\"https:\/\/9staedte.de\/es\/gottingen-ciudad-creadora-de-conocimiento\/mercado-de-navidad-en-gotinga\/\"]}]},{\"@type\":\"ImageObject\",\"inLanguage\":\"es\",\"@id\":\"https:\/\/9staedte.de\/es\/gottingen-ciudad-creadora-de-conocimiento\/mercado-de-navidad-en-gotinga\/#primaryimage\",\"url\":\"https:\/\/9staedte.de\/wp-content\/uploads\/2023\/02\/Goettingen-Weihnachtsmarkt-c-Christoph-Mischke.jpg\",\"contentUrl\":\"https:\/\/9staedte.de\/wp-content\/uploads\/2023\/02\/Goettingen-Weihnachtsmarkt-c-Christoph-Mischke.jpg\",\"width\":1020,\"height\":561,\"caption\":\"Der G\u00f6ttinger Weihnachtsmarkt. c) Christoph Mischke\"},{\"@type\":\"BreadcrumbList\",\"@id\":\"https:\/\/9staedte.de\/es\/gottingen-ciudad-creadora-de-conocimiento\/mercado-de-navidad-en-gotinga\/#breadcrumb\",\"itemListElement\":[{\"@type\":\"ListItem\",\"position\":1,\"name\":\"Startseite\",\"item\":\"https:\/\/9staedte.de\/es\/\"},{\"@type\":\"ListItem\",\"position\":2,\"name\":\"G\u00f6ttingen &#8211; Ciudad creadora de conocimiento\",\"item\":\"https:\/\/9staedte.de\/es\/gottingen-ciudad-creadora-de-conocimiento\/\"},{\"@type\":\"ListItem\",\"position\":3,\"name\":\"Mercado de Navidad en Gotinga\"}]},{\"@type\":\"WebSite\",\"@id\":\"https:\/\/9staedte.de\/es\/#website\",\"url\":\"https:\/\/9staedte.de\/es\/\",\"name\":\"9 St\u00e4dte in Niedersachsen\",\"description\":\"\",\"publisher\":{\"@id\":\"https:\/\/9staedte.de\/es\/#organization\"},\"potentialAction\":[{\"@type\":\"SearchAction\",\"target\":{\"@type\":\"EntryPoint\",\"urlTemplate\":\"https:\/\/9staedte.de\/es\/?s={search_term_string}\"},\"query-input\":{\"@type\":\"PropertyValueSpecification\",\"valueRequired\":true,\"valueName\":\"search_term_string\"}}],\"inLanguage\":\"es\"},{\"@type\":\"Organization\",\"@id\":\"https:\/\/9staedte.de\/es\/#organization\",\"name\":\"9 St\u00e4dte in Niedersachsen\",\"url\":\"https:\/\/9staedte.de\/es\/\",\"logo\":{\"@type\":\"ImageObject\",\"inLanguage\":\"es\",\"@id\":\"https:\/\/9staedte.de\/es\/#\/schema\/logo\/image\/\",\"url\":\"https:\/\/9staedte.de\/wp-content\/uploads\/2025\/01\/9-neg-deutsch-2-1.png\",\"contentUrl\":\"https:\/\/9staedte.de\/wp-content\/uploads\/2025\/01\/9-neg-deutsch-2-1.png\",\"width\":190,\"height\":114,\"caption\":\"9 St\u00e4dte in Niedersachsen\"},\"image\":{\"@id\":\"https:\/\/9staedte.de\/es\/#\/schema\/logo\/image\/\"}}]}<\/script>\n<!-- \/ Yoast SEO plugin. -->","yoast_head_json":{"title":"Mercado de Navidad en Gotinga - 9 St\u00e4dte in Niedersachsen","description":"El mercado navide\u00f1o de la ciudad universitaria de Gotinga se celebra en torno al Ayuntamiento medieval y la iglesia de San Juan.","robots":{"index":"index","follow":"follow","max-snippet":"max-snippet:-1","max-image-preview":"max-image-preview:large","max-video-preview":"max-video-preview:-1"},"canonical":"https:\/\/9staedte.de\/es\/gottingen-ciudad-creadora-de-conocimiento\/mercado-de-navidad-en-gotinga\/","og_locale":"es_ES","og_type":"article","og_title":"Mercado de Navidad en Gotinga - 9 St\u00e4dte in Niedersachsen","og_description":"El mercado navide\u00f1o de la ciudad universitaria de Gotinga se celebra en torno al Ayuntamiento medieval y la iglesia de San Juan.","og_url":"https:\/\/9staedte.de\/es\/gottingen-ciudad-creadora-de-conocimiento\/mercado-de-navidad-en-gotinga\/","og_site_name":"9 St\u00e4dte in Niedersachsen","article_modified_time":"2025-12-29T12:46:14+00:00","og_image":[{"width":1020,"height":561,"url":"https:\/\/9staedte.de\/wp-content\/uploads\/2023\/02\/Goettingen-Weihnachtsmarkt-c-Christoph-Mischke.jpg","type":"image\/jpeg"}],"twitter_card":"summary_large_image","twitter_misc":{"Tiempo de lectura":"1 minuto"},"schema":{"@context":"https:\/\/schema.org","@graph":[{"@type":"WebPage","@id":"https:\/\/9staedte.de\/es\/gottingen-ciudad-creadora-de-conocimiento\/mercado-de-navidad-en-gotinga\/","url":"https:\/\/9staedte.de\/es\/gottingen-ciudad-creadora-de-conocimiento\/mercado-de-navidad-en-gotinga\/","name":"Mercado de Navidad en Gotinga - 9 St\u00e4dte in Niedersachsen","isPartOf":{"@id":"https:\/\/9staedte.de\/es\/#website"},"primaryImageOfPage":{"@id":"https:\/\/9staedte.de\/es\/gottingen-ciudad-creadora-de-conocimiento\/mercado-de-navidad-en-gotinga\/#primaryimage"},"image":{"@id":"https:\/\/9staedte.de\/es\/gottingen-ciudad-creadora-de-conocimiento\/mercado-de-navidad-en-gotinga\/#primaryimage"},"thumbnailUrl":"https:\/\/9staedte.de\/wp-content\/uploads\/2023\/02\/Goettingen-Weihnachtsmarkt-c-Christoph-Mischke.jpg","datePublished":"2023-11-02T08:48:33+00:00","dateModified":"2025-12-29T12:46:14+00:00","description":"El mercado navide\u00f1o de la ciudad universitaria de Gotinga se celebra en torno al Ayuntamiento medieval y la iglesia de San Juan.","breadcrumb":{"@id":"https:\/\/9staedte.de\/es\/gottingen-ciudad-creadora-de-conocimiento\/mercado-de-navidad-en-gotinga\/#breadcrumb"},"inLanguage":"es","potentialAction":[{"@type":"ReadAction","target":["https:\/\/9staedte.de\/es\/gottingen-ciudad-creadora-de-conocimiento\/mercado-de-navidad-en-gotinga\/"]}]},{"@type":"ImageObject","inLanguage":"es","@id":"https:\/\/9staedte.de\/es\/gottingen-ciudad-creadora-de-conocimiento\/mercado-de-navidad-en-gotinga\/#primaryimage","url":"https:\/\/9staedte.de\/wp-content\/uploads\/2023\/02\/Goettingen-Weihnachtsmarkt-c-Christoph-Mischke.jpg","contentUrl":"https:\/\/9staedte.de\/wp-content\/uploads\/2023\/02\/Goettingen-Weihnachtsmarkt-c-Christoph-Mischke.jpg","width":1020,"height":561,"caption":"Der G\u00f6ttinger Weihnachtsmarkt. c) Christoph Mischke"},{"@type":"BreadcrumbList","@id":"https:\/\/9staedte.de\/es\/gottingen-ciudad-creadora-de-conocimiento\/mercado-de-navidad-en-gotinga\/#breadcrumb","itemListElement":[{"@type":"ListItem","position":1,"name":"Startseite","item":"https:\/\/9staedte.de\/es\/"},{"@type":"ListItem","position":2,"name":"G\u00f6ttingen &#8211; Ciudad creadora de conocimiento","item":"https:\/\/9staedte.de\/es\/gottingen-ciudad-creadora-de-conocimiento\/"},{"@type":"ListItem","position":3,"name":"Mercado de Navidad en Gotinga"}]},{"@type":"WebSite","@id":"https:\/\/9staedte.de\/es\/#website","url":"https:\/\/9staedte.de\/es\/","name":"9 St\u00e4dte in Niedersachsen","description":"","publisher":{"@id":"https:\/\/9staedte.de\/es\/#organization"},"potentialAction":[{"@type":"SearchAction","target":{"@type":"EntryPoint","urlTemplate":"https:\/\/9staedte.de\/es\/?s={search_term_string}"},"query-input":{"@type":"PropertyValueSpecification","valueRequired":true,"valueName":"search_term_string"}}],"inLanguage":"es"},{"@type":"Organization","@id":"https:\/\/9staedte.de\/es\/#organization","name":"9 St\u00e4dte in Niedersachsen","url":"https:\/\/9staedte.de\/es\/","logo":{"@type":"ImageObject","inLanguage":"es","@id":"https:\/\/9staedte.de\/es\/#\/schema\/logo\/image\/","url":"https:\/\/9staedte.de\/wp-content\/uploads\/2025\/01\/9-neg-deutsch-2-1.png","contentUrl":"https:\/\/9staedte.de\/wp-content\/uploads\/2025\/01\/9-neg-deutsch-2-1.png","width":190,"height":114,"caption":"9 St\u00e4dte in Niedersachsen"},"image":{"@id":"https:\/\/9staedte.de\/es\/#\/schema\/logo\/image\/"}}]}},"_links":{"self":[{"href":"https:\/\/9staedte.de\/es\/wp-json\/wp\/v2\/pages\/17428","targetHints":{"allow":["GET"]}}],"collection":[{"href":"https:\/\/9staedte.de\/es\/wp-json\/wp\/v2\/pages"}],"about":[{"href":"https:\/\/9staedte.de\/es\/wp-json\/wp\/v2\/types\/page"}],"author":[{"embeddable":true,"href":"https:\/\/9staedte.de\/es\/wp-json\/wp\/v2\/users\/1"}],"replies":[{"embeddable":true,"href":"https:\/\/9staedte.de\/es\/wp-json\/wp\/v2\/comments?post=17428"}],"version-history":[{"count":13,"href":"https:\/\/9staedte.de\/es\/wp-json\/wp\/v2\/pages\/17428\/revisions"}],"predecessor-version":[{"id":27626,"href":"https:\/\/9staedte.de\/es\/wp-json\/wp\/v2\/pages\/17428\/revisions\/27626"}],"up":[{"embeddable":true,"href":"https:\/\/9staedte.de\/es\/wp-json\/wp\/v2\/pages\/18032"}],"wp:featuredmedia":[{"embeddable":true,"href":"https:\/\/9staedte.de\/es\/wp-json\/wp\/v2\/media\/17438"}],"wp:attachment":[{"href":"https:\/\/9staedte.de\/es\/wp-json\/wp\/v2\/media?parent=17428"}],"wp:term":[{"taxonomy":"category","embeddable":true,"href":"https:\/\/9staedte.de\/es\/wp-json\/wp\/v2\/categories?post=17428"},{"taxonomy":"post_tag","embeddable":true,"href":"https:\/\/9staedte.de\/es\/wp-json\/wp\/v2\/tags?post=17428"},{"taxonomy":"ncap_cities_tax","embeddable":true,"href":"https:\/\/9staedte.de\/es\/wp-json\/wp\/v2\/ncap_cities_tax?post=17428"}],"curies":[{"name":"wp","href":"https:\/\/api.w.org\/{rel}","templated":true}]}}