{"id":17409,"date":"2023-11-02T09:48:31","date_gmt":"2023-11-02T08:48:31","guid":{"rendered":"https:\/\/9staedte.de\/goettingen-descubrir-de-forma-sostenible\/"},"modified":"2025-05-15T16:59:15","modified_gmt":"2025-05-15T14:59:15","slug":"goettingen-descubrir-de-forma-sostenible","status":"publish","type":"page","link":"https:\/\/9staedte.de\/es\/gottingen-ciudad-creadora-de-conocimiento\/goettingen-descubrir-de-forma-sostenible\/","title":{"rendered":"G\u00f6ttingen &#8211; descubrir de forma sostenible"},"content":{"rendered":"\n<h2 class=\"wp-block-heading\">Experiencias en la naturaleza y sostenibilidad en Gotinga<\/h2>\n\n\n\n<p>Como sede de la ciencia moderna, Gotinga siempre est\u00e1 a la \u00faltima. Tres universidades, cinco institutos Max Planck y otras muchas instituciones de investigaci\u00f3n se ocupan constantemente de hacernos la vida m\u00e1s habitable. Y aqu\u00ed, por supuesto, la cuesti\u00f3n de la sostenibilidad desempe\u00f1a un papel cada vez m\u00e1s decisivo. Pero incluso m\u00e1s all\u00e1 de estas instituciones, la regi\u00f3n de Gotinga ha avanzado mucho en los \u00faltimos a\u00f1os. Proyectos como las Jornadas de Protecci\u00f3n del Clima, con numerosas actividades sobre el tema de la sostenibilidad, forman parte desde hace a\u00f1os de la agenda fija de los ciudadanos de Gotinga y sus visitantes. Las compras respetuosas con el clima se dan por supuestas en muchos comercios y la ciudad las promueve a trav\u00e9s de la Tarjeta Clim\u00e1tica de Gotinga.<\/p>\n\n\n\n\n<div class=\"banner-wrapper\">\n  <div class=\"banner-inner \">\n      <div class=\"img-container\">\n      <div class=\"img-wrapper\">\n        <img decoding=\"async\" src=\"https:\/\/9staedte.de\/wp-content\/smush-webp\/2023\/02\/Fair-Trade-shopping-in-Goettingen-c-Goettingen-Tourismus-und-Marketing.jpg.webp\" alt=\"La imagen muestra una casa antigua con fachada roja. En la planta baja hay una tienda de comercio justo. En la entrada cuelga una cesta de colores. En el escaparate hay muchos productos.\" \/>\n                  <div class=\"thumbnail-label\">\n            <span>Fair Trade shopping in G\u00f6ttingen c) G\u00f6ttingen Marketing GmbH<\/span>\n          <\/div>\n              <\/div>\n    <\/div>\n        <div class=\"text-container\">\n      <div class=\"content\">\n        <h2>Vive Gotinga de forma sostenible: 9 consejos<\/h2>\n<p>&#8211; Comience el d\u00eda con un desayuno vegano en el P-Caf\u00e9<\/p>\n<p>&#8211; Comprar en Contigo &#8211; Comercio Justo y sostenible &#8211; una idea de G\u00f6ttingen<\/p>\n<p>&#8211; Con el sistema Recup para un buen caf\u00e9 para llevar<\/p>\n<p>&#8211; Alquilar una e-bike en la ciudad de la bicicleta de G\u00f6ttingen<\/p>\n<p>&#8211; Prueba la ruta ciclista r\u00e1pida desde la estaci\u00f3n de tren hasta las afueras del norte de la ciudad<\/p>\n<p>&#8211; Compras respetuosas con el clima en muchas tiendas con la G\u00f6ttingen Climate Card<\/p>\n<p>&#8211; Disfrute de una deliciosa cena en la cocina vegana Chay<\/p>\n<p>&#8211; Disfrutar del mercado semanal con su toque sure\u00f1o y sus productos regionales<\/p>\n<p>&#8211; Una visita a la piscina natural de Grone<\/p>\n      <\/div>\n    <\/div>\n    <\/div>\n<\/div>\n\n\n\n\n<h2 class=\"wp-block-heading\">Vive G\u00f6ttingen &#8211; visita de la ciudad en bicicleta<\/h2>\n\n\n\n<p>Tras circunnavegar el centro de la ciudad, la ruta sigue el carril bici a trav\u00e9s de espacios verdes y barrios guillerminos hasta llegar a numerosas personalidades de Gotinga, con una breve parada en cada una de ellas. Apenas hay ascensos en la ruta ofrecida, por lo que el recorrido es apto para todos los interesados.<\/p>\n\n\n\n<p>Duraci\u00f3n: 2 horas, Precio: 105,- \u20ac, m\u00e1x. 10 participantes por grupo<\/p>\n","protected":false},"excerpt":{"rendered":"<p>Experiencias en la naturaleza y sostenibilidad en Gotinga Como sede de la ciencia moderna, Gotinga siempre est\u00e1 a la \u00faltima. Tres universidades, cinco institutos Max Planck y otras muchas instituciones de investigaci\u00f3n se ocupan constantemente de hacernos la vida m\u00e1s habitable. Y aqu\u00ed, por supuesto, la cuesti\u00f3n de la sostenibilidad desempe\u00f1a un papel cada vez [&hellip;]<\/p>\n","protected":false},"author":1,"featured_media":17422,"parent":18032,"menu_order":0,"comment_status":"closed","ping_status":"closed","template":"pagetemplates\/template-stadtthema.php","meta":{"_acf_changed":false,"footnotes":""},"categories":[],"tags":[],"ncap_cities_tax":[437,956],"class_list":["post-17409","page","type-page","status-publish","has-post-thumbnail","hentry","ncap_cities_tax-goettingen-es","ncap_cities_tax-naturerlebnisse-und-nachhaltigkeit-goettingen-es"],"acf":[],"yoast_head":"<!-- This site is optimized with the Yoast SEO plugin v26.8 - https:\/\/yoast.com\/product\/yoast-seo-wordpress\/ -->\n<title>G\u00f6ttingen - descubrir de forma sostenible - 9 St\u00e4dte in Niedersachsen<\/title>\n<meta name=\"robots\" content=\"index, follow, max-snippet:-1, max-image-preview:large, max-video-preview:-1\" \/>\n<link rel=\"canonical\" href=\"https:\/\/9staedte.de\/es\/gottingen-ciudad-creadora-de-conocimiento\/goettingen-descubrir-de-forma-sostenible\/\" \/>\n<meta property=\"og:locale\" content=\"es_ES\" \/>\n<meta property=\"og:type\" content=\"article\" \/>\n<meta property=\"og:title\" content=\"G\u00f6ttingen - descubrir de forma sostenible - 9 St\u00e4dte in Niedersachsen\" \/>\n<meta property=\"og:description\" content=\"Experiencias en la naturaleza y sostenibilidad en Gotinga Como sede de la ciencia moderna, Gotinga siempre est\u00e1 a la \u00faltima. Tres universidades, cinco institutos Max Planck y otras muchas instituciones de investigaci\u00f3n se ocupan constantemente de hacernos la vida m\u00e1s habitable. Y aqu\u00ed, por supuesto, la cuesti\u00f3n de la sostenibilidad desempe\u00f1a un papel cada vez [&hellip;]\" \/>\n<meta property=\"og:url\" content=\"https:\/\/9staedte.de\/es\/gottingen-ciudad-creadora-de-conocimiento\/goettingen-descubrir-de-forma-sostenible\/\" \/>\n<meta property=\"og:site_name\" content=\"9 St\u00e4dte in Niedersachsen\" \/>\n<meta property=\"article:modified_time\" content=\"2025-05-15T14:59:15+00:00\" \/>\n<meta property=\"og:image\" content=\"https:\/\/9staedte.de\/wp-content\/uploads\/2023\/02\/Goettingen_Alter_Bot._GartencChristoph_Mischke.jpg\" \/>\n\t<meta property=\"og:image:width\" content=\"1020\" \/>\n\t<meta property=\"og:image:height\" content=\"558\" \/>\n\t<meta property=\"og:image:type\" content=\"image\/jpeg\" \/>\n<meta name=\"twitter:card\" content=\"summary_large_image\" \/>\n<meta name=\"twitter:label1\" content=\"Tiempo de lectura\" \/>\n\t<meta name=\"twitter:data1\" content=\"2 minutos\" \/>\n<script type=\"application\/ld+json\" class=\"yoast-schema-graph\">{\"@context\":\"https:\/\/schema.org\",\"@graph\":[{\"@type\":\"WebPage\",\"@id\":\"https:\/\/9staedte.de\/es\/gottingen-ciudad-creadora-de-conocimiento\/goettingen-descubrir-de-forma-sostenible\/\",\"url\":\"https:\/\/9staedte.de\/es\/gottingen-ciudad-creadora-de-conocimiento\/goettingen-descubrir-de-forma-sostenible\/\",\"name\":\"G\u00f6ttingen - descubrir de forma sostenible - 9 St\u00e4dte in Niedersachsen\",\"isPartOf\":{\"@id\":\"https:\/\/9staedte.de\/es\/#website\"},\"primaryImageOfPage\":{\"@id\":\"https:\/\/9staedte.de\/es\/gottingen-ciudad-creadora-de-conocimiento\/goettingen-descubrir-de-forma-sostenible\/#primaryimage\"},\"image\":{\"@id\":\"https:\/\/9staedte.de\/es\/gottingen-ciudad-creadora-de-conocimiento\/goettingen-descubrir-de-forma-sostenible\/#primaryimage\"},\"thumbnailUrl\":\"https:\/\/9staedte.de\/wp-content\/uploads\/2023\/02\/Goettingen_Alter_Bot._GartencChristoph_Mischke.jpg\",\"datePublished\":\"2023-11-02T08:48:31+00:00\",\"dateModified\":\"2025-05-15T14:59:15+00:00\",\"breadcrumb\":{\"@id\":\"https:\/\/9staedte.de\/es\/gottingen-ciudad-creadora-de-conocimiento\/goettingen-descubrir-de-forma-sostenible\/#breadcrumb\"},\"inLanguage\":\"es\",\"potentialAction\":[{\"@type\":\"ReadAction\",\"target\":[\"https:\/\/9staedte.de\/es\/gottingen-ciudad-creadora-de-conocimiento\/goettingen-descubrir-de-forma-sostenible\/\"]}]},{\"@type\":\"ImageObject\",\"inLanguage\":\"es\",\"@id\":\"https:\/\/9staedte.de\/es\/gottingen-ciudad-creadora-de-conocimiento\/goettingen-descubrir-de-forma-sostenible\/#primaryimage\",\"url\":\"https:\/\/9staedte.de\/wp-content\/uploads\/2023\/02\/Goettingen_Alter_Bot._GartencChristoph_Mischke.jpg\",\"contentUrl\":\"https:\/\/9staedte.de\/wp-content\/uploads\/2023\/02\/Goettingen_Alter_Bot._GartencChristoph_Mischke.jpg\",\"width\":1020,\"height\":558,\"caption\":\"G\u00f6ttingen_Alter_Bot._Garten(c)Christoph_Mischke\"},{\"@type\":\"BreadcrumbList\",\"@id\":\"https:\/\/9staedte.de\/es\/gottingen-ciudad-creadora-de-conocimiento\/goettingen-descubrir-de-forma-sostenible\/#breadcrumb\",\"itemListElement\":[{\"@type\":\"ListItem\",\"position\":1,\"name\":\"Startseite\",\"item\":\"https:\/\/9staedte.de\/es\/\"},{\"@type\":\"ListItem\",\"position\":2,\"name\":\"G\u00f6ttingen &#8211; Ciudad creadora de conocimiento\",\"item\":\"https:\/\/9staedte.de\/es\/gottingen-ciudad-creadora-de-conocimiento\/\"},{\"@type\":\"ListItem\",\"position\":3,\"name\":\"G\u00f6ttingen &#8211; descubrir de forma sostenible\"}]},{\"@type\":\"WebSite\",\"@id\":\"https:\/\/9staedte.de\/es\/#website\",\"url\":\"https:\/\/9staedte.de\/es\/\",\"name\":\"9 St\u00e4dte in Niedersachsen\",\"description\":\"\",\"publisher\":{\"@id\":\"https:\/\/9staedte.de\/es\/#organization\"},\"potentialAction\":[{\"@type\":\"SearchAction\",\"target\":{\"@type\":\"EntryPoint\",\"urlTemplate\":\"https:\/\/9staedte.de\/es\/?s={search_term_string}\"},\"query-input\":{\"@type\":\"PropertyValueSpecification\",\"valueRequired\":true,\"valueName\":\"search_term_string\"}}],\"inLanguage\":\"es\"},{\"@type\":\"Organization\",\"@id\":\"https:\/\/9staedte.de\/es\/#organization\",\"name\":\"9 St\u00e4dte in Niedersachsen\",\"url\":\"https:\/\/9staedte.de\/es\/\",\"logo\":{\"@type\":\"ImageObject\",\"inLanguage\":\"es\",\"@id\":\"https:\/\/9staedte.de\/es\/#\/schema\/logo\/image\/\",\"url\":\"https:\/\/9staedte.de\/wp-content\/uploads\/2025\/01\/9-neg-deutsch-2-1.png\",\"contentUrl\":\"https:\/\/9staedte.de\/wp-content\/uploads\/2025\/01\/9-neg-deutsch-2-1.png\",\"width\":190,\"height\":114,\"caption\":\"9 St\u00e4dte in Niedersachsen\"},\"image\":{\"@id\":\"https:\/\/9staedte.de\/es\/#\/schema\/logo\/image\/\"}}]}<\/script>\n<!-- \/ Yoast SEO plugin. -->","yoast_head_json":{"title":"G\u00f6ttingen - descubrir de forma sostenible - 9 St\u00e4dte in Niedersachsen","robots":{"index":"index","follow":"follow","max-snippet":"max-snippet:-1","max-image-preview":"max-image-preview:large","max-video-preview":"max-video-preview:-1"},"canonical":"https:\/\/9staedte.de\/es\/gottingen-ciudad-creadora-de-conocimiento\/goettingen-descubrir-de-forma-sostenible\/","og_locale":"es_ES","og_type":"article","og_title":"G\u00f6ttingen - descubrir de forma sostenible - 9 St\u00e4dte in Niedersachsen","og_description":"Experiencias en la naturaleza y sostenibilidad en Gotinga Como sede de la ciencia moderna, Gotinga siempre est\u00e1 a la \u00faltima. Tres universidades, cinco institutos Max Planck y otras muchas instituciones de investigaci\u00f3n se ocupan constantemente de hacernos la vida m\u00e1s habitable. Y aqu\u00ed, por supuesto, la cuesti\u00f3n de la sostenibilidad desempe\u00f1a un papel cada vez [&hellip;]","og_url":"https:\/\/9staedte.de\/es\/gottingen-ciudad-creadora-de-conocimiento\/goettingen-descubrir-de-forma-sostenible\/","og_site_name":"9 St\u00e4dte in Niedersachsen","article_modified_time":"2025-05-15T14:59:15+00:00","og_image":[{"width":1020,"height":558,"url":"https:\/\/9staedte.de\/wp-content\/uploads\/2023\/02\/Goettingen_Alter_Bot._GartencChristoph_Mischke.jpg","type":"image\/jpeg"}],"twitter_card":"summary_large_image","twitter_misc":{"Tiempo de lectura":"2 minutos"},"schema":{"@context":"https:\/\/schema.org","@graph":[{"@type":"WebPage","@id":"https:\/\/9staedte.de\/es\/gottingen-ciudad-creadora-de-conocimiento\/goettingen-descubrir-de-forma-sostenible\/","url":"https:\/\/9staedte.de\/es\/gottingen-ciudad-creadora-de-conocimiento\/goettingen-descubrir-de-forma-sostenible\/","name":"G\u00f6ttingen - descubrir de forma sostenible - 9 St\u00e4dte in Niedersachsen","isPartOf":{"@id":"https:\/\/9staedte.de\/es\/#website"},"primaryImageOfPage":{"@id":"https:\/\/9staedte.de\/es\/gottingen-ciudad-creadora-de-conocimiento\/goettingen-descubrir-de-forma-sostenible\/#primaryimage"},"image":{"@id":"https:\/\/9staedte.de\/es\/gottingen-ciudad-creadora-de-conocimiento\/goettingen-descubrir-de-forma-sostenible\/#primaryimage"},"thumbnailUrl":"https:\/\/9staedte.de\/wp-content\/uploads\/2023\/02\/Goettingen_Alter_Bot._GartencChristoph_Mischke.jpg","datePublished":"2023-11-02T08:48:31+00:00","dateModified":"2025-05-15T14:59:15+00:00","breadcrumb":{"@id":"https:\/\/9staedte.de\/es\/gottingen-ciudad-creadora-de-conocimiento\/goettingen-descubrir-de-forma-sostenible\/#breadcrumb"},"inLanguage":"es","potentialAction":[{"@type":"ReadAction","target":["https:\/\/9staedte.de\/es\/gottingen-ciudad-creadora-de-conocimiento\/goettingen-descubrir-de-forma-sostenible\/"]}]},{"@type":"ImageObject","inLanguage":"es","@id":"https:\/\/9staedte.de\/es\/gottingen-ciudad-creadora-de-conocimiento\/goettingen-descubrir-de-forma-sostenible\/#primaryimage","url":"https:\/\/9staedte.de\/wp-content\/uploads\/2023\/02\/Goettingen_Alter_Bot._GartencChristoph_Mischke.jpg","contentUrl":"https:\/\/9staedte.de\/wp-content\/uploads\/2023\/02\/Goettingen_Alter_Bot._GartencChristoph_Mischke.jpg","width":1020,"height":558,"caption":"G\u00f6ttingen_Alter_Bot._Garten(c)Christoph_Mischke"},{"@type":"BreadcrumbList","@id":"https:\/\/9staedte.de\/es\/gottingen-ciudad-creadora-de-conocimiento\/goettingen-descubrir-de-forma-sostenible\/#breadcrumb","itemListElement":[{"@type":"ListItem","position":1,"name":"Startseite","item":"https:\/\/9staedte.de\/es\/"},{"@type":"ListItem","position":2,"name":"G\u00f6ttingen &#8211; Ciudad creadora de conocimiento","item":"https:\/\/9staedte.de\/es\/gottingen-ciudad-creadora-de-conocimiento\/"},{"@type":"ListItem","position":3,"name":"G\u00f6ttingen &#8211; descubrir de forma sostenible"}]},{"@type":"WebSite","@id":"https:\/\/9staedte.de\/es\/#website","url":"https:\/\/9staedte.de\/es\/","name":"9 St\u00e4dte in Niedersachsen","description":"","publisher":{"@id":"https:\/\/9staedte.de\/es\/#organization"},"potentialAction":[{"@type":"SearchAction","target":{"@type":"EntryPoint","urlTemplate":"https:\/\/9staedte.de\/es\/?s={search_term_string}"},"query-input":{"@type":"PropertyValueSpecification","valueRequired":true,"valueName":"search_term_string"}}],"inLanguage":"es"},{"@type":"Organization","@id":"https:\/\/9staedte.de\/es\/#organization","name":"9 St\u00e4dte in Niedersachsen","url":"https:\/\/9staedte.de\/es\/","logo":{"@type":"ImageObject","inLanguage":"es","@id":"https:\/\/9staedte.de\/es\/#\/schema\/logo\/image\/","url":"https:\/\/9staedte.de\/wp-content\/uploads\/2025\/01\/9-neg-deutsch-2-1.png","contentUrl":"https:\/\/9staedte.de\/wp-content\/uploads\/2025\/01\/9-neg-deutsch-2-1.png","width":190,"height":114,"caption":"9 St\u00e4dte in Niedersachsen"},"image":{"@id":"https:\/\/9staedte.de\/es\/#\/schema\/logo\/image\/"}}]}},"_links":{"self":[{"href":"https:\/\/9staedte.de\/es\/wp-json\/wp\/v2\/pages\/17409","targetHints":{"allow":["GET"]}}],"collection":[{"href":"https:\/\/9staedte.de\/es\/wp-json\/wp\/v2\/pages"}],"about":[{"href":"https:\/\/9staedte.de\/es\/wp-json\/wp\/v2\/types\/page"}],"author":[{"embeddable":true,"href":"https:\/\/9staedte.de\/es\/wp-json\/wp\/v2\/users\/1"}],"replies":[{"embeddable":true,"href":"https:\/\/9staedte.de\/es\/wp-json\/wp\/v2\/comments?post=17409"}],"version-history":[{"count":6,"href":"https:\/\/9staedte.de\/es\/wp-json\/wp\/v2\/pages\/17409\/revisions"}],"predecessor-version":[{"id":25876,"href":"https:\/\/9staedte.de\/es\/wp-json\/wp\/v2\/pages\/17409\/revisions\/25876"}],"up":[{"embeddable":true,"href":"https:\/\/9staedte.de\/es\/wp-json\/wp\/v2\/pages\/18032"}],"wp:featuredmedia":[{"embeddable":true,"href":"https:\/\/9staedte.de\/es\/wp-json\/wp\/v2\/media\/17422"}],"wp:attachment":[{"href":"https:\/\/9staedte.de\/es\/wp-json\/wp\/v2\/media?parent=17409"}],"wp:term":[{"taxonomy":"category","embeddable":true,"href":"https:\/\/9staedte.de\/es\/wp-json\/wp\/v2\/categories?post=17409"},{"taxonomy":"post_tag","embeddable":true,"href":"https:\/\/9staedte.de\/es\/wp-json\/wp\/v2\/tags?post=17409"},{"taxonomy":"ncap_cities_tax","embeddable":true,"href":"https:\/\/9staedte.de\/es\/wp-json\/wp\/v2\/ncap_cities_tax?post=17409"}],"curies":[{"name":"wp","href":"https:\/\/api.w.org\/{rel}","templated":true}]}}