{"id":17407,"date":"2023-11-02T09:48:31","date_gmt":"2023-11-02T08:48:31","guid":{"rendered":"https:\/\/9staedte.de\/visitas-por-la-ciudad-de-gotinga\/"},"modified":"2025-07-22T11:52:56","modified_gmt":"2025-07-22T09:52:56","slug":"visitas-por-la-ciudad-de-gotinga","status":"publish","type":"page","link":"https:\/\/9staedte.de\/es\/gottingen-ciudad-creadora-de-conocimiento\/visitas-por-la-ciudad-de-gotinga\/","title":{"rendered":"Visitas por la ciudad de Gotinga"},"content":{"rendered":"\r\n\r\n    <div class=\"filter-posts\">\r\n            <div  id=\"filterContent\">\r\n                                                        \n<div class=\"contentKachel filtr-item\" data-category=\"goettingen-es\">\n    <a href=\"https:\/\/9staedte.de\/es\/tras-la-pista-de-los-hermanos-grimm-en-gotinga\/\">\n        <div class=\"contentKachel-inner\">\n                            <div class=\"contentKachel-thumbnail\">\n                    <img loading=\"lazy\" decoding=\"async\" width=\"300\" height=\"169\" src=\"https:\/\/9staedte.de\/wp-content\/smush-webp\/2022\/03\/Goettingen-Impressionen-Altes_Rathaus_Abendstimmung-300x169.jpg.webp\" class=\"objectfitcover withfilters wp-post-image\" alt=\"La imagen muestra la plaza del mercado de G\u00f6ttingen al anochecer. A la izquierda est\u00e1 el antiguo ayuntamiento. En el centro hay una fuente con una estatua. Las casas con entramado de madera est\u00e1n bellamente iluminadas. El cielo es azul-p\u00farpura. El ambiente es tranquilo y pac\u00edfico.\" srcset=\"https:\/\/9staedte.de\/wp-content\/smush-webp\/2022\/03\/Goettingen-Impressionen-Altes_Rathaus_Abendstimmung-300x169.jpg.webp 300w, https:\/\/9staedte.de\/wp-content\/smush-webp\/2022\/03\/Goettingen-Impressionen-Altes_Rathaus_Abendstimmung-1024x575.jpg.webp 1024w, https:\/\/9staedte.de\/wp-content\/smush-webp\/2022\/03\/Goettingen-Impressionen-Altes_Rathaus_Abendstimmung-768x431.jpg.webp 768w, https:\/\/9staedte.de\/wp-content\/smush-webp\/2022\/03\/Goettingen-Impressionen-Altes_Rathaus_Abendstimmung.jpg.webp 1200w\" sizes=\"auto, (max-width: 300px) 100vw, 300px\" \/>                    <img loading=\"lazy\" decoding=\"async\" width=\"300\" height=\"169\" src=\"https:\/\/9staedte.de\/wp-content\/smush-webp\/2022\/03\/Goettingen-Impressionen-Altes_Rathaus_Abendstimmung-300x169.jpg.webp\" class=\"objectfitcontain wp-post-image\" alt=\"La imagen muestra la plaza del mercado de G\u00f6ttingen al anochecer. A la izquierda est\u00e1 el antiguo ayuntamiento. En el centro hay una fuente con una estatua. Las casas con entramado de madera est\u00e1n bellamente iluminadas. El cielo es azul-p\u00farpura. El ambiente es tranquilo y pac\u00edfico.\" srcset=\"https:\/\/9staedte.de\/wp-content\/smush-webp\/2022\/03\/Goettingen-Impressionen-Altes_Rathaus_Abendstimmung-300x169.jpg.webp 300w, https:\/\/9staedte.de\/wp-content\/smush-webp\/2022\/03\/Goettingen-Impressionen-Altes_Rathaus_Abendstimmung-1024x575.jpg.webp 1024w, https:\/\/9staedte.de\/wp-content\/smush-webp\/2022\/03\/Goettingen-Impressionen-Altes_Rathaus_Abendstimmung-768x431.jpg.webp 768w, https:\/\/9staedte.de\/wp-content\/smush-webp\/2022\/03\/Goettingen-Impressionen-Altes_Rathaus_Abendstimmung.jpg.webp 1200w\" sizes=\"auto, (max-width: 300px) 100vw, 300px\" \/>                        <div class=\"thumbnail-label\">\n    <span>Goettingen-Impressionen-Altes_Rathaus_Abendstimmung<\/span>\n    <\/div>\n                <\/div>\n                        <div class=\"contentKachel-content\">\n                                    <div class=\"city-tag bg-goettingen\">\n                        G\u00f6ttingen                    <\/div>\n                \n                <div class=\"title\">\n\n                    Tras la pista de los hermanos Grimm en Gotinga                    \n                <\/div>\n\n                            <\/div>\n\n        <\/div>\n    <\/a>\n<\/div>                                                        \n<div class=\"contentKachel filtr-item\" data-category=\"goettingen-es\">\n    <a href=\"https:\/\/9staedte.de\/es\/en-torno-al-ganseliesel\/\">\n        <div class=\"contentKachel-inner\">\n                            <div class=\"contentKachel-thumbnail\">\n                    <img loading=\"lazy\" decoding=\"async\" width=\"300\" height=\"164\" src=\"https:\/\/9staedte.de\/wp-content\/smush-webp\/2022\/06\/Goettingen-Doktor-Kuss-300x164.jpg.webp\" class=\"objectfitcover withfilters wp-post-image\" alt=\"Un hombre joven lleva un sombrero de graduaci\u00f3n negro. \u00c9l besa una estatua de bronce. La estatua sostiene un ramo de flores de colores. El hombre parece feliz.\" srcset=\"https:\/\/9staedte.de\/wp-content\/smush-webp\/2022\/06\/Goettingen-Doktor-Kuss-300x164.jpg.webp 300w, https:\/\/9staedte.de\/wp-content\/smush-webp\/2022\/06\/Goettingen-Doktor-Kuss-768x420.jpg.webp 768w, https:\/\/9staedte.de\/wp-content\/smush-webp\/2022\/06\/Goettingen-Doktor-Kuss.jpg.webp 1020w\" sizes=\"auto, (max-width: 300px) 100vw, 300px\" \/>                    <img loading=\"lazy\" decoding=\"async\" width=\"300\" height=\"164\" src=\"https:\/\/9staedte.de\/wp-content\/smush-webp\/2022\/06\/Goettingen-Doktor-Kuss-300x164.jpg.webp\" class=\"objectfitcontain wp-post-image\" alt=\"Un hombre joven lleva un sombrero de graduaci\u00f3n negro. \u00c9l besa una estatua de bronce. La estatua sostiene un ramo de flores de colores. El hombre parece feliz.\" srcset=\"https:\/\/9staedte.de\/wp-content\/smush-webp\/2022\/06\/Goettingen-Doktor-Kuss-300x164.jpg.webp 300w, https:\/\/9staedte.de\/wp-content\/smush-webp\/2022\/06\/Goettingen-Doktor-Kuss-768x420.jpg.webp 768w, https:\/\/9staedte.de\/wp-content\/smush-webp\/2022\/06\/Goettingen-Doktor-Kuss.jpg.webp 1020w\" sizes=\"auto, (max-width: 300px) 100vw, 300px\" \/>                        <div class=\"thumbnail-label\">\n    <span>G\u00f6ttingen Doktor Kuss c) G\u00f6ttingen Marketing GmbH<\/span>\n    <\/div>\n                <\/div>\n                        <div class=\"contentKachel-content\">\n                                    <div class=\"city-tag bg-goettingen\">\n                        G\u00f6ttingen                    <\/div>\n                \n                <div class=\"title\">\n\n                    En torno al G\u00e4nseliesel                    \n                <\/div>\n\n                            <\/div>\n\n        <\/div>\n    <\/a>\n<\/div>                                                        \n<div class=\"contentKachel filtr-item\" data-category=\"goettingen-es\">\n    <a href=\"https:\/\/9staedte.de\/es\/casas-con-entramado-de-madera-de-gotinga\/\">\n        <div class=\"contentKachel-inner\">\n                            <div class=\"contentKachel-thumbnail\">\n                    <img loading=\"lazy\" decoding=\"async\" width=\"300\" height=\"165\" src=\"https:\/\/9staedte.de\/wp-content\/smush-webp\/2022\/06\/Goettingen-Fachwerk-c-Goettingen-Tourismus-und-Marketing-GmbH-Christoph-Mischke-300x165.jpg.webp\" class=\"objectfitcover withfilters wp-post-image\" alt=\"La imagen muestra hermosas casas con entramado de madera en G\u00f6ttingen. Las casas son antiguas y tienen vigas de madera de colores. Algunas ventanas est\u00e1n abiertas. Al fondo, se ve una torre de iglesia con un reloj. El cielo es azul. Es un d\u00eda tranquilo y soleado en el casco antiguo.\" srcset=\"https:\/\/9staedte.de\/wp-content\/smush-webp\/2022\/06\/Goettingen-Fachwerk-c-Goettingen-Tourismus-und-Marketing-GmbH-Christoph-Mischke-300x165.jpg.webp 300w, https:\/\/9staedte.de\/wp-content\/smush-webp\/2022\/06\/Goettingen-Fachwerk-c-Goettingen-Tourismus-und-Marketing-GmbH-Christoph-Mischke-768x422.jpg.webp 768w, https:\/\/9staedte.de\/wp-content\/smush-webp\/2022\/06\/Goettingen-Fachwerk-c-Goettingen-Tourismus-und-Marketing-GmbH-Christoph-Mischke.jpg.webp 1020w\" sizes=\"auto, (max-width: 300px) 100vw, 300px\" \/>                    <img loading=\"lazy\" decoding=\"async\" width=\"300\" height=\"165\" src=\"https:\/\/9staedte.de\/wp-content\/smush-webp\/2022\/06\/Goettingen-Fachwerk-c-Goettingen-Tourismus-und-Marketing-GmbH-Christoph-Mischke-300x165.jpg.webp\" class=\"objectfitcontain wp-post-image\" alt=\"La imagen muestra hermosas casas con entramado de madera en G\u00f6ttingen. Las casas son antiguas y tienen vigas de madera de colores. Algunas ventanas est\u00e1n abiertas. Al fondo, se ve una torre de iglesia con un reloj. El cielo es azul. Es un d\u00eda tranquilo y soleado en el casco antiguo.\" srcset=\"https:\/\/9staedte.de\/wp-content\/smush-webp\/2022\/06\/Goettingen-Fachwerk-c-Goettingen-Tourismus-und-Marketing-GmbH-Christoph-Mischke-300x165.jpg.webp 300w, https:\/\/9staedte.de\/wp-content\/smush-webp\/2022\/06\/Goettingen-Fachwerk-c-Goettingen-Tourismus-und-Marketing-GmbH-Christoph-Mischke-768x422.jpg.webp 768w, https:\/\/9staedte.de\/wp-content\/smush-webp\/2022\/06\/Goettingen-Fachwerk-c-Goettingen-Tourismus-und-Marketing-GmbH-Christoph-Mischke.jpg.webp 1020w\" sizes=\"auto, (max-width: 300px) 100vw, 300px\" \/>                        <div class=\"thumbnail-label\">\n    <span>G\u00f6ttingen Fachwerk c) G\u00f6ttingen Tourismus und Marketing GmbH Christoph Mischke<\/span>\n    <\/div>\n                <\/div>\n                        <div class=\"contentKachel-content\">\n                                    <div class=\"city-tag bg-goettingen\">\n                        G\u00f6ttingen                    <\/div>\n                \n                <div class=\"title\">\n\n                    Casas con entramado de madera de Gotinga                    \n                <\/div>\n\n                            <\/div>\n\n        <\/div>\n    <\/a>\n<\/div>                                                        \n<div class=\"contentKachel filtr-item\" data-category=\"\">\n    <a href=\"https:\/\/9staedte.de\/es\/stadtfuehrungen-zum-graffiti-walk\/graffiti-walk-2025-foto-622-c-goettingen-marketing-gmbh-2\/\">\n        <div class=\"contentKachel-inner\">\n                            <div class=\"contentKachel-thumbnail\">\n                    <img decoding=\"async\" src=\"\/wp-content\/themes\/nine-cities\/site\/img\/Placeholder.png\" alt=\"Placeholder\">\n                <\/div>\n                        <div class=\"contentKachel-content\">\n                \n                <div class=\"title\">\n\n                    Graffiti-Walk 2025 &#8211; Foto 622 &#8211; (c) G\u00f6ttingen Marketing GmbH                    \n                <\/div>\n\n                                    <div class=\"excerpt\">\n                        <p>G\u00f6ttingen Graffiti-Walk 2025 &#8211; Foto 622 &#8211; (c) G\u00f6ttingen Marketing GmbH<\/p>\n                    <\/div>\n                            <\/div>\n\n        <\/div>\n    <\/a>\n<\/div>                                            <\/div>\r\n    <\/div>\r\n","protected":false},"excerpt":{"rendered":"","protected":false},"author":1,"featured_media":17415,"parent":18032,"menu_order":0,"comment_status":"closed","ping_status":"closed","template":"pagetemplates\/template-stadtthema.php","meta":{"_acf_changed":false,"footnotes":""},"categories":[],"tags":[],"ncap_cities_tax":[437,1215],"class_list":["post-17407","page","type-page","status-publish","has-post-thumbnail","hentry","ncap_cities_tax-goettingen-es","ncap_cities_tax-stadtfuhrungen-goettingen-es"],"acf":[],"yoast_head":"<!-- This site is optimized with the Yoast SEO plugin v27.4 - https:\/\/yoast.com\/product\/yoast-seo-wordpress\/ -->\n<title>Visitas por la ciudad de Gotinga - 9 St\u00e4dte in Niedersachsen<\/title>\n<meta name=\"robots\" content=\"index, follow, max-snippet:-1, max-image-preview:large, max-video-preview:-1\" \/>\n<link rel=\"canonical\" href=\"https:\/\/9staedte.de\/es\/gottingen-ciudad-creadora-de-conocimiento\/visitas-por-la-ciudad-de-gotinga\/\" \/>\n<meta property=\"og:locale\" content=\"es_ES\" \/>\n<meta property=\"og:type\" content=\"article\" \/>\n<meta property=\"og:title\" content=\"Visitas por la ciudad de Gotinga - 9 St\u00e4dte in Niedersachsen\" \/>\n<meta property=\"og:url\" content=\"https:\/\/9staedte.de\/es\/gottingen-ciudad-creadora-de-conocimiento\/visitas-por-la-ciudad-de-gotinga\/\" \/>\n<meta property=\"og:site_name\" content=\"9 St\u00e4dte in Niedersachsen\" \/>\n<meta property=\"article:modified_time\" content=\"2025-07-22T09:52:56+00:00\" \/>\n<meta property=\"og:image\" content=\"https:\/\/9staedte.de\/wp-content\/uploads\/2023\/02\/Goettingen-Paulinerstrasse-c-Lars-Gerhardts.jpg\" \/>\n\t<meta property=\"og:image:width\" content=\"1020\" \/>\n\t<meta property=\"og:image:height\" content=\"560\" \/>\n\t<meta property=\"og:image:type\" content=\"image\/jpeg\" \/>\n<meta name=\"twitter:card\" content=\"summary_large_image\" \/>\n<meta name=\"twitter:label1\" content=\"Tiempo de lectura\" \/>\n\t<meta name=\"twitter:data1\" content=\"1 minuto\" \/>\n<script type=\"application\/ld+json\" class=\"yoast-schema-graph\">{\"@context\":\"https:\\\/\\\/schema.org\",\"@graph\":[{\"@type\":\"WebPage\",\"@id\":\"https:\\\/\\\/9staedte.de\\\/es\\\/gottingen-ciudad-creadora-de-conocimiento\\\/visitas-por-la-ciudad-de-gotinga\\\/\",\"url\":\"https:\\\/\\\/9staedte.de\\\/es\\\/gottingen-ciudad-creadora-de-conocimiento\\\/visitas-por-la-ciudad-de-gotinga\\\/\",\"name\":\"Visitas por la ciudad de Gotinga - 9 St\u00e4dte in Niedersachsen\",\"isPartOf\":{\"@id\":\"https:\\\/\\\/9staedte.de\\\/es\\\/#website\"},\"primaryImageOfPage\":{\"@id\":\"https:\\\/\\\/9staedte.de\\\/es\\\/gottingen-ciudad-creadora-de-conocimiento\\\/visitas-por-la-ciudad-de-gotinga\\\/#primaryimage\"},\"image\":{\"@id\":\"https:\\\/\\\/9staedte.de\\\/es\\\/gottingen-ciudad-creadora-de-conocimiento\\\/visitas-por-la-ciudad-de-gotinga\\\/#primaryimage\"},\"thumbnailUrl\":\"https:\\\/\\\/9staedte.de\\\/wp-content\\\/uploads\\\/2023\\\/02\\\/Goettingen-Paulinerstrasse-c-Lars-Gerhardts.jpg\",\"datePublished\":\"2023-11-02T08:48:31+00:00\",\"dateModified\":\"2025-07-22T09:52:56+00:00\",\"breadcrumb\":{\"@id\":\"https:\\\/\\\/9staedte.de\\\/es\\\/gottingen-ciudad-creadora-de-conocimiento\\\/visitas-por-la-ciudad-de-gotinga\\\/#breadcrumb\"},\"inLanguage\":\"es\",\"potentialAction\":[{\"@type\":\"ReadAction\",\"target\":[\"https:\\\/\\\/9staedte.de\\\/es\\\/gottingen-ciudad-creadora-de-conocimiento\\\/visitas-por-la-ciudad-de-gotinga\\\/\"]}]},{\"@type\":\"ImageObject\",\"inLanguage\":\"es\",\"@id\":\"https:\\\/\\\/9staedte.de\\\/es\\\/gottingen-ciudad-creadora-de-conocimiento\\\/visitas-por-la-ciudad-de-gotinga\\\/#primaryimage\",\"url\":\"https:\\\/\\\/9staedte.de\\\/wp-content\\\/uploads\\\/2023\\\/02\\\/Goettingen-Paulinerstrasse-c-Lars-Gerhardts.jpg\",\"contentUrl\":\"https:\\\/\\\/9staedte.de\\\/wp-content\\\/uploads\\\/2023\\\/02\\\/Goettingen-Paulinerstrasse-c-Lars-Gerhardts.jpg\",\"width\":1020,\"height\":560,\"caption\":\"G\u00f6ttingen Paulinerstra\u00dfe c) Lars Gerhardts\"},{\"@type\":\"BreadcrumbList\",\"@id\":\"https:\\\/\\\/9staedte.de\\\/es\\\/gottingen-ciudad-creadora-de-conocimiento\\\/visitas-por-la-ciudad-de-gotinga\\\/#breadcrumb\",\"itemListElement\":[{\"@type\":\"ListItem\",\"position\":1,\"name\":\"Startseite\",\"item\":\"https:\\\/\\\/9staedte.de\\\/es\\\/\"},{\"@type\":\"ListItem\",\"position\":2,\"name\":\"G\u00f6ttingen &#8211; Ciudad creadora de conocimiento\",\"item\":\"https:\\\/\\\/9staedte.de\\\/es\\\/gottingen-ciudad-creadora-de-conocimiento\\\/\"},{\"@type\":\"ListItem\",\"position\":3,\"name\":\"Visitas por la ciudad de Gotinga\"}]},{\"@type\":\"WebSite\",\"@id\":\"https:\\\/\\\/9staedte.de\\\/es\\\/#website\",\"url\":\"https:\\\/\\\/9staedte.de\\\/es\\\/\",\"name\":\"9 St\u00e4dte in Niedersachsen\",\"description\":\"\",\"publisher\":{\"@id\":\"https:\\\/\\\/9staedte.de\\\/es\\\/#organization\"},\"potentialAction\":[{\"@type\":\"SearchAction\",\"target\":{\"@type\":\"EntryPoint\",\"urlTemplate\":\"https:\\\/\\\/9staedte.de\\\/es\\\/?s={search_term_string}\"},\"query-input\":{\"@type\":\"PropertyValueSpecification\",\"valueRequired\":true,\"valueName\":\"search_term_string\"}}],\"inLanguage\":\"es\"},{\"@type\":\"Organization\",\"@id\":\"https:\\\/\\\/9staedte.de\\\/es\\\/#organization\",\"name\":\"9 St\u00e4dte in Niedersachsen\",\"url\":\"https:\\\/\\\/9staedte.de\\\/es\\\/\",\"logo\":{\"@type\":\"ImageObject\",\"inLanguage\":\"es\",\"@id\":\"https:\\\/\\\/9staedte.de\\\/es\\\/#\\\/schema\\\/logo\\\/image\\\/\",\"url\":\"https:\\\/\\\/9staedte.de\\\/wp-content\\\/uploads\\\/2025\\\/01\\\/9-neg-deutsch-2-1.png\",\"contentUrl\":\"https:\\\/\\\/9staedte.de\\\/wp-content\\\/uploads\\\/2025\\\/01\\\/9-neg-deutsch-2-1.png\",\"width\":190,\"height\":114,\"caption\":\"9 St\u00e4dte in Niedersachsen\"},\"image\":{\"@id\":\"https:\\\/\\\/9staedte.de\\\/es\\\/#\\\/schema\\\/logo\\\/image\\\/\"}}]}<\/script>\n<!-- \/ Yoast SEO plugin. -->","yoast_head_json":{"title":"Visitas por la ciudad de Gotinga - 9 St\u00e4dte in Niedersachsen","robots":{"index":"index","follow":"follow","max-snippet":"max-snippet:-1","max-image-preview":"max-image-preview:large","max-video-preview":"max-video-preview:-1"},"canonical":"https:\/\/9staedte.de\/es\/gottingen-ciudad-creadora-de-conocimiento\/visitas-por-la-ciudad-de-gotinga\/","og_locale":"es_ES","og_type":"article","og_title":"Visitas por la ciudad de Gotinga - 9 St\u00e4dte in Niedersachsen","og_url":"https:\/\/9staedte.de\/es\/gottingen-ciudad-creadora-de-conocimiento\/visitas-por-la-ciudad-de-gotinga\/","og_site_name":"9 St\u00e4dte in Niedersachsen","article_modified_time":"2025-07-22T09:52:56+00:00","og_image":[{"width":1020,"height":560,"url":"https:\/\/9staedte.de\/wp-content\/uploads\/2023\/02\/Goettingen-Paulinerstrasse-c-Lars-Gerhardts.jpg","type":"image\/jpeg"}],"twitter_card":"summary_large_image","twitter_misc":{"Tiempo de lectura":"1 minuto"},"schema":{"@context":"https:\/\/schema.org","@graph":[{"@type":"WebPage","@id":"https:\/\/9staedte.de\/es\/gottingen-ciudad-creadora-de-conocimiento\/visitas-por-la-ciudad-de-gotinga\/","url":"https:\/\/9staedte.de\/es\/gottingen-ciudad-creadora-de-conocimiento\/visitas-por-la-ciudad-de-gotinga\/","name":"Visitas por la ciudad de Gotinga - 9 St\u00e4dte in Niedersachsen","isPartOf":{"@id":"https:\/\/9staedte.de\/es\/#website"},"primaryImageOfPage":{"@id":"https:\/\/9staedte.de\/es\/gottingen-ciudad-creadora-de-conocimiento\/visitas-por-la-ciudad-de-gotinga\/#primaryimage"},"image":{"@id":"https:\/\/9staedte.de\/es\/gottingen-ciudad-creadora-de-conocimiento\/visitas-por-la-ciudad-de-gotinga\/#primaryimage"},"thumbnailUrl":"https:\/\/9staedte.de\/wp-content\/uploads\/2023\/02\/Goettingen-Paulinerstrasse-c-Lars-Gerhardts.jpg","datePublished":"2023-11-02T08:48:31+00:00","dateModified":"2025-07-22T09:52:56+00:00","breadcrumb":{"@id":"https:\/\/9staedte.de\/es\/gottingen-ciudad-creadora-de-conocimiento\/visitas-por-la-ciudad-de-gotinga\/#breadcrumb"},"inLanguage":"es","potentialAction":[{"@type":"ReadAction","target":["https:\/\/9staedte.de\/es\/gottingen-ciudad-creadora-de-conocimiento\/visitas-por-la-ciudad-de-gotinga\/"]}]},{"@type":"ImageObject","inLanguage":"es","@id":"https:\/\/9staedte.de\/es\/gottingen-ciudad-creadora-de-conocimiento\/visitas-por-la-ciudad-de-gotinga\/#primaryimage","url":"https:\/\/9staedte.de\/wp-content\/uploads\/2023\/02\/Goettingen-Paulinerstrasse-c-Lars-Gerhardts.jpg","contentUrl":"https:\/\/9staedte.de\/wp-content\/uploads\/2023\/02\/Goettingen-Paulinerstrasse-c-Lars-Gerhardts.jpg","width":1020,"height":560,"caption":"G\u00f6ttingen Paulinerstra\u00dfe c) Lars Gerhardts"},{"@type":"BreadcrumbList","@id":"https:\/\/9staedte.de\/es\/gottingen-ciudad-creadora-de-conocimiento\/visitas-por-la-ciudad-de-gotinga\/#breadcrumb","itemListElement":[{"@type":"ListItem","position":1,"name":"Startseite","item":"https:\/\/9staedte.de\/es\/"},{"@type":"ListItem","position":2,"name":"G\u00f6ttingen &#8211; Ciudad creadora de conocimiento","item":"https:\/\/9staedte.de\/es\/gottingen-ciudad-creadora-de-conocimiento\/"},{"@type":"ListItem","position":3,"name":"Visitas por la ciudad de Gotinga"}]},{"@type":"WebSite","@id":"https:\/\/9staedte.de\/es\/#website","url":"https:\/\/9staedte.de\/es\/","name":"9 St\u00e4dte in Niedersachsen","description":"","publisher":{"@id":"https:\/\/9staedte.de\/es\/#organization"},"potentialAction":[{"@type":"SearchAction","target":{"@type":"EntryPoint","urlTemplate":"https:\/\/9staedte.de\/es\/?s={search_term_string}"},"query-input":{"@type":"PropertyValueSpecification","valueRequired":true,"valueName":"search_term_string"}}],"inLanguage":"es"},{"@type":"Organization","@id":"https:\/\/9staedte.de\/es\/#organization","name":"9 St\u00e4dte in Niedersachsen","url":"https:\/\/9staedte.de\/es\/","logo":{"@type":"ImageObject","inLanguage":"es","@id":"https:\/\/9staedte.de\/es\/#\/schema\/logo\/image\/","url":"https:\/\/9staedte.de\/wp-content\/uploads\/2025\/01\/9-neg-deutsch-2-1.png","contentUrl":"https:\/\/9staedte.de\/wp-content\/uploads\/2025\/01\/9-neg-deutsch-2-1.png","width":190,"height":114,"caption":"9 St\u00e4dte in Niedersachsen"},"image":{"@id":"https:\/\/9staedte.de\/es\/#\/schema\/logo\/image\/"}}]}},"_links":{"self":[{"href":"https:\/\/9staedte.de\/es\/wp-json\/wp\/v2\/pages\/17407","targetHints":{"allow":["GET"]}}],"collection":[{"href":"https:\/\/9staedte.de\/es\/wp-json\/wp\/v2\/pages"}],"about":[{"href":"https:\/\/9staedte.de\/es\/wp-json\/wp\/v2\/types\/page"}],"author":[{"embeddable":true,"href":"https:\/\/9staedte.de\/es\/wp-json\/wp\/v2\/users\/1"}],"replies":[{"embeddable":true,"href":"https:\/\/9staedte.de\/es\/wp-json\/wp\/v2\/comments?post=17407"}],"version-history":[{"count":4,"href":"https:\/\/9staedte.de\/es\/wp-json\/wp\/v2\/pages\/17407\/revisions"}],"predecessor-version":[{"id":26705,"href":"https:\/\/9staedte.de\/es\/wp-json\/wp\/v2\/pages\/17407\/revisions\/26705"}],"up":[{"embeddable":true,"href":"https:\/\/9staedte.de\/es\/wp-json\/wp\/v2\/pages\/18032"}],"wp:featuredmedia":[{"embeddable":true,"href":"https:\/\/9staedte.de\/es\/wp-json\/wp\/v2\/media\/17415"}],"wp:attachment":[{"href":"https:\/\/9staedte.de\/es\/wp-json\/wp\/v2\/media?parent=17407"}],"wp:term":[{"taxonomy":"category","embeddable":true,"href":"https:\/\/9staedte.de\/es\/wp-json\/wp\/v2\/categories?post=17407"},{"taxonomy":"post_tag","embeddable":true,"href":"https:\/\/9staedte.de\/es\/wp-json\/wp\/v2\/tags?post=17407"},{"taxonomy":"ncap_cities_tax","embeddable":true,"href":"https:\/\/9staedte.de\/es\/wp-json\/wp\/v2\/ncap_cities_tax?post=17407"}],"curies":[{"name":"wp","href":"https:\/\/api.w.org\/{rel}","templated":true}]}}