{"id":17389,"date":"2023-11-02T09:48:30","date_gmt":"2023-11-02T08:48:30","guid":{"rendered":"https:\/\/9staedte.de\/visitas-guiadas-en-celle\/"},"modified":"2023-11-02T17:31:01","modified_gmt":"2023-11-02T16:31:01","slug":"visitas-guiadas-en-celle","status":"publish","type":"page","link":"https:\/\/9staedte.de\/es\/celle-encantadora-ciudad-residencial\/visitas-guiadas-en-celle\/","title":{"rendered":"Visitas guiadas en Celle"},"content":{"rendered":"\n<p>En las visitas a la ciudad y el castillo de Celle, conocer\u00e1 las historias locales y los lugares m\u00e1s bellos de la ciudad. Nuestros gu\u00edas, expertos y cualificados, le transmitir\u00e1n el encanto de una ciudad joven con un paisaje hist\u00f3rico, le hablar\u00e1n del pa\u00eds y sus gentes y le mostrar\u00e1n los recoletos callejones y patios de la ciudad.<\/p>\n\n\n\n<p><\/p>\n\n\n\n<p><\/p>\n\n\n\n<p><\/p>\n\n\n\r\n\r\n    <div class=\"filter-posts\">\r\n            <div  id=\"filterContent\">\r\n                                                        \n<div class=\"contentKachel filtr-item\" data-category=\"celle-es\">\n    <a href=\"https:\/\/9staedte.de\/es\/visitas-a-los-castillos-de-celle\/\">\n        <div class=\"contentKachel-inner\">\n                            <div class=\"contentKachel-thumbnail\">\n                    <img loading=\"lazy\" decoding=\"async\" width=\"300\" height=\"164\" src=\"https:\/\/9staedte.de\/wp-content\/smush-webp\/2022\/07\/Stadtfuehrung-in-Celle-vor-dem-Schloss-c-Celle-Tourismus-300x164.jpg.webp\" class=\"objectfitcover withfilters wp-post-image\" alt=\"La imagen muestra una visita guiada en Celle. Una mujer con pantalones blancos explica algo. Nueve adultos est\u00e1n frente a ella. El grupo est\u00e1 junto a un castillo. El castillo es blanco y tiene muchas ventanas. Al fondo se ven \u00e1rboles y un camino.\" srcset=\"https:\/\/9staedte.de\/wp-content\/smush-webp\/2022\/07\/Stadtfuehrung-in-Celle-vor-dem-Schloss-c-Celle-Tourismus-300x164.jpg.webp 300w, https:\/\/9staedte.de\/wp-content\/smush-webp\/2022\/07\/Stadtfuehrung-in-Celle-vor-dem-Schloss-c-Celle-Tourismus-768x421.jpg.webp 768w, https:\/\/9staedte.de\/wp-content\/smush-webp\/2022\/07\/Stadtfuehrung-in-Celle-vor-dem-Schloss-c-Celle-Tourismus.jpg.webp 1020w\" sizes=\"auto, (max-width: 300px) 100vw, 300px\" \/>                    <img loading=\"lazy\" decoding=\"async\" width=\"300\" height=\"164\" src=\"https:\/\/9staedte.de\/wp-content\/smush-webp\/2022\/07\/Stadtfuehrung-in-Celle-vor-dem-Schloss-c-Celle-Tourismus-300x164.jpg.webp\" class=\"objectfitcontain wp-post-image\" alt=\"La imagen muestra una visita guiada en Celle. Una mujer con pantalones blancos explica algo. Nueve adultos est\u00e1n frente a ella. El grupo est\u00e1 junto a un castillo. El castillo es blanco y tiene muchas ventanas. Al fondo se ven \u00e1rboles y un camino.\" srcset=\"https:\/\/9staedte.de\/wp-content\/smush-webp\/2022\/07\/Stadtfuehrung-in-Celle-vor-dem-Schloss-c-Celle-Tourismus-300x164.jpg.webp 300w, https:\/\/9staedte.de\/wp-content\/smush-webp\/2022\/07\/Stadtfuehrung-in-Celle-vor-dem-Schloss-c-Celle-Tourismus-768x421.jpg.webp 768w, https:\/\/9staedte.de\/wp-content\/smush-webp\/2022\/07\/Stadtfuehrung-in-Celle-vor-dem-Schloss-c-Celle-Tourismus.jpg.webp 1020w\" sizes=\"auto, (max-width: 300px) 100vw, 300px\" \/>                        <div class=\"thumbnail-label\">\n    <span>Stadtf\u00fchrung in Celle vor dem Schloss c) Celle Tourismus<\/span>\n    <\/div>\n                <\/div>\n                        <div class=\"contentKachel-content\">\n                                    <div class=\"city-tag bg-celle\">\n                        Celle                    <\/div>\n                \n                <div class=\"title\">\n\n                    Visitas a los castillos de Celle                    \n                <\/div>\n\n                            <\/div>\n\n        <\/div>\n    <\/a>\n<\/div>                                                        \n<div class=\"contentKachel filtr-item\" data-category=\"celle-es\">\n    <a href=\"https:\/\/9staedte.de\/es\/visitas-guiadas-en-celle\/\">\n        <div class=\"contentKachel-inner\">\n                            <div class=\"contentKachel-thumbnail\">\n                    <img loading=\"lazy\" decoding=\"async\" width=\"300\" height=\"165\" src=\"https:\/\/9staedte.de\/wp-content\/smush-webp\/2023\/01\/Museum-Gruppe_058-300x165.jpg.webp\" class=\"objectfitcover withfilters wp-post-image\" alt=\"La imagen muestra una visita guiada en Celle. Una mujer con un pa\u00f1uelo rojo explica algo. Ocho adultos est\u00e1n frente a ella. Todos sonr\u00eden o se r\u00eden. Al fondo se ven edificios modernos y antiguos. La visita tiene lugar al aire libre.\" srcset=\"https:\/\/9staedte.de\/wp-content\/smush-webp\/2023\/01\/Museum-Gruppe_058-300x165.jpg.webp 300w, https:\/\/9staedte.de\/wp-content\/smush-webp\/2023\/01\/Museum-Gruppe_058-768x422.jpg.webp 768w, https:\/\/9staedte.de\/wp-content\/smush-webp\/2023\/01\/Museum-Gruppe_058.jpg.webp 1019w\" sizes=\"auto, (max-width: 300px) 100vw, 300px\" \/>                    <img loading=\"lazy\" decoding=\"async\" width=\"300\" height=\"165\" src=\"https:\/\/9staedte.de\/wp-content\/smush-webp\/2023\/01\/Museum-Gruppe_058-300x165.jpg.webp\" class=\"objectfitcontain wp-post-image\" alt=\"La imagen muestra una visita guiada en Celle. Una mujer con un pa\u00f1uelo rojo explica algo. Ocho adultos est\u00e1n frente a ella. Todos sonr\u00eden o se r\u00eden. Al fondo se ven edificios modernos y antiguos. La visita tiene lugar al aire libre.\" srcset=\"https:\/\/9staedte.de\/wp-content\/smush-webp\/2023\/01\/Museum-Gruppe_058-300x165.jpg.webp 300w, https:\/\/9staedte.de\/wp-content\/smush-webp\/2023\/01\/Museum-Gruppe_058-768x422.jpg.webp 768w, https:\/\/9staedte.de\/wp-content\/smush-webp\/2023\/01\/Museum-Gruppe_058.jpg.webp 1019w\" sizes=\"auto, (max-width: 300px) 100vw, 300px\" \/>                        <div class=\"thumbnail-label\">\n    <span>Stadtf\u00fchrung in Celle c) Celle Tourismus<\/span>\n    <\/div>\n                <\/div>\n                        <div class=\"contentKachel-content\">\n                                    <div class=\"city-tag bg-celle\">\n                        Celle                    <\/div>\n                \n                <div class=\"title\">\n\n                    Visitas guiadas en Celle                    \n                <\/div>\n\n                            <\/div>\n\n        <\/div>\n    <\/a>\n<\/div>                                                        \n<div class=\"contentKachel filtr-item\" data-category=\"celle-es\">\n    <a href=\"https:\/\/9staedte.de\/es\/tras-la-pista-de-las-brujas-visita-guiada-a-la-ciudad-de-celle\/\">\n        <div class=\"contentKachel-inner\">\n                            <div class=\"contentKachel-thumbnail\">\n                    <img loading=\"lazy\" decoding=\"async\" width=\"300\" height=\"133\" src=\"https:\/\/9staedte.de\/wp-content\/smush-webp\/2022\/06\/Petronella-und-Begina-Hexenfuehrung-c-Celle-Tourismus-300x133.jpg.webp\" class=\"objectfitcover withfilters wp-post-image\" alt=\"La imagen muestra a dos mujeres frente al castillo de Celle. Las mujeres llevan ropa medieval. Una mujer lleva un vestido blanco con un cintur\u00f3n azul. La otra lleva un cors\u00e9 rojo y una blusa blanca. Ambas llevan una cesta en la mano. Al fondo se ve el castillo y un \u00e1rbol.\" srcset=\"https:\/\/9staedte.de\/wp-content\/smush-webp\/2022\/06\/Petronella-und-Begina-Hexenfuehrung-c-Celle-Tourismus-300x133.jpg.webp 300w, https:\/\/9staedte.de\/wp-content\/smush-webp\/2022\/06\/Petronella-und-Begina-Hexenfuehrung-c-Celle-Tourismus.jpg.webp 719w\" sizes=\"auto, (max-width: 300px) 100vw, 300px\" \/>                    <img loading=\"lazy\" decoding=\"async\" width=\"300\" height=\"133\" src=\"https:\/\/9staedte.de\/wp-content\/smush-webp\/2022\/06\/Petronella-und-Begina-Hexenfuehrung-c-Celle-Tourismus-300x133.jpg.webp\" class=\"objectfitcontain wp-post-image\" alt=\"La imagen muestra a dos mujeres frente al castillo de Celle. Las mujeres llevan ropa medieval. Una mujer lleva un vestido blanco con un cintur\u00f3n azul. La otra lleva un cors\u00e9 rojo y una blusa blanca. Ambas llevan una cesta en la mano. Al fondo se ve el castillo y un \u00e1rbol.\" srcset=\"https:\/\/9staedte.de\/wp-content\/smush-webp\/2022\/06\/Petronella-und-Begina-Hexenfuehrung-c-Celle-Tourismus-300x133.jpg.webp 300w, https:\/\/9staedte.de\/wp-content\/smush-webp\/2022\/06\/Petronella-und-Begina-Hexenfuehrung-c-Celle-Tourismus.jpg.webp 719w\" sizes=\"auto, (max-width: 300px) 100vw, 300px\" \/>                        <div class=\"thumbnail-label\">\n    <span>Petronella und Begina &#8211; Hexenf\u00fchrung<\/span>\n    <\/div>\n                <\/div>\n                        <div class=\"contentKachel-content\">\n                                    <div class=\"city-tag bg-celle\">\n                        Celle                    <\/div>\n                \n                <div class=\"title\">\n\n                    Tras la pista de las brujas &#8211; visita guiada a la ciudad de Celle                    \n                <\/div>\n\n                            <\/div>\n\n        <\/div>\n    <\/a>\n<\/div>                                                        \n<div class=\"contentKachel filtr-item\" data-category=\"celle-es\">\n    <a href=\"https:\/\/9staedte.de\/es\/arquitectura-bauhaus-las-huellas-de-otto-haesler-en-celle\/\">\n        <div class=\"contentKachel-inner\">\n                            <div class=\"contentKachel-thumbnail\">\n                    <img loading=\"lazy\" decoding=\"async\" width=\"300\" height=\"165\" src=\"https:\/\/9staedte.de\/wp-content\/smush-webp\/2022\/06\/Celle-Bauhaus-c-Stadt-Celle-300x165.jpg.webp\" class=\"objectfitcover withfilters wp-post-image\" alt=\"En la imagen hay casas de colores. Las casas son rojas, azules y blancas. Tienen una forma simple. Las ventanas son rectas. Es un ejemplo de Bauhaus. Las casas est\u00e1n en Celle.\" srcset=\"https:\/\/9staedte.de\/wp-content\/smush-webp\/2022\/06\/Celle-Bauhaus-c-Stadt-Celle-300x165.jpg.webp 300w, https:\/\/9staedte.de\/wp-content\/smush-webp\/2022\/06\/Celle-Bauhaus-c-Stadt-Celle-768x422.jpg.webp 768w, https:\/\/9staedte.de\/wp-content\/smush-webp\/2022\/06\/Celle-Bauhaus-c-Stadt-Celle.jpg.webp 1020w\" sizes=\"auto, (max-width: 300px) 100vw, 300px\" \/>                    <img loading=\"lazy\" decoding=\"async\" width=\"300\" height=\"165\" src=\"https:\/\/9staedte.de\/wp-content\/smush-webp\/2022\/06\/Celle-Bauhaus-c-Stadt-Celle-300x165.jpg.webp\" class=\"objectfitcontain wp-post-image\" alt=\"En la imagen hay casas de colores. Las casas son rojas, azules y blancas. Tienen una forma simple. Las ventanas son rectas. Es un ejemplo de Bauhaus. Las casas est\u00e1n en Celle.\" srcset=\"https:\/\/9staedte.de\/wp-content\/smush-webp\/2022\/06\/Celle-Bauhaus-c-Stadt-Celle-300x165.jpg.webp 300w, https:\/\/9staedte.de\/wp-content\/smush-webp\/2022\/06\/Celle-Bauhaus-c-Stadt-Celle-768x422.jpg.webp 768w, https:\/\/9staedte.de\/wp-content\/smush-webp\/2022\/06\/Celle-Bauhaus-c-Stadt-Celle.jpg.webp 1020w\" sizes=\"auto, (max-width: 300px) 100vw, 300px\" \/>                        <div class=\"thumbnail-label\">\n    <span>Bauhaus in Celle c) Stadt Celle<\/span>\n    <\/div>\n                <\/div>\n                        <div class=\"contentKachel-content\">\n                                    <div class=\"city-tag bg-celle\">\n                        Celle                    <\/div>\n                \n                <div class=\"title\">\n\n                    Arquitectura Bauhaus &#8211; las huellas de otto haesler en Celle                    \n                <\/div>\n\n                            <\/div>\n\n        <\/div>\n    <\/a>\n<\/div>                                            <\/div>\r\n    <\/div>\r\n","protected":false},"excerpt":{"rendered":"<p>En las visitas a la ciudad y el castillo de Celle, conocer\u00e1 las historias locales y los lugares m\u00e1s bellos de la ciudad. Nuestros gu\u00edas, expertos y cualificados, le transmitir\u00e1n el encanto de una ciudad joven con un paisaje hist\u00f3rico, le hablar\u00e1n del pa\u00eds y sus gentes y le mostrar\u00e1n los recoletos callejones y patios [&hellip;]<\/p>\n","protected":false},"author":1,"featured_media":17406,"parent":18083,"menu_order":0,"comment_status":"closed","ping_status":"closed","template":"pagetemplates\/template-stadtthema.php","meta":{"_acf_changed":false,"footnotes":""},"categories":[],"tags":[],"ncap_cities_tax":[431,1208],"class_list":["post-17389","page","type-page","status-publish","has-post-thumbnail","hentry","ncap_cities_tax-celle-es","ncap_cities_tax-stadtfuhrungen-celle-es"],"acf":[],"yoast_head":"<!-- This site is optimized with the Yoast SEO plugin v26.8 - https:\/\/yoast.com\/product\/yoast-seo-wordpress\/ -->\n<title>Visitas guiadas en Celle - 9 St\u00e4dte in Niedersachsen<\/title>\n<meta name=\"robots\" content=\"index, follow, max-snippet:-1, max-image-preview:large, max-video-preview:-1\" \/>\n<link rel=\"canonical\" href=\"https:\/\/9staedte.de\/es\/celle-encantadora-ciudad-residencial\/visitas-guiadas-en-celle\/\" \/>\n<meta property=\"og:locale\" content=\"es_ES\" \/>\n<meta property=\"og:type\" content=\"article\" \/>\n<meta property=\"og:title\" content=\"Visitas guiadas en Celle - 9 St\u00e4dte in Niedersachsen\" \/>\n<meta property=\"og:description\" content=\"En las visitas a la ciudad y el castillo de Celle, conocer\u00e1 las historias locales y los lugares m\u00e1s bellos de la ciudad. Nuestros gu\u00edas, expertos y cualificados, le transmitir\u00e1n el encanto de una ciudad joven con un paisaje hist\u00f3rico, le hablar\u00e1n del pa\u00eds y sus gentes y le mostrar\u00e1n los recoletos callejones y patios [&hellip;]\" \/>\n<meta property=\"og:url\" content=\"https:\/\/9staedte.de\/es\/celle-encantadora-ciudad-residencial\/visitas-guiadas-en-celle\/\" \/>\n<meta property=\"og:site_name\" content=\"9 St\u00e4dte in Niedersachsen\" \/>\n<meta property=\"article:modified_time\" content=\"2023-11-02T16:31:01+00:00\" \/>\n<meta property=\"og:image\" content=\"https:\/\/9staedte.de\/wp-content\/uploads\/2023\/01\/Rundgang-durch-Celle-c-Stadt-Celle.jpg\" \/>\n\t<meta property=\"og:image:width\" content=\"1020\" \/>\n\t<meta property=\"og:image:height\" content=\"560\" \/>\n\t<meta property=\"og:image:type\" content=\"image\/jpeg\" \/>\n<meta name=\"twitter:card\" content=\"summary_large_image\" \/>\n<meta name=\"twitter:label1\" content=\"Tiempo de lectura\" \/>\n\t<meta name=\"twitter:data1\" content=\"1 minuto\" \/>\n<script type=\"application\/ld+json\" class=\"yoast-schema-graph\">{\"@context\":\"https:\/\/schema.org\",\"@graph\":[{\"@type\":\"WebPage\",\"@id\":\"https:\/\/9staedte.de\/es\/celle-encantadora-ciudad-residencial\/visitas-guiadas-en-celle\/\",\"url\":\"https:\/\/9staedte.de\/es\/celle-encantadora-ciudad-residencial\/visitas-guiadas-en-celle\/\",\"name\":\"Visitas guiadas en Celle - 9 St\u00e4dte in Niedersachsen\",\"isPartOf\":{\"@id\":\"https:\/\/9staedte.de\/es\/#website\"},\"primaryImageOfPage\":{\"@id\":\"https:\/\/9staedte.de\/es\/celle-encantadora-ciudad-residencial\/visitas-guiadas-en-celle\/#primaryimage\"},\"image\":{\"@id\":\"https:\/\/9staedte.de\/es\/celle-encantadora-ciudad-residencial\/visitas-guiadas-en-celle\/#primaryimage\"},\"thumbnailUrl\":\"https:\/\/9staedte.de\/wp-content\/uploads\/2023\/01\/Rundgang-durch-Celle-c-Stadt-Celle.jpg\",\"datePublished\":\"2023-11-02T08:48:30+00:00\",\"dateModified\":\"2023-11-02T16:31:01+00:00\",\"breadcrumb\":{\"@id\":\"https:\/\/9staedte.de\/es\/celle-encantadora-ciudad-residencial\/visitas-guiadas-en-celle\/#breadcrumb\"},\"inLanguage\":\"es\",\"potentialAction\":[{\"@type\":\"ReadAction\",\"target\":[\"https:\/\/9staedte.de\/es\/celle-encantadora-ciudad-residencial\/visitas-guiadas-en-celle\/\"]}]},{\"@type\":\"ImageObject\",\"inLanguage\":\"es\",\"@id\":\"https:\/\/9staedte.de\/es\/celle-encantadora-ciudad-residencial\/visitas-guiadas-en-celle\/#primaryimage\",\"url\":\"https:\/\/9staedte.de\/wp-content\/uploads\/2023\/01\/Rundgang-durch-Celle-c-Stadt-Celle.jpg\",\"contentUrl\":\"https:\/\/9staedte.de\/wp-content\/uploads\/2023\/01\/Rundgang-durch-Celle-c-Stadt-Celle.jpg\",\"width\":1020,\"height\":560,\"caption\":\"Rundgang durch Celle c) Stadt Celle\"},{\"@type\":\"BreadcrumbList\",\"@id\":\"https:\/\/9staedte.de\/es\/celle-encantadora-ciudad-residencial\/visitas-guiadas-en-celle\/#breadcrumb\",\"itemListElement\":[{\"@type\":\"ListItem\",\"position\":1,\"name\":\"Startseite\",\"item\":\"https:\/\/9staedte.de\/es\/\"},{\"@type\":\"ListItem\",\"position\":2,\"name\":\"Celle &#8211; Encantadora ciudad residencial\",\"item\":\"https:\/\/9staedte.de\/es\/celle-encantadora-ciudad-residencial\/\"},{\"@type\":\"ListItem\",\"position\":3,\"name\":\"Visitas guiadas en Celle\"}]},{\"@type\":\"WebSite\",\"@id\":\"https:\/\/9staedte.de\/es\/#website\",\"url\":\"https:\/\/9staedte.de\/es\/\",\"name\":\"9 St\u00e4dte in Niedersachsen\",\"description\":\"\",\"publisher\":{\"@id\":\"https:\/\/9staedte.de\/es\/#organization\"},\"potentialAction\":[{\"@type\":\"SearchAction\",\"target\":{\"@type\":\"EntryPoint\",\"urlTemplate\":\"https:\/\/9staedte.de\/es\/?s={search_term_string}\"},\"query-input\":{\"@type\":\"PropertyValueSpecification\",\"valueRequired\":true,\"valueName\":\"search_term_string\"}}],\"inLanguage\":\"es\"},{\"@type\":\"Organization\",\"@id\":\"https:\/\/9staedte.de\/es\/#organization\",\"name\":\"9 St\u00e4dte in Niedersachsen\",\"url\":\"https:\/\/9staedte.de\/es\/\",\"logo\":{\"@type\":\"ImageObject\",\"inLanguage\":\"es\",\"@id\":\"https:\/\/9staedte.de\/es\/#\/schema\/logo\/image\/\",\"url\":\"https:\/\/9staedte.de\/wp-content\/uploads\/2025\/01\/9-neg-deutsch-2-1.png\",\"contentUrl\":\"https:\/\/9staedte.de\/wp-content\/uploads\/2025\/01\/9-neg-deutsch-2-1.png\",\"width\":190,\"height\":114,\"caption\":\"9 St\u00e4dte in Niedersachsen\"},\"image\":{\"@id\":\"https:\/\/9staedte.de\/es\/#\/schema\/logo\/image\/\"}}]}<\/script>\n<!-- \/ Yoast SEO plugin. -->","yoast_head_json":{"title":"Visitas guiadas en Celle - 9 St\u00e4dte in Niedersachsen","robots":{"index":"index","follow":"follow","max-snippet":"max-snippet:-1","max-image-preview":"max-image-preview:large","max-video-preview":"max-video-preview:-1"},"canonical":"https:\/\/9staedte.de\/es\/celle-encantadora-ciudad-residencial\/visitas-guiadas-en-celle\/","og_locale":"es_ES","og_type":"article","og_title":"Visitas guiadas en Celle - 9 St\u00e4dte in Niedersachsen","og_description":"En las visitas a la ciudad y el castillo de Celle, conocer\u00e1 las historias locales y los lugares m\u00e1s bellos de la ciudad. Nuestros gu\u00edas, expertos y cualificados, le transmitir\u00e1n el encanto de una ciudad joven con un paisaje hist\u00f3rico, le hablar\u00e1n del pa\u00eds y sus gentes y le mostrar\u00e1n los recoletos callejones y patios [&hellip;]","og_url":"https:\/\/9staedte.de\/es\/celle-encantadora-ciudad-residencial\/visitas-guiadas-en-celle\/","og_site_name":"9 St\u00e4dte in Niedersachsen","article_modified_time":"2023-11-02T16:31:01+00:00","og_image":[{"width":1020,"height":560,"url":"https:\/\/9staedte.de\/wp-content\/uploads\/2023\/01\/Rundgang-durch-Celle-c-Stadt-Celle.jpg","type":"image\/jpeg"}],"twitter_card":"summary_large_image","twitter_misc":{"Tiempo de lectura":"1 minuto"},"schema":{"@context":"https:\/\/schema.org","@graph":[{"@type":"WebPage","@id":"https:\/\/9staedte.de\/es\/celle-encantadora-ciudad-residencial\/visitas-guiadas-en-celle\/","url":"https:\/\/9staedte.de\/es\/celle-encantadora-ciudad-residencial\/visitas-guiadas-en-celle\/","name":"Visitas guiadas en Celle - 9 St\u00e4dte in Niedersachsen","isPartOf":{"@id":"https:\/\/9staedte.de\/es\/#website"},"primaryImageOfPage":{"@id":"https:\/\/9staedte.de\/es\/celle-encantadora-ciudad-residencial\/visitas-guiadas-en-celle\/#primaryimage"},"image":{"@id":"https:\/\/9staedte.de\/es\/celle-encantadora-ciudad-residencial\/visitas-guiadas-en-celle\/#primaryimage"},"thumbnailUrl":"https:\/\/9staedte.de\/wp-content\/uploads\/2023\/01\/Rundgang-durch-Celle-c-Stadt-Celle.jpg","datePublished":"2023-11-02T08:48:30+00:00","dateModified":"2023-11-02T16:31:01+00:00","breadcrumb":{"@id":"https:\/\/9staedte.de\/es\/celle-encantadora-ciudad-residencial\/visitas-guiadas-en-celle\/#breadcrumb"},"inLanguage":"es","potentialAction":[{"@type":"ReadAction","target":["https:\/\/9staedte.de\/es\/celle-encantadora-ciudad-residencial\/visitas-guiadas-en-celle\/"]}]},{"@type":"ImageObject","inLanguage":"es","@id":"https:\/\/9staedte.de\/es\/celle-encantadora-ciudad-residencial\/visitas-guiadas-en-celle\/#primaryimage","url":"https:\/\/9staedte.de\/wp-content\/uploads\/2023\/01\/Rundgang-durch-Celle-c-Stadt-Celle.jpg","contentUrl":"https:\/\/9staedte.de\/wp-content\/uploads\/2023\/01\/Rundgang-durch-Celle-c-Stadt-Celle.jpg","width":1020,"height":560,"caption":"Rundgang durch Celle c) Stadt Celle"},{"@type":"BreadcrumbList","@id":"https:\/\/9staedte.de\/es\/celle-encantadora-ciudad-residencial\/visitas-guiadas-en-celle\/#breadcrumb","itemListElement":[{"@type":"ListItem","position":1,"name":"Startseite","item":"https:\/\/9staedte.de\/es\/"},{"@type":"ListItem","position":2,"name":"Celle &#8211; Encantadora ciudad residencial","item":"https:\/\/9staedte.de\/es\/celle-encantadora-ciudad-residencial\/"},{"@type":"ListItem","position":3,"name":"Visitas guiadas en Celle"}]},{"@type":"WebSite","@id":"https:\/\/9staedte.de\/es\/#website","url":"https:\/\/9staedte.de\/es\/","name":"9 St\u00e4dte in Niedersachsen","description":"","publisher":{"@id":"https:\/\/9staedte.de\/es\/#organization"},"potentialAction":[{"@type":"SearchAction","target":{"@type":"EntryPoint","urlTemplate":"https:\/\/9staedte.de\/es\/?s={search_term_string}"},"query-input":{"@type":"PropertyValueSpecification","valueRequired":true,"valueName":"search_term_string"}}],"inLanguage":"es"},{"@type":"Organization","@id":"https:\/\/9staedte.de\/es\/#organization","name":"9 St\u00e4dte in Niedersachsen","url":"https:\/\/9staedte.de\/es\/","logo":{"@type":"ImageObject","inLanguage":"es","@id":"https:\/\/9staedte.de\/es\/#\/schema\/logo\/image\/","url":"https:\/\/9staedte.de\/wp-content\/uploads\/2025\/01\/9-neg-deutsch-2-1.png","contentUrl":"https:\/\/9staedte.de\/wp-content\/uploads\/2025\/01\/9-neg-deutsch-2-1.png","width":190,"height":114,"caption":"9 St\u00e4dte in Niedersachsen"},"image":{"@id":"https:\/\/9staedte.de\/es\/#\/schema\/logo\/image\/"}}]}},"_links":{"self":[{"href":"https:\/\/9staedte.de\/es\/wp-json\/wp\/v2\/pages\/17389","targetHints":{"allow":["GET"]}}],"collection":[{"href":"https:\/\/9staedte.de\/es\/wp-json\/wp\/v2\/pages"}],"about":[{"href":"https:\/\/9staedte.de\/es\/wp-json\/wp\/v2\/types\/page"}],"author":[{"embeddable":true,"href":"https:\/\/9staedte.de\/es\/wp-json\/wp\/v2\/users\/1"}],"replies":[{"embeddable":true,"href":"https:\/\/9staedte.de\/es\/wp-json\/wp\/v2\/comments?post=17389"}],"version-history":[{"count":1,"href":"https:\/\/9staedte.de\/es\/wp-json\/wp\/v2\/pages\/17389\/revisions"}],"predecessor-version":[{"id":19739,"href":"https:\/\/9staedte.de\/es\/wp-json\/wp\/v2\/pages\/17389\/revisions\/19739"}],"up":[{"embeddable":true,"href":"https:\/\/9staedte.de\/es\/wp-json\/wp\/v2\/pages\/18083"}],"wp:featuredmedia":[{"embeddable":true,"href":"https:\/\/9staedte.de\/es\/wp-json\/wp\/v2\/media\/17406"}],"wp:attachment":[{"href":"https:\/\/9staedte.de\/es\/wp-json\/wp\/v2\/media?parent=17389"}],"wp:term":[{"taxonomy":"category","embeddable":true,"href":"https:\/\/9staedte.de\/es\/wp-json\/wp\/v2\/categories?post=17389"},{"taxonomy":"post_tag","embeddable":true,"href":"https:\/\/9staedte.de\/es\/wp-json\/wp\/v2\/tags?post=17389"},{"taxonomy":"ncap_cities_tax","embeddable":true,"href":"https:\/\/9staedte.de\/es\/wp-json\/wp\/v2\/ncap_cities_tax?post=17389"}],"curies":[{"name":"wp","href":"https:\/\/api.w.org\/{rel}","templated":true}]}}